{"id":808,"date":"2023-05-08T17:07:04","date_gmt":"2023-05-08T17:07:04","guid":{"rendered":"http:\/\/booksfrommexico.com\/product\/simbolos-de-poder-en-mesoamerica\/"},"modified":"2024-11-19T22:06:04","modified_gmt":"2024-11-19T22:06:04","slug":"simbolos-de-poder-en-mesoamerica","status":"publish","type":"product","link":"https:\/\/booksfrommexico.com\/es\/producto\/simbolos-de-poder-en-mesoamerica\/","title":{"rendered":"S\u00edmbolos de poder en Mesoam\u00e9rica"},"content":{"rendered":"<p><span style=\"font-weight: 400;\">En este t\u00edtulo se re\u00fanen veintisiete investigaciones de especialistas en diversas disciplinas \u2013arqueolog\u00eda, antropolog\u00eda, historia, ling\u00fc\u00edstica\u2013 para reflexionar sobre el tema del poder en Mesoam\u00e9rica, en especial acerca de sus manifestaciones simb\u00f3licas. A lo largo de los cap\u00edtulos, el lector puede encontrar estudios que contemplan las \u00e9pocas cl\u00e1sica y poscl\u00e1sica, el periodo colonial y los siglos XIX y XX, yendo por espacios desde la frontera sur de Mesoam\u00e9rica hasta los estados actuales de Sonora y Sinaloa al norte. El eje de investigaci\u00f3n para estos textos fueron: conceptos, s\u00edmbolos y rituales del poder en Mesoam\u00e9rica, as\u00ed como las relaciones entre \u00e9ste y las personalidades que lo ostentaron.<\/span><\/p>\n","protected":false},"excerpt":{"rendered":"<p>S\u00cdMBOLOS DE PODER EN MESOAM\u00c9RICA<span style=\"font-weight: 400;\">. \/ Guilhem Olivier (coordinator). M\u00e9xico, D.F. : Universidad Nacional Aut\u00f3noma de M\u00e9xico , Instituto de Investigaciones Hist\u00f3ricas , Instituto de Investigaciones Antropol\u00f3gicas, 2008. 551 pages : includes tables, photos, illustrations, semblances, maps, bibliography at the end of each chapter ; 23 cm (Colecci\u00f3n Culturas Mesoamericanas). ISBN : 9789703244614.<\/span><\/p>\n","protected":false},"featured_media":807,"template":"","meta":{"_acf_changed":false,"inline_featured_image":false},"product_brand":[],"product_cat":[19,27],"product_tag":[4054,3657,4060,3586],"class_list":{"0":"post-808","1":"product","2":"type-product","3":"status-publish","4":"has-post-thumbnail","6":"product_cat-antropologia","7":"product_cat-historia","8":"product_tag-antropologia-es","9":"product_tag-historia","10":"product_tag-lenguas-indigenas-es","11":"product_tag-mesoamerica","13":"first","14":"instock","15":"taxable","16":"shipping-taxable","17":"purchasable","18":"product-type-simple"},"acf":[],"yoast_head":"<!-- This site is optimized with the Yoast SEO plugin v27.3 - https:\/\/yoast.com\/product\/yoast-seo-wordpress\/ -->\n<title>S\u00edmbolos de poder en Mesoam\u00e9rica<\/title>\n<meta name=\"description\" content=\"S\u00cdMBOLOS DE PODER EN MESOAM\u00c9RICA. \/ Guilhem Olivier (coordinator). M\u00e9xico, D.F. : UNAM , Instituto de Investigaciones. (Colecci\u00f3n Culturas Mesoamericanas).\" \/>\n<meta name=\"robots\" content=\"index, follow, max-snippet:-1, max-image-preview:large, max-video-preview:-1\" \/>\n<link rel=\"canonical\" href=\"https:\/\/booksfrommexico.com\/es\/producto\/simbolos-de-poder-en-mesoamerica\/\" \/>\n<meta property=\"og:locale\" content=\"es_ES\" \/>\n<meta property=\"og:type\" content=\"article\" \/>\n<meta property=\"og:title\" content=\"S\u00edmbolos de poder en Mesoam\u00e9rica\" \/>\n<meta property=\"og:description\" content=\"S\u00cdMBOLOS DE PODER EN MESOAM\u00c9RICA. \/ Guilhem Olivier (coordinator). M\u00e9xico, D.F. : UNAM , Instituto de Investigaciones. (Colecci\u00f3n Culturas Mesoamericanas).\" \/>\n<meta property=\"og:url\" content=\"https:\/\/booksfrommexico.com\/es\/producto\/simbolos-de-poder-en-mesoamerica\/\" \/>\n<meta property=\"og:site_name\" content=\"Books From Mexico\" \/>\n<meta property=\"article:modified_time\" content=\"2024-11-19T22:06:04+00:00\" \/>\n<meta property=\"og:image\" content=\"http:\/\/booksfrommexico.com\/app\/uploads\/2023\/05\/140896.jpeg\" \/>\n\t<meta property=\"og:image:width\" content=\"456\" \/>\n\t<meta property=\"og:image:height\" content=\"665\" \/>\n\t<meta property=\"og:image:type\" content=\"image\/jpeg\" \/>\n<meta name=\"twitter:card\" content=\"summary_large_image\" \/>\n<meta name=\"twitter:label1\" content=\"Tiempo de lectura\" \/>\n\t<meta name=\"twitter:data1\" content=\"1 minuto\" \/>\n<script type=\"application\/ld+json\" class=\"yoast-schema-graph\">{\"@context\":\"https:\\\/\\\/schema.org\",\"@graph\":[{\"@type\":\"WebPage\",\"@id\":\"https:\\\/\\\/booksfrommexico.com\\\/es\\\/producto\\\/simbolos-de-poder-en-mesoamerica\\\/\",\"url\":\"https:\\\/\\\/booksfrommexico.com\\\/es\\\/producto\\\/simbolos-de-poder-en-mesoamerica\\\/\",\"name\":\"S\u00edmbolos de poder en Mesoam\u00e9rica\",\"isPartOf\":{\"@id\":\"https:\\\/\\\/booksfrommexico.com\\\/#website\"},\"primaryImageOfPage\":{\"@id\":\"https:\\\/\\\/booksfrommexico.com\\\/es\\\/producto\\\/simbolos-de-poder-en-mesoamerica\\\/#primaryimage\"},\"image\":{\"@id\":\"https:\\\/\\\/booksfrommexico.com\\\/es\\\/producto\\\/simbolos-de-poder-en-mesoamerica\\\/#primaryimage\"},\"thumbnailUrl\":\"https:\\\/\\\/booksfrommexico.com\\\/app\\\/uploads\\\/2023\\\/05\\\/140896.jpeg\",\"datePublished\":\"2023-05-08T17:07:04+00:00\",\"dateModified\":\"2024-11-19T22:06:04+00:00\",\"description\":\"S\u00cdMBOLOS DE PODER EN MESOAM\u00c9RICA. \\\/ Guilhem Olivier (coordinator). M\u00e9xico, D.F. : UNAM , Instituto de Investigaciones. (Colecci\u00f3n Culturas Mesoamericanas).\",\"breadcrumb\":{\"@id\":\"https:\\\/\\\/booksfrommexico.com\\\/es\\\/producto\\\/simbolos-de-poder-en-mesoamerica\\\/#breadcrumb\"},\"inLanguage\":\"es\",\"potentialAction\":[{\"@type\":\"ReadAction\",\"target\":[\"https:\\\/\\\/booksfrommexico.com\\\/es\\\/producto\\\/simbolos-de-poder-en-mesoamerica\\\/\"]}]},{\"@type\":\"ImageObject\",\"inLanguage\":\"es\",\"@id\":\"https:\\\/\\\/booksfrommexico.com\\\/es\\\/producto\\\/simbolos-de-poder-en-mesoamerica\\\/#primaryimage\",\"url\":\"https:\\\/\\\/booksfrommexico.com\\\/app\\\/uploads\\\/2023\\\/05\\\/140896.jpeg\",\"contentUrl\":\"https:\\\/\\\/booksfrommexico.com\\\/app\\\/uploads\\\/2023\\\/05\\\/140896.jpeg\",\"width\":456,\"height\":665,\"caption\":\"S\u00edmbolos de poder en Mesoam\u00e9rica. Books From M\u00e9xico\"},{\"@type\":\"BreadcrumbList\",\"@id\":\"https:\\\/\\\/booksfrommexico.com\\\/es\\\/producto\\\/simbolos-de-poder-en-mesoamerica\\\/#breadcrumb\",\"itemListElement\":[{\"@type\":\"ListItem\",\"position\":1,\"name\":\"Home\",\"item\":\"https:\\\/\\\/booksfrommexico.com\\\/es\\\/\"},{\"@type\":\"ListItem\",\"position\":2,\"name\":\"Libros\",\"item\":\"https:\\\/\\\/booksfrommexico.com\\\/es\\\/libros\\\/\"},{\"@type\":\"ListItem\",\"position\":3,\"name\":\"S\u00edmbolos de poder en Mesoam\u00e9rica\"}]},{\"@type\":\"WebSite\",\"@id\":\"https:\\\/\\\/booksfrommexico.com\\\/#website\",\"url\":\"https:\\\/\\\/booksfrommexico.com\\\/\",\"name\":\"Books From Mexico\",\"description\":\"\",\"publisher\":{\"@id\":\"https:\\\/\\\/booksfrommexico.com\\\/#organization\"},\"potentialAction\":[{\"@type\":\"SearchAction\",\"target\":{\"@type\":\"EntryPoint\",\"urlTemplate\":\"https:\\\/\\\/booksfrommexico.com\\\/?s={search_term_string}\"},\"query-input\":{\"@type\":\"PropertyValueSpecification\",\"valueRequired\":true,\"valueName\":\"search_term_string\"}}],\"inLanguage\":\"es\"},{\"@type\":\"Organization\",\"@id\":\"https:\\\/\\\/booksfrommexico.com\\\/#organization\",\"name\":\"Books From Mexico\",\"url\":\"https:\\\/\\\/booksfrommexico.com\\\/\",\"logo\":{\"@type\":\"ImageObject\",\"inLanguage\":\"es\",\"@id\":\"https:\\\/\\\/booksfrommexico.com\\\/#\\\/schema\\\/logo\\\/image\\\/\",\"url\":\"https:\\\/\\\/booksfrommexico.com\\\/app\\\/uploads\\\/2023\\\/05\\\/logo-booksfrommexico.svg\",\"contentUrl\":\"https:\\\/\\\/booksfrommexico.com\\\/app\\\/uploads\\\/2023\\\/05\\\/logo-booksfrommexico.svg\",\"width\":86,\"height\":56,\"caption\":\"Books From Mexico\"},\"image\":{\"@id\":\"https:\\\/\\\/booksfrommexico.com\\\/#\\\/schema\\\/logo\\\/image\\\/\"}}]}<\/script>\n<!-- \/ Yoast SEO plugin. -->","yoast_head_json":{"title":"S\u00edmbolos de poder en Mesoam\u00e9rica","description":"S\u00cdMBOLOS DE PODER EN MESOAM\u00c9RICA. \/ Guilhem Olivier (coordinator). M\u00e9xico, D.F. : UNAM , Instituto de Investigaciones. (Colecci\u00f3n Culturas Mesoamericanas).","robots":{"index":"index","follow":"follow","max-snippet":"max-snippet:-1","max-image-preview":"max-image-preview:large","max-video-preview":"max-video-preview:-1"},"canonical":"https:\/\/booksfrommexico.com\/es\/producto\/simbolos-de-poder-en-mesoamerica\/","og_locale":"es_ES","og_type":"article","og_title":"S\u00edmbolos de poder en Mesoam\u00e9rica","og_description":"S\u00cdMBOLOS DE PODER EN MESOAM\u00c9RICA. \/ Guilhem Olivier (coordinator). M\u00e9xico, D.F. : UNAM , Instituto de Investigaciones. (Colecci\u00f3n Culturas Mesoamericanas).","og_url":"https:\/\/booksfrommexico.com\/es\/producto\/simbolos-de-poder-en-mesoamerica\/","og_site_name":"Books From Mexico","article_modified_time":"2024-11-19T22:06:04+00:00","og_image":[{"width":456,"height":665,"url":"http:\/\/booksfrommexico.com\/app\/uploads\/2023\/05\/140896.jpeg","type":"image\/jpeg"}],"twitter_card":"summary_large_image","twitter_misc":{"Tiempo de lectura":"1 minuto"},"schema":{"@context":"https:\/\/schema.org","@graph":[{"@type":"WebPage","@id":"https:\/\/booksfrommexico.com\/es\/producto\/simbolos-de-poder-en-mesoamerica\/","url":"https:\/\/booksfrommexico.com\/es\/producto\/simbolos-de-poder-en-mesoamerica\/","name":"S\u00edmbolos de poder en Mesoam\u00e9rica","isPartOf":{"@id":"https:\/\/booksfrommexico.com\/#website"},"primaryImageOfPage":{"@id":"https:\/\/booksfrommexico.com\/es\/producto\/simbolos-de-poder-en-mesoamerica\/#primaryimage"},"image":{"@id":"https:\/\/booksfrommexico.com\/es\/producto\/simbolos-de-poder-en-mesoamerica\/#primaryimage"},"thumbnailUrl":"https:\/\/booksfrommexico.com\/app\/uploads\/2023\/05\/140896.jpeg","datePublished":"2023-05-08T17:07:04+00:00","dateModified":"2024-11-19T22:06:04+00:00","description":"S\u00cdMBOLOS DE PODER EN MESOAM\u00c9RICA. \/ Guilhem Olivier (coordinator). M\u00e9xico, D.F. : UNAM , Instituto de Investigaciones. (Colecci\u00f3n Culturas Mesoamericanas).","breadcrumb":{"@id":"https:\/\/booksfrommexico.com\/es\/producto\/simbolos-de-poder-en-mesoamerica\/#breadcrumb"},"inLanguage":"es","potentialAction":[{"@type":"ReadAction","target":["https:\/\/booksfrommexico.com\/es\/producto\/simbolos-de-poder-en-mesoamerica\/"]}]},{"@type":"ImageObject","inLanguage":"es","@id":"https:\/\/booksfrommexico.com\/es\/producto\/simbolos-de-poder-en-mesoamerica\/#primaryimage","url":"https:\/\/booksfrommexico.com\/app\/uploads\/2023\/05\/140896.jpeg","contentUrl":"https:\/\/booksfrommexico.com\/app\/uploads\/2023\/05\/140896.jpeg","width":456,"height":665,"caption":"S\u00edmbolos de poder en Mesoam\u00e9rica. Books From M\u00e9xico"},{"@type":"BreadcrumbList","@id":"https:\/\/booksfrommexico.com\/es\/producto\/simbolos-de-poder-en-mesoamerica\/#breadcrumb","itemListElement":[{"@type":"ListItem","position":1,"name":"Home","item":"https:\/\/booksfrommexico.com\/es\/"},{"@type":"ListItem","position":2,"name":"Libros","item":"https:\/\/booksfrommexico.com\/es\/libros\/"},{"@type":"ListItem","position":3,"name":"S\u00edmbolos de poder en Mesoam\u00e9rica"}]},{"@type":"WebSite","@id":"https:\/\/booksfrommexico.com\/#website","url":"https:\/\/booksfrommexico.com\/","name":"Books From Mexico","description":"","publisher":{"@id":"https:\/\/booksfrommexico.com\/#organization"},"potentialAction":[{"@type":"SearchAction","target":{"@type":"EntryPoint","urlTemplate":"https:\/\/booksfrommexico.com\/?s={search_term_string}"},"query-input":{"@type":"PropertyValueSpecification","valueRequired":true,"valueName":"search_term_string"}}],"inLanguage":"es"},{"@type":"Organization","@id":"https:\/\/booksfrommexico.com\/#organization","name":"Books From Mexico","url":"https:\/\/booksfrommexico.com\/","logo":{"@type":"ImageObject","inLanguage":"es","@id":"https:\/\/booksfrommexico.com\/#\/schema\/logo\/image\/","url":"https:\/\/booksfrommexico.com\/app\/uploads\/2023\/05\/logo-booksfrommexico.svg","contentUrl":"https:\/\/booksfrommexico.com\/app\/uploads\/2023\/05\/logo-booksfrommexico.svg","width":86,"height":56,"caption":"Books From Mexico"},"image":{"@id":"https:\/\/booksfrommexico.com\/#\/schema\/logo\/image\/"}}]}},"_links":{"self":[{"href":"https:\/\/booksfrommexico.com\/es\/wp-json\/wp\/v2\/product\/808","targetHints":{"allow":["GET"]}}],"collection":[{"href":"https:\/\/booksfrommexico.com\/es\/wp-json\/wp\/v2\/product"}],"about":[{"href":"https:\/\/booksfrommexico.com\/es\/wp-json\/wp\/v2\/types\/product"}],"wp:featuredmedia":[{"embeddable":true,"href":"https:\/\/booksfrommexico.com\/es\/wp-json\/wp\/v2\/media\/807"}],"wp:attachment":[{"href":"https:\/\/booksfrommexico.com\/es\/wp-json\/wp\/v2\/media?parent=808"}],"wp:term":[{"taxonomy":"product_brand","embeddable":true,"href":"https:\/\/booksfrommexico.com\/es\/wp-json\/wp\/v2\/product_brand?post=808"},{"taxonomy":"product_cat","embeddable":true,"href":"https:\/\/booksfrommexico.com\/es\/wp-json\/wp\/v2\/product_cat?post=808"},{"taxonomy":"product_tag","embeddable":true,"href":"https:\/\/booksfrommexico.com\/es\/wp-json\/wp\/v2\/product_tag?post=808"}],"curies":[{"name":"wp","href":"https:\/\/api.w.org\/{rel}","templated":true}]}}