{"id":810,"date":"2023-05-08T17:07:06","date_gmt":"2023-05-08T17:07:06","guid":{"rendered":"http:\/\/booksfrommexico.com\/product\/una-historia-compartida-revolucion-mexicana-y-catolisismo-social-1913-1924\/"},"modified":"2024-06-13T20:47:50","modified_gmt":"2024-06-13T20:47:50","slug":"una-historia-compartida-revolucion-mexicana-y-catolisismo-social-1913-1924","status":"publish","type":"product","link":"https:\/\/booksfrommexico.com\/es\/producto\/una-historia-compartida-revolucion-mexicana-y-catolisismo-social-1913-1924\/","title":{"rendered":"\u00bfUna Historia compartida?"},"content":{"rendered":"<p><span style=\"font-weight: 400;\">El estudio de la Iglesia cat\u00f3lica, la historia del catolicismo social en M\u00e9xico ha jugado un papel de gran importancia a lo largo de la historia en M\u00e9xico. Los trabajos que se han hecho sobre la Iglesia y su doctrina social est\u00e1n lejos de haber agotado el tema y todav\u00eda quedan importantes cuestiones por aclarar, especialmente en etapas en que los actores sociales y pol\u00edticos \u2013en teor\u00eda\u2013 no han estado involucrados con cuestiones de \u00edndole religiosa. Esta investigaci\u00f3n aborda el quehacer de la Iglesia cat\u00f3lica y en concreto de la puesta en marcha del catolicismo social \u2013doctrina social de la Iglesia\u2013 durante el lapso de 1913 a 1924.<\/span><\/p>\n","protected":false},"excerpt":{"rendered":"<p>\u00bfUNA HISTORIA COMPARTIDA? : REVOLUCI\u00d3N MEXICANA Y CATOLICISMO SOCIAL, 1913-1924<span style=\"font-weight: 400;\">. \/ Mar\u00eda Gabriela Aguirre Cristiani. M\u00e9xico, D.F. : Instituto Mexicano de Doctrina Social Cristiana ; Instituto Tecnol\u00f3gico Aut\u00f3nomo de M\u00e9xico; Universidad Aut\u00f3noma Metropolitana, Unidad Xochimilco, 2008. 282 pages : includes references, tables, bibliography ; 21 cm. (Colecci\u00f3n Historia de la Iglesia en M\u00e9xico). ISBN : 9789689074267.<\/span><\/p>\n","protected":false},"featured_media":809,"template":"","meta":{"_acf_changed":false,"inline_featured_image":false},"product_brand":[],"product_cat":[27,73],"product_tag":[3729,4092,3762],"class_list":{"0":"post-810","1":"product","2":"type-product","3":"status-publish","4":"has-post-thumbnail","6":"product_cat-historia","7":"product_cat-revolucion-historia","8":"product_tag-religion","9":"product_tag-revolucion-mexicana","10":"product_tag-vida-religiosa-y-costumbres","12":"first","13":"instock","14":"taxable","15":"shipping-taxable","16":"purchasable","17":"product-type-simple"},"acf":[],"yoast_head":"<!-- This site is optimized with the Yoast SEO plugin v27.3 - https:\/\/yoast.com\/product\/yoast-seo-wordpress\/ -->\n<title>\u00bfUna Historia compartida?<\/title>\n<meta name=\"description\" content=\"\u00bfUNA HISTORIA COMPARTIDA? : REVOLUCI\u00d3N MEXICANA Y CATOLICISMO SOCIAL, 1913-1924. \/ Aguirre Cristiani. 2008. (Colecci\u00f3n Historia de la Iglesia en M\u00e9xico).\" \/>\n<meta name=\"robots\" content=\"index, follow, max-snippet:-1, max-image-preview:large, max-video-preview:-1\" \/>\n<link rel=\"canonical\" href=\"https:\/\/booksfrommexico.com\/es\/producto\/una-historia-compartida-revolucion-mexicana-y-catolisismo-social-1913-1924\/\" \/>\n<meta property=\"og:locale\" content=\"es_ES\" \/>\n<meta property=\"og:type\" content=\"article\" \/>\n<meta property=\"og:title\" content=\"\u00bfUna Historia compartida?\" \/>\n<meta property=\"og:description\" content=\"\u00bfUNA HISTORIA COMPARTIDA? : REVOLUCI\u00d3N MEXICANA Y CATOLICISMO SOCIAL, 1913-1924. \/ Aguirre Cristiani. 2008. (Colecci\u00f3n Historia de la Iglesia en M\u00e9xico).\" \/>\n<meta property=\"og:url\" content=\"https:\/\/booksfrommexico.com\/es\/producto\/una-historia-compartida-revolucion-mexicana-y-catolisismo-social-1913-1924\/\" \/>\n<meta property=\"og:site_name\" content=\"Books From Mexico\" \/>\n<meta property=\"article:modified_time\" content=\"2024-06-13T20:47:50+00:00\" \/>\n<meta property=\"og:image\" content=\"http:\/\/booksfrommexico.com\/app\/uploads\/2023\/05\/140919.jpeg\" \/>\n\t<meta property=\"og:image:width\" content=\"393\" \/>\n\t<meta property=\"og:image:height\" content=\"607\" \/>\n\t<meta property=\"og:image:type\" content=\"image\/jpeg\" \/>\n<meta name=\"twitter:card\" content=\"summary_large_image\" \/>\n<meta name=\"twitter:label1\" content=\"Tiempo de lectura\" \/>\n\t<meta name=\"twitter:data1\" content=\"1 minuto\" \/>\n<script type=\"application\/ld+json\" class=\"yoast-schema-graph\">{\"@context\":\"https:\\\/\\\/schema.org\",\"@graph\":[{\"@type\":\"WebPage\",\"@id\":\"https:\\\/\\\/booksfrommexico.com\\\/es\\\/producto\\\/una-historia-compartida-revolucion-mexicana-y-catolisismo-social-1913-1924\\\/\",\"url\":\"https:\\\/\\\/booksfrommexico.com\\\/es\\\/producto\\\/una-historia-compartida-revolucion-mexicana-y-catolisismo-social-1913-1924\\\/\",\"name\":\"\u00bfUna Historia compartida?\",\"isPartOf\":{\"@id\":\"https:\\\/\\\/booksfrommexico.com\\\/#website\"},\"primaryImageOfPage\":{\"@id\":\"https:\\\/\\\/booksfrommexico.com\\\/es\\\/producto\\\/una-historia-compartida-revolucion-mexicana-y-catolisismo-social-1913-1924\\\/#primaryimage\"},\"image\":{\"@id\":\"https:\\\/\\\/booksfrommexico.com\\\/es\\\/producto\\\/una-historia-compartida-revolucion-mexicana-y-catolisismo-social-1913-1924\\\/#primaryimage\"},\"thumbnailUrl\":\"https:\\\/\\\/booksfrommexico.com\\\/app\\\/uploads\\\/2023\\\/05\\\/140919.jpeg\",\"datePublished\":\"2023-05-08T17:07:06+00:00\",\"dateModified\":\"2024-06-13T20:47:50+00:00\",\"description\":\"\u00bfUNA HISTORIA COMPARTIDA? : REVOLUCI\u00d3N MEXICANA Y CATOLICISMO SOCIAL, 1913-1924. \\\/ Aguirre Cristiani. 2008. (Colecci\u00f3n Historia de la Iglesia en M\u00e9xico).\",\"breadcrumb\":{\"@id\":\"https:\\\/\\\/booksfrommexico.com\\\/es\\\/producto\\\/una-historia-compartida-revolucion-mexicana-y-catolisismo-social-1913-1924\\\/#breadcrumb\"},\"inLanguage\":\"es\",\"potentialAction\":[{\"@type\":\"ReadAction\",\"target\":[\"https:\\\/\\\/booksfrommexico.com\\\/es\\\/producto\\\/una-historia-compartida-revolucion-mexicana-y-catolisismo-social-1913-1924\\\/\"]}]},{\"@type\":\"ImageObject\",\"inLanguage\":\"es\",\"@id\":\"https:\\\/\\\/booksfrommexico.com\\\/es\\\/producto\\\/una-historia-compartida-revolucion-mexicana-y-catolisismo-social-1913-1924\\\/#primaryimage\",\"url\":\"https:\\\/\\\/booksfrommexico.com\\\/app\\\/uploads\\\/2023\\\/05\\\/140919.jpeg\",\"contentUrl\":\"https:\\\/\\\/booksfrommexico.com\\\/app\\\/uploads\\\/2023\\\/05\\\/140919.jpeg\",\"width\":393,\"height\":607,\"caption\":\"\u00bfUna Historia compartida? Revoluci\u00f3n mexicana y catolicismo social, 1913-1924\"},{\"@type\":\"BreadcrumbList\",\"@id\":\"https:\\\/\\\/booksfrommexico.com\\\/es\\\/producto\\\/una-historia-compartida-revolucion-mexicana-y-catolisismo-social-1913-1924\\\/#breadcrumb\",\"itemListElement\":[{\"@type\":\"ListItem\",\"position\":1,\"name\":\"Home\",\"item\":\"https:\\\/\\\/booksfrommexico.com\\\/es\\\/\"},{\"@type\":\"ListItem\",\"position\":2,\"name\":\"Libros\",\"item\":\"https:\\\/\\\/booksfrommexico.com\\\/es\\\/libros\\\/\"},{\"@type\":\"ListItem\",\"position\":3,\"name\":\"\u00bfUna Historia compartida?\"}]},{\"@type\":\"WebSite\",\"@id\":\"https:\\\/\\\/booksfrommexico.com\\\/#website\",\"url\":\"https:\\\/\\\/booksfrommexico.com\\\/\",\"name\":\"Books From Mexico\",\"description\":\"\",\"publisher\":{\"@id\":\"https:\\\/\\\/booksfrommexico.com\\\/#organization\"},\"potentialAction\":[{\"@type\":\"SearchAction\",\"target\":{\"@type\":\"EntryPoint\",\"urlTemplate\":\"https:\\\/\\\/booksfrommexico.com\\\/?s={search_term_string}\"},\"query-input\":{\"@type\":\"PropertyValueSpecification\",\"valueRequired\":true,\"valueName\":\"search_term_string\"}}],\"inLanguage\":\"es\"},{\"@type\":\"Organization\",\"@id\":\"https:\\\/\\\/booksfrommexico.com\\\/#organization\",\"name\":\"Books From Mexico\",\"url\":\"https:\\\/\\\/booksfrommexico.com\\\/\",\"logo\":{\"@type\":\"ImageObject\",\"inLanguage\":\"es\",\"@id\":\"https:\\\/\\\/booksfrommexico.com\\\/#\\\/schema\\\/logo\\\/image\\\/\",\"url\":\"https:\\\/\\\/booksfrommexico.com\\\/app\\\/uploads\\\/2023\\\/05\\\/logo-booksfrommexico.svg\",\"contentUrl\":\"https:\\\/\\\/booksfrommexico.com\\\/app\\\/uploads\\\/2023\\\/05\\\/logo-booksfrommexico.svg\",\"width\":86,\"height\":56,\"caption\":\"Books From Mexico\"},\"image\":{\"@id\":\"https:\\\/\\\/booksfrommexico.com\\\/#\\\/schema\\\/logo\\\/image\\\/\"}}]}<\/script>\n<!-- \/ Yoast SEO plugin. -->","yoast_head_json":{"title":"\u00bfUna Historia compartida?","description":"\u00bfUNA HISTORIA COMPARTIDA? : REVOLUCI\u00d3N MEXICANA Y CATOLICISMO SOCIAL, 1913-1924. \/ Aguirre Cristiani. 2008. (Colecci\u00f3n Historia de la Iglesia en M\u00e9xico).","robots":{"index":"index","follow":"follow","max-snippet":"max-snippet:-1","max-image-preview":"max-image-preview:large","max-video-preview":"max-video-preview:-1"},"canonical":"https:\/\/booksfrommexico.com\/es\/producto\/una-historia-compartida-revolucion-mexicana-y-catolisismo-social-1913-1924\/","og_locale":"es_ES","og_type":"article","og_title":"\u00bfUna Historia compartida?","og_description":"\u00bfUNA HISTORIA COMPARTIDA? : REVOLUCI\u00d3N MEXICANA Y CATOLICISMO SOCIAL, 1913-1924. \/ Aguirre Cristiani. 2008. (Colecci\u00f3n Historia de la Iglesia en M\u00e9xico).","og_url":"https:\/\/booksfrommexico.com\/es\/producto\/una-historia-compartida-revolucion-mexicana-y-catolisismo-social-1913-1924\/","og_site_name":"Books From Mexico","article_modified_time":"2024-06-13T20:47:50+00:00","og_image":[{"width":393,"height":607,"url":"http:\/\/booksfrommexico.com\/app\/uploads\/2023\/05\/140919.jpeg","type":"image\/jpeg"}],"twitter_card":"summary_large_image","twitter_misc":{"Tiempo de lectura":"1 minuto"},"schema":{"@context":"https:\/\/schema.org","@graph":[{"@type":"WebPage","@id":"https:\/\/booksfrommexico.com\/es\/producto\/una-historia-compartida-revolucion-mexicana-y-catolisismo-social-1913-1924\/","url":"https:\/\/booksfrommexico.com\/es\/producto\/una-historia-compartida-revolucion-mexicana-y-catolisismo-social-1913-1924\/","name":"\u00bfUna Historia compartida?","isPartOf":{"@id":"https:\/\/booksfrommexico.com\/#website"},"primaryImageOfPage":{"@id":"https:\/\/booksfrommexico.com\/es\/producto\/una-historia-compartida-revolucion-mexicana-y-catolisismo-social-1913-1924\/#primaryimage"},"image":{"@id":"https:\/\/booksfrommexico.com\/es\/producto\/una-historia-compartida-revolucion-mexicana-y-catolisismo-social-1913-1924\/#primaryimage"},"thumbnailUrl":"https:\/\/booksfrommexico.com\/app\/uploads\/2023\/05\/140919.jpeg","datePublished":"2023-05-08T17:07:06+00:00","dateModified":"2024-06-13T20:47:50+00:00","description":"\u00bfUNA HISTORIA COMPARTIDA? : REVOLUCI\u00d3N MEXICANA Y CATOLICISMO SOCIAL, 1913-1924. \/ Aguirre Cristiani. 2008. (Colecci\u00f3n Historia de la Iglesia en M\u00e9xico).","breadcrumb":{"@id":"https:\/\/booksfrommexico.com\/es\/producto\/una-historia-compartida-revolucion-mexicana-y-catolisismo-social-1913-1924\/#breadcrumb"},"inLanguage":"es","potentialAction":[{"@type":"ReadAction","target":["https:\/\/booksfrommexico.com\/es\/producto\/una-historia-compartida-revolucion-mexicana-y-catolisismo-social-1913-1924\/"]}]},{"@type":"ImageObject","inLanguage":"es","@id":"https:\/\/booksfrommexico.com\/es\/producto\/una-historia-compartida-revolucion-mexicana-y-catolisismo-social-1913-1924\/#primaryimage","url":"https:\/\/booksfrommexico.com\/app\/uploads\/2023\/05\/140919.jpeg","contentUrl":"https:\/\/booksfrommexico.com\/app\/uploads\/2023\/05\/140919.jpeg","width":393,"height":607,"caption":"\u00bfUna Historia compartida? Revoluci\u00f3n mexicana y catolicismo social, 1913-1924"},{"@type":"BreadcrumbList","@id":"https:\/\/booksfrommexico.com\/es\/producto\/una-historia-compartida-revolucion-mexicana-y-catolisismo-social-1913-1924\/#breadcrumb","itemListElement":[{"@type":"ListItem","position":1,"name":"Home","item":"https:\/\/booksfrommexico.com\/es\/"},{"@type":"ListItem","position":2,"name":"Libros","item":"https:\/\/booksfrommexico.com\/es\/libros\/"},{"@type":"ListItem","position":3,"name":"\u00bfUna Historia compartida?"}]},{"@type":"WebSite","@id":"https:\/\/booksfrommexico.com\/#website","url":"https:\/\/booksfrommexico.com\/","name":"Books From Mexico","description":"","publisher":{"@id":"https:\/\/booksfrommexico.com\/#organization"},"potentialAction":[{"@type":"SearchAction","target":{"@type":"EntryPoint","urlTemplate":"https:\/\/booksfrommexico.com\/?s={search_term_string}"},"query-input":{"@type":"PropertyValueSpecification","valueRequired":true,"valueName":"search_term_string"}}],"inLanguage":"es"},{"@type":"Organization","@id":"https:\/\/booksfrommexico.com\/#organization","name":"Books From Mexico","url":"https:\/\/booksfrommexico.com\/","logo":{"@type":"ImageObject","inLanguage":"es","@id":"https:\/\/booksfrommexico.com\/#\/schema\/logo\/image\/","url":"https:\/\/booksfrommexico.com\/app\/uploads\/2023\/05\/logo-booksfrommexico.svg","contentUrl":"https:\/\/booksfrommexico.com\/app\/uploads\/2023\/05\/logo-booksfrommexico.svg","width":86,"height":56,"caption":"Books From Mexico"},"image":{"@id":"https:\/\/booksfrommexico.com\/#\/schema\/logo\/image\/"}}]}},"_links":{"self":[{"href":"https:\/\/booksfrommexico.com\/es\/wp-json\/wp\/v2\/product\/810","targetHints":{"allow":["GET"]}}],"collection":[{"href":"https:\/\/booksfrommexico.com\/es\/wp-json\/wp\/v2\/product"}],"about":[{"href":"https:\/\/booksfrommexico.com\/es\/wp-json\/wp\/v2\/types\/product"}],"wp:featuredmedia":[{"embeddable":true,"href":"https:\/\/booksfrommexico.com\/es\/wp-json\/wp\/v2\/media\/809"}],"wp:attachment":[{"href":"https:\/\/booksfrommexico.com\/es\/wp-json\/wp\/v2\/media?parent=810"}],"wp:term":[{"taxonomy":"product_brand","embeddable":true,"href":"https:\/\/booksfrommexico.com\/es\/wp-json\/wp\/v2\/product_brand?post=810"},{"taxonomy":"product_cat","embeddable":true,"href":"https:\/\/booksfrommexico.com\/es\/wp-json\/wp\/v2\/product_cat?post=810"},{"taxonomy":"product_tag","embeddable":true,"href":"https:\/\/booksfrommexico.com\/es\/wp-json\/wp\/v2\/product_tag?post=810"}],"curies":[{"name":"wp","href":"https:\/\/api.w.org\/{rel}","templated":true}]}}