{"id":814,"date":"2023-05-08T17:07:10","date_gmt":"2023-05-08T17:07:10","guid":{"rendered":"http:\/\/booksfrommexico.com\/product\/arqueologia-del-mexico-antiguo\/"},"modified":"2024-06-12T23:23:21","modified_gmt":"2024-06-12T23:23:21","slug":"arqueologia-del-mexico-antiguo","status":"publish","type":"product","link":"https:\/\/booksfrommexico.com\/es\/producto\/arqueologia-del-mexico-antiguo\/","title":{"rendered":"Arqueolog\u00eda del M\u00e9xico antiguo"},"content":{"rendered":"<p><span style=\"font-weight: 400;\">La historia de la arqueolog\u00eda en M\u00e9xico se remonta al periodo prehisp\u00e1nico, cuando los mexica realizaron excavaciones en la ciudad de Teotihuacan. El pasado arqueol\u00f3gico de M\u00e9xico est\u00e1 estrechamente relacionado a la construcci\u00f3n de la naci\u00f3n moderna, pues el imaginario del pasado ind\u00edgena y los acontecimientos de su gradual descubrimiento conforman la identidad nacional y le dan unidad al pa\u00eds. Este t\u00edtulo ofrece al lector un libro con ilustraciones a color, fotograf\u00edas, mapas, notas y una completa bibliograf\u00eda para dar una amplia cobertura a los descubrimientos arqueol\u00f3gicos de las civilizaciones prehisp\u00e1nicas.<\/span><\/p>\n","protected":false},"excerpt":{"rendered":"<p>ARQUEOLOG\u00cdA DEL M\u00c9XICO ANTIGUO<span style=\"font-weight: 400;\">. \/ Eduardo Matos Moctezuma M\u00e9xico, D.F. : Instituto Nacional de Antropolog\u00eda e Historia ; Milan, Italia : Editoriale Jaca Book SpA, 2010. 384 pages : includes color illustrations, notes, bibliography ; 34 cm. ISBN : 9786074841183.<\/span><\/p>\n","protected":false},"featured_media":813,"template":"","meta":{"_acf_changed":false,"inline_featured_image":false},"product_brand":[],"product_cat":[386],"product_tag":[4262,3594,3587],"class_list":{"0":"post-814","1":"product","2":"type-product","3":"status-publish","4":"has-post-thumbnail","6":"product_cat-arqueologia","7":"product_tag-cultura-prehispanica","8":"product_tag-mexico","9":"product_tag-prehispanico","11":"first","12":"instock","13":"taxable","14":"shipping-taxable","15":"purchasable","16":"product-type-simple"},"acf":[],"yoast_head":"<!-- This site is optimized with the Yoast SEO plugin v27.3 - https:\/\/yoast.com\/product\/yoast-seo-wordpress\/ -->\n<title>Arqueolog\u00eda del M\u00e9xico antiguo<\/title>\n<meta name=\"description\" content=\"ARQUEOLOG\u00cdA DEL M\u00c9XICO ANTIGUO. \/ Eduardo Matos Moctezuma M\u00e9xico, D.F. : INAH ; Milan, Italia : Editoriale Jaca Book SpA, 2010. ISBN : 9786074841183.\" \/>\n<meta name=\"robots\" content=\"index, follow, max-snippet:-1, max-image-preview:large, max-video-preview:-1\" \/>\n<link rel=\"canonical\" href=\"https:\/\/booksfrommexico.com\/es\/producto\/arqueologia-del-mexico-antiguo\/\" \/>\n<meta property=\"og:locale\" content=\"es_ES\" \/>\n<meta property=\"og:type\" content=\"article\" \/>\n<meta property=\"og:title\" content=\"Arqueolog\u00eda del M\u00e9xico antiguo\" \/>\n<meta property=\"og:description\" content=\"ARQUEOLOG\u00cdA DEL M\u00c9XICO ANTIGUO. \/ Eduardo Matos Moctezuma M\u00e9xico, D.F. : INAH ; Milan, Italia : Editoriale Jaca Book SpA, 2010. ISBN : 9786074841183.\" \/>\n<meta property=\"og:url\" content=\"https:\/\/booksfrommexico.com\/es\/producto\/arqueologia-del-mexico-antiguo\/\" \/>\n<meta property=\"og:site_name\" content=\"Books From Mexico\" \/>\n<meta property=\"article:modified_time\" content=\"2024-06-12T23:23:21+00:00\" \/>\n<meta property=\"og:image\" content=\"http:\/\/booksfrommexico.com\/app\/uploads\/2023\/05\/141023.jpeg\" \/>\n\t<meta property=\"og:image:width\" content=\"633\" \/>\n\t<meta property=\"og:image:height\" content=\"860\" \/>\n\t<meta property=\"og:image:type\" content=\"image\/jpeg\" \/>\n<meta name=\"twitter:card\" content=\"summary_large_image\" \/>\n<meta name=\"twitter:label1\" content=\"Tiempo de lectura\" \/>\n\t<meta name=\"twitter:data1\" content=\"1 minuto\" \/>\n<script type=\"application\/ld+json\" class=\"yoast-schema-graph\">{\"@context\":\"https:\\\/\\\/schema.org\",\"@graph\":[{\"@type\":\"WebPage\",\"@id\":\"https:\\\/\\\/booksfrommexico.com\\\/es\\\/producto\\\/arqueologia-del-mexico-antiguo\\\/\",\"url\":\"https:\\\/\\\/booksfrommexico.com\\\/es\\\/producto\\\/arqueologia-del-mexico-antiguo\\\/\",\"name\":\"Arqueolog\u00eda del M\u00e9xico antiguo\",\"isPartOf\":{\"@id\":\"https:\\\/\\\/booksfrommexico.com\\\/#website\"},\"primaryImageOfPage\":{\"@id\":\"https:\\\/\\\/booksfrommexico.com\\\/es\\\/producto\\\/arqueologia-del-mexico-antiguo\\\/#primaryimage\"},\"image\":{\"@id\":\"https:\\\/\\\/booksfrommexico.com\\\/es\\\/producto\\\/arqueologia-del-mexico-antiguo\\\/#primaryimage\"},\"thumbnailUrl\":\"https:\\\/\\\/booksfrommexico.com\\\/app\\\/uploads\\\/2023\\\/05\\\/141023.jpeg\",\"datePublished\":\"2023-05-08T17:07:10+00:00\",\"dateModified\":\"2024-06-12T23:23:21+00:00\",\"description\":\"ARQUEOLOG\u00cdA DEL M\u00c9XICO ANTIGUO. \\\/ Eduardo Matos Moctezuma M\u00e9xico, D.F. : INAH ; Milan, Italia : Editoriale Jaca Book SpA, 2010. ISBN : 9786074841183.\",\"breadcrumb\":{\"@id\":\"https:\\\/\\\/booksfrommexico.com\\\/es\\\/producto\\\/arqueologia-del-mexico-antiguo\\\/#breadcrumb\"},\"inLanguage\":\"es\",\"potentialAction\":[{\"@type\":\"ReadAction\",\"target\":[\"https:\\\/\\\/booksfrommexico.com\\\/es\\\/producto\\\/arqueologia-del-mexico-antiguo\\\/\"]}]},{\"@type\":\"ImageObject\",\"inLanguage\":\"es\",\"@id\":\"https:\\\/\\\/booksfrommexico.com\\\/es\\\/producto\\\/arqueologia-del-mexico-antiguo\\\/#primaryimage\",\"url\":\"https:\\\/\\\/booksfrommexico.com\\\/app\\\/uploads\\\/2023\\\/05\\\/141023.jpeg\",\"contentUrl\":\"https:\\\/\\\/booksfrommexico.com\\\/app\\\/uploads\\\/2023\\\/05\\\/141023.jpeg\",\"width\":633,\"height\":860,\"caption\":\"Arqueolog\u00eda del M\u00e9xico antiguo. Books From M\u00e9xico.\"},{\"@type\":\"BreadcrumbList\",\"@id\":\"https:\\\/\\\/booksfrommexico.com\\\/es\\\/producto\\\/arqueologia-del-mexico-antiguo\\\/#breadcrumb\",\"itemListElement\":[{\"@type\":\"ListItem\",\"position\":1,\"name\":\"Home\",\"item\":\"https:\\\/\\\/booksfrommexico.com\\\/es\\\/\"},{\"@type\":\"ListItem\",\"position\":2,\"name\":\"Libros\",\"item\":\"https:\\\/\\\/booksfrommexico.com\\\/es\\\/libros\\\/\"},{\"@type\":\"ListItem\",\"position\":3,\"name\":\"Arqueolog\u00eda del M\u00e9xico antiguo\"}]},{\"@type\":\"WebSite\",\"@id\":\"https:\\\/\\\/booksfrommexico.com\\\/#website\",\"url\":\"https:\\\/\\\/booksfrommexico.com\\\/\",\"name\":\"Books From Mexico\",\"description\":\"\",\"publisher\":{\"@id\":\"https:\\\/\\\/booksfrommexico.com\\\/#organization\"},\"potentialAction\":[{\"@type\":\"SearchAction\",\"target\":{\"@type\":\"EntryPoint\",\"urlTemplate\":\"https:\\\/\\\/booksfrommexico.com\\\/?s={search_term_string}\"},\"query-input\":{\"@type\":\"PropertyValueSpecification\",\"valueRequired\":true,\"valueName\":\"search_term_string\"}}],\"inLanguage\":\"es\"},{\"@type\":\"Organization\",\"@id\":\"https:\\\/\\\/booksfrommexico.com\\\/#organization\",\"name\":\"Books From Mexico\",\"url\":\"https:\\\/\\\/booksfrommexico.com\\\/\",\"logo\":{\"@type\":\"ImageObject\",\"inLanguage\":\"es\",\"@id\":\"https:\\\/\\\/booksfrommexico.com\\\/#\\\/schema\\\/logo\\\/image\\\/\",\"url\":\"https:\\\/\\\/booksfrommexico.com\\\/app\\\/uploads\\\/2023\\\/05\\\/logo-booksfrommexico.svg\",\"contentUrl\":\"https:\\\/\\\/booksfrommexico.com\\\/app\\\/uploads\\\/2023\\\/05\\\/logo-booksfrommexico.svg\",\"width\":86,\"height\":56,\"caption\":\"Books From Mexico\"},\"image\":{\"@id\":\"https:\\\/\\\/booksfrommexico.com\\\/#\\\/schema\\\/logo\\\/image\\\/\"}}]}<\/script>\n<!-- \/ Yoast SEO plugin. -->","yoast_head_json":{"title":"Arqueolog\u00eda del M\u00e9xico antiguo","description":"ARQUEOLOG\u00cdA DEL M\u00c9XICO ANTIGUO. \/ Eduardo Matos Moctezuma M\u00e9xico, D.F. : INAH ; Milan, Italia : Editoriale Jaca Book SpA, 2010. ISBN : 9786074841183.","robots":{"index":"index","follow":"follow","max-snippet":"max-snippet:-1","max-image-preview":"max-image-preview:large","max-video-preview":"max-video-preview:-1"},"canonical":"https:\/\/booksfrommexico.com\/es\/producto\/arqueologia-del-mexico-antiguo\/","og_locale":"es_ES","og_type":"article","og_title":"Arqueolog\u00eda del M\u00e9xico antiguo","og_description":"ARQUEOLOG\u00cdA DEL M\u00c9XICO ANTIGUO. \/ Eduardo Matos Moctezuma M\u00e9xico, D.F. : INAH ; Milan, Italia : Editoriale Jaca Book SpA, 2010. ISBN : 9786074841183.","og_url":"https:\/\/booksfrommexico.com\/es\/producto\/arqueologia-del-mexico-antiguo\/","og_site_name":"Books From Mexico","article_modified_time":"2024-06-12T23:23:21+00:00","og_image":[{"width":633,"height":860,"url":"http:\/\/booksfrommexico.com\/app\/uploads\/2023\/05\/141023.jpeg","type":"image\/jpeg"}],"twitter_card":"summary_large_image","twitter_misc":{"Tiempo de lectura":"1 minuto"},"schema":{"@context":"https:\/\/schema.org","@graph":[{"@type":"WebPage","@id":"https:\/\/booksfrommexico.com\/es\/producto\/arqueologia-del-mexico-antiguo\/","url":"https:\/\/booksfrommexico.com\/es\/producto\/arqueologia-del-mexico-antiguo\/","name":"Arqueolog\u00eda del M\u00e9xico antiguo","isPartOf":{"@id":"https:\/\/booksfrommexico.com\/#website"},"primaryImageOfPage":{"@id":"https:\/\/booksfrommexico.com\/es\/producto\/arqueologia-del-mexico-antiguo\/#primaryimage"},"image":{"@id":"https:\/\/booksfrommexico.com\/es\/producto\/arqueologia-del-mexico-antiguo\/#primaryimage"},"thumbnailUrl":"https:\/\/booksfrommexico.com\/app\/uploads\/2023\/05\/141023.jpeg","datePublished":"2023-05-08T17:07:10+00:00","dateModified":"2024-06-12T23:23:21+00:00","description":"ARQUEOLOG\u00cdA DEL M\u00c9XICO ANTIGUO. \/ Eduardo Matos Moctezuma M\u00e9xico, D.F. : INAH ; Milan, Italia : Editoriale Jaca Book SpA, 2010. ISBN : 9786074841183.","breadcrumb":{"@id":"https:\/\/booksfrommexico.com\/es\/producto\/arqueologia-del-mexico-antiguo\/#breadcrumb"},"inLanguage":"es","potentialAction":[{"@type":"ReadAction","target":["https:\/\/booksfrommexico.com\/es\/producto\/arqueologia-del-mexico-antiguo\/"]}]},{"@type":"ImageObject","inLanguage":"es","@id":"https:\/\/booksfrommexico.com\/es\/producto\/arqueologia-del-mexico-antiguo\/#primaryimage","url":"https:\/\/booksfrommexico.com\/app\/uploads\/2023\/05\/141023.jpeg","contentUrl":"https:\/\/booksfrommexico.com\/app\/uploads\/2023\/05\/141023.jpeg","width":633,"height":860,"caption":"Arqueolog\u00eda del M\u00e9xico antiguo. Books From M\u00e9xico."},{"@type":"BreadcrumbList","@id":"https:\/\/booksfrommexico.com\/es\/producto\/arqueologia-del-mexico-antiguo\/#breadcrumb","itemListElement":[{"@type":"ListItem","position":1,"name":"Home","item":"https:\/\/booksfrommexico.com\/es\/"},{"@type":"ListItem","position":2,"name":"Libros","item":"https:\/\/booksfrommexico.com\/es\/libros\/"},{"@type":"ListItem","position":3,"name":"Arqueolog\u00eda del M\u00e9xico antiguo"}]},{"@type":"WebSite","@id":"https:\/\/booksfrommexico.com\/#website","url":"https:\/\/booksfrommexico.com\/","name":"Books From Mexico","description":"","publisher":{"@id":"https:\/\/booksfrommexico.com\/#organization"},"potentialAction":[{"@type":"SearchAction","target":{"@type":"EntryPoint","urlTemplate":"https:\/\/booksfrommexico.com\/?s={search_term_string}"},"query-input":{"@type":"PropertyValueSpecification","valueRequired":true,"valueName":"search_term_string"}}],"inLanguage":"es"},{"@type":"Organization","@id":"https:\/\/booksfrommexico.com\/#organization","name":"Books From Mexico","url":"https:\/\/booksfrommexico.com\/","logo":{"@type":"ImageObject","inLanguage":"es","@id":"https:\/\/booksfrommexico.com\/#\/schema\/logo\/image\/","url":"https:\/\/booksfrommexico.com\/app\/uploads\/2023\/05\/logo-booksfrommexico.svg","contentUrl":"https:\/\/booksfrommexico.com\/app\/uploads\/2023\/05\/logo-booksfrommexico.svg","width":86,"height":56,"caption":"Books From Mexico"},"image":{"@id":"https:\/\/booksfrommexico.com\/#\/schema\/logo\/image\/"}}]}},"_links":{"self":[{"href":"https:\/\/booksfrommexico.com\/es\/wp-json\/wp\/v2\/product\/814","targetHints":{"allow":["GET"]}}],"collection":[{"href":"https:\/\/booksfrommexico.com\/es\/wp-json\/wp\/v2\/product"}],"about":[{"href":"https:\/\/booksfrommexico.com\/es\/wp-json\/wp\/v2\/types\/product"}],"wp:featuredmedia":[{"embeddable":true,"href":"https:\/\/booksfrommexico.com\/es\/wp-json\/wp\/v2\/media\/813"}],"wp:attachment":[{"href":"https:\/\/booksfrommexico.com\/es\/wp-json\/wp\/v2\/media?parent=814"}],"wp:term":[{"taxonomy":"product_brand","embeddable":true,"href":"https:\/\/booksfrommexico.com\/es\/wp-json\/wp\/v2\/product_brand?post=814"},{"taxonomy":"product_cat","embeddable":true,"href":"https:\/\/booksfrommexico.com\/es\/wp-json\/wp\/v2\/product_cat?post=814"},{"taxonomy":"product_tag","embeddable":true,"href":"https:\/\/booksfrommexico.com\/es\/wp-json\/wp\/v2\/product_tag?post=814"}],"curies":[{"name":"wp","href":"https:\/\/api.w.org\/{rel}","templated":true}]}}