{"id":820,"date":"2023-05-08T17:07:14","date_gmt":"2023-05-08T17:07:14","guid":{"rendered":"http:\/\/booksfrommexico.com\/product\/arquitectura-y-sociedad-oaxaca-rumbo-a-la-modernidad-1790-1910\/"},"modified":"2024-05-14T22:10:15","modified_gmt":"2024-05-14T22:10:15","slug":"arquitectura-y-sociedad-oaxaca-rumbo-a-la-modernidad-1790-1910","status":"publish","type":"product","link":"https:\/\/booksfrommexico.com\/es\/producto\/arquitectura-y-sociedad-oaxaca-rumbo-a-la-modernidad-1790-1910\/","title":{"rendered":"Arquitectura y sociedad: Oaxaca rumbo a la modernidad, 1790-1910"},"content":{"rendered":"<p><span style=\"font-weight: 400;\">El proyecto \u201cCiudades mexicanas del siglo XX, problemas hist\u00f3ricos de urbanizaci\u00f3n <\/span><i><span style=\"font-weight: 400;\">ca<\/span><\/i><span style=\"font-weight: 400;\">. 1890-1970\u201d, financiado por CONAHCyT, ha tenido como inter\u00e9s inicial el estudio de varias ciudades mexicanas, entre ellas Oaxaca, que es la que se presenta aqu\u00ed. En este trabajo tiene como prop\u00f3sito fundamental el dejar que la historia de Oaxaca hable por s\u00ed misma a trav\u00e9s de la estructura urbana de la ciudad, de su arquitectura, y de aquellos que la forjaron a lo largo del siglo XIX. En este t\u00edtulo se hace un recorrido hist\u00f3rico de la ciudad, as\u00ed como un an\u00e1lisis de los cambios, modificaciones y modernizaciones que ha tenido, acompa\u00f1ado de fotograf\u00edas y un folleto anexo con mapas y planos de edificaciones.<\/span><\/p>\n","protected":false},"excerpt":{"rendered":"<p>ARQUITECTURA Y SOCIEDAD : OAXACA RUMBO A LA MODERNIDAD, 1790-1910<span style=\"font-weight: 400;\">. \/ Carlos Lira V\u00e1zquez. M\u00e9xico, D.F. : Universidad Aut\u00f3noma Metropolitana , Difusi\u00f3n Cultural ; Consejo Nacional de Humanidades, Ciencias y Tecnolog\u00edas, 2008. 314 pages : includes photos, tables, bibliography, guide book. 23 cm. ISBN : 9789706548184.<\/span><\/p>\n","protected":false},"featured_media":819,"template":"","meta":{"_acf_changed":false,"inline_featured_image":false},"product_brand":[],"product_cat":[320,976],"product_tag":[3677,3797,4359],"class_list":{"0":"post-820","1":"product","2":"type-product","3":"status-publish","4":"has-post-thumbnail","6":"product_cat-arquitectura","7":"product_cat-arquitectura-urbana","8":"product_tag-arquitectura-antigua","9":"product_tag-oaxaca-mexico","10":"product_tag-urbanizacion","12":"first","13":"instock","14":"taxable","15":"shipping-taxable","16":"purchasable","17":"product-type-simple"},"acf":[],"yoast_head":"<!-- This site is optimized with the Yoast SEO plugin v27.2 - https:\/\/yoast.com\/product\/yoast-seo-wordpress\/ -->\n<title>Arquitectura y sociedad: Oaxaca rumbo a la modernidad<\/title>\n<meta name=\"description\" content=\"ARQUITECTURA Y SOCIEDAD : OAXACA RUMBO A LA MODERNIDAD, 1790-1910. \/ Carlos Lira V\u00e1zquez. UAM , Difusi\u00f3n Cultural ; CONAHCyT, 2008.\" \/>\n<meta name=\"robots\" content=\"index, follow, max-snippet:-1, max-image-preview:large, max-video-preview:-1\" \/>\n<link rel=\"canonical\" href=\"https:\/\/booksfrommexico.com\/es\/producto\/arquitectura-y-sociedad-oaxaca-rumbo-a-la-modernidad-1790-1910\/\" \/>\n<meta property=\"og:locale\" content=\"es_ES\" \/>\n<meta property=\"og:type\" content=\"article\" \/>\n<meta property=\"og:title\" content=\"Arquitectura y sociedad: Oaxaca rumbo a la modernidad\" \/>\n<meta property=\"og:description\" content=\"ARQUITECTURA Y SOCIEDAD : OAXACA RUMBO A LA MODERNIDAD, 1790-1910. \/ Carlos Lira V\u00e1zquez. UAM , Difusi\u00f3n Cultural ; CONAHCyT, 2008.\" \/>\n<meta property=\"og:url\" content=\"https:\/\/booksfrommexico.com\/es\/producto\/arquitectura-y-sociedad-oaxaca-rumbo-a-la-modernidad-1790-1910\/\" \/>\n<meta property=\"og:site_name\" content=\"Books From Mexico\" \/>\n<meta property=\"article:modified_time\" content=\"2024-05-14T22:10:15+00:00\" \/>\n<meta property=\"og:image\" content=\"http:\/\/booksfrommexico.com\/app\/uploads\/2023\/05\/141126.jpeg\" \/>\n\t<meta property=\"og:image:width\" content=\"623\" \/>\n\t<meta property=\"og:image:height\" content=\"825\" \/>\n\t<meta property=\"og:image:type\" content=\"image\/jpeg\" \/>\n<meta name=\"twitter:card\" content=\"summary_large_image\" \/>\n<meta name=\"twitter:label1\" content=\"Tiempo de lectura\" \/>\n\t<meta name=\"twitter:data1\" content=\"1 minuto\" \/>\n<script type=\"application\/ld+json\" class=\"yoast-schema-graph\">{\"@context\":\"https:\/\/schema.org\",\"@graph\":[{\"@type\":\"WebPage\",\"@id\":\"https:\/\/booksfrommexico.com\/es\/producto\/arquitectura-y-sociedad-oaxaca-rumbo-a-la-modernidad-1790-1910\/\",\"url\":\"https:\/\/booksfrommexico.com\/es\/producto\/arquitectura-y-sociedad-oaxaca-rumbo-a-la-modernidad-1790-1910\/\",\"name\":\"Arquitectura y sociedad: Oaxaca rumbo a la modernidad\",\"isPartOf\":{\"@id\":\"https:\/\/booksfrommexico.com\/#website\"},\"primaryImageOfPage\":{\"@id\":\"https:\/\/booksfrommexico.com\/es\/producto\/arquitectura-y-sociedad-oaxaca-rumbo-a-la-modernidad-1790-1910\/#primaryimage\"},\"image\":{\"@id\":\"https:\/\/booksfrommexico.com\/es\/producto\/arquitectura-y-sociedad-oaxaca-rumbo-a-la-modernidad-1790-1910\/#primaryimage\"},\"thumbnailUrl\":\"https:\/\/booksfrommexico.com\/app\/uploads\/2023\/05\/141126.jpeg\",\"datePublished\":\"2023-05-08T17:07:14+00:00\",\"dateModified\":\"2024-05-14T22:10:15+00:00\",\"description\":\"ARQUITECTURA Y SOCIEDAD : OAXACA RUMBO A LA MODERNIDAD, 1790-1910. \/ Carlos Lira V\u00e1zquez. UAM , Difusi\u00f3n Cultural ; CONAHCyT, 2008.\",\"breadcrumb\":{\"@id\":\"https:\/\/booksfrommexico.com\/es\/producto\/arquitectura-y-sociedad-oaxaca-rumbo-a-la-modernidad-1790-1910\/#breadcrumb\"},\"inLanguage\":\"es\",\"potentialAction\":[{\"@type\":\"ReadAction\",\"target\":[\"https:\/\/booksfrommexico.com\/es\/producto\/arquitectura-y-sociedad-oaxaca-rumbo-a-la-modernidad-1790-1910\/\"]}]},{\"@type\":\"ImageObject\",\"inLanguage\":\"es\",\"@id\":\"https:\/\/booksfrommexico.com\/es\/producto\/arquitectura-y-sociedad-oaxaca-rumbo-a-la-modernidad-1790-1910\/#primaryimage\",\"url\":\"https:\/\/booksfrommexico.com\/app\/uploads\/2023\/05\/141126.jpeg\",\"contentUrl\":\"https:\/\/booksfrommexico.com\/app\/uploads\/2023\/05\/141126.jpeg\",\"width\":623,\"height\":825,\"caption\":\"Arquitectura y sociedad Oaxaca rumbo a la modernidad, Books From M\u00e9xico.\"},{\"@type\":\"BreadcrumbList\",\"@id\":\"https:\/\/booksfrommexico.com\/es\/producto\/arquitectura-y-sociedad-oaxaca-rumbo-a-la-modernidad-1790-1910\/#breadcrumb\",\"itemListElement\":[{\"@type\":\"ListItem\",\"position\":1,\"name\":\"Home\",\"item\":\"https:\/\/booksfrommexico.com\/es\/\"},{\"@type\":\"ListItem\",\"position\":2,\"name\":\"Libros\",\"item\":\"https:\/\/booksfrommexico.com\/es\/libros\/\"},{\"@type\":\"ListItem\",\"position\":3,\"name\":\"Arquitectura y sociedad: Oaxaca rumbo a la modernidad, 1790-1910\"}]},{\"@type\":\"WebSite\",\"@id\":\"https:\/\/booksfrommexico.com\/#website\",\"url\":\"https:\/\/booksfrommexico.com\/\",\"name\":\"Books From Mexico\",\"description\":\"\",\"publisher\":{\"@id\":\"https:\/\/booksfrommexico.com\/#organization\"},\"potentialAction\":[{\"@type\":\"SearchAction\",\"target\":{\"@type\":\"EntryPoint\",\"urlTemplate\":\"https:\/\/booksfrommexico.com\/?s={search_term_string}\"},\"query-input\":{\"@type\":\"PropertyValueSpecification\",\"valueRequired\":true,\"valueName\":\"search_term_string\"}}],\"inLanguage\":\"es\"},{\"@type\":\"Organization\",\"@id\":\"https:\/\/booksfrommexico.com\/#organization\",\"name\":\"Books From Mexico\",\"url\":\"https:\/\/booksfrommexico.com\/\",\"logo\":{\"@type\":\"ImageObject\",\"inLanguage\":\"es\",\"@id\":\"https:\/\/booksfrommexico.com\/#\/schema\/logo\/image\/\",\"url\":\"https:\/\/booksfrommexico.com\/app\/uploads\/2023\/05\/logo-booksfrommexico.svg\",\"contentUrl\":\"https:\/\/booksfrommexico.com\/app\/uploads\/2023\/05\/logo-booksfrommexico.svg\",\"width\":86,\"height\":56,\"caption\":\"Books From Mexico\"},\"image\":{\"@id\":\"https:\/\/booksfrommexico.com\/#\/schema\/logo\/image\/\"}}]}<\/script>\n<!-- \/ Yoast SEO plugin. -->","yoast_head_json":{"title":"Arquitectura y sociedad: Oaxaca rumbo a la modernidad","description":"ARQUITECTURA Y SOCIEDAD : OAXACA RUMBO A LA MODERNIDAD, 1790-1910. \/ Carlos Lira V\u00e1zquez. UAM , Difusi\u00f3n Cultural ; CONAHCyT, 2008.","robots":{"index":"index","follow":"follow","max-snippet":"max-snippet:-1","max-image-preview":"max-image-preview:large","max-video-preview":"max-video-preview:-1"},"canonical":"https:\/\/booksfrommexico.com\/es\/producto\/arquitectura-y-sociedad-oaxaca-rumbo-a-la-modernidad-1790-1910\/","og_locale":"es_ES","og_type":"article","og_title":"Arquitectura y sociedad: Oaxaca rumbo a la modernidad","og_description":"ARQUITECTURA Y SOCIEDAD : OAXACA RUMBO A LA MODERNIDAD, 1790-1910. \/ Carlos Lira V\u00e1zquez. UAM , Difusi\u00f3n Cultural ; CONAHCyT, 2008.","og_url":"https:\/\/booksfrommexico.com\/es\/producto\/arquitectura-y-sociedad-oaxaca-rumbo-a-la-modernidad-1790-1910\/","og_site_name":"Books From Mexico","article_modified_time":"2024-05-14T22:10:15+00:00","og_image":[{"width":623,"height":825,"url":"http:\/\/booksfrommexico.com\/app\/uploads\/2023\/05\/141126.jpeg","type":"image\/jpeg"}],"twitter_card":"summary_large_image","twitter_misc":{"Tiempo de lectura":"1 minuto"},"schema":{"@context":"https:\/\/schema.org","@graph":[{"@type":"WebPage","@id":"https:\/\/booksfrommexico.com\/es\/producto\/arquitectura-y-sociedad-oaxaca-rumbo-a-la-modernidad-1790-1910\/","url":"https:\/\/booksfrommexico.com\/es\/producto\/arquitectura-y-sociedad-oaxaca-rumbo-a-la-modernidad-1790-1910\/","name":"Arquitectura y sociedad: Oaxaca rumbo a la modernidad","isPartOf":{"@id":"https:\/\/booksfrommexico.com\/#website"},"primaryImageOfPage":{"@id":"https:\/\/booksfrommexico.com\/es\/producto\/arquitectura-y-sociedad-oaxaca-rumbo-a-la-modernidad-1790-1910\/#primaryimage"},"image":{"@id":"https:\/\/booksfrommexico.com\/es\/producto\/arquitectura-y-sociedad-oaxaca-rumbo-a-la-modernidad-1790-1910\/#primaryimage"},"thumbnailUrl":"https:\/\/booksfrommexico.com\/app\/uploads\/2023\/05\/141126.jpeg","datePublished":"2023-05-08T17:07:14+00:00","dateModified":"2024-05-14T22:10:15+00:00","description":"ARQUITECTURA Y SOCIEDAD : OAXACA RUMBO A LA MODERNIDAD, 1790-1910. \/ Carlos Lira V\u00e1zquez. UAM , Difusi\u00f3n Cultural ; CONAHCyT, 2008.","breadcrumb":{"@id":"https:\/\/booksfrommexico.com\/es\/producto\/arquitectura-y-sociedad-oaxaca-rumbo-a-la-modernidad-1790-1910\/#breadcrumb"},"inLanguage":"es","potentialAction":[{"@type":"ReadAction","target":["https:\/\/booksfrommexico.com\/es\/producto\/arquitectura-y-sociedad-oaxaca-rumbo-a-la-modernidad-1790-1910\/"]}]},{"@type":"ImageObject","inLanguage":"es","@id":"https:\/\/booksfrommexico.com\/es\/producto\/arquitectura-y-sociedad-oaxaca-rumbo-a-la-modernidad-1790-1910\/#primaryimage","url":"https:\/\/booksfrommexico.com\/app\/uploads\/2023\/05\/141126.jpeg","contentUrl":"https:\/\/booksfrommexico.com\/app\/uploads\/2023\/05\/141126.jpeg","width":623,"height":825,"caption":"Arquitectura y sociedad Oaxaca rumbo a la modernidad, Books From M\u00e9xico."},{"@type":"BreadcrumbList","@id":"https:\/\/booksfrommexico.com\/es\/producto\/arquitectura-y-sociedad-oaxaca-rumbo-a-la-modernidad-1790-1910\/#breadcrumb","itemListElement":[{"@type":"ListItem","position":1,"name":"Home","item":"https:\/\/booksfrommexico.com\/es\/"},{"@type":"ListItem","position":2,"name":"Libros","item":"https:\/\/booksfrommexico.com\/es\/libros\/"},{"@type":"ListItem","position":3,"name":"Arquitectura y sociedad: Oaxaca rumbo a la modernidad, 1790-1910"}]},{"@type":"WebSite","@id":"https:\/\/booksfrommexico.com\/#website","url":"https:\/\/booksfrommexico.com\/","name":"Books From Mexico","description":"","publisher":{"@id":"https:\/\/booksfrommexico.com\/#organization"},"potentialAction":[{"@type":"SearchAction","target":{"@type":"EntryPoint","urlTemplate":"https:\/\/booksfrommexico.com\/?s={search_term_string}"},"query-input":{"@type":"PropertyValueSpecification","valueRequired":true,"valueName":"search_term_string"}}],"inLanguage":"es"},{"@type":"Organization","@id":"https:\/\/booksfrommexico.com\/#organization","name":"Books From Mexico","url":"https:\/\/booksfrommexico.com\/","logo":{"@type":"ImageObject","inLanguage":"es","@id":"https:\/\/booksfrommexico.com\/#\/schema\/logo\/image\/","url":"https:\/\/booksfrommexico.com\/app\/uploads\/2023\/05\/logo-booksfrommexico.svg","contentUrl":"https:\/\/booksfrommexico.com\/app\/uploads\/2023\/05\/logo-booksfrommexico.svg","width":86,"height":56,"caption":"Books From Mexico"},"image":{"@id":"https:\/\/booksfrommexico.com\/#\/schema\/logo\/image\/"}}]}},"_links":{"self":[{"href":"https:\/\/booksfrommexico.com\/es\/wp-json\/wp\/v2\/product\/820","targetHints":{"allow":["GET"]}}],"collection":[{"href":"https:\/\/booksfrommexico.com\/es\/wp-json\/wp\/v2\/product"}],"about":[{"href":"https:\/\/booksfrommexico.com\/es\/wp-json\/wp\/v2\/types\/product"}],"wp:featuredmedia":[{"embeddable":true,"href":"https:\/\/booksfrommexico.com\/es\/wp-json\/wp\/v2\/media\/819"}],"wp:attachment":[{"href":"https:\/\/booksfrommexico.com\/es\/wp-json\/wp\/v2\/media?parent=820"}],"wp:term":[{"taxonomy":"product_brand","embeddable":true,"href":"https:\/\/booksfrommexico.com\/es\/wp-json\/wp\/v2\/product_brand?post=820"},{"taxonomy":"product_cat","embeddable":true,"href":"https:\/\/booksfrommexico.com\/es\/wp-json\/wp\/v2\/product_cat?post=820"},{"taxonomy":"product_tag","embeddable":true,"href":"https:\/\/booksfrommexico.com\/es\/wp-json\/wp\/v2\/product_tag?post=820"}],"curies":[{"name":"wp","href":"https:\/\/api.w.org\/{rel}","templated":true}]}}