{"id":822,"date":"2023-05-08T17:07:16","date_gmt":"2023-05-08T17:07:16","guid":{"rendered":"http:\/\/booksfrommexico.com\/product\/mapas-genealogicos-del-istmo-oaxaqueno\/"},"modified":"2024-05-16T12:31:27","modified_gmt":"2024-05-16T12:31:27","slug":"mapas-genealogicos-del-istmo-oaxaqueno","status":"publish","type":"product","link":"https:\/\/booksfrommexico.com\/es\/producto\/mapas-genealogicos-del-istmo-oaxaqueno\/","title":{"rendered":"Mapas geneal\u00f3gicos del Istmo oaxaque\u00f1o"},"content":{"rendered":"<p><span style=\"font-weight: 400;\">La Colecci\u00f3n<\/span><i><span style=\"font-weight: 400;\"> Di\u00e1logos Pueblos Originarios de Oaxaca<\/span><\/i><span style=\"font-weight: 400;\"> es una propuesta editorial que tiene como fin el publicar textos que den cuenta de las distintas expresiones del arte y la cultura provenientes de personas y comunidades nativas del estado de Oaxaca. Este volumen se dedica principalmente a cuatro mapas y genealog\u00edas del Istmo oaxaque\u00f1o, para las cuales corresponde una metodolog\u00eda diferente en cada caso, haciendo \u00e9nfasis en la que deriva de la filolog\u00eda cl\u00e1sica. El autor califica este trabajo de ambicioso pues en su momento de creaci\u00f3n, en medio del neoliberalismo, tiene pocos recursos econ\u00f3micos y humanos para formar equipos de investigaci\u00f3n, lo cual supone un esfuerzo digno de reconocer.<\/span><\/p>\n","protected":false},"excerpt":{"rendered":"<p>MAPAS GENEAL\u00d3GICOS DEL ISTMO OAXAQUE\u00d1O<span style=\"font-weight: 400;\">. \/ V\u00edctor de la Cruz. Oaxaca, M\u00e9xico : Consejo Nacional para la Cultura y las Artes , Direcci\u00f3n General de Culturas Populares e Ind\u00edgenas ; Secretar\u00eda de Cultura del Estado de Oaxaca ; Centro de Investigaciones y Estudios Superiores en Antropolog\u00eda Social , Papeles de la Casa Chata ; Fundaci\u00f3n Alfredo Harp Hel\u00fa Oaxaca, 2008. 126 pages : includes photos, maps, color leafs, references, bibliography ; 26 cm. (Colecci\u00f3n Di\u00e1logos Pueblos Originarios de Oaxaca ; Serie Veredas).<\/span><\/p>\n","protected":false},"featured_media":821,"template":"","meta":{"_acf_changed":false,"inline_featured_image":false},"product_brand":[],"product_cat":[465],"product_tag":[3777,3880,4354,3797],"class_list":{"0":"post-822","1":"product","2":"type-product","3":"status-publish","4":"has-post-thumbnail","6":"product_cat-geografia","7":"product_tag-arte-indigena","8":"product_tag-identidad-cultural","9":"product_tag-istmo","10":"product_tag-oaxaca-mexico","12":"first","13":"outofstock","14":"taxable","15":"shipping-taxable","16":"purchasable","17":"product-type-simple"},"acf":[],"yoast_head":"<!-- This site is optimized with the Yoast SEO plugin v27.3 - https:\/\/yoast.com\/product\/yoast-seo-wordpress\/ -->\n<title>Mapas geneal\u00f3gicos del Istmo oaxaque\u00f1o<\/title>\n<meta name=\"description\" content=\"MAPAS GENEAL\u00d3GICOS DEL ISTMO OAXAQUE\u00d1O. \/ V\u00edctor de la Cruz. CONACULTA ; DGCPIU ; CIESAS ; Papeles de la Casa Chata ; Fundaci\u00f3n Alfredo Harp Hel\u00fa Oaxaca.\" \/>\n<meta name=\"robots\" content=\"index, follow, max-snippet:-1, max-image-preview:large, max-video-preview:-1\" \/>\n<link rel=\"canonical\" href=\"https:\/\/booksfrommexico.com\/es\/producto\/mapas-genealogicos-del-istmo-oaxaqueno\/\" \/>\n<meta property=\"og:locale\" content=\"es_ES\" \/>\n<meta property=\"og:type\" content=\"article\" \/>\n<meta property=\"og:title\" content=\"Mapas geneal\u00f3gicos del Istmo oaxaque\u00f1o\" \/>\n<meta property=\"og:description\" content=\"MAPAS GENEAL\u00d3GICOS DEL ISTMO OAXAQUE\u00d1O. \/ V\u00edctor de la Cruz. CONACULTA ; DGCPIU ; CIESAS ; Papeles de la Casa Chata ; Fundaci\u00f3n Alfredo Harp Hel\u00fa Oaxaca.\" \/>\n<meta property=\"og:url\" content=\"https:\/\/booksfrommexico.com\/es\/producto\/mapas-genealogicos-del-istmo-oaxaqueno\/\" \/>\n<meta property=\"og:site_name\" content=\"Books From Mexico\" \/>\n<meta property=\"article:modified_time\" content=\"2024-05-16T12:31:27+00:00\" \/>\n<meta property=\"og:image\" content=\"http:\/\/booksfrommexico.com\/app\/uploads\/2023\/05\/141181.jpeg\" \/>\n\t<meta property=\"og:image:width\" content=\"558\" \/>\n\t<meta property=\"og:image:height\" content=\"754\" \/>\n\t<meta property=\"og:image:type\" content=\"image\/jpeg\" \/>\n<meta name=\"twitter:card\" content=\"summary_large_image\" \/>\n<meta name=\"twitter:label1\" content=\"Tiempo de lectura\" \/>\n\t<meta name=\"twitter:data1\" content=\"1 minuto\" \/>\n<script type=\"application\/ld+json\" class=\"yoast-schema-graph\">{\"@context\":\"https:\\\/\\\/schema.org\",\"@graph\":[{\"@type\":\"WebPage\",\"@id\":\"https:\\\/\\\/booksfrommexico.com\\\/es\\\/producto\\\/mapas-genealogicos-del-istmo-oaxaqueno\\\/\",\"url\":\"https:\\\/\\\/booksfrommexico.com\\\/es\\\/producto\\\/mapas-genealogicos-del-istmo-oaxaqueno\\\/\",\"name\":\"Mapas geneal\u00f3gicos del Istmo oaxaque\u00f1o\",\"isPartOf\":{\"@id\":\"https:\\\/\\\/booksfrommexico.com\\\/#website\"},\"primaryImageOfPage\":{\"@id\":\"https:\\\/\\\/booksfrommexico.com\\\/es\\\/producto\\\/mapas-genealogicos-del-istmo-oaxaqueno\\\/#primaryimage\"},\"image\":{\"@id\":\"https:\\\/\\\/booksfrommexico.com\\\/es\\\/producto\\\/mapas-genealogicos-del-istmo-oaxaqueno\\\/#primaryimage\"},\"thumbnailUrl\":\"https:\\\/\\\/booksfrommexico.com\\\/app\\\/uploads\\\/2023\\\/05\\\/141181.jpeg\",\"datePublished\":\"2023-05-08T17:07:16+00:00\",\"dateModified\":\"2024-05-16T12:31:27+00:00\",\"description\":\"MAPAS GENEAL\u00d3GICOS DEL ISTMO OAXAQUE\u00d1O. \\\/ V\u00edctor de la Cruz. CONACULTA ; DGCPIU ; CIESAS ; Papeles de la Casa Chata ; Fundaci\u00f3n Alfredo Harp Hel\u00fa Oaxaca.\",\"breadcrumb\":{\"@id\":\"https:\\\/\\\/booksfrommexico.com\\\/es\\\/producto\\\/mapas-genealogicos-del-istmo-oaxaqueno\\\/#breadcrumb\"},\"inLanguage\":\"es\",\"potentialAction\":[{\"@type\":\"ReadAction\",\"target\":[\"https:\\\/\\\/booksfrommexico.com\\\/es\\\/producto\\\/mapas-genealogicos-del-istmo-oaxaqueno\\\/\"]}]},{\"@type\":\"ImageObject\",\"inLanguage\":\"es\",\"@id\":\"https:\\\/\\\/booksfrommexico.com\\\/es\\\/producto\\\/mapas-genealogicos-del-istmo-oaxaqueno\\\/#primaryimage\",\"url\":\"https:\\\/\\\/booksfrommexico.com\\\/app\\\/uploads\\\/2023\\\/05\\\/141181.jpeg\",\"contentUrl\":\"https:\\\/\\\/booksfrommexico.com\\\/app\\\/uploads\\\/2023\\\/05\\\/141181.jpeg\",\"width\":558,\"height\":754,\"caption\":\"Mapas geneal\u00f3gicos del Istmo oaxaque\u00f1o. Books From M\u00e9xico\"},{\"@type\":\"BreadcrumbList\",\"@id\":\"https:\\\/\\\/booksfrommexico.com\\\/es\\\/producto\\\/mapas-genealogicos-del-istmo-oaxaqueno\\\/#breadcrumb\",\"itemListElement\":[{\"@type\":\"ListItem\",\"position\":1,\"name\":\"Home\",\"item\":\"https:\\\/\\\/booksfrommexico.com\\\/es\\\/\"},{\"@type\":\"ListItem\",\"position\":2,\"name\":\"Libros\",\"item\":\"https:\\\/\\\/booksfrommexico.com\\\/es\\\/libros\\\/\"},{\"@type\":\"ListItem\",\"position\":3,\"name\":\"Mapas geneal\u00f3gicos del Istmo oaxaque\u00f1o\"}]},{\"@type\":\"WebSite\",\"@id\":\"https:\\\/\\\/booksfrommexico.com\\\/#website\",\"url\":\"https:\\\/\\\/booksfrommexico.com\\\/\",\"name\":\"Books From Mexico\",\"description\":\"\",\"publisher\":{\"@id\":\"https:\\\/\\\/booksfrommexico.com\\\/#organization\"},\"potentialAction\":[{\"@type\":\"SearchAction\",\"target\":{\"@type\":\"EntryPoint\",\"urlTemplate\":\"https:\\\/\\\/booksfrommexico.com\\\/?s={search_term_string}\"},\"query-input\":{\"@type\":\"PropertyValueSpecification\",\"valueRequired\":true,\"valueName\":\"search_term_string\"}}],\"inLanguage\":\"es\"},{\"@type\":\"Organization\",\"@id\":\"https:\\\/\\\/booksfrommexico.com\\\/#organization\",\"name\":\"Books From Mexico\",\"url\":\"https:\\\/\\\/booksfrommexico.com\\\/\",\"logo\":{\"@type\":\"ImageObject\",\"inLanguage\":\"es\",\"@id\":\"https:\\\/\\\/booksfrommexico.com\\\/#\\\/schema\\\/logo\\\/image\\\/\",\"url\":\"https:\\\/\\\/booksfrommexico.com\\\/app\\\/uploads\\\/2023\\\/05\\\/logo-booksfrommexico.svg\",\"contentUrl\":\"https:\\\/\\\/booksfrommexico.com\\\/app\\\/uploads\\\/2023\\\/05\\\/logo-booksfrommexico.svg\",\"width\":86,\"height\":56,\"caption\":\"Books From Mexico\"},\"image\":{\"@id\":\"https:\\\/\\\/booksfrommexico.com\\\/#\\\/schema\\\/logo\\\/image\\\/\"}}]}<\/script>\n<!-- \/ Yoast SEO plugin. -->","yoast_head_json":{"title":"Mapas geneal\u00f3gicos del Istmo oaxaque\u00f1o","description":"MAPAS GENEAL\u00d3GICOS DEL ISTMO OAXAQUE\u00d1O. \/ V\u00edctor de la Cruz. CONACULTA ; DGCPIU ; CIESAS ; Papeles de la Casa Chata ; Fundaci\u00f3n Alfredo Harp Hel\u00fa Oaxaca.","robots":{"index":"index","follow":"follow","max-snippet":"max-snippet:-1","max-image-preview":"max-image-preview:large","max-video-preview":"max-video-preview:-1"},"canonical":"https:\/\/booksfrommexico.com\/es\/producto\/mapas-genealogicos-del-istmo-oaxaqueno\/","og_locale":"es_ES","og_type":"article","og_title":"Mapas geneal\u00f3gicos del Istmo oaxaque\u00f1o","og_description":"MAPAS GENEAL\u00d3GICOS DEL ISTMO OAXAQUE\u00d1O. \/ V\u00edctor de la Cruz. CONACULTA ; DGCPIU ; CIESAS ; Papeles de la Casa Chata ; Fundaci\u00f3n Alfredo Harp Hel\u00fa Oaxaca.","og_url":"https:\/\/booksfrommexico.com\/es\/producto\/mapas-genealogicos-del-istmo-oaxaqueno\/","og_site_name":"Books From Mexico","article_modified_time":"2024-05-16T12:31:27+00:00","og_image":[{"width":558,"height":754,"url":"http:\/\/booksfrommexico.com\/app\/uploads\/2023\/05\/141181.jpeg","type":"image\/jpeg"}],"twitter_card":"summary_large_image","twitter_misc":{"Tiempo de lectura":"1 minuto"},"schema":{"@context":"https:\/\/schema.org","@graph":[{"@type":"WebPage","@id":"https:\/\/booksfrommexico.com\/es\/producto\/mapas-genealogicos-del-istmo-oaxaqueno\/","url":"https:\/\/booksfrommexico.com\/es\/producto\/mapas-genealogicos-del-istmo-oaxaqueno\/","name":"Mapas geneal\u00f3gicos del Istmo oaxaque\u00f1o","isPartOf":{"@id":"https:\/\/booksfrommexico.com\/#website"},"primaryImageOfPage":{"@id":"https:\/\/booksfrommexico.com\/es\/producto\/mapas-genealogicos-del-istmo-oaxaqueno\/#primaryimage"},"image":{"@id":"https:\/\/booksfrommexico.com\/es\/producto\/mapas-genealogicos-del-istmo-oaxaqueno\/#primaryimage"},"thumbnailUrl":"https:\/\/booksfrommexico.com\/app\/uploads\/2023\/05\/141181.jpeg","datePublished":"2023-05-08T17:07:16+00:00","dateModified":"2024-05-16T12:31:27+00:00","description":"MAPAS GENEAL\u00d3GICOS DEL ISTMO OAXAQUE\u00d1O. \/ V\u00edctor de la Cruz. CONACULTA ; DGCPIU ; CIESAS ; Papeles de la Casa Chata ; Fundaci\u00f3n Alfredo Harp Hel\u00fa Oaxaca.","breadcrumb":{"@id":"https:\/\/booksfrommexico.com\/es\/producto\/mapas-genealogicos-del-istmo-oaxaqueno\/#breadcrumb"},"inLanguage":"es","potentialAction":[{"@type":"ReadAction","target":["https:\/\/booksfrommexico.com\/es\/producto\/mapas-genealogicos-del-istmo-oaxaqueno\/"]}]},{"@type":"ImageObject","inLanguage":"es","@id":"https:\/\/booksfrommexico.com\/es\/producto\/mapas-genealogicos-del-istmo-oaxaqueno\/#primaryimage","url":"https:\/\/booksfrommexico.com\/app\/uploads\/2023\/05\/141181.jpeg","contentUrl":"https:\/\/booksfrommexico.com\/app\/uploads\/2023\/05\/141181.jpeg","width":558,"height":754,"caption":"Mapas geneal\u00f3gicos del Istmo oaxaque\u00f1o. Books From M\u00e9xico"},{"@type":"BreadcrumbList","@id":"https:\/\/booksfrommexico.com\/es\/producto\/mapas-genealogicos-del-istmo-oaxaqueno\/#breadcrumb","itemListElement":[{"@type":"ListItem","position":1,"name":"Home","item":"https:\/\/booksfrommexico.com\/es\/"},{"@type":"ListItem","position":2,"name":"Libros","item":"https:\/\/booksfrommexico.com\/es\/libros\/"},{"@type":"ListItem","position":3,"name":"Mapas geneal\u00f3gicos del Istmo oaxaque\u00f1o"}]},{"@type":"WebSite","@id":"https:\/\/booksfrommexico.com\/#website","url":"https:\/\/booksfrommexico.com\/","name":"Books From Mexico","description":"","publisher":{"@id":"https:\/\/booksfrommexico.com\/#organization"},"potentialAction":[{"@type":"SearchAction","target":{"@type":"EntryPoint","urlTemplate":"https:\/\/booksfrommexico.com\/?s={search_term_string}"},"query-input":{"@type":"PropertyValueSpecification","valueRequired":true,"valueName":"search_term_string"}}],"inLanguage":"es"},{"@type":"Organization","@id":"https:\/\/booksfrommexico.com\/#organization","name":"Books From Mexico","url":"https:\/\/booksfrommexico.com\/","logo":{"@type":"ImageObject","inLanguage":"es","@id":"https:\/\/booksfrommexico.com\/#\/schema\/logo\/image\/","url":"https:\/\/booksfrommexico.com\/app\/uploads\/2023\/05\/logo-booksfrommexico.svg","contentUrl":"https:\/\/booksfrommexico.com\/app\/uploads\/2023\/05\/logo-booksfrommexico.svg","width":86,"height":56,"caption":"Books From Mexico"},"image":{"@id":"https:\/\/booksfrommexico.com\/#\/schema\/logo\/image\/"}}]}},"_links":{"self":[{"href":"https:\/\/booksfrommexico.com\/es\/wp-json\/wp\/v2\/product\/822","targetHints":{"allow":["GET"]}}],"collection":[{"href":"https:\/\/booksfrommexico.com\/es\/wp-json\/wp\/v2\/product"}],"about":[{"href":"https:\/\/booksfrommexico.com\/es\/wp-json\/wp\/v2\/types\/product"}],"wp:featuredmedia":[{"embeddable":true,"href":"https:\/\/booksfrommexico.com\/es\/wp-json\/wp\/v2\/media\/821"}],"wp:attachment":[{"href":"https:\/\/booksfrommexico.com\/es\/wp-json\/wp\/v2\/media?parent=822"}],"wp:term":[{"taxonomy":"product_brand","embeddable":true,"href":"https:\/\/booksfrommexico.com\/es\/wp-json\/wp\/v2\/product_brand?post=822"},{"taxonomy":"product_cat","embeddable":true,"href":"https:\/\/booksfrommexico.com\/es\/wp-json\/wp\/v2\/product_cat?post=822"},{"taxonomy":"product_tag","embeddable":true,"href":"https:\/\/booksfrommexico.com\/es\/wp-json\/wp\/v2\/product_tag?post=822"}],"curies":[{"name":"wp","href":"https:\/\/api.w.org\/{rel}","templated":true}]}}