{"id":826,"date":"2023-05-08T17:07:19","date_gmt":"2023-05-08T17:07:19","guid":{"rendered":"http:\/\/booksfrommexico.com\/product\/etnohistoria-de-la-tierra-caliente-los-grupos-indigenas-de-sinaloa-al-momenteo-del-contacto-espanol\/"},"modified":"2024-05-14T20:33:32","modified_gmt":"2024-05-14T20:33:32","slug":"etnohistoria-de-la-tierra-caliente-los-grupos-indigenas-de-sinaloa-al-momenteo-del-contacto-espanol","status":"publish","type":"product","link":"https:\/\/booksfrommexico.com\/es\/producto\/etnohistoria-de-la-tierra-caliente-los-grupos-indigenas-de-sinaloa-al-momenteo-del-contacto-espanol\/","title":{"rendered":"Etnohistoria de la tierra caliente: Los grupos ind\u00edgenas de Sinaloa al momento del contacto espa\u00f1ol"},"content":{"rendered":"<p><span style=\"font-weight: 400;\">La historia de la conquista espa\u00f1ola de la costa noroccidental de M\u00e9xico fue brutal ya que ninguna otra regi\u00f3n del pa\u00eds fue tan r\u00e1pida y completamente diezmada como la planicie costera de Nayarit y Sinaloa, dejando muy poca informaci\u00f3n de los grupos ind\u00edgenas de esta regi\u00f3n. Los pocos pobladores que sobrevivieron a la conquista fueron casi exterminados por enfermedades contagiosas que tra\u00edan los europeos para las cuales no ten\u00edan defensas inmunol\u00f3gicas. Partiendo de los relatos de la conquista y del trabajo de dem\u00f3grafos especializados, el autor rastrea las numerosas tribus del noroeste al momento del contacto y describe su patr\u00f3n de asentamiento, organizaci\u00f3n econ\u00f3mica y costumbres funerarias.<\/span><\/p>\n","protected":false},"excerpt":{"rendered":"<p>ETNOHISTORIA DE LA TIERRA CALIENTE : LOS GRUPOS IND\u00cdGENAS DE SINALOA AL MOMENTO DEL CONTACTO ESPA\u00d1OL<span style=\"font-weight: 400;\">. \/ John Phillip Carpenter Slavens. Culiac\u00e1n, Sinaloa, M\u00e9xico : Gobierno del Estado de Sinaloa , Colegio de Bachilleres del Estado de Sinaloa ; La Cr\u00f3nica de Sinaloa ; Direcci\u00f3n de Investigaci\u00f3n y Fomento de la Cultura Regional, 2007. 85 pages : includes maps, references, bibliography ; 21 cm. ISBN : 9789687300973.<\/span><\/p>\n","protected":false},"featured_media":825,"template":"","meta":{"_acf_changed":false,"inline_featured_image":false},"product_brand":[],"product_cat":[4350,27,113],"product_tag":[3948,4352,4242],"class_list":{"0":"post-826","1":"product","2":"type-product","3":"status-publish","4":"has-post-thumbnail","6":"product_cat-etnohistoria","7":"product_cat-historia","8":"product_cat-historia-social","9":"product_tag-descubrimiento-y-conquista","10":"product_tag-nayarit-mexico","11":"product_tag-sinaloa-mexico","13":"first","14":"instock","15":"taxable","16":"shipping-taxable","17":"purchasable","18":"product-type-simple"},"acf":[],"yoast_head":"<!-- This site is optimized with the Yoast SEO plugin v27.3 - https:\/\/yoast.com\/product\/yoast-seo-wordpress\/ -->\n<title>Etnohistoria de la tierra caliente<\/title>\n<meta name=\"description\" content=\"ETNOHISTORIA DE LA TIERRA CALIENTE : LOS GRUPOS IND\u00cdGENAS DE SINALOA AL MOMENTO DEL CONTACTO ESPA\u00d1OL. \/ John Phillip Carpenter Slavens. 2007.\" \/>\n<meta name=\"robots\" content=\"index, follow, max-snippet:-1, max-image-preview:large, max-video-preview:-1\" \/>\n<link rel=\"canonical\" href=\"https:\/\/booksfrommexico.com\/es\/producto\/etnohistoria-de-la-tierra-caliente-los-grupos-indigenas-de-sinaloa-al-momenteo-del-contacto-espanol\/\" \/>\n<meta property=\"og:locale\" content=\"es_ES\" \/>\n<meta property=\"og:type\" content=\"article\" \/>\n<meta property=\"og:title\" content=\"Etnohistoria de la tierra caliente\" \/>\n<meta property=\"og:description\" content=\"ETNOHISTORIA DE LA TIERRA CALIENTE : LOS GRUPOS IND\u00cdGENAS DE SINALOA AL MOMENTO DEL CONTACTO ESPA\u00d1OL. \/ John Phillip Carpenter Slavens. 2007.\" \/>\n<meta property=\"og:url\" content=\"https:\/\/booksfrommexico.com\/es\/producto\/etnohistoria-de-la-tierra-caliente-los-grupos-indigenas-de-sinaloa-al-momenteo-del-contacto-espanol\/\" \/>\n<meta property=\"og:site_name\" content=\"Books From Mexico\" \/>\n<meta property=\"article:modified_time\" content=\"2024-05-14T20:33:32+00:00\" \/>\n<meta property=\"og:image\" content=\"http:\/\/booksfrommexico.com\/app\/uploads\/2023\/05\/141191.jpeg\" \/>\n\t<meta property=\"og:image:width\" content=\"393\" \/>\n\t<meta property=\"og:image:height\" content=\"609\" \/>\n\t<meta property=\"og:image:type\" content=\"image\/jpeg\" \/>\n<meta name=\"twitter:card\" content=\"summary_large_image\" \/>\n<meta name=\"twitter:label1\" content=\"Tiempo de lectura\" \/>\n\t<meta name=\"twitter:data1\" content=\"1 minuto\" \/>\n<script type=\"application\/ld+json\" class=\"yoast-schema-graph\">{\"@context\":\"https:\\\/\\\/schema.org\",\"@graph\":[{\"@type\":\"WebPage\",\"@id\":\"https:\\\/\\\/booksfrommexico.com\\\/es\\\/producto\\\/etnohistoria-de-la-tierra-caliente-los-grupos-indigenas-de-sinaloa-al-momenteo-del-contacto-espanol\\\/\",\"url\":\"https:\\\/\\\/booksfrommexico.com\\\/es\\\/producto\\\/etnohistoria-de-la-tierra-caliente-los-grupos-indigenas-de-sinaloa-al-momenteo-del-contacto-espanol\\\/\",\"name\":\"Etnohistoria de la tierra caliente\",\"isPartOf\":{\"@id\":\"https:\\\/\\\/booksfrommexico.com\\\/#website\"},\"primaryImageOfPage\":{\"@id\":\"https:\\\/\\\/booksfrommexico.com\\\/es\\\/producto\\\/etnohistoria-de-la-tierra-caliente-los-grupos-indigenas-de-sinaloa-al-momenteo-del-contacto-espanol\\\/#primaryimage\"},\"image\":{\"@id\":\"https:\\\/\\\/booksfrommexico.com\\\/es\\\/producto\\\/etnohistoria-de-la-tierra-caliente-los-grupos-indigenas-de-sinaloa-al-momenteo-del-contacto-espanol\\\/#primaryimage\"},\"thumbnailUrl\":\"https:\\\/\\\/booksfrommexico.com\\\/app\\\/uploads\\\/2023\\\/05\\\/141191.jpeg\",\"datePublished\":\"2023-05-08T17:07:19+00:00\",\"dateModified\":\"2024-05-14T20:33:32+00:00\",\"description\":\"ETNOHISTORIA DE LA TIERRA CALIENTE : LOS GRUPOS IND\u00cdGENAS DE SINALOA AL MOMENTO DEL CONTACTO ESPA\u00d1OL. \\\/ John Phillip Carpenter Slavens. 2007.\",\"breadcrumb\":{\"@id\":\"https:\\\/\\\/booksfrommexico.com\\\/es\\\/producto\\\/etnohistoria-de-la-tierra-caliente-los-grupos-indigenas-de-sinaloa-al-momenteo-del-contacto-espanol\\\/#breadcrumb\"},\"inLanguage\":\"es\",\"potentialAction\":[{\"@type\":\"ReadAction\",\"target\":[\"https:\\\/\\\/booksfrommexico.com\\\/es\\\/producto\\\/etnohistoria-de-la-tierra-caliente-los-grupos-indigenas-de-sinaloa-al-momenteo-del-contacto-espanol\\\/\"]}]},{\"@type\":\"ImageObject\",\"inLanguage\":\"es\",\"@id\":\"https:\\\/\\\/booksfrommexico.com\\\/es\\\/producto\\\/etnohistoria-de-la-tierra-caliente-los-grupos-indigenas-de-sinaloa-al-momenteo-del-contacto-espanol\\\/#primaryimage\",\"url\":\"https:\\\/\\\/booksfrommexico.com\\\/app\\\/uploads\\\/2023\\\/05\\\/141191.jpeg\",\"contentUrl\":\"https:\\\/\\\/booksfrommexico.com\\\/app\\\/uploads\\\/2023\\\/05\\\/141191.jpeg\",\"width\":393,\"height\":609,\"caption\":\"Etnohistoria de la tierra caliente. Los grupos ind\u00edgenas de Sinaloa al momenteo del contacto espa\u00f1ol. Books From M\u00e9xico.\"},{\"@type\":\"BreadcrumbList\",\"@id\":\"https:\\\/\\\/booksfrommexico.com\\\/es\\\/producto\\\/etnohistoria-de-la-tierra-caliente-los-grupos-indigenas-de-sinaloa-al-momenteo-del-contacto-espanol\\\/#breadcrumb\",\"itemListElement\":[{\"@type\":\"ListItem\",\"position\":1,\"name\":\"Home\",\"item\":\"https:\\\/\\\/booksfrommexico.com\\\/es\\\/\"},{\"@type\":\"ListItem\",\"position\":2,\"name\":\"Libros\",\"item\":\"https:\\\/\\\/booksfrommexico.com\\\/es\\\/libros\\\/\"},{\"@type\":\"ListItem\",\"position\":3,\"name\":\"Etnohistoria de la tierra caliente: Los grupos ind\u00edgenas de Sinaloa al momento del contacto espa\u00f1ol\"}]},{\"@type\":\"WebSite\",\"@id\":\"https:\\\/\\\/booksfrommexico.com\\\/#website\",\"url\":\"https:\\\/\\\/booksfrommexico.com\\\/\",\"name\":\"Books From Mexico\",\"description\":\"\",\"publisher\":{\"@id\":\"https:\\\/\\\/booksfrommexico.com\\\/#organization\"},\"potentialAction\":[{\"@type\":\"SearchAction\",\"target\":{\"@type\":\"EntryPoint\",\"urlTemplate\":\"https:\\\/\\\/booksfrommexico.com\\\/?s={search_term_string}\"},\"query-input\":{\"@type\":\"PropertyValueSpecification\",\"valueRequired\":true,\"valueName\":\"search_term_string\"}}],\"inLanguage\":\"es\"},{\"@type\":\"Organization\",\"@id\":\"https:\\\/\\\/booksfrommexico.com\\\/#organization\",\"name\":\"Books From Mexico\",\"url\":\"https:\\\/\\\/booksfrommexico.com\\\/\",\"logo\":{\"@type\":\"ImageObject\",\"inLanguage\":\"es\",\"@id\":\"https:\\\/\\\/booksfrommexico.com\\\/#\\\/schema\\\/logo\\\/image\\\/\",\"url\":\"https:\\\/\\\/booksfrommexico.com\\\/app\\\/uploads\\\/2023\\\/05\\\/logo-booksfrommexico.svg\",\"contentUrl\":\"https:\\\/\\\/booksfrommexico.com\\\/app\\\/uploads\\\/2023\\\/05\\\/logo-booksfrommexico.svg\",\"width\":86,\"height\":56,\"caption\":\"Books From Mexico\"},\"image\":{\"@id\":\"https:\\\/\\\/booksfrommexico.com\\\/#\\\/schema\\\/logo\\\/image\\\/\"}}]}<\/script>\n<!-- \/ Yoast SEO plugin. -->","yoast_head_json":{"title":"Etnohistoria de la tierra caliente","description":"ETNOHISTORIA DE LA TIERRA CALIENTE : LOS GRUPOS IND\u00cdGENAS DE SINALOA AL MOMENTO DEL CONTACTO ESPA\u00d1OL. \/ John Phillip Carpenter Slavens. 2007.","robots":{"index":"index","follow":"follow","max-snippet":"max-snippet:-1","max-image-preview":"max-image-preview:large","max-video-preview":"max-video-preview:-1"},"canonical":"https:\/\/booksfrommexico.com\/es\/producto\/etnohistoria-de-la-tierra-caliente-los-grupos-indigenas-de-sinaloa-al-momenteo-del-contacto-espanol\/","og_locale":"es_ES","og_type":"article","og_title":"Etnohistoria de la tierra caliente","og_description":"ETNOHISTORIA DE LA TIERRA CALIENTE : LOS GRUPOS IND\u00cdGENAS DE SINALOA AL MOMENTO DEL CONTACTO ESPA\u00d1OL. \/ John Phillip Carpenter Slavens. 2007.","og_url":"https:\/\/booksfrommexico.com\/es\/producto\/etnohistoria-de-la-tierra-caliente-los-grupos-indigenas-de-sinaloa-al-momenteo-del-contacto-espanol\/","og_site_name":"Books From Mexico","article_modified_time":"2024-05-14T20:33:32+00:00","og_image":[{"width":393,"height":609,"url":"http:\/\/booksfrommexico.com\/app\/uploads\/2023\/05\/141191.jpeg","type":"image\/jpeg"}],"twitter_card":"summary_large_image","twitter_misc":{"Tiempo de lectura":"1 minuto"},"schema":{"@context":"https:\/\/schema.org","@graph":[{"@type":"WebPage","@id":"https:\/\/booksfrommexico.com\/es\/producto\/etnohistoria-de-la-tierra-caliente-los-grupos-indigenas-de-sinaloa-al-momenteo-del-contacto-espanol\/","url":"https:\/\/booksfrommexico.com\/es\/producto\/etnohistoria-de-la-tierra-caliente-los-grupos-indigenas-de-sinaloa-al-momenteo-del-contacto-espanol\/","name":"Etnohistoria de la tierra caliente","isPartOf":{"@id":"https:\/\/booksfrommexico.com\/#website"},"primaryImageOfPage":{"@id":"https:\/\/booksfrommexico.com\/es\/producto\/etnohistoria-de-la-tierra-caliente-los-grupos-indigenas-de-sinaloa-al-momenteo-del-contacto-espanol\/#primaryimage"},"image":{"@id":"https:\/\/booksfrommexico.com\/es\/producto\/etnohistoria-de-la-tierra-caliente-los-grupos-indigenas-de-sinaloa-al-momenteo-del-contacto-espanol\/#primaryimage"},"thumbnailUrl":"https:\/\/booksfrommexico.com\/app\/uploads\/2023\/05\/141191.jpeg","datePublished":"2023-05-08T17:07:19+00:00","dateModified":"2024-05-14T20:33:32+00:00","description":"ETNOHISTORIA DE LA TIERRA CALIENTE : LOS GRUPOS IND\u00cdGENAS DE SINALOA AL MOMENTO DEL CONTACTO ESPA\u00d1OL. \/ John Phillip Carpenter Slavens. 2007.","breadcrumb":{"@id":"https:\/\/booksfrommexico.com\/es\/producto\/etnohistoria-de-la-tierra-caliente-los-grupos-indigenas-de-sinaloa-al-momenteo-del-contacto-espanol\/#breadcrumb"},"inLanguage":"es","potentialAction":[{"@type":"ReadAction","target":["https:\/\/booksfrommexico.com\/es\/producto\/etnohistoria-de-la-tierra-caliente-los-grupos-indigenas-de-sinaloa-al-momenteo-del-contacto-espanol\/"]}]},{"@type":"ImageObject","inLanguage":"es","@id":"https:\/\/booksfrommexico.com\/es\/producto\/etnohistoria-de-la-tierra-caliente-los-grupos-indigenas-de-sinaloa-al-momenteo-del-contacto-espanol\/#primaryimage","url":"https:\/\/booksfrommexico.com\/app\/uploads\/2023\/05\/141191.jpeg","contentUrl":"https:\/\/booksfrommexico.com\/app\/uploads\/2023\/05\/141191.jpeg","width":393,"height":609,"caption":"Etnohistoria de la tierra caliente. Los grupos ind\u00edgenas de Sinaloa al momenteo del contacto espa\u00f1ol. Books From M\u00e9xico."},{"@type":"BreadcrumbList","@id":"https:\/\/booksfrommexico.com\/es\/producto\/etnohistoria-de-la-tierra-caliente-los-grupos-indigenas-de-sinaloa-al-momenteo-del-contacto-espanol\/#breadcrumb","itemListElement":[{"@type":"ListItem","position":1,"name":"Home","item":"https:\/\/booksfrommexico.com\/es\/"},{"@type":"ListItem","position":2,"name":"Libros","item":"https:\/\/booksfrommexico.com\/es\/libros\/"},{"@type":"ListItem","position":3,"name":"Etnohistoria de la tierra caliente: Los grupos ind\u00edgenas de Sinaloa al momento del contacto espa\u00f1ol"}]},{"@type":"WebSite","@id":"https:\/\/booksfrommexico.com\/#website","url":"https:\/\/booksfrommexico.com\/","name":"Books From Mexico","description":"","publisher":{"@id":"https:\/\/booksfrommexico.com\/#organization"},"potentialAction":[{"@type":"SearchAction","target":{"@type":"EntryPoint","urlTemplate":"https:\/\/booksfrommexico.com\/?s={search_term_string}"},"query-input":{"@type":"PropertyValueSpecification","valueRequired":true,"valueName":"search_term_string"}}],"inLanguage":"es"},{"@type":"Organization","@id":"https:\/\/booksfrommexico.com\/#organization","name":"Books From Mexico","url":"https:\/\/booksfrommexico.com\/","logo":{"@type":"ImageObject","inLanguage":"es","@id":"https:\/\/booksfrommexico.com\/#\/schema\/logo\/image\/","url":"https:\/\/booksfrommexico.com\/app\/uploads\/2023\/05\/logo-booksfrommexico.svg","contentUrl":"https:\/\/booksfrommexico.com\/app\/uploads\/2023\/05\/logo-booksfrommexico.svg","width":86,"height":56,"caption":"Books From Mexico"},"image":{"@id":"https:\/\/booksfrommexico.com\/#\/schema\/logo\/image\/"}}]}},"_links":{"self":[{"href":"https:\/\/booksfrommexico.com\/es\/wp-json\/wp\/v2\/product\/826","targetHints":{"allow":["GET"]}}],"collection":[{"href":"https:\/\/booksfrommexico.com\/es\/wp-json\/wp\/v2\/product"}],"about":[{"href":"https:\/\/booksfrommexico.com\/es\/wp-json\/wp\/v2\/types\/product"}],"wp:featuredmedia":[{"embeddable":true,"href":"https:\/\/booksfrommexico.com\/es\/wp-json\/wp\/v2\/media\/825"}],"wp:attachment":[{"href":"https:\/\/booksfrommexico.com\/es\/wp-json\/wp\/v2\/media?parent=826"}],"wp:term":[{"taxonomy":"product_brand","embeddable":true,"href":"https:\/\/booksfrommexico.com\/es\/wp-json\/wp\/v2\/product_brand?post=826"},{"taxonomy":"product_cat","embeddable":true,"href":"https:\/\/booksfrommexico.com\/es\/wp-json\/wp\/v2\/product_cat?post=826"},{"taxonomy":"product_tag","embeddable":true,"href":"https:\/\/booksfrommexico.com\/es\/wp-json\/wp\/v2\/product_tag?post=826"}],"curies":[{"name":"wp","href":"https:\/\/api.w.org\/{rel}","templated":true}]}}