{"id":83,"date":"2023-05-08T16:08:40","date_gmt":"2023-05-08T16:08:40","guid":{"rendered":"http:\/\/booksfrommexico.com\/product\/cronicas-40-articulos-personajes-historias-costumbres-y-tradiciones\/"},"modified":"2024-06-04T19:05:17","modified_gmt":"2024-06-04T19:05:17","slug":"cronicas-40-articulos-personajes-historias-costumbres-y-tradiciones","status":"publish","type":"product","link":"https:\/\/booksfrommexico.com\/es\/producto\/cronicas-40-articulos-personajes-historias-costumbres-y-tradiciones\/","title":{"rendered":"Cr\u00f3nicas: 40 art\u00edculos Personajes, historias, costumbres y tradiciones"},"content":{"rendered":"<p id=\"tw-target-text\" class=\"tw-data-text tw-text-large tw-ta\" dir=\"ltr\" data-placeholder=\"Traducci\u00f3n\" data-ved=\"2ahUKEwje7Jv-sPuCAxWGLkQIHSSZDxwQ3ewLegQIBRAQ\"><span style=\"font-weight: 400;\">Vasconcelos Beltr\u00e1n es una de las voces m\u00e1s respetadas en el rescate de la riqueza patrimonial, manteniendo detalles de la vida cotidiana de la ciudad, enriqueciendo la narraci\u00f3n con la fotograf\u00eda y la ilustraci\u00f3n. En sus textos da a conocer fiestas tradicionales, la historia de monumentos y de la ciudad, los personajes que le dan y han dado vida hasta llegar a colocarla como parte de la Lista del Patrimonio Mundial. El registro que aqu\u00ed se hace, muestra el presente y la realidad de la sociedad de forma fiel, evocando lugares y situaciones que por la cotidianeidad pasan desapercibidos, pero que el autor rescata, describiendo el paisaje y transcribiendo la historia.<\/span><\/p>\n","protected":false},"excerpt":{"rendered":"<div>\n<p>CR\u00d3NICAS : 40 ART\u00cdCULOS : PERSONAJES, HISTORIA, COSTUMBRES Y TRADICIONES.<span style=\"font-weight: 400;\"> \/ Rub\u00e9n Vasconcelos Beltr\u00e1n. Second edition. Oaxaca, M\u00e9xico : Carteles Editores, 2013. 190 pages : includes illustrations, color photos\u00a0 ; 23 cm. ISBN : 9786079305031.<\/span><\/p>\n<\/div>\n<div><\/div>\n<div><\/div>\n<div><\/div>\n","protected":false},"featured_media":82,"template":"","meta":{"_acf_changed":false,"inline_featured_image":false},"product_brand":[],"product_cat":[19,66,372],"product_tag":[3607,3797,3608],"class_list":{"0":"post-83","1":"product","2":"type-product","3":"status-publish","4":"has-post-thumbnail","6":"product_cat-antropologia","7":"product_cat-sociocultural","8":"product_cat-tradiciones-culturales","9":"product_tag-historia-local","10":"product_tag-oaxaca-mexico","11":"product_tag-vida-social-y-costumbres","13":"first","14":"instock","15":"taxable","16":"shipping-taxable","17":"purchasable","18":"product-type-simple"},"acf":[],"yoast_head":"<!-- This site is optimized with the Yoast SEO plugin v27.2 - https:\/\/yoast.com\/product\/yoast-seo-wordpress\/ -->\n<title>Cr\u00f3nicas: Personajes, historias, costumbres y tradiciones<\/title>\n<meta name=\"description\" content=\"CR\u00d3NICAS : 40 ART\u00cdCULOS : PERSONAJES, HISTORIA, COSTUMBRES Y TRADICIONES. \/ Rub\u00e9n Vasconcelos Beltr\u00e1n. Second edition. Carteles Editores, 2013.\" \/>\n<meta name=\"robots\" content=\"index, follow, max-snippet:-1, max-image-preview:large, max-video-preview:-1\" \/>\n<link rel=\"canonical\" href=\"https:\/\/booksfrommexico.com\/es\/producto\/cronicas-40-articulos-personajes-historias-costumbres-y-tradiciones\/\" \/>\n<meta property=\"og:locale\" content=\"es_ES\" \/>\n<meta property=\"og:type\" content=\"article\" \/>\n<meta property=\"og:title\" content=\"Cr\u00f3nicas: Personajes, historias, costumbres y tradiciones\" \/>\n<meta property=\"og:description\" content=\"CR\u00d3NICAS : 40 ART\u00cdCULOS : PERSONAJES, HISTORIA, COSTUMBRES Y TRADICIONES. \/ Rub\u00e9n Vasconcelos Beltr\u00e1n. Second edition. Carteles Editores, 2013.\" \/>\n<meta property=\"og:url\" content=\"https:\/\/booksfrommexico.com\/es\/producto\/cronicas-40-articulos-personajes-historias-costumbres-y-tradiciones\/\" \/>\n<meta property=\"og:site_name\" content=\"Books From Mexico\" \/>\n<meta property=\"article:modified_time\" content=\"2024-06-04T19:05:17+00:00\" \/>\n<meta property=\"og:image\" content=\"http:\/\/booksfrommexico.com\/app\/uploads\/2023\/05\/170927-pdf.jpg\" \/>\n\t<meta property=\"og:image:width\" content=\"774\" \/>\n\t<meta property=\"og:image:height\" content=\"1136\" \/>\n\t<meta property=\"og:image:type\" content=\"image\/jpeg\" \/>\n<meta name=\"twitter:card\" content=\"summary_large_image\" \/>\n<meta name=\"twitter:label1\" content=\"Tiempo de lectura\" \/>\n\t<meta name=\"twitter:data1\" content=\"1 minuto\" \/>\n<script type=\"application\/ld+json\" class=\"yoast-schema-graph\">{\"@context\":\"https:\/\/schema.org\",\"@graph\":[{\"@type\":\"WebPage\",\"@id\":\"https:\/\/booksfrommexico.com\/es\/producto\/cronicas-40-articulos-personajes-historias-costumbres-y-tradiciones\/\",\"url\":\"https:\/\/booksfrommexico.com\/es\/producto\/cronicas-40-articulos-personajes-historias-costumbres-y-tradiciones\/\",\"name\":\"Cr\u00f3nicas: Personajes, historias, costumbres y tradiciones\",\"isPartOf\":{\"@id\":\"https:\/\/booksfrommexico.com\/#website\"},\"primaryImageOfPage\":{\"@id\":\"https:\/\/booksfrommexico.com\/es\/producto\/cronicas-40-articulos-personajes-historias-costumbres-y-tradiciones\/#primaryimage\"},\"image\":{\"@id\":\"https:\/\/booksfrommexico.com\/es\/producto\/cronicas-40-articulos-personajes-historias-costumbres-y-tradiciones\/#primaryimage\"},\"thumbnailUrl\":\"https:\/\/booksfrommexico.com\/app\/uploads\/2023\/05\/170927-pdf.jpg\",\"datePublished\":\"2023-05-08T16:08:40+00:00\",\"dateModified\":\"2024-06-04T19:05:17+00:00\",\"description\":\"CR\u00d3NICAS : 40 ART\u00cdCULOS : PERSONAJES, HISTORIA, COSTUMBRES Y TRADICIONES. \/ Rub\u00e9n Vasconcelos Beltr\u00e1n. Second edition. Carteles Editores, 2013.\",\"breadcrumb\":{\"@id\":\"https:\/\/booksfrommexico.com\/es\/producto\/cronicas-40-articulos-personajes-historias-costumbres-y-tradiciones\/#breadcrumb\"},\"inLanguage\":\"es\",\"potentialAction\":[{\"@type\":\"ReadAction\",\"target\":[\"https:\/\/booksfrommexico.com\/es\/producto\/cronicas-40-articulos-personajes-historias-costumbres-y-tradiciones\/\"]}]},{\"@type\":\"ImageObject\",\"inLanguage\":\"es\",\"@id\":\"https:\/\/booksfrommexico.com\/es\/producto\/cronicas-40-articulos-personajes-historias-costumbres-y-tradiciones\/#primaryimage\",\"url\":\"https:\/\/booksfrommexico.com\/app\/uploads\/2023\/05\/170927-pdf.jpg\",\"contentUrl\":\"https:\/\/booksfrommexico.com\/app\/uploads\/2023\/05\/170927-pdf.jpg\",\"width\":774,\"height\":1136,\"caption\":\"Vasconcelos Beltr\u00e1n, Rub\u00e9n CR\u00d3NICAS local history oaxaca\"},{\"@type\":\"BreadcrumbList\",\"@id\":\"https:\/\/booksfrommexico.com\/es\/producto\/cronicas-40-articulos-personajes-historias-costumbres-y-tradiciones\/#breadcrumb\",\"itemListElement\":[{\"@type\":\"ListItem\",\"position\":1,\"name\":\"Home\",\"item\":\"https:\/\/booksfrommexico.com\/es\/\"},{\"@type\":\"ListItem\",\"position\":2,\"name\":\"Libros\",\"item\":\"https:\/\/booksfrommexico.com\/es\/libros\/\"},{\"@type\":\"ListItem\",\"position\":3,\"name\":\"Cr\u00f3nicas: 40 art\u00edculos Personajes, historias, costumbres y tradiciones\"}]},{\"@type\":\"WebSite\",\"@id\":\"https:\/\/booksfrommexico.com\/#website\",\"url\":\"https:\/\/booksfrommexico.com\/\",\"name\":\"Books From Mexico\",\"description\":\"\",\"publisher\":{\"@id\":\"https:\/\/booksfrommexico.com\/#organization\"},\"potentialAction\":[{\"@type\":\"SearchAction\",\"target\":{\"@type\":\"EntryPoint\",\"urlTemplate\":\"https:\/\/booksfrommexico.com\/?s={search_term_string}\"},\"query-input\":{\"@type\":\"PropertyValueSpecification\",\"valueRequired\":true,\"valueName\":\"search_term_string\"}}],\"inLanguage\":\"es\"},{\"@type\":\"Organization\",\"@id\":\"https:\/\/booksfrommexico.com\/#organization\",\"name\":\"Books From Mexico\",\"url\":\"https:\/\/booksfrommexico.com\/\",\"logo\":{\"@type\":\"ImageObject\",\"inLanguage\":\"es\",\"@id\":\"https:\/\/booksfrommexico.com\/#\/schema\/logo\/image\/\",\"url\":\"https:\/\/booksfrommexico.com\/app\/uploads\/2023\/05\/logo-booksfrommexico.svg\",\"contentUrl\":\"https:\/\/booksfrommexico.com\/app\/uploads\/2023\/05\/logo-booksfrommexico.svg\",\"width\":86,\"height\":56,\"caption\":\"Books From Mexico\"},\"image\":{\"@id\":\"https:\/\/booksfrommexico.com\/#\/schema\/logo\/image\/\"}}]}<\/script>\n<!-- \/ Yoast SEO plugin. -->","yoast_head_json":{"title":"Cr\u00f3nicas: Personajes, historias, costumbres y tradiciones","description":"CR\u00d3NICAS : 40 ART\u00cdCULOS : PERSONAJES, HISTORIA, COSTUMBRES Y TRADICIONES. \/ Rub\u00e9n Vasconcelos Beltr\u00e1n. Second edition. Carteles Editores, 2013.","robots":{"index":"index","follow":"follow","max-snippet":"max-snippet:-1","max-image-preview":"max-image-preview:large","max-video-preview":"max-video-preview:-1"},"canonical":"https:\/\/booksfrommexico.com\/es\/producto\/cronicas-40-articulos-personajes-historias-costumbres-y-tradiciones\/","og_locale":"es_ES","og_type":"article","og_title":"Cr\u00f3nicas: Personajes, historias, costumbres y tradiciones","og_description":"CR\u00d3NICAS : 40 ART\u00cdCULOS : PERSONAJES, HISTORIA, COSTUMBRES Y TRADICIONES. \/ Rub\u00e9n Vasconcelos Beltr\u00e1n. Second edition. Carteles Editores, 2013.","og_url":"https:\/\/booksfrommexico.com\/es\/producto\/cronicas-40-articulos-personajes-historias-costumbres-y-tradiciones\/","og_site_name":"Books From Mexico","article_modified_time":"2024-06-04T19:05:17+00:00","og_image":[{"width":774,"height":1136,"url":"http:\/\/booksfrommexico.com\/app\/uploads\/2023\/05\/170927-pdf.jpg","type":"image\/jpeg"}],"twitter_card":"summary_large_image","twitter_misc":{"Tiempo de lectura":"1 minuto"},"schema":{"@context":"https:\/\/schema.org","@graph":[{"@type":"WebPage","@id":"https:\/\/booksfrommexico.com\/es\/producto\/cronicas-40-articulos-personajes-historias-costumbres-y-tradiciones\/","url":"https:\/\/booksfrommexico.com\/es\/producto\/cronicas-40-articulos-personajes-historias-costumbres-y-tradiciones\/","name":"Cr\u00f3nicas: Personajes, historias, costumbres y tradiciones","isPartOf":{"@id":"https:\/\/booksfrommexico.com\/#website"},"primaryImageOfPage":{"@id":"https:\/\/booksfrommexico.com\/es\/producto\/cronicas-40-articulos-personajes-historias-costumbres-y-tradiciones\/#primaryimage"},"image":{"@id":"https:\/\/booksfrommexico.com\/es\/producto\/cronicas-40-articulos-personajes-historias-costumbres-y-tradiciones\/#primaryimage"},"thumbnailUrl":"https:\/\/booksfrommexico.com\/app\/uploads\/2023\/05\/170927-pdf.jpg","datePublished":"2023-05-08T16:08:40+00:00","dateModified":"2024-06-04T19:05:17+00:00","description":"CR\u00d3NICAS : 40 ART\u00cdCULOS : PERSONAJES, HISTORIA, COSTUMBRES Y TRADICIONES. \/ Rub\u00e9n Vasconcelos Beltr\u00e1n. Second edition. Carteles Editores, 2013.","breadcrumb":{"@id":"https:\/\/booksfrommexico.com\/es\/producto\/cronicas-40-articulos-personajes-historias-costumbres-y-tradiciones\/#breadcrumb"},"inLanguage":"es","potentialAction":[{"@type":"ReadAction","target":["https:\/\/booksfrommexico.com\/es\/producto\/cronicas-40-articulos-personajes-historias-costumbres-y-tradiciones\/"]}]},{"@type":"ImageObject","inLanguage":"es","@id":"https:\/\/booksfrommexico.com\/es\/producto\/cronicas-40-articulos-personajes-historias-costumbres-y-tradiciones\/#primaryimage","url":"https:\/\/booksfrommexico.com\/app\/uploads\/2023\/05\/170927-pdf.jpg","contentUrl":"https:\/\/booksfrommexico.com\/app\/uploads\/2023\/05\/170927-pdf.jpg","width":774,"height":1136,"caption":"Vasconcelos Beltr\u00e1n, Rub\u00e9n CR\u00d3NICAS local history oaxaca"},{"@type":"BreadcrumbList","@id":"https:\/\/booksfrommexico.com\/es\/producto\/cronicas-40-articulos-personajes-historias-costumbres-y-tradiciones\/#breadcrumb","itemListElement":[{"@type":"ListItem","position":1,"name":"Home","item":"https:\/\/booksfrommexico.com\/es\/"},{"@type":"ListItem","position":2,"name":"Libros","item":"https:\/\/booksfrommexico.com\/es\/libros\/"},{"@type":"ListItem","position":3,"name":"Cr\u00f3nicas: 40 art\u00edculos Personajes, historias, costumbres y tradiciones"}]},{"@type":"WebSite","@id":"https:\/\/booksfrommexico.com\/#website","url":"https:\/\/booksfrommexico.com\/","name":"Books From Mexico","description":"","publisher":{"@id":"https:\/\/booksfrommexico.com\/#organization"},"potentialAction":[{"@type":"SearchAction","target":{"@type":"EntryPoint","urlTemplate":"https:\/\/booksfrommexico.com\/?s={search_term_string}"},"query-input":{"@type":"PropertyValueSpecification","valueRequired":true,"valueName":"search_term_string"}}],"inLanguage":"es"},{"@type":"Organization","@id":"https:\/\/booksfrommexico.com\/#organization","name":"Books From Mexico","url":"https:\/\/booksfrommexico.com\/","logo":{"@type":"ImageObject","inLanguage":"es","@id":"https:\/\/booksfrommexico.com\/#\/schema\/logo\/image\/","url":"https:\/\/booksfrommexico.com\/app\/uploads\/2023\/05\/logo-booksfrommexico.svg","contentUrl":"https:\/\/booksfrommexico.com\/app\/uploads\/2023\/05\/logo-booksfrommexico.svg","width":86,"height":56,"caption":"Books From Mexico"},"image":{"@id":"https:\/\/booksfrommexico.com\/#\/schema\/logo\/image\/"}}]}},"_links":{"self":[{"href":"https:\/\/booksfrommexico.com\/es\/wp-json\/wp\/v2\/product\/83","targetHints":{"allow":["GET"]}}],"collection":[{"href":"https:\/\/booksfrommexico.com\/es\/wp-json\/wp\/v2\/product"}],"about":[{"href":"https:\/\/booksfrommexico.com\/es\/wp-json\/wp\/v2\/types\/product"}],"wp:featuredmedia":[{"embeddable":true,"href":"https:\/\/booksfrommexico.com\/es\/wp-json\/wp\/v2\/media\/82"}],"wp:attachment":[{"href":"https:\/\/booksfrommexico.com\/es\/wp-json\/wp\/v2\/media?parent=83"}],"wp:term":[{"taxonomy":"product_brand","embeddable":true,"href":"https:\/\/booksfrommexico.com\/es\/wp-json\/wp\/v2\/product_brand?post=83"},{"taxonomy":"product_cat","embeddable":true,"href":"https:\/\/booksfrommexico.com\/es\/wp-json\/wp\/v2\/product_cat?post=83"},{"taxonomy":"product_tag","embeddable":true,"href":"https:\/\/booksfrommexico.com\/es\/wp-json\/wp\/v2\/product_tag?post=83"}],"curies":[{"name":"wp","href":"https:\/\/api.w.org\/{rel}","templated":true}]}}