{"id":830,"date":"2023-05-08T17:07:22","date_gmt":"2023-05-08T17:07:22","guid":{"rendered":"http:\/\/booksfrommexico.com\/product\/de-bunuel-a-santo-guanajuato-un-lugar-de-cine\/"},"modified":"2024-05-15T23:55:40","modified_gmt":"2024-05-15T23:55:40","slug":"de-bunuel-a-santo-guanajuato-un-lugar-de-cine","status":"publish","type":"product","link":"https:\/\/booksfrommexico.com\/es\/producto\/de-bunuel-a-santo-guanajuato-un-lugar-de-cine\/","title":{"rendered":"De Bu\u00f1uel a Santo: Guanajuato un lugar de cine"},"content":{"rendered":"<p><span style=\"font-weight: 400;\">En el marco del d\u00e9cimo Festival de Cine en Guanajuato, este libro surge como un homenaje al emblem\u00e1tico estado y a sus habitantes. Los autores, comunic\u00f3logos e investigadores del s\u00e9ptimo arte, se centran en la cinta <\/span><i><span style=\"font-weight: 400;\">Las momias de Guanajuato <\/span><\/i><span style=\"font-weight: 400;\">para hablar de la historia del cine en Guanajuato, debido a que ilustran c\u00f3mo la ciudad puede adquirir tambi\u00e9n el protagonismo en una obra audiovisual, como si se tratara de un personaje m\u00e1s. El texto est\u00e1 acompa\u00f1ado de fotograf\u00edas que son fotogramas y afiches que pertenecen y distribuyen las casas productoras para su difusi\u00f3n y en medios y publicaciones especializadas, por lo que se trata de material documental de \u00e9poca.<\/span><\/p>\n","protected":false},"excerpt":{"rendered":"<p>DE BU\u00d1UEL A SANTO : GUANAJUATO UN LUGAR DE CINE<span style=\"font-weight: 400;\">. \/ Beatriz Chemor \u00c1vila, Francisco Javier Mill\u00e1n. Guanajuato, M\u00e9xico : Gobierno del Estado de Guanajuato , Instituto Estatal de la Cultura ; Fundaci\u00f3n Expresi\u00f3n en Corto ; Ediciones La Rana, 2007. 144 pages : includes photos, references, bibliography. 25 cm. ISBN : 970724075X.<\/span><\/p>\n","protected":false},"featured_media":829,"template":"","meta":{"_acf_changed":false,"inline_featured_image":false},"product_brand":[],"product_cat":[911],"product_tag":[4037,4363,4367],"class_list":{"0":"post-830","1":"product","2":"type-product","3":"status-publish","4":"has-post-thumbnail","6":"product_cat-pelicula-y-cine","7":"product_tag-cine-mexicano","8":"product_tag-guanajuato-mexico","9":"product_tag-historia-del-cine","11":"first","12":"instock","13":"taxable","14":"shipping-taxable","15":"purchasable","16":"product-type-simple"},"acf":[],"yoast_head":"<!-- This site is optimized with the Yoast SEO plugin v27.3 - https:\/\/yoast.com\/product\/yoast-seo-wordpress\/ -->\n<title>De Bu\u00f1uel a Santo: Guanajuato un lugar de cine.<\/title>\n<meta name=\"description\" content=\"DE BU\u00d1UEL A SANTO : GUANAJUATO UN LUGAR DE CINE. \/ Beatriz Chemor \u00c1vila, Francisco Javier Mill\u00e1n. Includes photos, references, bibliography. 25 cm.\" \/>\n<meta name=\"robots\" content=\"index, follow, max-snippet:-1, max-image-preview:large, max-video-preview:-1\" \/>\n<link rel=\"canonical\" href=\"https:\/\/booksfrommexico.com\/es\/producto\/de-bunuel-a-santo-guanajuato-un-lugar-de-cine\/\" \/>\n<meta property=\"og:locale\" content=\"es_ES\" \/>\n<meta property=\"og:type\" content=\"article\" \/>\n<meta property=\"og:title\" content=\"De Bu\u00f1uel a Santo: Guanajuato un lugar de cine.\" \/>\n<meta property=\"og:description\" content=\"DE BU\u00d1UEL A SANTO : GUANAJUATO UN LUGAR DE CINE. \/ Beatriz Chemor \u00c1vila, Francisco Javier Mill\u00e1n. Includes photos, references, bibliography. 25 cm.\" \/>\n<meta property=\"og:url\" content=\"https:\/\/booksfrommexico.com\/es\/producto\/de-bunuel-a-santo-guanajuato-un-lugar-de-cine\/\" \/>\n<meta property=\"og:site_name\" content=\"Books From Mexico\" \/>\n<meta property=\"article:modified_time\" content=\"2024-05-15T23:55:40+00:00\" \/>\n<meta property=\"og:image\" content=\"http:\/\/booksfrommexico.com\/app\/uploads\/2023\/05\/141308.jpeg\" \/>\n\t<meta property=\"og:image:width\" content=\"548\" \/>\n\t<meta property=\"og:image:height\" content=\"708\" \/>\n\t<meta property=\"og:image:type\" content=\"image\/jpeg\" \/>\n<meta name=\"twitter:card\" content=\"summary_large_image\" \/>\n<meta name=\"twitter:label1\" content=\"Tiempo de lectura\" \/>\n\t<meta name=\"twitter:data1\" content=\"1 minuto\" \/>\n<script type=\"application\/ld+json\" class=\"yoast-schema-graph\">{\"@context\":\"https:\\\/\\\/schema.org\",\"@graph\":[{\"@type\":\"WebPage\",\"@id\":\"https:\\\/\\\/booksfrommexico.com\\\/es\\\/producto\\\/de-bunuel-a-santo-guanajuato-un-lugar-de-cine\\\/\",\"url\":\"https:\\\/\\\/booksfrommexico.com\\\/es\\\/producto\\\/de-bunuel-a-santo-guanajuato-un-lugar-de-cine\\\/\",\"name\":\"De Bu\u00f1uel a Santo: Guanajuato un lugar de cine.\",\"isPartOf\":{\"@id\":\"https:\\\/\\\/booksfrommexico.com\\\/#website\"},\"primaryImageOfPage\":{\"@id\":\"https:\\\/\\\/booksfrommexico.com\\\/es\\\/producto\\\/de-bunuel-a-santo-guanajuato-un-lugar-de-cine\\\/#primaryimage\"},\"image\":{\"@id\":\"https:\\\/\\\/booksfrommexico.com\\\/es\\\/producto\\\/de-bunuel-a-santo-guanajuato-un-lugar-de-cine\\\/#primaryimage\"},\"thumbnailUrl\":\"https:\\\/\\\/booksfrommexico.com\\\/app\\\/uploads\\\/2023\\\/05\\\/141308.jpeg\",\"datePublished\":\"2023-05-08T17:07:22+00:00\",\"dateModified\":\"2024-05-15T23:55:40+00:00\",\"description\":\"DE BU\u00d1UEL A SANTO : GUANAJUATO UN LUGAR DE CINE. \\\/ Beatriz Chemor \u00c1vila, Francisco Javier Mill\u00e1n. Includes photos, references, bibliography. 25 cm.\",\"breadcrumb\":{\"@id\":\"https:\\\/\\\/booksfrommexico.com\\\/es\\\/producto\\\/de-bunuel-a-santo-guanajuato-un-lugar-de-cine\\\/#breadcrumb\"},\"inLanguage\":\"es\",\"potentialAction\":[{\"@type\":\"ReadAction\",\"target\":[\"https:\\\/\\\/booksfrommexico.com\\\/es\\\/producto\\\/de-bunuel-a-santo-guanajuato-un-lugar-de-cine\\\/\"]}]},{\"@type\":\"ImageObject\",\"inLanguage\":\"es\",\"@id\":\"https:\\\/\\\/booksfrommexico.com\\\/es\\\/producto\\\/de-bunuel-a-santo-guanajuato-un-lugar-de-cine\\\/#primaryimage\",\"url\":\"https:\\\/\\\/booksfrommexico.com\\\/app\\\/uploads\\\/2023\\\/05\\\/141308.jpeg\",\"contentUrl\":\"https:\\\/\\\/booksfrommexico.com\\\/app\\\/uploads\\\/2023\\\/05\\\/141308.jpeg\",\"width\":548,\"height\":708,\"caption\":\"De Bu\u00f1uel a Santo. Guanajuato un lugar de cine. Books From M\u00e9xico\"},{\"@type\":\"BreadcrumbList\",\"@id\":\"https:\\\/\\\/booksfrommexico.com\\\/es\\\/producto\\\/de-bunuel-a-santo-guanajuato-un-lugar-de-cine\\\/#breadcrumb\",\"itemListElement\":[{\"@type\":\"ListItem\",\"position\":1,\"name\":\"Home\",\"item\":\"https:\\\/\\\/booksfrommexico.com\\\/es\\\/\"},{\"@type\":\"ListItem\",\"position\":2,\"name\":\"Libros\",\"item\":\"https:\\\/\\\/booksfrommexico.com\\\/es\\\/libros\\\/\"},{\"@type\":\"ListItem\",\"position\":3,\"name\":\"De Bu\u00f1uel a Santo: Guanajuato un lugar de cine\"}]},{\"@type\":\"WebSite\",\"@id\":\"https:\\\/\\\/booksfrommexico.com\\\/#website\",\"url\":\"https:\\\/\\\/booksfrommexico.com\\\/\",\"name\":\"Books From Mexico\",\"description\":\"\",\"publisher\":{\"@id\":\"https:\\\/\\\/booksfrommexico.com\\\/#organization\"},\"potentialAction\":[{\"@type\":\"SearchAction\",\"target\":{\"@type\":\"EntryPoint\",\"urlTemplate\":\"https:\\\/\\\/booksfrommexico.com\\\/?s={search_term_string}\"},\"query-input\":{\"@type\":\"PropertyValueSpecification\",\"valueRequired\":true,\"valueName\":\"search_term_string\"}}],\"inLanguage\":\"es\"},{\"@type\":\"Organization\",\"@id\":\"https:\\\/\\\/booksfrommexico.com\\\/#organization\",\"name\":\"Books From Mexico\",\"url\":\"https:\\\/\\\/booksfrommexico.com\\\/\",\"logo\":{\"@type\":\"ImageObject\",\"inLanguage\":\"es\",\"@id\":\"https:\\\/\\\/booksfrommexico.com\\\/#\\\/schema\\\/logo\\\/image\\\/\",\"url\":\"https:\\\/\\\/booksfrommexico.com\\\/app\\\/uploads\\\/2023\\\/05\\\/logo-booksfrommexico.svg\",\"contentUrl\":\"https:\\\/\\\/booksfrommexico.com\\\/app\\\/uploads\\\/2023\\\/05\\\/logo-booksfrommexico.svg\",\"width\":86,\"height\":56,\"caption\":\"Books From Mexico\"},\"image\":{\"@id\":\"https:\\\/\\\/booksfrommexico.com\\\/#\\\/schema\\\/logo\\\/image\\\/\"}}]}<\/script>\n<!-- \/ Yoast SEO plugin. -->","yoast_head_json":{"title":"De Bu\u00f1uel a Santo: Guanajuato un lugar de cine.","description":"DE BU\u00d1UEL A SANTO : GUANAJUATO UN LUGAR DE CINE. \/ Beatriz Chemor \u00c1vila, Francisco Javier Mill\u00e1n. Includes photos, references, bibliography. 25 cm.","robots":{"index":"index","follow":"follow","max-snippet":"max-snippet:-1","max-image-preview":"max-image-preview:large","max-video-preview":"max-video-preview:-1"},"canonical":"https:\/\/booksfrommexico.com\/es\/producto\/de-bunuel-a-santo-guanajuato-un-lugar-de-cine\/","og_locale":"es_ES","og_type":"article","og_title":"De Bu\u00f1uel a Santo: Guanajuato un lugar de cine.","og_description":"DE BU\u00d1UEL A SANTO : GUANAJUATO UN LUGAR DE CINE. \/ Beatriz Chemor \u00c1vila, Francisco Javier Mill\u00e1n. Includes photos, references, bibliography. 25 cm.","og_url":"https:\/\/booksfrommexico.com\/es\/producto\/de-bunuel-a-santo-guanajuato-un-lugar-de-cine\/","og_site_name":"Books From Mexico","article_modified_time":"2024-05-15T23:55:40+00:00","og_image":[{"width":548,"height":708,"url":"http:\/\/booksfrommexico.com\/app\/uploads\/2023\/05\/141308.jpeg","type":"image\/jpeg"}],"twitter_card":"summary_large_image","twitter_misc":{"Tiempo de lectura":"1 minuto"},"schema":{"@context":"https:\/\/schema.org","@graph":[{"@type":"WebPage","@id":"https:\/\/booksfrommexico.com\/es\/producto\/de-bunuel-a-santo-guanajuato-un-lugar-de-cine\/","url":"https:\/\/booksfrommexico.com\/es\/producto\/de-bunuel-a-santo-guanajuato-un-lugar-de-cine\/","name":"De Bu\u00f1uel a Santo: Guanajuato un lugar de cine.","isPartOf":{"@id":"https:\/\/booksfrommexico.com\/#website"},"primaryImageOfPage":{"@id":"https:\/\/booksfrommexico.com\/es\/producto\/de-bunuel-a-santo-guanajuato-un-lugar-de-cine\/#primaryimage"},"image":{"@id":"https:\/\/booksfrommexico.com\/es\/producto\/de-bunuel-a-santo-guanajuato-un-lugar-de-cine\/#primaryimage"},"thumbnailUrl":"https:\/\/booksfrommexico.com\/app\/uploads\/2023\/05\/141308.jpeg","datePublished":"2023-05-08T17:07:22+00:00","dateModified":"2024-05-15T23:55:40+00:00","description":"DE BU\u00d1UEL A SANTO : GUANAJUATO UN LUGAR DE CINE. \/ Beatriz Chemor \u00c1vila, Francisco Javier Mill\u00e1n. Includes photos, references, bibliography. 25 cm.","breadcrumb":{"@id":"https:\/\/booksfrommexico.com\/es\/producto\/de-bunuel-a-santo-guanajuato-un-lugar-de-cine\/#breadcrumb"},"inLanguage":"es","potentialAction":[{"@type":"ReadAction","target":["https:\/\/booksfrommexico.com\/es\/producto\/de-bunuel-a-santo-guanajuato-un-lugar-de-cine\/"]}]},{"@type":"ImageObject","inLanguage":"es","@id":"https:\/\/booksfrommexico.com\/es\/producto\/de-bunuel-a-santo-guanajuato-un-lugar-de-cine\/#primaryimage","url":"https:\/\/booksfrommexico.com\/app\/uploads\/2023\/05\/141308.jpeg","contentUrl":"https:\/\/booksfrommexico.com\/app\/uploads\/2023\/05\/141308.jpeg","width":548,"height":708,"caption":"De Bu\u00f1uel a Santo. Guanajuato un lugar de cine. Books From M\u00e9xico"},{"@type":"BreadcrumbList","@id":"https:\/\/booksfrommexico.com\/es\/producto\/de-bunuel-a-santo-guanajuato-un-lugar-de-cine\/#breadcrumb","itemListElement":[{"@type":"ListItem","position":1,"name":"Home","item":"https:\/\/booksfrommexico.com\/es\/"},{"@type":"ListItem","position":2,"name":"Libros","item":"https:\/\/booksfrommexico.com\/es\/libros\/"},{"@type":"ListItem","position":3,"name":"De Bu\u00f1uel a Santo: Guanajuato un lugar de cine"}]},{"@type":"WebSite","@id":"https:\/\/booksfrommexico.com\/#website","url":"https:\/\/booksfrommexico.com\/","name":"Books From Mexico","description":"","publisher":{"@id":"https:\/\/booksfrommexico.com\/#organization"},"potentialAction":[{"@type":"SearchAction","target":{"@type":"EntryPoint","urlTemplate":"https:\/\/booksfrommexico.com\/?s={search_term_string}"},"query-input":{"@type":"PropertyValueSpecification","valueRequired":true,"valueName":"search_term_string"}}],"inLanguage":"es"},{"@type":"Organization","@id":"https:\/\/booksfrommexico.com\/#organization","name":"Books From Mexico","url":"https:\/\/booksfrommexico.com\/","logo":{"@type":"ImageObject","inLanguage":"es","@id":"https:\/\/booksfrommexico.com\/#\/schema\/logo\/image\/","url":"https:\/\/booksfrommexico.com\/app\/uploads\/2023\/05\/logo-booksfrommexico.svg","contentUrl":"https:\/\/booksfrommexico.com\/app\/uploads\/2023\/05\/logo-booksfrommexico.svg","width":86,"height":56,"caption":"Books From Mexico"},"image":{"@id":"https:\/\/booksfrommexico.com\/#\/schema\/logo\/image\/"}}]}},"_links":{"self":[{"href":"https:\/\/booksfrommexico.com\/es\/wp-json\/wp\/v2\/product\/830","targetHints":{"allow":["GET"]}}],"collection":[{"href":"https:\/\/booksfrommexico.com\/es\/wp-json\/wp\/v2\/product"}],"about":[{"href":"https:\/\/booksfrommexico.com\/es\/wp-json\/wp\/v2\/types\/product"}],"wp:featuredmedia":[{"embeddable":true,"href":"https:\/\/booksfrommexico.com\/es\/wp-json\/wp\/v2\/media\/829"}],"wp:attachment":[{"href":"https:\/\/booksfrommexico.com\/es\/wp-json\/wp\/v2\/media?parent=830"}],"wp:term":[{"taxonomy":"product_brand","embeddable":true,"href":"https:\/\/booksfrommexico.com\/es\/wp-json\/wp\/v2\/product_brand?post=830"},{"taxonomy":"product_cat","embeddable":true,"href":"https:\/\/booksfrommexico.com\/es\/wp-json\/wp\/v2\/product_cat?post=830"},{"taxonomy":"product_tag","embeddable":true,"href":"https:\/\/booksfrommexico.com\/es\/wp-json\/wp\/v2\/product_tag?post=830"}],"curies":[{"name":"wp","href":"https:\/\/api.w.org\/{rel}","templated":true}]}}