{"id":832,"date":"2023-05-08T17:07:24","date_gmt":"2023-05-08T17:07:24","guid":{"rendered":"http:\/\/booksfrommexico.com\/product\/mexico-destellos-en-plata-tane\/"},"modified":"2024-05-14T23:22:58","modified_gmt":"2024-05-14T23:22:58","slug":"mexico-destellos-en-plata-tane","status":"publish","type":"product","link":"https:\/\/booksfrommexico.com\/es\/producto\/mexico-destellos-en-plata-tane\/","title":{"rendered":"M\u00e9xico destellos en plata: Tane"},"content":{"rendered":"<p><span style=\"font-weight: 400;\">En la actualidad a\u00fan es poco estudiada la orfebrer\u00eda mexicana anterior a la conquista espa\u00f1ola, pero se sabe que los ind\u00edgenas realizaban piezas en oro y plata, creando figuras que maravillaron a Europa. Durante el siglo XIX, la plata mexicana produjo obras de alta calidad, sin embargo tuvo su decadencia debido a una falta de creatividad que padecieron sus dise\u00f1os con el tiempo. <\/span><span style=\"font-weight: 400;\">Tane<\/span><span style=\"font-weight: 400;\"> es una tienda que se adentr\u00f3 en el negocio de la orfebrer\u00eda en los a\u00f1os 50, consiguiendo una resurrecci\u00f3n del arte de la plater\u00eda. En este t\u00edtulo se presenta la historia de la plata en M\u00e9xico, acompa\u00f1ada de\u00a0 una serie de fotograf\u00edas de piezas hechas en plata a trav\u00e9s de los a\u00f1os de la colecci\u00f3n Tane.<\/span><\/p>\n","protected":false},"excerpt":{"rendered":"<p>M\u00c9XICO DESTELLOS EN PLATA : TANE<span style=\"font-weight: 400;\">. \/ Guillermo Tovar y de Teresa, Jaime Moreno Villarreal (authors) ; Gerardo Suter (photographer). M\u00e9xico, D.F. : Grupo Azabache, 2007. 255 pages : includes color photos chiefly ; 35 cm. ISBN :\u00a0 9789706780393.<\/span><\/p>\n","protected":false},"featured_media":831,"template":"","meta":{"_acf_changed":false,"inline_featured_image":false},"product_brand":[],"product_cat":[87,400],"product_tag":[4044,3671,4043],"class_list":{"0":"post-832","1":"product","2":"type-product","3":"status-publish","4":"has-post-thumbnail","6":"product_cat-arte","7":"product_cat-catalogos-de-exposiciones-arte","8":"product_tag-arte","9":"product_tag-exposiciones","10":"product_tag-fotografia","12":"first","13":"instock","14":"taxable","15":"shipping-taxable","16":"purchasable","17":"product-type-simple"},"acf":[],"yoast_head":"<!-- This site is optimized with the Yoast SEO plugin v27.3 - https:\/\/yoast.com\/product\/yoast-seo-wordpress\/ -->\n<title>M\u00e9xico destellos en plata: Tane<\/title>\n<meta name=\"description\" content=\"M\u00c9XICO DESTELLOS EN PLATA : TANE. \/ Guillermo Tovar y de Teresa, Jaime Moreno Villarreal (authors) ; Gerardo Suter (photographer). 2007.\" \/>\n<meta name=\"robots\" content=\"index, follow, max-snippet:-1, max-image-preview:large, max-video-preview:-1\" \/>\n<link rel=\"canonical\" href=\"https:\/\/booksfrommexico.com\/es\/producto\/mexico-destellos-en-plata-tane\/\" \/>\n<meta property=\"og:locale\" content=\"es_ES\" \/>\n<meta property=\"og:type\" content=\"article\" \/>\n<meta property=\"og:title\" content=\"M\u00e9xico destellos en plata: Tane\" \/>\n<meta property=\"og:description\" content=\"M\u00c9XICO DESTELLOS EN PLATA : TANE. \/ Guillermo Tovar y de Teresa, Jaime Moreno Villarreal (authors) ; Gerardo Suter (photographer). 2007.\" \/>\n<meta property=\"og:url\" content=\"https:\/\/booksfrommexico.com\/es\/producto\/mexico-destellos-en-plata-tane\/\" \/>\n<meta property=\"og:site_name\" content=\"Books From Mexico\" \/>\n<meta property=\"article:modified_time\" content=\"2024-05-14T23:22:58+00:00\" \/>\n<meta property=\"og:image\" content=\"http:\/\/booksfrommexico.com\/app\/uploads\/2023\/05\/141328.jpeg\" \/>\n\t<meta property=\"og:image:width\" content=\"623\" \/>\n\t<meta property=\"og:image:height\" content=\"864\" \/>\n\t<meta property=\"og:image:type\" content=\"image\/jpeg\" \/>\n<meta name=\"twitter:card\" content=\"summary_large_image\" \/>\n<meta name=\"twitter:label1\" content=\"Tiempo de lectura\" \/>\n\t<meta name=\"twitter:data1\" content=\"1 minuto\" \/>\n<script type=\"application\/ld+json\" class=\"yoast-schema-graph\">{\"@context\":\"https:\\\/\\\/schema.org\",\"@graph\":[{\"@type\":\"WebPage\",\"@id\":\"https:\\\/\\\/booksfrommexico.com\\\/es\\\/producto\\\/mexico-destellos-en-plata-tane\\\/\",\"url\":\"https:\\\/\\\/booksfrommexico.com\\\/es\\\/producto\\\/mexico-destellos-en-plata-tane\\\/\",\"name\":\"M\u00e9xico destellos en plata: Tane\",\"isPartOf\":{\"@id\":\"https:\\\/\\\/booksfrommexico.com\\\/#website\"},\"primaryImageOfPage\":{\"@id\":\"https:\\\/\\\/booksfrommexico.com\\\/es\\\/producto\\\/mexico-destellos-en-plata-tane\\\/#primaryimage\"},\"image\":{\"@id\":\"https:\\\/\\\/booksfrommexico.com\\\/es\\\/producto\\\/mexico-destellos-en-plata-tane\\\/#primaryimage\"},\"thumbnailUrl\":\"https:\\\/\\\/booksfrommexico.com\\\/app\\\/uploads\\\/2023\\\/05\\\/141328.jpeg\",\"datePublished\":\"2023-05-08T17:07:24+00:00\",\"dateModified\":\"2024-05-14T23:22:58+00:00\",\"description\":\"M\u00c9XICO DESTELLOS EN PLATA : TANE. \\\/ Guillermo Tovar y de Teresa, Jaime Moreno Villarreal (authors) ; Gerardo Suter (photographer). 2007.\",\"breadcrumb\":{\"@id\":\"https:\\\/\\\/booksfrommexico.com\\\/es\\\/producto\\\/mexico-destellos-en-plata-tane\\\/#breadcrumb\"},\"inLanguage\":\"es\",\"potentialAction\":[{\"@type\":\"ReadAction\",\"target\":[\"https:\\\/\\\/booksfrommexico.com\\\/es\\\/producto\\\/mexico-destellos-en-plata-tane\\\/\"]}]},{\"@type\":\"ImageObject\",\"inLanguage\":\"es\",\"@id\":\"https:\\\/\\\/booksfrommexico.com\\\/es\\\/producto\\\/mexico-destellos-en-plata-tane\\\/#primaryimage\",\"url\":\"https:\\\/\\\/booksfrommexico.com\\\/app\\\/uploads\\\/2023\\\/05\\\/141328.jpeg\",\"contentUrl\":\"https:\\\/\\\/booksfrommexico.com\\\/app\\\/uploads\\\/2023\\\/05\\\/141328.jpeg\",\"width\":623,\"height\":864,\"caption\":\"M\u00e9xico destellos en plata. Tane. Books From M\u00e9xico\"},{\"@type\":\"BreadcrumbList\",\"@id\":\"https:\\\/\\\/booksfrommexico.com\\\/es\\\/producto\\\/mexico-destellos-en-plata-tane\\\/#breadcrumb\",\"itemListElement\":[{\"@type\":\"ListItem\",\"position\":1,\"name\":\"Home\",\"item\":\"https:\\\/\\\/booksfrommexico.com\\\/es\\\/\"},{\"@type\":\"ListItem\",\"position\":2,\"name\":\"Libros\",\"item\":\"https:\\\/\\\/booksfrommexico.com\\\/es\\\/libros\\\/\"},{\"@type\":\"ListItem\",\"position\":3,\"name\":\"M\u00e9xico destellos en plata: Tane\"}]},{\"@type\":\"WebSite\",\"@id\":\"https:\\\/\\\/booksfrommexico.com\\\/#website\",\"url\":\"https:\\\/\\\/booksfrommexico.com\\\/\",\"name\":\"Books From Mexico\",\"description\":\"\",\"publisher\":{\"@id\":\"https:\\\/\\\/booksfrommexico.com\\\/#organization\"},\"potentialAction\":[{\"@type\":\"SearchAction\",\"target\":{\"@type\":\"EntryPoint\",\"urlTemplate\":\"https:\\\/\\\/booksfrommexico.com\\\/?s={search_term_string}\"},\"query-input\":{\"@type\":\"PropertyValueSpecification\",\"valueRequired\":true,\"valueName\":\"search_term_string\"}}],\"inLanguage\":\"es\"},{\"@type\":\"Organization\",\"@id\":\"https:\\\/\\\/booksfrommexico.com\\\/#organization\",\"name\":\"Books From Mexico\",\"url\":\"https:\\\/\\\/booksfrommexico.com\\\/\",\"logo\":{\"@type\":\"ImageObject\",\"inLanguage\":\"es\",\"@id\":\"https:\\\/\\\/booksfrommexico.com\\\/#\\\/schema\\\/logo\\\/image\\\/\",\"url\":\"https:\\\/\\\/booksfrommexico.com\\\/app\\\/uploads\\\/2023\\\/05\\\/logo-booksfrommexico.svg\",\"contentUrl\":\"https:\\\/\\\/booksfrommexico.com\\\/app\\\/uploads\\\/2023\\\/05\\\/logo-booksfrommexico.svg\",\"width\":86,\"height\":56,\"caption\":\"Books From Mexico\"},\"image\":{\"@id\":\"https:\\\/\\\/booksfrommexico.com\\\/#\\\/schema\\\/logo\\\/image\\\/\"}}]}<\/script>\n<!-- \/ Yoast SEO plugin. -->","yoast_head_json":{"title":"M\u00e9xico destellos en plata: Tane","description":"M\u00c9XICO DESTELLOS EN PLATA : TANE. \/ Guillermo Tovar y de Teresa, Jaime Moreno Villarreal (authors) ; Gerardo Suter (photographer). 2007.","robots":{"index":"index","follow":"follow","max-snippet":"max-snippet:-1","max-image-preview":"max-image-preview:large","max-video-preview":"max-video-preview:-1"},"canonical":"https:\/\/booksfrommexico.com\/es\/producto\/mexico-destellos-en-plata-tane\/","og_locale":"es_ES","og_type":"article","og_title":"M\u00e9xico destellos en plata: Tane","og_description":"M\u00c9XICO DESTELLOS EN PLATA : TANE. \/ Guillermo Tovar y de Teresa, Jaime Moreno Villarreal (authors) ; Gerardo Suter (photographer). 2007.","og_url":"https:\/\/booksfrommexico.com\/es\/producto\/mexico-destellos-en-plata-tane\/","og_site_name":"Books From Mexico","article_modified_time":"2024-05-14T23:22:58+00:00","og_image":[{"width":623,"height":864,"url":"http:\/\/booksfrommexico.com\/app\/uploads\/2023\/05\/141328.jpeg","type":"image\/jpeg"}],"twitter_card":"summary_large_image","twitter_misc":{"Tiempo de lectura":"1 minuto"},"schema":{"@context":"https:\/\/schema.org","@graph":[{"@type":"WebPage","@id":"https:\/\/booksfrommexico.com\/es\/producto\/mexico-destellos-en-plata-tane\/","url":"https:\/\/booksfrommexico.com\/es\/producto\/mexico-destellos-en-plata-tane\/","name":"M\u00e9xico destellos en plata: Tane","isPartOf":{"@id":"https:\/\/booksfrommexico.com\/#website"},"primaryImageOfPage":{"@id":"https:\/\/booksfrommexico.com\/es\/producto\/mexico-destellos-en-plata-tane\/#primaryimage"},"image":{"@id":"https:\/\/booksfrommexico.com\/es\/producto\/mexico-destellos-en-plata-tane\/#primaryimage"},"thumbnailUrl":"https:\/\/booksfrommexico.com\/app\/uploads\/2023\/05\/141328.jpeg","datePublished":"2023-05-08T17:07:24+00:00","dateModified":"2024-05-14T23:22:58+00:00","description":"M\u00c9XICO DESTELLOS EN PLATA : TANE. \/ Guillermo Tovar y de Teresa, Jaime Moreno Villarreal (authors) ; Gerardo Suter (photographer). 2007.","breadcrumb":{"@id":"https:\/\/booksfrommexico.com\/es\/producto\/mexico-destellos-en-plata-tane\/#breadcrumb"},"inLanguage":"es","potentialAction":[{"@type":"ReadAction","target":["https:\/\/booksfrommexico.com\/es\/producto\/mexico-destellos-en-plata-tane\/"]}]},{"@type":"ImageObject","inLanguage":"es","@id":"https:\/\/booksfrommexico.com\/es\/producto\/mexico-destellos-en-plata-tane\/#primaryimage","url":"https:\/\/booksfrommexico.com\/app\/uploads\/2023\/05\/141328.jpeg","contentUrl":"https:\/\/booksfrommexico.com\/app\/uploads\/2023\/05\/141328.jpeg","width":623,"height":864,"caption":"M\u00e9xico destellos en plata. Tane. Books From M\u00e9xico"},{"@type":"BreadcrumbList","@id":"https:\/\/booksfrommexico.com\/es\/producto\/mexico-destellos-en-plata-tane\/#breadcrumb","itemListElement":[{"@type":"ListItem","position":1,"name":"Home","item":"https:\/\/booksfrommexico.com\/es\/"},{"@type":"ListItem","position":2,"name":"Libros","item":"https:\/\/booksfrommexico.com\/es\/libros\/"},{"@type":"ListItem","position":3,"name":"M\u00e9xico destellos en plata: Tane"}]},{"@type":"WebSite","@id":"https:\/\/booksfrommexico.com\/#website","url":"https:\/\/booksfrommexico.com\/","name":"Books From Mexico","description":"","publisher":{"@id":"https:\/\/booksfrommexico.com\/#organization"},"potentialAction":[{"@type":"SearchAction","target":{"@type":"EntryPoint","urlTemplate":"https:\/\/booksfrommexico.com\/?s={search_term_string}"},"query-input":{"@type":"PropertyValueSpecification","valueRequired":true,"valueName":"search_term_string"}}],"inLanguage":"es"},{"@type":"Organization","@id":"https:\/\/booksfrommexico.com\/#organization","name":"Books From Mexico","url":"https:\/\/booksfrommexico.com\/","logo":{"@type":"ImageObject","inLanguage":"es","@id":"https:\/\/booksfrommexico.com\/#\/schema\/logo\/image\/","url":"https:\/\/booksfrommexico.com\/app\/uploads\/2023\/05\/logo-booksfrommexico.svg","contentUrl":"https:\/\/booksfrommexico.com\/app\/uploads\/2023\/05\/logo-booksfrommexico.svg","width":86,"height":56,"caption":"Books From Mexico"},"image":{"@id":"https:\/\/booksfrommexico.com\/#\/schema\/logo\/image\/"}}]}},"_links":{"self":[{"href":"https:\/\/booksfrommexico.com\/es\/wp-json\/wp\/v2\/product\/832","targetHints":{"allow":["GET"]}}],"collection":[{"href":"https:\/\/booksfrommexico.com\/es\/wp-json\/wp\/v2\/product"}],"about":[{"href":"https:\/\/booksfrommexico.com\/es\/wp-json\/wp\/v2\/types\/product"}],"wp:featuredmedia":[{"embeddable":true,"href":"https:\/\/booksfrommexico.com\/es\/wp-json\/wp\/v2\/media\/831"}],"wp:attachment":[{"href":"https:\/\/booksfrommexico.com\/es\/wp-json\/wp\/v2\/media?parent=832"}],"wp:term":[{"taxonomy":"product_brand","embeddable":true,"href":"https:\/\/booksfrommexico.com\/es\/wp-json\/wp\/v2\/product_brand?post=832"},{"taxonomy":"product_cat","embeddable":true,"href":"https:\/\/booksfrommexico.com\/es\/wp-json\/wp\/v2\/product_cat?post=832"},{"taxonomy":"product_tag","embeddable":true,"href":"https:\/\/booksfrommexico.com\/es\/wp-json\/wp\/v2\/product_tag?post=832"}],"curies":[{"name":"wp","href":"https:\/\/api.w.org\/{rel}","templated":true}]}}