{"id":834,"date":"2023-05-08T17:07:25","date_gmt":"2023-05-08T17:07:25","guid":{"rendered":"http:\/\/booksfrommexico.com\/product\/tierra-y-sociedad-la-apropiacion-del-suelo-en-la-region-de-chalco-durante-los-siglos-xv-xvii\/"},"modified":"2024-05-14T22:52:45","modified_gmt":"2024-05-14T22:52:45","slug":"tierra-y-sociedad-la-apropiacion-del-suelo-en-la-region-de-chalco-durante-los-siglos-xv-xvii","status":"publish","type":"product","link":"https:\/\/booksfrommexico.com\/es\/producto\/tierra-y-sociedad-la-apropiacion-del-suelo-en-la-region-de-chalco-durante-los-siglos-xv-xvii\/","title":{"rendered":"Tierra y sociedad: La apropiaci\u00f3n del suelo en la regi\u00f3n de Chalco durante los siglos XV-XVII"},"content":{"rendered":"<p><span style=\"font-weight: 400;\">El objetivo de este estudio es la tenencia de la tierra en la provincia de Chalco durante los siglos XV-XVII, regi\u00f3n que se inserta dentro del marco territorial m\u00e1s amplio de la cuenca de M\u00e9xico, lo que lo convert\u00eda en un punto neur\u00e1lgico dentro del sistema de comunicaciones. El trabajo se divide en cuatro partes: el primero est\u00e1 dedicado al paisaje, estudiando la transformaci\u00f3n del medio geogr\u00e1fico desde la \u00e9poca prehisp\u00e1nica; el segundo estudia la poblaci\u00f3n y los cambios generados a ra\u00edz de la reorganizaci\u00f3n de ella, en las \u00e9pocas prehisp\u00e1nicas y colonial; el tercero se ocupa del proceso de distribuci\u00f3n de la tierra y estudia los diferentes mecanismos de apropiaci\u00f3n; el cuarto cap\u00edtulo se dedica a las caracter\u00edsticas y la evoluci\u00f3n de las propiedades en Chalco en los siglos XV y XVII.<\/span><\/p>\n","protected":false},"excerpt":{"rendered":"<p>TIERRA Y SOCIEDAD : LA APROPIACI\u00d3N DEL SUELO EN LA REGI\u00d3N DE CHALCO DURANTE LOS SIGLOS XV-XVII<span style=\"font-weight: 400;\">. \/ Tom\u00e1s Jalpa Flores. M\u00e9xico, D.F. : Instituto Nacional de Antropolog\u00eda e Historia, 2008. 262 pages : includes tables, charts, maps, bibliography ; 26 cm. (Colecci\u00f3n Cient\u00edfica ; Serie Historia). ISBN : 9789680303137.<\/span><\/p>\n","protected":false},"featured_media":833,"template":"","meta":{"_acf_changed":false,"inline_featured_image":false},"product_brand":[],"product_cat":[129,27,113],"product_tag":[3587],"class_list":{"0":"post-834","1":"product","2":"type-product","3":"status-publish","4":"has-post-thumbnail","6":"product_cat-colonial-historia","7":"product_cat-historia","8":"product_cat-historia-social","9":"product_tag-prehispanico","11":"first","12":"instock","13":"taxable","14":"shipping-taxable","15":"purchasable","16":"product-type-simple"},"acf":[],"yoast_head":"<!-- This site is optimized with the Yoast SEO plugin v27.3 - https:\/\/yoast.com\/product\/yoast-seo-wordpress\/ -->\n<title>Tierra y sociedad: La apropiaci\u00f3n del suelo en la regi\u00f3n de Chalco<\/title>\n<meta name=\"description\" content=\"TIERRA Y SOCIEDAD : LA APROPIACI\u00d3N DEL SUELO EN LA REGI\u00d3N DE CHALCO DURANTE LOS SIGLOS XV-XVII. \/ Tom\u00e1s Jalpa Flores. INAH, 2008.\" \/>\n<meta name=\"robots\" content=\"index, follow, max-snippet:-1, max-image-preview:large, max-video-preview:-1\" \/>\n<link rel=\"canonical\" href=\"https:\/\/booksfrommexico.com\/es\/producto\/tierra-y-sociedad-la-apropiacion-del-suelo-en-la-region-de-chalco-durante-los-siglos-xv-xvii\/\" \/>\n<meta property=\"og:locale\" content=\"es_ES\" \/>\n<meta property=\"og:type\" content=\"article\" \/>\n<meta property=\"og:title\" content=\"Tierra y sociedad: La apropiaci\u00f3n del suelo en la regi\u00f3n de Chalco\" \/>\n<meta property=\"og:description\" content=\"TIERRA Y SOCIEDAD : LA APROPIACI\u00d3N DEL SUELO EN LA REGI\u00d3N DE CHALCO DURANTE LOS SIGLOS XV-XVII. \/ Tom\u00e1s Jalpa Flores. INAH, 2008.\" \/>\n<meta property=\"og:url\" content=\"https:\/\/booksfrommexico.com\/es\/producto\/tierra-y-sociedad-la-apropiacion-del-suelo-en-la-region-de-chalco-durante-los-siglos-xv-xvii\/\" \/>\n<meta property=\"og:site_name\" content=\"Books From Mexico\" \/>\n<meta property=\"article:modified_time\" content=\"2024-05-14T22:52:45+00:00\" \/>\n<meta property=\"og:image\" content=\"http:\/\/booksfrommexico.com\/app\/uploads\/2023\/05\/141691.jpeg\" \/>\n\t<meta property=\"og:image:width\" content=\"528\" \/>\n\t<meta property=\"og:image:height\" content=\"749\" \/>\n\t<meta property=\"og:image:type\" content=\"image\/jpeg\" \/>\n<meta name=\"twitter:card\" content=\"summary_large_image\" \/>\n<meta name=\"twitter:label1\" content=\"Tiempo de lectura\" \/>\n\t<meta name=\"twitter:data1\" content=\"1 minuto\" \/>\n<script type=\"application\/ld+json\" class=\"yoast-schema-graph\">{\"@context\":\"https:\\\/\\\/schema.org\",\"@graph\":[{\"@type\":\"WebPage\",\"@id\":\"https:\\\/\\\/booksfrommexico.com\\\/es\\\/producto\\\/tierra-y-sociedad-la-apropiacion-del-suelo-en-la-region-de-chalco-durante-los-siglos-xv-xvii\\\/\",\"url\":\"https:\\\/\\\/booksfrommexico.com\\\/es\\\/producto\\\/tierra-y-sociedad-la-apropiacion-del-suelo-en-la-region-de-chalco-durante-los-siglos-xv-xvii\\\/\",\"name\":\"Tierra y sociedad: La apropiaci\u00f3n del suelo en la regi\u00f3n de Chalco\",\"isPartOf\":{\"@id\":\"https:\\\/\\\/booksfrommexico.com\\\/#website\"},\"primaryImageOfPage\":{\"@id\":\"https:\\\/\\\/booksfrommexico.com\\\/es\\\/producto\\\/tierra-y-sociedad-la-apropiacion-del-suelo-en-la-region-de-chalco-durante-los-siglos-xv-xvii\\\/#primaryimage\"},\"image\":{\"@id\":\"https:\\\/\\\/booksfrommexico.com\\\/es\\\/producto\\\/tierra-y-sociedad-la-apropiacion-del-suelo-en-la-region-de-chalco-durante-los-siglos-xv-xvii\\\/#primaryimage\"},\"thumbnailUrl\":\"https:\\\/\\\/booksfrommexico.com\\\/app\\\/uploads\\\/2023\\\/05\\\/141691.jpeg\",\"datePublished\":\"2023-05-08T17:07:25+00:00\",\"dateModified\":\"2024-05-14T22:52:45+00:00\",\"description\":\"TIERRA Y SOCIEDAD : LA APROPIACI\u00d3N DEL SUELO EN LA REGI\u00d3N DE CHALCO DURANTE LOS SIGLOS XV-XVII. \\\/ Tom\u00e1s Jalpa Flores. INAH, 2008.\",\"breadcrumb\":{\"@id\":\"https:\\\/\\\/booksfrommexico.com\\\/es\\\/producto\\\/tierra-y-sociedad-la-apropiacion-del-suelo-en-la-region-de-chalco-durante-los-siglos-xv-xvii\\\/#breadcrumb\"},\"inLanguage\":\"es\",\"potentialAction\":[{\"@type\":\"ReadAction\",\"target\":[\"https:\\\/\\\/booksfrommexico.com\\\/es\\\/producto\\\/tierra-y-sociedad-la-apropiacion-del-suelo-en-la-region-de-chalco-durante-los-siglos-xv-xvii\\\/\"]}]},{\"@type\":\"ImageObject\",\"inLanguage\":\"es\",\"@id\":\"https:\\\/\\\/booksfrommexico.com\\\/es\\\/producto\\\/tierra-y-sociedad-la-apropiacion-del-suelo-en-la-region-de-chalco-durante-los-siglos-xv-xvii\\\/#primaryimage\",\"url\":\"https:\\\/\\\/booksfrommexico.com\\\/app\\\/uploads\\\/2023\\\/05\\\/141691.jpeg\",\"contentUrl\":\"https:\\\/\\\/booksfrommexico.com\\\/app\\\/uploads\\\/2023\\\/05\\\/141691.jpeg\",\"width\":528,\"height\":749,\"caption\":\"Tierra y sociedad. La apropiaci\u00f3n del suelo en la regi\u00f3n de Chalco durante los siglos XV-XVII\"},{\"@type\":\"BreadcrumbList\",\"@id\":\"https:\\\/\\\/booksfrommexico.com\\\/es\\\/producto\\\/tierra-y-sociedad-la-apropiacion-del-suelo-en-la-region-de-chalco-durante-los-siglos-xv-xvii\\\/#breadcrumb\",\"itemListElement\":[{\"@type\":\"ListItem\",\"position\":1,\"name\":\"Home\",\"item\":\"https:\\\/\\\/booksfrommexico.com\\\/es\\\/\"},{\"@type\":\"ListItem\",\"position\":2,\"name\":\"Libros\",\"item\":\"https:\\\/\\\/booksfrommexico.com\\\/es\\\/libros\\\/\"},{\"@type\":\"ListItem\",\"position\":3,\"name\":\"Tierra y sociedad: La apropiaci\u00f3n del suelo en la regi\u00f3n de Chalco durante los siglos XV-XVII\"}]},{\"@type\":\"WebSite\",\"@id\":\"https:\\\/\\\/booksfrommexico.com\\\/#website\",\"url\":\"https:\\\/\\\/booksfrommexico.com\\\/\",\"name\":\"Books From Mexico\",\"description\":\"\",\"publisher\":{\"@id\":\"https:\\\/\\\/booksfrommexico.com\\\/#organization\"},\"potentialAction\":[{\"@type\":\"SearchAction\",\"target\":{\"@type\":\"EntryPoint\",\"urlTemplate\":\"https:\\\/\\\/booksfrommexico.com\\\/?s={search_term_string}\"},\"query-input\":{\"@type\":\"PropertyValueSpecification\",\"valueRequired\":true,\"valueName\":\"search_term_string\"}}],\"inLanguage\":\"es\"},{\"@type\":\"Organization\",\"@id\":\"https:\\\/\\\/booksfrommexico.com\\\/#organization\",\"name\":\"Books From Mexico\",\"url\":\"https:\\\/\\\/booksfrommexico.com\\\/\",\"logo\":{\"@type\":\"ImageObject\",\"inLanguage\":\"es\",\"@id\":\"https:\\\/\\\/booksfrommexico.com\\\/#\\\/schema\\\/logo\\\/image\\\/\",\"url\":\"https:\\\/\\\/booksfrommexico.com\\\/app\\\/uploads\\\/2023\\\/05\\\/logo-booksfrommexico.svg\",\"contentUrl\":\"https:\\\/\\\/booksfrommexico.com\\\/app\\\/uploads\\\/2023\\\/05\\\/logo-booksfrommexico.svg\",\"width\":86,\"height\":56,\"caption\":\"Books From Mexico\"},\"image\":{\"@id\":\"https:\\\/\\\/booksfrommexico.com\\\/#\\\/schema\\\/logo\\\/image\\\/\"}}]}<\/script>\n<!-- \/ Yoast SEO plugin. -->","yoast_head_json":{"title":"Tierra y sociedad: La apropiaci\u00f3n del suelo en la regi\u00f3n de Chalco","description":"TIERRA Y SOCIEDAD : LA APROPIACI\u00d3N DEL SUELO EN LA REGI\u00d3N DE CHALCO DURANTE LOS SIGLOS XV-XVII. \/ Tom\u00e1s Jalpa Flores. INAH, 2008.","robots":{"index":"index","follow":"follow","max-snippet":"max-snippet:-1","max-image-preview":"max-image-preview:large","max-video-preview":"max-video-preview:-1"},"canonical":"https:\/\/booksfrommexico.com\/es\/producto\/tierra-y-sociedad-la-apropiacion-del-suelo-en-la-region-de-chalco-durante-los-siglos-xv-xvii\/","og_locale":"es_ES","og_type":"article","og_title":"Tierra y sociedad: La apropiaci\u00f3n del suelo en la regi\u00f3n de Chalco","og_description":"TIERRA Y SOCIEDAD : LA APROPIACI\u00d3N DEL SUELO EN LA REGI\u00d3N DE CHALCO DURANTE LOS SIGLOS XV-XVII. \/ Tom\u00e1s Jalpa Flores. INAH, 2008.","og_url":"https:\/\/booksfrommexico.com\/es\/producto\/tierra-y-sociedad-la-apropiacion-del-suelo-en-la-region-de-chalco-durante-los-siglos-xv-xvii\/","og_site_name":"Books From Mexico","article_modified_time":"2024-05-14T22:52:45+00:00","og_image":[{"width":528,"height":749,"url":"http:\/\/booksfrommexico.com\/app\/uploads\/2023\/05\/141691.jpeg","type":"image\/jpeg"}],"twitter_card":"summary_large_image","twitter_misc":{"Tiempo de lectura":"1 minuto"},"schema":{"@context":"https:\/\/schema.org","@graph":[{"@type":"WebPage","@id":"https:\/\/booksfrommexico.com\/es\/producto\/tierra-y-sociedad-la-apropiacion-del-suelo-en-la-region-de-chalco-durante-los-siglos-xv-xvii\/","url":"https:\/\/booksfrommexico.com\/es\/producto\/tierra-y-sociedad-la-apropiacion-del-suelo-en-la-region-de-chalco-durante-los-siglos-xv-xvii\/","name":"Tierra y sociedad: La apropiaci\u00f3n del suelo en la regi\u00f3n de Chalco","isPartOf":{"@id":"https:\/\/booksfrommexico.com\/#website"},"primaryImageOfPage":{"@id":"https:\/\/booksfrommexico.com\/es\/producto\/tierra-y-sociedad-la-apropiacion-del-suelo-en-la-region-de-chalco-durante-los-siglos-xv-xvii\/#primaryimage"},"image":{"@id":"https:\/\/booksfrommexico.com\/es\/producto\/tierra-y-sociedad-la-apropiacion-del-suelo-en-la-region-de-chalco-durante-los-siglos-xv-xvii\/#primaryimage"},"thumbnailUrl":"https:\/\/booksfrommexico.com\/app\/uploads\/2023\/05\/141691.jpeg","datePublished":"2023-05-08T17:07:25+00:00","dateModified":"2024-05-14T22:52:45+00:00","description":"TIERRA Y SOCIEDAD : LA APROPIACI\u00d3N DEL SUELO EN LA REGI\u00d3N DE CHALCO DURANTE LOS SIGLOS XV-XVII. \/ Tom\u00e1s Jalpa Flores. INAH, 2008.","breadcrumb":{"@id":"https:\/\/booksfrommexico.com\/es\/producto\/tierra-y-sociedad-la-apropiacion-del-suelo-en-la-region-de-chalco-durante-los-siglos-xv-xvii\/#breadcrumb"},"inLanguage":"es","potentialAction":[{"@type":"ReadAction","target":["https:\/\/booksfrommexico.com\/es\/producto\/tierra-y-sociedad-la-apropiacion-del-suelo-en-la-region-de-chalco-durante-los-siglos-xv-xvii\/"]}]},{"@type":"ImageObject","inLanguage":"es","@id":"https:\/\/booksfrommexico.com\/es\/producto\/tierra-y-sociedad-la-apropiacion-del-suelo-en-la-region-de-chalco-durante-los-siglos-xv-xvii\/#primaryimage","url":"https:\/\/booksfrommexico.com\/app\/uploads\/2023\/05\/141691.jpeg","contentUrl":"https:\/\/booksfrommexico.com\/app\/uploads\/2023\/05\/141691.jpeg","width":528,"height":749,"caption":"Tierra y sociedad. La apropiaci\u00f3n del suelo en la regi\u00f3n de Chalco durante los siglos XV-XVII"},{"@type":"BreadcrumbList","@id":"https:\/\/booksfrommexico.com\/es\/producto\/tierra-y-sociedad-la-apropiacion-del-suelo-en-la-region-de-chalco-durante-los-siglos-xv-xvii\/#breadcrumb","itemListElement":[{"@type":"ListItem","position":1,"name":"Home","item":"https:\/\/booksfrommexico.com\/es\/"},{"@type":"ListItem","position":2,"name":"Libros","item":"https:\/\/booksfrommexico.com\/es\/libros\/"},{"@type":"ListItem","position":3,"name":"Tierra y sociedad: La apropiaci\u00f3n del suelo en la regi\u00f3n de Chalco durante los siglos XV-XVII"}]},{"@type":"WebSite","@id":"https:\/\/booksfrommexico.com\/#website","url":"https:\/\/booksfrommexico.com\/","name":"Books From Mexico","description":"","publisher":{"@id":"https:\/\/booksfrommexico.com\/#organization"},"potentialAction":[{"@type":"SearchAction","target":{"@type":"EntryPoint","urlTemplate":"https:\/\/booksfrommexico.com\/?s={search_term_string}"},"query-input":{"@type":"PropertyValueSpecification","valueRequired":true,"valueName":"search_term_string"}}],"inLanguage":"es"},{"@type":"Organization","@id":"https:\/\/booksfrommexico.com\/#organization","name":"Books From Mexico","url":"https:\/\/booksfrommexico.com\/","logo":{"@type":"ImageObject","inLanguage":"es","@id":"https:\/\/booksfrommexico.com\/#\/schema\/logo\/image\/","url":"https:\/\/booksfrommexico.com\/app\/uploads\/2023\/05\/logo-booksfrommexico.svg","contentUrl":"https:\/\/booksfrommexico.com\/app\/uploads\/2023\/05\/logo-booksfrommexico.svg","width":86,"height":56,"caption":"Books From Mexico"},"image":{"@id":"https:\/\/booksfrommexico.com\/#\/schema\/logo\/image\/"}}]}},"_links":{"self":[{"href":"https:\/\/booksfrommexico.com\/es\/wp-json\/wp\/v2\/product\/834","targetHints":{"allow":["GET"]}}],"collection":[{"href":"https:\/\/booksfrommexico.com\/es\/wp-json\/wp\/v2\/product"}],"about":[{"href":"https:\/\/booksfrommexico.com\/es\/wp-json\/wp\/v2\/types\/product"}],"wp:featuredmedia":[{"embeddable":true,"href":"https:\/\/booksfrommexico.com\/es\/wp-json\/wp\/v2\/media\/833"}],"wp:attachment":[{"href":"https:\/\/booksfrommexico.com\/es\/wp-json\/wp\/v2\/media?parent=834"}],"wp:term":[{"taxonomy":"product_brand","embeddable":true,"href":"https:\/\/booksfrommexico.com\/es\/wp-json\/wp\/v2\/product_brand?post=834"},{"taxonomy":"product_cat","embeddable":true,"href":"https:\/\/booksfrommexico.com\/es\/wp-json\/wp\/v2\/product_cat?post=834"},{"taxonomy":"product_tag","embeddable":true,"href":"https:\/\/booksfrommexico.com\/es\/wp-json\/wp\/v2\/product_tag?post=834"}],"curies":[{"name":"wp","href":"https:\/\/api.w.org\/{rel}","templated":true}]}}