{"id":836,"date":"2023-05-08T17:07:27","date_gmt":"2023-05-08T17:07:27","guid":{"rendered":"http:\/\/booksfrommexico.com\/product\/mexicanos-en-chicago-diario-de-campo-de-robert-redfield-1924-1925\/"},"modified":"2024-05-14T23:05:54","modified_gmt":"2024-05-14T23:05:54","slug":"mexicanos-en-chicago-diario-de-campo-de-robert-redfield-1924-1925","status":"publish","type":"product","link":"https:\/\/booksfrommexico.com\/es\/producto\/mexicanos-en-chicago-diario-de-campo-de-robert-redfield-1924-1925\/","title":{"rendered":"Mexicanos en Chicago: Diario de campo de Robert Redfield, 1924-1925"},"content":{"rendered":"<p><span style=\"font-weight: 400;\">Robert Redfield es un representante en la historia de la antropolog\u00eda mexicana debido a su trabajo sobre Tepoztl\u00e1n, as\u00ed como su propuesta de un \u201ccontinnum folk-urbano\u201d a partir del estudio de diversas poblaciones en Yucat\u00e1n. En esta ocasi\u00f3n, y gracias a las Colecciones Especiales de la Biblioteca de la Universidad de Chicago, se presenta la trayectoria acad\u00e9mica previa de Redfield, en la cual realiz\u00f3 un trabajo de campo de seis meses sobre la comunidad mexicana de Chicago. Los autores de este t\u00edtulo presentan y analizan ese material in\u00e9dito que leg\u00f3 Redfield, el cual es un testimonio de primera mano de la llegada de los migrantes mexicanos a Chicago en 1920.<\/span><\/p>\n","protected":false},"excerpt":{"rendered":"<p>MEXICANOS EN CHICAGO : DIARIO DE CAMPO DE ROBERT REDFIELD, 1924-1925<span style=\"font-weight: 400;\">. \/ Patricia Arias, Jorge Durand. Guadalajara, Jalisco, M\u00e9xico : Universidad de Guadalajara ; Centro Universitario de Ciencias Sociales y Humanidades ; Centro Universitario de los Lagos ; San Luis Potos\u00ed, M\u00e9xico : El Colegio de San Luis ; M\u00e9xico, D.F. : Centro de Investigaciones y Estudios Superiores en Antropolog\u00eda Social ; Miguel \u00c1ngel Porr\u00faa, 2008. 238 pages : includes photos, maps, tables, bibliography ; 23 cm. (Colecci\u00f3n Migraci\u00f3n). ISBN : 9786074010442. <\/span><\/p>\n","protected":false},"featured_media":835,"template":"","meta":{"_acf_changed":false,"inline_featured_image":false},"product_brand":[],"product_cat":[19,42],"product_tag":[3659,3685,3612],"class_list":{"0":"post-836","1":"product","2":"type-product","3":"status-publish","4":"has-post-thumbnail","6":"product_cat-antropologia","7":"product_cat-temas-de-inmigracion-y-migraciones-humanas","8":"product_tag-condiciones-sociales","9":"product_tag-inmigracion","10":"product_tag-inmigrants","12":"first","13":"instock","14":"taxable","15":"shipping-taxable","16":"purchasable","17":"product-type-simple"},"acf":[],"yoast_head":"<!-- This site is optimized with the Yoast SEO plugin v27.3 - https:\/\/yoast.com\/product\/yoast-seo-wordpress\/ -->\n<title>Mexicanos en Chicago: Diario de campo de Robert Redfield<\/title>\n<meta name=\"description\" content=\"MEXICANOS EN CHICAGO : DIARIO DE CAMPO DE ROBERT REDFIELD, 1924-1925. \/ Patricia Arias, Jorge Durand. (Colecci\u00f3n Migraci\u00f3n). ISBN : 9786074010442.\" \/>\n<meta name=\"robots\" content=\"index, follow, max-snippet:-1, max-image-preview:large, max-video-preview:-1\" \/>\n<link rel=\"canonical\" href=\"https:\/\/booksfrommexico.com\/es\/producto\/mexicanos-en-chicago-diario-de-campo-de-robert-redfield-1924-1925\/\" \/>\n<meta property=\"og:locale\" content=\"es_ES\" \/>\n<meta property=\"og:type\" content=\"article\" \/>\n<meta property=\"og:title\" content=\"Mexicanos en Chicago: Diario de campo de Robert Redfield\" \/>\n<meta property=\"og:description\" content=\"MEXICANOS EN CHICAGO : DIARIO DE CAMPO DE ROBERT REDFIELD, 1924-1925. \/ Patricia Arias, Jorge Durand. (Colecci\u00f3n Migraci\u00f3n). ISBN : 9786074010442.\" \/>\n<meta property=\"og:url\" content=\"https:\/\/booksfrommexico.com\/es\/producto\/mexicanos-en-chicago-diario-de-campo-de-robert-redfield-1924-1925\/\" \/>\n<meta property=\"og:site_name\" content=\"Books From Mexico\" \/>\n<meta property=\"article:modified_time\" content=\"2024-05-14T23:05:54+00:00\" \/>\n<meta property=\"og:image\" content=\"http:\/\/booksfrommexico.com\/app\/uploads\/2023\/05\/141611.jpeg\" \/>\n\t<meta property=\"og:image:width\" content=\"483\" \/>\n\t<meta property=\"og:image:height\" content=\"658\" \/>\n\t<meta property=\"og:image:type\" content=\"image\/jpeg\" \/>\n<meta name=\"twitter:card\" content=\"summary_large_image\" \/>\n<meta name=\"twitter:label1\" content=\"Tiempo de lectura\" \/>\n\t<meta name=\"twitter:data1\" content=\"1 minuto\" \/>\n<script type=\"application\/ld+json\" class=\"yoast-schema-graph\">{\"@context\":\"https:\\\/\\\/schema.org\",\"@graph\":[{\"@type\":\"WebPage\",\"@id\":\"https:\\\/\\\/booksfrommexico.com\\\/es\\\/producto\\\/mexicanos-en-chicago-diario-de-campo-de-robert-redfield-1924-1925\\\/\",\"url\":\"https:\\\/\\\/booksfrommexico.com\\\/es\\\/producto\\\/mexicanos-en-chicago-diario-de-campo-de-robert-redfield-1924-1925\\\/\",\"name\":\"Mexicanos en Chicago: Diario de campo de Robert Redfield\",\"isPartOf\":{\"@id\":\"https:\\\/\\\/booksfrommexico.com\\\/#website\"},\"primaryImageOfPage\":{\"@id\":\"https:\\\/\\\/booksfrommexico.com\\\/es\\\/producto\\\/mexicanos-en-chicago-diario-de-campo-de-robert-redfield-1924-1925\\\/#primaryimage\"},\"image\":{\"@id\":\"https:\\\/\\\/booksfrommexico.com\\\/es\\\/producto\\\/mexicanos-en-chicago-diario-de-campo-de-robert-redfield-1924-1925\\\/#primaryimage\"},\"thumbnailUrl\":\"https:\\\/\\\/booksfrommexico.com\\\/app\\\/uploads\\\/2023\\\/05\\\/141611.jpeg\",\"datePublished\":\"2023-05-08T17:07:27+00:00\",\"dateModified\":\"2024-05-14T23:05:54+00:00\",\"description\":\"MEXICANOS EN CHICAGO : DIARIO DE CAMPO DE ROBERT REDFIELD, 1924-1925. \\\/ Patricia Arias, Jorge Durand. (Colecci\u00f3n Migraci\u00f3n). ISBN : 9786074010442.\",\"breadcrumb\":{\"@id\":\"https:\\\/\\\/booksfrommexico.com\\\/es\\\/producto\\\/mexicanos-en-chicago-diario-de-campo-de-robert-redfield-1924-1925\\\/#breadcrumb\"},\"inLanguage\":\"es\",\"potentialAction\":[{\"@type\":\"ReadAction\",\"target\":[\"https:\\\/\\\/booksfrommexico.com\\\/es\\\/producto\\\/mexicanos-en-chicago-diario-de-campo-de-robert-redfield-1924-1925\\\/\"]}]},{\"@type\":\"ImageObject\",\"inLanguage\":\"es\",\"@id\":\"https:\\\/\\\/booksfrommexico.com\\\/es\\\/producto\\\/mexicanos-en-chicago-diario-de-campo-de-robert-redfield-1924-1925\\\/#primaryimage\",\"url\":\"https:\\\/\\\/booksfrommexico.com\\\/app\\\/uploads\\\/2023\\\/05\\\/141611.jpeg\",\"contentUrl\":\"https:\\\/\\\/booksfrommexico.com\\\/app\\\/uploads\\\/2023\\\/05\\\/141611.jpeg\",\"width\":483,\"height\":658,\"caption\":\"Mexicanos en Chicago. Diario de campo de Robert Redfield. Books From M\u00e9xico\"},{\"@type\":\"BreadcrumbList\",\"@id\":\"https:\\\/\\\/booksfrommexico.com\\\/es\\\/producto\\\/mexicanos-en-chicago-diario-de-campo-de-robert-redfield-1924-1925\\\/#breadcrumb\",\"itemListElement\":[{\"@type\":\"ListItem\",\"position\":1,\"name\":\"Home\",\"item\":\"https:\\\/\\\/booksfrommexico.com\\\/es\\\/\"},{\"@type\":\"ListItem\",\"position\":2,\"name\":\"Libros\",\"item\":\"https:\\\/\\\/booksfrommexico.com\\\/es\\\/libros\\\/\"},{\"@type\":\"ListItem\",\"position\":3,\"name\":\"Mexicanos en Chicago: Diario de campo de Robert Redfield, 1924-1925\"}]},{\"@type\":\"WebSite\",\"@id\":\"https:\\\/\\\/booksfrommexico.com\\\/#website\",\"url\":\"https:\\\/\\\/booksfrommexico.com\\\/\",\"name\":\"Books From Mexico\",\"description\":\"\",\"publisher\":{\"@id\":\"https:\\\/\\\/booksfrommexico.com\\\/#organization\"},\"potentialAction\":[{\"@type\":\"SearchAction\",\"target\":{\"@type\":\"EntryPoint\",\"urlTemplate\":\"https:\\\/\\\/booksfrommexico.com\\\/?s={search_term_string}\"},\"query-input\":{\"@type\":\"PropertyValueSpecification\",\"valueRequired\":true,\"valueName\":\"search_term_string\"}}],\"inLanguage\":\"es\"},{\"@type\":\"Organization\",\"@id\":\"https:\\\/\\\/booksfrommexico.com\\\/#organization\",\"name\":\"Books From Mexico\",\"url\":\"https:\\\/\\\/booksfrommexico.com\\\/\",\"logo\":{\"@type\":\"ImageObject\",\"inLanguage\":\"es\",\"@id\":\"https:\\\/\\\/booksfrommexico.com\\\/#\\\/schema\\\/logo\\\/image\\\/\",\"url\":\"https:\\\/\\\/booksfrommexico.com\\\/app\\\/uploads\\\/2023\\\/05\\\/logo-booksfrommexico.svg\",\"contentUrl\":\"https:\\\/\\\/booksfrommexico.com\\\/app\\\/uploads\\\/2023\\\/05\\\/logo-booksfrommexico.svg\",\"width\":86,\"height\":56,\"caption\":\"Books From Mexico\"},\"image\":{\"@id\":\"https:\\\/\\\/booksfrommexico.com\\\/#\\\/schema\\\/logo\\\/image\\\/\"}}]}<\/script>\n<!-- \/ Yoast SEO plugin. -->","yoast_head_json":{"title":"Mexicanos en Chicago: Diario de campo de Robert Redfield","description":"MEXICANOS EN CHICAGO : DIARIO DE CAMPO DE ROBERT REDFIELD, 1924-1925. \/ Patricia Arias, Jorge Durand. (Colecci\u00f3n Migraci\u00f3n). ISBN : 9786074010442.","robots":{"index":"index","follow":"follow","max-snippet":"max-snippet:-1","max-image-preview":"max-image-preview:large","max-video-preview":"max-video-preview:-1"},"canonical":"https:\/\/booksfrommexico.com\/es\/producto\/mexicanos-en-chicago-diario-de-campo-de-robert-redfield-1924-1925\/","og_locale":"es_ES","og_type":"article","og_title":"Mexicanos en Chicago: Diario de campo de Robert Redfield","og_description":"MEXICANOS EN CHICAGO : DIARIO DE CAMPO DE ROBERT REDFIELD, 1924-1925. \/ Patricia Arias, Jorge Durand. (Colecci\u00f3n Migraci\u00f3n). ISBN : 9786074010442.","og_url":"https:\/\/booksfrommexico.com\/es\/producto\/mexicanos-en-chicago-diario-de-campo-de-robert-redfield-1924-1925\/","og_site_name":"Books From Mexico","article_modified_time":"2024-05-14T23:05:54+00:00","og_image":[{"width":483,"height":658,"url":"http:\/\/booksfrommexico.com\/app\/uploads\/2023\/05\/141611.jpeg","type":"image\/jpeg"}],"twitter_card":"summary_large_image","twitter_misc":{"Tiempo de lectura":"1 minuto"},"schema":{"@context":"https:\/\/schema.org","@graph":[{"@type":"WebPage","@id":"https:\/\/booksfrommexico.com\/es\/producto\/mexicanos-en-chicago-diario-de-campo-de-robert-redfield-1924-1925\/","url":"https:\/\/booksfrommexico.com\/es\/producto\/mexicanos-en-chicago-diario-de-campo-de-robert-redfield-1924-1925\/","name":"Mexicanos en Chicago: Diario de campo de Robert Redfield","isPartOf":{"@id":"https:\/\/booksfrommexico.com\/#website"},"primaryImageOfPage":{"@id":"https:\/\/booksfrommexico.com\/es\/producto\/mexicanos-en-chicago-diario-de-campo-de-robert-redfield-1924-1925\/#primaryimage"},"image":{"@id":"https:\/\/booksfrommexico.com\/es\/producto\/mexicanos-en-chicago-diario-de-campo-de-robert-redfield-1924-1925\/#primaryimage"},"thumbnailUrl":"https:\/\/booksfrommexico.com\/app\/uploads\/2023\/05\/141611.jpeg","datePublished":"2023-05-08T17:07:27+00:00","dateModified":"2024-05-14T23:05:54+00:00","description":"MEXICANOS EN CHICAGO : DIARIO DE CAMPO DE ROBERT REDFIELD, 1924-1925. \/ Patricia Arias, Jorge Durand. (Colecci\u00f3n Migraci\u00f3n). ISBN : 9786074010442.","breadcrumb":{"@id":"https:\/\/booksfrommexico.com\/es\/producto\/mexicanos-en-chicago-diario-de-campo-de-robert-redfield-1924-1925\/#breadcrumb"},"inLanguage":"es","potentialAction":[{"@type":"ReadAction","target":["https:\/\/booksfrommexico.com\/es\/producto\/mexicanos-en-chicago-diario-de-campo-de-robert-redfield-1924-1925\/"]}]},{"@type":"ImageObject","inLanguage":"es","@id":"https:\/\/booksfrommexico.com\/es\/producto\/mexicanos-en-chicago-diario-de-campo-de-robert-redfield-1924-1925\/#primaryimage","url":"https:\/\/booksfrommexico.com\/app\/uploads\/2023\/05\/141611.jpeg","contentUrl":"https:\/\/booksfrommexico.com\/app\/uploads\/2023\/05\/141611.jpeg","width":483,"height":658,"caption":"Mexicanos en Chicago. Diario de campo de Robert Redfield. Books From M\u00e9xico"},{"@type":"BreadcrumbList","@id":"https:\/\/booksfrommexico.com\/es\/producto\/mexicanos-en-chicago-diario-de-campo-de-robert-redfield-1924-1925\/#breadcrumb","itemListElement":[{"@type":"ListItem","position":1,"name":"Home","item":"https:\/\/booksfrommexico.com\/es\/"},{"@type":"ListItem","position":2,"name":"Libros","item":"https:\/\/booksfrommexico.com\/es\/libros\/"},{"@type":"ListItem","position":3,"name":"Mexicanos en Chicago: Diario de campo de Robert Redfield, 1924-1925"}]},{"@type":"WebSite","@id":"https:\/\/booksfrommexico.com\/#website","url":"https:\/\/booksfrommexico.com\/","name":"Books From Mexico","description":"","publisher":{"@id":"https:\/\/booksfrommexico.com\/#organization"},"potentialAction":[{"@type":"SearchAction","target":{"@type":"EntryPoint","urlTemplate":"https:\/\/booksfrommexico.com\/?s={search_term_string}"},"query-input":{"@type":"PropertyValueSpecification","valueRequired":true,"valueName":"search_term_string"}}],"inLanguage":"es"},{"@type":"Organization","@id":"https:\/\/booksfrommexico.com\/#organization","name":"Books From Mexico","url":"https:\/\/booksfrommexico.com\/","logo":{"@type":"ImageObject","inLanguage":"es","@id":"https:\/\/booksfrommexico.com\/#\/schema\/logo\/image\/","url":"https:\/\/booksfrommexico.com\/app\/uploads\/2023\/05\/logo-booksfrommexico.svg","contentUrl":"https:\/\/booksfrommexico.com\/app\/uploads\/2023\/05\/logo-booksfrommexico.svg","width":86,"height":56,"caption":"Books From Mexico"},"image":{"@id":"https:\/\/booksfrommexico.com\/#\/schema\/logo\/image\/"}}]}},"_links":{"self":[{"href":"https:\/\/booksfrommexico.com\/es\/wp-json\/wp\/v2\/product\/836","targetHints":{"allow":["GET"]}}],"collection":[{"href":"https:\/\/booksfrommexico.com\/es\/wp-json\/wp\/v2\/product"}],"about":[{"href":"https:\/\/booksfrommexico.com\/es\/wp-json\/wp\/v2\/types\/product"}],"wp:featuredmedia":[{"embeddable":true,"href":"https:\/\/booksfrommexico.com\/es\/wp-json\/wp\/v2\/media\/835"}],"wp:attachment":[{"href":"https:\/\/booksfrommexico.com\/es\/wp-json\/wp\/v2\/media?parent=836"}],"wp:term":[{"taxonomy":"product_brand","embeddable":true,"href":"https:\/\/booksfrommexico.com\/es\/wp-json\/wp\/v2\/product_brand?post=836"},{"taxonomy":"product_cat","embeddable":true,"href":"https:\/\/booksfrommexico.com\/es\/wp-json\/wp\/v2\/product_cat?post=836"},{"taxonomy":"product_tag","embeddable":true,"href":"https:\/\/booksfrommexico.com\/es\/wp-json\/wp\/v2\/product_tag?post=836"}],"curies":[{"name":"wp","href":"https:\/\/api.w.org\/{rel}","templated":true}]}}