{"id":838,"date":"2023-05-08T17:07:28","date_gmt":"2023-05-08T17:07:28","guid":{"rendered":"http:\/\/booksfrommexico.com\/product\/la-guerra-olvidada-la-cristera-en-nayarit-1-926-1-929\/"},"modified":"2024-10-07T22:48:01","modified_gmt":"2024-10-07T22:48:01","slug":"la-guerra-olvidada-la-cristera-en-nayarit-1-926-1-929","status":"publish","type":"product","link":"https:\/\/booksfrommexico.com\/es\/producto\/la-guerra-olvidada-la-cristera-en-nayarit-1-926-1-929\/","title":{"rendered":"La guerra olvidada: La cristera en Nayarit: 1.926-1.929"},"content":{"rendered":"<p><span style=\"font-weight: 400;\">Esta investigaci\u00f3n busca esclarecer, a trav\u00e9s de m\u00faltiples voces que ha hilado, lo que \u00e9l denomina \u201cla guerra olvidada\u201d, que fue la guerra cristera en Nayarit en los a\u00f1os veinte. El autor realiza un rescate de informaci\u00f3n sobre las acciones b\u00e9licas llevadas a cabo por huicholes y coras, as\u00ed como establece con claridad la diferencia entre los pueblos del sur del estado, los del norte y la capital de Tepic, con habitantes que se manten\u00edan entre neutrales y temerosos ante el conflicto. Asimismo, hace una aportaci\u00f3n con su descripci\u00f3n de las posturas reales y ficticias que sostienen los juicios emitidos sobre los cristeros, que para algunos investigadores a\u00fan es debatible.<\/span><\/p>\n","protected":false},"excerpt":{"rendered":"<p>LA GUERRA OLVIDADA : LA CRISTERA EN NAYARIT : 1.926-1.929<span style=\"font-weight: 400;\">. \/ Enrique Bautista Gonz\u00e1lez. Guadalajara, Jalisco, M\u00e9xico : Taller Editorial La Casa del Mago, 2008. 141 pages : includes photos, map, bibliography ; 21\u00a0 cm. (Colecci\u00f3n El Para\u00edso Alguna Vez). <\/span><\/p>\n","protected":false},"featured_media":837,"template":"","meta":{"_acf_changed":false,"inline_featured_image":false},"product_brand":[],"product_cat":[27],"product_tag":[4528,4398,4352,3729],"class_list":{"0":"post-838","1":"product","2":"type-product","3":"status-publish","4":"has-post-thumbnail","6":"product_cat-historia","7":"product_tag-guerra-cristera","8":"product_tag-historia-mexico","9":"product_tag-nayarit-mexico","10":"product_tag-religion","12":"first","13":"instock","14":"taxable","15":"shipping-taxable","16":"purchasable","17":"product-type-simple"},"acf":[],"yoast_head":"<!-- This site is optimized with the Yoast SEO plugin v27.3 - https:\/\/yoast.com\/product\/yoast-seo-wordpress\/ -->\n<title>La guerra olvidada: La cristera en Nayarit: 1.926-1.929<\/title>\n<meta name=\"description\" content=\"LA GUERRA OLVIDADA : LA CRISTERA EN NAYARIT : 1.926-1.929. \/ Enrique Bautista Gonz\u00e1lez. Taller Editorial La Casa del Mago, 2008.\" \/>\n<meta name=\"robots\" content=\"index, follow, max-snippet:-1, max-image-preview:large, max-video-preview:-1\" \/>\n<link rel=\"canonical\" href=\"https:\/\/booksfrommexico.com\/es\/producto\/la-guerra-olvidada-la-cristera-en-nayarit-1-926-1-929\/\" \/>\n<meta property=\"og:locale\" content=\"es_ES\" \/>\n<meta property=\"og:type\" content=\"article\" \/>\n<meta property=\"og:title\" content=\"La guerra olvidada: La cristera en Nayarit: 1.926-1.929\" \/>\n<meta property=\"og:description\" content=\"LA GUERRA OLVIDADA : LA CRISTERA EN NAYARIT : 1.926-1.929. \/ Enrique Bautista Gonz\u00e1lez. Taller Editorial La Casa del Mago, 2008.\" \/>\n<meta property=\"og:url\" content=\"https:\/\/booksfrommexico.com\/es\/producto\/la-guerra-olvidada-la-cristera-en-nayarit-1-926-1-929\/\" \/>\n<meta property=\"og:site_name\" content=\"Books From Mexico\" \/>\n<meta property=\"article:modified_time\" content=\"2024-10-07T22:48:01+00:00\" \/>\n<meta property=\"og:image\" content=\"http:\/\/booksfrommexico.com\/app\/uploads\/2023\/05\/141719.jpeg\" \/>\n\t<meta property=\"og:image:width\" content=\"369\" \/>\n\t<meta property=\"og:image:height\" content=\"601\" \/>\n\t<meta property=\"og:image:type\" content=\"image\/jpeg\" \/>\n<meta name=\"twitter:card\" content=\"summary_large_image\" \/>\n<meta name=\"twitter:label1\" content=\"Tiempo de lectura\" \/>\n\t<meta name=\"twitter:data1\" content=\"1 minuto\" \/>\n<script type=\"application\/ld+json\" class=\"yoast-schema-graph\">{\"@context\":\"https:\\\/\\\/schema.org\",\"@graph\":[{\"@type\":\"WebPage\",\"@id\":\"https:\\\/\\\/booksfrommexico.com\\\/es\\\/producto\\\/la-guerra-olvidada-la-cristera-en-nayarit-1-926-1-929\\\/\",\"url\":\"https:\\\/\\\/booksfrommexico.com\\\/es\\\/producto\\\/la-guerra-olvidada-la-cristera-en-nayarit-1-926-1-929\\\/\",\"name\":\"La guerra olvidada: La cristera en Nayarit: 1.926-1.929\",\"isPartOf\":{\"@id\":\"https:\\\/\\\/booksfrommexico.com\\\/#website\"},\"primaryImageOfPage\":{\"@id\":\"https:\\\/\\\/booksfrommexico.com\\\/es\\\/producto\\\/la-guerra-olvidada-la-cristera-en-nayarit-1-926-1-929\\\/#primaryimage\"},\"image\":{\"@id\":\"https:\\\/\\\/booksfrommexico.com\\\/es\\\/producto\\\/la-guerra-olvidada-la-cristera-en-nayarit-1-926-1-929\\\/#primaryimage\"},\"thumbnailUrl\":\"https:\\\/\\\/booksfrommexico.com\\\/app\\\/uploads\\\/2023\\\/05\\\/141719.jpeg\",\"datePublished\":\"2023-05-08T17:07:28+00:00\",\"dateModified\":\"2024-10-07T22:48:01+00:00\",\"description\":\"LA GUERRA OLVIDADA : LA CRISTERA EN NAYARIT : 1.926-1.929. \\\/ Enrique Bautista Gonz\u00e1lez. Taller Editorial La Casa del Mago, 2008.\",\"breadcrumb\":{\"@id\":\"https:\\\/\\\/booksfrommexico.com\\\/es\\\/producto\\\/la-guerra-olvidada-la-cristera-en-nayarit-1-926-1-929\\\/#breadcrumb\"},\"inLanguage\":\"es\",\"potentialAction\":[{\"@type\":\"ReadAction\",\"target\":[\"https:\\\/\\\/booksfrommexico.com\\\/es\\\/producto\\\/la-guerra-olvidada-la-cristera-en-nayarit-1-926-1-929\\\/\"]}]},{\"@type\":\"ImageObject\",\"inLanguage\":\"es\",\"@id\":\"https:\\\/\\\/booksfrommexico.com\\\/es\\\/producto\\\/la-guerra-olvidada-la-cristera-en-nayarit-1-926-1-929\\\/#primaryimage\",\"url\":\"https:\\\/\\\/booksfrommexico.com\\\/app\\\/uploads\\\/2023\\\/05\\\/141719.jpeg\",\"contentUrl\":\"https:\\\/\\\/booksfrommexico.com\\\/app\\\/uploads\\\/2023\\\/05\\\/141719.jpeg\",\"width\":369,\"height\":601,\"caption\":\"La Guerra olvidada. La cristera en Nayarit. Books From M\u00e9xico.\"},{\"@type\":\"BreadcrumbList\",\"@id\":\"https:\\\/\\\/booksfrommexico.com\\\/es\\\/producto\\\/la-guerra-olvidada-la-cristera-en-nayarit-1-926-1-929\\\/#breadcrumb\",\"itemListElement\":[{\"@type\":\"ListItem\",\"position\":1,\"name\":\"Home\",\"item\":\"https:\\\/\\\/booksfrommexico.com\\\/es\\\/\"},{\"@type\":\"ListItem\",\"position\":2,\"name\":\"Libros\",\"item\":\"https:\\\/\\\/booksfrommexico.com\\\/es\\\/libros\\\/\"},{\"@type\":\"ListItem\",\"position\":3,\"name\":\"La guerra olvidada: La cristera en Nayarit: 1.926-1.929\"}]},{\"@type\":\"WebSite\",\"@id\":\"https:\\\/\\\/booksfrommexico.com\\\/#website\",\"url\":\"https:\\\/\\\/booksfrommexico.com\\\/\",\"name\":\"Books From Mexico\",\"description\":\"\",\"publisher\":{\"@id\":\"https:\\\/\\\/booksfrommexico.com\\\/#organization\"},\"potentialAction\":[{\"@type\":\"SearchAction\",\"target\":{\"@type\":\"EntryPoint\",\"urlTemplate\":\"https:\\\/\\\/booksfrommexico.com\\\/?s={search_term_string}\"},\"query-input\":{\"@type\":\"PropertyValueSpecification\",\"valueRequired\":true,\"valueName\":\"search_term_string\"}}],\"inLanguage\":\"es\"},{\"@type\":\"Organization\",\"@id\":\"https:\\\/\\\/booksfrommexico.com\\\/#organization\",\"name\":\"Books From Mexico\",\"url\":\"https:\\\/\\\/booksfrommexico.com\\\/\",\"logo\":{\"@type\":\"ImageObject\",\"inLanguage\":\"es\",\"@id\":\"https:\\\/\\\/booksfrommexico.com\\\/#\\\/schema\\\/logo\\\/image\\\/\",\"url\":\"https:\\\/\\\/booksfrommexico.com\\\/app\\\/uploads\\\/2023\\\/05\\\/logo-booksfrommexico.svg\",\"contentUrl\":\"https:\\\/\\\/booksfrommexico.com\\\/app\\\/uploads\\\/2023\\\/05\\\/logo-booksfrommexico.svg\",\"width\":86,\"height\":56,\"caption\":\"Books From Mexico\"},\"image\":{\"@id\":\"https:\\\/\\\/booksfrommexico.com\\\/#\\\/schema\\\/logo\\\/image\\\/\"}}]}<\/script>\n<!-- \/ Yoast SEO plugin. -->","yoast_head_json":{"title":"La guerra olvidada: La cristera en Nayarit: 1.926-1.929","description":"LA GUERRA OLVIDADA : LA CRISTERA EN NAYARIT : 1.926-1.929. \/ Enrique Bautista Gonz\u00e1lez. Taller Editorial La Casa del Mago, 2008.","robots":{"index":"index","follow":"follow","max-snippet":"max-snippet:-1","max-image-preview":"max-image-preview:large","max-video-preview":"max-video-preview:-1"},"canonical":"https:\/\/booksfrommexico.com\/es\/producto\/la-guerra-olvidada-la-cristera-en-nayarit-1-926-1-929\/","og_locale":"es_ES","og_type":"article","og_title":"La guerra olvidada: La cristera en Nayarit: 1.926-1.929","og_description":"LA GUERRA OLVIDADA : LA CRISTERA EN NAYARIT : 1.926-1.929. \/ Enrique Bautista Gonz\u00e1lez. Taller Editorial La Casa del Mago, 2008.","og_url":"https:\/\/booksfrommexico.com\/es\/producto\/la-guerra-olvidada-la-cristera-en-nayarit-1-926-1-929\/","og_site_name":"Books From Mexico","article_modified_time":"2024-10-07T22:48:01+00:00","og_image":[{"width":369,"height":601,"url":"http:\/\/booksfrommexico.com\/app\/uploads\/2023\/05\/141719.jpeg","type":"image\/jpeg"}],"twitter_card":"summary_large_image","twitter_misc":{"Tiempo de lectura":"1 minuto"},"schema":{"@context":"https:\/\/schema.org","@graph":[{"@type":"WebPage","@id":"https:\/\/booksfrommexico.com\/es\/producto\/la-guerra-olvidada-la-cristera-en-nayarit-1-926-1-929\/","url":"https:\/\/booksfrommexico.com\/es\/producto\/la-guerra-olvidada-la-cristera-en-nayarit-1-926-1-929\/","name":"La guerra olvidada: La cristera en Nayarit: 1.926-1.929","isPartOf":{"@id":"https:\/\/booksfrommexico.com\/#website"},"primaryImageOfPage":{"@id":"https:\/\/booksfrommexico.com\/es\/producto\/la-guerra-olvidada-la-cristera-en-nayarit-1-926-1-929\/#primaryimage"},"image":{"@id":"https:\/\/booksfrommexico.com\/es\/producto\/la-guerra-olvidada-la-cristera-en-nayarit-1-926-1-929\/#primaryimage"},"thumbnailUrl":"https:\/\/booksfrommexico.com\/app\/uploads\/2023\/05\/141719.jpeg","datePublished":"2023-05-08T17:07:28+00:00","dateModified":"2024-10-07T22:48:01+00:00","description":"LA GUERRA OLVIDADA : LA CRISTERA EN NAYARIT : 1.926-1.929. \/ Enrique Bautista Gonz\u00e1lez. Taller Editorial La Casa del Mago, 2008.","breadcrumb":{"@id":"https:\/\/booksfrommexico.com\/es\/producto\/la-guerra-olvidada-la-cristera-en-nayarit-1-926-1-929\/#breadcrumb"},"inLanguage":"es","potentialAction":[{"@type":"ReadAction","target":["https:\/\/booksfrommexico.com\/es\/producto\/la-guerra-olvidada-la-cristera-en-nayarit-1-926-1-929\/"]}]},{"@type":"ImageObject","inLanguage":"es","@id":"https:\/\/booksfrommexico.com\/es\/producto\/la-guerra-olvidada-la-cristera-en-nayarit-1-926-1-929\/#primaryimage","url":"https:\/\/booksfrommexico.com\/app\/uploads\/2023\/05\/141719.jpeg","contentUrl":"https:\/\/booksfrommexico.com\/app\/uploads\/2023\/05\/141719.jpeg","width":369,"height":601,"caption":"La Guerra olvidada. La cristera en Nayarit. Books From M\u00e9xico."},{"@type":"BreadcrumbList","@id":"https:\/\/booksfrommexico.com\/es\/producto\/la-guerra-olvidada-la-cristera-en-nayarit-1-926-1-929\/#breadcrumb","itemListElement":[{"@type":"ListItem","position":1,"name":"Home","item":"https:\/\/booksfrommexico.com\/es\/"},{"@type":"ListItem","position":2,"name":"Libros","item":"https:\/\/booksfrommexico.com\/es\/libros\/"},{"@type":"ListItem","position":3,"name":"La guerra olvidada: La cristera en Nayarit: 1.926-1.929"}]},{"@type":"WebSite","@id":"https:\/\/booksfrommexico.com\/#website","url":"https:\/\/booksfrommexico.com\/","name":"Books From Mexico","description":"","publisher":{"@id":"https:\/\/booksfrommexico.com\/#organization"},"potentialAction":[{"@type":"SearchAction","target":{"@type":"EntryPoint","urlTemplate":"https:\/\/booksfrommexico.com\/?s={search_term_string}"},"query-input":{"@type":"PropertyValueSpecification","valueRequired":true,"valueName":"search_term_string"}}],"inLanguage":"es"},{"@type":"Organization","@id":"https:\/\/booksfrommexico.com\/#organization","name":"Books From Mexico","url":"https:\/\/booksfrommexico.com\/","logo":{"@type":"ImageObject","inLanguage":"es","@id":"https:\/\/booksfrommexico.com\/#\/schema\/logo\/image\/","url":"https:\/\/booksfrommexico.com\/app\/uploads\/2023\/05\/logo-booksfrommexico.svg","contentUrl":"https:\/\/booksfrommexico.com\/app\/uploads\/2023\/05\/logo-booksfrommexico.svg","width":86,"height":56,"caption":"Books From Mexico"},"image":{"@id":"https:\/\/booksfrommexico.com\/#\/schema\/logo\/image\/"}}]}},"_links":{"self":[{"href":"https:\/\/booksfrommexico.com\/es\/wp-json\/wp\/v2\/product\/838","targetHints":{"allow":["GET"]}}],"collection":[{"href":"https:\/\/booksfrommexico.com\/es\/wp-json\/wp\/v2\/product"}],"about":[{"href":"https:\/\/booksfrommexico.com\/es\/wp-json\/wp\/v2\/types\/product"}],"wp:featuredmedia":[{"embeddable":true,"href":"https:\/\/booksfrommexico.com\/es\/wp-json\/wp\/v2\/media\/837"}],"wp:attachment":[{"href":"https:\/\/booksfrommexico.com\/es\/wp-json\/wp\/v2\/media?parent=838"}],"wp:term":[{"taxonomy":"product_brand","embeddable":true,"href":"https:\/\/booksfrommexico.com\/es\/wp-json\/wp\/v2\/product_brand?post=838"},{"taxonomy":"product_cat","embeddable":true,"href":"https:\/\/booksfrommexico.com\/es\/wp-json\/wp\/v2\/product_cat?post=838"},{"taxonomy":"product_tag","embeddable":true,"href":"https:\/\/booksfrommexico.com\/es\/wp-json\/wp\/v2\/product_tag?post=838"}],"curies":[{"name":"wp","href":"https:\/\/api.w.org\/{rel}","templated":true}]}}