{"id":840,"date":"2023-05-08T17:07:30","date_gmt":"2023-05-08T17:07:30","guid":{"rendered":"http:\/\/booksfrommexico.com\/product\/memoria-sonora-naayari-musica-ceremonial-de-los-coras-de-nayarit\/"},"modified":"2024-11-14T15:58:06","modified_gmt":"2024-11-14T15:58:06","slug":"memoria-sonora-naayari-musica-ceremonial-de-los-coras-de-nayarit","status":"publish","type":"product","link":"https:\/\/booksfrommexico.com\/es\/producto\/memoria-sonora-naayari-musica-ceremonial-de-los-coras-de-nayarit\/","title":{"rendered":"Memoria sonora N\u00e1ayari: M\u00fasica ceremonial de los coras de Nayarit"},"content":{"rendered":"<p><span style=\"font-weight: 400;\">A partir de la creaci\u00f3n de la CDI se desarrollaron acciones y estrategias para preservar, resguardar, conservar, restaurar, curar y difundir el patrimonio cultural de los pueblos y las comunidades ind\u00edgenas. Uno de los principios del acervo es documentar testimonios sonoros, siendo este proyecto fonogr\u00e1fico resultado de ello, en el cual se hace un repaso cultural acompa\u00f1ado de fotograf\u00edas a color, al igual que presenta un CD con m\u00fasica representativa de la regi\u00f3n. Este fonograma es un reconocimiento a la cultura del Gran Nayar, as\u00ed como un intento de abatir la discriminaci\u00f3n hacia los pueblos ind\u00edgenas y fomentar el respeto a sus formas de vivir y concebir el mundo.<\/span><\/p>\n","protected":false},"excerpt":{"rendered":"<p>MEMORIA SONORA N\u00c1AYARI : M\u00daSICA CEREMONIAL DE LOS CORAS DE NAYARIT<span style=\"font-weight: 400;\">. \/ M\u00e9xico, D.F. : Comisi\u00f3n Nacional para el Desarrollo de los Pueblos Ind\u00edgenas, 2007. 62 pages : includes color photos, bibliography, color map, CD ; 15 cm ; (Serie II M\u00fasica ritual) 9789707531420.<\/span><\/p>\n","protected":false},"featured_media":839,"template":"","meta":{"_acf_changed":false,"inline_featured_image":false},"product_brand":[],"product_cat":[382,325],"product_tag":[3777,3880,4352],"class_list":{"0":"post-840","1":"product","2":"type-product","3":"status-publish","4":"has-post-thumbnail","6":"product_cat-etno-musicologia-musica","7":"product_cat-musica","8":"product_tag-arte-indigena","9":"product_tag-identidad-cultural","10":"product_tag-nayarit-mexico","12":"first","13":"outofstock","14":"taxable","15":"shipping-taxable","16":"purchasable","17":"product-type-simple"},"acf":[],"yoast_head":"<!-- This site is optimized with the Yoast SEO plugin v27.3 - https:\/\/yoast.com\/product\/yoast-seo-wordpress\/ -->\n<title>Memoria sonora N\u00e1ayari: M\u00fasica ceremonial de los coras<\/title>\n<meta name=\"description\" content=\"MEMORIA SONORA N\u00c1AYARI : M\u00daSICA CEREMONIAL DE LOS CORAS DE NAYARIT. \/ Comisi\u00f3n Nacional para el Desarrollo de los Pueblos Ind\u00edgenas, 2007.\" \/>\n<meta name=\"robots\" content=\"index, follow, max-snippet:-1, max-image-preview:large, max-video-preview:-1\" \/>\n<link rel=\"canonical\" href=\"https:\/\/booksfrommexico.com\/es\/producto\/memoria-sonora-naayari-musica-ceremonial-de-los-coras-de-nayarit\/\" \/>\n<meta property=\"og:locale\" content=\"es_ES\" \/>\n<meta property=\"og:type\" content=\"article\" \/>\n<meta property=\"og:title\" content=\"Memoria sonora N\u00e1ayari: M\u00fasica ceremonial de los coras\" \/>\n<meta property=\"og:description\" content=\"MEMORIA SONORA N\u00c1AYARI : M\u00daSICA CEREMONIAL DE LOS CORAS DE NAYARIT. \/ Comisi\u00f3n Nacional para el Desarrollo de los Pueblos Ind\u00edgenas, 2007.\" \/>\n<meta property=\"og:url\" content=\"https:\/\/booksfrommexico.com\/es\/producto\/memoria-sonora-naayari-musica-ceremonial-de-los-coras-de-nayarit\/\" \/>\n<meta property=\"og:site_name\" content=\"Books From Mexico\" \/>\n<meta property=\"article:modified_time\" content=\"2024-11-14T15:58:06+00:00\" \/>\n<meta property=\"og:image\" content=\"http:\/\/booksfrommexico.com\/app\/uploads\/2023\/05\/141459.jpeg\" \/>\n\t<meta property=\"og:image:width\" content=\"443\" \/>\n\t<meta property=\"og:image:height\" content=\"436\" \/>\n\t<meta property=\"og:image:type\" content=\"image\/jpeg\" \/>\n<meta name=\"twitter:card\" content=\"summary_large_image\" \/>\n<meta name=\"twitter:label1\" content=\"Tiempo de lectura\" \/>\n\t<meta name=\"twitter:data1\" content=\"1 minuto\" \/>\n<script type=\"application\/ld+json\" class=\"yoast-schema-graph\">{\"@context\":\"https:\\\/\\\/schema.org\",\"@graph\":[{\"@type\":\"WebPage\",\"@id\":\"https:\\\/\\\/booksfrommexico.com\\\/es\\\/producto\\\/memoria-sonora-naayari-musica-ceremonial-de-los-coras-de-nayarit\\\/\",\"url\":\"https:\\\/\\\/booksfrommexico.com\\\/es\\\/producto\\\/memoria-sonora-naayari-musica-ceremonial-de-los-coras-de-nayarit\\\/\",\"name\":\"Memoria sonora N\u00e1ayari: M\u00fasica ceremonial de los coras\",\"isPartOf\":{\"@id\":\"https:\\\/\\\/booksfrommexico.com\\\/#website\"},\"primaryImageOfPage\":{\"@id\":\"https:\\\/\\\/booksfrommexico.com\\\/es\\\/producto\\\/memoria-sonora-naayari-musica-ceremonial-de-los-coras-de-nayarit\\\/#primaryimage\"},\"image\":{\"@id\":\"https:\\\/\\\/booksfrommexico.com\\\/es\\\/producto\\\/memoria-sonora-naayari-musica-ceremonial-de-los-coras-de-nayarit\\\/#primaryimage\"},\"thumbnailUrl\":\"https:\\\/\\\/booksfrommexico.com\\\/app\\\/uploads\\\/2023\\\/05\\\/141459.jpeg\",\"datePublished\":\"2023-05-08T17:07:30+00:00\",\"dateModified\":\"2024-11-14T15:58:06+00:00\",\"description\":\"MEMORIA SONORA N\u00c1AYARI : M\u00daSICA CEREMONIAL DE LOS CORAS DE NAYARIT. \\\/ Comisi\u00f3n Nacional para el Desarrollo de los Pueblos Ind\u00edgenas, 2007.\",\"breadcrumb\":{\"@id\":\"https:\\\/\\\/booksfrommexico.com\\\/es\\\/producto\\\/memoria-sonora-naayari-musica-ceremonial-de-los-coras-de-nayarit\\\/#breadcrumb\"},\"inLanguage\":\"es\",\"potentialAction\":[{\"@type\":\"ReadAction\",\"target\":[\"https:\\\/\\\/booksfrommexico.com\\\/es\\\/producto\\\/memoria-sonora-naayari-musica-ceremonial-de-los-coras-de-nayarit\\\/\"]}]},{\"@type\":\"ImageObject\",\"inLanguage\":\"es\",\"@id\":\"https:\\\/\\\/booksfrommexico.com\\\/es\\\/producto\\\/memoria-sonora-naayari-musica-ceremonial-de-los-coras-de-nayarit\\\/#primaryimage\",\"url\":\"https:\\\/\\\/booksfrommexico.com\\\/app\\\/uploads\\\/2023\\\/05\\\/141459.jpeg\",\"contentUrl\":\"https:\\\/\\\/booksfrommexico.com\\\/app\\\/uploads\\\/2023\\\/05\\\/141459.jpeg\",\"width\":443,\"height\":436,\"caption\":\"Memoria sonora N\u00e1ayari. M\u00fasica ceremonial de los coras de Nayarit. Books From M\u00e9xico\"},{\"@type\":\"BreadcrumbList\",\"@id\":\"https:\\\/\\\/booksfrommexico.com\\\/es\\\/producto\\\/memoria-sonora-naayari-musica-ceremonial-de-los-coras-de-nayarit\\\/#breadcrumb\",\"itemListElement\":[{\"@type\":\"ListItem\",\"position\":1,\"name\":\"Home\",\"item\":\"https:\\\/\\\/booksfrommexico.com\\\/es\\\/\"},{\"@type\":\"ListItem\",\"position\":2,\"name\":\"Libros\",\"item\":\"https:\\\/\\\/booksfrommexico.com\\\/es\\\/libros\\\/\"},{\"@type\":\"ListItem\",\"position\":3,\"name\":\"Memoria sonora N\u00e1ayari: M\u00fasica ceremonial de los coras de Nayarit\"}]},{\"@type\":\"WebSite\",\"@id\":\"https:\\\/\\\/booksfrommexico.com\\\/#website\",\"url\":\"https:\\\/\\\/booksfrommexico.com\\\/\",\"name\":\"Books From Mexico\",\"description\":\"\",\"publisher\":{\"@id\":\"https:\\\/\\\/booksfrommexico.com\\\/#organization\"},\"potentialAction\":[{\"@type\":\"SearchAction\",\"target\":{\"@type\":\"EntryPoint\",\"urlTemplate\":\"https:\\\/\\\/booksfrommexico.com\\\/?s={search_term_string}\"},\"query-input\":{\"@type\":\"PropertyValueSpecification\",\"valueRequired\":true,\"valueName\":\"search_term_string\"}}],\"inLanguage\":\"es\"},{\"@type\":\"Organization\",\"@id\":\"https:\\\/\\\/booksfrommexico.com\\\/#organization\",\"name\":\"Books From Mexico\",\"url\":\"https:\\\/\\\/booksfrommexico.com\\\/\",\"logo\":{\"@type\":\"ImageObject\",\"inLanguage\":\"es\",\"@id\":\"https:\\\/\\\/booksfrommexico.com\\\/#\\\/schema\\\/logo\\\/image\\\/\",\"url\":\"https:\\\/\\\/booksfrommexico.com\\\/app\\\/uploads\\\/2023\\\/05\\\/logo-booksfrommexico.svg\",\"contentUrl\":\"https:\\\/\\\/booksfrommexico.com\\\/app\\\/uploads\\\/2023\\\/05\\\/logo-booksfrommexico.svg\",\"width\":86,\"height\":56,\"caption\":\"Books From Mexico\"},\"image\":{\"@id\":\"https:\\\/\\\/booksfrommexico.com\\\/#\\\/schema\\\/logo\\\/image\\\/\"}}]}<\/script>\n<!-- \/ Yoast SEO plugin. -->","yoast_head_json":{"title":"Memoria sonora N\u00e1ayari: M\u00fasica ceremonial de los coras","description":"MEMORIA SONORA N\u00c1AYARI : M\u00daSICA CEREMONIAL DE LOS CORAS DE NAYARIT. \/ Comisi\u00f3n Nacional para el Desarrollo de los Pueblos Ind\u00edgenas, 2007.","robots":{"index":"index","follow":"follow","max-snippet":"max-snippet:-1","max-image-preview":"max-image-preview:large","max-video-preview":"max-video-preview:-1"},"canonical":"https:\/\/booksfrommexico.com\/es\/producto\/memoria-sonora-naayari-musica-ceremonial-de-los-coras-de-nayarit\/","og_locale":"es_ES","og_type":"article","og_title":"Memoria sonora N\u00e1ayari: M\u00fasica ceremonial de los coras","og_description":"MEMORIA SONORA N\u00c1AYARI : M\u00daSICA CEREMONIAL DE LOS CORAS DE NAYARIT. \/ Comisi\u00f3n Nacional para el Desarrollo de los Pueblos Ind\u00edgenas, 2007.","og_url":"https:\/\/booksfrommexico.com\/es\/producto\/memoria-sonora-naayari-musica-ceremonial-de-los-coras-de-nayarit\/","og_site_name":"Books From Mexico","article_modified_time":"2024-11-14T15:58:06+00:00","og_image":[{"width":443,"height":436,"url":"http:\/\/booksfrommexico.com\/app\/uploads\/2023\/05\/141459.jpeg","type":"image\/jpeg"}],"twitter_card":"summary_large_image","twitter_misc":{"Tiempo de lectura":"1 minuto"},"schema":{"@context":"https:\/\/schema.org","@graph":[{"@type":"WebPage","@id":"https:\/\/booksfrommexico.com\/es\/producto\/memoria-sonora-naayari-musica-ceremonial-de-los-coras-de-nayarit\/","url":"https:\/\/booksfrommexico.com\/es\/producto\/memoria-sonora-naayari-musica-ceremonial-de-los-coras-de-nayarit\/","name":"Memoria sonora N\u00e1ayari: M\u00fasica ceremonial de los coras","isPartOf":{"@id":"https:\/\/booksfrommexico.com\/#website"},"primaryImageOfPage":{"@id":"https:\/\/booksfrommexico.com\/es\/producto\/memoria-sonora-naayari-musica-ceremonial-de-los-coras-de-nayarit\/#primaryimage"},"image":{"@id":"https:\/\/booksfrommexico.com\/es\/producto\/memoria-sonora-naayari-musica-ceremonial-de-los-coras-de-nayarit\/#primaryimage"},"thumbnailUrl":"https:\/\/booksfrommexico.com\/app\/uploads\/2023\/05\/141459.jpeg","datePublished":"2023-05-08T17:07:30+00:00","dateModified":"2024-11-14T15:58:06+00:00","description":"MEMORIA SONORA N\u00c1AYARI : M\u00daSICA CEREMONIAL DE LOS CORAS DE NAYARIT. \/ Comisi\u00f3n Nacional para el Desarrollo de los Pueblos Ind\u00edgenas, 2007.","breadcrumb":{"@id":"https:\/\/booksfrommexico.com\/es\/producto\/memoria-sonora-naayari-musica-ceremonial-de-los-coras-de-nayarit\/#breadcrumb"},"inLanguage":"es","potentialAction":[{"@type":"ReadAction","target":["https:\/\/booksfrommexico.com\/es\/producto\/memoria-sonora-naayari-musica-ceremonial-de-los-coras-de-nayarit\/"]}]},{"@type":"ImageObject","inLanguage":"es","@id":"https:\/\/booksfrommexico.com\/es\/producto\/memoria-sonora-naayari-musica-ceremonial-de-los-coras-de-nayarit\/#primaryimage","url":"https:\/\/booksfrommexico.com\/app\/uploads\/2023\/05\/141459.jpeg","contentUrl":"https:\/\/booksfrommexico.com\/app\/uploads\/2023\/05\/141459.jpeg","width":443,"height":436,"caption":"Memoria sonora N\u00e1ayari. M\u00fasica ceremonial de los coras de Nayarit. Books From M\u00e9xico"},{"@type":"BreadcrumbList","@id":"https:\/\/booksfrommexico.com\/es\/producto\/memoria-sonora-naayari-musica-ceremonial-de-los-coras-de-nayarit\/#breadcrumb","itemListElement":[{"@type":"ListItem","position":1,"name":"Home","item":"https:\/\/booksfrommexico.com\/es\/"},{"@type":"ListItem","position":2,"name":"Libros","item":"https:\/\/booksfrommexico.com\/es\/libros\/"},{"@type":"ListItem","position":3,"name":"Memoria sonora N\u00e1ayari: M\u00fasica ceremonial de los coras de Nayarit"}]},{"@type":"WebSite","@id":"https:\/\/booksfrommexico.com\/#website","url":"https:\/\/booksfrommexico.com\/","name":"Books From Mexico","description":"","publisher":{"@id":"https:\/\/booksfrommexico.com\/#organization"},"potentialAction":[{"@type":"SearchAction","target":{"@type":"EntryPoint","urlTemplate":"https:\/\/booksfrommexico.com\/?s={search_term_string}"},"query-input":{"@type":"PropertyValueSpecification","valueRequired":true,"valueName":"search_term_string"}}],"inLanguage":"es"},{"@type":"Organization","@id":"https:\/\/booksfrommexico.com\/#organization","name":"Books From Mexico","url":"https:\/\/booksfrommexico.com\/","logo":{"@type":"ImageObject","inLanguage":"es","@id":"https:\/\/booksfrommexico.com\/#\/schema\/logo\/image\/","url":"https:\/\/booksfrommexico.com\/app\/uploads\/2023\/05\/logo-booksfrommexico.svg","contentUrl":"https:\/\/booksfrommexico.com\/app\/uploads\/2023\/05\/logo-booksfrommexico.svg","width":86,"height":56,"caption":"Books From Mexico"},"image":{"@id":"https:\/\/booksfrommexico.com\/#\/schema\/logo\/image\/"}}]}},"_links":{"self":[{"href":"https:\/\/booksfrommexico.com\/es\/wp-json\/wp\/v2\/product\/840","targetHints":{"allow":["GET"]}}],"collection":[{"href":"https:\/\/booksfrommexico.com\/es\/wp-json\/wp\/v2\/product"}],"about":[{"href":"https:\/\/booksfrommexico.com\/es\/wp-json\/wp\/v2\/types\/product"}],"wp:featuredmedia":[{"embeddable":true,"href":"https:\/\/booksfrommexico.com\/es\/wp-json\/wp\/v2\/media\/839"}],"wp:attachment":[{"href":"https:\/\/booksfrommexico.com\/es\/wp-json\/wp\/v2\/media?parent=840"}],"wp:term":[{"taxonomy":"product_brand","embeddable":true,"href":"https:\/\/booksfrommexico.com\/es\/wp-json\/wp\/v2\/product_brand?post=840"},{"taxonomy":"product_cat","embeddable":true,"href":"https:\/\/booksfrommexico.com\/es\/wp-json\/wp\/v2\/product_cat?post=840"},{"taxonomy":"product_tag","embeddable":true,"href":"https:\/\/booksfrommexico.com\/es\/wp-json\/wp\/v2\/product_tag?post=840"}],"curies":[{"name":"wp","href":"https:\/\/api.w.org\/{rel}","templated":true}]}}