{"id":842,"date":"2023-05-08T17:07:31","date_gmt":"2023-05-08T17:07:31","guid":{"rendered":"http:\/\/booksfrommexico.com\/product\/pedro-infante-las-leyes-del-querer\/"},"modified":"2024-05-15T23:57:14","modified_gmt":"2024-05-15T23:57:14","slug":"pedro-infante-las-leyes-del-querer","status":"publish","type":"product","link":"https:\/\/booksfrommexico.com\/es\/producto\/pedro-infante-las-leyes-del-querer\/","title":{"rendered":"Pedro Infante: Las Leyes del querer"},"content":{"rendered":"<p><span style=\"font-weight: 400;\">A manera de cr\u00f3nica-ensayo, el autor presenta un retrato de la \u00e9poca y de las leyendas del mundo art\u00edstico, que con los a\u00f1os han dado forma a la cultura mexicana, convirti\u00e9ndose en figuras atemporales. \u201cLa \u00e9poca de oro\u201d del cine mexicano le dio forma a los modos y estilos de vida, promulgando ciertos valores y estableciendo tanto est\u00e1ndares como estereotipos, siendo uno de sus mayores representantes el actor y cantante Pedro Infante. A trav\u00e9s de estas p\u00e1ginas, el lector puede encontrar un amplio recorrido por la filmograf\u00eda del artista, en donde adem\u00e1s se compaginan otras figuras conocidas del medio que, en conjunto, son hoy historia y representaci\u00f3n de la mexicanidad.\u00a0<\/span><\/p>\n","protected":false},"excerpt":{"rendered":"<p>PEDRO INFANTE : LAS LEYES DEL QUERER<span style=\"font-weight: 400;\">. \/ Carlos Monsiv\u00e1is. M\u00e9xico, D.F. : Aguilar ; Raya en el Agua, 2008. 278 pages : includes references, photos, filmography ; 25 cm. ISBN : 9789705803710.<\/span><\/p>\n","protected":false},"featured_media":841,"template":"","meta":{"_acf_changed":false,"inline_featured_image":false},"product_brand":[],"product_cat":[944,911],"product_tag":[4037,3855,4367,3608],"class_list":{"0":"post-842","1":"product","2":"type-product","3":"status-publish","4":"has-post-thumbnail","6":"product_cat-historia-pelicula-y-cine","7":"product_cat-pelicula-y-cine","8":"product_tag-cine-mexicano","9":"product_tag-ensayos","10":"product_tag-historia-del-cine","11":"product_tag-vida-social-y-costumbres","13":"first","14":"instock","15":"taxable","16":"shipping-taxable","17":"purchasable","18":"product-type-simple"},"acf":[],"yoast_head":"<!-- This site is optimized with the Yoast SEO plugin v27.3 - https:\/\/yoast.com\/product\/yoast-seo-wordpress\/ -->\n<title>Pedro Infante: Las Leyes del querer<\/title>\n<meta name=\"description\" content=\"PEDRO INFANTE : LAS LEYES DEL QUERER. \/ Carlos Monsiv\u00e1is. M\u00e9xico, D.F. : Aguilar ; Raya en el Agua, 2008. 278 pages. ISBN : 9789705803710.\" \/>\n<meta name=\"robots\" content=\"index, follow, max-snippet:-1, max-image-preview:large, max-video-preview:-1\" \/>\n<link rel=\"canonical\" href=\"https:\/\/booksfrommexico.com\/es\/producto\/pedro-infante-las-leyes-del-querer\/\" \/>\n<meta property=\"og:locale\" content=\"es_ES\" \/>\n<meta property=\"og:type\" content=\"article\" \/>\n<meta property=\"og:title\" content=\"Pedro Infante: Las Leyes del querer\" \/>\n<meta property=\"og:description\" content=\"PEDRO INFANTE : LAS LEYES DEL QUERER. \/ Carlos Monsiv\u00e1is. M\u00e9xico, D.F. : Aguilar ; Raya en el Agua, 2008. 278 pages. ISBN : 9789705803710.\" \/>\n<meta property=\"og:url\" content=\"https:\/\/booksfrommexico.com\/es\/producto\/pedro-infante-las-leyes-del-querer\/\" \/>\n<meta property=\"og:site_name\" content=\"Books From Mexico\" \/>\n<meta property=\"article:modified_time\" content=\"2024-05-15T23:57:14+00:00\" \/>\n<meta property=\"og:image\" content=\"http:\/\/booksfrommexico.com\/app\/uploads\/2023\/05\/141763.jpeg\" \/>\n\t<meta property=\"og:image:width\" content=\"564\" \/>\n\t<meta property=\"og:image:height\" content=\"727\" \/>\n\t<meta property=\"og:image:type\" content=\"image\/jpeg\" \/>\n<meta name=\"twitter:card\" content=\"summary_large_image\" \/>\n<meta name=\"twitter:label1\" content=\"Tiempo de lectura\" \/>\n\t<meta name=\"twitter:data1\" content=\"1 minuto\" \/>\n<script type=\"application\/ld+json\" class=\"yoast-schema-graph\">{\"@context\":\"https:\\\/\\\/schema.org\",\"@graph\":[{\"@type\":\"WebPage\",\"@id\":\"https:\\\/\\\/booksfrommexico.com\\\/es\\\/producto\\\/pedro-infante-las-leyes-del-querer\\\/\",\"url\":\"https:\\\/\\\/booksfrommexico.com\\\/es\\\/producto\\\/pedro-infante-las-leyes-del-querer\\\/\",\"name\":\"Pedro Infante: Las Leyes del querer\",\"isPartOf\":{\"@id\":\"https:\\\/\\\/booksfrommexico.com\\\/#website\"},\"primaryImageOfPage\":{\"@id\":\"https:\\\/\\\/booksfrommexico.com\\\/es\\\/producto\\\/pedro-infante-las-leyes-del-querer\\\/#primaryimage\"},\"image\":{\"@id\":\"https:\\\/\\\/booksfrommexico.com\\\/es\\\/producto\\\/pedro-infante-las-leyes-del-querer\\\/#primaryimage\"},\"thumbnailUrl\":\"https:\\\/\\\/booksfrommexico.com\\\/app\\\/uploads\\\/2023\\\/05\\\/141763.jpeg\",\"datePublished\":\"2023-05-08T17:07:31+00:00\",\"dateModified\":\"2024-05-15T23:57:14+00:00\",\"description\":\"PEDRO INFANTE : LAS LEYES DEL QUERER. \\\/ Carlos Monsiv\u00e1is. M\u00e9xico, D.F. : Aguilar ; Raya en el Agua, 2008. 278 pages. ISBN : 9789705803710.\",\"breadcrumb\":{\"@id\":\"https:\\\/\\\/booksfrommexico.com\\\/es\\\/producto\\\/pedro-infante-las-leyes-del-querer\\\/#breadcrumb\"},\"inLanguage\":\"es\",\"potentialAction\":[{\"@type\":\"ReadAction\",\"target\":[\"https:\\\/\\\/booksfrommexico.com\\\/es\\\/producto\\\/pedro-infante-las-leyes-del-querer\\\/\"]}]},{\"@type\":\"ImageObject\",\"inLanguage\":\"es\",\"@id\":\"https:\\\/\\\/booksfrommexico.com\\\/es\\\/producto\\\/pedro-infante-las-leyes-del-querer\\\/#primaryimage\",\"url\":\"https:\\\/\\\/booksfrommexico.com\\\/app\\\/uploads\\\/2023\\\/05\\\/141763.jpeg\",\"contentUrl\":\"https:\\\/\\\/booksfrommexico.com\\\/app\\\/uploads\\\/2023\\\/05\\\/141763.jpeg\",\"width\":564,\"height\":727,\"caption\":\"Pedro Infante. Las Leyes del querer. Books From M\u00e9xico\"},{\"@type\":\"BreadcrumbList\",\"@id\":\"https:\\\/\\\/booksfrommexico.com\\\/es\\\/producto\\\/pedro-infante-las-leyes-del-querer\\\/#breadcrumb\",\"itemListElement\":[{\"@type\":\"ListItem\",\"position\":1,\"name\":\"Home\",\"item\":\"https:\\\/\\\/booksfrommexico.com\\\/es\\\/\"},{\"@type\":\"ListItem\",\"position\":2,\"name\":\"Libros\",\"item\":\"https:\\\/\\\/booksfrommexico.com\\\/es\\\/libros\\\/\"},{\"@type\":\"ListItem\",\"position\":3,\"name\":\"Pedro Infante: Las Leyes del querer\"}]},{\"@type\":\"WebSite\",\"@id\":\"https:\\\/\\\/booksfrommexico.com\\\/#website\",\"url\":\"https:\\\/\\\/booksfrommexico.com\\\/\",\"name\":\"Books From Mexico\",\"description\":\"\",\"publisher\":{\"@id\":\"https:\\\/\\\/booksfrommexico.com\\\/#organization\"},\"potentialAction\":[{\"@type\":\"SearchAction\",\"target\":{\"@type\":\"EntryPoint\",\"urlTemplate\":\"https:\\\/\\\/booksfrommexico.com\\\/?s={search_term_string}\"},\"query-input\":{\"@type\":\"PropertyValueSpecification\",\"valueRequired\":true,\"valueName\":\"search_term_string\"}}],\"inLanguage\":\"es\"},{\"@type\":\"Organization\",\"@id\":\"https:\\\/\\\/booksfrommexico.com\\\/#organization\",\"name\":\"Books From Mexico\",\"url\":\"https:\\\/\\\/booksfrommexico.com\\\/\",\"logo\":{\"@type\":\"ImageObject\",\"inLanguage\":\"es\",\"@id\":\"https:\\\/\\\/booksfrommexico.com\\\/#\\\/schema\\\/logo\\\/image\\\/\",\"url\":\"https:\\\/\\\/booksfrommexico.com\\\/app\\\/uploads\\\/2023\\\/05\\\/logo-booksfrommexico.svg\",\"contentUrl\":\"https:\\\/\\\/booksfrommexico.com\\\/app\\\/uploads\\\/2023\\\/05\\\/logo-booksfrommexico.svg\",\"width\":86,\"height\":56,\"caption\":\"Books From Mexico\"},\"image\":{\"@id\":\"https:\\\/\\\/booksfrommexico.com\\\/#\\\/schema\\\/logo\\\/image\\\/\"}}]}<\/script>\n<!-- \/ Yoast SEO plugin. -->","yoast_head_json":{"title":"Pedro Infante: Las Leyes del querer","description":"PEDRO INFANTE : LAS LEYES DEL QUERER. \/ Carlos Monsiv\u00e1is. M\u00e9xico, D.F. : Aguilar ; Raya en el Agua, 2008. 278 pages. ISBN : 9789705803710.","robots":{"index":"index","follow":"follow","max-snippet":"max-snippet:-1","max-image-preview":"max-image-preview:large","max-video-preview":"max-video-preview:-1"},"canonical":"https:\/\/booksfrommexico.com\/es\/producto\/pedro-infante-las-leyes-del-querer\/","og_locale":"es_ES","og_type":"article","og_title":"Pedro Infante: Las Leyes del querer","og_description":"PEDRO INFANTE : LAS LEYES DEL QUERER. \/ Carlos Monsiv\u00e1is. M\u00e9xico, D.F. : Aguilar ; Raya en el Agua, 2008. 278 pages. ISBN : 9789705803710.","og_url":"https:\/\/booksfrommexico.com\/es\/producto\/pedro-infante-las-leyes-del-querer\/","og_site_name":"Books From Mexico","article_modified_time":"2024-05-15T23:57:14+00:00","og_image":[{"width":564,"height":727,"url":"http:\/\/booksfrommexico.com\/app\/uploads\/2023\/05\/141763.jpeg","type":"image\/jpeg"}],"twitter_card":"summary_large_image","twitter_misc":{"Tiempo de lectura":"1 minuto"},"schema":{"@context":"https:\/\/schema.org","@graph":[{"@type":"WebPage","@id":"https:\/\/booksfrommexico.com\/es\/producto\/pedro-infante-las-leyes-del-querer\/","url":"https:\/\/booksfrommexico.com\/es\/producto\/pedro-infante-las-leyes-del-querer\/","name":"Pedro Infante: Las Leyes del querer","isPartOf":{"@id":"https:\/\/booksfrommexico.com\/#website"},"primaryImageOfPage":{"@id":"https:\/\/booksfrommexico.com\/es\/producto\/pedro-infante-las-leyes-del-querer\/#primaryimage"},"image":{"@id":"https:\/\/booksfrommexico.com\/es\/producto\/pedro-infante-las-leyes-del-querer\/#primaryimage"},"thumbnailUrl":"https:\/\/booksfrommexico.com\/app\/uploads\/2023\/05\/141763.jpeg","datePublished":"2023-05-08T17:07:31+00:00","dateModified":"2024-05-15T23:57:14+00:00","description":"PEDRO INFANTE : LAS LEYES DEL QUERER. \/ Carlos Monsiv\u00e1is. M\u00e9xico, D.F. : Aguilar ; Raya en el Agua, 2008. 278 pages. ISBN : 9789705803710.","breadcrumb":{"@id":"https:\/\/booksfrommexico.com\/es\/producto\/pedro-infante-las-leyes-del-querer\/#breadcrumb"},"inLanguage":"es","potentialAction":[{"@type":"ReadAction","target":["https:\/\/booksfrommexico.com\/es\/producto\/pedro-infante-las-leyes-del-querer\/"]}]},{"@type":"ImageObject","inLanguage":"es","@id":"https:\/\/booksfrommexico.com\/es\/producto\/pedro-infante-las-leyes-del-querer\/#primaryimage","url":"https:\/\/booksfrommexico.com\/app\/uploads\/2023\/05\/141763.jpeg","contentUrl":"https:\/\/booksfrommexico.com\/app\/uploads\/2023\/05\/141763.jpeg","width":564,"height":727,"caption":"Pedro Infante. Las Leyes del querer. Books From M\u00e9xico"},{"@type":"BreadcrumbList","@id":"https:\/\/booksfrommexico.com\/es\/producto\/pedro-infante-las-leyes-del-querer\/#breadcrumb","itemListElement":[{"@type":"ListItem","position":1,"name":"Home","item":"https:\/\/booksfrommexico.com\/es\/"},{"@type":"ListItem","position":2,"name":"Libros","item":"https:\/\/booksfrommexico.com\/es\/libros\/"},{"@type":"ListItem","position":3,"name":"Pedro Infante: Las Leyes del querer"}]},{"@type":"WebSite","@id":"https:\/\/booksfrommexico.com\/#website","url":"https:\/\/booksfrommexico.com\/","name":"Books From Mexico","description":"","publisher":{"@id":"https:\/\/booksfrommexico.com\/#organization"},"potentialAction":[{"@type":"SearchAction","target":{"@type":"EntryPoint","urlTemplate":"https:\/\/booksfrommexico.com\/?s={search_term_string}"},"query-input":{"@type":"PropertyValueSpecification","valueRequired":true,"valueName":"search_term_string"}}],"inLanguage":"es"},{"@type":"Organization","@id":"https:\/\/booksfrommexico.com\/#organization","name":"Books From Mexico","url":"https:\/\/booksfrommexico.com\/","logo":{"@type":"ImageObject","inLanguage":"es","@id":"https:\/\/booksfrommexico.com\/#\/schema\/logo\/image\/","url":"https:\/\/booksfrommexico.com\/app\/uploads\/2023\/05\/logo-booksfrommexico.svg","contentUrl":"https:\/\/booksfrommexico.com\/app\/uploads\/2023\/05\/logo-booksfrommexico.svg","width":86,"height":56,"caption":"Books From Mexico"},"image":{"@id":"https:\/\/booksfrommexico.com\/#\/schema\/logo\/image\/"}}]}},"_links":{"self":[{"href":"https:\/\/booksfrommexico.com\/es\/wp-json\/wp\/v2\/product\/842","targetHints":{"allow":["GET"]}}],"collection":[{"href":"https:\/\/booksfrommexico.com\/es\/wp-json\/wp\/v2\/product"}],"about":[{"href":"https:\/\/booksfrommexico.com\/es\/wp-json\/wp\/v2\/types\/product"}],"wp:featuredmedia":[{"embeddable":true,"href":"https:\/\/booksfrommexico.com\/es\/wp-json\/wp\/v2\/media\/841"}],"wp:attachment":[{"href":"https:\/\/booksfrommexico.com\/es\/wp-json\/wp\/v2\/media?parent=842"}],"wp:term":[{"taxonomy":"product_brand","embeddable":true,"href":"https:\/\/booksfrommexico.com\/es\/wp-json\/wp\/v2\/product_brand?post=842"},{"taxonomy":"product_cat","embeddable":true,"href":"https:\/\/booksfrommexico.com\/es\/wp-json\/wp\/v2\/product_cat?post=842"},{"taxonomy":"product_tag","embeddable":true,"href":"https:\/\/booksfrommexico.com\/es\/wp-json\/wp\/v2\/product_tag?post=842"}],"curies":[{"name":"wp","href":"https:\/\/api.w.org\/{rel}","templated":true}]}}