{"id":844,"date":"2023-05-08T17:07:32","date_gmt":"2023-05-08T17:07:32","guid":{"rendered":"http:\/\/booksfrommexico.com\/product\/mujer-ante-todos-trabajadoras-sexuales-y-psicologia-sexual\/"},"modified":"2024-05-28T22:19:22","modified_gmt":"2024-05-28T22:19:22","slug":"mujer-ante-todos-trabajadoras-sexuales-y-psicologia-sexual","status":"publish","type":"product","link":"https:\/\/booksfrommexico.com\/es\/producto\/mujer-ante-todos-trabajadoras-sexuales-y-psicologia-sexual\/","title":{"rendered":"Mujer ante todos: Trabajadoras sexuales y psicolog\u00eda sexual"},"content":{"rendered":"<p><span style=\"font-weight: 400;\">La intenci\u00f3n de este trabajo es compartir las reflexiones realizadas en torno al proceso de la prostituci\u00f3n, tras cinco a\u00f1os de investifaciones e intervenciones diversas realizadas con trabajadoras sexuales que accedieron a participar en la investigaci\u00f3n. Los resultados que se presentan se han elaborado principalmente a partir de entrevistas de trabajadoras sexuales de nivel medio y bajo que laboran en v\u00eda p\u00fablica. El an\u00e1lisis que se realiza busc\u00f3 las semejanzas y diferencias de los discursos, comparando las posturas de las participantes al interior del grupo al que pertenec\u00edan, grupo con grupo, siendo estos separados por niveles socioecon\u00f3micos y \u00e1mbitos laborales.<\/span><\/p>\n","protected":false},"excerpt":{"rendered":"<p>MUJER ANTE TODOS : TRABAJADORAS SEXUALES Y PSICOLOG\u00cdA SEXUAL<span style=\"font-weight: 400;\">. \/ V\u00edctor Manuel Ortiz Aguirre Zamora. Michoac\u00e1n, M\u00e9xico : El Colegio de Michoac\u00e1n, 2008. 315 pages : includes temathic index, interviews ; 23 cm. (Colecci\u00f3n Investigaciones). ISBN : 9789706792631.<\/span><\/p>\n<p><br style=\"font-weight: 400;\" \/><br style=\"font-weight: 400;\" \/><\/p>\n","protected":false},"featured_media":843,"template":"","meta":{"_acf_changed":false,"inline_featured_image":false},"product_brand":[],"product_cat":[147,1466],"product_tag":[3659,4161,4389],"class_list":{"0":"post-844","1":"product","2":"type-product","3":"status-publish","4":"has-post-thumbnail","6":"product_cat-estudios-de-genero","7":"product_cat-psicologia-y-psicologia-social","8":"product_tag-condiciones-sociales","9":"product_tag-lgbt","10":"product_tag-trabajo-sexual","12":"first","13":"instock","14":"taxable","15":"shipping-taxable","16":"purchasable","17":"product-type-simple"},"acf":[],"yoast_head":"<!-- This site is optimized with the Yoast SEO plugin v27.3 - https:\/\/yoast.com\/product\/yoast-seo-wordpress\/ -->\n<title>Mujer ante todos: Trabajadoras sexuales y psicolog\u00eda sexual<\/title>\n<meta name=\"description\" content=\"MUJER ANTE TODOS : TRABAJADORAS SEXUALES Y PSICOLOG\u00cdA SEXUAL. \/ V\u00edctor Manuel Ortiz Aguirre Zamora. 2008. (Colecci\u00f3n Investigaciones). ISBN : 9789706792631.\" \/>\n<meta name=\"robots\" content=\"index, follow, max-snippet:-1, max-image-preview:large, max-video-preview:-1\" \/>\n<link rel=\"canonical\" href=\"https:\/\/booksfrommexico.com\/es\/producto\/mujer-ante-todos-trabajadoras-sexuales-y-psicologia-sexual\/\" \/>\n<meta property=\"og:locale\" content=\"es_ES\" \/>\n<meta property=\"og:type\" content=\"article\" \/>\n<meta property=\"og:title\" content=\"Mujer ante todos: Trabajadoras sexuales y psicolog\u00eda sexual\" \/>\n<meta property=\"og:description\" content=\"MUJER ANTE TODOS : TRABAJADORAS SEXUALES Y PSICOLOG\u00cdA SEXUAL. \/ V\u00edctor Manuel Ortiz Aguirre Zamora. 2008. (Colecci\u00f3n Investigaciones). ISBN : 9789706792631.\" \/>\n<meta property=\"og:url\" content=\"https:\/\/booksfrommexico.com\/es\/producto\/mujer-ante-todos-trabajadoras-sexuales-y-psicologia-sexual\/\" \/>\n<meta property=\"og:site_name\" content=\"Books From Mexico\" \/>\n<meta property=\"article:modified_time\" content=\"2024-05-28T22:19:22+00:00\" \/>\n<meta property=\"og:image\" content=\"http:\/\/booksfrommexico.com\/app\/uploads\/2023\/05\/141820.jpeg\" \/>\n\t<meta property=\"og:image:width\" content=\"458\" \/>\n\t<meta property=\"og:image:height\" content=\"669\" \/>\n\t<meta property=\"og:image:type\" content=\"image\/jpeg\" \/>\n<meta name=\"twitter:card\" content=\"summary_large_image\" \/>\n<meta name=\"twitter:label1\" content=\"Tiempo de lectura\" \/>\n\t<meta name=\"twitter:data1\" content=\"1 minuto\" \/>\n<script type=\"application\/ld+json\" class=\"yoast-schema-graph\">{\"@context\":\"https:\\\/\\\/schema.org\",\"@graph\":[{\"@type\":\"WebPage\",\"@id\":\"https:\\\/\\\/booksfrommexico.com\\\/es\\\/producto\\\/mujer-ante-todos-trabajadoras-sexuales-y-psicologia-sexual\\\/\",\"url\":\"https:\\\/\\\/booksfrommexico.com\\\/es\\\/producto\\\/mujer-ante-todos-trabajadoras-sexuales-y-psicologia-sexual\\\/\",\"name\":\"Mujer ante todos: Trabajadoras sexuales y psicolog\u00eda sexual\",\"isPartOf\":{\"@id\":\"https:\\\/\\\/booksfrommexico.com\\\/#website\"},\"primaryImageOfPage\":{\"@id\":\"https:\\\/\\\/booksfrommexico.com\\\/es\\\/producto\\\/mujer-ante-todos-trabajadoras-sexuales-y-psicologia-sexual\\\/#primaryimage\"},\"image\":{\"@id\":\"https:\\\/\\\/booksfrommexico.com\\\/es\\\/producto\\\/mujer-ante-todos-trabajadoras-sexuales-y-psicologia-sexual\\\/#primaryimage\"},\"thumbnailUrl\":\"https:\\\/\\\/booksfrommexico.com\\\/app\\\/uploads\\\/2023\\\/05\\\/141820.jpeg\",\"datePublished\":\"2023-05-08T17:07:32+00:00\",\"dateModified\":\"2024-05-28T22:19:22+00:00\",\"description\":\"MUJER ANTE TODOS : TRABAJADORAS SEXUALES Y PSICOLOG\u00cdA SEXUAL. \\\/ V\u00edctor Manuel Ortiz Aguirre Zamora. 2008. (Colecci\u00f3n Investigaciones). ISBN : 9789706792631.\",\"breadcrumb\":{\"@id\":\"https:\\\/\\\/booksfrommexico.com\\\/es\\\/producto\\\/mujer-ante-todos-trabajadoras-sexuales-y-psicologia-sexual\\\/#breadcrumb\"},\"inLanguage\":\"es\",\"potentialAction\":[{\"@type\":\"ReadAction\",\"target\":[\"https:\\\/\\\/booksfrommexico.com\\\/es\\\/producto\\\/mujer-ante-todos-trabajadoras-sexuales-y-psicologia-sexual\\\/\"]}]},{\"@type\":\"ImageObject\",\"inLanguage\":\"es\",\"@id\":\"https:\\\/\\\/booksfrommexico.com\\\/es\\\/producto\\\/mujer-ante-todos-trabajadoras-sexuales-y-psicologia-sexual\\\/#primaryimage\",\"url\":\"https:\\\/\\\/booksfrommexico.com\\\/app\\\/uploads\\\/2023\\\/05\\\/141820.jpeg\",\"contentUrl\":\"https:\\\/\\\/booksfrommexico.com\\\/app\\\/uploads\\\/2023\\\/05\\\/141820.jpeg\",\"width\":458,\"height\":669,\"caption\":\"Mujer ante todos. Books From M\u00e9xico\"},{\"@type\":\"BreadcrumbList\",\"@id\":\"https:\\\/\\\/booksfrommexico.com\\\/es\\\/producto\\\/mujer-ante-todos-trabajadoras-sexuales-y-psicologia-sexual\\\/#breadcrumb\",\"itemListElement\":[{\"@type\":\"ListItem\",\"position\":1,\"name\":\"Home\",\"item\":\"https:\\\/\\\/booksfrommexico.com\\\/es\\\/\"},{\"@type\":\"ListItem\",\"position\":2,\"name\":\"Libros\",\"item\":\"https:\\\/\\\/booksfrommexico.com\\\/es\\\/libros\\\/\"},{\"@type\":\"ListItem\",\"position\":3,\"name\":\"Mujer ante todos: Trabajadoras sexuales y psicolog\u00eda sexual\"}]},{\"@type\":\"WebSite\",\"@id\":\"https:\\\/\\\/booksfrommexico.com\\\/#website\",\"url\":\"https:\\\/\\\/booksfrommexico.com\\\/\",\"name\":\"Books From Mexico\",\"description\":\"\",\"publisher\":{\"@id\":\"https:\\\/\\\/booksfrommexico.com\\\/#organization\"},\"potentialAction\":[{\"@type\":\"SearchAction\",\"target\":{\"@type\":\"EntryPoint\",\"urlTemplate\":\"https:\\\/\\\/booksfrommexico.com\\\/?s={search_term_string}\"},\"query-input\":{\"@type\":\"PropertyValueSpecification\",\"valueRequired\":true,\"valueName\":\"search_term_string\"}}],\"inLanguage\":\"es\"},{\"@type\":\"Organization\",\"@id\":\"https:\\\/\\\/booksfrommexico.com\\\/#organization\",\"name\":\"Books From Mexico\",\"url\":\"https:\\\/\\\/booksfrommexico.com\\\/\",\"logo\":{\"@type\":\"ImageObject\",\"inLanguage\":\"es\",\"@id\":\"https:\\\/\\\/booksfrommexico.com\\\/#\\\/schema\\\/logo\\\/image\\\/\",\"url\":\"https:\\\/\\\/booksfrommexico.com\\\/app\\\/uploads\\\/2023\\\/05\\\/logo-booksfrommexico.svg\",\"contentUrl\":\"https:\\\/\\\/booksfrommexico.com\\\/app\\\/uploads\\\/2023\\\/05\\\/logo-booksfrommexico.svg\",\"width\":86,\"height\":56,\"caption\":\"Books From Mexico\"},\"image\":{\"@id\":\"https:\\\/\\\/booksfrommexico.com\\\/#\\\/schema\\\/logo\\\/image\\\/\"}}]}<\/script>\n<!-- \/ Yoast SEO plugin. -->","yoast_head_json":{"title":"Mujer ante todos: Trabajadoras sexuales y psicolog\u00eda sexual","description":"MUJER ANTE TODOS : TRABAJADORAS SEXUALES Y PSICOLOG\u00cdA SEXUAL. \/ V\u00edctor Manuel Ortiz Aguirre Zamora. 2008. (Colecci\u00f3n Investigaciones). ISBN : 9789706792631.","robots":{"index":"index","follow":"follow","max-snippet":"max-snippet:-1","max-image-preview":"max-image-preview:large","max-video-preview":"max-video-preview:-1"},"canonical":"https:\/\/booksfrommexico.com\/es\/producto\/mujer-ante-todos-trabajadoras-sexuales-y-psicologia-sexual\/","og_locale":"es_ES","og_type":"article","og_title":"Mujer ante todos: Trabajadoras sexuales y psicolog\u00eda sexual","og_description":"MUJER ANTE TODOS : TRABAJADORAS SEXUALES Y PSICOLOG\u00cdA SEXUAL. \/ V\u00edctor Manuel Ortiz Aguirre Zamora. 2008. (Colecci\u00f3n Investigaciones). ISBN : 9789706792631.","og_url":"https:\/\/booksfrommexico.com\/es\/producto\/mujer-ante-todos-trabajadoras-sexuales-y-psicologia-sexual\/","og_site_name":"Books From Mexico","article_modified_time":"2024-05-28T22:19:22+00:00","og_image":[{"width":458,"height":669,"url":"http:\/\/booksfrommexico.com\/app\/uploads\/2023\/05\/141820.jpeg","type":"image\/jpeg"}],"twitter_card":"summary_large_image","twitter_misc":{"Tiempo de lectura":"1 minuto"},"schema":{"@context":"https:\/\/schema.org","@graph":[{"@type":"WebPage","@id":"https:\/\/booksfrommexico.com\/es\/producto\/mujer-ante-todos-trabajadoras-sexuales-y-psicologia-sexual\/","url":"https:\/\/booksfrommexico.com\/es\/producto\/mujer-ante-todos-trabajadoras-sexuales-y-psicologia-sexual\/","name":"Mujer ante todos: Trabajadoras sexuales y psicolog\u00eda sexual","isPartOf":{"@id":"https:\/\/booksfrommexico.com\/#website"},"primaryImageOfPage":{"@id":"https:\/\/booksfrommexico.com\/es\/producto\/mujer-ante-todos-trabajadoras-sexuales-y-psicologia-sexual\/#primaryimage"},"image":{"@id":"https:\/\/booksfrommexico.com\/es\/producto\/mujer-ante-todos-trabajadoras-sexuales-y-psicologia-sexual\/#primaryimage"},"thumbnailUrl":"https:\/\/booksfrommexico.com\/app\/uploads\/2023\/05\/141820.jpeg","datePublished":"2023-05-08T17:07:32+00:00","dateModified":"2024-05-28T22:19:22+00:00","description":"MUJER ANTE TODOS : TRABAJADORAS SEXUALES Y PSICOLOG\u00cdA SEXUAL. \/ V\u00edctor Manuel Ortiz Aguirre Zamora. 2008. (Colecci\u00f3n Investigaciones). ISBN : 9789706792631.","breadcrumb":{"@id":"https:\/\/booksfrommexico.com\/es\/producto\/mujer-ante-todos-trabajadoras-sexuales-y-psicologia-sexual\/#breadcrumb"},"inLanguage":"es","potentialAction":[{"@type":"ReadAction","target":["https:\/\/booksfrommexico.com\/es\/producto\/mujer-ante-todos-trabajadoras-sexuales-y-psicologia-sexual\/"]}]},{"@type":"ImageObject","inLanguage":"es","@id":"https:\/\/booksfrommexico.com\/es\/producto\/mujer-ante-todos-trabajadoras-sexuales-y-psicologia-sexual\/#primaryimage","url":"https:\/\/booksfrommexico.com\/app\/uploads\/2023\/05\/141820.jpeg","contentUrl":"https:\/\/booksfrommexico.com\/app\/uploads\/2023\/05\/141820.jpeg","width":458,"height":669,"caption":"Mujer ante todos. Books From M\u00e9xico"},{"@type":"BreadcrumbList","@id":"https:\/\/booksfrommexico.com\/es\/producto\/mujer-ante-todos-trabajadoras-sexuales-y-psicologia-sexual\/#breadcrumb","itemListElement":[{"@type":"ListItem","position":1,"name":"Home","item":"https:\/\/booksfrommexico.com\/es\/"},{"@type":"ListItem","position":2,"name":"Libros","item":"https:\/\/booksfrommexico.com\/es\/libros\/"},{"@type":"ListItem","position":3,"name":"Mujer ante todos: Trabajadoras sexuales y psicolog\u00eda sexual"}]},{"@type":"WebSite","@id":"https:\/\/booksfrommexico.com\/#website","url":"https:\/\/booksfrommexico.com\/","name":"Books From Mexico","description":"","publisher":{"@id":"https:\/\/booksfrommexico.com\/#organization"},"potentialAction":[{"@type":"SearchAction","target":{"@type":"EntryPoint","urlTemplate":"https:\/\/booksfrommexico.com\/?s={search_term_string}"},"query-input":{"@type":"PropertyValueSpecification","valueRequired":true,"valueName":"search_term_string"}}],"inLanguage":"es"},{"@type":"Organization","@id":"https:\/\/booksfrommexico.com\/#organization","name":"Books From Mexico","url":"https:\/\/booksfrommexico.com\/","logo":{"@type":"ImageObject","inLanguage":"es","@id":"https:\/\/booksfrommexico.com\/#\/schema\/logo\/image\/","url":"https:\/\/booksfrommexico.com\/app\/uploads\/2023\/05\/logo-booksfrommexico.svg","contentUrl":"https:\/\/booksfrommexico.com\/app\/uploads\/2023\/05\/logo-booksfrommexico.svg","width":86,"height":56,"caption":"Books From Mexico"},"image":{"@id":"https:\/\/booksfrommexico.com\/#\/schema\/logo\/image\/"}}]}},"_links":{"self":[{"href":"https:\/\/booksfrommexico.com\/es\/wp-json\/wp\/v2\/product\/844","targetHints":{"allow":["GET"]}}],"collection":[{"href":"https:\/\/booksfrommexico.com\/es\/wp-json\/wp\/v2\/product"}],"about":[{"href":"https:\/\/booksfrommexico.com\/es\/wp-json\/wp\/v2\/types\/product"}],"wp:featuredmedia":[{"embeddable":true,"href":"https:\/\/booksfrommexico.com\/es\/wp-json\/wp\/v2\/media\/843"}],"wp:attachment":[{"href":"https:\/\/booksfrommexico.com\/es\/wp-json\/wp\/v2\/media?parent=844"}],"wp:term":[{"taxonomy":"product_brand","embeddable":true,"href":"https:\/\/booksfrommexico.com\/es\/wp-json\/wp\/v2\/product_brand?post=844"},{"taxonomy":"product_cat","embeddable":true,"href":"https:\/\/booksfrommexico.com\/es\/wp-json\/wp\/v2\/product_cat?post=844"},{"taxonomy":"product_tag","embeddable":true,"href":"https:\/\/booksfrommexico.com\/es\/wp-json\/wp\/v2\/product_tag?post=844"}],"curies":[{"name":"wp","href":"https:\/\/api.w.org\/{rel}","templated":true}]}}