{"id":85,"date":"2023-05-08T16:09:03","date_gmt":"2023-05-08T16:09:03","guid":{"rendered":"http:\/\/booksfrommexico.com\/product\/inmigracion-laboral-africana-en-la-peninsula-iberica\/"},"modified":"2024-08-08T16:58:20","modified_gmt":"2024-08-08T16:58:20","slug":"inmigracion-laboral-africana-en-la-peninsula-iberica","status":"publish","type":"product","link":"https:\/\/booksfrommexico.com\/es\/producto\/inmigracion-laboral-africana-en-la-peninsula-iberica\/","title":{"rendered":"Inmigraci\u00f3n laboral africana en la Pen\u00ednsula Ib\u00e9rica"},"content":{"rendered":"","protected":false},"excerpt":{"rendered":"<p>Mendoza, Crist\u00f3bal INMIGRACI\u00d3N LABORAL AFRICANA EN LA PEN\u00cdNSULA IB\u00c9RICA. \/ Crist\u00f3bal Mendoza; Jos\u00e9 Dom\u00ednguez, Eduardo Neve, traductores M\u00e9xico, D.F.: Universidad Aut\u00f3noma Metropolitana, Unidad Iztapalapa; Miguel Angel Porr\u00faa, 2009. 315 pages: 23 cm. Bibliography: pages 275-315. Includes bibliographic references ISBN 9786074010541.<\/p>\n","protected":false},"featured_media":84,"template":"","meta":{"_acf_changed":false,"inline_featured_image":false},"product_brand":[],"product_cat":[568,42],"product_tag":[3614,3610,3612],"class_list":{"0":"post-85","1":"product","2":"type-product","3":"status-publish","4":"has-post-thumbnail","6":"product_cat-inmigracion-hacia-desde-otros-paises-temas-de-inmigracion-y-migraciones-humanas","7":"product_cat-temas-de-inmigracion-y-migraciones-humanas","8":"product_tag-africa","9":"product_tag-condiciones-economicas","10":"product_tag-inmigrants","12":"first","13":"outofstock","14":"taxable","15":"shipping-taxable","16":"purchasable","17":"product-type-simple"},"acf":[],"yoast_head":"<!-- This site is optimized with the Yoast SEO plugin v27.3 - https:\/\/yoast.com\/product\/yoast-seo-wordpress\/ -->\n<title>Inmigraci\u00f3n laboral africana en la Pen\u00ednsula Ib\u00e9rica - Books From Mexico<\/title>\n<meta name=\"description\" content=\"Crist\u00f3bal Mendoza; Jos\u00e9 Dom\u00ednguez, Eduardo Neve. Universidad Aut\u00f3noma Metropolitana, Unidad Iztapalapa; Miguel \u00c1ngel Porr\u00faa, 2009. ISBN 978607401054\" \/>\n<meta name=\"robots\" content=\"index, follow, max-snippet:-1, max-image-preview:large, max-video-preview:-1\" \/>\n<link rel=\"canonical\" href=\"https:\/\/booksfrommexico.com\/es\/producto\/inmigracion-laboral-africana-en-la-peninsula-iberica\/\" \/>\n<meta property=\"og:locale\" content=\"es_ES\" \/>\n<meta property=\"og:type\" content=\"article\" \/>\n<meta property=\"og:title\" content=\"Inmigraci\u00f3n laboral africana en la Pen\u00ednsula Ib\u00e9rica - Books From Mexico\" \/>\n<meta property=\"og:description\" content=\"Crist\u00f3bal Mendoza; Jos\u00e9 Dom\u00ednguez, Eduardo Neve. Universidad Aut\u00f3noma Metropolitana, Unidad Iztapalapa; Miguel \u00c1ngel Porr\u00faa, 2009. ISBN 978607401054\" \/>\n<meta property=\"og:url\" content=\"https:\/\/booksfrommexico.com\/es\/producto\/inmigracion-laboral-africana-en-la-peninsula-iberica\/\" \/>\n<meta property=\"og:site_name\" content=\"Books From Mexico\" \/>\n<meta property=\"article:modified_time\" content=\"2024-08-08T16:58:20+00:00\" \/>\n<meta property=\"og:image\" content=\"http:\/\/booksfrommexico.com\/app\/uploads\/2023\/05\/144256-pdf.jpg\" \/>\n\t<meta property=\"og:image:width\" content=\"806\" \/>\n\t<meta property=\"og:image:height\" content=\"1120\" \/>\n\t<meta property=\"og:image:type\" content=\"image\/jpeg\" \/>\n<meta name=\"twitter:card\" content=\"summary_large_image\" \/>\n<meta name=\"twitter:label1\" content=\"Tiempo de lectura\" \/>\n\t<meta name=\"twitter:data1\" content=\"1 minuto\" \/>\n<script type=\"application\/ld+json\" class=\"yoast-schema-graph\">{\"@context\":\"https:\\\/\\\/schema.org\",\"@graph\":[{\"@type\":\"WebPage\",\"@id\":\"https:\\\/\\\/booksfrommexico.com\\\/es\\\/producto\\\/inmigracion-laboral-africana-en-la-peninsula-iberica\\\/\",\"url\":\"https:\\\/\\\/booksfrommexico.com\\\/es\\\/producto\\\/inmigracion-laboral-africana-en-la-peninsula-iberica\\\/\",\"name\":\"Inmigraci\u00f3n laboral africana en la Pen\u00ednsula Ib\u00e9rica - Books From Mexico\",\"isPartOf\":{\"@id\":\"https:\\\/\\\/booksfrommexico.com\\\/#website\"},\"primaryImageOfPage\":{\"@id\":\"https:\\\/\\\/booksfrommexico.com\\\/es\\\/producto\\\/inmigracion-laboral-africana-en-la-peninsula-iberica\\\/#primaryimage\"},\"image\":{\"@id\":\"https:\\\/\\\/booksfrommexico.com\\\/es\\\/producto\\\/inmigracion-laboral-africana-en-la-peninsula-iberica\\\/#primaryimage\"},\"thumbnailUrl\":\"https:\\\/\\\/booksfrommexico.com\\\/app\\\/uploads\\\/2023\\\/05\\\/144256-pdf.jpg\",\"datePublished\":\"2023-05-08T16:09:03+00:00\",\"dateModified\":\"2024-08-08T16:58:20+00:00\",\"description\":\"Crist\u00f3bal Mendoza; Jos\u00e9 Dom\u00ednguez, Eduardo Neve. Universidad Aut\u00f3noma Metropolitana, Unidad Iztapalapa; Miguel \u00c1ngel Porr\u00faa, 2009. ISBN 978607401054\",\"breadcrumb\":{\"@id\":\"https:\\\/\\\/booksfrommexico.com\\\/es\\\/producto\\\/inmigracion-laboral-africana-en-la-peninsula-iberica\\\/#breadcrumb\"},\"inLanguage\":\"es\",\"potentialAction\":[{\"@type\":\"ReadAction\",\"target\":[\"https:\\\/\\\/booksfrommexico.com\\\/es\\\/producto\\\/inmigracion-laboral-africana-en-la-peninsula-iberica\\\/\"]}]},{\"@type\":\"ImageObject\",\"inLanguage\":\"es\",\"@id\":\"https:\\\/\\\/booksfrommexico.com\\\/es\\\/producto\\\/inmigracion-laboral-africana-en-la-peninsula-iberica\\\/#primaryimage\",\"url\":\"https:\\\/\\\/booksfrommexico.com\\\/app\\\/uploads\\\/2023\\\/05\\\/144256-pdf.jpg\",\"contentUrl\":\"https:\\\/\\\/booksfrommexico.com\\\/app\\\/uploads\\\/2023\\\/05\\\/144256-pdf.jpg\",\"width\":806,\"height\":1120,\"caption\":\"Inmigraci\u00f3n laboral africana en la Pen\u00ednsula Ib\u00e9rica\"},{\"@type\":\"BreadcrumbList\",\"@id\":\"https:\\\/\\\/booksfrommexico.com\\\/es\\\/producto\\\/inmigracion-laboral-africana-en-la-peninsula-iberica\\\/#breadcrumb\",\"itemListElement\":[{\"@type\":\"ListItem\",\"position\":1,\"name\":\"Home\",\"item\":\"https:\\\/\\\/booksfrommexico.com\\\/es\\\/\"},{\"@type\":\"ListItem\",\"position\":2,\"name\":\"Libros\",\"item\":\"https:\\\/\\\/booksfrommexico.com\\\/es\\\/libros\\\/\"},{\"@type\":\"ListItem\",\"position\":3,\"name\":\"Inmigraci\u00f3n laboral africana en la Pen\u00ednsula Ib\u00e9rica\"}]},{\"@type\":\"WebSite\",\"@id\":\"https:\\\/\\\/booksfrommexico.com\\\/#website\",\"url\":\"https:\\\/\\\/booksfrommexico.com\\\/\",\"name\":\"Books From Mexico\",\"description\":\"\",\"publisher\":{\"@id\":\"https:\\\/\\\/booksfrommexico.com\\\/#organization\"},\"potentialAction\":[{\"@type\":\"SearchAction\",\"target\":{\"@type\":\"EntryPoint\",\"urlTemplate\":\"https:\\\/\\\/booksfrommexico.com\\\/?s={search_term_string}\"},\"query-input\":{\"@type\":\"PropertyValueSpecification\",\"valueRequired\":true,\"valueName\":\"search_term_string\"}}],\"inLanguage\":\"es\"},{\"@type\":\"Organization\",\"@id\":\"https:\\\/\\\/booksfrommexico.com\\\/#organization\",\"name\":\"Books From Mexico\",\"url\":\"https:\\\/\\\/booksfrommexico.com\\\/\",\"logo\":{\"@type\":\"ImageObject\",\"inLanguage\":\"es\",\"@id\":\"https:\\\/\\\/booksfrommexico.com\\\/#\\\/schema\\\/logo\\\/image\\\/\",\"url\":\"https:\\\/\\\/booksfrommexico.com\\\/app\\\/uploads\\\/2023\\\/05\\\/logo-booksfrommexico.svg\",\"contentUrl\":\"https:\\\/\\\/booksfrommexico.com\\\/app\\\/uploads\\\/2023\\\/05\\\/logo-booksfrommexico.svg\",\"width\":86,\"height\":56,\"caption\":\"Books From Mexico\"},\"image\":{\"@id\":\"https:\\\/\\\/booksfrommexico.com\\\/#\\\/schema\\\/logo\\\/image\\\/\"}}]}<\/script>\n<!-- \/ Yoast SEO plugin. -->","yoast_head_json":{"title":"Inmigraci\u00f3n laboral africana en la Pen\u00ednsula Ib\u00e9rica - Books From Mexico","description":"Crist\u00f3bal Mendoza; Jos\u00e9 Dom\u00ednguez, Eduardo Neve. Universidad Aut\u00f3noma Metropolitana, Unidad Iztapalapa; Miguel \u00c1ngel Porr\u00faa, 2009. ISBN 978607401054","robots":{"index":"index","follow":"follow","max-snippet":"max-snippet:-1","max-image-preview":"max-image-preview:large","max-video-preview":"max-video-preview:-1"},"canonical":"https:\/\/booksfrommexico.com\/es\/producto\/inmigracion-laboral-africana-en-la-peninsula-iberica\/","og_locale":"es_ES","og_type":"article","og_title":"Inmigraci\u00f3n laboral africana en la Pen\u00ednsula Ib\u00e9rica - Books From Mexico","og_description":"Crist\u00f3bal Mendoza; Jos\u00e9 Dom\u00ednguez, Eduardo Neve. Universidad Aut\u00f3noma Metropolitana, Unidad Iztapalapa; Miguel \u00c1ngel Porr\u00faa, 2009. ISBN 978607401054","og_url":"https:\/\/booksfrommexico.com\/es\/producto\/inmigracion-laboral-africana-en-la-peninsula-iberica\/","og_site_name":"Books From Mexico","article_modified_time":"2024-08-08T16:58:20+00:00","og_image":[{"width":806,"height":1120,"url":"http:\/\/booksfrommexico.com\/app\/uploads\/2023\/05\/144256-pdf.jpg","type":"image\/jpeg"}],"twitter_card":"summary_large_image","twitter_misc":{"Tiempo de lectura":"1 minuto"},"schema":{"@context":"https:\/\/schema.org","@graph":[{"@type":"WebPage","@id":"https:\/\/booksfrommexico.com\/es\/producto\/inmigracion-laboral-africana-en-la-peninsula-iberica\/","url":"https:\/\/booksfrommexico.com\/es\/producto\/inmigracion-laboral-africana-en-la-peninsula-iberica\/","name":"Inmigraci\u00f3n laboral africana en la Pen\u00ednsula Ib\u00e9rica - Books From Mexico","isPartOf":{"@id":"https:\/\/booksfrommexico.com\/#website"},"primaryImageOfPage":{"@id":"https:\/\/booksfrommexico.com\/es\/producto\/inmigracion-laboral-africana-en-la-peninsula-iberica\/#primaryimage"},"image":{"@id":"https:\/\/booksfrommexico.com\/es\/producto\/inmigracion-laboral-africana-en-la-peninsula-iberica\/#primaryimage"},"thumbnailUrl":"https:\/\/booksfrommexico.com\/app\/uploads\/2023\/05\/144256-pdf.jpg","datePublished":"2023-05-08T16:09:03+00:00","dateModified":"2024-08-08T16:58:20+00:00","description":"Crist\u00f3bal Mendoza; Jos\u00e9 Dom\u00ednguez, Eduardo Neve. Universidad Aut\u00f3noma Metropolitana, Unidad Iztapalapa; Miguel \u00c1ngel Porr\u00faa, 2009. ISBN 978607401054","breadcrumb":{"@id":"https:\/\/booksfrommexico.com\/es\/producto\/inmigracion-laboral-africana-en-la-peninsula-iberica\/#breadcrumb"},"inLanguage":"es","potentialAction":[{"@type":"ReadAction","target":["https:\/\/booksfrommexico.com\/es\/producto\/inmigracion-laboral-africana-en-la-peninsula-iberica\/"]}]},{"@type":"ImageObject","inLanguage":"es","@id":"https:\/\/booksfrommexico.com\/es\/producto\/inmigracion-laboral-africana-en-la-peninsula-iberica\/#primaryimage","url":"https:\/\/booksfrommexico.com\/app\/uploads\/2023\/05\/144256-pdf.jpg","contentUrl":"https:\/\/booksfrommexico.com\/app\/uploads\/2023\/05\/144256-pdf.jpg","width":806,"height":1120,"caption":"Inmigraci\u00f3n laboral africana en la Pen\u00ednsula Ib\u00e9rica"},{"@type":"BreadcrumbList","@id":"https:\/\/booksfrommexico.com\/es\/producto\/inmigracion-laboral-africana-en-la-peninsula-iberica\/#breadcrumb","itemListElement":[{"@type":"ListItem","position":1,"name":"Home","item":"https:\/\/booksfrommexico.com\/es\/"},{"@type":"ListItem","position":2,"name":"Libros","item":"https:\/\/booksfrommexico.com\/es\/libros\/"},{"@type":"ListItem","position":3,"name":"Inmigraci\u00f3n laboral africana en la Pen\u00ednsula Ib\u00e9rica"}]},{"@type":"WebSite","@id":"https:\/\/booksfrommexico.com\/#website","url":"https:\/\/booksfrommexico.com\/","name":"Books From Mexico","description":"","publisher":{"@id":"https:\/\/booksfrommexico.com\/#organization"},"potentialAction":[{"@type":"SearchAction","target":{"@type":"EntryPoint","urlTemplate":"https:\/\/booksfrommexico.com\/?s={search_term_string}"},"query-input":{"@type":"PropertyValueSpecification","valueRequired":true,"valueName":"search_term_string"}}],"inLanguage":"es"},{"@type":"Organization","@id":"https:\/\/booksfrommexico.com\/#organization","name":"Books From Mexico","url":"https:\/\/booksfrommexico.com\/","logo":{"@type":"ImageObject","inLanguage":"es","@id":"https:\/\/booksfrommexico.com\/#\/schema\/logo\/image\/","url":"https:\/\/booksfrommexico.com\/app\/uploads\/2023\/05\/logo-booksfrommexico.svg","contentUrl":"https:\/\/booksfrommexico.com\/app\/uploads\/2023\/05\/logo-booksfrommexico.svg","width":86,"height":56,"caption":"Books From Mexico"},"image":{"@id":"https:\/\/booksfrommexico.com\/#\/schema\/logo\/image\/"}}]}},"_links":{"self":[{"href":"https:\/\/booksfrommexico.com\/es\/wp-json\/wp\/v2\/product\/85","targetHints":{"allow":["GET"]}}],"collection":[{"href":"https:\/\/booksfrommexico.com\/es\/wp-json\/wp\/v2\/product"}],"about":[{"href":"https:\/\/booksfrommexico.com\/es\/wp-json\/wp\/v2\/types\/product"}],"wp:featuredmedia":[{"embeddable":true,"href":"https:\/\/booksfrommexico.com\/es\/wp-json\/wp\/v2\/media\/84"}],"wp:attachment":[{"href":"https:\/\/booksfrommexico.com\/es\/wp-json\/wp\/v2\/media?parent=85"}],"wp:term":[{"taxonomy":"product_brand","embeddable":true,"href":"https:\/\/booksfrommexico.com\/es\/wp-json\/wp\/v2\/product_brand?post=85"},{"taxonomy":"product_cat","embeddable":true,"href":"https:\/\/booksfrommexico.com\/es\/wp-json\/wp\/v2\/product_cat?post=85"},{"taxonomy":"product_tag","embeddable":true,"href":"https:\/\/booksfrommexico.com\/es\/wp-json\/wp\/v2\/product_tag?post=85"}],"curies":[{"name":"wp","href":"https:\/\/api.w.org\/{rel}","templated":true}]}}