{"id":850,"date":"2023-05-08T17:07:37","date_gmt":"2023-05-08T17:07:37","guid":{"rendered":"http:\/\/booksfrommexico.com\/product\/relatos-desde-la-danza-y-el-cuerpo-identidad-y-oficio-de-un-grupo-de-mujeres-mexicanas-y-argentinas\/"},"modified":"2024-05-28T21:41:51","modified_gmt":"2024-05-28T21:41:51","slug":"relatos-desde-la-danza-y-el-cuerpo-identidad-y-oficio-de-un-grupo-de-mujeres-mexicanas-y-argentinas","status":"publish","type":"product","link":"https:\/\/booksfrommexico.com\/es\/producto\/relatos-desde-la-danza-y-el-cuerpo-identidad-y-oficio-de-un-grupo-de-mujeres-mexicanas-y-argentinas\/","title":{"rendered":"Relatos desde la danza y el cuerpo: Identidad y oficio de un grupo de mujeres mexicanas y argentinas"},"content":{"rendered":"<p><span style=\"font-weight: 400;\">El oficio de bailarina de danza \u00e1rabe ejercido en dos contextos latinoamericanos como M\u00e9xico y Argentina es el punto focal que tom\u00f3 la autora para construir un objeto de investigaci\u00f3n que la condujo a explorar procesos de socializaci\u00f3n, identidad, v\u00ednculo con el cuerpo y conformaci\u00f3n de proyecto personal de mujeres contempor\u00e1neas. La autora problematiza el objeto de investigaci\u00f3n, abriendo as\u00ed diversos caminos anal\u00edticos para intentar comprender las tensiones entre los estereotipos de la mujer, as\u00ed como las formas emergentes de sentido en la experiencia de las mujeres, especialmente al ejercer este oficio, que est\u00e1n generando cambios e impactos en la formaci\u00f3n de individuos.<\/span><\/p>\n","protected":false},"excerpt":{"rendered":"<p>RELATOS DESDE LA DANZA Y EL CUERPO : IDENTIDAD Y OFICIO DE UN GRUPO DE MUJERES MEXICANAS Y ARGENTINAS<span style=\"font-weight: 400;\">. \/ Gloria Brice\u00f1o Alcaraz. Guadalajara, Jalisco, M\u00e9xico : Universidad de Guadalajara , Centro Universitario de Ciencias Sociales y Humanidades, 2008. 354 pages : includes references, bibliography ; 21 cm. ISBN : 9789702712909.<\/span><\/p>\n","protected":false},"featured_media":849,"template":"","meta":{"_acf_changed":false,"inline_featured_image":false},"product_brand":[],"product_cat":[87,3347],"product_tag":[3859,4101],"class_list":{"0":"post-850","1":"product","2":"type-product","3":"status-publish","4":"has-post-thumbnail","6":"product_cat-arte","7":"product_cat-drama-danza-y-teatro","8":"product_tag-danza","9":"product_tag-mujeres-es","11":"first","12":"instock","13":"taxable","14":"shipping-taxable","15":"purchasable","16":"product-type-simple"},"acf":[],"yoast_head":"<!-- This site is optimized with the Yoast SEO plugin v27.2 - https:\/\/yoast.com\/product\/yoast-seo-wordpress\/ -->\n<title>Relatos desde la danza y el cuerpo<\/title>\n<meta name=\"description\" content=\"RELATOS DESDE LA DANZA Y EL CUERPO : IDENTIDAD Y OFICIO DE UN GRUPO DE MUJERES MEXICANAS Y ARGENTINAS. \/ Gloria Brice\u00f1o Alcaraz. 2008.\" \/>\n<meta name=\"robots\" content=\"index, follow, max-snippet:-1, max-image-preview:large, max-video-preview:-1\" \/>\n<link rel=\"canonical\" href=\"https:\/\/booksfrommexico.com\/es\/producto\/relatos-desde-la-danza-y-el-cuerpo-identidad-y-oficio-de-un-grupo-de-mujeres-mexicanas-y-argentinas\/\" \/>\n<meta property=\"og:locale\" content=\"es_ES\" \/>\n<meta property=\"og:type\" content=\"article\" \/>\n<meta property=\"og:title\" content=\"Relatos desde la danza y el cuerpo\" \/>\n<meta property=\"og:description\" content=\"RELATOS DESDE LA DANZA Y EL CUERPO : IDENTIDAD Y OFICIO DE UN GRUPO DE MUJERES MEXICANAS Y ARGENTINAS. \/ Gloria Brice\u00f1o Alcaraz. 2008.\" \/>\n<meta property=\"og:url\" content=\"https:\/\/booksfrommexico.com\/es\/producto\/relatos-desde-la-danza-y-el-cuerpo-identidad-y-oficio-de-un-grupo-de-mujeres-mexicanas-y-argentinas\/\" \/>\n<meta property=\"og:site_name\" content=\"Books From Mexico\" \/>\n<meta property=\"article:modified_time\" content=\"2024-05-28T21:41:51+00:00\" \/>\n<meta property=\"og:image\" content=\"http:\/\/booksfrommexico.com\/app\/uploads\/2023\/05\/141904.jpeg\" \/>\n\t<meta property=\"og:image:width\" content=\"390\" \/>\n\t<meta property=\"og:image:height\" content=\"612\" \/>\n\t<meta property=\"og:image:type\" content=\"image\/jpeg\" \/>\n<meta name=\"twitter:card\" content=\"summary_large_image\" \/>\n<meta name=\"twitter:label1\" content=\"Tiempo de lectura\" \/>\n\t<meta name=\"twitter:data1\" content=\"1 minuto\" \/>\n<script type=\"application\/ld+json\" class=\"yoast-schema-graph\">{\"@context\":\"https:\/\/schema.org\",\"@graph\":[{\"@type\":\"WebPage\",\"@id\":\"https:\/\/booksfrommexico.com\/es\/producto\/relatos-desde-la-danza-y-el-cuerpo-identidad-y-oficio-de-un-grupo-de-mujeres-mexicanas-y-argentinas\/\",\"url\":\"https:\/\/booksfrommexico.com\/es\/producto\/relatos-desde-la-danza-y-el-cuerpo-identidad-y-oficio-de-un-grupo-de-mujeres-mexicanas-y-argentinas\/\",\"name\":\"Relatos desde la danza y el cuerpo\",\"isPartOf\":{\"@id\":\"https:\/\/booksfrommexico.com\/#website\"},\"primaryImageOfPage\":{\"@id\":\"https:\/\/booksfrommexico.com\/es\/producto\/relatos-desde-la-danza-y-el-cuerpo-identidad-y-oficio-de-un-grupo-de-mujeres-mexicanas-y-argentinas\/#primaryimage\"},\"image\":{\"@id\":\"https:\/\/booksfrommexico.com\/es\/producto\/relatos-desde-la-danza-y-el-cuerpo-identidad-y-oficio-de-un-grupo-de-mujeres-mexicanas-y-argentinas\/#primaryimage\"},\"thumbnailUrl\":\"https:\/\/booksfrommexico.com\/app\/uploads\/2023\/05\/141904.jpeg\",\"datePublished\":\"2023-05-08T17:07:37+00:00\",\"dateModified\":\"2024-05-28T21:41:51+00:00\",\"description\":\"RELATOS DESDE LA DANZA Y EL CUERPO : IDENTIDAD Y OFICIO DE UN GRUPO DE MUJERES MEXICANAS Y ARGENTINAS. \/ Gloria Brice\u00f1o Alcaraz. 2008.\",\"breadcrumb\":{\"@id\":\"https:\/\/booksfrommexico.com\/es\/producto\/relatos-desde-la-danza-y-el-cuerpo-identidad-y-oficio-de-un-grupo-de-mujeres-mexicanas-y-argentinas\/#breadcrumb\"},\"inLanguage\":\"es\",\"potentialAction\":[{\"@type\":\"ReadAction\",\"target\":[\"https:\/\/booksfrommexico.com\/es\/producto\/relatos-desde-la-danza-y-el-cuerpo-identidad-y-oficio-de-un-grupo-de-mujeres-mexicanas-y-argentinas\/\"]}]},{\"@type\":\"ImageObject\",\"inLanguage\":\"es\",\"@id\":\"https:\/\/booksfrommexico.com\/es\/producto\/relatos-desde-la-danza-y-el-cuerpo-identidad-y-oficio-de-un-grupo-de-mujeres-mexicanas-y-argentinas\/#primaryimage\",\"url\":\"https:\/\/booksfrommexico.com\/app\/uploads\/2023\/05\/141904.jpeg\",\"contentUrl\":\"https:\/\/booksfrommexico.com\/app\/uploads\/2023\/05\/141904.jpeg\",\"width\":390,\"height\":612,\"caption\":\"Relatos desde la danza y el cuerpo. Identidad y oficio de un grupo de mujeres mexicanas y argentinas\"},{\"@type\":\"BreadcrumbList\",\"@id\":\"https:\/\/booksfrommexico.com\/es\/producto\/relatos-desde-la-danza-y-el-cuerpo-identidad-y-oficio-de-un-grupo-de-mujeres-mexicanas-y-argentinas\/#breadcrumb\",\"itemListElement\":[{\"@type\":\"ListItem\",\"position\":1,\"name\":\"Home\",\"item\":\"https:\/\/booksfrommexico.com\/es\/\"},{\"@type\":\"ListItem\",\"position\":2,\"name\":\"Libros\",\"item\":\"https:\/\/booksfrommexico.com\/es\/libros\/\"},{\"@type\":\"ListItem\",\"position\":3,\"name\":\"Relatos desde la danza y el cuerpo: Identidad y oficio de un grupo de mujeres mexicanas y argentinas\"}]},{\"@type\":\"WebSite\",\"@id\":\"https:\/\/booksfrommexico.com\/#website\",\"url\":\"https:\/\/booksfrommexico.com\/\",\"name\":\"Books From Mexico\",\"description\":\"\",\"publisher\":{\"@id\":\"https:\/\/booksfrommexico.com\/#organization\"},\"potentialAction\":[{\"@type\":\"SearchAction\",\"target\":{\"@type\":\"EntryPoint\",\"urlTemplate\":\"https:\/\/booksfrommexico.com\/?s={search_term_string}\"},\"query-input\":{\"@type\":\"PropertyValueSpecification\",\"valueRequired\":true,\"valueName\":\"search_term_string\"}}],\"inLanguage\":\"es\"},{\"@type\":\"Organization\",\"@id\":\"https:\/\/booksfrommexico.com\/#organization\",\"name\":\"Books From Mexico\",\"url\":\"https:\/\/booksfrommexico.com\/\",\"logo\":{\"@type\":\"ImageObject\",\"inLanguage\":\"es\",\"@id\":\"https:\/\/booksfrommexico.com\/#\/schema\/logo\/image\/\",\"url\":\"https:\/\/booksfrommexico.com\/app\/uploads\/2023\/05\/logo-booksfrommexico.svg\",\"contentUrl\":\"https:\/\/booksfrommexico.com\/app\/uploads\/2023\/05\/logo-booksfrommexico.svg\",\"width\":86,\"height\":56,\"caption\":\"Books From Mexico\"},\"image\":{\"@id\":\"https:\/\/booksfrommexico.com\/#\/schema\/logo\/image\/\"}}]}<\/script>\n<!-- \/ Yoast SEO plugin. -->","yoast_head_json":{"title":"Relatos desde la danza y el cuerpo","description":"RELATOS DESDE LA DANZA Y EL CUERPO : IDENTIDAD Y OFICIO DE UN GRUPO DE MUJERES MEXICANAS Y ARGENTINAS. \/ Gloria Brice\u00f1o Alcaraz. 2008.","robots":{"index":"index","follow":"follow","max-snippet":"max-snippet:-1","max-image-preview":"max-image-preview:large","max-video-preview":"max-video-preview:-1"},"canonical":"https:\/\/booksfrommexico.com\/es\/producto\/relatos-desde-la-danza-y-el-cuerpo-identidad-y-oficio-de-un-grupo-de-mujeres-mexicanas-y-argentinas\/","og_locale":"es_ES","og_type":"article","og_title":"Relatos desde la danza y el cuerpo","og_description":"RELATOS DESDE LA DANZA Y EL CUERPO : IDENTIDAD Y OFICIO DE UN GRUPO DE MUJERES MEXICANAS Y ARGENTINAS. \/ Gloria Brice\u00f1o Alcaraz. 2008.","og_url":"https:\/\/booksfrommexico.com\/es\/producto\/relatos-desde-la-danza-y-el-cuerpo-identidad-y-oficio-de-un-grupo-de-mujeres-mexicanas-y-argentinas\/","og_site_name":"Books From Mexico","article_modified_time":"2024-05-28T21:41:51+00:00","og_image":[{"width":390,"height":612,"url":"http:\/\/booksfrommexico.com\/app\/uploads\/2023\/05\/141904.jpeg","type":"image\/jpeg"}],"twitter_card":"summary_large_image","twitter_misc":{"Tiempo de lectura":"1 minuto"},"schema":{"@context":"https:\/\/schema.org","@graph":[{"@type":"WebPage","@id":"https:\/\/booksfrommexico.com\/es\/producto\/relatos-desde-la-danza-y-el-cuerpo-identidad-y-oficio-de-un-grupo-de-mujeres-mexicanas-y-argentinas\/","url":"https:\/\/booksfrommexico.com\/es\/producto\/relatos-desde-la-danza-y-el-cuerpo-identidad-y-oficio-de-un-grupo-de-mujeres-mexicanas-y-argentinas\/","name":"Relatos desde la danza y el cuerpo","isPartOf":{"@id":"https:\/\/booksfrommexico.com\/#website"},"primaryImageOfPage":{"@id":"https:\/\/booksfrommexico.com\/es\/producto\/relatos-desde-la-danza-y-el-cuerpo-identidad-y-oficio-de-un-grupo-de-mujeres-mexicanas-y-argentinas\/#primaryimage"},"image":{"@id":"https:\/\/booksfrommexico.com\/es\/producto\/relatos-desde-la-danza-y-el-cuerpo-identidad-y-oficio-de-un-grupo-de-mujeres-mexicanas-y-argentinas\/#primaryimage"},"thumbnailUrl":"https:\/\/booksfrommexico.com\/app\/uploads\/2023\/05\/141904.jpeg","datePublished":"2023-05-08T17:07:37+00:00","dateModified":"2024-05-28T21:41:51+00:00","description":"RELATOS DESDE LA DANZA Y EL CUERPO : IDENTIDAD Y OFICIO DE UN GRUPO DE MUJERES MEXICANAS Y ARGENTINAS. \/ Gloria Brice\u00f1o Alcaraz. 2008.","breadcrumb":{"@id":"https:\/\/booksfrommexico.com\/es\/producto\/relatos-desde-la-danza-y-el-cuerpo-identidad-y-oficio-de-un-grupo-de-mujeres-mexicanas-y-argentinas\/#breadcrumb"},"inLanguage":"es","potentialAction":[{"@type":"ReadAction","target":["https:\/\/booksfrommexico.com\/es\/producto\/relatos-desde-la-danza-y-el-cuerpo-identidad-y-oficio-de-un-grupo-de-mujeres-mexicanas-y-argentinas\/"]}]},{"@type":"ImageObject","inLanguage":"es","@id":"https:\/\/booksfrommexico.com\/es\/producto\/relatos-desde-la-danza-y-el-cuerpo-identidad-y-oficio-de-un-grupo-de-mujeres-mexicanas-y-argentinas\/#primaryimage","url":"https:\/\/booksfrommexico.com\/app\/uploads\/2023\/05\/141904.jpeg","contentUrl":"https:\/\/booksfrommexico.com\/app\/uploads\/2023\/05\/141904.jpeg","width":390,"height":612,"caption":"Relatos desde la danza y el cuerpo. Identidad y oficio de un grupo de mujeres mexicanas y argentinas"},{"@type":"BreadcrumbList","@id":"https:\/\/booksfrommexico.com\/es\/producto\/relatos-desde-la-danza-y-el-cuerpo-identidad-y-oficio-de-un-grupo-de-mujeres-mexicanas-y-argentinas\/#breadcrumb","itemListElement":[{"@type":"ListItem","position":1,"name":"Home","item":"https:\/\/booksfrommexico.com\/es\/"},{"@type":"ListItem","position":2,"name":"Libros","item":"https:\/\/booksfrommexico.com\/es\/libros\/"},{"@type":"ListItem","position":3,"name":"Relatos desde la danza y el cuerpo: Identidad y oficio de un grupo de mujeres mexicanas y argentinas"}]},{"@type":"WebSite","@id":"https:\/\/booksfrommexico.com\/#website","url":"https:\/\/booksfrommexico.com\/","name":"Books From Mexico","description":"","publisher":{"@id":"https:\/\/booksfrommexico.com\/#organization"},"potentialAction":[{"@type":"SearchAction","target":{"@type":"EntryPoint","urlTemplate":"https:\/\/booksfrommexico.com\/?s={search_term_string}"},"query-input":{"@type":"PropertyValueSpecification","valueRequired":true,"valueName":"search_term_string"}}],"inLanguage":"es"},{"@type":"Organization","@id":"https:\/\/booksfrommexico.com\/#organization","name":"Books From Mexico","url":"https:\/\/booksfrommexico.com\/","logo":{"@type":"ImageObject","inLanguage":"es","@id":"https:\/\/booksfrommexico.com\/#\/schema\/logo\/image\/","url":"https:\/\/booksfrommexico.com\/app\/uploads\/2023\/05\/logo-booksfrommexico.svg","contentUrl":"https:\/\/booksfrommexico.com\/app\/uploads\/2023\/05\/logo-booksfrommexico.svg","width":86,"height":56,"caption":"Books From Mexico"},"image":{"@id":"https:\/\/booksfrommexico.com\/#\/schema\/logo\/image\/"}}]}},"_links":{"self":[{"href":"https:\/\/booksfrommexico.com\/es\/wp-json\/wp\/v2\/product\/850","targetHints":{"allow":["GET"]}}],"collection":[{"href":"https:\/\/booksfrommexico.com\/es\/wp-json\/wp\/v2\/product"}],"about":[{"href":"https:\/\/booksfrommexico.com\/es\/wp-json\/wp\/v2\/types\/product"}],"wp:featuredmedia":[{"embeddable":true,"href":"https:\/\/booksfrommexico.com\/es\/wp-json\/wp\/v2\/media\/849"}],"wp:attachment":[{"href":"https:\/\/booksfrommexico.com\/es\/wp-json\/wp\/v2\/media?parent=850"}],"wp:term":[{"taxonomy":"product_brand","embeddable":true,"href":"https:\/\/booksfrommexico.com\/es\/wp-json\/wp\/v2\/product_brand?post=850"},{"taxonomy":"product_cat","embeddable":true,"href":"https:\/\/booksfrommexico.com\/es\/wp-json\/wp\/v2\/product_cat?post=850"},{"taxonomy":"product_tag","embeddable":true,"href":"https:\/\/booksfrommexico.com\/es\/wp-json\/wp\/v2\/product_tag?post=850"}],"curies":[{"name":"wp","href":"https:\/\/api.w.org\/{rel}","templated":true}]}}