{"id":852,"date":"2023-05-08T17:07:39","date_gmt":"2023-05-08T17:07:39","guid":{"rendered":"http:\/\/booksfrommexico.com\/product\/historia-de-un-gran-amor-relaciones-cinematograficas-entre-cuba-y-mexico-1897-2005\/"},"modified":"2024-05-15T23:54:02","modified_gmt":"2024-05-15T23:54:02","slug":"historia-de-un-gran-amor-relaciones-cinematograficas-entre-cuba-y-mexico-1897-2005","status":"publish","type":"product","link":"https:\/\/booksfrommexico.com\/es\/producto\/historia-de-un-gran-amor-relaciones-cinematograficas-entre-cuba-y-mexico-1897-2005\/","title":{"rendered":"Historia de un gran amor: Relaciones cinematogr\u00e1ficas entre Cuba y M\u00e9xico (1897-2005)"},"content":{"rendered":"<p><span style=\"font-weight: 400;\">El melodrama, g\u00e9nero en el cine mexicano de la \u00c9poca de Oro <\/span><span style=\"font-weight: 400;\">\u2015<\/span><span style=\"font-weight: 400;\">que incidi\u00f3 tambi\u00e9n en el teatro y la radio<\/span><span style=\"font-weight: 400;\">\u2015, <\/span><span style=\"font-weight: 400;\">asimil\u00f3 todos los dem\u00e1s, imponi\u00e9ndose como paradigma y garantizando la aceptaci\u00f3n de los valores burgueses. Este estudio indaga en el fen\u00f3meno ocurrido con las generaciones que vivieron el surgimiento y desarrollo del cine mexicano, adem\u00e1s de intentar demostrar la incidencia en las generaciones posteriores ocurridos a partir del vuelco radical producido en la sociedad cubana con el triunfo de la revoluci\u00f3n en 1959. Los autores invitan a la reflexi\u00f3n acerca de la interacci\u00f3n ocurrida al recibir de modo similar por ambos p\u00fablicos un cine que sobrepas\u00f3 todas las expectativas.<\/span><\/p>\n","protected":false},"excerpt":{"rendered":"<p>HISTORIA DE UN GRAN AMOR : RELACIONES CINEMATOGR\u00c1FICAS ENTRE CUBA Y M\u00c9XICO, 1897-2005<span style=\"font-weight: 400;\">. \/ Sara Vega, Mar\u00eda Eulalia Douglas, Alina Garc\u00eda, Ivo Sarr\u00eda, Eduardo de la Vega Alfaro, Juan Carlos Vargas, Ulises I\u00f1iguez Mendoza. Guadalajara, Jalisco, M\u00e9xico : Universidad de Guadalajara : La Habana, Cuba : Instituto Cubano de Arte e Industria Cinematogr\u00e1ficos ; Cinemateca de Cuba, 2007. 65 pages : includes photos, bibliography ; 25 cm. ISBN : 9597139316.<\/span><\/p>\n","protected":false},"featured_media":851,"template":"","meta":{"_acf_changed":false,"inline_featured_image":false},"product_brand":[],"product_cat":[911],"product_tag":[4037,4367],"class_list":{"0":"post-852","1":"product","2":"type-product","3":"status-publish","4":"has-post-thumbnail","6":"product_cat-pelicula-y-cine","7":"product_tag-cine-mexicano","8":"product_tag-historia-del-cine","10":"first","11":"instock","12":"taxable","13":"shipping-taxable","14":"purchasable","15":"product-type-simple"},"acf":[],"yoast_head":"<!-- This site is optimized with the Yoast SEO plugin v27.3 - https:\/\/yoast.com\/product\/yoast-seo-wordpress\/ -->\n<title>Historia de un gran amor: Relaciones cinematogr\u00e1ficas...<\/title>\n<meta name=\"description\" content=\"HISTORIA DE UN GRAN AMOR : RELACIONES CINEMATOGR\u00c1FICAS ENTRE CUBA Y M\u00c9XICO, 1897-2005. \/ UDG ; ICAIC ; Cinemateca de Cuba, 2007.\" \/>\n<meta name=\"robots\" content=\"index, follow, max-snippet:-1, max-image-preview:large, max-video-preview:-1\" \/>\n<link rel=\"canonical\" href=\"https:\/\/booksfrommexico.com\/es\/producto\/historia-de-un-gran-amor-relaciones-cinematograficas-entre-cuba-y-mexico-1897-2005\/\" \/>\n<meta property=\"og:locale\" content=\"es_ES\" \/>\n<meta property=\"og:type\" content=\"article\" \/>\n<meta property=\"og:title\" content=\"Historia de un gran amor: Relaciones cinematogr\u00e1ficas...\" \/>\n<meta property=\"og:description\" content=\"HISTORIA DE UN GRAN AMOR : RELACIONES CINEMATOGR\u00c1FICAS ENTRE CUBA Y M\u00c9XICO, 1897-2005. \/ UDG ; ICAIC ; Cinemateca de Cuba, 2007.\" \/>\n<meta property=\"og:url\" content=\"https:\/\/booksfrommexico.com\/es\/producto\/historia-de-un-gran-amor-relaciones-cinematograficas-entre-cuba-y-mexico-1897-2005\/\" \/>\n<meta property=\"og:site_name\" content=\"Books From Mexico\" \/>\n<meta property=\"article:modified_time\" content=\"2024-05-15T23:54:02+00:00\" \/>\n<meta property=\"og:image\" content=\"http:\/\/booksfrommexico.com\/app\/uploads\/2023\/05\/141907.jpeg\" \/>\n\t<meta property=\"og:image:width\" content=\"498\" \/>\n\t<meta property=\"og:image:height\" content=\"714\" \/>\n\t<meta property=\"og:image:type\" content=\"image\/jpeg\" \/>\n<meta name=\"twitter:card\" content=\"summary_large_image\" \/>\n<meta name=\"twitter:label1\" content=\"Tiempo de lectura\" \/>\n\t<meta name=\"twitter:data1\" content=\"1 minuto\" \/>\n<script type=\"application\/ld+json\" class=\"yoast-schema-graph\">{\"@context\":\"https:\\\/\\\/schema.org\",\"@graph\":[{\"@type\":\"WebPage\",\"@id\":\"https:\\\/\\\/booksfrommexico.com\\\/es\\\/producto\\\/historia-de-un-gran-amor-relaciones-cinematograficas-entre-cuba-y-mexico-1897-2005\\\/\",\"url\":\"https:\\\/\\\/booksfrommexico.com\\\/es\\\/producto\\\/historia-de-un-gran-amor-relaciones-cinematograficas-entre-cuba-y-mexico-1897-2005\\\/\",\"name\":\"Historia de un gran amor: Relaciones cinematogr\u00e1ficas...\",\"isPartOf\":{\"@id\":\"https:\\\/\\\/booksfrommexico.com\\\/#website\"},\"primaryImageOfPage\":{\"@id\":\"https:\\\/\\\/booksfrommexico.com\\\/es\\\/producto\\\/historia-de-un-gran-amor-relaciones-cinematograficas-entre-cuba-y-mexico-1897-2005\\\/#primaryimage\"},\"image\":{\"@id\":\"https:\\\/\\\/booksfrommexico.com\\\/es\\\/producto\\\/historia-de-un-gran-amor-relaciones-cinematograficas-entre-cuba-y-mexico-1897-2005\\\/#primaryimage\"},\"thumbnailUrl\":\"https:\\\/\\\/booksfrommexico.com\\\/app\\\/uploads\\\/2023\\\/05\\\/141907.jpeg\",\"datePublished\":\"2023-05-08T17:07:39+00:00\",\"dateModified\":\"2024-05-15T23:54:02+00:00\",\"description\":\"HISTORIA DE UN GRAN AMOR : RELACIONES CINEMATOGR\u00c1FICAS ENTRE CUBA Y M\u00c9XICO, 1897-2005. \\\/ UDG ; ICAIC ; Cinemateca de Cuba, 2007.\",\"breadcrumb\":{\"@id\":\"https:\\\/\\\/booksfrommexico.com\\\/es\\\/producto\\\/historia-de-un-gran-amor-relaciones-cinematograficas-entre-cuba-y-mexico-1897-2005\\\/#breadcrumb\"},\"inLanguage\":\"es\",\"potentialAction\":[{\"@type\":\"ReadAction\",\"target\":[\"https:\\\/\\\/booksfrommexico.com\\\/es\\\/producto\\\/historia-de-un-gran-amor-relaciones-cinematograficas-entre-cuba-y-mexico-1897-2005\\\/\"]}]},{\"@type\":\"ImageObject\",\"inLanguage\":\"es\",\"@id\":\"https:\\\/\\\/booksfrommexico.com\\\/es\\\/producto\\\/historia-de-un-gran-amor-relaciones-cinematograficas-entre-cuba-y-mexico-1897-2005\\\/#primaryimage\",\"url\":\"https:\\\/\\\/booksfrommexico.com\\\/app\\\/uploads\\\/2023\\\/05\\\/141907.jpeg\",\"contentUrl\":\"https:\\\/\\\/booksfrommexico.com\\\/app\\\/uploads\\\/2023\\\/05\\\/141907.jpeg\",\"width\":498,\"height\":714,\"caption\":\"Historia de un gran amor. Relaciones cinematogr\u00e1ficas entre Cuba y M\u00e9xico\"},{\"@type\":\"BreadcrumbList\",\"@id\":\"https:\\\/\\\/booksfrommexico.com\\\/es\\\/producto\\\/historia-de-un-gran-amor-relaciones-cinematograficas-entre-cuba-y-mexico-1897-2005\\\/#breadcrumb\",\"itemListElement\":[{\"@type\":\"ListItem\",\"position\":1,\"name\":\"Home\",\"item\":\"https:\\\/\\\/booksfrommexico.com\\\/es\\\/\"},{\"@type\":\"ListItem\",\"position\":2,\"name\":\"Libros\",\"item\":\"https:\\\/\\\/booksfrommexico.com\\\/es\\\/libros\\\/\"},{\"@type\":\"ListItem\",\"position\":3,\"name\":\"Historia de un gran amor: Relaciones cinematogr\u00e1ficas entre Cuba y M\u00e9xico (1897-2005)\"}]},{\"@type\":\"WebSite\",\"@id\":\"https:\\\/\\\/booksfrommexico.com\\\/#website\",\"url\":\"https:\\\/\\\/booksfrommexico.com\\\/\",\"name\":\"Books From Mexico\",\"description\":\"\",\"publisher\":{\"@id\":\"https:\\\/\\\/booksfrommexico.com\\\/#organization\"},\"potentialAction\":[{\"@type\":\"SearchAction\",\"target\":{\"@type\":\"EntryPoint\",\"urlTemplate\":\"https:\\\/\\\/booksfrommexico.com\\\/?s={search_term_string}\"},\"query-input\":{\"@type\":\"PropertyValueSpecification\",\"valueRequired\":true,\"valueName\":\"search_term_string\"}}],\"inLanguage\":\"es\"},{\"@type\":\"Organization\",\"@id\":\"https:\\\/\\\/booksfrommexico.com\\\/#organization\",\"name\":\"Books From Mexico\",\"url\":\"https:\\\/\\\/booksfrommexico.com\\\/\",\"logo\":{\"@type\":\"ImageObject\",\"inLanguage\":\"es\",\"@id\":\"https:\\\/\\\/booksfrommexico.com\\\/#\\\/schema\\\/logo\\\/image\\\/\",\"url\":\"https:\\\/\\\/booksfrommexico.com\\\/app\\\/uploads\\\/2023\\\/05\\\/logo-booksfrommexico.svg\",\"contentUrl\":\"https:\\\/\\\/booksfrommexico.com\\\/app\\\/uploads\\\/2023\\\/05\\\/logo-booksfrommexico.svg\",\"width\":86,\"height\":56,\"caption\":\"Books From Mexico\"},\"image\":{\"@id\":\"https:\\\/\\\/booksfrommexico.com\\\/#\\\/schema\\\/logo\\\/image\\\/\"}}]}<\/script>\n<!-- \/ Yoast SEO plugin. -->","yoast_head_json":{"title":"Historia de un gran amor: Relaciones cinematogr\u00e1ficas...","description":"HISTORIA DE UN GRAN AMOR : RELACIONES CINEMATOGR\u00c1FICAS ENTRE CUBA Y M\u00c9XICO, 1897-2005. \/ UDG ; ICAIC ; Cinemateca de Cuba, 2007.","robots":{"index":"index","follow":"follow","max-snippet":"max-snippet:-1","max-image-preview":"max-image-preview:large","max-video-preview":"max-video-preview:-1"},"canonical":"https:\/\/booksfrommexico.com\/es\/producto\/historia-de-un-gran-amor-relaciones-cinematograficas-entre-cuba-y-mexico-1897-2005\/","og_locale":"es_ES","og_type":"article","og_title":"Historia de un gran amor: Relaciones cinematogr\u00e1ficas...","og_description":"HISTORIA DE UN GRAN AMOR : RELACIONES CINEMATOGR\u00c1FICAS ENTRE CUBA Y M\u00c9XICO, 1897-2005. \/ UDG ; ICAIC ; Cinemateca de Cuba, 2007.","og_url":"https:\/\/booksfrommexico.com\/es\/producto\/historia-de-un-gran-amor-relaciones-cinematograficas-entre-cuba-y-mexico-1897-2005\/","og_site_name":"Books From Mexico","article_modified_time":"2024-05-15T23:54:02+00:00","og_image":[{"width":498,"height":714,"url":"http:\/\/booksfrommexico.com\/app\/uploads\/2023\/05\/141907.jpeg","type":"image\/jpeg"}],"twitter_card":"summary_large_image","twitter_misc":{"Tiempo de lectura":"1 minuto"},"schema":{"@context":"https:\/\/schema.org","@graph":[{"@type":"WebPage","@id":"https:\/\/booksfrommexico.com\/es\/producto\/historia-de-un-gran-amor-relaciones-cinematograficas-entre-cuba-y-mexico-1897-2005\/","url":"https:\/\/booksfrommexico.com\/es\/producto\/historia-de-un-gran-amor-relaciones-cinematograficas-entre-cuba-y-mexico-1897-2005\/","name":"Historia de un gran amor: Relaciones cinematogr\u00e1ficas...","isPartOf":{"@id":"https:\/\/booksfrommexico.com\/#website"},"primaryImageOfPage":{"@id":"https:\/\/booksfrommexico.com\/es\/producto\/historia-de-un-gran-amor-relaciones-cinematograficas-entre-cuba-y-mexico-1897-2005\/#primaryimage"},"image":{"@id":"https:\/\/booksfrommexico.com\/es\/producto\/historia-de-un-gran-amor-relaciones-cinematograficas-entre-cuba-y-mexico-1897-2005\/#primaryimage"},"thumbnailUrl":"https:\/\/booksfrommexico.com\/app\/uploads\/2023\/05\/141907.jpeg","datePublished":"2023-05-08T17:07:39+00:00","dateModified":"2024-05-15T23:54:02+00:00","description":"HISTORIA DE UN GRAN AMOR : RELACIONES CINEMATOGR\u00c1FICAS ENTRE CUBA Y M\u00c9XICO, 1897-2005. \/ UDG ; ICAIC ; Cinemateca de Cuba, 2007.","breadcrumb":{"@id":"https:\/\/booksfrommexico.com\/es\/producto\/historia-de-un-gran-amor-relaciones-cinematograficas-entre-cuba-y-mexico-1897-2005\/#breadcrumb"},"inLanguage":"es","potentialAction":[{"@type":"ReadAction","target":["https:\/\/booksfrommexico.com\/es\/producto\/historia-de-un-gran-amor-relaciones-cinematograficas-entre-cuba-y-mexico-1897-2005\/"]}]},{"@type":"ImageObject","inLanguage":"es","@id":"https:\/\/booksfrommexico.com\/es\/producto\/historia-de-un-gran-amor-relaciones-cinematograficas-entre-cuba-y-mexico-1897-2005\/#primaryimage","url":"https:\/\/booksfrommexico.com\/app\/uploads\/2023\/05\/141907.jpeg","contentUrl":"https:\/\/booksfrommexico.com\/app\/uploads\/2023\/05\/141907.jpeg","width":498,"height":714,"caption":"Historia de un gran amor. Relaciones cinematogr\u00e1ficas entre Cuba y M\u00e9xico"},{"@type":"BreadcrumbList","@id":"https:\/\/booksfrommexico.com\/es\/producto\/historia-de-un-gran-amor-relaciones-cinematograficas-entre-cuba-y-mexico-1897-2005\/#breadcrumb","itemListElement":[{"@type":"ListItem","position":1,"name":"Home","item":"https:\/\/booksfrommexico.com\/es\/"},{"@type":"ListItem","position":2,"name":"Libros","item":"https:\/\/booksfrommexico.com\/es\/libros\/"},{"@type":"ListItem","position":3,"name":"Historia de un gran amor: Relaciones cinematogr\u00e1ficas entre Cuba y M\u00e9xico (1897-2005)"}]},{"@type":"WebSite","@id":"https:\/\/booksfrommexico.com\/#website","url":"https:\/\/booksfrommexico.com\/","name":"Books From Mexico","description":"","publisher":{"@id":"https:\/\/booksfrommexico.com\/#organization"},"potentialAction":[{"@type":"SearchAction","target":{"@type":"EntryPoint","urlTemplate":"https:\/\/booksfrommexico.com\/?s={search_term_string}"},"query-input":{"@type":"PropertyValueSpecification","valueRequired":true,"valueName":"search_term_string"}}],"inLanguage":"es"},{"@type":"Organization","@id":"https:\/\/booksfrommexico.com\/#organization","name":"Books From Mexico","url":"https:\/\/booksfrommexico.com\/","logo":{"@type":"ImageObject","inLanguage":"es","@id":"https:\/\/booksfrommexico.com\/#\/schema\/logo\/image\/","url":"https:\/\/booksfrommexico.com\/app\/uploads\/2023\/05\/logo-booksfrommexico.svg","contentUrl":"https:\/\/booksfrommexico.com\/app\/uploads\/2023\/05\/logo-booksfrommexico.svg","width":86,"height":56,"caption":"Books From Mexico"},"image":{"@id":"https:\/\/booksfrommexico.com\/#\/schema\/logo\/image\/"}}]}},"_links":{"self":[{"href":"https:\/\/booksfrommexico.com\/es\/wp-json\/wp\/v2\/product\/852","targetHints":{"allow":["GET"]}}],"collection":[{"href":"https:\/\/booksfrommexico.com\/es\/wp-json\/wp\/v2\/product"}],"about":[{"href":"https:\/\/booksfrommexico.com\/es\/wp-json\/wp\/v2\/types\/product"}],"wp:featuredmedia":[{"embeddable":true,"href":"https:\/\/booksfrommexico.com\/es\/wp-json\/wp\/v2\/media\/851"}],"wp:attachment":[{"href":"https:\/\/booksfrommexico.com\/es\/wp-json\/wp\/v2\/media?parent=852"}],"wp:term":[{"taxonomy":"product_brand","embeddable":true,"href":"https:\/\/booksfrommexico.com\/es\/wp-json\/wp\/v2\/product_brand?post=852"},{"taxonomy":"product_cat","embeddable":true,"href":"https:\/\/booksfrommexico.com\/es\/wp-json\/wp\/v2\/product_cat?post=852"},{"taxonomy":"product_tag","embeddable":true,"href":"https:\/\/booksfrommexico.com\/es\/wp-json\/wp\/v2\/product_tag?post=852"}],"curies":[{"name":"wp","href":"https:\/\/api.w.org\/{rel}","templated":true}]}}