{"id":854,"date":"2023-05-08T17:07:41","date_gmt":"2023-05-08T17:07:41","guid":{"rendered":"http:\/\/booksfrommexico.com\/product\/la-rebelion-frente-al-espejo-desigualdad-social-diversidad-etnica-y-subordinacion-de-genero-en-la-guerrilla\/"},"modified":"2024-06-04T17:47:09","modified_gmt":"2024-06-04T17:47:09","slug":"la-rebelion-frente-al-espejo-desigualdad-social-diversidad-etnica-y-subordinacion-de-genero-en-la-guerrilla","status":"publish","type":"product","link":"https:\/\/booksfrommexico.com\/es\/producto\/la-rebelion-frente-al-espejo-desigualdad-social-diversidad-etnica-y-subordinacion-de-genero-en-la-guerrilla\/","title":{"rendered":"La rebeli\u00f3n frente al espejo"},"content":{"rendered":"<p><span style=\"font-weight: 400;\">Originalmente, este trabajo comenz\u00f3 como una tesis de doctorado realizada en el programa de Humanidades de la UAM-I, algunos resultados parciales se han expuesto como ponencias en distintos foros acad\u00e9micos en Centroam\u00e9rica y M\u00e9xico, pero se presentan aqu\u00ed por primera vez reunidas. Este texto es fundamental para conocer y entender la historia guatemalteca de la segunda mitad del siglo XX. El autor da voz a los diferentes actores que estuvieron inmiscuidos en la rebeli\u00f3n provocada por la Revoluci\u00f3n Cubana y por las repercusiones de la modernizaci\u00f3n; asimismo, destaca el papel que tuvieron los ind\u00edgenas y las mujeres dentro del fen\u00f3meno de la guerrilla.\u00a0 <\/span><\/p>\n","protected":false},"excerpt":{"rendered":"<p>LA REBELI\u00d3N FRENTE AL ESPEJO : DESIGUALDAD SOCIAL, DIVERSIDAD \u00c9TNICA Y SUBORDINACI\u00d3N DE G\u00c9NERO EN LA GUERRILLA DE GUATEMALA<span style=\"font-weight: 400;\">. \/ Jos\u00e9 Domingo Carrillo Padilla. Aguascalientes, M\u00e9xico : Universidad Aut\u00f3noma de Aguascalientes ; San Luis Potos\u00ed, M\u00e9xico : Universidad Aut\u00f3noma de San Luis Potos\u00ed , Coordinaci\u00f3n de Ciencias Sociales y Humanidades, 2008. 181 pages : includes references, bibliography ; 24 cm. ISBN\u00a0 9789707280113.<\/span><\/p>\n","protected":false},"featured_media":853,"template":"","meta":{"_acf_changed":false,"inline_featured_image":false},"product_brand":[],"product_cat":[27],"product_tag":[4285,4365],"class_list":{"0":"post-854","1":"product","2":"type-product","3":"status-publish","4":"has-post-thumbnail","6":"product_cat-historia","7":"product_tag-guatemala","8":"product_tag-guerrilla","10":"first","11":"instock","12":"taxable","13":"shipping-taxable","14":"purchasable","15":"product-type-simple"},"acf":[],"yoast_head":"<!-- This site is optimized with the Yoast SEO plugin v27.3 - https:\/\/yoast.com\/product\/yoast-seo-wordpress\/ -->\n<title>La Rebeli\u00f3n frente al espejo<\/title>\n<meta name=\"description\" content=\"LA REBELI\u00d3N FRENTE AL ESPEJO. Jos\u00e9 Domingo Carrillo Padilla. 2008. 9789707280113. Originalmente, este trabajo comenz\u00f3 como una tesis\" \/>\n<meta name=\"robots\" content=\"index, follow, max-snippet:-1, max-image-preview:large, max-video-preview:-1\" \/>\n<link rel=\"canonical\" href=\"https:\/\/booksfrommexico.com\/es\/producto\/la-rebelion-frente-al-espejo-desigualdad-social-diversidad-etnica-y-subordinacion-de-genero-en-la-guerrilla\/\" \/>\n<meta property=\"og:locale\" content=\"es_ES\" \/>\n<meta property=\"og:type\" content=\"article\" \/>\n<meta property=\"og:title\" content=\"La Rebeli\u00f3n frente al espejo\" \/>\n<meta property=\"og:description\" content=\"LA REBELI\u00d3N FRENTE AL ESPEJO. Jos\u00e9 Domingo Carrillo Padilla. 2008. 9789707280113. Originalmente, este trabajo comenz\u00f3 como una tesis\" \/>\n<meta property=\"og:url\" content=\"https:\/\/booksfrommexico.com\/es\/producto\/la-rebelion-frente-al-espejo-desigualdad-social-diversidad-etnica-y-subordinacion-de-genero-en-la-guerrilla\/\" \/>\n<meta property=\"og:site_name\" content=\"Books From Mexico\" \/>\n<meta property=\"article:modified_time\" content=\"2024-06-04T17:47:09+00:00\" \/>\n<meta property=\"og:image\" content=\"http:\/\/booksfrommexico.com\/app\/uploads\/2023\/05\/141941.jpeg\" \/>\n\t<meta property=\"og:image:width\" content=\"499\" \/>\n\t<meta property=\"og:image:height\" content=\"694\" \/>\n\t<meta property=\"og:image:type\" content=\"image\/jpeg\" \/>\n<meta name=\"twitter:card\" content=\"summary_large_image\" \/>\n<meta name=\"twitter:label1\" content=\"Tiempo de lectura\" \/>\n\t<meta name=\"twitter:data1\" content=\"1 minuto\" \/>\n<script type=\"application\/ld+json\" class=\"yoast-schema-graph\">{\"@context\":\"https:\\\/\\\/schema.org\",\"@graph\":[{\"@type\":\"WebPage\",\"@id\":\"https:\\\/\\\/booksfrommexico.com\\\/es\\\/producto\\\/la-rebelion-frente-al-espejo-desigualdad-social-diversidad-etnica-y-subordinacion-de-genero-en-la-guerrilla\\\/\",\"url\":\"https:\\\/\\\/booksfrommexico.com\\\/es\\\/producto\\\/la-rebelion-frente-al-espejo-desigualdad-social-diversidad-etnica-y-subordinacion-de-genero-en-la-guerrilla\\\/\",\"name\":\"La Rebeli\u00f3n frente al espejo\",\"isPartOf\":{\"@id\":\"https:\\\/\\\/booksfrommexico.com\\\/#website\"},\"primaryImageOfPage\":{\"@id\":\"https:\\\/\\\/booksfrommexico.com\\\/es\\\/producto\\\/la-rebelion-frente-al-espejo-desigualdad-social-diversidad-etnica-y-subordinacion-de-genero-en-la-guerrilla\\\/#primaryimage\"},\"image\":{\"@id\":\"https:\\\/\\\/booksfrommexico.com\\\/es\\\/producto\\\/la-rebelion-frente-al-espejo-desigualdad-social-diversidad-etnica-y-subordinacion-de-genero-en-la-guerrilla\\\/#primaryimage\"},\"thumbnailUrl\":\"https:\\\/\\\/booksfrommexico.com\\\/app\\\/uploads\\\/2023\\\/05\\\/141941.jpeg\",\"datePublished\":\"2023-05-08T17:07:41+00:00\",\"dateModified\":\"2024-06-04T17:47:09+00:00\",\"description\":\"LA REBELI\u00d3N FRENTE AL ESPEJO. Jos\u00e9 Domingo Carrillo Padilla. 2008. 9789707280113. Originalmente, este trabajo comenz\u00f3 como una tesis\",\"breadcrumb\":{\"@id\":\"https:\\\/\\\/booksfrommexico.com\\\/es\\\/producto\\\/la-rebelion-frente-al-espejo-desigualdad-social-diversidad-etnica-y-subordinacion-de-genero-en-la-guerrilla\\\/#breadcrumb\"},\"inLanguage\":\"es\",\"potentialAction\":[{\"@type\":\"ReadAction\",\"target\":[\"https:\\\/\\\/booksfrommexico.com\\\/es\\\/producto\\\/la-rebelion-frente-al-espejo-desigualdad-social-diversidad-etnica-y-subordinacion-de-genero-en-la-guerrilla\\\/\"]}]},{\"@type\":\"ImageObject\",\"inLanguage\":\"es\",\"@id\":\"https:\\\/\\\/booksfrommexico.com\\\/es\\\/producto\\\/la-rebelion-frente-al-espejo-desigualdad-social-diversidad-etnica-y-subordinacion-de-genero-en-la-guerrilla\\\/#primaryimage\",\"url\":\"https:\\\/\\\/booksfrommexico.com\\\/app\\\/uploads\\\/2023\\\/05\\\/141941.jpeg\",\"contentUrl\":\"https:\\\/\\\/booksfrommexico.com\\\/app\\\/uploads\\\/2023\\\/05\\\/141941.jpeg\",\"width\":499,\"height\":694,\"caption\":\"La Rebeli\u00f3n frente al espejo. Desigualdad social, diversidad \u00e9tnica y subordinaci\u00f3n de g\u00e9nero en la guerrilla\"},{\"@type\":\"BreadcrumbList\",\"@id\":\"https:\\\/\\\/booksfrommexico.com\\\/es\\\/producto\\\/la-rebelion-frente-al-espejo-desigualdad-social-diversidad-etnica-y-subordinacion-de-genero-en-la-guerrilla\\\/#breadcrumb\",\"itemListElement\":[{\"@type\":\"ListItem\",\"position\":1,\"name\":\"Home\",\"item\":\"https:\\\/\\\/booksfrommexico.com\\\/es\\\/\"},{\"@type\":\"ListItem\",\"position\":2,\"name\":\"Libros\",\"item\":\"https:\\\/\\\/booksfrommexico.com\\\/es\\\/libros\\\/\"},{\"@type\":\"ListItem\",\"position\":3,\"name\":\"La rebeli\u00f3n frente al espejo\"}]},{\"@type\":\"WebSite\",\"@id\":\"https:\\\/\\\/booksfrommexico.com\\\/#website\",\"url\":\"https:\\\/\\\/booksfrommexico.com\\\/\",\"name\":\"Books From Mexico\",\"description\":\"\",\"publisher\":{\"@id\":\"https:\\\/\\\/booksfrommexico.com\\\/#organization\"},\"potentialAction\":[{\"@type\":\"SearchAction\",\"target\":{\"@type\":\"EntryPoint\",\"urlTemplate\":\"https:\\\/\\\/booksfrommexico.com\\\/?s={search_term_string}\"},\"query-input\":{\"@type\":\"PropertyValueSpecification\",\"valueRequired\":true,\"valueName\":\"search_term_string\"}}],\"inLanguage\":\"es\"},{\"@type\":\"Organization\",\"@id\":\"https:\\\/\\\/booksfrommexico.com\\\/#organization\",\"name\":\"Books From Mexico\",\"url\":\"https:\\\/\\\/booksfrommexico.com\\\/\",\"logo\":{\"@type\":\"ImageObject\",\"inLanguage\":\"es\",\"@id\":\"https:\\\/\\\/booksfrommexico.com\\\/#\\\/schema\\\/logo\\\/image\\\/\",\"url\":\"https:\\\/\\\/booksfrommexico.com\\\/app\\\/uploads\\\/2023\\\/05\\\/logo-booksfrommexico.svg\",\"contentUrl\":\"https:\\\/\\\/booksfrommexico.com\\\/app\\\/uploads\\\/2023\\\/05\\\/logo-booksfrommexico.svg\",\"width\":86,\"height\":56,\"caption\":\"Books From Mexico\"},\"image\":{\"@id\":\"https:\\\/\\\/booksfrommexico.com\\\/#\\\/schema\\\/logo\\\/image\\\/\"}}]}<\/script>\n<!-- \/ Yoast SEO plugin. -->","yoast_head_json":{"title":"La Rebeli\u00f3n frente al espejo","description":"LA REBELI\u00d3N FRENTE AL ESPEJO. Jos\u00e9 Domingo Carrillo Padilla. 2008. 9789707280113. Originalmente, este trabajo comenz\u00f3 como una tesis","robots":{"index":"index","follow":"follow","max-snippet":"max-snippet:-1","max-image-preview":"max-image-preview:large","max-video-preview":"max-video-preview:-1"},"canonical":"https:\/\/booksfrommexico.com\/es\/producto\/la-rebelion-frente-al-espejo-desigualdad-social-diversidad-etnica-y-subordinacion-de-genero-en-la-guerrilla\/","og_locale":"es_ES","og_type":"article","og_title":"La Rebeli\u00f3n frente al espejo","og_description":"LA REBELI\u00d3N FRENTE AL ESPEJO. Jos\u00e9 Domingo Carrillo Padilla. 2008. 9789707280113. Originalmente, este trabajo comenz\u00f3 como una tesis","og_url":"https:\/\/booksfrommexico.com\/es\/producto\/la-rebelion-frente-al-espejo-desigualdad-social-diversidad-etnica-y-subordinacion-de-genero-en-la-guerrilla\/","og_site_name":"Books From Mexico","article_modified_time":"2024-06-04T17:47:09+00:00","og_image":[{"width":499,"height":694,"url":"http:\/\/booksfrommexico.com\/app\/uploads\/2023\/05\/141941.jpeg","type":"image\/jpeg"}],"twitter_card":"summary_large_image","twitter_misc":{"Tiempo de lectura":"1 minuto"},"schema":{"@context":"https:\/\/schema.org","@graph":[{"@type":"WebPage","@id":"https:\/\/booksfrommexico.com\/es\/producto\/la-rebelion-frente-al-espejo-desigualdad-social-diversidad-etnica-y-subordinacion-de-genero-en-la-guerrilla\/","url":"https:\/\/booksfrommexico.com\/es\/producto\/la-rebelion-frente-al-espejo-desigualdad-social-diversidad-etnica-y-subordinacion-de-genero-en-la-guerrilla\/","name":"La Rebeli\u00f3n frente al espejo","isPartOf":{"@id":"https:\/\/booksfrommexico.com\/#website"},"primaryImageOfPage":{"@id":"https:\/\/booksfrommexico.com\/es\/producto\/la-rebelion-frente-al-espejo-desigualdad-social-diversidad-etnica-y-subordinacion-de-genero-en-la-guerrilla\/#primaryimage"},"image":{"@id":"https:\/\/booksfrommexico.com\/es\/producto\/la-rebelion-frente-al-espejo-desigualdad-social-diversidad-etnica-y-subordinacion-de-genero-en-la-guerrilla\/#primaryimage"},"thumbnailUrl":"https:\/\/booksfrommexico.com\/app\/uploads\/2023\/05\/141941.jpeg","datePublished":"2023-05-08T17:07:41+00:00","dateModified":"2024-06-04T17:47:09+00:00","description":"LA REBELI\u00d3N FRENTE AL ESPEJO. Jos\u00e9 Domingo Carrillo Padilla. 2008. 9789707280113. Originalmente, este trabajo comenz\u00f3 como una tesis","breadcrumb":{"@id":"https:\/\/booksfrommexico.com\/es\/producto\/la-rebelion-frente-al-espejo-desigualdad-social-diversidad-etnica-y-subordinacion-de-genero-en-la-guerrilla\/#breadcrumb"},"inLanguage":"es","potentialAction":[{"@type":"ReadAction","target":["https:\/\/booksfrommexico.com\/es\/producto\/la-rebelion-frente-al-espejo-desigualdad-social-diversidad-etnica-y-subordinacion-de-genero-en-la-guerrilla\/"]}]},{"@type":"ImageObject","inLanguage":"es","@id":"https:\/\/booksfrommexico.com\/es\/producto\/la-rebelion-frente-al-espejo-desigualdad-social-diversidad-etnica-y-subordinacion-de-genero-en-la-guerrilla\/#primaryimage","url":"https:\/\/booksfrommexico.com\/app\/uploads\/2023\/05\/141941.jpeg","contentUrl":"https:\/\/booksfrommexico.com\/app\/uploads\/2023\/05\/141941.jpeg","width":499,"height":694,"caption":"La Rebeli\u00f3n frente al espejo. Desigualdad social, diversidad \u00e9tnica y subordinaci\u00f3n de g\u00e9nero en la guerrilla"},{"@type":"BreadcrumbList","@id":"https:\/\/booksfrommexico.com\/es\/producto\/la-rebelion-frente-al-espejo-desigualdad-social-diversidad-etnica-y-subordinacion-de-genero-en-la-guerrilla\/#breadcrumb","itemListElement":[{"@type":"ListItem","position":1,"name":"Home","item":"https:\/\/booksfrommexico.com\/es\/"},{"@type":"ListItem","position":2,"name":"Libros","item":"https:\/\/booksfrommexico.com\/es\/libros\/"},{"@type":"ListItem","position":3,"name":"La rebeli\u00f3n frente al espejo"}]},{"@type":"WebSite","@id":"https:\/\/booksfrommexico.com\/#website","url":"https:\/\/booksfrommexico.com\/","name":"Books From Mexico","description":"","publisher":{"@id":"https:\/\/booksfrommexico.com\/#organization"},"potentialAction":[{"@type":"SearchAction","target":{"@type":"EntryPoint","urlTemplate":"https:\/\/booksfrommexico.com\/?s={search_term_string}"},"query-input":{"@type":"PropertyValueSpecification","valueRequired":true,"valueName":"search_term_string"}}],"inLanguage":"es"},{"@type":"Organization","@id":"https:\/\/booksfrommexico.com\/#organization","name":"Books From Mexico","url":"https:\/\/booksfrommexico.com\/","logo":{"@type":"ImageObject","inLanguage":"es","@id":"https:\/\/booksfrommexico.com\/#\/schema\/logo\/image\/","url":"https:\/\/booksfrommexico.com\/app\/uploads\/2023\/05\/logo-booksfrommexico.svg","contentUrl":"https:\/\/booksfrommexico.com\/app\/uploads\/2023\/05\/logo-booksfrommexico.svg","width":86,"height":56,"caption":"Books From Mexico"},"image":{"@id":"https:\/\/booksfrommexico.com\/#\/schema\/logo\/image\/"}}]}},"_links":{"self":[{"href":"https:\/\/booksfrommexico.com\/es\/wp-json\/wp\/v2\/product\/854","targetHints":{"allow":["GET"]}}],"collection":[{"href":"https:\/\/booksfrommexico.com\/es\/wp-json\/wp\/v2\/product"}],"about":[{"href":"https:\/\/booksfrommexico.com\/es\/wp-json\/wp\/v2\/types\/product"}],"wp:featuredmedia":[{"embeddable":true,"href":"https:\/\/booksfrommexico.com\/es\/wp-json\/wp\/v2\/media\/853"}],"wp:attachment":[{"href":"https:\/\/booksfrommexico.com\/es\/wp-json\/wp\/v2\/media?parent=854"}],"wp:term":[{"taxonomy":"product_brand","embeddable":true,"href":"https:\/\/booksfrommexico.com\/es\/wp-json\/wp\/v2\/product_brand?post=854"},{"taxonomy":"product_cat","embeddable":true,"href":"https:\/\/booksfrommexico.com\/es\/wp-json\/wp\/v2\/product_cat?post=854"},{"taxonomy":"product_tag","embeddable":true,"href":"https:\/\/booksfrommexico.com\/es\/wp-json\/wp\/v2\/product_tag?post=854"}],"curies":[{"name":"wp","href":"https:\/\/api.w.org\/{rel}","templated":true}]}}