{"id":856,"date":"2023-05-08T17:07:42","date_gmt":"2023-05-08T17:07:42","guid":{"rendered":"http:\/\/booksfrommexico.com\/product\/marcas-de-impresores-y-editores-del-siglo-xvi-muestrario-iconografico-del-fondo-antiguo-de-la-biblioteca\/"},"modified":"2025-08-02T19:55:30","modified_gmt":"2025-08-02T19:55:30","slug":"marcas-de-impresores-y-editores-del-siglo-xvi-muestrario-iconografico-del-fondo-antiguo-de-la-biblioteca","status":"publish","type":"product","link":"https:\/\/booksfrommexico.com\/es\/producto\/marcas-de-impresores-y-editores-del-siglo-xvi-muestrario-iconografico-del-fondo-antiguo-de-la-biblioteca\/","title":{"rendered":"Marcas de impresores y editores del siglo XVI"},"content":{"rendered":"<p><span style=\"font-weight: 400;\">Esta obra tiene como objetivo exponer y analizar una muestra del grabado libresco en las portadas del siglo XVI contenidas en la colecci\u00f3n del Fondo Antiguo de la Biblioteca P\u00fablica Universitaria. De la misma forma, busca abrir vetas de la reflexi\u00f3n sobre la importancia del trabajo editorial en la \u00e9poca colonial, su impacto social y su papel en el desarrollo del arte visual. A lo largo de estas p\u00e1ginas se pueden encontrar m\u00e1s ilustraciones de m\u00e1s de 50 marcas de impresores y editores del siglo XVI, organizadas a manera de diccionario, en las que adem\u00e1s se ofrecen referencias sobre la fuente y bibliograf\u00eda sobre el tema.<\/span><\/p>\n<p><br style=\"font-weight: 400;\" \/><br style=\"font-weight: 400;\" \/><\/p>\n","protected":false},"excerpt":{"rendered":"<p>MARCAS DE IMPRESORES Y EDITORES DEL SIGLO XVI : MUESTRARIO ICONOGR\u00c1FICO DEL FONDO ANTIGUO DE LA BIBLIOTECA P\u00daBLICA UNIVERSITARIA DE MORELIA-UMSNH<span style=\"font-weight: 400;\">. \/ Claudia Rayal Lemus, B\u00e1rbara Skinfill Nogal, Suhey Morales Le\u00f3n. Morelia, Michoac\u00e1n, M\u00e9xico : Universidad Michoacana de San Nicol\u00e1s de Hidalgo , Centro de Producci\u00f3n Art\u00edstica y Desarrollo Cultural de Michoac\u00e1n, 2007. 112 pages : index, references, illustrations, bibliography ; 23 cm. ISBN : 9789689398004.<\/span><\/p>\n","protected":false},"featured_media":855,"template":"","meta":{"_acf_changed":false,"inline_featured_image":false},"product_brand":[],"product_cat":[3136,3138],"product_tag":[4245,4122],"class_list":{"0":"post-856","1":"product","2":"type-product","3":"status-publish","4":"has-post-thumbnail","6":"product_cat-bibliografia-y-bibliotecologia","7":"product_cat-historia-de-los-libros-y-la-fabricacion-de-libros-libros-bibliografia-y-bibiotecologia","8":"product_tag-imprenta","9":"product_tag-investigacion","11":"first","12":"outofstock","13":"taxable","14":"shipping-taxable","15":"purchasable","16":"product-type-simple"},"acf":[],"yoast_head":"<!-- This site is optimized with the Yoast SEO plugin v27.3 - https:\/\/yoast.com\/product\/yoast-seo-wordpress\/ -->\n<title>Marcas de impresores y editores del siglo XVI<\/title>\n<meta name=\"description\" content=\"MARCAS DE IMPRESORES Y EDITORES DEL SIGLO XVI : MUESTRARIO ICONOGR\u00c1FICO DEL FONDO ANTIGUO DE LA BIBLIOTECA P\u00daBLICA UNIVERSITARIA DE MORELIA-UMSNH. \/ 2007.\" \/>\n<meta name=\"robots\" content=\"index, follow, max-snippet:-1, max-image-preview:large, max-video-preview:-1\" \/>\n<link rel=\"canonical\" href=\"https:\/\/booksfrommexico.com\/es\/producto\/marcas-de-impresores-y-editores-del-siglo-xvi-muestrario-iconografico-del-fondo-antiguo-de-la-biblioteca\/\" \/>\n<meta property=\"og:locale\" content=\"es_ES\" \/>\n<meta property=\"og:type\" content=\"article\" \/>\n<meta property=\"og:title\" content=\"Marcas de impresores y editores del siglo XVI\" \/>\n<meta property=\"og:description\" content=\"MARCAS DE IMPRESORES Y EDITORES DEL SIGLO XVI : MUESTRARIO ICONOGR\u00c1FICO DEL FONDO ANTIGUO DE LA BIBLIOTECA P\u00daBLICA UNIVERSITARIA DE MORELIA-UMSNH. \/ 2007.\" \/>\n<meta property=\"og:url\" content=\"https:\/\/booksfrommexico.com\/es\/producto\/marcas-de-impresores-y-editores-del-siglo-xvi-muestrario-iconografico-del-fondo-antiguo-de-la-biblioteca\/\" \/>\n<meta property=\"og:site_name\" content=\"Books From Mexico\" \/>\n<meta property=\"article:modified_time\" content=\"2025-08-02T19:55:30+00:00\" \/>\n<meta property=\"og:image\" content=\"http:\/\/booksfrommexico.com\/app\/uploads\/2023\/05\/142002.jpeg\" \/>\n\t<meta property=\"og:image:width\" content=\"440\" \/>\n\t<meta property=\"og:image:height\" content=\"647\" \/>\n\t<meta property=\"og:image:type\" content=\"image\/jpeg\" \/>\n<meta name=\"twitter:card\" content=\"summary_large_image\" \/>\n<meta name=\"twitter:label1\" content=\"Tiempo de lectura\" \/>\n\t<meta name=\"twitter:data1\" content=\"1 minuto\" \/>\n<script type=\"application\/ld+json\" class=\"yoast-schema-graph\">{\"@context\":\"https:\\\/\\\/schema.org\",\"@graph\":[{\"@type\":\"WebPage\",\"@id\":\"https:\\\/\\\/booksfrommexico.com\\\/es\\\/producto\\\/marcas-de-impresores-y-editores-del-siglo-xvi-muestrario-iconografico-del-fondo-antiguo-de-la-biblioteca\\\/\",\"url\":\"https:\\\/\\\/booksfrommexico.com\\\/es\\\/producto\\\/marcas-de-impresores-y-editores-del-siglo-xvi-muestrario-iconografico-del-fondo-antiguo-de-la-biblioteca\\\/\",\"name\":\"Marcas de impresores y editores del siglo XVI\",\"isPartOf\":{\"@id\":\"https:\\\/\\\/booksfrommexico.com\\\/#website\"},\"primaryImageOfPage\":{\"@id\":\"https:\\\/\\\/booksfrommexico.com\\\/es\\\/producto\\\/marcas-de-impresores-y-editores-del-siglo-xvi-muestrario-iconografico-del-fondo-antiguo-de-la-biblioteca\\\/#primaryimage\"},\"image\":{\"@id\":\"https:\\\/\\\/booksfrommexico.com\\\/es\\\/producto\\\/marcas-de-impresores-y-editores-del-siglo-xvi-muestrario-iconografico-del-fondo-antiguo-de-la-biblioteca\\\/#primaryimage\"},\"thumbnailUrl\":\"https:\\\/\\\/booksfrommexico.com\\\/app\\\/uploads\\\/2023\\\/05\\\/142002.jpeg\",\"datePublished\":\"2023-05-08T17:07:42+00:00\",\"dateModified\":\"2025-08-02T19:55:30+00:00\",\"description\":\"MARCAS DE IMPRESORES Y EDITORES DEL SIGLO XVI : MUESTRARIO ICONOGR\u00c1FICO DEL FONDO ANTIGUO DE LA BIBLIOTECA P\u00daBLICA UNIVERSITARIA DE MORELIA-UMSNH. \\\/ 2007.\",\"breadcrumb\":{\"@id\":\"https:\\\/\\\/booksfrommexico.com\\\/es\\\/producto\\\/marcas-de-impresores-y-editores-del-siglo-xvi-muestrario-iconografico-del-fondo-antiguo-de-la-biblioteca\\\/#breadcrumb\"},\"inLanguage\":\"es\",\"potentialAction\":[{\"@type\":\"ReadAction\",\"target\":[\"https:\\\/\\\/booksfrommexico.com\\\/es\\\/producto\\\/marcas-de-impresores-y-editores-del-siglo-xvi-muestrario-iconografico-del-fondo-antiguo-de-la-biblioteca\\\/\"]}]},{\"@type\":\"ImageObject\",\"inLanguage\":\"es\",\"@id\":\"https:\\\/\\\/booksfrommexico.com\\\/es\\\/producto\\\/marcas-de-impresores-y-editores-del-siglo-xvi-muestrario-iconografico-del-fondo-antiguo-de-la-biblioteca\\\/#primaryimage\",\"url\":\"https:\\\/\\\/booksfrommexico.com\\\/app\\\/uploads\\\/2023\\\/05\\\/142002.jpeg\",\"contentUrl\":\"https:\\\/\\\/booksfrommexico.com\\\/app\\\/uploads\\\/2023\\\/05\\\/142002.jpeg\",\"width\":440,\"height\":647,\"caption\":\"Marcas de impresores y editores del siglo XVI. Muestrario iconogr\u00e1fico. Del fondo antiguo de la biblioteca\"},{\"@type\":\"BreadcrumbList\",\"@id\":\"https:\\\/\\\/booksfrommexico.com\\\/es\\\/producto\\\/marcas-de-impresores-y-editores-del-siglo-xvi-muestrario-iconografico-del-fondo-antiguo-de-la-biblioteca\\\/#breadcrumb\",\"itemListElement\":[{\"@type\":\"ListItem\",\"position\":1,\"name\":\"Home\",\"item\":\"https:\\\/\\\/booksfrommexico.com\\\/es\\\/\"},{\"@type\":\"ListItem\",\"position\":2,\"name\":\"Libros\",\"item\":\"https:\\\/\\\/booksfrommexico.com\\\/es\\\/libros\\\/\"},{\"@type\":\"ListItem\",\"position\":3,\"name\":\"Marcas de impresores y editores del siglo XVI\"}]},{\"@type\":\"WebSite\",\"@id\":\"https:\\\/\\\/booksfrommexico.com\\\/#website\",\"url\":\"https:\\\/\\\/booksfrommexico.com\\\/\",\"name\":\"Books From Mexico\",\"description\":\"\",\"publisher\":{\"@id\":\"https:\\\/\\\/booksfrommexico.com\\\/#organization\"},\"potentialAction\":[{\"@type\":\"SearchAction\",\"target\":{\"@type\":\"EntryPoint\",\"urlTemplate\":\"https:\\\/\\\/booksfrommexico.com\\\/?s={search_term_string}\"},\"query-input\":{\"@type\":\"PropertyValueSpecification\",\"valueRequired\":true,\"valueName\":\"search_term_string\"}}],\"inLanguage\":\"es\"},{\"@type\":\"Organization\",\"@id\":\"https:\\\/\\\/booksfrommexico.com\\\/#organization\",\"name\":\"Books From Mexico\",\"url\":\"https:\\\/\\\/booksfrommexico.com\\\/\",\"logo\":{\"@type\":\"ImageObject\",\"inLanguage\":\"es\",\"@id\":\"https:\\\/\\\/booksfrommexico.com\\\/#\\\/schema\\\/logo\\\/image\\\/\",\"url\":\"https:\\\/\\\/booksfrommexico.com\\\/app\\\/uploads\\\/2023\\\/05\\\/logo-booksfrommexico.svg\",\"contentUrl\":\"https:\\\/\\\/booksfrommexico.com\\\/app\\\/uploads\\\/2023\\\/05\\\/logo-booksfrommexico.svg\",\"width\":86,\"height\":56,\"caption\":\"Books From Mexico\"},\"image\":{\"@id\":\"https:\\\/\\\/booksfrommexico.com\\\/#\\\/schema\\\/logo\\\/image\\\/\"}}]}<\/script>\n<!-- \/ Yoast SEO plugin. -->","yoast_head_json":{"title":"Marcas de impresores y editores del siglo XVI","description":"MARCAS DE IMPRESORES Y EDITORES DEL SIGLO XVI : MUESTRARIO ICONOGR\u00c1FICO DEL FONDO ANTIGUO DE LA BIBLIOTECA P\u00daBLICA UNIVERSITARIA DE MORELIA-UMSNH. \/ 2007.","robots":{"index":"index","follow":"follow","max-snippet":"max-snippet:-1","max-image-preview":"max-image-preview:large","max-video-preview":"max-video-preview:-1"},"canonical":"https:\/\/booksfrommexico.com\/es\/producto\/marcas-de-impresores-y-editores-del-siglo-xvi-muestrario-iconografico-del-fondo-antiguo-de-la-biblioteca\/","og_locale":"es_ES","og_type":"article","og_title":"Marcas de impresores y editores del siglo XVI","og_description":"MARCAS DE IMPRESORES Y EDITORES DEL SIGLO XVI : MUESTRARIO ICONOGR\u00c1FICO DEL FONDO ANTIGUO DE LA BIBLIOTECA P\u00daBLICA UNIVERSITARIA DE MORELIA-UMSNH. \/ 2007.","og_url":"https:\/\/booksfrommexico.com\/es\/producto\/marcas-de-impresores-y-editores-del-siglo-xvi-muestrario-iconografico-del-fondo-antiguo-de-la-biblioteca\/","og_site_name":"Books From Mexico","article_modified_time":"2025-08-02T19:55:30+00:00","og_image":[{"width":440,"height":647,"url":"http:\/\/booksfrommexico.com\/app\/uploads\/2023\/05\/142002.jpeg","type":"image\/jpeg"}],"twitter_card":"summary_large_image","twitter_misc":{"Tiempo de lectura":"1 minuto"},"schema":{"@context":"https:\/\/schema.org","@graph":[{"@type":"WebPage","@id":"https:\/\/booksfrommexico.com\/es\/producto\/marcas-de-impresores-y-editores-del-siglo-xvi-muestrario-iconografico-del-fondo-antiguo-de-la-biblioteca\/","url":"https:\/\/booksfrommexico.com\/es\/producto\/marcas-de-impresores-y-editores-del-siglo-xvi-muestrario-iconografico-del-fondo-antiguo-de-la-biblioteca\/","name":"Marcas de impresores y editores del siglo XVI","isPartOf":{"@id":"https:\/\/booksfrommexico.com\/#website"},"primaryImageOfPage":{"@id":"https:\/\/booksfrommexico.com\/es\/producto\/marcas-de-impresores-y-editores-del-siglo-xvi-muestrario-iconografico-del-fondo-antiguo-de-la-biblioteca\/#primaryimage"},"image":{"@id":"https:\/\/booksfrommexico.com\/es\/producto\/marcas-de-impresores-y-editores-del-siglo-xvi-muestrario-iconografico-del-fondo-antiguo-de-la-biblioteca\/#primaryimage"},"thumbnailUrl":"https:\/\/booksfrommexico.com\/app\/uploads\/2023\/05\/142002.jpeg","datePublished":"2023-05-08T17:07:42+00:00","dateModified":"2025-08-02T19:55:30+00:00","description":"MARCAS DE IMPRESORES Y EDITORES DEL SIGLO XVI : MUESTRARIO ICONOGR\u00c1FICO DEL FONDO ANTIGUO DE LA BIBLIOTECA P\u00daBLICA UNIVERSITARIA DE MORELIA-UMSNH. \/ 2007.","breadcrumb":{"@id":"https:\/\/booksfrommexico.com\/es\/producto\/marcas-de-impresores-y-editores-del-siglo-xvi-muestrario-iconografico-del-fondo-antiguo-de-la-biblioteca\/#breadcrumb"},"inLanguage":"es","potentialAction":[{"@type":"ReadAction","target":["https:\/\/booksfrommexico.com\/es\/producto\/marcas-de-impresores-y-editores-del-siglo-xvi-muestrario-iconografico-del-fondo-antiguo-de-la-biblioteca\/"]}]},{"@type":"ImageObject","inLanguage":"es","@id":"https:\/\/booksfrommexico.com\/es\/producto\/marcas-de-impresores-y-editores-del-siglo-xvi-muestrario-iconografico-del-fondo-antiguo-de-la-biblioteca\/#primaryimage","url":"https:\/\/booksfrommexico.com\/app\/uploads\/2023\/05\/142002.jpeg","contentUrl":"https:\/\/booksfrommexico.com\/app\/uploads\/2023\/05\/142002.jpeg","width":440,"height":647,"caption":"Marcas de impresores y editores del siglo XVI. Muestrario iconogr\u00e1fico. Del fondo antiguo de la biblioteca"},{"@type":"BreadcrumbList","@id":"https:\/\/booksfrommexico.com\/es\/producto\/marcas-de-impresores-y-editores-del-siglo-xvi-muestrario-iconografico-del-fondo-antiguo-de-la-biblioteca\/#breadcrumb","itemListElement":[{"@type":"ListItem","position":1,"name":"Home","item":"https:\/\/booksfrommexico.com\/es\/"},{"@type":"ListItem","position":2,"name":"Libros","item":"https:\/\/booksfrommexico.com\/es\/libros\/"},{"@type":"ListItem","position":3,"name":"Marcas de impresores y editores del siglo XVI"}]},{"@type":"WebSite","@id":"https:\/\/booksfrommexico.com\/#website","url":"https:\/\/booksfrommexico.com\/","name":"Books From Mexico","description":"","publisher":{"@id":"https:\/\/booksfrommexico.com\/#organization"},"potentialAction":[{"@type":"SearchAction","target":{"@type":"EntryPoint","urlTemplate":"https:\/\/booksfrommexico.com\/?s={search_term_string}"},"query-input":{"@type":"PropertyValueSpecification","valueRequired":true,"valueName":"search_term_string"}}],"inLanguage":"es"},{"@type":"Organization","@id":"https:\/\/booksfrommexico.com\/#organization","name":"Books From Mexico","url":"https:\/\/booksfrommexico.com\/","logo":{"@type":"ImageObject","inLanguage":"es","@id":"https:\/\/booksfrommexico.com\/#\/schema\/logo\/image\/","url":"https:\/\/booksfrommexico.com\/app\/uploads\/2023\/05\/logo-booksfrommexico.svg","contentUrl":"https:\/\/booksfrommexico.com\/app\/uploads\/2023\/05\/logo-booksfrommexico.svg","width":86,"height":56,"caption":"Books From Mexico"},"image":{"@id":"https:\/\/booksfrommexico.com\/#\/schema\/logo\/image\/"}}]}},"_links":{"self":[{"href":"https:\/\/booksfrommexico.com\/es\/wp-json\/wp\/v2\/product\/856","targetHints":{"allow":["GET"]}}],"collection":[{"href":"https:\/\/booksfrommexico.com\/es\/wp-json\/wp\/v2\/product"}],"about":[{"href":"https:\/\/booksfrommexico.com\/es\/wp-json\/wp\/v2\/types\/product"}],"wp:featuredmedia":[{"embeddable":true,"href":"https:\/\/booksfrommexico.com\/es\/wp-json\/wp\/v2\/media\/855"}],"wp:attachment":[{"href":"https:\/\/booksfrommexico.com\/es\/wp-json\/wp\/v2\/media?parent=856"}],"wp:term":[{"taxonomy":"product_brand","embeddable":true,"href":"https:\/\/booksfrommexico.com\/es\/wp-json\/wp\/v2\/product_brand?post=856"},{"taxonomy":"product_cat","embeddable":true,"href":"https:\/\/booksfrommexico.com\/es\/wp-json\/wp\/v2\/product_cat?post=856"},{"taxonomy":"product_tag","embeddable":true,"href":"https:\/\/booksfrommexico.com\/es\/wp-json\/wp\/v2\/product_tag?post=856"}],"curies":[{"name":"wp","href":"https:\/\/api.w.org\/{rel}","templated":true}]}}