{"id":860,"date":"2023-05-08T17:07:45","date_gmt":"2023-05-08T17:07:45","guid":{"rendered":"http:\/\/booksfrommexico.com\/product\/los-derechos-de-los-pueblos-indigenas-en-mexico-un-panorama\/"},"modified":"2024-10-22T23:42:51","modified_gmt":"2024-10-22T23:42:51","slug":"los-derechos-de-los-pueblos-indigenas-en-mexico-un-panorama","status":"publish","type":"product","link":"https:\/\/booksfrommexico.com\/es\/producto\/los-derechos-de-los-pueblos-indigenas-en-mexico-un-panorama\/","title":{"rendered":"Los derechos de los pueblos ind\u00edgenas en M\u00e9xico: Un panorama"},"content":{"rendered":"<p><span style=\"font-weight: 400;\">Este t\u00edtulo representa una contribuci\u00f3n para la comprensi\u00f3n y la difusi\u00f3n de los derechos de los pueblos ind\u00edgenas en M\u00e9xico, pero tambi\u00e9n un aporte importante para el entendimiento del fen\u00f3meno jur\u00eddico en general. Los trabajos aqu\u00ed contenidos funcionan como una introducci\u00f3n al estudio de los debates m\u00e1s importantes de los derechos de los ind\u00edgenas, de manera que el lector interesado pueda comprender los temas tratados sin contar con un conocimiento previo. La iniciativa que respaldan estas investigaciones suman sus esfuerzos para lograr alterar, en la medida de lo posible, la realidad a la que se enfrentan los pueblos ind\u00edgenas al momento de reclamar sus derechos o de acceder a la justicia del Estado.<\/span><\/p>\n","protected":false},"excerpt":{"rendered":"<p>LOS DERECHOS DE LOS PUEBLOS IND\u00cdGENAS EN M\u00c9XICO : UN PANORAMA<span style=\"font-weight: 400;\">. \/ Orlando Arag\u00f3n Andrade (coordinator). Morelia, Michoac\u00e1n, M\u00e9xico : Secretar\u00eda de Cultura del Estado de Michoac\u00e1n , Programa de Apoyo Acad\u00e9mico a Estudiantes Ind\u00edgenas de la Universidad Michoac\u00e1n ; Universidad Michoacana de San Nicol\u00e1s de Hidalgo , Divisi\u00f3n de Estudios de Posgrado de la Facultad de Derecho y Ciencias Sociales ; Asociaci\u00f3n Nacional de Universidades e Instituciones de Educaci\u00f3n Superior , Congreso del Estado de Michoac\u00e1n, 2008. 377 pages : includes references, photos, map, bibliographic references, semblances ; 23 cm. ISBN : 9786074240146. <\/span><\/p>\n","protected":false},"featured_media":859,"template":"","meta":{"_acf_changed":false,"inline_featured_image":false},"product_brand":[],"product_cat":[3334,3333],"product_tag":[3837,3639,4001,4041],"class_list":{"0":"post-860","1":"product","2":"type-product","3":"status-publish","4":"has-post-thumbnail","6":"product_cat-derechos-humanos-y-asuntos-juridicos","7":"product_cat-leyes-y-asuntos-juridicos","8":"product_tag-derechos-humanos","9":"product_tag-derechos-indigenas","10":"product_tag-leyes","11":"product_tag-pueblos-indigenas","13":"first","14":"instock","15":"taxable","16":"shipping-taxable","17":"purchasable","18":"product-type-simple"},"acf":[],"yoast_head":"<!-- This site is optimized with the Yoast SEO plugin v27.3 - https:\/\/yoast.com\/product\/yoast-seo-wordpress\/ -->\n<title>Los derechos de los pueblos ind\u00edgenas en M\u00e9xico: Un panorama<\/title>\n<meta name=\"description\" content=\"LOS DERECHOS DE LOS PUEBLOS IND\u00cdGENAS EN M\u00c9XICO : UN PANORAMA. \/ Orlando Arag\u00f3n Andrade (coordinator). Morelia, Michoac\u00e1n, M\u00e9xico : UMSNH, 2008.\" \/>\n<meta name=\"robots\" content=\"index, follow, max-snippet:-1, max-image-preview:large, max-video-preview:-1\" \/>\n<link rel=\"canonical\" href=\"https:\/\/booksfrommexico.com\/es\/producto\/los-derechos-de-los-pueblos-indigenas-en-mexico-un-panorama\/\" \/>\n<meta property=\"og:locale\" content=\"es_ES\" \/>\n<meta property=\"og:type\" content=\"article\" \/>\n<meta property=\"og:title\" content=\"Los derechos de los pueblos ind\u00edgenas en M\u00e9xico: Un panorama\" \/>\n<meta property=\"og:description\" content=\"LOS DERECHOS DE LOS PUEBLOS IND\u00cdGENAS EN M\u00c9XICO : UN PANORAMA. \/ Orlando Arag\u00f3n Andrade (coordinator). Morelia, Michoac\u00e1n, M\u00e9xico : UMSNH, 2008.\" \/>\n<meta property=\"og:url\" content=\"https:\/\/booksfrommexico.com\/es\/producto\/los-derechos-de-los-pueblos-indigenas-en-mexico-un-panorama\/\" \/>\n<meta property=\"og:site_name\" content=\"Books From Mexico\" \/>\n<meta property=\"article:modified_time\" content=\"2024-10-22T23:42:51+00:00\" \/>\n<meta property=\"og:image\" content=\"http:\/\/booksfrommexico.com\/app\/uploads\/2023\/05\/142567.jpeg\" \/>\n\t<meta property=\"og:image:width\" content=\"466\" \/>\n\t<meta property=\"og:image:height\" content=\"663\" \/>\n\t<meta property=\"og:image:type\" content=\"image\/jpeg\" \/>\n<meta name=\"twitter:card\" content=\"summary_large_image\" \/>\n<meta name=\"twitter:label1\" content=\"Tiempo de lectura\" \/>\n\t<meta name=\"twitter:data1\" content=\"1 minuto\" \/>\n<script type=\"application\/ld+json\" class=\"yoast-schema-graph\">{\"@context\":\"https:\\\/\\\/schema.org\",\"@graph\":[{\"@type\":\"WebPage\",\"@id\":\"https:\\\/\\\/booksfrommexico.com\\\/es\\\/producto\\\/los-derechos-de-los-pueblos-indigenas-en-mexico-un-panorama\\\/\",\"url\":\"https:\\\/\\\/booksfrommexico.com\\\/es\\\/producto\\\/los-derechos-de-los-pueblos-indigenas-en-mexico-un-panorama\\\/\",\"name\":\"Los derechos de los pueblos ind\u00edgenas en M\u00e9xico: Un panorama\",\"isPartOf\":{\"@id\":\"https:\\\/\\\/booksfrommexico.com\\\/#website\"},\"primaryImageOfPage\":{\"@id\":\"https:\\\/\\\/booksfrommexico.com\\\/es\\\/producto\\\/los-derechos-de-los-pueblos-indigenas-en-mexico-un-panorama\\\/#primaryimage\"},\"image\":{\"@id\":\"https:\\\/\\\/booksfrommexico.com\\\/es\\\/producto\\\/los-derechos-de-los-pueblos-indigenas-en-mexico-un-panorama\\\/#primaryimage\"},\"thumbnailUrl\":\"https:\\\/\\\/booksfrommexico.com\\\/app\\\/uploads\\\/2023\\\/05\\\/142567.jpeg\",\"datePublished\":\"2023-05-08T17:07:45+00:00\",\"dateModified\":\"2024-10-22T23:42:51+00:00\",\"description\":\"LOS DERECHOS DE LOS PUEBLOS IND\u00cdGENAS EN M\u00c9XICO : UN PANORAMA. \\\/ Orlando Arag\u00f3n Andrade (coordinator). Morelia, Michoac\u00e1n, M\u00e9xico : UMSNH, 2008.\",\"breadcrumb\":{\"@id\":\"https:\\\/\\\/booksfrommexico.com\\\/es\\\/producto\\\/los-derechos-de-los-pueblos-indigenas-en-mexico-un-panorama\\\/#breadcrumb\"},\"inLanguage\":\"es\",\"potentialAction\":[{\"@type\":\"ReadAction\",\"target\":[\"https:\\\/\\\/booksfrommexico.com\\\/es\\\/producto\\\/los-derechos-de-los-pueblos-indigenas-en-mexico-un-panorama\\\/\"]}]},{\"@type\":\"ImageObject\",\"inLanguage\":\"es\",\"@id\":\"https:\\\/\\\/booksfrommexico.com\\\/es\\\/producto\\\/los-derechos-de-los-pueblos-indigenas-en-mexico-un-panorama\\\/#primaryimage\",\"url\":\"https:\\\/\\\/booksfrommexico.com\\\/app\\\/uploads\\\/2023\\\/05\\\/142567.jpeg\",\"contentUrl\":\"https:\\\/\\\/booksfrommexico.com\\\/app\\\/uploads\\\/2023\\\/05\\\/142567.jpeg\",\"width\":466,\"height\":663,\"caption\":\"Los Derechos de los pueblos ind\u00edgenas en M\u00e9xico. Un panorama\"},{\"@type\":\"BreadcrumbList\",\"@id\":\"https:\\\/\\\/booksfrommexico.com\\\/es\\\/producto\\\/los-derechos-de-los-pueblos-indigenas-en-mexico-un-panorama\\\/#breadcrumb\",\"itemListElement\":[{\"@type\":\"ListItem\",\"position\":1,\"name\":\"Home\",\"item\":\"https:\\\/\\\/booksfrommexico.com\\\/es\\\/\"},{\"@type\":\"ListItem\",\"position\":2,\"name\":\"Libros\",\"item\":\"https:\\\/\\\/booksfrommexico.com\\\/es\\\/libros\\\/\"},{\"@type\":\"ListItem\",\"position\":3,\"name\":\"Los derechos de los pueblos ind\u00edgenas en M\u00e9xico: Un panorama\"}]},{\"@type\":\"WebSite\",\"@id\":\"https:\\\/\\\/booksfrommexico.com\\\/#website\",\"url\":\"https:\\\/\\\/booksfrommexico.com\\\/\",\"name\":\"Books From Mexico\",\"description\":\"\",\"publisher\":{\"@id\":\"https:\\\/\\\/booksfrommexico.com\\\/#organization\"},\"potentialAction\":[{\"@type\":\"SearchAction\",\"target\":{\"@type\":\"EntryPoint\",\"urlTemplate\":\"https:\\\/\\\/booksfrommexico.com\\\/?s={search_term_string}\"},\"query-input\":{\"@type\":\"PropertyValueSpecification\",\"valueRequired\":true,\"valueName\":\"search_term_string\"}}],\"inLanguage\":\"es\"},{\"@type\":\"Organization\",\"@id\":\"https:\\\/\\\/booksfrommexico.com\\\/#organization\",\"name\":\"Books From Mexico\",\"url\":\"https:\\\/\\\/booksfrommexico.com\\\/\",\"logo\":{\"@type\":\"ImageObject\",\"inLanguage\":\"es\",\"@id\":\"https:\\\/\\\/booksfrommexico.com\\\/#\\\/schema\\\/logo\\\/image\\\/\",\"url\":\"https:\\\/\\\/booksfrommexico.com\\\/app\\\/uploads\\\/2023\\\/05\\\/logo-booksfrommexico.svg\",\"contentUrl\":\"https:\\\/\\\/booksfrommexico.com\\\/app\\\/uploads\\\/2023\\\/05\\\/logo-booksfrommexico.svg\",\"width\":86,\"height\":56,\"caption\":\"Books From Mexico\"},\"image\":{\"@id\":\"https:\\\/\\\/booksfrommexico.com\\\/#\\\/schema\\\/logo\\\/image\\\/\"}}]}<\/script>\n<!-- \/ Yoast SEO plugin. -->","yoast_head_json":{"title":"Los derechos de los pueblos ind\u00edgenas en M\u00e9xico: Un panorama","description":"LOS DERECHOS DE LOS PUEBLOS IND\u00cdGENAS EN M\u00c9XICO : UN PANORAMA. \/ Orlando Arag\u00f3n Andrade (coordinator). Morelia, Michoac\u00e1n, M\u00e9xico : UMSNH, 2008.","robots":{"index":"index","follow":"follow","max-snippet":"max-snippet:-1","max-image-preview":"max-image-preview:large","max-video-preview":"max-video-preview:-1"},"canonical":"https:\/\/booksfrommexico.com\/es\/producto\/los-derechos-de-los-pueblos-indigenas-en-mexico-un-panorama\/","og_locale":"es_ES","og_type":"article","og_title":"Los derechos de los pueblos ind\u00edgenas en M\u00e9xico: Un panorama","og_description":"LOS DERECHOS DE LOS PUEBLOS IND\u00cdGENAS EN M\u00c9XICO : UN PANORAMA. \/ Orlando Arag\u00f3n Andrade (coordinator). Morelia, Michoac\u00e1n, M\u00e9xico : UMSNH, 2008.","og_url":"https:\/\/booksfrommexico.com\/es\/producto\/los-derechos-de-los-pueblos-indigenas-en-mexico-un-panorama\/","og_site_name":"Books From Mexico","article_modified_time":"2024-10-22T23:42:51+00:00","og_image":[{"width":466,"height":663,"url":"http:\/\/booksfrommexico.com\/app\/uploads\/2023\/05\/142567.jpeg","type":"image\/jpeg"}],"twitter_card":"summary_large_image","twitter_misc":{"Tiempo de lectura":"1 minuto"},"schema":{"@context":"https:\/\/schema.org","@graph":[{"@type":"WebPage","@id":"https:\/\/booksfrommexico.com\/es\/producto\/los-derechos-de-los-pueblos-indigenas-en-mexico-un-panorama\/","url":"https:\/\/booksfrommexico.com\/es\/producto\/los-derechos-de-los-pueblos-indigenas-en-mexico-un-panorama\/","name":"Los derechos de los pueblos ind\u00edgenas en M\u00e9xico: Un panorama","isPartOf":{"@id":"https:\/\/booksfrommexico.com\/#website"},"primaryImageOfPage":{"@id":"https:\/\/booksfrommexico.com\/es\/producto\/los-derechos-de-los-pueblos-indigenas-en-mexico-un-panorama\/#primaryimage"},"image":{"@id":"https:\/\/booksfrommexico.com\/es\/producto\/los-derechos-de-los-pueblos-indigenas-en-mexico-un-panorama\/#primaryimage"},"thumbnailUrl":"https:\/\/booksfrommexico.com\/app\/uploads\/2023\/05\/142567.jpeg","datePublished":"2023-05-08T17:07:45+00:00","dateModified":"2024-10-22T23:42:51+00:00","description":"LOS DERECHOS DE LOS PUEBLOS IND\u00cdGENAS EN M\u00c9XICO : UN PANORAMA. \/ Orlando Arag\u00f3n Andrade (coordinator). Morelia, Michoac\u00e1n, M\u00e9xico : UMSNH, 2008.","breadcrumb":{"@id":"https:\/\/booksfrommexico.com\/es\/producto\/los-derechos-de-los-pueblos-indigenas-en-mexico-un-panorama\/#breadcrumb"},"inLanguage":"es","potentialAction":[{"@type":"ReadAction","target":["https:\/\/booksfrommexico.com\/es\/producto\/los-derechos-de-los-pueblos-indigenas-en-mexico-un-panorama\/"]}]},{"@type":"ImageObject","inLanguage":"es","@id":"https:\/\/booksfrommexico.com\/es\/producto\/los-derechos-de-los-pueblos-indigenas-en-mexico-un-panorama\/#primaryimage","url":"https:\/\/booksfrommexico.com\/app\/uploads\/2023\/05\/142567.jpeg","contentUrl":"https:\/\/booksfrommexico.com\/app\/uploads\/2023\/05\/142567.jpeg","width":466,"height":663,"caption":"Los Derechos de los pueblos ind\u00edgenas en M\u00e9xico. Un panorama"},{"@type":"BreadcrumbList","@id":"https:\/\/booksfrommexico.com\/es\/producto\/los-derechos-de-los-pueblos-indigenas-en-mexico-un-panorama\/#breadcrumb","itemListElement":[{"@type":"ListItem","position":1,"name":"Home","item":"https:\/\/booksfrommexico.com\/es\/"},{"@type":"ListItem","position":2,"name":"Libros","item":"https:\/\/booksfrommexico.com\/es\/libros\/"},{"@type":"ListItem","position":3,"name":"Los derechos de los pueblos ind\u00edgenas en M\u00e9xico: Un panorama"}]},{"@type":"WebSite","@id":"https:\/\/booksfrommexico.com\/#website","url":"https:\/\/booksfrommexico.com\/","name":"Books From Mexico","description":"","publisher":{"@id":"https:\/\/booksfrommexico.com\/#organization"},"potentialAction":[{"@type":"SearchAction","target":{"@type":"EntryPoint","urlTemplate":"https:\/\/booksfrommexico.com\/?s={search_term_string}"},"query-input":{"@type":"PropertyValueSpecification","valueRequired":true,"valueName":"search_term_string"}}],"inLanguage":"es"},{"@type":"Organization","@id":"https:\/\/booksfrommexico.com\/#organization","name":"Books From Mexico","url":"https:\/\/booksfrommexico.com\/","logo":{"@type":"ImageObject","inLanguage":"es","@id":"https:\/\/booksfrommexico.com\/#\/schema\/logo\/image\/","url":"https:\/\/booksfrommexico.com\/app\/uploads\/2023\/05\/logo-booksfrommexico.svg","contentUrl":"https:\/\/booksfrommexico.com\/app\/uploads\/2023\/05\/logo-booksfrommexico.svg","width":86,"height":56,"caption":"Books From Mexico"},"image":{"@id":"https:\/\/booksfrommexico.com\/#\/schema\/logo\/image\/"}}]}},"_links":{"self":[{"href":"https:\/\/booksfrommexico.com\/es\/wp-json\/wp\/v2\/product\/860","targetHints":{"allow":["GET"]}}],"collection":[{"href":"https:\/\/booksfrommexico.com\/es\/wp-json\/wp\/v2\/product"}],"about":[{"href":"https:\/\/booksfrommexico.com\/es\/wp-json\/wp\/v2\/types\/product"}],"wp:featuredmedia":[{"embeddable":true,"href":"https:\/\/booksfrommexico.com\/es\/wp-json\/wp\/v2\/media\/859"}],"wp:attachment":[{"href":"https:\/\/booksfrommexico.com\/es\/wp-json\/wp\/v2\/media?parent=860"}],"wp:term":[{"taxonomy":"product_brand","embeddable":true,"href":"https:\/\/booksfrommexico.com\/es\/wp-json\/wp\/v2\/product_brand?post=860"},{"taxonomy":"product_cat","embeddable":true,"href":"https:\/\/booksfrommexico.com\/es\/wp-json\/wp\/v2\/product_cat?post=860"},{"taxonomy":"product_tag","embeddable":true,"href":"https:\/\/booksfrommexico.com\/es\/wp-json\/wp\/v2\/product_tag?post=860"}],"curies":[{"name":"wp","href":"https:\/\/api.w.org\/{rel}","templated":true}]}}