{"id":862,"date":"2023-05-08T17:07:46","date_gmt":"2023-05-08T17:07:46","guid":{"rendered":"http:\/\/booksfrommexico.com\/product\/enciclopedia-del-espanol-de-los-estados-unidos-anuario-del-instituto-cervantes-2008\/"},"modified":"2024-10-23T23:22:46","modified_gmt":"2024-10-23T23:22:46","slug":"enciclopedia-del-espanol-de-los-estados-unidos-anuario-del-instituto-cervantes-2008","status":"publish","type":"product","link":"https:\/\/booksfrommexico.com\/es\/producto\/enciclopedia-del-espanol-de-los-estados-unidos-anuario-del-instituto-cervantes-2008\/","title":{"rendered":"Enciclopedia del espa\u00f1ol de los Estados Unidos: Anuario del Instituto Cervantes 2008"},"content":{"rendered":"<p><span style=\"font-weight: 400;\">El fuerte aumento demogr\u00e1fico en Estados Unidos por parte de hispanohablantes, es causa directa de la formidable expansi\u00f3n que est\u00e1 experimentando el espa\u00f1ol de Norteam\u00e9rica; se prev\u00e9 que Estados Unidos pasar\u00e1 a ser el segundo pa\u00eds del mundo en el ranking en cuanto a cantidad de hispanohablantes. Los datos, al momento de realizar este t\u00edtulo, hablan de un protagonismo hispano en la vida p\u00fablica estadounidense que se hace cada vez m\u00e1s patente. Aqu\u00ed se recopilan m\u00e1s de 80 art\u00edculos especializados acerca del pasado, presente y futuro del espa\u00f1ol en el territorio estadounidense, abordando con especial inter\u00e9s la realidad demoling\u00fc\u00edstica, as\u00ed como la riqueza cultural de la comunidad hispana.<\/span><\/p>\n","protected":false},"excerpt":{"rendered":"<p>ENCICLOPEDIA DEL ESPA\u00d1OL DE LOS ESTADOS UNIDOS : ANUARIO DEL INSTITUTO CERVANTES 2008<span style=\"font-weight: 400;\">. \/ Humberto L\u00f3pez Morales (coordinator). Madrid, Espa\u00f1a : Instituto Cervantes ; M\u00e9xico, D.F. : Santillana Ediciones Generales, 2009. 1198 pages : includes color photos, color tables, bibliography ; 28 cm. ISBN : 9788493477219 (Santillana) ; 9788488252906 (Cervantes).<\/span><\/p>\n","protected":false},"featured_media":861,"template":"","meta":{"_acf_changed":false,"inline_featured_image":false},"product_brand":[],"product_cat":[169,1032],"product_tag":[4295,3847,3687],"class_list":{"0":"post-862","1":"product","2":"type-product","3":"status-publish","4":"has-post-thumbnail","6":"product_cat-lengua-y-linguistica","7":"product_cat-linguistica-espanola-lengua-y-linguistica","8":"product_tag-interculturalidad","9":"product_tag-lenguaje-espanol","10":"product_tag-norte-america","12":"first","13":"instock","14":"taxable","15":"shipping-taxable","16":"purchasable","17":"product-type-simple"},"acf":[],"yoast_head":"<!-- This site is optimized with the Yoast SEO plugin v27.3 - https:\/\/yoast.com\/product\/yoast-seo-wordpress\/ -->\n<title>Enciclopedia del espa\u00f1ol de los Estados Unidos<\/title>\n<meta name=\"description\" content=\"ENCICLOPEDIA DEL ESPA\u00d1OL DE LOS ESTADOS UNIDOS : ANUARIO DEL INSTITUTO CERVANTES 2008. \/ Humberto L\u00f3pez Morales (coordinator). ISBN : 9788493477219.\" \/>\n<meta name=\"robots\" content=\"index, follow, max-snippet:-1, max-image-preview:large, max-video-preview:-1\" \/>\n<link rel=\"canonical\" href=\"https:\/\/booksfrommexico.com\/es\/producto\/enciclopedia-del-espanol-de-los-estados-unidos-anuario-del-instituto-cervantes-2008\/\" \/>\n<meta property=\"og:locale\" content=\"es_ES\" \/>\n<meta property=\"og:type\" content=\"article\" \/>\n<meta property=\"og:title\" content=\"Enciclopedia del espa\u00f1ol de los Estados Unidos\" \/>\n<meta property=\"og:description\" content=\"ENCICLOPEDIA DEL ESPA\u00d1OL DE LOS ESTADOS UNIDOS : ANUARIO DEL INSTITUTO CERVANTES 2008. \/ Humberto L\u00f3pez Morales (coordinator). ISBN : 9788493477219.\" \/>\n<meta property=\"og:url\" content=\"https:\/\/booksfrommexico.com\/es\/producto\/enciclopedia-del-espanol-de-los-estados-unidos-anuario-del-instituto-cervantes-2008\/\" \/>\n<meta property=\"og:site_name\" content=\"Books From Mexico\" \/>\n<meta property=\"article:modified_time\" content=\"2024-10-23T23:22:46+00:00\" \/>\n<meta property=\"og:image\" content=\"http:\/\/booksfrommexico.com\/app\/uploads\/2023\/05\/142196.jpeg\" \/>\n\t<meta property=\"og:image:width\" content=\"583\" \/>\n\t<meta property=\"og:image:height\" content=\"804\" \/>\n\t<meta property=\"og:image:type\" content=\"image\/jpeg\" \/>\n<meta name=\"twitter:card\" content=\"summary_large_image\" \/>\n<meta name=\"twitter:label1\" content=\"Tiempo de lectura\" \/>\n\t<meta name=\"twitter:data1\" content=\"1 minuto\" \/>\n<script type=\"application\/ld+json\" class=\"yoast-schema-graph\">{\"@context\":\"https:\\\/\\\/schema.org\",\"@graph\":[{\"@type\":\"WebPage\",\"@id\":\"https:\\\/\\\/booksfrommexico.com\\\/es\\\/producto\\\/enciclopedia-del-espanol-de-los-estados-unidos-anuario-del-instituto-cervantes-2008\\\/\",\"url\":\"https:\\\/\\\/booksfrommexico.com\\\/es\\\/producto\\\/enciclopedia-del-espanol-de-los-estados-unidos-anuario-del-instituto-cervantes-2008\\\/\",\"name\":\"Enciclopedia del espa\u00f1ol de los Estados Unidos\",\"isPartOf\":{\"@id\":\"https:\\\/\\\/booksfrommexico.com\\\/#website\"},\"primaryImageOfPage\":{\"@id\":\"https:\\\/\\\/booksfrommexico.com\\\/es\\\/producto\\\/enciclopedia-del-espanol-de-los-estados-unidos-anuario-del-instituto-cervantes-2008\\\/#primaryimage\"},\"image\":{\"@id\":\"https:\\\/\\\/booksfrommexico.com\\\/es\\\/producto\\\/enciclopedia-del-espanol-de-los-estados-unidos-anuario-del-instituto-cervantes-2008\\\/#primaryimage\"},\"thumbnailUrl\":\"https:\\\/\\\/booksfrommexico.com\\\/app\\\/uploads\\\/2023\\\/05\\\/142196.jpeg\",\"datePublished\":\"2023-05-08T17:07:46+00:00\",\"dateModified\":\"2024-10-23T23:22:46+00:00\",\"description\":\"ENCICLOPEDIA DEL ESPA\u00d1OL DE LOS ESTADOS UNIDOS : ANUARIO DEL INSTITUTO CERVANTES 2008. \\\/ Humberto L\u00f3pez Morales (coordinator). ISBN : 9788493477219.\",\"breadcrumb\":{\"@id\":\"https:\\\/\\\/booksfrommexico.com\\\/es\\\/producto\\\/enciclopedia-del-espanol-de-los-estados-unidos-anuario-del-instituto-cervantes-2008\\\/#breadcrumb\"},\"inLanguage\":\"es\",\"potentialAction\":[{\"@type\":\"ReadAction\",\"target\":[\"https:\\\/\\\/booksfrommexico.com\\\/es\\\/producto\\\/enciclopedia-del-espanol-de-los-estados-unidos-anuario-del-instituto-cervantes-2008\\\/\"]}]},{\"@type\":\"ImageObject\",\"inLanguage\":\"es\",\"@id\":\"https:\\\/\\\/booksfrommexico.com\\\/es\\\/producto\\\/enciclopedia-del-espanol-de-los-estados-unidos-anuario-del-instituto-cervantes-2008\\\/#primaryimage\",\"url\":\"https:\\\/\\\/booksfrommexico.com\\\/app\\\/uploads\\\/2023\\\/05\\\/142196.jpeg\",\"contentUrl\":\"https:\\\/\\\/booksfrommexico.com\\\/app\\\/uploads\\\/2023\\\/05\\\/142196.jpeg\",\"width\":583,\"height\":804,\"caption\":\"Enciclopedia del espa\u00f1ol de los Estados Unidos. Anuario del Instituto Cervantes 2008\"},{\"@type\":\"BreadcrumbList\",\"@id\":\"https:\\\/\\\/booksfrommexico.com\\\/es\\\/producto\\\/enciclopedia-del-espanol-de-los-estados-unidos-anuario-del-instituto-cervantes-2008\\\/#breadcrumb\",\"itemListElement\":[{\"@type\":\"ListItem\",\"position\":1,\"name\":\"Home\",\"item\":\"https:\\\/\\\/booksfrommexico.com\\\/es\\\/\"},{\"@type\":\"ListItem\",\"position\":2,\"name\":\"Libros\",\"item\":\"https:\\\/\\\/booksfrommexico.com\\\/es\\\/libros\\\/\"},{\"@type\":\"ListItem\",\"position\":3,\"name\":\"Enciclopedia del espa\u00f1ol de los Estados Unidos: Anuario del Instituto Cervantes 2008\"}]},{\"@type\":\"WebSite\",\"@id\":\"https:\\\/\\\/booksfrommexico.com\\\/#website\",\"url\":\"https:\\\/\\\/booksfrommexico.com\\\/\",\"name\":\"Books From Mexico\",\"description\":\"\",\"publisher\":{\"@id\":\"https:\\\/\\\/booksfrommexico.com\\\/#organization\"},\"potentialAction\":[{\"@type\":\"SearchAction\",\"target\":{\"@type\":\"EntryPoint\",\"urlTemplate\":\"https:\\\/\\\/booksfrommexico.com\\\/?s={search_term_string}\"},\"query-input\":{\"@type\":\"PropertyValueSpecification\",\"valueRequired\":true,\"valueName\":\"search_term_string\"}}],\"inLanguage\":\"es\"},{\"@type\":\"Organization\",\"@id\":\"https:\\\/\\\/booksfrommexico.com\\\/#organization\",\"name\":\"Books From Mexico\",\"url\":\"https:\\\/\\\/booksfrommexico.com\\\/\",\"logo\":{\"@type\":\"ImageObject\",\"inLanguage\":\"es\",\"@id\":\"https:\\\/\\\/booksfrommexico.com\\\/#\\\/schema\\\/logo\\\/image\\\/\",\"url\":\"https:\\\/\\\/booksfrommexico.com\\\/app\\\/uploads\\\/2023\\\/05\\\/logo-booksfrommexico.svg\",\"contentUrl\":\"https:\\\/\\\/booksfrommexico.com\\\/app\\\/uploads\\\/2023\\\/05\\\/logo-booksfrommexico.svg\",\"width\":86,\"height\":56,\"caption\":\"Books From Mexico\"},\"image\":{\"@id\":\"https:\\\/\\\/booksfrommexico.com\\\/#\\\/schema\\\/logo\\\/image\\\/\"}}]}<\/script>\n<!-- \/ Yoast SEO plugin. -->","yoast_head_json":{"title":"Enciclopedia del espa\u00f1ol de los Estados Unidos","description":"ENCICLOPEDIA DEL ESPA\u00d1OL DE LOS ESTADOS UNIDOS : ANUARIO DEL INSTITUTO CERVANTES 2008. \/ Humberto L\u00f3pez Morales (coordinator). ISBN : 9788493477219.","robots":{"index":"index","follow":"follow","max-snippet":"max-snippet:-1","max-image-preview":"max-image-preview:large","max-video-preview":"max-video-preview:-1"},"canonical":"https:\/\/booksfrommexico.com\/es\/producto\/enciclopedia-del-espanol-de-los-estados-unidos-anuario-del-instituto-cervantes-2008\/","og_locale":"es_ES","og_type":"article","og_title":"Enciclopedia del espa\u00f1ol de los Estados Unidos","og_description":"ENCICLOPEDIA DEL ESPA\u00d1OL DE LOS ESTADOS UNIDOS : ANUARIO DEL INSTITUTO CERVANTES 2008. \/ Humberto L\u00f3pez Morales (coordinator). ISBN : 9788493477219.","og_url":"https:\/\/booksfrommexico.com\/es\/producto\/enciclopedia-del-espanol-de-los-estados-unidos-anuario-del-instituto-cervantes-2008\/","og_site_name":"Books From Mexico","article_modified_time":"2024-10-23T23:22:46+00:00","og_image":[{"width":583,"height":804,"url":"http:\/\/booksfrommexico.com\/app\/uploads\/2023\/05\/142196.jpeg","type":"image\/jpeg"}],"twitter_card":"summary_large_image","twitter_misc":{"Tiempo de lectura":"1 minuto"},"schema":{"@context":"https:\/\/schema.org","@graph":[{"@type":"WebPage","@id":"https:\/\/booksfrommexico.com\/es\/producto\/enciclopedia-del-espanol-de-los-estados-unidos-anuario-del-instituto-cervantes-2008\/","url":"https:\/\/booksfrommexico.com\/es\/producto\/enciclopedia-del-espanol-de-los-estados-unidos-anuario-del-instituto-cervantes-2008\/","name":"Enciclopedia del espa\u00f1ol de los Estados Unidos","isPartOf":{"@id":"https:\/\/booksfrommexico.com\/#website"},"primaryImageOfPage":{"@id":"https:\/\/booksfrommexico.com\/es\/producto\/enciclopedia-del-espanol-de-los-estados-unidos-anuario-del-instituto-cervantes-2008\/#primaryimage"},"image":{"@id":"https:\/\/booksfrommexico.com\/es\/producto\/enciclopedia-del-espanol-de-los-estados-unidos-anuario-del-instituto-cervantes-2008\/#primaryimage"},"thumbnailUrl":"https:\/\/booksfrommexico.com\/app\/uploads\/2023\/05\/142196.jpeg","datePublished":"2023-05-08T17:07:46+00:00","dateModified":"2024-10-23T23:22:46+00:00","description":"ENCICLOPEDIA DEL ESPA\u00d1OL DE LOS ESTADOS UNIDOS : ANUARIO DEL INSTITUTO CERVANTES 2008. \/ Humberto L\u00f3pez Morales (coordinator). ISBN : 9788493477219.","breadcrumb":{"@id":"https:\/\/booksfrommexico.com\/es\/producto\/enciclopedia-del-espanol-de-los-estados-unidos-anuario-del-instituto-cervantes-2008\/#breadcrumb"},"inLanguage":"es","potentialAction":[{"@type":"ReadAction","target":["https:\/\/booksfrommexico.com\/es\/producto\/enciclopedia-del-espanol-de-los-estados-unidos-anuario-del-instituto-cervantes-2008\/"]}]},{"@type":"ImageObject","inLanguage":"es","@id":"https:\/\/booksfrommexico.com\/es\/producto\/enciclopedia-del-espanol-de-los-estados-unidos-anuario-del-instituto-cervantes-2008\/#primaryimage","url":"https:\/\/booksfrommexico.com\/app\/uploads\/2023\/05\/142196.jpeg","contentUrl":"https:\/\/booksfrommexico.com\/app\/uploads\/2023\/05\/142196.jpeg","width":583,"height":804,"caption":"Enciclopedia del espa\u00f1ol de los Estados Unidos. Anuario del Instituto Cervantes 2008"},{"@type":"BreadcrumbList","@id":"https:\/\/booksfrommexico.com\/es\/producto\/enciclopedia-del-espanol-de-los-estados-unidos-anuario-del-instituto-cervantes-2008\/#breadcrumb","itemListElement":[{"@type":"ListItem","position":1,"name":"Home","item":"https:\/\/booksfrommexico.com\/es\/"},{"@type":"ListItem","position":2,"name":"Libros","item":"https:\/\/booksfrommexico.com\/es\/libros\/"},{"@type":"ListItem","position":3,"name":"Enciclopedia del espa\u00f1ol de los Estados Unidos: Anuario del Instituto Cervantes 2008"}]},{"@type":"WebSite","@id":"https:\/\/booksfrommexico.com\/#website","url":"https:\/\/booksfrommexico.com\/","name":"Books From Mexico","description":"","publisher":{"@id":"https:\/\/booksfrommexico.com\/#organization"},"potentialAction":[{"@type":"SearchAction","target":{"@type":"EntryPoint","urlTemplate":"https:\/\/booksfrommexico.com\/?s={search_term_string}"},"query-input":{"@type":"PropertyValueSpecification","valueRequired":true,"valueName":"search_term_string"}}],"inLanguage":"es"},{"@type":"Organization","@id":"https:\/\/booksfrommexico.com\/#organization","name":"Books From Mexico","url":"https:\/\/booksfrommexico.com\/","logo":{"@type":"ImageObject","inLanguage":"es","@id":"https:\/\/booksfrommexico.com\/#\/schema\/logo\/image\/","url":"https:\/\/booksfrommexico.com\/app\/uploads\/2023\/05\/logo-booksfrommexico.svg","contentUrl":"https:\/\/booksfrommexico.com\/app\/uploads\/2023\/05\/logo-booksfrommexico.svg","width":86,"height":56,"caption":"Books From Mexico"},"image":{"@id":"https:\/\/booksfrommexico.com\/#\/schema\/logo\/image\/"}}]}},"_links":{"self":[{"href":"https:\/\/booksfrommexico.com\/es\/wp-json\/wp\/v2\/product\/862","targetHints":{"allow":["GET"]}}],"collection":[{"href":"https:\/\/booksfrommexico.com\/es\/wp-json\/wp\/v2\/product"}],"about":[{"href":"https:\/\/booksfrommexico.com\/es\/wp-json\/wp\/v2\/types\/product"}],"wp:featuredmedia":[{"embeddable":true,"href":"https:\/\/booksfrommexico.com\/es\/wp-json\/wp\/v2\/media\/861"}],"wp:attachment":[{"href":"https:\/\/booksfrommexico.com\/es\/wp-json\/wp\/v2\/media?parent=862"}],"wp:term":[{"taxonomy":"product_brand","embeddable":true,"href":"https:\/\/booksfrommexico.com\/es\/wp-json\/wp\/v2\/product_brand?post=862"},{"taxonomy":"product_cat","embeddable":true,"href":"https:\/\/booksfrommexico.com\/es\/wp-json\/wp\/v2\/product_cat?post=862"},{"taxonomy":"product_tag","embeddable":true,"href":"https:\/\/booksfrommexico.com\/es\/wp-json\/wp\/v2\/product_tag?post=862"}],"curies":[{"name":"wp","href":"https:\/\/api.w.org\/{rel}","templated":true}]}}