{"id":864,"date":"2023-05-08T17:07:48","date_gmt":"2023-05-08T17:07:48","guid":{"rendered":"http:\/\/booksfrommexico.com\/product\/el-cuerpo-flor-etnografia-de-una-nocion-yoeme\/"},"modified":"2024-10-23T22:28:59","modified_gmt":"2024-10-23T22:28:59","slug":"el-cuerpo-flor-etnografia-de-una-nocion-yoeme","status":"publish","type":"product","link":"https:\/\/booksfrommexico.com\/es\/producto\/el-cuerpo-flor-etnografia-de-una-nocion-yoeme\/","title":{"rendered":"El cuerpo flor: Etnograf\u00eda de una noci\u00f3n yoeme"},"content":{"rendered":"<p><span style=\"font-weight: 400;\">En este t\u00edtulo se despliega el universo discursivo que los yoemem o yaquis elaboran en torno al cuerpo humano, del cual la flor, es una de sus principales s\u00edmbolos. La originalidad de \u00e9sto reside en cubrir un vac\u00edo que ha perdurado durante a\u00f1os en los estudios etnogr\u00e1ficos sobre los grupos ind\u00edgenas del noroeste de M\u00e9xico y tambi\u00e9n en lograr una traducci\u00f3n adecuada entre la interpretaci\u00f3n antropol\u00f3gica y las interpretaciones locales. En esta investigaci\u00f3n se expone con claridad la forma en que los yaquis han hecho en la medida que conciben y relacionan entre s\u00ed el organismo, la sexualidad, las concepciones espirituales y una teor\u00eda general del cosmos, permitiendo observar el universo a trav\u00e9s de sus ojos.<\/span><\/p>\n","protected":false},"excerpt":{"rendered":"<p>EL CUERPO FLOR : ETNOGRAF\u00cdA DE UNA NOCI\u00d3N YOEME<span style=\"font-weight: 400;\">. \/ Mar\u00eda Eugenia Olavarr\u00eda, Cristina Aguilar, Enrica Merino. M\u00e9xico, D.F. : Universidad Aut\u00f3noma Metropolitana , Unidad Iztapalapa ; Miguel Angel Porr\u00faa, 2009. 249 pages : includes illustrations, references, bibliographic notes, glossary, bibliography ; 21 cm. (Serie Las Ciencias Sociales Tercera D\u00e9cada). ISBN : 9786074010763. <\/span><\/p>\n","protected":false},"featured_media":863,"template":"","meta":{"_acf_changed":false,"inline_featured_image":false},"product_brand":[],"product_cat":[19,117,66],"product_tag":[4039,3880,4536],"class_list":{"0":"post-864","1":"product","2":"type-product","3":"status-publish","4":"has-post-thumbnail","6":"product_cat-antropologia","7":"product_cat-etnoantropolgia","8":"product_cat-sociocultural","9":"product_tag-cosmovision","10":"product_tag-identidad-cultural","11":"product_tag-yoeme-yaqui","13":"first","14":"instock","15":"taxable","16":"shipping-taxable","17":"purchasable","18":"product-type-simple"},"acf":[],"yoast_head":"<!-- This site is optimized with the Yoast SEO plugin v27.3 - https:\/\/yoast.com\/product\/yoast-seo-wordpress\/ -->\n<title>El cuerpo flor: Etnograf\u00eda de una noci\u00f3n yoeme<\/title>\n<meta name=\"description\" content=\"EL CUERPO FLOR : ETNOGRAF\u00cdA DE UNA NOCI\u00d3N YOEME. \/ Mar\u00eda Eugenia Olavarr\u00eda, Cristina Aguilar, Enrica Merino. M\u00e9xico, D.F. : UAM-I ; Miguel Angel Porr\u00faa.\" \/>\n<meta name=\"robots\" content=\"index, follow, max-snippet:-1, max-image-preview:large, max-video-preview:-1\" \/>\n<link rel=\"canonical\" href=\"https:\/\/booksfrommexico.com\/es\/producto\/el-cuerpo-flor-etnografia-de-una-nocion-yoeme\/\" \/>\n<meta property=\"og:locale\" content=\"es_ES\" \/>\n<meta property=\"og:type\" content=\"article\" \/>\n<meta property=\"og:title\" content=\"El cuerpo flor: Etnograf\u00eda de una noci\u00f3n yoeme\" \/>\n<meta property=\"og:description\" content=\"EL CUERPO FLOR : ETNOGRAF\u00cdA DE UNA NOCI\u00d3N YOEME. \/ Mar\u00eda Eugenia Olavarr\u00eda, Cristina Aguilar, Enrica Merino. M\u00e9xico, D.F. : UAM-I ; Miguel Angel Porr\u00faa.\" \/>\n<meta property=\"og:url\" content=\"https:\/\/booksfrommexico.com\/es\/producto\/el-cuerpo-flor-etnografia-de-una-nocion-yoeme\/\" \/>\n<meta property=\"og:site_name\" content=\"Books From Mexico\" \/>\n<meta property=\"article:modified_time\" content=\"2024-10-23T22:28:59+00:00\" \/>\n<meta property=\"og:image\" content=\"http:\/\/booksfrommexico.com\/app\/uploads\/2023\/05\/142699.jpeg\" \/>\n\t<meta property=\"og:image:width\" content=\"395\" \/>\n\t<meta property=\"og:image:height\" content=\"597\" \/>\n\t<meta property=\"og:image:type\" content=\"image\/jpeg\" \/>\n<meta name=\"twitter:card\" content=\"summary_large_image\" \/>\n<meta name=\"twitter:label1\" content=\"Tiempo de lectura\" \/>\n\t<meta name=\"twitter:data1\" content=\"1 minuto\" \/>\n<script type=\"application\/ld+json\" class=\"yoast-schema-graph\">{\"@context\":\"https:\\\/\\\/schema.org\",\"@graph\":[{\"@type\":\"WebPage\",\"@id\":\"https:\\\/\\\/booksfrommexico.com\\\/es\\\/producto\\\/el-cuerpo-flor-etnografia-de-una-nocion-yoeme\\\/\",\"url\":\"https:\\\/\\\/booksfrommexico.com\\\/es\\\/producto\\\/el-cuerpo-flor-etnografia-de-una-nocion-yoeme\\\/\",\"name\":\"El cuerpo flor: Etnograf\u00eda de una noci\u00f3n yoeme\",\"isPartOf\":{\"@id\":\"https:\\\/\\\/booksfrommexico.com\\\/#website\"},\"primaryImageOfPage\":{\"@id\":\"https:\\\/\\\/booksfrommexico.com\\\/es\\\/producto\\\/el-cuerpo-flor-etnografia-de-una-nocion-yoeme\\\/#primaryimage\"},\"image\":{\"@id\":\"https:\\\/\\\/booksfrommexico.com\\\/es\\\/producto\\\/el-cuerpo-flor-etnografia-de-una-nocion-yoeme\\\/#primaryimage\"},\"thumbnailUrl\":\"https:\\\/\\\/booksfrommexico.com\\\/app\\\/uploads\\\/2023\\\/05\\\/142699.jpeg\",\"datePublished\":\"2023-05-08T17:07:48+00:00\",\"dateModified\":\"2024-10-23T22:28:59+00:00\",\"description\":\"EL CUERPO FLOR : ETNOGRAF\u00cdA DE UNA NOCI\u00d3N YOEME. \\\/ Mar\u00eda Eugenia Olavarr\u00eda, Cristina Aguilar, Enrica Merino. M\u00e9xico, D.F. : UAM-I ; Miguel Angel Porr\u00faa.\",\"breadcrumb\":{\"@id\":\"https:\\\/\\\/booksfrommexico.com\\\/es\\\/producto\\\/el-cuerpo-flor-etnografia-de-una-nocion-yoeme\\\/#breadcrumb\"},\"inLanguage\":\"es\",\"potentialAction\":[{\"@type\":\"ReadAction\",\"target\":[\"https:\\\/\\\/booksfrommexico.com\\\/es\\\/producto\\\/el-cuerpo-flor-etnografia-de-una-nocion-yoeme\\\/\"]}]},{\"@type\":\"ImageObject\",\"inLanguage\":\"es\",\"@id\":\"https:\\\/\\\/booksfrommexico.com\\\/es\\\/producto\\\/el-cuerpo-flor-etnografia-de-una-nocion-yoeme\\\/#primaryimage\",\"url\":\"https:\\\/\\\/booksfrommexico.com\\\/app\\\/uploads\\\/2023\\\/05\\\/142699.jpeg\",\"contentUrl\":\"https:\\\/\\\/booksfrommexico.com\\\/app\\\/uploads\\\/2023\\\/05\\\/142699.jpeg\",\"width\":395,\"height\":597,\"caption\":\"El Cuerpo flor. Etnograf\u00eda de una noci\u00f3n yoeme\"},{\"@type\":\"BreadcrumbList\",\"@id\":\"https:\\\/\\\/booksfrommexico.com\\\/es\\\/producto\\\/el-cuerpo-flor-etnografia-de-una-nocion-yoeme\\\/#breadcrumb\",\"itemListElement\":[{\"@type\":\"ListItem\",\"position\":1,\"name\":\"Home\",\"item\":\"https:\\\/\\\/booksfrommexico.com\\\/es\\\/\"},{\"@type\":\"ListItem\",\"position\":2,\"name\":\"Libros\",\"item\":\"https:\\\/\\\/booksfrommexico.com\\\/es\\\/libros\\\/\"},{\"@type\":\"ListItem\",\"position\":3,\"name\":\"El cuerpo flor: Etnograf\u00eda de una noci\u00f3n yoeme\"}]},{\"@type\":\"WebSite\",\"@id\":\"https:\\\/\\\/booksfrommexico.com\\\/#website\",\"url\":\"https:\\\/\\\/booksfrommexico.com\\\/\",\"name\":\"Books From Mexico\",\"description\":\"\",\"publisher\":{\"@id\":\"https:\\\/\\\/booksfrommexico.com\\\/#organization\"},\"potentialAction\":[{\"@type\":\"SearchAction\",\"target\":{\"@type\":\"EntryPoint\",\"urlTemplate\":\"https:\\\/\\\/booksfrommexico.com\\\/?s={search_term_string}\"},\"query-input\":{\"@type\":\"PropertyValueSpecification\",\"valueRequired\":true,\"valueName\":\"search_term_string\"}}],\"inLanguage\":\"es\"},{\"@type\":\"Organization\",\"@id\":\"https:\\\/\\\/booksfrommexico.com\\\/#organization\",\"name\":\"Books From Mexico\",\"url\":\"https:\\\/\\\/booksfrommexico.com\\\/\",\"logo\":{\"@type\":\"ImageObject\",\"inLanguage\":\"es\",\"@id\":\"https:\\\/\\\/booksfrommexico.com\\\/#\\\/schema\\\/logo\\\/image\\\/\",\"url\":\"https:\\\/\\\/booksfrommexico.com\\\/app\\\/uploads\\\/2023\\\/05\\\/logo-booksfrommexico.svg\",\"contentUrl\":\"https:\\\/\\\/booksfrommexico.com\\\/app\\\/uploads\\\/2023\\\/05\\\/logo-booksfrommexico.svg\",\"width\":86,\"height\":56,\"caption\":\"Books From Mexico\"},\"image\":{\"@id\":\"https:\\\/\\\/booksfrommexico.com\\\/#\\\/schema\\\/logo\\\/image\\\/\"}}]}<\/script>\n<!-- \/ Yoast SEO plugin. -->","yoast_head_json":{"title":"El cuerpo flor: Etnograf\u00eda de una noci\u00f3n yoeme","description":"EL CUERPO FLOR : ETNOGRAF\u00cdA DE UNA NOCI\u00d3N YOEME. \/ Mar\u00eda Eugenia Olavarr\u00eda, Cristina Aguilar, Enrica Merino. M\u00e9xico, D.F. : UAM-I ; Miguel Angel Porr\u00faa.","robots":{"index":"index","follow":"follow","max-snippet":"max-snippet:-1","max-image-preview":"max-image-preview:large","max-video-preview":"max-video-preview:-1"},"canonical":"https:\/\/booksfrommexico.com\/es\/producto\/el-cuerpo-flor-etnografia-de-una-nocion-yoeme\/","og_locale":"es_ES","og_type":"article","og_title":"El cuerpo flor: Etnograf\u00eda de una noci\u00f3n yoeme","og_description":"EL CUERPO FLOR : ETNOGRAF\u00cdA DE UNA NOCI\u00d3N YOEME. \/ Mar\u00eda Eugenia Olavarr\u00eda, Cristina Aguilar, Enrica Merino. M\u00e9xico, D.F. : UAM-I ; Miguel Angel Porr\u00faa.","og_url":"https:\/\/booksfrommexico.com\/es\/producto\/el-cuerpo-flor-etnografia-de-una-nocion-yoeme\/","og_site_name":"Books From Mexico","article_modified_time":"2024-10-23T22:28:59+00:00","og_image":[{"width":395,"height":597,"url":"http:\/\/booksfrommexico.com\/app\/uploads\/2023\/05\/142699.jpeg","type":"image\/jpeg"}],"twitter_card":"summary_large_image","twitter_misc":{"Tiempo de lectura":"1 minuto"},"schema":{"@context":"https:\/\/schema.org","@graph":[{"@type":"WebPage","@id":"https:\/\/booksfrommexico.com\/es\/producto\/el-cuerpo-flor-etnografia-de-una-nocion-yoeme\/","url":"https:\/\/booksfrommexico.com\/es\/producto\/el-cuerpo-flor-etnografia-de-una-nocion-yoeme\/","name":"El cuerpo flor: Etnograf\u00eda de una noci\u00f3n yoeme","isPartOf":{"@id":"https:\/\/booksfrommexico.com\/#website"},"primaryImageOfPage":{"@id":"https:\/\/booksfrommexico.com\/es\/producto\/el-cuerpo-flor-etnografia-de-una-nocion-yoeme\/#primaryimage"},"image":{"@id":"https:\/\/booksfrommexico.com\/es\/producto\/el-cuerpo-flor-etnografia-de-una-nocion-yoeme\/#primaryimage"},"thumbnailUrl":"https:\/\/booksfrommexico.com\/app\/uploads\/2023\/05\/142699.jpeg","datePublished":"2023-05-08T17:07:48+00:00","dateModified":"2024-10-23T22:28:59+00:00","description":"EL CUERPO FLOR : ETNOGRAF\u00cdA DE UNA NOCI\u00d3N YOEME. \/ Mar\u00eda Eugenia Olavarr\u00eda, Cristina Aguilar, Enrica Merino. M\u00e9xico, D.F. : UAM-I ; Miguel Angel Porr\u00faa.","breadcrumb":{"@id":"https:\/\/booksfrommexico.com\/es\/producto\/el-cuerpo-flor-etnografia-de-una-nocion-yoeme\/#breadcrumb"},"inLanguage":"es","potentialAction":[{"@type":"ReadAction","target":["https:\/\/booksfrommexico.com\/es\/producto\/el-cuerpo-flor-etnografia-de-una-nocion-yoeme\/"]}]},{"@type":"ImageObject","inLanguage":"es","@id":"https:\/\/booksfrommexico.com\/es\/producto\/el-cuerpo-flor-etnografia-de-una-nocion-yoeme\/#primaryimage","url":"https:\/\/booksfrommexico.com\/app\/uploads\/2023\/05\/142699.jpeg","contentUrl":"https:\/\/booksfrommexico.com\/app\/uploads\/2023\/05\/142699.jpeg","width":395,"height":597,"caption":"El Cuerpo flor. Etnograf\u00eda de una noci\u00f3n yoeme"},{"@type":"BreadcrumbList","@id":"https:\/\/booksfrommexico.com\/es\/producto\/el-cuerpo-flor-etnografia-de-una-nocion-yoeme\/#breadcrumb","itemListElement":[{"@type":"ListItem","position":1,"name":"Home","item":"https:\/\/booksfrommexico.com\/es\/"},{"@type":"ListItem","position":2,"name":"Libros","item":"https:\/\/booksfrommexico.com\/es\/libros\/"},{"@type":"ListItem","position":3,"name":"El cuerpo flor: Etnograf\u00eda de una noci\u00f3n yoeme"}]},{"@type":"WebSite","@id":"https:\/\/booksfrommexico.com\/#website","url":"https:\/\/booksfrommexico.com\/","name":"Books From Mexico","description":"","publisher":{"@id":"https:\/\/booksfrommexico.com\/#organization"},"potentialAction":[{"@type":"SearchAction","target":{"@type":"EntryPoint","urlTemplate":"https:\/\/booksfrommexico.com\/?s={search_term_string}"},"query-input":{"@type":"PropertyValueSpecification","valueRequired":true,"valueName":"search_term_string"}}],"inLanguage":"es"},{"@type":"Organization","@id":"https:\/\/booksfrommexico.com\/#organization","name":"Books From Mexico","url":"https:\/\/booksfrommexico.com\/","logo":{"@type":"ImageObject","inLanguage":"es","@id":"https:\/\/booksfrommexico.com\/#\/schema\/logo\/image\/","url":"https:\/\/booksfrommexico.com\/app\/uploads\/2023\/05\/logo-booksfrommexico.svg","contentUrl":"https:\/\/booksfrommexico.com\/app\/uploads\/2023\/05\/logo-booksfrommexico.svg","width":86,"height":56,"caption":"Books From Mexico"},"image":{"@id":"https:\/\/booksfrommexico.com\/#\/schema\/logo\/image\/"}}]}},"_links":{"self":[{"href":"https:\/\/booksfrommexico.com\/es\/wp-json\/wp\/v2\/product\/864","targetHints":{"allow":["GET"]}}],"collection":[{"href":"https:\/\/booksfrommexico.com\/es\/wp-json\/wp\/v2\/product"}],"about":[{"href":"https:\/\/booksfrommexico.com\/es\/wp-json\/wp\/v2\/types\/product"}],"wp:featuredmedia":[{"embeddable":true,"href":"https:\/\/booksfrommexico.com\/es\/wp-json\/wp\/v2\/media\/863"}],"wp:attachment":[{"href":"https:\/\/booksfrommexico.com\/es\/wp-json\/wp\/v2\/media?parent=864"}],"wp:term":[{"taxonomy":"product_brand","embeddable":true,"href":"https:\/\/booksfrommexico.com\/es\/wp-json\/wp\/v2\/product_brand?post=864"},{"taxonomy":"product_cat","embeddable":true,"href":"https:\/\/booksfrommexico.com\/es\/wp-json\/wp\/v2\/product_cat?post=864"},{"taxonomy":"product_tag","embeddable":true,"href":"https:\/\/booksfrommexico.com\/es\/wp-json\/wp\/v2\/product_tag?post=864"}],"curies":[{"name":"wp","href":"https:\/\/api.w.org\/{rel}","templated":true}]}}