{"id":866,"date":"2023-05-08T17:07:49","date_gmt":"2023-05-08T17:07:49","guid":{"rendered":"http:\/\/booksfrommexico.com\/product\/historia-de-la-escuela-nacional-de-bellas-artes-antigua-academia-de-san-carlos-1781-1910\/"},"modified":"2024-10-24T21:00:49","modified_gmt":"2024-10-24T21:00:49","slug":"historia-de-la-escuela-nacional-de-bellas-artes-antigua-academia-de-san-carlos-1781-1910","status":"publish","type":"product","link":"https:\/\/booksfrommexico.com\/es\/producto\/historia-de-la-escuela-nacional-de-bellas-artes-antigua-academia-de-san-carlos-1781-1910\/","title":{"rendered":"Historia de la Escuela Nacional de Bellas Artes: (Antigua Academia de San Carlos) 1781-1910"},"content":{"rendered":"<p><span style=\"font-weight: 400;\">Este t\u00edtulo, acompa\u00f1ado de fotograf\u00edas, tablas y reproducci\u00f3n de obras art\u00edsticas a color, se enfoca en desentra\u00f1ar la historia de la conocida como \u2013hasta el a\u00f1o de esta publicaci\u00f3n\u2013 Escuela Nacional de Artes Pl\u00e1sticas, narrando los aspectos de su organizaci\u00f3n acad\u00e9mica y administrativa, de su producci\u00f3n art\u00edstica a lo largo de los 127 a\u00f1os que da cuenta. Se contiene adem\u00e1s, la historia de su emblem\u00e1tico edificio, y contiene ap\u00e9ndices entre los que destaca el dedicado a los planes de estudio y el facsimilar de los Estatutos Reales de su fundaci\u00f3n. Esta escuela, desde sus inicios, ha estado en clara correlaci\u00f3n con los diversos momentos de la historia nacional, por lo cual conocer su historia es conocer a M\u00e9xico.<\/span><\/p>\n","protected":false},"excerpt":{"rendered":"<p>HISTORIA DE LA ESCUELA NACIONAL DE BELLAS ARTES : (ANTIGUA ACADEMIA DE SAN CARLOS) 1781-1910<span style=\"font-weight: 400;\">. \/ Eduardo B\u00e1ez Mac\u00edas M\u00e9xico, D.F. : Universidad Nacional Aut\u00f3noma de M\u00e9xico , Escuela Nacional de Artes Pl\u00e1sticas, 2009. 309 pages : color photos, tables, bibliographic notes, onomastic index, bibliography ; 30 cm. (Colecci\u00f3n Espiral). ISBN : 9786072000605.<\/span><\/p>\n","protected":false},"featured_media":865,"template":"","meta":{"_acf_changed":false,"inline_featured_image":false},"product_brand":[],"product_cat":[59,60,4267],"product_tag":[4044,4534,4398,4538],"class_list":{"0":"post-866","1":"product","2":"type-product","3":"status-publish","4":"has-post-thumbnail","6":"product_cat-educacion","7":"product_cat-historia-educacion","8":"product_cat-historia-del-arte","9":"product_tag-arte","10":"product_tag-arte-mexicano","11":"product_tag-historia-mexico","12":"product_tag-historia-del-arte","14":"first","15":"instock","16":"taxable","17":"shipping-taxable","18":"purchasable","19":"product-type-simple"},"acf":[],"yoast_head":"<!-- This site is optimized with the Yoast SEO plugin v27.3 - https:\/\/yoast.com\/product\/yoast-seo-wordpress\/ -->\n<title>Historia de la Escuela Nacional de Bellas Artes<\/title>\n<meta name=\"description\" content=\"HISTORIA DE LA ESCUELA NACIONAL DE BELLAS ARTES : (ANTIGUA ACADEMIA DE SAN CARLOS) 1781-1910. \/ Eduardo B\u00e1ez Mac\u00edas M\u00e9xico, D.F. : UNAM, 2009.\" \/>\n<meta name=\"robots\" content=\"index, follow, max-snippet:-1, max-image-preview:large, max-video-preview:-1\" \/>\n<link rel=\"canonical\" href=\"https:\/\/booksfrommexico.com\/es\/producto\/historia-de-la-escuela-nacional-de-bellas-artes-antigua-academia-de-san-carlos-1781-1910\/\" \/>\n<meta property=\"og:locale\" content=\"es_ES\" \/>\n<meta property=\"og:type\" content=\"article\" \/>\n<meta property=\"og:title\" content=\"Historia de la Escuela Nacional de Bellas Artes\" \/>\n<meta property=\"og:description\" content=\"HISTORIA DE LA ESCUELA NACIONAL DE BELLAS ARTES : (ANTIGUA ACADEMIA DE SAN CARLOS) 1781-1910. \/ Eduardo B\u00e1ez Mac\u00edas M\u00e9xico, D.F. : UNAM, 2009.\" \/>\n<meta property=\"og:url\" content=\"https:\/\/booksfrommexico.com\/es\/producto\/historia-de-la-escuela-nacional-de-bellas-artes-antigua-academia-de-san-carlos-1781-1910\/\" \/>\n<meta property=\"og:site_name\" content=\"Books From Mexico\" \/>\n<meta property=\"article:modified_time\" content=\"2024-10-24T21:00:49+00:00\" \/>\n<meta property=\"og:image\" content=\"http:\/\/booksfrommexico.com\/app\/uploads\/2023\/05\/142767.jpeg\" \/>\n\t<meta property=\"og:image:width\" content=\"599\" \/>\n\t<meta property=\"og:image:height\" content=\"863\" \/>\n\t<meta property=\"og:image:type\" content=\"image\/jpeg\" \/>\n<meta name=\"twitter:card\" content=\"summary_large_image\" \/>\n<meta name=\"twitter:label1\" content=\"Tiempo de lectura\" \/>\n\t<meta name=\"twitter:data1\" content=\"1 minuto\" \/>\n<script type=\"application\/ld+json\" class=\"yoast-schema-graph\">{\"@context\":\"https:\\\/\\\/schema.org\",\"@graph\":[{\"@type\":\"WebPage\",\"@id\":\"https:\\\/\\\/booksfrommexico.com\\\/es\\\/producto\\\/historia-de-la-escuela-nacional-de-bellas-artes-antigua-academia-de-san-carlos-1781-1910\\\/\",\"url\":\"https:\\\/\\\/booksfrommexico.com\\\/es\\\/producto\\\/historia-de-la-escuela-nacional-de-bellas-artes-antigua-academia-de-san-carlos-1781-1910\\\/\",\"name\":\"Historia de la Escuela Nacional de Bellas Artes\",\"isPartOf\":{\"@id\":\"https:\\\/\\\/booksfrommexico.com\\\/#website\"},\"primaryImageOfPage\":{\"@id\":\"https:\\\/\\\/booksfrommexico.com\\\/es\\\/producto\\\/historia-de-la-escuela-nacional-de-bellas-artes-antigua-academia-de-san-carlos-1781-1910\\\/#primaryimage\"},\"image\":{\"@id\":\"https:\\\/\\\/booksfrommexico.com\\\/es\\\/producto\\\/historia-de-la-escuela-nacional-de-bellas-artes-antigua-academia-de-san-carlos-1781-1910\\\/#primaryimage\"},\"thumbnailUrl\":\"https:\\\/\\\/booksfrommexico.com\\\/app\\\/uploads\\\/2023\\\/05\\\/142767.jpeg\",\"datePublished\":\"2023-05-08T17:07:49+00:00\",\"dateModified\":\"2024-10-24T21:00:49+00:00\",\"description\":\"HISTORIA DE LA ESCUELA NACIONAL DE BELLAS ARTES : (ANTIGUA ACADEMIA DE SAN CARLOS) 1781-1910. \\\/ Eduardo B\u00e1ez Mac\u00edas M\u00e9xico, D.F. : UNAM, 2009.\",\"breadcrumb\":{\"@id\":\"https:\\\/\\\/booksfrommexico.com\\\/es\\\/producto\\\/historia-de-la-escuela-nacional-de-bellas-artes-antigua-academia-de-san-carlos-1781-1910\\\/#breadcrumb\"},\"inLanguage\":\"es\",\"potentialAction\":[{\"@type\":\"ReadAction\",\"target\":[\"https:\\\/\\\/booksfrommexico.com\\\/es\\\/producto\\\/historia-de-la-escuela-nacional-de-bellas-artes-antigua-academia-de-san-carlos-1781-1910\\\/\"]}]},{\"@type\":\"ImageObject\",\"inLanguage\":\"es\",\"@id\":\"https:\\\/\\\/booksfrommexico.com\\\/es\\\/producto\\\/historia-de-la-escuela-nacional-de-bellas-artes-antigua-academia-de-san-carlos-1781-1910\\\/#primaryimage\",\"url\":\"https:\\\/\\\/booksfrommexico.com\\\/app\\\/uploads\\\/2023\\\/05\\\/142767.jpeg\",\"contentUrl\":\"https:\\\/\\\/booksfrommexico.com\\\/app\\\/uploads\\\/2023\\\/05\\\/142767.jpeg\",\"width\":599,\"height\":863,\"caption\":\"Historia de la escuela Nacional de Bellas Artes. Antigua academia de san Carlos, 1781-1910\"},{\"@type\":\"BreadcrumbList\",\"@id\":\"https:\\\/\\\/booksfrommexico.com\\\/es\\\/producto\\\/historia-de-la-escuela-nacional-de-bellas-artes-antigua-academia-de-san-carlos-1781-1910\\\/#breadcrumb\",\"itemListElement\":[{\"@type\":\"ListItem\",\"position\":1,\"name\":\"Home\",\"item\":\"https:\\\/\\\/booksfrommexico.com\\\/es\\\/\"},{\"@type\":\"ListItem\",\"position\":2,\"name\":\"Libros\",\"item\":\"https:\\\/\\\/booksfrommexico.com\\\/es\\\/libros\\\/\"},{\"@type\":\"ListItem\",\"position\":3,\"name\":\"Historia de la Escuela Nacional de Bellas Artes: (Antigua Academia de San Carlos) 1781-1910\"}]},{\"@type\":\"WebSite\",\"@id\":\"https:\\\/\\\/booksfrommexico.com\\\/#website\",\"url\":\"https:\\\/\\\/booksfrommexico.com\\\/\",\"name\":\"Books From Mexico\",\"description\":\"\",\"publisher\":{\"@id\":\"https:\\\/\\\/booksfrommexico.com\\\/#organization\"},\"potentialAction\":[{\"@type\":\"SearchAction\",\"target\":{\"@type\":\"EntryPoint\",\"urlTemplate\":\"https:\\\/\\\/booksfrommexico.com\\\/?s={search_term_string}\"},\"query-input\":{\"@type\":\"PropertyValueSpecification\",\"valueRequired\":true,\"valueName\":\"search_term_string\"}}],\"inLanguage\":\"es\"},{\"@type\":\"Organization\",\"@id\":\"https:\\\/\\\/booksfrommexico.com\\\/#organization\",\"name\":\"Books From Mexico\",\"url\":\"https:\\\/\\\/booksfrommexico.com\\\/\",\"logo\":{\"@type\":\"ImageObject\",\"inLanguage\":\"es\",\"@id\":\"https:\\\/\\\/booksfrommexico.com\\\/#\\\/schema\\\/logo\\\/image\\\/\",\"url\":\"https:\\\/\\\/booksfrommexico.com\\\/app\\\/uploads\\\/2023\\\/05\\\/logo-booksfrommexico.svg\",\"contentUrl\":\"https:\\\/\\\/booksfrommexico.com\\\/app\\\/uploads\\\/2023\\\/05\\\/logo-booksfrommexico.svg\",\"width\":86,\"height\":56,\"caption\":\"Books From Mexico\"},\"image\":{\"@id\":\"https:\\\/\\\/booksfrommexico.com\\\/#\\\/schema\\\/logo\\\/image\\\/\"}}]}<\/script>\n<!-- \/ Yoast SEO plugin. -->","yoast_head_json":{"title":"Historia de la Escuela Nacional de Bellas Artes","description":"HISTORIA DE LA ESCUELA NACIONAL DE BELLAS ARTES : (ANTIGUA ACADEMIA DE SAN CARLOS) 1781-1910. \/ Eduardo B\u00e1ez Mac\u00edas M\u00e9xico, D.F. : UNAM, 2009.","robots":{"index":"index","follow":"follow","max-snippet":"max-snippet:-1","max-image-preview":"max-image-preview:large","max-video-preview":"max-video-preview:-1"},"canonical":"https:\/\/booksfrommexico.com\/es\/producto\/historia-de-la-escuela-nacional-de-bellas-artes-antigua-academia-de-san-carlos-1781-1910\/","og_locale":"es_ES","og_type":"article","og_title":"Historia de la Escuela Nacional de Bellas Artes","og_description":"HISTORIA DE LA ESCUELA NACIONAL DE BELLAS ARTES : (ANTIGUA ACADEMIA DE SAN CARLOS) 1781-1910. \/ Eduardo B\u00e1ez Mac\u00edas M\u00e9xico, D.F. : UNAM, 2009.","og_url":"https:\/\/booksfrommexico.com\/es\/producto\/historia-de-la-escuela-nacional-de-bellas-artes-antigua-academia-de-san-carlos-1781-1910\/","og_site_name":"Books From Mexico","article_modified_time":"2024-10-24T21:00:49+00:00","og_image":[{"width":599,"height":863,"url":"http:\/\/booksfrommexico.com\/app\/uploads\/2023\/05\/142767.jpeg","type":"image\/jpeg"}],"twitter_card":"summary_large_image","twitter_misc":{"Tiempo de lectura":"1 minuto"},"schema":{"@context":"https:\/\/schema.org","@graph":[{"@type":"WebPage","@id":"https:\/\/booksfrommexico.com\/es\/producto\/historia-de-la-escuela-nacional-de-bellas-artes-antigua-academia-de-san-carlos-1781-1910\/","url":"https:\/\/booksfrommexico.com\/es\/producto\/historia-de-la-escuela-nacional-de-bellas-artes-antigua-academia-de-san-carlos-1781-1910\/","name":"Historia de la Escuela Nacional de Bellas Artes","isPartOf":{"@id":"https:\/\/booksfrommexico.com\/#website"},"primaryImageOfPage":{"@id":"https:\/\/booksfrommexico.com\/es\/producto\/historia-de-la-escuela-nacional-de-bellas-artes-antigua-academia-de-san-carlos-1781-1910\/#primaryimage"},"image":{"@id":"https:\/\/booksfrommexico.com\/es\/producto\/historia-de-la-escuela-nacional-de-bellas-artes-antigua-academia-de-san-carlos-1781-1910\/#primaryimage"},"thumbnailUrl":"https:\/\/booksfrommexico.com\/app\/uploads\/2023\/05\/142767.jpeg","datePublished":"2023-05-08T17:07:49+00:00","dateModified":"2024-10-24T21:00:49+00:00","description":"HISTORIA DE LA ESCUELA NACIONAL DE BELLAS ARTES : (ANTIGUA ACADEMIA DE SAN CARLOS) 1781-1910. \/ Eduardo B\u00e1ez Mac\u00edas M\u00e9xico, D.F. : UNAM, 2009.","breadcrumb":{"@id":"https:\/\/booksfrommexico.com\/es\/producto\/historia-de-la-escuela-nacional-de-bellas-artes-antigua-academia-de-san-carlos-1781-1910\/#breadcrumb"},"inLanguage":"es","potentialAction":[{"@type":"ReadAction","target":["https:\/\/booksfrommexico.com\/es\/producto\/historia-de-la-escuela-nacional-de-bellas-artes-antigua-academia-de-san-carlos-1781-1910\/"]}]},{"@type":"ImageObject","inLanguage":"es","@id":"https:\/\/booksfrommexico.com\/es\/producto\/historia-de-la-escuela-nacional-de-bellas-artes-antigua-academia-de-san-carlos-1781-1910\/#primaryimage","url":"https:\/\/booksfrommexico.com\/app\/uploads\/2023\/05\/142767.jpeg","contentUrl":"https:\/\/booksfrommexico.com\/app\/uploads\/2023\/05\/142767.jpeg","width":599,"height":863,"caption":"Historia de la escuela Nacional de Bellas Artes. Antigua academia de san Carlos, 1781-1910"},{"@type":"BreadcrumbList","@id":"https:\/\/booksfrommexico.com\/es\/producto\/historia-de-la-escuela-nacional-de-bellas-artes-antigua-academia-de-san-carlos-1781-1910\/#breadcrumb","itemListElement":[{"@type":"ListItem","position":1,"name":"Home","item":"https:\/\/booksfrommexico.com\/es\/"},{"@type":"ListItem","position":2,"name":"Libros","item":"https:\/\/booksfrommexico.com\/es\/libros\/"},{"@type":"ListItem","position":3,"name":"Historia de la Escuela Nacional de Bellas Artes: (Antigua Academia de San Carlos) 1781-1910"}]},{"@type":"WebSite","@id":"https:\/\/booksfrommexico.com\/#website","url":"https:\/\/booksfrommexico.com\/","name":"Books From Mexico","description":"","publisher":{"@id":"https:\/\/booksfrommexico.com\/#organization"},"potentialAction":[{"@type":"SearchAction","target":{"@type":"EntryPoint","urlTemplate":"https:\/\/booksfrommexico.com\/?s={search_term_string}"},"query-input":{"@type":"PropertyValueSpecification","valueRequired":true,"valueName":"search_term_string"}}],"inLanguage":"es"},{"@type":"Organization","@id":"https:\/\/booksfrommexico.com\/#organization","name":"Books From Mexico","url":"https:\/\/booksfrommexico.com\/","logo":{"@type":"ImageObject","inLanguage":"es","@id":"https:\/\/booksfrommexico.com\/#\/schema\/logo\/image\/","url":"https:\/\/booksfrommexico.com\/app\/uploads\/2023\/05\/logo-booksfrommexico.svg","contentUrl":"https:\/\/booksfrommexico.com\/app\/uploads\/2023\/05\/logo-booksfrommexico.svg","width":86,"height":56,"caption":"Books From Mexico"},"image":{"@id":"https:\/\/booksfrommexico.com\/#\/schema\/logo\/image\/"}}]}},"_links":{"self":[{"href":"https:\/\/booksfrommexico.com\/es\/wp-json\/wp\/v2\/product\/866","targetHints":{"allow":["GET"]}}],"collection":[{"href":"https:\/\/booksfrommexico.com\/es\/wp-json\/wp\/v2\/product"}],"about":[{"href":"https:\/\/booksfrommexico.com\/es\/wp-json\/wp\/v2\/types\/product"}],"wp:featuredmedia":[{"embeddable":true,"href":"https:\/\/booksfrommexico.com\/es\/wp-json\/wp\/v2\/media\/865"}],"wp:attachment":[{"href":"https:\/\/booksfrommexico.com\/es\/wp-json\/wp\/v2\/media?parent=866"}],"wp:term":[{"taxonomy":"product_brand","embeddable":true,"href":"https:\/\/booksfrommexico.com\/es\/wp-json\/wp\/v2\/product_brand?post=866"},{"taxonomy":"product_cat","embeddable":true,"href":"https:\/\/booksfrommexico.com\/es\/wp-json\/wp\/v2\/product_cat?post=866"},{"taxonomy":"product_tag","embeddable":true,"href":"https:\/\/booksfrommexico.com\/es\/wp-json\/wp\/v2\/product_tag?post=866"}],"curies":[{"name":"wp","href":"https:\/\/api.w.org\/{rel}","templated":true}]}}