{"id":87,"date":"2023-05-08T16:09:42","date_gmt":"2023-05-08T16:09:42","guid":{"rendered":"http:\/\/booksfrommexico.com\/product\/redes-y-negocios-globales-en-el-mundo-iberico-siglos-xvi-xviii\/"},"modified":"2024-10-31T22:50:06","modified_gmt":"2024-10-31T22:50:06","slug":"redes-y-negocios-globales-en-el-mundo-iberico-siglos-xvi-xviii","status":"publish","type":"product","link":"https:\/\/booksfrommexico.com\/es\/producto\/redes-y-negocios-globales-en-el-mundo-iberico-siglos-xvi-xviii\/","title":{"rendered":"Redes y negocios globales en el mundo ib\u00e9rico, siglos XVI-XVIII"},"content":{"rendered":"<p id=\"tw-target-text\" class=\"tw-data-text tw-text-large tw-ta\" dir=\"ltr\" data-placeholder=\"Traducci\u00f3n\" data-ved=\"2ahUKEwje7Jv-sPuCAxWGLkQIHSSZDxwQ3ewLegQIBRAQ\"><span style=\"font-weight: 400;\">El comercio desempe\u00f1\u00f3 una funci\u00f3n crucial en los imperios de la temprana \u00e9poca moderna cuando los comerciantes se convirtieron en los agentes principales de su expansi\u00f3n y de su mantenimiento, hilando redes que rebasaron y transgredieron fronteras pol\u00edticas y l\u00edmites de clase. Los diez ensayos reunidos en este volumen ilustran, cada uno desde su punto de vista, c\u00f3mo puede aprovecharse el concepto de red para analizar el comercio en el mundo ib\u00e9rico entre el siglo XVI y principios del XIX. Dada la complejidad de las relaciones que constituyen las redes mercantiles, su an\u00e1lisis comprende tanto factores econ\u00f3micos como sociales, pol\u00edticos y culturales. <\/span><\/p>\n","protected":false},"excerpt":{"rendered":"<p>REDES Y NEGOCIOS GLOBALES EN EL MUNDO IB\u00c9RICO, SIGLOS XVI-XVIII<span style=\"font-weight: 400;\">. \/ Nikolaus B\u00f6ttcher, Bernd Hausberger, Antonio Ibarra (coordinators). M\u00e9xico, D.F. : El Colegio de M\u00e9xico , Centro de Estudios Hist\u00f3ricos ; Madrid, Espa\u00f1a : Iberoamericana ; Frankfurt, Alemania : Vervuert, 2011. 309 pages : includes charts, tables, bibliographic notes, bibliography at the end of each chapter ; 22 cm. ISBN : 97860746522089 (COLMEX) ; 9788484895566 (Iberoamericana) ; 9783865276032 (Vervuert). <\/span><\/p>\n","protected":false},"featured_media":86,"template":"","meta":{"_acf_changed":false,"inline_featured_image":false},"product_brand":[],"product_cat":[47],"product_tag":[3620,3622,4404,3624],"class_list":{"0":"post-87","1":"product","2":"type-product","3":"status-publish","4":"has-post-thumbnail","6":"product_cat-economia","7":"product_tag-america-latina","8":"product_tag-comercio","9":"product_tag-economia","10":"product_tag-espana","12":"first","13":"instock","14":"taxable","15":"shipping-taxable","16":"purchasable","17":"product-type-simple"},"acf":[],"yoast_head":"<!-- This site is optimized with the Yoast SEO plugin v27.3 - https:\/\/yoast.com\/product\/yoast-seo-wordpress\/ -->\n<title>Redes y negocios globales en el mundo ib\u00e9rico, siglos XVI-XVIII<\/title>\n<meta name=\"description\" content=\"REDES Y NEGOCIOS GLOBALES EN EL MUNDO IB\u00c9RICO, SIGLOS XVI-XVIII. \/ Nikolaus B\u00f6ttcher, Bernd Hausberger, Antonio Ibarra (coordinators). 2011. 309 pages.\" \/>\n<meta name=\"robots\" content=\"index, follow, max-snippet:-1, max-image-preview:large, max-video-preview:-1\" \/>\n<link rel=\"canonical\" href=\"https:\/\/booksfrommexico.com\/es\/producto\/redes-y-negocios-globales-en-el-mundo-iberico-siglos-xvi-xviii\/\" \/>\n<meta property=\"og:locale\" content=\"es_ES\" \/>\n<meta property=\"og:type\" content=\"article\" \/>\n<meta property=\"og:title\" content=\"Redes y negocios globales en el mundo ib\u00e9rico, siglos XVI-XVIII\" \/>\n<meta property=\"og:description\" content=\"REDES Y NEGOCIOS GLOBALES EN EL MUNDO IB\u00c9RICO, SIGLOS XVI-XVIII. \/ Nikolaus B\u00f6ttcher, Bernd Hausberger, Antonio Ibarra (coordinators). 2011. 309 pages.\" \/>\n<meta property=\"og:url\" content=\"https:\/\/booksfrommexico.com\/es\/producto\/redes-y-negocios-globales-en-el-mundo-iberico-siglos-xvi-xviii\/\" \/>\n<meta property=\"og:site_name\" content=\"Books From Mexico\" \/>\n<meta property=\"article:modified_time\" content=\"2024-10-31T22:50:06+00:00\" \/>\n<meta property=\"og:image\" content=\"http:\/\/booksfrommexico.com\/app\/uploads\/2023\/05\/160613-pdf.jpg\" \/>\n\t<meta property=\"og:image:width\" content=\"721\" \/>\n\t<meta property=\"og:image:height\" content=\"1085\" \/>\n\t<meta property=\"og:image:type\" content=\"image\/jpeg\" \/>\n<meta name=\"twitter:card\" content=\"summary_large_image\" \/>\n<meta name=\"twitter:label1\" content=\"Tiempo de lectura\" \/>\n\t<meta name=\"twitter:data1\" content=\"1 minuto\" \/>\n<script type=\"application\/ld+json\" class=\"yoast-schema-graph\">{\"@context\":\"https:\\\/\\\/schema.org\",\"@graph\":[{\"@type\":\"WebPage\",\"@id\":\"https:\\\/\\\/booksfrommexico.com\\\/es\\\/producto\\\/redes-y-negocios-globales-en-el-mundo-iberico-siglos-xvi-xviii\\\/\",\"url\":\"https:\\\/\\\/booksfrommexico.com\\\/es\\\/producto\\\/redes-y-negocios-globales-en-el-mundo-iberico-siglos-xvi-xviii\\\/\",\"name\":\"Redes y negocios globales en el mundo ib\u00e9rico, siglos XVI-XVIII\",\"isPartOf\":{\"@id\":\"https:\\\/\\\/booksfrommexico.com\\\/#website\"},\"primaryImageOfPage\":{\"@id\":\"https:\\\/\\\/booksfrommexico.com\\\/es\\\/producto\\\/redes-y-negocios-globales-en-el-mundo-iberico-siglos-xvi-xviii\\\/#primaryimage\"},\"image\":{\"@id\":\"https:\\\/\\\/booksfrommexico.com\\\/es\\\/producto\\\/redes-y-negocios-globales-en-el-mundo-iberico-siglos-xvi-xviii\\\/#primaryimage\"},\"thumbnailUrl\":\"https:\\\/\\\/booksfrommexico.com\\\/app\\\/uploads\\\/2023\\\/05\\\/160613-pdf.jpg\",\"datePublished\":\"2023-05-08T16:09:42+00:00\",\"dateModified\":\"2024-10-31T22:50:06+00:00\",\"description\":\"REDES Y NEGOCIOS GLOBALES EN EL MUNDO IB\u00c9RICO, SIGLOS XVI-XVIII. \\\/ Nikolaus B\u00f6ttcher, Bernd Hausberger, Antonio Ibarra (coordinators). 2011. 309 pages.\",\"breadcrumb\":{\"@id\":\"https:\\\/\\\/booksfrommexico.com\\\/es\\\/producto\\\/redes-y-negocios-globales-en-el-mundo-iberico-siglos-xvi-xviii\\\/#breadcrumb\"},\"inLanguage\":\"es\",\"potentialAction\":[{\"@type\":\"ReadAction\",\"target\":[\"https:\\\/\\\/booksfrommexico.com\\\/es\\\/producto\\\/redes-y-negocios-globales-en-el-mundo-iberico-siglos-xvi-xviii\\\/\"]}]},{\"@type\":\"ImageObject\",\"inLanguage\":\"es\",\"@id\":\"https:\\\/\\\/booksfrommexico.com\\\/es\\\/producto\\\/redes-y-negocios-globales-en-el-mundo-iberico-siglos-xvi-xviii\\\/#primaryimage\",\"url\":\"https:\\\/\\\/booksfrommexico.com\\\/app\\\/uploads\\\/2023\\\/05\\\/160613-pdf.jpg\",\"contentUrl\":\"https:\\\/\\\/booksfrommexico.com\\\/app\\\/uploads\\\/2023\\\/05\\\/160613-pdf.jpg\",\"width\":721,\"height\":1085,\"caption\":\"REDES Y NEGOCIOS GLOBALES EN EL MUNDO IB\u00c9RICO, SIGLOS XVI-XVIII. economic history\"},{\"@type\":\"BreadcrumbList\",\"@id\":\"https:\\\/\\\/booksfrommexico.com\\\/es\\\/producto\\\/redes-y-negocios-globales-en-el-mundo-iberico-siglos-xvi-xviii\\\/#breadcrumb\",\"itemListElement\":[{\"@type\":\"ListItem\",\"position\":1,\"name\":\"Home\",\"item\":\"https:\\\/\\\/booksfrommexico.com\\\/es\\\/\"},{\"@type\":\"ListItem\",\"position\":2,\"name\":\"Libros\",\"item\":\"https:\\\/\\\/booksfrommexico.com\\\/es\\\/libros\\\/\"},{\"@type\":\"ListItem\",\"position\":3,\"name\":\"Redes y negocios globales en el mundo ib\u00e9rico, siglos XVI-XVIII\"}]},{\"@type\":\"WebSite\",\"@id\":\"https:\\\/\\\/booksfrommexico.com\\\/#website\",\"url\":\"https:\\\/\\\/booksfrommexico.com\\\/\",\"name\":\"Books From Mexico\",\"description\":\"\",\"publisher\":{\"@id\":\"https:\\\/\\\/booksfrommexico.com\\\/#organization\"},\"potentialAction\":[{\"@type\":\"SearchAction\",\"target\":{\"@type\":\"EntryPoint\",\"urlTemplate\":\"https:\\\/\\\/booksfrommexico.com\\\/?s={search_term_string}\"},\"query-input\":{\"@type\":\"PropertyValueSpecification\",\"valueRequired\":true,\"valueName\":\"search_term_string\"}}],\"inLanguage\":\"es\"},{\"@type\":\"Organization\",\"@id\":\"https:\\\/\\\/booksfrommexico.com\\\/#organization\",\"name\":\"Books From Mexico\",\"url\":\"https:\\\/\\\/booksfrommexico.com\\\/\",\"logo\":{\"@type\":\"ImageObject\",\"inLanguage\":\"es\",\"@id\":\"https:\\\/\\\/booksfrommexico.com\\\/#\\\/schema\\\/logo\\\/image\\\/\",\"url\":\"https:\\\/\\\/booksfrommexico.com\\\/app\\\/uploads\\\/2023\\\/05\\\/logo-booksfrommexico.svg\",\"contentUrl\":\"https:\\\/\\\/booksfrommexico.com\\\/app\\\/uploads\\\/2023\\\/05\\\/logo-booksfrommexico.svg\",\"width\":86,\"height\":56,\"caption\":\"Books From Mexico\"},\"image\":{\"@id\":\"https:\\\/\\\/booksfrommexico.com\\\/#\\\/schema\\\/logo\\\/image\\\/\"}}]}<\/script>\n<!-- \/ Yoast SEO plugin. -->","yoast_head_json":{"title":"Redes y negocios globales en el mundo ib\u00e9rico, siglos XVI-XVIII","description":"REDES Y NEGOCIOS GLOBALES EN EL MUNDO IB\u00c9RICO, SIGLOS XVI-XVIII. \/ Nikolaus B\u00f6ttcher, Bernd Hausberger, Antonio Ibarra (coordinators). 2011. 309 pages.","robots":{"index":"index","follow":"follow","max-snippet":"max-snippet:-1","max-image-preview":"max-image-preview:large","max-video-preview":"max-video-preview:-1"},"canonical":"https:\/\/booksfrommexico.com\/es\/producto\/redes-y-negocios-globales-en-el-mundo-iberico-siglos-xvi-xviii\/","og_locale":"es_ES","og_type":"article","og_title":"Redes y negocios globales en el mundo ib\u00e9rico, siglos XVI-XVIII","og_description":"REDES Y NEGOCIOS GLOBALES EN EL MUNDO IB\u00c9RICO, SIGLOS XVI-XVIII. \/ Nikolaus B\u00f6ttcher, Bernd Hausberger, Antonio Ibarra (coordinators). 2011. 309 pages.","og_url":"https:\/\/booksfrommexico.com\/es\/producto\/redes-y-negocios-globales-en-el-mundo-iberico-siglos-xvi-xviii\/","og_site_name":"Books From Mexico","article_modified_time":"2024-10-31T22:50:06+00:00","og_image":[{"width":721,"height":1085,"url":"http:\/\/booksfrommexico.com\/app\/uploads\/2023\/05\/160613-pdf.jpg","type":"image\/jpeg"}],"twitter_card":"summary_large_image","twitter_misc":{"Tiempo de lectura":"1 minuto"},"schema":{"@context":"https:\/\/schema.org","@graph":[{"@type":"WebPage","@id":"https:\/\/booksfrommexico.com\/es\/producto\/redes-y-negocios-globales-en-el-mundo-iberico-siglos-xvi-xviii\/","url":"https:\/\/booksfrommexico.com\/es\/producto\/redes-y-negocios-globales-en-el-mundo-iberico-siglos-xvi-xviii\/","name":"Redes y negocios globales en el mundo ib\u00e9rico, siglos XVI-XVIII","isPartOf":{"@id":"https:\/\/booksfrommexico.com\/#website"},"primaryImageOfPage":{"@id":"https:\/\/booksfrommexico.com\/es\/producto\/redes-y-negocios-globales-en-el-mundo-iberico-siglos-xvi-xviii\/#primaryimage"},"image":{"@id":"https:\/\/booksfrommexico.com\/es\/producto\/redes-y-negocios-globales-en-el-mundo-iberico-siglos-xvi-xviii\/#primaryimage"},"thumbnailUrl":"https:\/\/booksfrommexico.com\/app\/uploads\/2023\/05\/160613-pdf.jpg","datePublished":"2023-05-08T16:09:42+00:00","dateModified":"2024-10-31T22:50:06+00:00","description":"REDES Y NEGOCIOS GLOBALES EN EL MUNDO IB\u00c9RICO, SIGLOS XVI-XVIII. \/ Nikolaus B\u00f6ttcher, Bernd Hausberger, Antonio Ibarra (coordinators). 2011. 309 pages.","breadcrumb":{"@id":"https:\/\/booksfrommexico.com\/es\/producto\/redes-y-negocios-globales-en-el-mundo-iberico-siglos-xvi-xviii\/#breadcrumb"},"inLanguage":"es","potentialAction":[{"@type":"ReadAction","target":["https:\/\/booksfrommexico.com\/es\/producto\/redes-y-negocios-globales-en-el-mundo-iberico-siglos-xvi-xviii\/"]}]},{"@type":"ImageObject","inLanguage":"es","@id":"https:\/\/booksfrommexico.com\/es\/producto\/redes-y-negocios-globales-en-el-mundo-iberico-siglos-xvi-xviii\/#primaryimage","url":"https:\/\/booksfrommexico.com\/app\/uploads\/2023\/05\/160613-pdf.jpg","contentUrl":"https:\/\/booksfrommexico.com\/app\/uploads\/2023\/05\/160613-pdf.jpg","width":721,"height":1085,"caption":"REDES Y NEGOCIOS GLOBALES EN EL MUNDO IB\u00c9RICO, SIGLOS XVI-XVIII. economic history"},{"@type":"BreadcrumbList","@id":"https:\/\/booksfrommexico.com\/es\/producto\/redes-y-negocios-globales-en-el-mundo-iberico-siglos-xvi-xviii\/#breadcrumb","itemListElement":[{"@type":"ListItem","position":1,"name":"Home","item":"https:\/\/booksfrommexico.com\/es\/"},{"@type":"ListItem","position":2,"name":"Libros","item":"https:\/\/booksfrommexico.com\/es\/libros\/"},{"@type":"ListItem","position":3,"name":"Redes y negocios globales en el mundo ib\u00e9rico, siglos XVI-XVIII"}]},{"@type":"WebSite","@id":"https:\/\/booksfrommexico.com\/#website","url":"https:\/\/booksfrommexico.com\/","name":"Books From Mexico","description":"","publisher":{"@id":"https:\/\/booksfrommexico.com\/#organization"},"potentialAction":[{"@type":"SearchAction","target":{"@type":"EntryPoint","urlTemplate":"https:\/\/booksfrommexico.com\/?s={search_term_string}"},"query-input":{"@type":"PropertyValueSpecification","valueRequired":true,"valueName":"search_term_string"}}],"inLanguage":"es"},{"@type":"Organization","@id":"https:\/\/booksfrommexico.com\/#organization","name":"Books From Mexico","url":"https:\/\/booksfrommexico.com\/","logo":{"@type":"ImageObject","inLanguage":"es","@id":"https:\/\/booksfrommexico.com\/#\/schema\/logo\/image\/","url":"https:\/\/booksfrommexico.com\/app\/uploads\/2023\/05\/logo-booksfrommexico.svg","contentUrl":"https:\/\/booksfrommexico.com\/app\/uploads\/2023\/05\/logo-booksfrommexico.svg","width":86,"height":56,"caption":"Books From Mexico"},"image":{"@id":"https:\/\/booksfrommexico.com\/#\/schema\/logo\/image\/"}}]}},"_links":{"self":[{"href":"https:\/\/booksfrommexico.com\/es\/wp-json\/wp\/v2\/product\/87","targetHints":{"allow":["GET"]}}],"collection":[{"href":"https:\/\/booksfrommexico.com\/es\/wp-json\/wp\/v2\/product"}],"about":[{"href":"https:\/\/booksfrommexico.com\/es\/wp-json\/wp\/v2\/types\/product"}],"wp:featuredmedia":[{"embeddable":true,"href":"https:\/\/booksfrommexico.com\/es\/wp-json\/wp\/v2\/media\/86"}],"wp:attachment":[{"href":"https:\/\/booksfrommexico.com\/es\/wp-json\/wp\/v2\/media?parent=87"}],"wp:term":[{"taxonomy":"product_brand","embeddable":true,"href":"https:\/\/booksfrommexico.com\/es\/wp-json\/wp\/v2\/product_brand?post=87"},{"taxonomy":"product_cat","embeddable":true,"href":"https:\/\/booksfrommexico.com\/es\/wp-json\/wp\/v2\/product_cat?post=87"},{"taxonomy":"product_tag","embeddable":true,"href":"https:\/\/booksfrommexico.com\/es\/wp-json\/wp\/v2\/product_tag?post=87"}],"curies":[{"name":"wp","href":"https:\/\/api.w.org\/{rel}","templated":true}]}}