{"id":870,"date":"2023-05-08T17:07:53","date_gmt":"2023-05-08T17:07:53","guid":{"rendered":"http:\/\/booksfrommexico.com\/product\/maaya-tsiaak-medicina-maya-volumen-vii-continuidad-de-la-memoria-colectiva-del-pueblo-maya\/"},"modified":"2024-03-21T19:55:18","modified_gmt":"2024-03-21T19:55:18","slug":"maaya-tsiaak-medicina-maya-volumen-vii-continuidad-de-la-memoria-colectiva-del-pueblo-maya","status":"publish","type":"product","link":"https:\/\/booksfrommexico.com\/es\/producto\/maaya-tsiaak-medicina-maya-volumen-vii-continuidad-de-la-memoria-colectiva-del-pueblo-maya\/","title":{"rendered":"Maaya ts\u00efaak. Medicina maya, vol\u00famen VII"},"content":{"rendered":"","protected":false},"excerpt":{"rendered":"<p>Maaya ts\u00efaak. Medicina maya, vol\u00famen VII: Continuidad de la memoria colectiva del pueblo maya. Feliciano S\u00e1nchez Chan, coordinador. M\u00e9rida, Yucat\u00e1n: Miatzil Maay\u00e1a, 2008. 99 pages : 21 cm. \u00abNarrativa Maya\u00bb, 7. ISBN: 9789689315254<\/p>\n","protected":false},"featured_media":869,"template":"","meta":{"_acf_changed":false,"inline_featured_image":false},"product_brand":[],"product_cat":[1045,66],"product_tag":[],"class_list":{"0":"post-870","1":"product","2":"type-product","3":"status-publish","4":"has-post-thumbnail","6":"product_cat-medicina-tradicional","7":"product_cat-sociocultural","9":"first","10":"outofstock","11":"taxable","12":"shipping-taxable","13":"purchasable","14":"product-type-simple"},"acf":[],"yoast_head":"<!-- This site is optimized with the Yoast SEO plugin v27.3 - https:\/\/yoast.com\/product\/yoast-seo-wordpress\/ -->\n<title>Maaya ts\u00efaak. Medicina maya, vol\u00famen VII. Books From M\u00e9xico<\/title>\n<meta name=\"description\" content=\"Maaya ts\u00efaak. Medicina maya, vol\u00famen VII: Continuidad de la memoria colectiva del pueblo maya. Feliciano S\u00e1nchez Chan, coordinador. M\u00e9rida, Yucat\u00e1n\" \/>\n<meta name=\"robots\" content=\"index, follow, max-snippet:-1, max-image-preview:large, max-video-preview:-1\" \/>\n<link rel=\"canonical\" href=\"https:\/\/booksfrommexico.com\/es\/producto\/maaya-tsiaak-medicina-maya-volumen-vii-continuidad-de-la-memoria-colectiva-del-pueblo-maya\/\" \/>\n<meta property=\"og:locale\" content=\"es_ES\" \/>\n<meta property=\"og:type\" content=\"article\" \/>\n<meta property=\"og:title\" content=\"Maaya ts\u00efaak. Medicina maya, vol\u00famen VII. Books From M\u00e9xico\" \/>\n<meta property=\"og:description\" content=\"Maaya ts\u00efaak. Medicina maya, vol\u00famen VII: Continuidad de la memoria colectiva del pueblo maya. Feliciano S\u00e1nchez Chan, coordinador. M\u00e9rida, Yucat\u00e1n\" \/>\n<meta property=\"og:url\" content=\"https:\/\/booksfrommexico.com\/es\/producto\/maaya-tsiaak-medicina-maya-volumen-vii-continuidad-de-la-memoria-colectiva-del-pueblo-maya\/\" \/>\n<meta property=\"og:site_name\" content=\"Books From Mexico\" \/>\n<meta property=\"article:modified_time\" content=\"2024-03-21T19:55:18+00:00\" \/>\n<meta property=\"og:image\" content=\"http:\/\/booksfrommexico.com\/app\/uploads\/2023\/05\/142872.jpeg\" \/>\n\t<meta property=\"og:image:width\" content=\"382\" \/>\n\t<meta property=\"og:image:height\" content=\"596\" \/>\n\t<meta property=\"og:image:type\" content=\"image\/jpeg\" \/>\n<meta name=\"twitter:card\" content=\"summary_large_image\" \/>\n<meta name=\"twitter:label1\" content=\"Tiempo de lectura\" \/>\n\t<meta name=\"twitter:data1\" content=\"1 minuto\" \/>\n<script type=\"application\/ld+json\" class=\"yoast-schema-graph\">{\"@context\":\"https:\\\/\\\/schema.org\",\"@graph\":[{\"@type\":\"WebPage\",\"@id\":\"https:\\\/\\\/booksfrommexico.com\\\/es\\\/producto\\\/maaya-tsiaak-medicina-maya-volumen-vii-continuidad-de-la-memoria-colectiva-del-pueblo-maya\\\/\",\"url\":\"https:\\\/\\\/booksfrommexico.com\\\/es\\\/producto\\\/maaya-tsiaak-medicina-maya-volumen-vii-continuidad-de-la-memoria-colectiva-del-pueblo-maya\\\/\",\"name\":\"Maaya ts\u00efaak. Medicina maya, vol\u00famen VII. Books From M\u00e9xico\",\"isPartOf\":{\"@id\":\"https:\\\/\\\/booksfrommexico.com\\\/#website\"},\"primaryImageOfPage\":{\"@id\":\"https:\\\/\\\/booksfrommexico.com\\\/es\\\/producto\\\/maaya-tsiaak-medicina-maya-volumen-vii-continuidad-de-la-memoria-colectiva-del-pueblo-maya\\\/#primaryimage\"},\"image\":{\"@id\":\"https:\\\/\\\/booksfrommexico.com\\\/es\\\/producto\\\/maaya-tsiaak-medicina-maya-volumen-vii-continuidad-de-la-memoria-colectiva-del-pueblo-maya\\\/#primaryimage\"},\"thumbnailUrl\":\"https:\\\/\\\/booksfrommexico.com\\\/app\\\/uploads\\\/2023\\\/05\\\/142872.jpeg\",\"datePublished\":\"2023-05-08T17:07:53+00:00\",\"dateModified\":\"2024-03-21T19:55:18+00:00\",\"description\":\"Maaya ts\u00efaak. Medicina maya, vol\u00famen VII: Continuidad de la memoria colectiva del pueblo maya. Feliciano S\u00e1nchez Chan, coordinador. M\u00e9rida, Yucat\u00e1n\",\"breadcrumb\":{\"@id\":\"https:\\\/\\\/booksfrommexico.com\\\/es\\\/producto\\\/maaya-tsiaak-medicina-maya-volumen-vii-continuidad-de-la-memoria-colectiva-del-pueblo-maya\\\/#breadcrumb\"},\"inLanguage\":\"es\",\"potentialAction\":[{\"@type\":\"ReadAction\",\"target\":[\"https:\\\/\\\/booksfrommexico.com\\\/es\\\/producto\\\/maaya-tsiaak-medicina-maya-volumen-vii-continuidad-de-la-memoria-colectiva-del-pueblo-maya\\\/\"]}]},{\"@type\":\"ImageObject\",\"inLanguage\":\"es\",\"@id\":\"https:\\\/\\\/booksfrommexico.com\\\/es\\\/producto\\\/maaya-tsiaak-medicina-maya-volumen-vii-continuidad-de-la-memoria-colectiva-del-pueblo-maya\\\/#primaryimage\",\"url\":\"https:\\\/\\\/booksfrommexico.com\\\/app\\\/uploads\\\/2023\\\/05\\\/142872.jpeg\",\"contentUrl\":\"https:\\\/\\\/booksfrommexico.com\\\/app\\\/uploads\\\/2023\\\/05\\\/142872.jpeg\",\"width\":382,\"height\":596,\"caption\":\"Maaya ts\u00efaak. Medicina maya, vol\u00famen VII: Continuidad de la memoria colectiva del pueblo maya\"},{\"@type\":\"BreadcrumbList\",\"@id\":\"https:\\\/\\\/booksfrommexico.com\\\/es\\\/producto\\\/maaya-tsiaak-medicina-maya-volumen-vii-continuidad-de-la-memoria-colectiva-del-pueblo-maya\\\/#breadcrumb\",\"itemListElement\":[{\"@type\":\"ListItem\",\"position\":1,\"name\":\"Home\",\"item\":\"https:\\\/\\\/booksfrommexico.com\\\/es\\\/\"},{\"@type\":\"ListItem\",\"position\":2,\"name\":\"Libros\",\"item\":\"https:\\\/\\\/booksfrommexico.com\\\/es\\\/libros\\\/\"},{\"@type\":\"ListItem\",\"position\":3,\"name\":\"Maaya ts\u00efaak. Medicina maya, vol\u00famen VII\"}]},{\"@type\":\"WebSite\",\"@id\":\"https:\\\/\\\/booksfrommexico.com\\\/#website\",\"url\":\"https:\\\/\\\/booksfrommexico.com\\\/\",\"name\":\"Books From Mexico\",\"description\":\"\",\"publisher\":{\"@id\":\"https:\\\/\\\/booksfrommexico.com\\\/#organization\"},\"potentialAction\":[{\"@type\":\"SearchAction\",\"target\":{\"@type\":\"EntryPoint\",\"urlTemplate\":\"https:\\\/\\\/booksfrommexico.com\\\/?s={search_term_string}\"},\"query-input\":{\"@type\":\"PropertyValueSpecification\",\"valueRequired\":true,\"valueName\":\"search_term_string\"}}],\"inLanguage\":\"es\"},{\"@type\":\"Organization\",\"@id\":\"https:\\\/\\\/booksfrommexico.com\\\/#organization\",\"name\":\"Books From Mexico\",\"url\":\"https:\\\/\\\/booksfrommexico.com\\\/\",\"logo\":{\"@type\":\"ImageObject\",\"inLanguage\":\"es\",\"@id\":\"https:\\\/\\\/booksfrommexico.com\\\/#\\\/schema\\\/logo\\\/image\\\/\",\"url\":\"https:\\\/\\\/booksfrommexico.com\\\/app\\\/uploads\\\/2023\\\/05\\\/logo-booksfrommexico.svg\",\"contentUrl\":\"https:\\\/\\\/booksfrommexico.com\\\/app\\\/uploads\\\/2023\\\/05\\\/logo-booksfrommexico.svg\",\"width\":86,\"height\":56,\"caption\":\"Books From Mexico\"},\"image\":{\"@id\":\"https:\\\/\\\/booksfrommexico.com\\\/#\\\/schema\\\/logo\\\/image\\\/\"}}]}<\/script>\n<!-- \/ Yoast SEO plugin. -->","yoast_head_json":{"title":"Maaya ts\u00efaak. Medicina maya, vol\u00famen VII. Books From M\u00e9xico","description":"Maaya ts\u00efaak. Medicina maya, vol\u00famen VII: Continuidad de la memoria colectiva del pueblo maya. Feliciano S\u00e1nchez Chan, coordinador. M\u00e9rida, Yucat\u00e1n","robots":{"index":"index","follow":"follow","max-snippet":"max-snippet:-1","max-image-preview":"max-image-preview:large","max-video-preview":"max-video-preview:-1"},"canonical":"https:\/\/booksfrommexico.com\/es\/producto\/maaya-tsiaak-medicina-maya-volumen-vii-continuidad-de-la-memoria-colectiva-del-pueblo-maya\/","og_locale":"es_ES","og_type":"article","og_title":"Maaya ts\u00efaak. Medicina maya, vol\u00famen VII. Books From M\u00e9xico","og_description":"Maaya ts\u00efaak. Medicina maya, vol\u00famen VII: Continuidad de la memoria colectiva del pueblo maya. Feliciano S\u00e1nchez Chan, coordinador. M\u00e9rida, Yucat\u00e1n","og_url":"https:\/\/booksfrommexico.com\/es\/producto\/maaya-tsiaak-medicina-maya-volumen-vii-continuidad-de-la-memoria-colectiva-del-pueblo-maya\/","og_site_name":"Books From Mexico","article_modified_time":"2024-03-21T19:55:18+00:00","og_image":[{"width":382,"height":596,"url":"http:\/\/booksfrommexico.com\/app\/uploads\/2023\/05\/142872.jpeg","type":"image\/jpeg"}],"twitter_card":"summary_large_image","twitter_misc":{"Tiempo de lectura":"1 minuto"},"schema":{"@context":"https:\/\/schema.org","@graph":[{"@type":"WebPage","@id":"https:\/\/booksfrommexico.com\/es\/producto\/maaya-tsiaak-medicina-maya-volumen-vii-continuidad-de-la-memoria-colectiva-del-pueblo-maya\/","url":"https:\/\/booksfrommexico.com\/es\/producto\/maaya-tsiaak-medicina-maya-volumen-vii-continuidad-de-la-memoria-colectiva-del-pueblo-maya\/","name":"Maaya ts\u00efaak. Medicina maya, vol\u00famen VII. Books From M\u00e9xico","isPartOf":{"@id":"https:\/\/booksfrommexico.com\/#website"},"primaryImageOfPage":{"@id":"https:\/\/booksfrommexico.com\/es\/producto\/maaya-tsiaak-medicina-maya-volumen-vii-continuidad-de-la-memoria-colectiva-del-pueblo-maya\/#primaryimage"},"image":{"@id":"https:\/\/booksfrommexico.com\/es\/producto\/maaya-tsiaak-medicina-maya-volumen-vii-continuidad-de-la-memoria-colectiva-del-pueblo-maya\/#primaryimage"},"thumbnailUrl":"https:\/\/booksfrommexico.com\/app\/uploads\/2023\/05\/142872.jpeg","datePublished":"2023-05-08T17:07:53+00:00","dateModified":"2024-03-21T19:55:18+00:00","description":"Maaya ts\u00efaak. Medicina maya, vol\u00famen VII: Continuidad de la memoria colectiva del pueblo maya. Feliciano S\u00e1nchez Chan, coordinador. M\u00e9rida, Yucat\u00e1n","breadcrumb":{"@id":"https:\/\/booksfrommexico.com\/es\/producto\/maaya-tsiaak-medicina-maya-volumen-vii-continuidad-de-la-memoria-colectiva-del-pueblo-maya\/#breadcrumb"},"inLanguage":"es","potentialAction":[{"@type":"ReadAction","target":["https:\/\/booksfrommexico.com\/es\/producto\/maaya-tsiaak-medicina-maya-volumen-vii-continuidad-de-la-memoria-colectiva-del-pueblo-maya\/"]}]},{"@type":"ImageObject","inLanguage":"es","@id":"https:\/\/booksfrommexico.com\/es\/producto\/maaya-tsiaak-medicina-maya-volumen-vii-continuidad-de-la-memoria-colectiva-del-pueblo-maya\/#primaryimage","url":"https:\/\/booksfrommexico.com\/app\/uploads\/2023\/05\/142872.jpeg","contentUrl":"https:\/\/booksfrommexico.com\/app\/uploads\/2023\/05\/142872.jpeg","width":382,"height":596,"caption":"Maaya ts\u00efaak. Medicina maya, vol\u00famen VII: Continuidad de la memoria colectiva del pueblo maya"},{"@type":"BreadcrumbList","@id":"https:\/\/booksfrommexico.com\/es\/producto\/maaya-tsiaak-medicina-maya-volumen-vii-continuidad-de-la-memoria-colectiva-del-pueblo-maya\/#breadcrumb","itemListElement":[{"@type":"ListItem","position":1,"name":"Home","item":"https:\/\/booksfrommexico.com\/es\/"},{"@type":"ListItem","position":2,"name":"Libros","item":"https:\/\/booksfrommexico.com\/es\/libros\/"},{"@type":"ListItem","position":3,"name":"Maaya ts\u00efaak. Medicina maya, vol\u00famen VII"}]},{"@type":"WebSite","@id":"https:\/\/booksfrommexico.com\/#website","url":"https:\/\/booksfrommexico.com\/","name":"Books From Mexico","description":"","publisher":{"@id":"https:\/\/booksfrommexico.com\/#organization"},"potentialAction":[{"@type":"SearchAction","target":{"@type":"EntryPoint","urlTemplate":"https:\/\/booksfrommexico.com\/?s={search_term_string}"},"query-input":{"@type":"PropertyValueSpecification","valueRequired":true,"valueName":"search_term_string"}}],"inLanguage":"es"},{"@type":"Organization","@id":"https:\/\/booksfrommexico.com\/#organization","name":"Books From Mexico","url":"https:\/\/booksfrommexico.com\/","logo":{"@type":"ImageObject","inLanguage":"es","@id":"https:\/\/booksfrommexico.com\/#\/schema\/logo\/image\/","url":"https:\/\/booksfrommexico.com\/app\/uploads\/2023\/05\/logo-booksfrommexico.svg","contentUrl":"https:\/\/booksfrommexico.com\/app\/uploads\/2023\/05\/logo-booksfrommexico.svg","width":86,"height":56,"caption":"Books From Mexico"},"image":{"@id":"https:\/\/booksfrommexico.com\/#\/schema\/logo\/image\/"}}]}},"_links":{"self":[{"href":"https:\/\/booksfrommexico.com\/es\/wp-json\/wp\/v2\/product\/870","targetHints":{"allow":["GET"]}}],"collection":[{"href":"https:\/\/booksfrommexico.com\/es\/wp-json\/wp\/v2\/product"}],"about":[{"href":"https:\/\/booksfrommexico.com\/es\/wp-json\/wp\/v2\/types\/product"}],"wp:featuredmedia":[{"embeddable":true,"href":"https:\/\/booksfrommexico.com\/es\/wp-json\/wp\/v2\/media\/869"}],"wp:attachment":[{"href":"https:\/\/booksfrommexico.com\/es\/wp-json\/wp\/v2\/media?parent=870"}],"wp:term":[{"taxonomy":"product_brand","embeddable":true,"href":"https:\/\/booksfrommexico.com\/es\/wp-json\/wp\/v2\/product_brand?post=870"},{"taxonomy":"product_cat","embeddable":true,"href":"https:\/\/booksfrommexico.com\/es\/wp-json\/wp\/v2\/product_cat?post=870"},{"taxonomy":"product_tag","embeddable":true,"href":"https:\/\/booksfrommexico.com\/es\/wp-json\/wp\/v2\/product_tag?post=870"}],"curies":[{"name":"wp","href":"https:\/\/api.w.org\/{rel}","templated":true}]}}