{"id":876,"date":"2023-05-08T17:07:57","date_gmt":"2023-05-08T17:07:57","guid":{"rendered":"http:\/\/booksfrommexico.com\/product\/los-zoques-de-oaxaca-un-viaje-por-los-chimalapas\/"},"modified":"2023-11-03T15:51:17","modified_gmt":"2023-11-03T15:51:17","slug":"los-zoques-de-oaxaca-un-viaje-por-los-chimalapas","status":"publish","type":"product","link":"https:\/\/booksfrommexico.com\/es\/producto\/los-zoques-de-oaxaca-un-viaje-por-los-chimalapas\/","title":{"rendered":"Los Zoques de Oaxaca. Un viaje por los Chimalapas"},"content":{"rendered":"","protected":false},"excerpt":{"rendered":"<p>Leopoldo Trejo Barrientos, Marina Alonso Bola\u00f1os, coordinadores. M\u00e9xico, D.F.: Instituto Nacional de Antropolog\u00eda e Historia, 2008. 380 pages : 22 cm. \u00abColecci\u00f3n Etnograf\u00eda de los Pueblos Ind\u00edgenas de M\u00e9xico: Serie Estudios Monogr\u00e1ficos\u00bb. ISBN: 9789680303557<\/p>\n","protected":false},"featured_media":875,"template":"","meta":{"_acf_changed":false,"inline_featured_image":false},"product_brand":[],"product_cat":[66,372],"product_tag":[],"class_list":{"0":"post-876","1":"product","2":"type-product","3":"status-publish","4":"has-post-thumbnail","6":"product_cat-sociocultural","7":"product_cat-tradiciones-culturales","9":"first","10":"instock","11":"taxable","12":"shipping-taxable","13":"purchasable","14":"product-type-simple"},"acf":[],"yoast_head":"<!-- This site is optimized with the Yoast SEO plugin v27.3 - https:\/\/yoast.com\/product\/yoast-seo-wordpress\/ -->\n<title>Los Zoques de Oaxaca. Un viaje por los Chimalapas.<\/title>\n<meta name=\"description\" content=\"Los Zoques de Oaxaca. Un viaje por los Chimalapas. Leopoldo Trejo Barrientos, Marina Alonso Bola\u00f1os, coordinadores. M\u00e9xico, D.F.\" \/>\n<meta name=\"robots\" content=\"index, follow, max-snippet:-1, max-image-preview:large, max-video-preview:-1\" \/>\n<link rel=\"canonical\" href=\"https:\/\/booksfrommexico.com\/es\/producto\/los-zoques-de-oaxaca-un-viaje-por-los-chimalapas\/\" \/>\n<meta property=\"og:locale\" content=\"es_ES\" \/>\n<meta property=\"og:type\" content=\"article\" \/>\n<meta property=\"og:title\" content=\"Los Zoques de Oaxaca. Un viaje por los Chimalapas.\" \/>\n<meta property=\"og:description\" content=\"Los Zoques de Oaxaca. Un viaje por los Chimalapas. Leopoldo Trejo Barrientos, Marina Alonso Bola\u00f1os, coordinadores. M\u00e9xico, D.F.\" \/>\n<meta property=\"og:url\" content=\"https:\/\/booksfrommexico.com\/es\/producto\/los-zoques-de-oaxaca-un-viaje-por-los-chimalapas\/\" \/>\n<meta property=\"og:site_name\" content=\"Books From Mexico\" \/>\n<meta property=\"article:modified_time\" content=\"2023-11-03T15:51:17+00:00\" \/>\n<meta property=\"og:image\" content=\"http:\/\/booksfrommexico.com\/app\/uploads\/2023\/05\/144310.jpeg\" \/>\n\t<meta property=\"og:image:width\" content=\"424\" \/>\n\t<meta property=\"og:image:height\" content=\"624\" \/>\n\t<meta property=\"og:image:type\" content=\"image\/jpeg\" \/>\n<meta name=\"twitter:card\" content=\"summary_large_image\" \/>\n<script type=\"application\/ld+json\" class=\"yoast-schema-graph\">{\"@context\":\"https:\\\/\\\/schema.org\",\"@graph\":[{\"@type\":\"WebPage\",\"@id\":\"https:\\\/\\\/booksfrommexico.com\\\/es\\\/producto\\\/los-zoques-de-oaxaca-un-viaje-por-los-chimalapas\\\/\",\"url\":\"https:\\\/\\\/booksfrommexico.com\\\/es\\\/producto\\\/los-zoques-de-oaxaca-un-viaje-por-los-chimalapas\\\/\",\"name\":\"Los Zoques de Oaxaca. Un viaje por los Chimalapas.\",\"isPartOf\":{\"@id\":\"https:\\\/\\\/booksfrommexico.com\\\/#website\"},\"primaryImageOfPage\":{\"@id\":\"https:\\\/\\\/booksfrommexico.com\\\/es\\\/producto\\\/los-zoques-de-oaxaca-un-viaje-por-los-chimalapas\\\/#primaryimage\"},\"image\":{\"@id\":\"https:\\\/\\\/booksfrommexico.com\\\/es\\\/producto\\\/los-zoques-de-oaxaca-un-viaje-por-los-chimalapas\\\/#primaryimage\"},\"thumbnailUrl\":\"https:\\\/\\\/booksfrommexico.com\\\/app\\\/uploads\\\/2023\\\/05\\\/144310.jpeg\",\"datePublished\":\"2023-05-08T17:07:57+00:00\",\"dateModified\":\"2023-11-03T15:51:17+00:00\",\"description\":\"Los Zoques de Oaxaca. Un viaje por los Chimalapas. Leopoldo Trejo Barrientos, Marina Alonso Bola\u00f1os, coordinadores. M\u00e9xico, D.F.\",\"breadcrumb\":{\"@id\":\"https:\\\/\\\/booksfrommexico.com\\\/es\\\/producto\\\/los-zoques-de-oaxaca-un-viaje-por-los-chimalapas\\\/#breadcrumb\"},\"inLanguage\":\"es\",\"potentialAction\":[{\"@type\":\"ReadAction\",\"target\":[\"https:\\\/\\\/booksfrommexico.com\\\/es\\\/producto\\\/los-zoques-de-oaxaca-un-viaje-por-los-chimalapas\\\/\"]}]},{\"@type\":\"ImageObject\",\"inLanguage\":\"es\",\"@id\":\"https:\\\/\\\/booksfrommexico.com\\\/es\\\/producto\\\/los-zoques-de-oaxaca-un-viaje-por-los-chimalapas\\\/#primaryimage\",\"url\":\"https:\\\/\\\/booksfrommexico.com\\\/app\\\/uploads\\\/2023\\\/05\\\/144310.jpeg\",\"contentUrl\":\"https:\\\/\\\/booksfrommexico.com\\\/app\\\/uploads\\\/2023\\\/05\\\/144310.jpeg\",\"width\":424,\"height\":624,\"caption\":\"Los Zoques de Oaxaca. Un viaje por los Chimalapas\"},{\"@type\":\"BreadcrumbList\",\"@id\":\"https:\\\/\\\/booksfrommexico.com\\\/es\\\/producto\\\/los-zoques-de-oaxaca-un-viaje-por-los-chimalapas\\\/#breadcrumb\",\"itemListElement\":[{\"@type\":\"ListItem\",\"position\":1,\"name\":\"Home\",\"item\":\"https:\\\/\\\/booksfrommexico.com\\\/es\\\/\"},{\"@type\":\"ListItem\",\"position\":2,\"name\":\"Libros\",\"item\":\"https:\\\/\\\/booksfrommexico.com\\\/es\\\/libros\\\/\"},{\"@type\":\"ListItem\",\"position\":3,\"name\":\"Los Zoques de Oaxaca. Un viaje por los Chimalapas\"}]},{\"@type\":\"WebSite\",\"@id\":\"https:\\\/\\\/booksfrommexico.com\\\/#website\",\"url\":\"https:\\\/\\\/booksfrommexico.com\\\/\",\"name\":\"Books From Mexico\",\"description\":\"\",\"publisher\":{\"@id\":\"https:\\\/\\\/booksfrommexico.com\\\/#organization\"},\"potentialAction\":[{\"@type\":\"SearchAction\",\"target\":{\"@type\":\"EntryPoint\",\"urlTemplate\":\"https:\\\/\\\/booksfrommexico.com\\\/?s={search_term_string}\"},\"query-input\":{\"@type\":\"PropertyValueSpecification\",\"valueRequired\":true,\"valueName\":\"search_term_string\"}}],\"inLanguage\":\"es\"},{\"@type\":\"Organization\",\"@id\":\"https:\\\/\\\/booksfrommexico.com\\\/#organization\",\"name\":\"Books From Mexico\",\"url\":\"https:\\\/\\\/booksfrommexico.com\\\/\",\"logo\":{\"@type\":\"ImageObject\",\"inLanguage\":\"es\",\"@id\":\"https:\\\/\\\/booksfrommexico.com\\\/#\\\/schema\\\/logo\\\/image\\\/\",\"url\":\"https:\\\/\\\/booksfrommexico.com\\\/app\\\/uploads\\\/2023\\\/05\\\/logo-booksfrommexico.svg\",\"contentUrl\":\"https:\\\/\\\/booksfrommexico.com\\\/app\\\/uploads\\\/2023\\\/05\\\/logo-booksfrommexico.svg\",\"width\":86,\"height\":56,\"caption\":\"Books From Mexico\"},\"image\":{\"@id\":\"https:\\\/\\\/booksfrommexico.com\\\/#\\\/schema\\\/logo\\\/image\\\/\"}}]}<\/script>\n<!-- \/ Yoast SEO plugin. -->","yoast_head_json":{"title":"Los Zoques de Oaxaca. Un viaje por los Chimalapas.","description":"Los Zoques de Oaxaca. Un viaje por los Chimalapas. Leopoldo Trejo Barrientos, Marina Alonso Bola\u00f1os, coordinadores. M\u00e9xico, D.F.","robots":{"index":"index","follow":"follow","max-snippet":"max-snippet:-1","max-image-preview":"max-image-preview:large","max-video-preview":"max-video-preview:-1"},"canonical":"https:\/\/booksfrommexico.com\/es\/producto\/los-zoques-de-oaxaca-un-viaje-por-los-chimalapas\/","og_locale":"es_ES","og_type":"article","og_title":"Los Zoques de Oaxaca. Un viaje por los Chimalapas.","og_description":"Los Zoques de Oaxaca. Un viaje por los Chimalapas. Leopoldo Trejo Barrientos, Marina Alonso Bola\u00f1os, coordinadores. M\u00e9xico, D.F.","og_url":"https:\/\/booksfrommexico.com\/es\/producto\/los-zoques-de-oaxaca-un-viaje-por-los-chimalapas\/","og_site_name":"Books From Mexico","article_modified_time":"2023-11-03T15:51:17+00:00","og_image":[{"width":424,"height":624,"url":"http:\/\/booksfrommexico.com\/app\/uploads\/2023\/05\/144310.jpeg","type":"image\/jpeg"}],"twitter_card":"summary_large_image","schema":{"@context":"https:\/\/schema.org","@graph":[{"@type":"WebPage","@id":"https:\/\/booksfrommexico.com\/es\/producto\/los-zoques-de-oaxaca-un-viaje-por-los-chimalapas\/","url":"https:\/\/booksfrommexico.com\/es\/producto\/los-zoques-de-oaxaca-un-viaje-por-los-chimalapas\/","name":"Los Zoques de Oaxaca. Un viaje por los Chimalapas.","isPartOf":{"@id":"https:\/\/booksfrommexico.com\/#website"},"primaryImageOfPage":{"@id":"https:\/\/booksfrommexico.com\/es\/producto\/los-zoques-de-oaxaca-un-viaje-por-los-chimalapas\/#primaryimage"},"image":{"@id":"https:\/\/booksfrommexico.com\/es\/producto\/los-zoques-de-oaxaca-un-viaje-por-los-chimalapas\/#primaryimage"},"thumbnailUrl":"https:\/\/booksfrommexico.com\/app\/uploads\/2023\/05\/144310.jpeg","datePublished":"2023-05-08T17:07:57+00:00","dateModified":"2023-11-03T15:51:17+00:00","description":"Los Zoques de Oaxaca. Un viaje por los Chimalapas. Leopoldo Trejo Barrientos, Marina Alonso Bola\u00f1os, coordinadores. M\u00e9xico, D.F.","breadcrumb":{"@id":"https:\/\/booksfrommexico.com\/es\/producto\/los-zoques-de-oaxaca-un-viaje-por-los-chimalapas\/#breadcrumb"},"inLanguage":"es","potentialAction":[{"@type":"ReadAction","target":["https:\/\/booksfrommexico.com\/es\/producto\/los-zoques-de-oaxaca-un-viaje-por-los-chimalapas\/"]}]},{"@type":"ImageObject","inLanguage":"es","@id":"https:\/\/booksfrommexico.com\/es\/producto\/los-zoques-de-oaxaca-un-viaje-por-los-chimalapas\/#primaryimage","url":"https:\/\/booksfrommexico.com\/app\/uploads\/2023\/05\/144310.jpeg","contentUrl":"https:\/\/booksfrommexico.com\/app\/uploads\/2023\/05\/144310.jpeg","width":424,"height":624,"caption":"Los Zoques de Oaxaca. Un viaje por los Chimalapas"},{"@type":"BreadcrumbList","@id":"https:\/\/booksfrommexico.com\/es\/producto\/los-zoques-de-oaxaca-un-viaje-por-los-chimalapas\/#breadcrumb","itemListElement":[{"@type":"ListItem","position":1,"name":"Home","item":"https:\/\/booksfrommexico.com\/es\/"},{"@type":"ListItem","position":2,"name":"Libros","item":"https:\/\/booksfrommexico.com\/es\/libros\/"},{"@type":"ListItem","position":3,"name":"Los Zoques de Oaxaca. Un viaje por los Chimalapas"}]},{"@type":"WebSite","@id":"https:\/\/booksfrommexico.com\/#website","url":"https:\/\/booksfrommexico.com\/","name":"Books From Mexico","description":"","publisher":{"@id":"https:\/\/booksfrommexico.com\/#organization"},"potentialAction":[{"@type":"SearchAction","target":{"@type":"EntryPoint","urlTemplate":"https:\/\/booksfrommexico.com\/?s={search_term_string}"},"query-input":{"@type":"PropertyValueSpecification","valueRequired":true,"valueName":"search_term_string"}}],"inLanguage":"es"},{"@type":"Organization","@id":"https:\/\/booksfrommexico.com\/#organization","name":"Books From Mexico","url":"https:\/\/booksfrommexico.com\/","logo":{"@type":"ImageObject","inLanguage":"es","@id":"https:\/\/booksfrommexico.com\/#\/schema\/logo\/image\/","url":"https:\/\/booksfrommexico.com\/app\/uploads\/2023\/05\/logo-booksfrommexico.svg","contentUrl":"https:\/\/booksfrommexico.com\/app\/uploads\/2023\/05\/logo-booksfrommexico.svg","width":86,"height":56,"caption":"Books From Mexico"},"image":{"@id":"https:\/\/booksfrommexico.com\/#\/schema\/logo\/image\/"}}]}},"_links":{"self":[{"href":"https:\/\/booksfrommexico.com\/es\/wp-json\/wp\/v2\/product\/876","targetHints":{"allow":["GET"]}}],"collection":[{"href":"https:\/\/booksfrommexico.com\/es\/wp-json\/wp\/v2\/product"}],"about":[{"href":"https:\/\/booksfrommexico.com\/es\/wp-json\/wp\/v2\/types\/product"}],"wp:featuredmedia":[{"embeddable":true,"href":"https:\/\/booksfrommexico.com\/es\/wp-json\/wp\/v2\/media\/875"}],"wp:attachment":[{"href":"https:\/\/booksfrommexico.com\/es\/wp-json\/wp\/v2\/media?parent=876"}],"wp:term":[{"taxonomy":"product_brand","embeddable":true,"href":"https:\/\/booksfrommexico.com\/es\/wp-json\/wp\/v2\/product_brand?post=876"},{"taxonomy":"product_cat","embeddable":true,"href":"https:\/\/booksfrommexico.com\/es\/wp-json\/wp\/v2\/product_cat?post=876"},{"taxonomy":"product_tag","embeddable":true,"href":"https:\/\/booksfrommexico.com\/es\/wp-json\/wp\/v2\/product_tag?post=876"}],"curies":[{"name":"wp","href":"https:\/\/api.w.org\/{rel}","templated":true}]}}