{"id":878,"date":"2023-05-08T17:07:59","date_gmt":"2023-05-08T17:07:59","guid":{"rendered":"http:\/\/booksfrommexico.com\/product\/inmigracion-laboral-africana-en-la-peninsula-iberica-2\/"},"modified":"2024-10-02T23:04:35","modified_gmt":"2024-10-02T23:04:35","slug":"inmigracion-laboral-africana-en-la-peninsula-iberica-2","status":"publish","type":"product","link":"https:\/\/booksfrommexico.com\/es\/producto\/inmigracion-laboral-africana-en-la-peninsula-iberica-2\/","title":{"rendered":"Inmigraci\u00f3n laboral africana en la Pen\u00ednsula Ib\u00e9rica"},"content":{"rendered":"","protected":false},"excerpt":{"rendered":"<p>Crist\u00f3bal Mendoza; Jos\u00e9 Dom\u00ednguez, Eduardo Neve, traductores. M\u00e9xico, D.F.: Universidad Aut\u00f3noma Metropolitana, Unidad Iztapalapa, 2009. 315 pages : 23 cm. \u00abColecci\u00f3n Desarrollo y Migraci\u00f3n\u00bb. ISBN: 9786074010541<\/p>\n","protected":false},"featured_media":877,"template":"","meta":{"_acf_changed":false,"inline_featured_image":false},"product_brand":[],"product_cat":[42],"product_tag":[],"class_list":{"0":"post-878","1":"product","2":"type-product","3":"status-publish","4":"has-post-thumbnail","6":"product_cat-temas-de-inmigracion-y-migraciones-humanas","8":"first","9":"outofstock","10":"taxable","11":"shipping-taxable","12":"purchasable","13":"product-type-simple"},"acf":[],"yoast_head":"<!-- This site is optimized with the Yoast SEO plugin v27.3 - https:\/\/yoast.com\/product\/yoast-seo-wordpress\/ -->\n<title>Inmigraci\u00f3n laboral africana en la Pen\u00ednsula Ib\u00e9rica.<\/title>\n<meta name=\"description\" content=\"Inmigraci\u00f3n laboral africana en la Pen\u00ednsula Ib\u00e9rica. Crist\u00f3bal Mendoza; Jos\u00e9 Dom\u00ednguez, Eduardo Neve, traductores. M\u00e9xico, D.F.\" \/>\n<meta name=\"robots\" content=\"index, follow, max-snippet:-1, max-image-preview:large, max-video-preview:-1\" \/>\n<link rel=\"canonical\" href=\"https:\/\/booksfrommexico.com\/es\/producto\/inmigracion-laboral-africana-en-la-peninsula-iberica-2\/\" \/>\n<meta property=\"og:locale\" content=\"es_ES\" \/>\n<meta property=\"og:type\" content=\"article\" \/>\n<meta property=\"og:title\" content=\"Inmigraci\u00f3n laboral africana en la Pen\u00ednsula Ib\u00e9rica.\" \/>\n<meta property=\"og:description\" content=\"Inmigraci\u00f3n laboral africana en la Pen\u00ednsula Ib\u00e9rica. Crist\u00f3bal Mendoza; Jos\u00e9 Dom\u00ednguez, Eduardo Neve, traductores. M\u00e9xico, D.F.\" \/>\n<meta property=\"og:url\" content=\"https:\/\/booksfrommexico.com\/es\/producto\/inmigracion-laboral-africana-en-la-peninsula-iberica-2\/\" \/>\n<meta property=\"og:site_name\" content=\"Books From Mexico\" \/>\n<meta property=\"article:modified_time\" content=\"2024-10-02T23:04:35+00:00\" \/>\n<meta property=\"og:image\" content=\"http:\/\/booksfrommexico.com\/app\/uploads\/2023\/05\/144256.jpeg\" \/>\n\t<meta property=\"og:image:width\" content=\"473\" \/>\n\t<meta property=\"og:image:height\" content=\"654\" \/>\n\t<meta property=\"og:image:type\" content=\"image\/jpeg\" \/>\n<meta name=\"twitter:card\" content=\"summary_large_image\" \/>\n<meta name=\"twitter:label1\" content=\"Tiempo de lectura\" \/>\n\t<meta name=\"twitter:data1\" content=\"1 minuto\" \/>\n<script type=\"application\/ld+json\" class=\"yoast-schema-graph\">{\"@context\":\"https:\\\/\\\/schema.org\",\"@graph\":[{\"@type\":\"WebPage\",\"@id\":\"https:\\\/\\\/booksfrommexico.com\\\/es\\\/producto\\\/inmigracion-laboral-africana-en-la-peninsula-iberica-2\\\/\",\"url\":\"https:\\\/\\\/booksfrommexico.com\\\/es\\\/producto\\\/inmigracion-laboral-africana-en-la-peninsula-iberica-2\\\/\",\"name\":\"Inmigraci\u00f3n laboral africana en la Pen\u00ednsula Ib\u00e9rica.\",\"isPartOf\":{\"@id\":\"https:\\\/\\\/booksfrommexico.com\\\/#website\"},\"primaryImageOfPage\":{\"@id\":\"https:\\\/\\\/booksfrommexico.com\\\/es\\\/producto\\\/inmigracion-laboral-africana-en-la-peninsula-iberica-2\\\/#primaryimage\"},\"image\":{\"@id\":\"https:\\\/\\\/booksfrommexico.com\\\/es\\\/producto\\\/inmigracion-laboral-africana-en-la-peninsula-iberica-2\\\/#primaryimage\"},\"thumbnailUrl\":\"https:\\\/\\\/booksfrommexico.com\\\/app\\\/uploads\\\/2023\\\/05\\\/144256.jpeg\",\"datePublished\":\"2023-05-08T17:07:59+00:00\",\"dateModified\":\"2024-10-02T23:04:35+00:00\",\"description\":\"Inmigraci\u00f3n laboral africana en la Pen\u00ednsula Ib\u00e9rica. Crist\u00f3bal Mendoza; Jos\u00e9 Dom\u00ednguez, Eduardo Neve, traductores. M\u00e9xico, D.F.\",\"breadcrumb\":{\"@id\":\"https:\\\/\\\/booksfrommexico.com\\\/es\\\/producto\\\/inmigracion-laboral-africana-en-la-peninsula-iberica-2\\\/#breadcrumb\"},\"inLanguage\":\"es\",\"potentialAction\":[{\"@type\":\"ReadAction\",\"target\":[\"https:\\\/\\\/booksfrommexico.com\\\/es\\\/producto\\\/inmigracion-laboral-africana-en-la-peninsula-iberica-2\\\/\"]}]},{\"@type\":\"ImageObject\",\"inLanguage\":\"es\",\"@id\":\"https:\\\/\\\/booksfrommexico.com\\\/es\\\/producto\\\/inmigracion-laboral-africana-en-la-peninsula-iberica-2\\\/#primaryimage\",\"url\":\"https:\\\/\\\/booksfrommexico.com\\\/app\\\/uploads\\\/2023\\\/05\\\/144256.jpeg\",\"contentUrl\":\"https:\\\/\\\/booksfrommexico.com\\\/app\\\/uploads\\\/2023\\\/05\\\/144256.jpeg\",\"width\":473,\"height\":654,\"caption\":\"Inmigraci\u00f3n laboral africana en la Pen\u00ednsula Ib\u00e9rica\"},{\"@type\":\"BreadcrumbList\",\"@id\":\"https:\\\/\\\/booksfrommexico.com\\\/es\\\/producto\\\/inmigracion-laboral-africana-en-la-peninsula-iberica-2\\\/#breadcrumb\",\"itemListElement\":[{\"@type\":\"ListItem\",\"position\":1,\"name\":\"Home\",\"item\":\"https:\\\/\\\/booksfrommexico.com\\\/es\\\/\"},{\"@type\":\"ListItem\",\"position\":2,\"name\":\"Libros\",\"item\":\"https:\\\/\\\/booksfrommexico.com\\\/es\\\/libros\\\/\"},{\"@type\":\"ListItem\",\"position\":3,\"name\":\"Inmigraci\u00f3n laboral africana en la Pen\u00ednsula Ib\u00e9rica\"}]},{\"@type\":\"WebSite\",\"@id\":\"https:\\\/\\\/booksfrommexico.com\\\/#website\",\"url\":\"https:\\\/\\\/booksfrommexico.com\\\/\",\"name\":\"Books From Mexico\",\"description\":\"\",\"publisher\":{\"@id\":\"https:\\\/\\\/booksfrommexico.com\\\/#organization\"},\"potentialAction\":[{\"@type\":\"SearchAction\",\"target\":{\"@type\":\"EntryPoint\",\"urlTemplate\":\"https:\\\/\\\/booksfrommexico.com\\\/?s={search_term_string}\"},\"query-input\":{\"@type\":\"PropertyValueSpecification\",\"valueRequired\":true,\"valueName\":\"search_term_string\"}}],\"inLanguage\":\"es\"},{\"@type\":\"Organization\",\"@id\":\"https:\\\/\\\/booksfrommexico.com\\\/#organization\",\"name\":\"Books From Mexico\",\"url\":\"https:\\\/\\\/booksfrommexico.com\\\/\",\"logo\":{\"@type\":\"ImageObject\",\"inLanguage\":\"es\",\"@id\":\"https:\\\/\\\/booksfrommexico.com\\\/#\\\/schema\\\/logo\\\/image\\\/\",\"url\":\"https:\\\/\\\/booksfrommexico.com\\\/app\\\/uploads\\\/2023\\\/05\\\/logo-booksfrommexico.svg\",\"contentUrl\":\"https:\\\/\\\/booksfrommexico.com\\\/app\\\/uploads\\\/2023\\\/05\\\/logo-booksfrommexico.svg\",\"width\":86,\"height\":56,\"caption\":\"Books From Mexico\"},\"image\":{\"@id\":\"https:\\\/\\\/booksfrommexico.com\\\/#\\\/schema\\\/logo\\\/image\\\/\"}}]}<\/script>\n<!-- \/ Yoast SEO plugin. -->","yoast_head_json":{"title":"Inmigraci\u00f3n laboral africana en la Pen\u00ednsula Ib\u00e9rica.","description":"Inmigraci\u00f3n laboral africana en la Pen\u00ednsula Ib\u00e9rica. Crist\u00f3bal Mendoza; Jos\u00e9 Dom\u00ednguez, Eduardo Neve, traductores. M\u00e9xico, D.F.","robots":{"index":"index","follow":"follow","max-snippet":"max-snippet:-1","max-image-preview":"max-image-preview:large","max-video-preview":"max-video-preview:-1"},"canonical":"https:\/\/booksfrommexico.com\/es\/producto\/inmigracion-laboral-africana-en-la-peninsula-iberica-2\/","og_locale":"es_ES","og_type":"article","og_title":"Inmigraci\u00f3n laboral africana en la Pen\u00ednsula Ib\u00e9rica.","og_description":"Inmigraci\u00f3n laboral africana en la Pen\u00ednsula Ib\u00e9rica. Crist\u00f3bal Mendoza; Jos\u00e9 Dom\u00ednguez, Eduardo Neve, traductores. M\u00e9xico, D.F.","og_url":"https:\/\/booksfrommexico.com\/es\/producto\/inmigracion-laboral-africana-en-la-peninsula-iberica-2\/","og_site_name":"Books From Mexico","article_modified_time":"2024-10-02T23:04:35+00:00","og_image":[{"width":473,"height":654,"url":"http:\/\/booksfrommexico.com\/app\/uploads\/2023\/05\/144256.jpeg","type":"image\/jpeg"}],"twitter_card":"summary_large_image","twitter_misc":{"Tiempo de lectura":"1 minuto"},"schema":{"@context":"https:\/\/schema.org","@graph":[{"@type":"WebPage","@id":"https:\/\/booksfrommexico.com\/es\/producto\/inmigracion-laboral-africana-en-la-peninsula-iberica-2\/","url":"https:\/\/booksfrommexico.com\/es\/producto\/inmigracion-laboral-africana-en-la-peninsula-iberica-2\/","name":"Inmigraci\u00f3n laboral africana en la Pen\u00ednsula Ib\u00e9rica.","isPartOf":{"@id":"https:\/\/booksfrommexico.com\/#website"},"primaryImageOfPage":{"@id":"https:\/\/booksfrommexico.com\/es\/producto\/inmigracion-laboral-africana-en-la-peninsula-iberica-2\/#primaryimage"},"image":{"@id":"https:\/\/booksfrommexico.com\/es\/producto\/inmigracion-laboral-africana-en-la-peninsula-iberica-2\/#primaryimage"},"thumbnailUrl":"https:\/\/booksfrommexico.com\/app\/uploads\/2023\/05\/144256.jpeg","datePublished":"2023-05-08T17:07:59+00:00","dateModified":"2024-10-02T23:04:35+00:00","description":"Inmigraci\u00f3n laboral africana en la Pen\u00ednsula Ib\u00e9rica. Crist\u00f3bal Mendoza; Jos\u00e9 Dom\u00ednguez, Eduardo Neve, traductores. M\u00e9xico, D.F.","breadcrumb":{"@id":"https:\/\/booksfrommexico.com\/es\/producto\/inmigracion-laboral-africana-en-la-peninsula-iberica-2\/#breadcrumb"},"inLanguage":"es","potentialAction":[{"@type":"ReadAction","target":["https:\/\/booksfrommexico.com\/es\/producto\/inmigracion-laboral-africana-en-la-peninsula-iberica-2\/"]}]},{"@type":"ImageObject","inLanguage":"es","@id":"https:\/\/booksfrommexico.com\/es\/producto\/inmigracion-laboral-africana-en-la-peninsula-iberica-2\/#primaryimage","url":"https:\/\/booksfrommexico.com\/app\/uploads\/2023\/05\/144256.jpeg","contentUrl":"https:\/\/booksfrommexico.com\/app\/uploads\/2023\/05\/144256.jpeg","width":473,"height":654,"caption":"Inmigraci\u00f3n laboral africana en la Pen\u00ednsula Ib\u00e9rica"},{"@type":"BreadcrumbList","@id":"https:\/\/booksfrommexico.com\/es\/producto\/inmigracion-laboral-africana-en-la-peninsula-iberica-2\/#breadcrumb","itemListElement":[{"@type":"ListItem","position":1,"name":"Home","item":"https:\/\/booksfrommexico.com\/es\/"},{"@type":"ListItem","position":2,"name":"Libros","item":"https:\/\/booksfrommexico.com\/es\/libros\/"},{"@type":"ListItem","position":3,"name":"Inmigraci\u00f3n laboral africana en la Pen\u00ednsula Ib\u00e9rica"}]},{"@type":"WebSite","@id":"https:\/\/booksfrommexico.com\/#website","url":"https:\/\/booksfrommexico.com\/","name":"Books From Mexico","description":"","publisher":{"@id":"https:\/\/booksfrommexico.com\/#organization"},"potentialAction":[{"@type":"SearchAction","target":{"@type":"EntryPoint","urlTemplate":"https:\/\/booksfrommexico.com\/?s={search_term_string}"},"query-input":{"@type":"PropertyValueSpecification","valueRequired":true,"valueName":"search_term_string"}}],"inLanguage":"es"},{"@type":"Organization","@id":"https:\/\/booksfrommexico.com\/#organization","name":"Books From Mexico","url":"https:\/\/booksfrommexico.com\/","logo":{"@type":"ImageObject","inLanguage":"es","@id":"https:\/\/booksfrommexico.com\/#\/schema\/logo\/image\/","url":"https:\/\/booksfrommexico.com\/app\/uploads\/2023\/05\/logo-booksfrommexico.svg","contentUrl":"https:\/\/booksfrommexico.com\/app\/uploads\/2023\/05\/logo-booksfrommexico.svg","width":86,"height":56,"caption":"Books From Mexico"},"image":{"@id":"https:\/\/booksfrommexico.com\/#\/schema\/logo\/image\/"}}]}},"_links":{"self":[{"href":"https:\/\/booksfrommexico.com\/es\/wp-json\/wp\/v2\/product\/878","targetHints":{"allow":["GET"]}}],"collection":[{"href":"https:\/\/booksfrommexico.com\/es\/wp-json\/wp\/v2\/product"}],"about":[{"href":"https:\/\/booksfrommexico.com\/es\/wp-json\/wp\/v2\/types\/product"}],"wp:featuredmedia":[{"embeddable":true,"href":"https:\/\/booksfrommexico.com\/es\/wp-json\/wp\/v2\/media\/877"}],"wp:attachment":[{"href":"https:\/\/booksfrommexico.com\/es\/wp-json\/wp\/v2\/media?parent=878"}],"wp:term":[{"taxonomy":"product_brand","embeddable":true,"href":"https:\/\/booksfrommexico.com\/es\/wp-json\/wp\/v2\/product_brand?post=878"},{"taxonomy":"product_cat","embeddable":true,"href":"https:\/\/booksfrommexico.com\/es\/wp-json\/wp\/v2\/product_cat?post=878"},{"taxonomy":"product_tag","embeddable":true,"href":"https:\/\/booksfrommexico.com\/es\/wp-json\/wp\/v2\/product_tag?post=878"}],"curies":[{"name":"wp","href":"https:\/\/api.w.org\/{rel}","templated":true}]}}