{"id":884,"date":"2023-05-08T17:08:05","date_gmt":"2023-05-08T17:08:05","guid":{"rendered":"http:\/\/booksfrommexico.com\/product\/voine-loiiletik-xchiiuk-chiiel-kiopojel-ta-slumal-chamoi-relatos-y-vivencias-de-chamula\/"},"modified":"2023-11-03T15:44:27","modified_gmt":"2023-11-03T15:44:27","slug":"voine-loiiletik-xchiiuk-chiiel-kiopojel-ta-slumal-chamoi-relatos-y-vivencias-de-chamula","status":"publish","type":"product","link":"https:\/\/booksfrommexico.com\/es\/producto\/voine-loiiletik-xchiiuk-chiiel-kiopojel-ta-slumal-chamoi-relatos-y-vivencias-de-chamula\/","title":{"rendered":"Vo\u00efne lo\u00efiletik xchi\u00efuk ch\u00efiel k\u00efopojel ta slumal Chamo\u00ef"},"content":{"rendered":"","protected":false},"excerpt":{"rendered":"<p>Vo\u00efne lo\u00efiletik xchi\u00efuk ch\u00efiel k\u00efopojel ta slumal Chamo\u00ef. Relatos y vivencias de Chamula. Socorro G\u00f3mez Hern\u00e1ndez, Jos\u00e9 Leopoldo Hern\u00e1ndez Hern\u00e1ndez. Chiapas, M\u00e9xico: Centro Estatal de Lenguas, Arte y Literatura Ind\u00edgenas, 2007. 109 pages : 19 cm. \u00abTraducciones\u00bb. ISBN: 9706971750<\/p>\n","protected":false},"featured_media":883,"template":"","meta":{"_acf_changed":false,"inline_featured_image":false},"product_brand":[],"product_cat":[25],"product_tag":[],"class_list":{"0":"post-884","1":"product","2":"type-product","3":"status-publish","4":"has-post-thumbnail","6":"product_cat-literatura","8":"first","9":"instock","10":"taxable","11":"shipping-taxable","12":"purchasable","13":"product-type-simple"},"acf":[],"yoast_head":"<!-- This site is optimized with the Yoast SEO plugin v27.3 - https:\/\/yoast.com\/product\/yoast-seo-wordpress\/ -->\n<title>BFM: Vo\u00efne lo\u00efiletik xchi\u00efuk ch\u00efiel k\u00efopojel ta slumal Chamo\u00ef<\/title>\n<meta name=\"description\" content=\"Vo\u00efne lo\u00efiletik xchi\u00efuk ch\u00efiel k\u00efopojel ta slumal Chamo\u00ef. Relatos y vivencias de Chamula. Socorro G\u00f3mez Hern\u00e1ndez, Jos\u00e9 Leopoldo Hern\u00e1ndez Hern\u00e1ndez.\" \/>\n<meta name=\"robots\" content=\"index, follow, max-snippet:-1, max-image-preview:large, max-video-preview:-1\" \/>\n<link rel=\"canonical\" href=\"https:\/\/booksfrommexico.com\/es\/producto\/voine-loiiletik-xchiiuk-chiiel-kiopojel-ta-slumal-chamoi-relatos-y-vivencias-de-chamula\/\" \/>\n<meta property=\"og:locale\" content=\"es_ES\" \/>\n<meta property=\"og:type\" content=\"article\" \/>\n<meta property=\"og:title\" content=\"BFM: Vo\u00efne lo\u00efiletik xchi\u00efuk ch\u00efiel k\u00efopojel ta slumal Chamo\u00ef\" \/>\n<meta property=\"og:description\" content=\"Vo\u00efne lo\u00efiletik xchi\u00efuk ch\u00efiel k\u00efopojel ta slumal Chamo\u00ef. Relatos y vivencias de Chamula. Socorro G\u00f3mez Hern\u00e1ndez, Jos\u00e9 Leopoldo Hern\u00e1ndez Hern\u00e1ndez.\" \/>\n<meta property=\"og:url\" content=\"https:\/\/booksfrommexico.com\/es\/producto\/voine-loiiletik-xchiiuk-chiiel-kiopojel-ta-slumal-chamoi-relatos-y-vivencias-de-chamula\/\" \/>\n<meta property=\"og:site_name\" content=\"Books From Mexico\" \/>\n<meta property=\"article:modified_time\" content=\"2023-11-03T15:44:27+00:00\" \/>\n<meta property=\"og:image\" content=\"http:\/\/booksfrommexico.com\/app\/uploads\/2023\/05\/143702.jpeg\" \/>\n\t<meta property=\"og:image:width\" content=\"368\" \/>\n\t<meta property=\"og:image:height\" content=\"537\" \/>\n\t<meta property=\"og:image:type\" content=\"image\/jpeg\" \/>\n<meta name=\"twitter:card\" content=\"summary_large_image\" \/>\n<script type=\"application\/ld+json\" class=\"yoast-schema-graph\">{\"@context\":\"https:\\\/\\\/schema.org\",\"@graph\":[{\"@type\":\"WebPage\",\"@id\":\"https:\\\/\\\/booksfrommexico.com\\\/es\\\/producto\\\/voine-loiiletik-xchiiuk-chiiel-kiopojel-ta-slumal-chamoi-relatos-y-vivencias-de-chamula\\\/\",\"url\":\"https:\\\/\\\/booksfrommexico.com\\\/es\\\/producto\\\/voine-loiiletik-xchiiuk-chiiel-kiopojel-ta-slumal-chamoi-relatos-y-vivencias-de-chamula\\\/\",\"name\":\"BFM: Vo\u00efne lo\u00efiletik xchi\u00efuk ch\u00efiel k\u00efopojel ta slumal Chamo\u00ef\",\"isPartOf\":{\"@id\":\"https:\\\/\\\/booksfrommexico.com\\\/#website\"},\"primaryImageOfPage\":{\"@id\":\"https:\\\/\\\/booksfrommexico.com\\\/es\\\/producto\\\/voine-loiiletik-xchiiuk-chiiel-kiopojel-ta-slumal-chamoi-relatos-y-vivencias-de-chamula\\\/#primaryimage\"},\"image\":{\"@id\":\"https:\\\/\\\/booksfrommexico.com\\\/es\\\/producto\\\/voine-loiiletik-xchiiuk-chiiel-kiopojel-ta-slumal-chamoi-relatos-y-vivencias-de-chamula\\\/#primaryimage\"},\"thumbnailUrl\":\"https:\\\/\\\/booksfrommexico.com\\\/app\\\/uploads\\\/2023\\\/05\\\/143702.jpeg\",\"datePublished\":\"2023-05-08T17:08:05+00:00\",\"dateModified\":\"2023-11-03T15:44:27+00:00\",\"description\":\"Vo\u00efne lo\u00efiletik xchi\u00efuk ch\u00efiel k\u00efopojel ta slumal Chamo\u00ef. Relatos y vivencias de Chamula. Socorro G\u00f3mez Hern\u00e1ndez, Jos\u00e9 Leopoldo Hern\u00e1ndez Hern\u00e1ndez.\",\"breadcrumb\":{\"@id\":\"https:\\\/\\\/booksfrommexico.com\\\/es\\\/producto\\\/voine-loiiletik-xchiiuk-chiiel-kiopojel-ta-slumal-chamoi-relatos-y-vivencias-de-chamula\\\/#breadcrumb\"},\"inLanguage\":\"es\",\"potentialAction\":[{\"@type\":\"ReadAction\",\"target\":[\"https:\\\/\\\/booksfrommexico.com\\\/es\\\/producto\\\/voine-loiiletik-xchiiuk-chiiel-kiopojel-ta-slumal-chamoi-relatos-y-vivencias-de-chamula\\\/\"]}]},{\"@type\":\"ImageObject\",\"inLanguage\":\"es\",\"@id\":\"https:\\\/\\\/booksfrommexico.com\\\/es\\\/producto\\\/voine-loiiletik-xchiiuk-chiiel-kiopojel-ta-slumal-chamoi-relatos-y-vivencias-de-chamula\\\/#primaryimage\",\"url\":\"https:\\\/\\\/booksfrommexico.com\\\/app\\\/uploads\\\/2023\\\/05\\\/143702.jpeg\",\"contentUrl\":\"https:\\\/\\\/booksfrommexico.com\\\/app\\\/uploads\\\/2023\\\/05\\\/143702.jpeg\",\"width\":368,\"height\":537,\"caption\":\"Vo\u00efne lo\u00efiletik xchi\u00efuk ch\u00efiel k\u00efopojel ta slumal Chamo\u00ef. Relatos y vivencias de Chamula\"},{\"@type\":\"BreadcrumbList\",\"@id\":\"https:\\\/\\\/booksfrommexico.com\\\/es\\\/producto\\\/voine-loiiletik-xchiiuk-chiiel-kiopojel-ta-slumal-chamoi-relatos-y-vivencias-de-chamula\\\/#breadcrumb\",\"itemListElement\":[{\"@type\":\"ListItem\",\"position\":1,\"name\":\"Home\",\"item\":\"https:\\\/\\\/booksfrommexico.com\\\/es\\\/\"},{\"@type\":\"ListItem\",\"position\":2,\"name\":\"Libros\",\"item\":\"https:\\\/\\\/booksfrommexico.com\\\/es\\\/libros\\\/\"},{\"@type\":\"ListItem\",\"position\":3,\"name\":\"Vo\u00efne lo\u00efiletik xchi\u00efuk ch\u00efiel k\u00efopojel ta slumal Chamo\u00ef\"}]},{\"@type\":\"WebSite\",\"@id\":\"https:\\\/\\\/booksfrommexico.com\\\/#website\",\"url\":\"https:\\\/\\\/booksfrommexico.com\\\/\",\"name\":\"Books From Mexico\",\"description\":\"\",\"publisher\":{\"@id\":\"https:\\\/\\\/booksfrommexico.com\\\/#organization\"},\"potentialAction\":[{\"@type\":\"SearchAction\",\"target\":{\"@type\":\"EntryPoint\",\"urlTemplate\":\"https:\\\/\\\/booksfrommexico.com\\\/?s={search_term_string}\"},\"query-input\":{\"@type\":\"PropertyValueSpecification\",\"valueRequired\":true,\"valueName\":\"search_term_string\"}}],\"inLanguage\":\"es\"},{\"@type\":\"Organization\",\"@id\":\"https:\\\/\\\/booksfrommexico.com\\\/#organization\",\"name\":\"Books From Mexico\",\"url\":\"https:\\\/\\\/booksfrommexico.com\\\/\",\"logo\":{\"@type\":\"ImageObject\",\"inLanguage\":\"es\",\"@id\":\"https:\\\/\\\/booksfrommexico.com\\\/#\\\/schema\\\/logo\\\/image\\\/\",\"url\":\"https:\\\/\\\/booksfrommexico.com\\\/app\\\/uploads\\\/2023\\\/05\\\/logo-booksfrommexico.svg\",\"contentUrl\":\"https:\\\/\\\/booksfrommexico.com\\\/app\\\/uploads\\\/2023\\\/05\\\/logo-booksfrommexico.svg\",\"width\":86,\"height\":56,\"caption\":\"Books From Mexico\"},\"image\":{\"@id\":\"https:\\\/\\\/booksfrommexico.com\\\/#\\\/schema\\\/logo\\\/image\\\/\"}}]}<\/script>\n<!-- \/ Yoast SEO plugin. -->","yoast_head_json":{"title":"BFM: Vo\u00efne lo\u00efiletik xchi\u00efuk ch\u00efiel k\u00efopojel ta slumal Chamo\u00ef","description":"Vo\u00efne lo\u00efiletik xchi\u00efuk ch\u00efiel k\u00efopojel ta slumal Chamo\u00ef. Relatos y vivencias de Chamula. Socorro G\u00f3mez Hern\u00e1ndez, Jos\u00e9 Leopoldo Hern\u00e1ndez Hern\u00e1ndez.","robots":{"index":"index","follow":"follow","max-snippet":"max-snippet:-1","max-image-preview":"max-image-preview:large","max-video-preview":"max-video-preview:-1"},"canonical":"https:\/\/booksfrommexico.com\/es\/producto\/voine-loiiletik-xchiiuk-chiiel-kiopojel-ta-slumal-chamoi-relatos-y-vivencias-de-chamula\/","og_locale":"es_ES","og_type":"article","og_title":"BFM: Vo\u00efne lo\u00efiletik xchi\u00efuk ch\u00efiel k\u00efopojel ta slumal Chamo\u00ef","og_description":"Vo\u00efne lo\u00efiletik xchi\u00efuk ch\u00efiel k\u00efopojel ta slumal Chamo\u00ef. Relatos y vivencias de Chamula. Socorro G\u00f3mez Hern\u00e1ndez, Jos\u00e9 Leopoldo Hern\u00e1ndez Hern\u00e1ndez.","og_url":"https:\/\/booksfrommexico.com\/es\/producto\/voine-loiiletik-xchiiuk-chiiel-kiopojel-ta-slumal-chamoi-relatos-y-vivencias-de-chamula\/","og_site_name":"Books From Mexico","article_modified_time":"2023-11-03T15:44:27+00:00","og_image":[{"width":368,"height":537,"url":"http:\/\/booksfrommexico.com\/app\/uploads\/2023\/05\/143702.jpeg","type":"image\/jpeg"}],"twitter_card":"summary_large_image","schema":{"@context":"https:\/\/schema.org","@graph":[{"@type":"WebPage","@id":"https:\/\/booksfrommexico.com\/es\/producto\/voine-loiiletik-xchiiuk-chiiel-kiopojel-ta-slumal-chamoi-relatos-y-vivencias-de-chamula\/","url":"https:\/\/booksfrommexico.com\/es\/producto\/voine-loiiletik-xchiiuk-chiiel-kiopojel-ta-slumal-chamoi-relatos-y-vivencias-de-chamula\/","name":"BFM: Vo\u00efne lo\u00efiletik xchi\u00efuk ch\u00efiel k\u00efopojel ta slumal Chamo\u00ef","isPartOf":{"@id":"https:\/\/booksfrommexico.com\/#website"},"primaryImageOfPage":{"@id":"https:\/\/booksfrommexico.com\/es\/producto\/voine-loiiletik-xchiiuk-chiiel-kiopojel-ta-slumal-chamoi-relatos-y-vivencias-de-chamula\/#primaryimage"},"image":{"@id":"https:\/\/booksfrommexico.com\/es\/producto\/voine-loiiletik-xchiiuk-chiiel-kiopojel-ta-slumal-chamoi-relatos-y-vivencias-de-chamula\/#primaryimage"},"thumbnailUrl":"https:\/\/booksfrommexico.com\/app\/uploads\/2023\/05\/143702.jpeg","datePublished":"2023-05-08T17:08:05+00:00","dateModified":"2023-11-03T15:44:27+00:00","description":"Vo\u00efne lo\u00efiletik xchi\u00efuk ch\u00efiel k\u00efopojel ta slumal Chamo\u00ef. Relatos y vivencias de Chamula. Socorro G\u00f3mez Hern\u00e1ndez, Jos\u00e9 Leopoldo Hern\u00e1ndez Hern\u00e1ndez.","breadcrumb":{"@id":"https:\/\/booksfrommexico.com\/es\/producto\/voine-loiiletik-xchiiuk-chiiel-kiopojel-ta-slumal-chamoi-relatos-y-vivencias-de-chamula\/#breadcrumb"},"inLanguage":"es","potentialAction":[{"@type":"ReadAction","target":["https:\/\/booksfrommexico.com\/es\/producto\/voine-loiiletik-xchiiuk-chiiel-kiopojel-ta-slumal-chamoi-relatos-y-vivencias-de-chamula\/"]}]},{"@type":"ImageObject","inLanguage":"es","@id":"https:\/\/booksfrommexico.com\/es\/producto\/voine-loiiletik-xchiiuk-chiiel-kiopojel-ta-slumal-chamoi-relatos-y-vivencias-de-chamula\/#primaryimage","url":"https:\/\/booksfrommexico.com\/app\/uploads\/2023\/05\/143702.jpeg","contentUrl":"https:\/\/booksfrommexico.com\/app\/uploads\/2023\/05\/143702.jpeg","width":368,"height":537,"caption":"Vo\u00efne lo\u00efiletik xchi\u00efuk ch\u00efiel k\u00efopojel ta slumal Chamo\u00ef. Relatos y vivencias de Chamula"},{"@type":"BreadcrumbList","@id":"https:\/\/booksfrommexico.com\/es\/producto\/voine-loiiletik-xchiiuk-chiiel-kiopojel-ta-slumal-chamoi-relatos-y-vivencias-de-chamula\/#breadcrumb","itemListElement":[{"@type":"ListItem","position":1,"name":"Home","item":"https:\/\/booksfrommexico.com\/es\/"},{"@type":"ListItem","position":2,"name":"Libros","item":"https:\/\/booksfrommexico.com\/es\/libros\/"},{"@type":"ListItem","position":3,"name":"Vo\u00efne lo\u00efiletik xchi\u00efuk ch\u00efiel k\u00efopojel ta slumal Chamo\u00ef"}]},{"@type":"WebSite","@id":"https:\/\/booksfrommexico.com\/#website","url":"https:\/\/booksfrommexico.com\/","name":"Books From Mexico","description":"","publisher":{"@id":"https:\/\/booksfrommexico.com\/#organization"},"potentialAction":[{"@type":"SearchAction","target":{"@type":"EntryPoint","urlTemplate":"https:\/\/booksfrommexico.com\/?s={search_term_string}"},"query-input":{"@type":"PropertyValueSpecification","valueRequired":true,"valueName":"search_term_string"}}],"inLanguage":"es"},{"@type":"Organization","@id":"https:\/\/booksfrommexico.com\/#organization","name":"Books From Mexico","url":"https:\/\/booksfrommexico.com\/","logo":{"@type":"ImageObject","inLanguage":"es","@id":"https:\/\/booksfrommexico.com\/#\/schema\/logo\/image\/","url":"https:\/\/booksfrommexico.com\/app\/uploads\/2023\/05\/logo-booksfrommexico.svg","contentUrl":"https:\/\/booksfrommexico.com\/app\/uploads\/2023\/05\/logo-booksfrommexico.svg","width":86,"height":56,"caption":"Books From Mexico"},"image":{"@id":"https:\/\/booksfrommexico.com\/#\/schema\/logo\/image\/"}}]}},"_links":{"self":[{"href":"https:\/\/booksfrommexico.com\/es\/wp-json\/wp\/v2\/product\/884","targetHints":{"allow":["GET"]}}],"collection":[{"href":"https:\/\/booksfrommexico.com\/es\/wp-json\/wp\/v2\/product"}],"about":[{"href":"https:\/\/booksfrommexico.com\/es\/wp-json\/wp\/v2\/types\/product"}],"wp:featuredmedia":[{"embeddable":true,"href":"https:\/\/booksfrommexico.com\/es\/wp-json\/wp\/v2\/media\/883"}],"wp:attachment":[{"href":"https:\/\/booksfrommexico.com\/es\/wp-json\/wp\/v2\/media?parent=884"}],"wp:term":[{"taxonomy":"product_brand","embeddable":true,"href":"https:\/\/booksfrommexico.com\/es\/wp-json\/wp\/v2\/product_brand?post=884"},{"taxonomy":"product_cat","embeddable":true,"href":"https:\/\/booksfrommexico.com\/es\/wp-json\/wp\/v2\/product_cat?post=884"},{"taxonomy":"product_tag","embeddable":true,"href":"https:\/\/booksfrommexico.com\/es\/wp-json\/wp\/v2\/product_tag?post=884"}],"curies":[{"name":"wp","href":"https:\/\/api.w.org\/{rel}","templated":true}]}}