{"id":886,"date":"2023-05-08T17:08:06","date_gmt":"2023-05-08T17:08:06","guid":{"rendered":"http:\/\/booksfrommexico.com\/product\/la-vulnerabilidad-de-los-grupos-migrantes-en-mexico\/"},"modified":"2023-11-03T15:42:50","modified_gmt":"2023-11-03T15:42:50","slug":"la-vulnerabilidad-de-los-grupos-migrantes-en-mexico","status":"publish","type":"product","link":"https:\/\/booksfrommexico.com\/es\/producto\/la-vulnerabilidad-de-los-grupos-migrantes-en-mexico\/","title":{"rendered":"La Vulnerabilidad de los grupos migrantes en M\u00e9xico"},"content":{"rendered":"","protected":false},"excerpt":{"rendered":"<p>Liliana Meza, Miriam Cu\u00e9llar, compiladoras. M\u00e9xico, D.F.: Universidad Iberoamericana, 2009. 304 pages : 23 cm. ISBN: 9786074170214<\/p>\n","protected":false},"featured_media":885,"template":"","meta":{"_acf_changed":false,"inline_featured_image":false},"product_brand":[],"product_cat":[1065,42],"product_tag":[],"class_list":{"0":"post-886","1":"product","2":"type-product","3":"status-publish","4":"has-post-thumbnail","6":"product_cat-condiciones-sociales-y-politicas-de-la-migracion","7":"product_cat-temas-de-inmigracion-y-migraciones-humanas","9":"first","10":"instock","11":"taxable","12":"shipping-taxable","13":"purchasable","14":"product-type-simple"},"acf":[],"yoast_head":"<!-- This site is optimized with the Yoast SEO plugin v27.3 - https:\/\/yoast.com\/product\/yoast-seo-wordpress\/ -->\n<title>La Vulnerabilidad de los grupos migrantes en M\u00e9xico<\/title>\n<meta name=\"description\" content=\"La Vulnerabilidad de los grupos migrantes en M\u00e9xico. Liliana Meza, Miriam Cu\u00e9llar, compiladoras. M\u00e9xico, D.F. Books From M\u00e9xico.\" \/>\n<meta name=\"robots\" content=\"index, follow, max-snippet:-1, max-image-preview:large, max-video-preview:-1\" \/>\n<link rel=\"canonical\" href=\"https:\/\/booksfrommexico.com\/es\/producto\/la-vulnerabilidad-de-los-grupos-migrantes-en-mexico\/\" \/>\n<meta property=\"og:locale\" content=\"es_ES\" \/>\n<meta property=\"og:type\" content=\"article\" \/>\n<meta property=\"og:title\" content=\"La Vulnerabilidad de los grupos migrantes en M\u00e9xico\" \/>\n<meta property=\"og:description\" content=\"La Vulnerabilidad de los grupos migrantes en M\u00e9xico. Liliana Meza, Miriam Cu\u00e9llar, compiladoras. M\u00e9xico, D.F. Books From M\u00e9xico.\" \/>\n<meta property=\"og:url\" content=\"https:\/\/booksfrommexico.com\/es\/producto\/la-vulnerabilidad-de-los-grupos-migrantes-en-mexico\/\" \/>\n<meta property=\"og:site_name\" content=\"Books From Mexico\" \/>\n<meta property=\"article:modified_time\" content=\"2023-11-03T15:42:50+00:00\" \/>\n<meta property=\"og:image\" content=\"http:\/\/booksfrommexico.com\/app\/uploads\/2023\/05\/143542.jpeg\" \/>\n\t<meta property=\"og:image:width\" content=\"459\" \/>\n\t<meta property=\"og:image:height\" content=\"665\" \/>\n\t<meta property=\"og:image:type\" content=\"image\/jpeg\" \/>\n<meta name=\"twitter:card\" content=\"summary_large_image\" \/>\n<script type=\"application\/ld+json\" class=\"yoast-schema-graph\">{\"@context\":\"https:\\\/\\\/schema.org\",\"@graph\":[{\"@type\":\"WebPage\",\"@id\":\"https:\\\/\\\/booksfrommexico.com\\\/es\\\/producto\\\/la-vulnerabilidad-de-los-grupos-migrantes-en-mexico\\\/\",\"url\":\"https:\\\/\\\/booksfrommexico.com\\\/es\\\/producto\\\/la-vulnerabilidad-de-los-grupos-migrantes-en-mexico\\\/\",\"name\":\"La Vulnerabilidad de los grupos migrantes en M\u00e9xico\",\"isPartOf\":{\"@id\":\"https:\\\/\\\/booksfrommexico.com\\\/#website\"},\"primaryImageOfPage\":{\"@id\":\"https:\\\/\\\/booksfrommexico.com\\\/es\\\/producto\\\/la-vulnerabilidad-de-los-grupos-migrantes-en-mexico\\\/#primaryimage\"},\"image\":{\"@id\":\"https:\\\/\\\/booksfrommexico.com\\\/es\\\/producto\\\/la-vulnerabilidad-de-los-grupos-migrantes-en-mexico\\\/#primaryimage\"},\"thumbnailUrl\":\"https:\\\/\\\/booksfrommexico.com\\\/app\\\/uploads\\\/2023\\\/05\\\/143542.jpeg\",\"datePublished\":\"2023-05-08T17:08:06+00:00\",\"dateModified\":\"2023-11-03T15:42:50+00:00\",\"description\":\"La Vulnerabilidad de los grupos migrantes en M\u00e9xico. Liliana Meza, Miriam Cu\u00e9llar, compiladoras. M\u00e9xico, D.F. Books From M\u00e9xico.\",\"breadcrumb\":{\"@id\":\"https:\\\/\\\/booksfrommexico.com\\\/es\\\/producto\\\/la-vulnerabilidad-de-los-grupos-migrantes-en-mexico\\\/#breadcrumb\"},\"inLanguage\":\"es\",\"potentialAction\":[{\"@type\":\"ReadAction\",\"target\":[\"https:\\\/\\\/booksfrommexico.com\\\/es\\\/producto\\\/la-vulnerabilidad-de-los-grupos-migrantes-en-mexico\\\/\"]}]},{\"@type\":\"ImageObject\",\"inLanguage\":\"es\",\"@id\":\"https:\\\/\\\/booksfrommexico.com\\\/es\\\/producto\\\/la-vulnerabilidad-de-los-grupos-migrantes-en-mexico\\\/#primaryimage\",\"url\":\"https:\\\/\\\/booksfrommexico.com\\\/app\\\/uploads\\\/2023\\\/05\\\/143542.jpeg\",\"contentUrl\":\"https:\\\/\\\/booksfrommexico.com\\\/app\\\/uploads\\\/2023\\\/05\\\/143542.jpeg\",\"width\":459,\"height\":665,\"caption\":\"La Vulnerabilidad de los grupos migrantes en M\u00e9xico\"},{\"@type\":\"BreadcrumbList\",\"@id\":\"https:\\\/\\\/booksfrommexico.com\\\/es\\\/producto\\\/la-vulnerabilidad-de-los-grupos-migrantes-en-mexico\\\/#breadcrumb\",\"itemListElement\":[{\"@type\":\"ListItem\",\"position\":1,\"name\":\"Home\",\"item\":\"https:\\\/\\\/booksfrommexico.com\\\/es\\\/\"},{\"@type\":\"ListItem\",\"position\":2,\"name\":\"Libros\",\"item\":\"https:\\\/\\\/booksfrommexico.com\\\/es\\\/libros\\\/\"},{\"@type\":\"ListItem\",\"position\":3,\"name\":\"La Vulnerabilidad de los grupos migrantes en M\u00e9xico\"}]},{\"@type\":\"WebSite\",\"@id\":\"https:\\\/\\\/booksfrommexico.com\\\/#website\",\"url\":\"https:\\\/\\\/booksfrommexico.com\\\/\",\"name\":\"Books From Mexico\",\"description\":\"\",\"publisher\":{\"@id\":\"https:\\\/\\\/booksfrommexico.com\\\/#organization\"},\"potentialAction\":[{\"@type\":\"SearchAction\",\"target\":{\"@type\":\"EntryPoint\",\"urlTemplate\":\"https:\\\/\\\/booksfrommexico.com\\\/?s={search_term_string}\"},\"query-input\":{\"@type\":\"PropertyValueSpecification\",\"valueRequired\":true,\"valueName\":\"search_term_string\"}}],\"inLanguage\":\"es\"},{\"@type\":\"Organization\",\"@id\":\"https:\\\/\\\/booksfrommexico.com\\\/#organization\",\"name\":\"Books From Mexico\",\"url\":\"https:\\\/\\\/booksfrommexico.com\\\/\",\"logo\":{\"@type\":\"ImageObject\",\"inLanguage\":\"es\",\"@id\":\"https:\\\/\\\/booksfrommexico.com\\\/#\\\/schema\\\/logo\\\/image\\\/\",\"url\":\"https:\\\/\\\/booksfrommexico.com\\\/app\\\/uploads\\\/2023\\\/05\\\/logo-booksfrommexico.svg\",\"contentUrl\":\"https:\\\/\\\/booksfrommexico.com\\\/app\\\/uploads\\\/2023\\\/05\\\/logo-booksfrommexico.svg\",\"width\":86,\"height\":56,\"caption\":\"Books From Mexico\"},\"image\":{\"@id\":\"https:\\\/\\\/booksfrommexico.com\\\/#\\\/schema\\\/logo\\\/image\\\/\"}}]}<\/script>\n<!-- \/ Yoast SEO plugin. -->","yoast_head_json":{"title":"La Vulnerabilidad de los grupos migrantes en M\u00e9xico","description":"La Vulnerabilidad de los grupos migrantes en M\u00e9xico. Liliana Meza, Miriam Cu\u00e9llar, compiladoras. M\u00e9xico, D.F. Books From M\u00e9xico.","robots":{"index":"index","follow":"follow","max-snippet":"max-snippet:-1","max-image-preview":"max-image-preview:large","max-video-preview":"max-video-preview:-1"},"canonical":"https:\/\/booksfrommexico.com\/es\/producto\/la-vulnerabilidad-de-los-grupos-migrantes-en-mexico\/","og_locale":"es_ES","og_type":"article","og_title":"La Vulnerabilidad de los grupos migrantes en M\u00e9xico","og_description":"La Vulnerabilidad de los grupos migrantes en M\u00e9xico. Liliana Meza, Miriam Cu\u00e9llar, compiladoras. M\u00e9xico, D.F. Books From M\u00e9xico.","og_url":"https:\/\/booksfrommexico.com\/es\/producto\/la-vulnerabilidad-de-los-grupos-migrantes-en-mexico\/","og_site_name":"Books From Mexico","article_modified_time":"2023-11-03T15:42:50+00:00","og_image":[{"width":459,"height":665,"url":"http:\/\/booksfrommexico.com\/app\/uploads\/2023\/05\/143542.jpeg","type":"image\/jpeg"}],"twitter_card":"summary_large_image","schema":{"@context":"https:\/\/schema.org","@graph":[{"@type":"WebPage","@id":"https:\/\/booksfrommexico.com\/es\/producto\/la-vulnerabilidad-de-los-grupos-migrantes-en-mexico\/","url":"https:\/\/booksfrommexico.com\/es\/producto\/la-vulnerabilidad-de-los-grupos-migrantes-en-mexico\/","name":"La Vulnerabilidad de los grupos migrantes en M\u00e9xico","isPartOf":{"@id":"https:\/\/booksfrommexico.com\/#website"},"primaryImageOfPage":{"@id":"https:\/\/booksfrommexico.com\/es\/producto\/la-vulnerabilidad-de-los-grupos-migrantes-en-mexico\/#primaryimage"},"image":{"@id":"https:\/\/booksfrommexico.com\/es\/producto\/la-vulnerabilidad-de-los-grupos-migrantes-en-mexico\/#primaryimage"},"thumbnailUrl":"https:\/\/booksfrommexico.com\/app\/uploads\/2023\/05\/143542.jpeg","datePublished":"2023-05-08T17:08:06+00:00","dateModified":"2023-11-03T15:42:50+00:00","description":"La Vulnerabilidad de los grupos migrantes en M\u00e9xico. Liliana Meza, Miriam Cu\u00e9llar, compiladoras. M\u00e9xico, D.F. Books From M\u00e9xico.","breadcrumb":{"@id":"https:\/\/booksfrommexico.com\/es\/producto\/la-vulnerabilidad-de-los-grupos-migrantes-en-mexico\/#breadcrumb"},"inLanguage":"es","potentialAction":[{"@type":"ReadAction","target":["https:\/\/booksfrommexico.com\/es\/producto\/la-vulnerabilidad-de-los-grupos-migrantes-en-mexico\/"]}]},{"@type":"ImageObject","inLanguage":"es","@id":"https:\/\/booksfrommexico.com\/es\/producto\/la-vulnerabilidad-de-los-grupos-migrantes-en-mexico\/#primaryimage","url":"https:\/\/booksfrommexico.com\/app\/uploads\/2023\/05\/143542.jpeg","contentUrl":"https:\/\/booksfrommexico.com\/app\/uploads\/2023\/05\/143542.jpeg","width":459,"height":665,"caption":"La Vulnerabilidad de los grupos migrantes en M\u00e9xico"},{"@type":"BreadcrumbList","@id":"https:\/\/booksfrommexico.com\/es\/producto\/la-vulnerabilidad-de-los-grupos-migrantes-en-mexico\/#breadcrumb","itemListElement":[{"@type":"ListItem","position":1,"name":"Home","item":"https:\/\/booksfrommexico.com\/es\/"},{"@type":"ListItem","position":2,"name":"Libros","item":"https:\/\/booksfrommexico.com\/es\/libros\/"},{"@type":"ListItem","position":3,"name":"La Vulnerabilidad de los grupos migrantes en M\u00e9xico"}]},{"@type":"WebSite","@id":"https:\/\/booksfrommexico.com\/#website","url":"https:\/\/booksfrommexico.com\/","name":"Books From Mexico","description":"","publisher":{"@id":"https:\/\/booksfrommexico.com\/#organization"},"potentialAction":[{"@type":"SearchAction","target":{"@type":"EntryPoint","urlTemplate":"https:\/\/booksfrommexico.com\/?s={search_term_string}"},"query-input":{"@type":"PropertyValueSpecification","valueRequired":true,"valueName":"search_term_string"}}],"inLanguage":"es"},{"@type":"Organization","@id":"https:\/\/booksfrommexico.com\/#organization","name":"Books From Mexico","url":"https:\/\/booksfrommexico.com\/","logo":{"@type":"ImageObject","inLanguage":"es","@id":"https:\/\/booksfrommexico.com\/#\/schema\/logo\/image\/","url":"https:\/\/booksfrommexico.com\/app\/uploads\/2023\/05\/logo-booksfrommexico.svg","contentUrl":"https:\/\/booksfrommexico.com\/app\/uploads\/2023\/05\/logo-booksfrommexico.svg","width":86,"height":56,"caption":"Books From Mexico"},"image":{"@id":"https:\/\/booksfrommexico.com\/#\/schema\/logo\/image\/"}}]}},"_links":{"self":[{"href":"https:\/\/booksfrommexico.com\/es\/wp-json\/wp\/v2\/product\/886","targetHints":{"allow":["GET"]}}],"collection":[{"href":"https:\/\/booksfrommexico.com\/es\/wp-json\/wp\/v2\/product"}],"about":[{"href":"https:\/\/booksfrommexico.com\/es\/wp-json\/wp\/v2\/types\/product"}],"wp:featuredmedia":[{"embeddable":true,"href":"https:\/\/booksfrommexico.com\/es\/wp-json\/wp\/v2\/media\/885"}],"wp:attachment":[{"href":"https:\/\/booksfrommexico.com\/es\/wp-json\/wp\/v2\/media?parent=886"}],"wp:term":[{"taxonomy":"product_brand","embeddable":true,"href":"https:\/\/booksfrommexico.com\/es\/wp-json\/wp\/v2\/product_brand?post=886"},{"taxonomy":"product_cat","embeddable":true,"href":"https:\/\/booksfrommexico.com\/es\/wp-json\/wp\/v2\/product_cat?post=886"},{"taxonomy":"product_tag","embeddable":true,"href":"https:\/\/booksfrommexico.com\/es\/wp-json\/wp\/v2\/product_tag?post=886"}],"curies":[{"name":"wp","href":"https:\/\/api.w.org\/{rel}","templated":true}]}}