{"id":89,"date":"2023-05-08T16:09:57","date_gmt":"2023-05-08T16:09:57","guid":{"rendered":"http:\/\/booksfrommexico.com\/product\/plumas-pinceles-acordes-estudios-de-literatura-y-cultura-espanola-e-hispanoamericana-siglos-xvi-al-xviii-vol-2\/"},"modified":"2024-04-18T21:50:50","modified_gmt":"2024-04-18T21:50:50","slug":"plumas-pinceles-acordes-estudios-de-literatura-y-cultura-espanola-e-hispanoamericana-siglos-xvi-al-xviii-vol-2","status":"publish","type":"product","link":"https:\/\/booksfrommexico.com\/es\/producto\/plumas-pinceles-acordes-estudios-de-literatura-y-cultura-espanola-e-hispanoamericana-siglos-xvi-al-xviii-vol-2\/","title":{"rendered":"Plumas, pinceles, acordes"},"content":{"rendered":"<p><span style=\"font-weight: 400;\">Resultado del Segundo Congreso de Literatura y Cultura \u00c1ureas y Virreinales, convocado por el Cuerpo acad\u00e9mico en Literatura y Cultura Medievales, de los Siglos de Oro y Teatro Novohispano, perteneciente a la Universidad Aut\u00f3noma Metropolitana-Iztapalapa. En respuesta se sumaron cerca de 80 especialistas de 36 instituciones acad\u00e9micas que intercambiaron pensamientos, posturas e inter\u00e9s durante cinco d\u00edas de trabajo. Estos estudios se han dividido en dos vol\u00famenes, al tratarse \u00e9ste del n\u00famero 2, contiene los siguientes apartados:<\/span><i><span style=\"font-weight: 400;\"> Cr\u00f3nicas y Relaciones de Indias, Sor Juana y su obra, Poes\u00eda de los Siglos de Oro: Espa\u00f1a y Am\u00e9rica<\/span><\/i><span style=\"font-weight: 400;\"> y<\/span><i><span style=\"font-weight: 400;\">\u00a0Arte: ejemplos y contactos <\/span><\/i><span style=\"font-weight: 400;\">y<\/span><i><span style=\"font-weight: 400;\"> Cultura y sociedad del Nuevo Mundo<\/span><\/i><\/p>\n","protected":false},"excerpt":{"rendered":"<p>PLUMAS, PINCELES, ACORDES : ESTUDIOS DE LITERATURA Y CULTURA ESPA\u00d1OLA E HISPANOAMERICANA (SIGLOS XVI AL XVIII), VOL. 1<span style=\"font-weight: 400;\">. \/ Seraf\u00edn Gonz\u00e1lez, Alma Mej\u00eda, Mar\u00eda Jos\u00e9 Rodilla, Lilian von del Walde (coordinators). M\u00e9xico, D.F. : Universidad Aut\u00f3noma Metropolitana , Unidad Iztapalapa , Departamento de Filosof\u00eda, 2011. 388 pages : includes references, photos, tables, <\/span><span style=\"font-weight: 400;\">bibliography at the end of each chapter<\/span><span style=\"font-weight: 400;\"> ; 23 cm. ISBN : 9786074775648 (volumen) ; 9786074775631 (collection).<\/span><\/p>\n","protected":false},"featured_media":88,"template":"","meta":{"_acf_changed":false,"inline_featured_image":false},"product_brand":[],"product_cat":[53,25],"product_tag":[3618,3821,3819,4003],"class_list":{"0":"post-89","1":"product","2":"type-product","3":"status-publish","4":"has-post-thumbnail","6":"product_cat-historica-critica-literaria-biografias-etc-literatura","7":"product_cat-literatura","8":"product_tag-historia-y-critica","9":"product_tag-literatura-hispanoamericana","10":"product_tag-periodo-clasico","11":"product_tag-seminarios-y-congresos","13":"first","14":"instock","15":"taxable","16":"shipping-taxable","17":"purchasable","18":"product-type-simple"},"acf":[],"yoast_head":"<!-- This site is optimized with the Yoast SEO plugin v27.3 - https:\/\/yoast.com\/product\/yoast-seo-wordpress\/ -->\n<title>Plumas, pinceles, acordes<\/title>\n<meta name=\"description\" content=\"PLUMAS, PINCELES, ACORDES : ESTUDIOS DE LITERATURA Y CULTURA ESPA\u00d1OLA E HISPANOAMERICANA (SIGLOS XVI AL XVIII), VOL. 1. \/ UAM. 2011.\" \/>\n<meta name=\"robots\" content=\"index, follow, max-snippet:-1, max-image-preview:large, max-video-preview:-1\" \/>\n<link rel=\"canonical\" href=\"https:\/\/booksfrommexico.com\/es\/producto\/plumas-pinceles-acordes-estudios-de-literatura-y-cultura-espanola-e-hispanoamericana-siglos-xvi-al-xviii-vol-2\/\" \/>\n<meta property=\"og:locale\" content=\"es_ES\" \/>\n<meta property=\"og:type\" content=\"article\" \/>\n<meta property=\"og:title\" content=\"Plumas, pinceles, acordes\" \/>\n<meta property=\"og:description\" content=\"PLUMAS, PINCELES, ACORDES : ESTUDIOS DE LITERATURA Y CULTURA ESPA\u00d1OLA E HISPANOAMERICANA (SIGLOS XVI AL XVIII), VOL. 1. \/ UAM. 2011.\" \/>\n<meta property=\"og:url\" content=\"https:\/\/booksfrommexico.com\/es\/producto\/plumas-pinceles-acordes-estudios-de-literatura-y-cultura-espanola-e-hispanoamericana-siglos-xvi-al-xviii-vol-2\/\" \/>\n<meta property=\"og:site_name\" content=\"Books From Mexico\" \/>\n<meta property=\"article:modified_time\" content=\"2024-04-18T21:50:50+00:00\" \/>\n<meta property=\"og:image\" content=\"http:\/\/booksfrommexico.com\/app\/uploads\/2023\/05\/163250-pdf.jpg\" \/>\n\t<meta property=\"og:image:width\" content=\"832\" \/>\n\t<meta property=\"og:image:height\" content=\"1135\" \/>\n\t<meta property=\"og:image:type\" content=\"image\/jpeg\" \/>\n<meta name=\"twitter:card\" content=\"summary_large_image\" \/>\n<meta name=\"twitter:label1\" content=\"Tiempo de lectura\" \/>\n\t<meta name=\"twitter:data1\" content=\"1 minuto\" \/>\n<script type=\"application\/ld+json\" class=\"yoast-schema-graph\">{\"@context\":\"https:\\\/\\\/schema.org\",\"@graph\":[{\"@type\":\"WebPage\",\"@id\":\"https:\\\/\\\/booksfrommexico.com\\\/es\\\/producto\\\/plumas-pinceles-acordes-estudios-de-literatura-y-cultura-espanola-e-hispanoamericana-siglos-xvi-al-xviii-vol-2\\\/\",\"url\":\"https:\\\/\\\/booksfrommexico.com\\\/es\\\/producto\\\/plumas-pinceles-acordes-estudios-de-literatura-y-cultura-espanola-e-hispanoamericana-siglos-xvi-al-xviii-vol-2\\\/\",\"name\":\"Plumas, pinceles, acordes\",\"isPartOf\":{\"@id\":\"https:\\\/\\\/booksfrommexico.com\\\/#website\"},\"primaryImageOfPage\":{\"@id\":\"https:\\\/\\\/booksfrommexico.com\\\/es\\\/producto\\\/plumas-pinceles-acordes-estudios-de-literatura-y-cultura-espanola-e-hispanoamericana-siglos-xvi-al-xviii-vol-2\\\/#primaryimage\"},\"image\":{\"@id\":\"https:\\\/\\\/booksfrommexico.com\\\/es\\\/producto\\\/plumas-pinceles-acordes-estudios-de-literatura-y-cultura-espanola-e-hispanoamericana-siglos-xvi-al-xviii-vol-2\\\/#primaryimage\"},\"thumbnailUrl\":\"https:\\\/\\\/booksfrommexico.com\\\/app\\\/uploads\\\/2023\\\/05\\\/163250-pdf.jpg\",\"datePublished\":\"2023-05-08T16:09:57+00:00\",\"dateModified\":\"2024-04-18T21:50:50+00:00\",\"description\":\"PLUMAS, PINCELES, ACORDES : ESTUDIOS DE LITERATURA Y CULTURA ESPA\u00d1OLA E HISPANOAMERICANA (SIGLOS XVI AL XVIII), VOL. 1. \\\/ UAM. 2011.\",\"breadcrumb\":{\"@id\":\"https:\\\/\\\/booksfrommexico.com\\\/es\\\/producto\\\/plumas-pinceles-acordes-estudios-de-literatura-y-cultura-espanola-e-hispanoamericana-siglos-xvi-al-xviii-vol-2\\\/#breadcrumb\"},\"inLanguage\":\"es\",\"potentialAction\":[{\"@type\":\"ReadAction\",\"target\":[\"https:\\\/\\\/booksfrommexico.com\\\/es\\\/producto\\\/plumas-pinceles-acordes-estudios-de-literatura-y-cultura-espanola-e-hispanoamericana-siglos-xvi-al-xviii-vol-2\\\/\"]}]},{\"@type\":\"ImageObject\",\"inLanguage\":\"es\",\"@id\":\"https:\\\/\\\/booksfrommexico.com\\\/es\\\/producto\\\/plumas-pinceles-acordes-estudios-de-literatura-y-cultura-espanola-e-hispanoamericana-siglos-xvi-al-xviii-vol-2\\\/#primaryimage\",\"url\":\"https:\\\/\\\/booksfrommexico.com\\\/app\\\/uploads\\\/2023\\\/05\\\/163250-pdf.jpg\",\"contentUrl\":\"https:\\\/\\\/booksfrommexico.com\\\/app\\\/uploads\\\/2023\\\/05\\\/163250-pdf.jpg\",\"width\":832,\"height\":1135,\"caption\":\"PLUMAS_PINCELES_ACORDES_ESTUDIOS_DE_LITERATURA_Y_CULTURA_ESPA\u00f1OLA_E_HISPANOAMERICANA_(SIGLOS_XVI_AL_XVIII)\"},{\"@type\":\"BreadcrumbList\",\"@id\":\"https:\\\/\\\/booksfrommexico.com\\\/es\\\/producto\\\/plumas-pinceles-acordes-estudios-de-literatura-y-cultura-espanola-e-hispanoamericana-siglos-xvi-al-xviii-vol-2\\\/#breadcrumb\",\"itemListElement\":[{\"@type\":\"ListItem\",\"position\":1,\"name\":\"Home\",\"item\":\"https:\\\/\\\/booksfrommexico.com\\\/es\\\/\"},{\"@type\":\"ListItem\",\"position\":2,\"name\":\"Libros\",\"item\":\"https:\\\/\\\/booksfrommexico.com\\\/es\\\/libros\\\/\"},{\"@type\":\"ListItem\",\"position\":3,\"name\":\"Plumas, pinceles, acordes\"}]},{\"@type\":\"WebSite\",\"@id\":\"https:\\\/\\\/booksfrommexico.com\\\/#website\",\"url\":\"https:\\\/\\\/booksfrommexico.com\\\/\",\"name\":\"Books From Mexico\",\"description\":\"\",\"publisher\":{\"@id\":\"https:\\\/\\\/booksfrommexico.com\\\/#organization\"},\"potentialAction\":[{\"@type\":\"SearchAction\",\"target\":{\"@type\":\"EntryPoint\",\"urlTemplate\":\"https:\\\/\\\/booksfrommexico.com\\\/?s={search_term_string}\"},\"query-input\":{\"@type\":\"PropertyValueSpecification\",\"valueRequired\":true,\"valueName\":\"search_term_string\"}}],\"inLanguage\":\"es\"},{\"@type\":\"Organization\",\"@id\":\"https:\\\/\\\/booksfrommexico.com\\\/#organization\",\"name\":\"Books From Mexico\",\"url\":\"https:\\\/\\\/booksfrommexico.com\\\/\",\"logo\":{\"@type\":\"ImageObject\",\"inLanguage\":\"es\",\"@id\":\"https:\\\/\\\/booksfrommexico.com\\\/#\\\/schema\\\/logo\\\/image\\\/\",\"url\":\"https:\\\/\\\/booksfrommexico.com\\\/app\\\/uploads\\\/2023\\\/05\\\/logo-booksfrommexico.svg\",\"contentUrl\":\"https:\\\/\\\/booksfrommexico.com\\\/app\\\/uploads\\\/2023\\\/05\\\/logo-booksfrommexico.svg\",\"width\":86,\"height\":56,\"caption\":\"Books From Mexico\"},\"image\":{\"@id\":\"https:\\\/\\\/booksfrommexico.com\\\/#\\\/schema\\\/logo\\\/image\\\/\"}}]}<\/script>\n<!-- \/ Yoast SEO plugin. -->","yoast_head_json":{"title":"Plumas, pinceles, acordes","description":"PLUMAS, PINCELES, ACORDES : ESTUDIOS DE LITERATURA Y CULTURA ESPA\u00d1OLA E HISPANOAMERICANA (SIGLOS XVI AL XVIII), VOL. 1. \/ UAM. 2011.","robots":{"index":"index","follow":"follow","max-snippet":"max-snippet:-1","max-image-preview":"max-image-preview:large","max-video-preview":"max-video-preview:-1"},"canonical":"https:\/\/booksfrommexico.com\/es\/producto\/plumas-pinceles-acordes-estudios-de-literatura-y-cultura-espanola-e-hispanoamericana-siglos-xvi-al-xviii-vol-2\/","og_locale":"es_ES","og_type":"article","og_title":"Plumas, pinceles, acordes","og_description":"PLUMAS, PINCELES, ACORDES : ESTUDIOS DE LITERATURA Y CULTURA ESPA\u00d1OLA E HISPANOAMERICANA (SIGLOS XVI AL XVIII), VOL. 1. \/ UAM. 2011.","og_url":"https:\/\/booksfrommexico.com\/es\/producto\/plumas-pinceles-acordes-estudios-de-literatura-y-cultura-espanola-e-hispanoamericana-siglos-xvi-al-xviii-vol-2\/","og_site_name":"Books From Mexico","article_modified_time":"2024-04-18T21:50:50+00:00","og_image":[{"width":832,"height":1135,"url":"http:\/\/booksfrommexico.com\/app\/uploads\/2023\/05\/163250-pdf.jpg","type":"image\/jpeg"}],"twitter_card":"summary_large_image","twitter_misc":{"Tiempo de lectura":"1 minuto"},"schema":{"@context":"https:\/\/schema.org","@graph":[{"@type":"WebPage","@id":"https:\/\/booksfrommexico.com\/es\/producto\/plumas-pinceles-acordes-estudios-de-literatura-y-cultura-espanola-e-hispanoamericana-siglos-xvi-al-xviii-vol-2\/","url":"https:\/\/booksfrommexico.com\/es\/producto\/plumas-pinceles-acordes-estudios-de-literatura-y-cultura-espanola-e-hispanoamericana-siglos-xvi-al-xviii-vol-2\/","name":"Plumas, pinceles, acordes","isPartOf":{"@id":"https:\/\/booksfrommexico.com\/#website"},"primaryImageOfPage":{"@id":"https:\/\/booksfrommexico.com\/es\/producto\/plumas-pinceles-acordes-estudios-de-literatura-y-cultura-espanola-e-hispanoamericana-siglos-xvi-al-xviii-vol-2\/#primaryimage"},"image":{"@id":"https:\/\/booksfrommexico.com\/es\/producto\/plumas-pinceles-acordes-estudios-de-literatura-y-cultura-espanola-e-hispanoamericana-siglos-xvi-al-xviii-vol-2\/#primaryimage"},"thumbnailUrl":"https:\/\/booksfrommexico.com\/app\/uploads\/2023\/05\/163250-pdf.jpg","datePublished":"2023-05-08T16:09:57+00:00","dateModified":"2024-04-18T21:50:50+00:00","description":"PLUMAS, PINCELES, ACORDES : ESTUDIOS DE LITERATURA Y CULTURA ESPA\u00d1OLA E HISPANOAMERICANA (SIGLOS XVI AL XVIII), VOL. 1. \/ UAM. 2011.","breadcrumb":{"@id":"https:\/\/booksfrommexico.com\/es\/producto\/plumas-pinceles-acordes-estudios-de-literatura-y-cultura-espanola-e-hispanoamericana-siglos-xvi-al-xviii-vol-2\/#breadcrumb"},"inLanguage":"es","potentialAction":[{"@type":"ReadAction","target":["https:\/\/booksfrommexico.com\/es\/producto\/plumas-pinceles-acordes-estudios-de-literatura-y-cultura-espanola-e-hispanoamericana-siglos-xvi-al-xviii-vol-2\/"]}]},{"@type":"ImageObject","inLanguage":"es","@id":"https:\/\/booksfrommexico.com\/es\/producto\/plumas-pinceles-acordes-estudios-de-literatura-y-cultura-espanola-e-hispanoamericana-siglos-xvi-al-xviii-vol-2\/#primaryimage","url":"https:\/\/booksfrommexico.com\/app\/uploads\/2023\/05\/163250-pdf.jpg","contentUrl":"https:\/\/booksfrommexico.com\/app\/uploads\/2023\/05\/163250-pdf.jpg","width":832,"height":1135,"caption":"PLUMAS_PINCELES_ACORDES_ESTUDIOS_DE_LITERATURA_Y_CULTURA_ESPA\u00f1OLA_E_HISPANOAMERICANA_(SIGLOS_XVI_AL_XVIII)"},{"@type":"BreadcrumbList","@id":"https:\/\/booksfrommexico.com\/es\/producto\/plumas-pinceles-acordes-estudios-de-literatura-y-cultura-espanola-e-hispanoamericana-siglos-xvi-al-xviii-vol-2\/#breadcrumb","itemListElement":[{"@type":"ListItem","position":1,"name":"Home","item":"https:\/\/booksfrommexico.com\/es\/"},{"@type":"ListItem","position":2,"name":"Libros","item":"https:\/\/booksfrommexico.com\/es\/libros\/"},{"@type":"ListItem","position":3,"name":"Plumas, pinceles, acordes"}]},{"@type":"WebSite","@id":"https:\/\/booksfrommexico.com\/#website","url":"https:\/\/booksfrommexico.com\/","name":"Books From Mexico","description":"","publisher":{"@id":"https:\/\/booksfrommexico.com\/#organization"},"potentialAction":[{"@type":"SearchAction","target":{"@type":"EntryPoint","urlTemplate":"https:\/\/booksfrommexico.com\/?s={search_term_string}"},"query-input":{"@type":"PropertyValueSpecification","valueRequired":true,"valueName":"search_term_string"}}],"inLanguage":"es"},{"@type":"Organization","@id":"https:\/\/booksfrommexico.com\/#organization","name":"Books From Mexico","url":"https:\/\/booksfrommexico.com\/","logo":{"@type":"ImageObject","inLanguage":"es","@id":"https:\/\/booksfrommexico.com\/#\/schema\/logo\/image\/","url":"https:\/\/booksfrommexico.com\/app\/uploads\/2023\/05\/logo-booksfrommexico.svg","contentUrl":"https:\/\/booksfrommexico.com\/app\/uploads\/2023\/05\/logo-booksfrommexico.svg","width":86,"height":56,"caption":"Books From Mexico"},"image":{"@id":"https:\/\/booksfrommexico.com\/#\/schema\/logo\/image\/"}}]}},"_links":{"self":[{"href":"https:\/\/booksfrommexico.com\/es\/wp-json\/wp\/v2\/product\/89","targetHints":{"allow":["GET"]}}],"collection":[{"href":"https:\/\/booksfrommexico.com\/es\/wp-json\/wp\/v2\/product"}],"about":[{"href":"https:\/\/booksfrommexico.com\/es\/wp-json\/wp\/v2\/types\/product"}],"wp:featuredmedia":[{"embeddable":true,"href":"https:\/\/booksfrommexico.com\/es\/wp-json\/wp\/v2\/media\/88"}],"wp:attachment":[{"href":"https:\/\/booksfrommexico.com\/es\/wp-json\/wp\/v2\/media?parent=89"}],"wp:term":[{"taxonomy":"product_brand","embeddable":true,"href":"https:\/\/booksfrommexico.com\/es\/wp-json\/wp\/v2\/product_brand?post=89"},{"taxonomy":"product_cat","embeddable":true,"href":"https:\/\/booksfrommexico.com\/es\/wp-json\/wp\/v2\/product_cat?post=89"},{"taxonomy":"product_tag","embeddable":true,"href":"https:\/\/booksfrommexico.com\/es\/wp-json\/wp\/v2\/product_tag?post=89"}],"curies":[{"name":"wp","href":"https:\/\/api.w.org\/{rel}","templated":true}]}}