{"id":892,"date":"2023-05-08T17:08:10","date_gmt":"2023-05-08T17:08:10","guid":{"rendered":"http:\/\/booksfrommexico.com\/product\/la-identidad-nacional-mexicana-la-memoria-la-insinuacion-y-la-cultura-popular-en-el-siglo-xix\/"},"modified":"2023-11-03T15:36:18","modified_gmt":"2023-11-03T15:36:18","slug":"la-identidad-nacional-mexicana-la-memoria-la-insinuacion-y-la-cultura-popular-en-el-siglo-xix","status":"publish","type":"product","link":"https:\/\/booksfrommexico.com\/es\/producto\/la-identidad-nacional-mexicana-la-memoria-la-insinuacion-y-la-cultura-popular-en-el-siglo-xix\/","title":{"rendered":"La Identidad nacional mexicana"},"content":{"rendered":"<p style=\"text-align: center;\">La Identidad nacional mexicana. La memoria, la insinuaci\u00f3n y la cultura popular en el siglo XIX<\/p>\n","protected":false},"excerpt":{"rendered":"<p>Wiliam H Beezley; traducci\u00f3n Rafael Becerra. San Luis Potosi, San Luis Poto: El Colegio de la Frontera Norte AC, 2008. 219 pages : 23 cm. ISBN: 9786077601043<\/p>\n","protected":false},"featured_media":891,"template":"","meta":{"_acf_changed":false,"inline_featured_image":false},"product_brand":[],"product_cat":[182,78],"product_tag":[],"class_list":{"0":"post-892","1":"product","2":"type-product","3":"status-publish","4":"has-post-thumbnail","6":"product_cat-estudios-culturales-y-de-identidad-sociologia","7":"product_cat-sociologia","9":"first","10":"instock","11":"taxable","12":"shipping-taxable","13":"purchasable","14":"product-type-simple"},"acf":[],"yoast_head":"<!-- This site is optimized with the Yoast SEO plugin v27.3 - https:\/\/yoast.com\/product\/yoast-seo-wordpress\/ -->\n<title>La Identidad nacional mexicana. Books From M\u00e9xico.<\/title>\n<meta name=\"description\" content=\"La Identidad nacional mexicana. La memoria, la insinuaci\u00f3n y la cultura popular en el siglo XIX. Wiliam H Beezley; traducci\u00f3n Rafael Becerra.\" \/>\n<meta name=\"robots\" content=\"index, follow, max-snippet:-1, max-image-preview:large, max-video-preview:-1\" \/>\n<link rel=\"canonical\" href=\"https:\/\/booksfrommexico.com\/es\/producto\/la-identidad-nacional-mexicana-la-memoria-la-insinuacion-y-la-cultura-popular-en-el-siglo-xix\/\" \/>\n<meta property=\"og:locale\" content=\"es_ES\" \/>\n<meta property=\"og:type\" content=\"article\" \/>\n<meta property=\"og:title\" content=\"La Identidad nacional mexicana. Books From M\u00e9xico.\" \/>\n<meta property=\"og:description\" content=\"La Identidad nacional mexicana. La memoria, la insinuaci\u00f3n y la cultura popular en el siglo XIX. Wiliam H Beezley; traducci\u00f3n Rafael Becerra.\" \/>\n<meta property=\"og:url\" content=\"https:\/\/booksfrommexico.com\/es\/producto\/la-identidad-nacional-mexicana-la-memoria-la-insinuacion-y-la-cultura-popular-en-el-siglo-xix\/\" \/>\n<meta property=\"og:site_name\" content=\"Books From Mexico\" \/>\n<meta property=\"article:modified_time\" content=\"2023-11-03T15:36:18+00:00\" \/>\n<meta property=\"og:image\" content=\"http:\/\/booksfrommexico.com\/app\/uploads\/2023\/05\/143135.jpeg\" \/>\n\t<meta property=\"og:image:width\" content=\"453\" \/>\n\t<meta property=\"og:image:height\" content=\"655\" \/>\n\t<meta property=\"og:image:type\" content=\"image\/jpeg\" \/>\n<meta name=\"twitter:card\" content=\"summary_large_image\" \/>\n<meta name=\"twitter:label1\" content=\"Tiempo de lectura\" \/>\n\t<meta name=\"twitter:data1\" content=\"1 minuto\" \/>\n<script type=\"application\/ld+json\" class=\"yoast-schema-graph\">{\"@context\":\"https:\\\/\\\/schema.org\",\"@graph\":[{\"@type\":\"WebPage\",\"@id\":\"https:\\\/\\\/booksfrommexico.com\\\/es\\\/producto\\\/la-identidad-nacional-mexicana-la-memoria-la-insinuacion-y-la-cultura-popular-en-el-siglo-xix\\\/\",\"url\":\"https:\\\/\\\/booksfrommexico.com\\\/es\\\/producto\\\/la-identidad-nacional-mexicana-la-memoria-la-insinuacion-y-la-cultura-popular-en-el-siglo-xix\\\/\",\"name\":\"La Identidad nacional mexicana. Books From M\u00e9xico.\",\"isPartOf\":{\"@id\":\"https:\\\/\\\/booksfrommexico.com\\\/#website\"},\"primaryImageOfPage\":{\"@id\":\"https:\\\/\\\/booksfrommexico.com\\\/es\\\/producto\\\/la-identidad-nacional-mexicana-la-memoria-la-insinuacion-y-la-cultura-popular-en-el-siglo-xix\\\/#primaryimage\"},\"image\":{\"@id\":\"https:\\\/\\\/booksfrommexico.com\\\/es\\\/producto\\\/la-identidad-nacional-mexicana-la-memoria-la-insinuacion-y-la-cultura-popular-en-el-siglo-xix\\\/#primaryimage\"},\"thumbnailUrl\":\"https:\\\/\\\/booksfrommexico.com\\\/app\\\/uploads\\\/2023\\\/05\\\/143135.jpeg\",\"datePublished\":\"2023-05-08T17:08:10+00:00\",\"dateModified\":\"2023-11-03T15:36:18+00:00\",\"description\":\"La Identidad nacional mexicana. La memoria, la insinuaci\u00f3n y la cultura popular en el siglo XIX. Wiliam H Beezley; traducci\u00f3n Rafael Becerra.\",\"breadcrumb\":{\"@id\":\"https:\\\/\\\/booksfrommexico.com\\\/es\\\/producto\\\/la-identidad-nacional-mexicana-la-memoria-la-insinuacion-y-la-cultura-popular-en-el-siglo-xix\\\/#breadcrumb\"},\"inLanguage\":\"es\",\"potentialAction\":[{\"@type\":\"ReadAction\",\"target\":[\"https:\\\/\\\/booksfrommexico.com\\\/es\\\/producto\\\/la-identidad-nacional-mexicana-la-memoria-la-insinuacion-y-la-cultura-popular-en-el-siglo-xix\\\/\"]}]},{\"@type\":\"ImageObject\",\"inLanguage\":\"es\",\"@id\":\"https:\\\/\\\/booksfrommexico.com\\\/es\\\/producto\\\/la-identidad-nacional-mexicana-la-memoria-la-insinuacion-y-la-cultura-popular-en-el-siglo-xix\\\/#primaryimage\",\"url\":\"https:\\\/\\\/booksfrommexico.com\\\/app\\\/uploads\\\/2023\\\/05\\\/143135.jpeg\",\"contentUrl\":\"https:\\\/\\\/booksfrommexico.com\\\/app\\\/uploads\\\/2023\\\/05\\\/143135.jpeg\",\"width\":453,\"height\":655,\"caption\":\"La Identidad nacional mexicana. La memoria, la insinuaci\u00f3n y la cultura popular en el siglo XIX\"},{\"@type\":\"BreadcrumbList\",\"@id\":\"https:\\\/\\\/booksfrommexico.com\\\/es\\\/producto\\\/la-identidad-nacional-mexicana-la-memoria-la-insinuacion-y-la-cultura-popular-en-el-siglo-xix\\\/#breadcrumb\",\"itemListElement\":[{\"@type\":\"ListItem\",\"position\":1,\"name\":\"Home\",\"item\":\"https:\\\/\\\/booksfrommexico.com\\\/es\\\/\"},{\"@type\":\"ListItem\",\"position\":2,\"name\":\"Libros\",\"item\":\"https:\\\/\\\/booksfrommexico.com\\\/es\\\/libros\\\/\"},{\"@type\":\"ListItem\",\"position\":3,\"name\":\"La Identidad nacional mexicana\"}]},{\"@type\":\"WebSite\",\"@id\":\"https:\\\/\\\/booksfrommexico.com\\\/#website\",\"url\":\"https:\\\/\\\/booksfrommexico.com\\\/\",\"name\":\"Books From Mexico\",\"description\":\"\",\"publisher\":{\"@id\":\"https:\\\/\\\/booksfrommexico.com\\\/#organization\"},\"potentialAction\":[{\"@type\":\"SearchAction\",\"target\":{\"@type\":\"EntryPoint\",\"urlTemplate\":\"https:\\\/\\\/booksfrommexico.com\\\/?s={search_term_string}\"},\"query-input\":{\"@type\":\"PropertyValueSpecification\",\"valueRequired\":true,\"valueName\":\"search_term_string\"}}],\"inLanguage\":\"es\"},{\"@type\":\"Organization\",\"@id\":\"https:\\\/\\\/booksfrommexico.com\\\/#organization\",\"name\":\"Books From Mexico\",\"url\":\"https:\\\/\\\/booksfrommexico.com\\\/\",\"logo\":{\"@type\":\"ImageObject\",\"inLanguage\":\"es\",\"@id\":\"https:\\\/\\\/booksfrommexico.com\\\/#\\\/schema\\\/logo\\\/image\\\/\",\"url\":\"https:\\\/\\\/booksfrommexico.com\\\/app\\\/uploads\\\/2023\\\/05\\\/logo-booksfrommexico.svg\",\"contentUrl\":\"https:\\\/\\\/booksfrommexico.com\\\/app\\\/uploads\\\/2023\\\/05\\\/logo-booksfrommexico.svg\",\"width\":86,\"height\":56,\"caption\":\"Books From Mexico\"},\"image\":{\"@id\":\"https:\\\/\\\/booksfrommexico.com\\\/#\\\/schema\\\/logo\\\/image\\\/\"}}]}<\/script>\n<!-- \/ Yoast SEO plugin. -->","yoast_head_json":{"title":"La Identidad nacional mexicana. Books From M\u00e9xico.","description":"La Identidad nacional mexicana. La memoria, la insinuaci\u00f3n y la cultura popular en el siglo XIX. Wiliam H Beezley; traducci\u00f3n Rafael Becerra.","robots":{"index":"index","follow":"follow","max-snippet":"max-snippet:-1","max-image-preview":"max-image-preview:large","max-video-preview":"max-video-preview:-1"},"canonical":"https:\/\/booksfrommexico.com\/es\/producto\/la-identidad-nacional-mexicana-la-memoria-la-insinuacion-y-la-cultura-popular-en-el-siglo-xix\/","og_locale":"es_ES","og_type":"article","og_title":"La Identidad nacional mexicana. Books From M\u00e9xico.","og_description":"La Identidad nacional mexicana. La memoria, la insinuaci\u00f3n y la cultura popular en el siglo XIX. Wiliam H Beezley; traducci\u00f3n Rafael Becerra.","og_url":"https:\/\/booksfrommexico.com\/es\/producto\/la-identidad-nacional-mexicana-la-memoria-la-insinuacion-y-la-cultura-popular-en-el-siglo-xix\/","og_site_name":"Books From Mexico","article_modified_time":"2023-11-03T15:36:18+00:00","og_image":[{"width":453,"height":655,"url":"http:\/\/booksfrommexico.com\/app\/uploads\/2023\/05\/143135.jpeg","type":"image\/jpeg"}],"twitter_card":"summary_large_image","twitter_misc":{"Tiempo de lectura":"1 minuto"},"schema":{"@context":"https:\/\/schema.org","@graph":[{"@type":"WebPage","@id":"https:\/\/booksfrommexico.com\/es\/producto\/la-identidad-nacional-mexicana-la-memoria-la-insinuacion-y-la-cultura-popular-en-el-siglo-xix\/","url":"https:\/\/booksfrommexico.com\/es\/producto\/la-identidad-nacional-mexicana-la-memoria-la-insinuacion-y-la-cultura-popular-en-el-siglo-xix\/","name":"La Identidad nacional mexicana. Books From M\u00e9xico.","isPartOf":{"@id":"https:\/\/booksfrommexico.com\/#website"},"primaryImageOfPage":{"@id":"https:\/\/booksfrommexico.com\/es\/producto\/la-identidad-nacional-mexicana-la-memoria-la-insinuacion-y-la-cultura-popular-en-el-siglo-xix\/#primaryimage"},"image":{"@id":"https:\/\/booksfrommexico.com\/es\/producto\/la-identidad-nacional-mexicana-la-memoria-la-insinuacion-y-la-cultura-popular-en-el-siglo-xix\/#primaryimage"},"thumbnailUrl":"https:\/\/booksfrommexico.com\/app\/uploads\/2023\/05\/143135.jpeg","datePublished":"2023-05-08T17:08:10+00:00","dateModified":"2023-11-03T15:36:18+00:00","description":"La Identidad nacional mexicana. La memoria, la insinuaci\u00f3n y la cultura popular en el siglo XIX. Wiliam H Beezley; traducci\u00f3n Rafael Becerra.","breadcrumb":{"@id":"https:\/\/booksfrommexico.com\/es\/producto\/la-identidad-nacional-mexicana-la-memoria-la-insinuacion-y-la-cultura-popular-en-el-siglo-xix\/#breadcrumb"},"inLanguage":"es","potentialAction":[{"@type":"ReadAction","target":["https:\/\/booksfrommexico.com\/es\/producto\/la-identidad-nacional-mexicana-la-memoria-la-insinuacion-y-la-cultura-popular-en-el-siglo-xix\/"]}]},{"@type":"ImageObject","inLanguage":"es","@id":"https:\/\/booksfrommexico.com\/es\/producto\/la-identidad-nacional-mexicana-la-memoria-la-insinuacion-y-la-cultura-popular-en-el-siglo-xix\/#primaryimage","url":"https:\/\/booksfrommexico.com\/app\/uploads\/2023\/05\/143135.jpeg","contentUrl":"https:\/\/booksfrommexico.com\/app\/uploads\/2023\/05\/143135.jpeg","width":453,"height":655,"caption":"La Identidad nacional mexicana. La memoria, la insinuaci\u00f3n y la cultura popular en el siglo XIX"},{"@type":"BreadcrumbList","@id":"https:\/\/booksfrommexico.com\/es\/producto\/la-identidad-nacional-mexicana-la-memoria-la-insinuacion-y-la-cultura-popular-en-el-siglo-xix\/#breadcrumb","itemListElement":[{"@type":"ListItem","position":1,"name":"Home","item":"https:\/\/booksfrommexico.com\/es\/"},{"@type":"ListItem","position":2,"name":"Libros","item":"https:\/\/booksfrommexico.com\/es\/libros\/"},{"@type":"ListItem","position":3,"name":"La Identidad nacional mexicana"}]},{"@type":"WebSite","@id":"https:\/\/booksfrommexico.com\/#website","url":"https:\/\/booksfrommexico.com\/","name":"Books From Mexico","description":"","publisher":{"@id":"https:\/\/booksfrommexico.com\/#organization"},"potentialAction":[{"@type":"SearchAction","target":{"@type":"EntryPoint","urlTemplate":"https:\/\/booksfrommexico.com\/?s={search_term_string}"},"query-input":{"@type":"PropertyValueSpecification","valueRequired":true,"valueName":"search_term_string"}}],"inLanguage":"es"},{"@type":"Organization","@id":"https:\/\/booksfrommexico.com\/#organization","name":"Books From Mexico","url":"https:\/\/booksfrommexico.com\/","logo":{"@type":"ImageObject","inLanguage":"es","@id":"https:\/\/booksfrommexico.com\/#\/schema\/logo\/image\/","url":"https:\/\/booksfrommexico.com\/app\/uploads\/2023\/05\/logo-booksfrommexico.svg","contentUrl":"https:\/\/booksfrommexico.com\/app\/uploads\/2023\/05\/logo-booksfrommexico.svg","width":86,"height":56,"caption":"Books From Mexico"},"image":{"@id":"https:\/\/booksfrommexico.com\/#\/schema\/logo\/image\/"}}]}},"_links":{"self":[{"href":"https:\/\/booksfrommexico.com\/es\/wp-json\/wp\/v2\/product\/892","targetHints":{"allow":["GET"]}}],"collection":[{"href":"https:\/\/booksfrommexico.com\/es\/wp-json\/wp\/v2\/product"}],"about":[{"href":"https:\/\/booksfrommexico.com\/es\/wp-json\/wp\/v2\/types\/product"}],"wp:featuredmedia":[{"embeddable":true,"href":"https:\/\/booksfrommexico.com\/es\/wp-json\/wp\/v2\/media\/891"}],"wp:attachment":[{"href":"https:\/\/booksfrommexico.com\/es\/wp-json\/wp\/v2\/media?parent=892"}],"wp:term":[{"taxonomy":"product_brand","embeddable":true,"href":"https:\/\/booksfrommexico.com\/es\/wp-json\/wp\/v2\/product_brand?post=892"},{"taxonomy":"product_cat","embeddable":true,"href":"https:\/\/booksfrommexico.com\/es\/wp-json\/wp\/v2\/product_cat?post=892"},{"taxonomy":"product_tag","embeddable":true,"href":"https:\/\/booksfrommexico.com\/es\/wp-json\/wp\/v2\/product_tag?post=892"}],"curies":[{"name":"wp","href":"https:\/\/api.w.org\/{rel}","templated":true}]}}