{"id":894,"date":"2023-05-08T17:08:12","date_gmt":"2023-05-08T17:08:12","guid":{"rendered":"http:\/\/booksfrommexico.com\/product\/la-literatura-mexicana-del-siglo-xx\/"},"modified":"2023-11-03T15:34:52","modified_gmt":"2023-11-03T15:34:52","slug":"la-literatura-mexicana-del-siglo-xx","status":"publish","type":"product","link":"https:\/\/booksfrommexico.com\/es\/producto\/la-literatura-mexicana-del-siglo-xx\/","title":{"rendered":"La Literatura mexicana del siglo XX"},"content":{"rendered":"","protected":false},"excerpt":{"rendered":"<p>Manuel Fern\u00e1ndez Perera, coordinador. M\u00e9xico, D.F.: Fondo de Cultura Econ\u00f3mica, 2008. 498 pages : 21 cm. \u00abBiblioteca Mexicana; Serie Historia y Antropolog\u00eda\u00bb. ISBN: 978-9681685874<\/p>\n","protected":false},"featured_media":893,"template":"","meta":{"_acf_changed":false,"inline_featured_image":false},"product_brand":[],"product_cat":[25],"product_tag":[],"class_list":{"0":"post-894","1":"product","2":"type-product","3":"status-publish","4":"has-post-thumbnail","6":"product_cat-literatura","8":"first","9":"instock","10":"taxable","11":"shipping-taxable","12":"purchasable","13":"product-type-simple"},"acf":[],"yoast_head":"<!-- This site is optimized with the Yoast SEO plugin v27.3 - https:\/\/yoast.com\/product\/yoast-seo-wordpress\/ -->\n<title>La Literatura mexicana del siglo XX. Books From M\u00e9xico.<\/title>\n<meta name=\"description\" content=\"La Literatura mexicana del siglo XX. Manuel Fern\u00e1ndez Perera, coordinador. M\u00e9xico, D.F.: Fondo de Cultura Econ\u00f3mica, 2008.\" \/>\n<meta name=\"robots\" content=\"index, follow, max-snippet:-1, max-image-preview:large, max-video-preview:-1\" \/>\n<link rel=\"canonical\" href=\"https:\/\/booksfrommexico.com\/es\/producto\/la-literatura-mexicana-del-siglo-xx\/\" \/>\n<meta property=\"og:locale\" content=\"es_ES\" \/>\n<meta property=\"og:type\" content=\"article\" \/>\n<meta property=\"og:title\" content=\"La Literatura mexicana del siglo XX. Books From M\u00e9xico.\" \/>\n<meta property=\"og:description\" content=\"La Literatura mexicana del siglo XX. Manuel Fern\u00e1ndez Perera, coordinador. M\u00e9xico, D.F.: Fondo de Cultura Econ\u00f3mica, 2008.\" \/>\n<meta property=\"og:url\" content=\"https:\/\/booksfrommexico.com\/es\/producto\/la-literatura-mexicana-del-siglo-xx\/\" \/>\n<meta property=\"og:site_name\" content=\"Books From Mexico\" \/>\n<meta property=\"article:modified_time\" content=\"2023-11-03T15:34:52+00:00\" \/>\n<meta property=\"og:image\" content=\"http:\/\/booksfrommexico.com\/app\/uploads\/2023\/05\/143093.jpeg\" \/>\n\t<meta property=\"og:image:width\" content=\"387\" \/>\n\t<meta property=\"og:image:height\" content=\"613\" \/>\n\t<meta property=\"og:image:type\" content=\"image\/jpeg\" \/>\n<meta name=\"twitter:card\" content=\"summary_large_image\" \/>\n<script type=\"application\/ld+json\" class=\"yoast-schema-graph\">{\"@context\":\"https:\\\/\\\/schema.org\",\"@graph\":[{\"@type\":\"WebPage\",\"@id\":\"https:\\\/\\\/booksfrommexico.com\\\/es\\\/producto\\\/la-literatura-mexicana-del-siglo-xx\\\/\",\"url\":\"https:\\\/\\\/booksfrommexico.com\\\/es\\\/producto\\\/la-literatura-mexicana-del-siglo-xx\\\/\",\"name\":\"La Literatura mexicana del siglo XX. Books From M\u00e9xico.\",\"isPartOf\":{\"@id\":\"https:\\\/\\\/booksfrommexico.com\\\/#website\"},\"primaryImageOfPage\":{\"@id\":\"https:\\\/\\\/booksfrommexico.com\\\/es\\\/producto\\\/la-literatura-mexicana-del-siglo-xx\\\/#primaryimage\"},\"image\":{\"@id\":\"https:\\\/\\\/booksfrommexico.com\\\/es\\\/producto\\\/la-literatura-mexicana-del-siglo-xx\\\/#primaryimage\"},\"thumbnailUrl\":\"https:\\\/\\\/booksfrommexico.com\\\/app\\\/uploads\\\/2023\\\/05\\\/143093.jpeg\",\"datePublished\":\"2023-05-08T17:08:12+00:00\",\"dateModified\":\"2023-11-03T15:34:52+00:00\",\"description\":\"La Literatura mexicana del siglo XX. Manuel Fern\u00e1ndez Perera, coordinador. M\u00e9xico, D.F.: Fondo de Cultura Econ\u00f3mica, 2008.\",\"breadcrumb\":{\"@id\":\"https:\\\/\\\/booksfrommexico.com\\\/es\\\/producto\\\/la-literatura-mexicana-del-siglo-xx\\\/#breadcrumb\"},\"inLanguage\":\"es\",\"potentialAction\":[{\"@type\":\"ReadAction\",\"target\":[\"https:\\\/\\\/booksfrommexico.com\\\/es\\\/producto\\\/la-literatura-mexicana-del-siglo-xx\\\/\"]}]},{\"@type\":\"ImageObject\",\"inLanguage\":\"es\",\"@id\":\"https:\\\/\\\/booksfrommexico.com\\\/es\\\/producto\\\/la-literatura-mexicana-del-siglo-xx\\\/#primaryimage\",\"url\":\"https:\\\/\\\/booksfrommexico.com\\\/app\\\/uploads\\\/2023\\\/05\\\/143093.jpeg\",\"contentUrl\":\"https:\\\/\\\/booksfrommexico.com\\\/app\\\/uploads\\\/2023\\\/05\\\/143093.jpeg\",\"width\":387,\"height\":613,\"caption\":\"La Literatura mexicana del siglo XX. Books From M\u00e9xico.\"},{\"@type\":\"BreadcrumbList\",\"@id\":\"https:\\\/\\\/booksfrommexico.com\\\/es\\\/producto\\\/la-literatura-mexicana-del-siglo-xx\\\/#breadcrumb\",\"itemListElement\":[{\"@type\":\"ListItem\",\"position\":1,\"name\":\"Home\",\"item\":\"https:\\\/\\\/booksfrommexico.com\\\/es\\\/\"},{\"@type\":\"ListItem\",\"position\":2,\"name\":\"Libros\",\"item\":\"https:\\\/\\\/booksfrommexico.com\\\/es\\\/libros\\\/\"},{\"@type\":\"ListItem\",\"position\":3,\"name\":\"La Literatura mexicana del siglo XX\"}]},{\"@type\":\"WebSite\",\"@id\":\"https:\\\/\\\/booksfrommexico.com\\\/#website\",\"url\":\"https:\\\/\\\/booksfrommexico.com\\\/\",\"name\":\"Books From Mexico\",\"description\":\"\",\"publisher\":{\"@id\":\"https:\\\/\\\/booksfrommexico.com\\\/#organization\"},\"potentialAction\":[{\"@type\":\"SearchAction\",\"target\":{\"@type\":\"EntryPoint\",\"urlTemplate\":\"https:\\\/\\\/booksfrommexico.com\\\/?s={search_term_string}\"},\"query-input\":{\"@type\":\"PropertyValueSpecification\",\"valueRequired\":true,\"valueName\":\"search_term_string\"}}],\"inLanguage\":\"es\"},{\"@type\":\"Organization\",\"@id\":\"https:\\\/\\\/booksfrommexico.com\\\/#organization\",\"name\":\"Books From Mexico\",\"url\":\"https:\\\/\\\/booksfrommexico.com\\\/\",\"logo\":{\"@type\":\"ImageObject\",\"inLanguage\":\"es\",\"@id\":\"https:\\\/\\\/booksfrommexico.com\\\/#\\\/schema\\\/logo\\\/image\\\/\",\"url\":\"https:\\\/\\\/booksfrommexico.com\\\/app\\\/uploads\\\/2023\\\/05\\\/logo-booksfrommexico.svg\",\"contentUrl\":\"https:\\\/\\\/booksfrommexico.com\\\/app\\\/uploads\\\/2023\\\/05\\\/logo-booksfrommexico.svg\",\"width\":86,\"height\":56,\"caption\":\"Books From Mexico\"},\"image\":{\"@id\":\"https:\\\/\\\/booksfrommexico.com\\\/#\\\/schema\\\/logo\\\/image\\\/\"}}]}<\/script>\n<!-- \/ Yoast SEO plugin. -->","yoast_head_json":{"title":"La Literatura mexicana del siglo XX. Books From M\u00e9xico.","description":"La Literatura mexicana del siglo XX. Manuel Fern\u00e1ndez Perera, coordinador. M\u00e9xico, D.F.: Fondo de Cultura Econ\u00f3mica, 2008.","robots":{"index":"index","follow":"follow","max-snippet":"max-snippet:-1","max-image-preview":"max-image-preview:large","max-video-preview":"max-video-preview:-1"},"canonical":"https:\/\/booksfrommexico.com\/es\/producto\/la-literatura-mexicana-del-siglo-xx\/","og_locale":"es_ES","og_type":"article","og_title":"La Literatura mexicana del siglo XX. Books From M\u00e9xico.","og_description":"La Literatura mexicana del siglo XX. Manuel Fern\u00e1ndez Perera, coordinador. M\u00e9xico, D.F.: Fondo de Cultura Econ\u00f3mica, 2008.","og_url":"https:\/\/booksfrommexico.com\/es\/producto\/la-literatura-mexicana-del-siglo-xx\/","og_site_name":"Books From Mexico","article_modified_time":"2023-11-03T15:34:52+00:00","og_image":[{"width":387,"height":613,"url":"http:\/\/booksfrommexico.com\/app\/uploads\/2023\/05\/143093.jpeg","type":"image\/jpeg"}],"twitter_card":"summary_large_image","schema":{"@context":"https:\/\/schema.org","@graph":[{"@type":"WebPage","@id":"https:\/\/booksfrommexico.com\/es\/producto\/la-literatura-mexicana-del-siglo-xx\/","url":"https:\/\/booksfrommexico.com\/es\/producto\/la-literatura-mexicana-del-siglo-xx\/","name":"La Literatura mexicana del siglo XX. Books From M\u00e9xico.","isPartOf":{"@id":"https:\/\/booksfrommexico.com\/#website"},"primaryImageOfPage":{"@id":"https:\/\/booksfrommexico.com\/es\/producto\/la-literatura-mexicana-del-siglo-xx\/#primaryimage"},"image":{"@id":"https:\/\/booksfrommexico.com\/es\/producto\/la-literatura-mexicana-del-siglo-xx\/#primaryimage"},"thumbnailUrl":"https:\/\/booksfrommexico.com\/app\/uploads\/2023\/05\/143093.jpeg","datePublished":"2023-05-08T17:08:12+00:00","dateModified":"2023-11-03T15:34:52+00:00","description":"La Literatura mexicana del siglo XX. Manuel Fern\u00e1ndez Perera, coordinador. M\u00e9xico, D.F.: Fondo de Cultura Econ\u00f3mica, 2008.","breadcrumb":{"@id":"https:\/\/booksfrommexico.com\/es\/producto\/la-literatura-mexicana-del-siglo-xx\/#breadcrumb"},"inLanguage":"es","potentialAction":[{"@type":"ReadAction","target":["https:\/\/booksfrommexico.com\/es\/producto\/la-literatura-mexicana-del-siglo-xx\/"]}]},{"@type":"ImageObject","inLanguage":"es","@id":"https:\/\/booksfrommexico.com\/es\/producto\/la-literatura-mexicana-del-siglo-xx\/#primaryimage","url":"https:\/\/booksfrommexico.com\/app\/uploads\/2023\/05\/143093.jpeg","contentUrl":"https:\/\/booksfrommexico.com\/app\/uploads\/2023\/05\/143093.jpeg","width":387,"height":613,"caption":"La Literatura mexicana del siglo XX. Books From M\u00e9xico."},{"@type":"BreadcrumbList","@id":"https:\/\/booksfrommexico.com\/es\/producto\/la-literatura-mexicana-del-siglo-xx\/#breadcrumb","itemListElement":[{"@type":"ListItem","position":1,"name":"Home","item":"https:\/\/booksfrommexico.com\/es\/"},{"@type":"ListItem","position":2,"name":"Libros","item":"https:\/\/booksfrommexico.com\/es\/libros\/"},{"@type":"ListItem","position":3,"name":"La Literatura mexicana del siglo XX"}]},{"@type":"WebSite","@id":"https:\/\/booksfrommexico.com\/#website","url":"https:\/\/booksfrommexico.com\/","name":"Books From Mexico","description":"","publisher":{"@id":"https:\/\/booksfrommexico.com\/#organization"},"potentialAction":[{"@type":"SearchAction","target":{"@type":"EntryPoint","urlTemplate":"https:\/\/booksfrommexico.com\/?s={search_term_string}"},"query-input":{"@type":"PropertyValueSpecification","valueRequired":true,"valueName":"search_term_string"}}],"inLanguage":"es"},{"@type":"Organization","@id":"https:\/\/booksfrommexico.com\/#organization","name":"Books From Mexico","url":"https:\/\/booksfrommexico.com\/","logo":{"@type":"ImageObject","inLanguage":"es","@id":"https:\/\/booksfrommexico.com\/#\/schema\/logo\/image\/","url":"https:\/\/booksfrommexico.com\/app\/uploads\/2023\/05\/logo-booksfrommexico.svg","contentUrl":"https:\/\/booksfrommexico.com\/app\/uploads\/2023\/05\/logo-booksfrommexico.svg","width":86,"height":56,"caption":"Books From Mexico"},"image":{"@id":"https:\/\/booksfrommexico.com\/#\/schema\/logo\/image\/"}}]}},"_links":{"self":[{"href":"https:\/\/booksfrommexico.com\/es\/wp-json\/wp\/v2\/product\/894","targetHints":{"allow":["GET"]}}],"collection":[{"href":"https:\/\/booksfrommexico.com\/es\/wp-json\/wp\/v2\/product"}],"about":[{"href":"https:\/\/booksfrommexico.com\/es\/wp-json\/wp\/v2\/types\/product"}],"wp:featuredmedia":[{"embeddable":true,"href":"https:\/\/booksfrommexico.com\/es\/wp-json\/wp\/v2\/media\/893"}],"wp:attachment":[{"href":"https:\/\/booksfrommexico.com\/es\/wp-json\/wp\/v2\/media?parent=894"}],"wp:term":[{"taxonomy":"product_brand","embeddable":true,"href":"https:\/\/booksfrommexico.com\/es\/wp-json\/wp\/v2\/product_brand?post=894"},{"taxonomy":"product_cat","embeddable":true,"href":"https:\/\/booksfrommexico.com\/es\/wp-json\/wp\/v2\/product_cat?post=894"},{"taxonomy":"product_tag","embeddable":true,"href":"https:\/\/booksfrommexico.com\/es\/wp-json\/wp\/v2\/product_tag?post=894"}],"curies":[{"name":"wp","href":"https:\/\/api.w.org\/{rel}","templated":true}]}}