{"id":900,"date":"2023-05-08T17:08:16","date_gmt":"2023-05-08T17:08:16","guid":{"rendered":"http:\/\/booksfrommexico.com\/product\/violencia-de-genero-o-violencia-falocentrica-variaciones-sobre-un-sistema-complejo\/"},"modified":"2023-11-03T15:31:40","modified_gmt":"2023-11-03T15:31:40","slug":"violencia-de-genero-o-violencia-falocentrica-variaciones-sobre-un-sistema-complejo","status":"publish","type":"product","link":"https:\/\/booksfrommexico.com\/es\/producto\/violencia-de-genero-o-violencia-falocentrica-variaciones-sobre-un-sistema-complejo\/","title":{"rendered":"\u00bfViolencia de g\u00e9nero o violencia faloc\u00e9ntrica? Variaciones sobre un sistema complejo"},"content":{"rendered":"","protected":false},"excerpt":{"rendered":"<p>Mar\u00eda Guadalupe Huacuz El\u00edas. M\u00e9xico, D.F.: Instituto Nacional de Antropolog\u00eda e Historia, 2009. 159 pages : 26 cm. \u00abColecci\u00f3n Cient\u00edfica\u00bb, 546. ISBN: 9786075392059<\/p>\n","protected":false},"featured_media":899,"template":"","meta":{"_acf_changed":false,"inline_featured_image":false},"product_brand":[],"product_cat":[147,217],"product_tag":[],"class_list":{"0":"post-900","1":"product","2":"type-product","3":"status-publish","4":"has-post-thumbnail","6":"product_cat-estudios-de-genero","7":"product_cat-violencia-contra-las-mujeres-estudios-de-genero","9":"first","10":"instock","11":"taxable","12":"shipping-taxable","13":"purchasable","14":"product-type-simple"},"acf":[],"yoast_head":"<!-- This site is optimized with the Yoast SEO plugin v27.3 - https:\/\/yoast.com\/product\/yoast-seo-wordpress\/ -->\n<title>\u00bfViolencia de g\u00e9nero o violencia faloc\u00e9ntrica? Books From M\u00e9xico<\/title>\n<meta name=\"description\" content=\"\u00bfViolencia de g\u00e9nero o violencia faloc\u00e9ntrica? Variaciones sobre un sistema complejo. Mar\u00eda Guadalupe Huacuz El\u00edas. M\u00e9xico, D.F.\" \/>\n<meta name=\"robots\" content=\"index, follow, max-snippet:-1, max-image-preview:large, max-video-preview:-1\" \/>\n<link rel=\"canonical\" href=\"https:\/\/booksfrommexico.com\/es\/producto\/violencia-de-genero-o-violencia-falocentrica-variaciones-sobre-un-sistema-complejo\/\" \/>\n<meta property=\"og:locale\" content=\"es_ES\" \/>\n<meta property=\"og:type\" content=\"article\" \/>\n<meta property=\"og:title\" content=\"\u00bfViolencia de g\u00e9nero o violencia faloc\u00e9ntrica? Books From M\u00e9xico\" \/>\n<meta property=\"og:description\" content=\"\u00bfViolencia de g\u00e9nero o violencia faloc\u00e9ntrica? Variaciones sobre un sistema complejo. Mar\u00eda Guadalupe Huacuz El\u00edas. M\u00e9xico, D.F.\" \/>\n<meta property=\"og:url\" content=\"https:\/\/booksfrommexico.com\/es\/producto\/violencia-de-genero-o-violencia-falocentrica-variaciones-sobre-un-sistema-complejo\/\" \/>\n<meta property=\"og:site_name\" content=\"Books From Mexico\" \/>\n<meta property=\"article:modified_time\" content=\"2023-11-03T15:31:40+00:00\" \/>\n<meta property=\"og:image\" content=\"http:\/\/booksfrommexico.com\/app\/uploads\/2023\/05\/145218.jpeg\" \/>\n\t<meta property=\"og:image:width\" content=\"526\" \/>\n\t<meta property=\"og:image:height\" content=\"748\" \/>\n\t<meta property=\"og:image:type\" content=\"image\/jpeg\" \/>\n<meta name=\"twitter:card\" content=\"summary_large_image\" \/>\n<script type=\"application\/ld+json\" class=\"yoast-schema-graph\">{\"@context\":\"https:\\\/\\\/schema.org\",\"@graph\":[{\"@type\":\"WebPage\",\"@id\":\"https:\\\/\\\/booksfrommexico.com\\\/es\\\/producto\\\/violencia-de-genero-o-violencia-falocentrica-variaciones-sobre-un-sistema-complejo\\\/\",\"url\":\"https:\\\/\\\/booksfrommexico.com\\\/es\\\/producto\\\/violencia-de-genero-o-violencia-falocentrica-variaciones-sobre-un-sistema-complejo\\\/\",\"name\":\"\u00bfViolencia de g\u00e9nero o violencia faloc\u00e9ntrica? Books From M\u00e9xico\",\"isPartOf\":{\"@id\":\"https:\\\/\\\/booksfrommexico.com\\\/#website\"},\"primaryImageOfPage\":{\"@id\":\"https:\\\/\\\/booksfrommexico.com\\\/es\\\/producto\\\/violencia-de-genero-o-violencia-falocentrica-variaciones-sobre-un-sistema-complejo\\\/#primaryimage\"},\"image\":{\"@id\":\"https:\\\/\\\/booksfrommexico.com\\\/es\\\/producto\\\/violencia-de-genero-o-violencia-falocentrica-variaciones-sobre-un-sistema-complejo\\\/#primaryimage\"},\"thumbnailUrl\":\"https:\\\/\\\/booksfrommexico.com\\\/app\\\/uploads\\\/2023\\\/05\\\/145218.jpeg\",\"datePublished\":\"2023-05-08T17:08:16+00:00\",\"dateModified\":\"2023-11-03T15:31:40+00:00\",\"description\":\"\u00bfViolencia de g\u00e9nero o violencia faloc\u00e9ntrica? Variaciones sobre un sistema complejo. Mar\u00eda Guadalupe Huacuz El\u00edas. M\u00e9xico, D.F.\",\"breadcrumb\":{\"@id\":\"https:\\\/\\\/booksfrommexico.com\\\/es\\\/producto\\\/violencia-de-genero-o-violencia-falocentrica-variaciones-sobre-un-sistema-complejo\\\/#breadcrumb\"},\"inLanguage\":\"es\",\"potentialAction\":[{\"@type\":\"ReadAction\",\"target\":[\"https:\\\/\\\/booksfrommexico.com\\\/es\\\/producto\\\/violencia-de-genero-o-violencia-falocentrica-variaciones-sobre-un-sistema-complejo\\\/\"]}]},{\"@type\":\"ImageObject\",\"inLanguage\":\"es\",\"@id\":\"https:\\\/\\\/booksfrommexico.com\\\/es\\\/producto\\\/violencia-de-genero-o-violencia-falocentrica-variaciones-sobre-un-sistema-complejo\\\/#primaryimage\",\"url\":\"https:\\\/\\\/booksfrommexico.com\\\/app\\\/uploads\\\/2023\\\/05\\\/145218.jpeg\",\"contentUrl\":\"https:\\\/\\\/booksfrommexico.com\\\/app\\\/uploads\\\/2023\\\/05\\\/145218.jpeg\",\"width\":526,\"height\":748,\"caption\":\"\u00bfViolencia de g\u00e9nero o violencia faloc\u00e9ntrica? Variaciones sobre un sistema complejo\"},{\"@type\":\"BreadcrumbList\",\"@id\":\"https:\\\/\\\/booksfrommexico.com\\\/es\\\/producto\\\/violencia-de-genero-o-violencia-falocentrica-variaciones-sobre-un-sistema-complejo\\\/#breadcrumb\",\"itemListElement\":[{\"@type\":\"ListItem\",\"position\":1,\"name\":\"Home\",\"item\":\"https:\\\/\\\/booksfrommexico.com\\\/es\\\/\"},{\"@type\":\"ListItem\",\"position\":2,\"name\":\"Libros\",\"item\":\"https:\\\/\\\/booksfrommexico.com\\\/es\\\/libros\\\/\"},{\"@type\":\"ListItem\",\"position\":3,\"name\":\"\u00bfViolencia de g\u00e9nero o violencia faloc\u00e9ntrica? Variaciones sobre un sistema complejo\"}]},{\"@type\":\"WebSite\",\"@id\":\"https:\\\/\\\/booksfrommexico.com\\\/#website\",\"url\":\"https:\\\/\\\/booksfrommexico.com\\\/\",\"name\":\"Books From Mexico\",\"description\":\"\",\"publisher\":{\"@id\":\"https:\\\/\\\/booksfrommexico.com\\\/#organization\"},\"potentialAction\":[{\"@type\":\"SearchAction\",\"target\":{\"@type\":\"EntryPoint\",\"urlTemplate\":\"https:\\\/\\\/booksfrommexico.com\\\/?s={search_term_string}\"},\"query-input\":{\"@type\":\"PropertyValueSpecification\",\"valueRequired\":true,\"valueName\":\"search_term_string\"}}],\"inLanguage\":\"es\"},{\"@type\":\"Organization\",\"@id\":\"https:\\\/\\\/booksfrommexico.com\\\/#organization\",\"name\":\"Books From Mexico\",\"url\":\"https:\\\/\\\/booksfrommexico.com\\\/\",\"logo\":{\"@type\":\"ImageObject\",\"inLanguage\":\"es\",\"@id\":\"https:\\\/\\\/booksfrommexico.com\\\/#\\\/schema\\\/logo\\\/image\\\/\",\"url\":\"https:\\\/\\\/booksfrommexico.com\\\/app\\\/uploads\\\/2023\\\/05\\\/logo-booksfrommexico.svg\",\"contentUrl\":\"https:\\\/\\\/booksfrommexico.com\\\/app\\\/uploads\\\/2023\\\/05\\\/logo-booksfrommexico.svg\",\"width\":86,\"height\":56,\"caption\":\"Books From Mexico\"},\"image\":{\"@id\":\"https:\\\/\\\/booksfrommexico.com\\\/#\\\/schema\\\/logo\\\/image\\\/\"}}]}<\/script>\n<!-- \/ Yoast SEO plugin. -->","yoast_head_json":{"title":"\u00bfViolencia de g\u00e9nero o violencia faloc\u00e9ntrica? Books From M\u00e9xico","description":"\u00bfViolencia de g\u00e9nero o violencia faloc\u00e9ntrica? Variaciones sobre un sistema complejo. Mar\u00eda Guadalupe Huacuz El\u00edas. M\u00e9xico, D.F.","robots":{"index":"index","follow":"follow","max-snippet":"max-snippet:-1","max-image-preview":"max-image-preview:large","max-video-preview":"max-video-preview:-1"},"canonical":"https:\/\/booksfrommexico.com\/es\/producto\/violencia-de-genero-o-violencia-falocentrica-variaciones-sobre-un-sistema-complejo\/","og_locale":"es_ES","og_type":"article","og_title":"\u00bfViolencia de g\u00e9nero o violencia faloc\u00e9ntrica? Books From M\u00e9xico","og_description":"\u00bfViolencia de g\u00e9nero o violencia faloc\u00e9ntrica? Variaciones sobre un sistema complejo. Mar\u00eda Guadalupe Huacuz El\u00edas. M\u00e9xico, D.F.","og_url":"https:\/\/booksfrommexico.com\/es\/producto\/violencia-de-genero-o-violencia-falocentrica-variaciones-sobre-un-sistema-complejo\/","og_site_name":"Books From Mexico","article_modified_time":"2023-11-03T15:31:40+00:00","og_image":[{"width":526,"height":748,"url":"http:\/\/booksfrommexico.com\/app\/uploads\/2023\/05\/145218.jpeg","type":"image\/jpeg"}],"twitter_card":"summary_large_image","schema":{"@context":"https:\/\/schema.org","@graph":[{"@type":"WebPage","@id":"https:\/\/booksfrommexico.com\/es\/producto\/violencia-de-genero-o-violencia-falocentrica-variaciones-sobre-un-sistema-complejo\/","url":"https:\/\/booksfrommexico.com\/es\/producto\/violencia-de-genero-o-violencia-falocentrica-variaciones-sobre-un-sistema-complejo\/","name":"\u00bfViolencia de g\u00e9nero o violencia faloc\u00e9ntrica? Books From M\u00e9xico","isPartOf":{"@id":"https:\/\/booksfrommexico.com\/#website"},"primaryImageOfPage":{"@id":"https:\/\/booksfrommexico.com\/es\/producto\/violencia-de-genero-o-violencia-falocentrica-variaciones-sobre-un-sistema-complejo\/#primaryimage"},"image":{"@id":"https:\/\/booksfrommexico.com\/es\/producto\/violencia-de-genero-o-violencia-falocentrica-variaciones-sobre-un-sistema-complejo\/#primaryimage"},"thumbnailUrl":"https:\/\/booksfrommexico.com\/app\/uploads\/2023\/05\/145218.jpeg","datePublished":"2023-05-08T17:08:16+00:00","dateModified":"2023-11-03T15:31:40+00:00","description":"\u00bfViolencia de g\u00e9nero o violencia faloc\u00e9ntrica? Variaciones sobre un sistema complejo. Mar\u00eda Guadalupe Huacuz El\u00edas. M\u00e9xico, D.F.","breadcrumb":{"@id":"https:\/\/booksfrommexico.com\/es\/producto\/violencia-de-genero-o-violencia-falocentrica-variaciones-sobre-un-sistema-complejo\/#breadcrumb"},"inLanguage":"es","potentialAction":[{"@type":"ReadAction","target":["https:\/\/booksfrommexico.com\/es\/producto\/violencia-de-genero-o-violencia-falocentrica-variaciones-sobre-un-sistema-complejo\/"]}]},{"@type":"ImageObject","inLanguage":"es","@id":"https:\/\/booksfrommexico.com\/es\/producto\/violencia-de-genero-o-violencia-falocentrica-variaciones-sobre-un-sistema-complejo\/#primaryimage","url":"https:\/\/booksfrommexico.com\/app\/uploads\/2023\/05\/145218.jpeg","contentUrl":"https:\/\/booksfrommexico.com\/app\/uploads\/2023\/05\/145218.jpeg","width":526,"height":748,"caption":"\u00bfViolencia de g\u00e9nero o violencia faloc\u00e9ntrica? Variaciones sobre un sistema complejo"},{"@type":"BreadcrumbList","@id":"https:\/\/booksfrommexico.com\/es\/producto\/violencia-de-genero-o-violencia-falocentrica-variaciones-sobre-un-sistema-complejo\/#breadcrumb","itemListElement":[{"@type":"ListItem","position":1,"name":"Home","item":"https:\/\/booksfrommexico.com\/es\/"},{"@type":"ListItem","position":2,"name":"Libros","item":"https:\/\/booksfrommexico.com\/es\/libros\/"},{"@type":"ListItem","position":3,"name":"\u00bfViolencia de g\u00e9nero o violencia faloc\u00e9ntrica? Variaciones sobre un sistema complejo"}]},{"@type":"WebSite","@id":"https:\/\/booksfrommexico.com\/#website","url":"https:\/\/booksfrommexico.com\/","name":"Books From Mexico","description":"","publisher":{"@id":"https:\/\/booksfrommexico.com\/#organization"},"potentialAction":[{"@type":"SearchAction","target":{"@type":"EntryPoint","urlTemplate":"https:\/\/booksfrommexico.com\/?s={search_term_string}"},"query-input":{"@type":"PropertyValueSpecification","valueRequired":true,"valueName":"search_term_string"}}],"inLanguage":"es"},{"@type":"Organization","@id":"https:\/\/booksfrommexico.com\/#organization","name":"Books From Mexico","url":"https:\/\/booksfrommexico.com\/","logo":{"@type":"ImageObject","inLanguage":"es","@id":"https:\/\/booksfrommexico.com\/#\/schema\/logo\/image\/","url":"https:\/\/booksfrommexico.com\/app\/uploads\/2023\/05\/logo-booksfrommexico.svg","contentUrl":"https:\/\/booksfrommexico.com\/app\/uploads\/2023\/05\/logo-booksfrommexico.svg","width":86,"height":56,"caption":"Books From Mexico"},"image":{"@id":"https:\/\/booksfrommexico.com\/#\/schema\/logo\/image\/"}}]}},"_links":{"self":[{"href":"https:\/\/booksfrommexico.com\/es\/wp-json\/wp\/v2\/product\/900","targetHints":{"allow":["GET"]}}],"collection":[{"href":"https:\/\/booksfrommexico.com\/es\/wp-json\/wp\/v2\/product"}],"about":[{"href":"https:\/\/booksfrommexico.com\/es\/wp-json\/wp\/v2\/types\/product"}],"wp:featuredmedia":[{"embeddable":true,"href":"https:\/\/booksfrommexico.com\/es\/wp-json\/wp\/v2\/media\/899"}],"wp:attachment":[{"href":"https:\/\/booksfrommexico.com\/es\/wp-json\/wp\/v2\/media?parent=900"}],"wp:term":[{"taxonomy":"product_brand","embeddable":true,"href":"https:\/\/booksfrommexico.com\/es\/wp-json\/wp\/v2\/product_brand?post=900"},{"taxonomy":"product_cat","embeddable":true,"href":"https:\/\/booksfrommexico.com\/es\/wp-json\/wp\/v2\/product_cat?post=900"},{"taxonomy":"product_tag","embeddable":true,"href":"https:\/\/booksfrommexico.com\/es\/wp-json\/wp\/v2\/product_tag?post=900"}],"curies":[{"name":"wp","href":"https:\/\/api.w.org\/{rel}","templated":true}]}}