{"id":91,"date":"2023-05-08T16:09:58","date_gmt":"2023-05-08T16:09:58","guid":{"rendered":"http:\/\/booksfrommexico.com\/product\/el-legislador-ponciano-arriaga-1811-1863\/"},"modified":"2024-04-18T22:25:17","modified_gmt":"2024-04-18T22:25:17","slug":"el-legislador-ponciano-arriaga-1811-1863","status":"publish","type":"product","link":"https:\/\/booksfrommexico.com\/es\/producto\/el-legislador-ponciano-arriaga-1811-1863\/","title":{"rendered":"El legislador Ponciano Arriaga, 1811-1863"},"content":{"rendered":"<p style=\"text-align: left;\"><span style=\"font-weight: 400;\">El Consejo Editorial de la C\u00e1mara de Diputados tiene como objetivos fundamentales contribuir al fortalecimiento del entorno democr\u00e1tico y ampliar la difusi\u00f3n de la cultura legislativa y parlamentaria, a partir de la publicaci\u00f3n de obras que promuevan el conocimiento y la memoria hist\u00f3rica de nuestro pa\u00eds. En este t\u00edtulo se encuentra la historia de Ponciano Arriaga, conocido tambi\u00e9n como \u201cPadre de la Constituci\u00f3n\u201d gracias a su amplia carrera pol\u00edtica, sus ideas sociales y agrarias. Fue, adem\u00e1s, un abogado constituyente mexicano, de tendencia liberal y federalista. Apoy\u00f3 el gobierno de Benito Ju\u00e1rez y luch\u00f3 contra Antonio L\u00f3pez de Santa Anna. <\/span><\/p>\n","protected":false},"excerpt":{"rendered":"<p>EL LEGISLADOR PONCIANO ARRIAGA, 1811-1863. <span style=\"font-weight: 400;\">\/ M\u00e9xico, D.F. : C\u00e1mara de Diputados , LXI Legislatura , Consejo Editorial ; Miguel Angel Porr\u00faa, 2011. 165 pages : includes bibliography ;\u00a0 21 cm. (Serie La Historia). ISBN : 9786074015164.\u00a0<\/span><\/p>\n","protected":false},"featured_media":90,"template":"","meta":{"_acf_changed":false,"inline_featured_image":false},"product_brand":[],"product_cat":[27,651],"product_tag":[3630,3594,3627],"class_list":{"0":"post-91","1":"product","2":"type-product","3":"status-publish","4":"has-post-thumbnail","6":"product_cat-historia","7":"product_cat-historia-politica","8":"product_tag-biografia","9":"product_tag-mexico","10":"product_tag-politica-y-gobierno","12":"first","13":"instock","14":"taxable","15":"shipping-taxable","16":"purchasable","17":"product-type-simple"},"acf":[],"yoast_head":"<!-- This site is optimized with the Yoast SEO plugin v27.3 - https:\/\/yoast.com\/product\/yoast-seo-wordpress\/ -->\n<title>El legislador Ponciano Arriaga, 1811-1863<\/title>\n<meta name=\"description\" content=\"EL LEGISLADOR PONCIANO ARRIAGA, 1811-1863. \/ M\u00e9xico, D.F. : C\u00e1mara de Diputados , LXI Legislatura , Consejo Editorial ; Miguel Angel Porr\u00faa, 2011.\" \/>\n<meta name=\"robots\" content=\"index, follow, max-snippet:-1, max-image-preview:large, max-video-preview:-1\" \/>\n<link rel=\"canonical\" href=\"https:\/\/booksfrommexico.com\/es\/producto\/el-legislador-ponciano-arriaga-1811-1863\/\" \/>\n<meta property=\"og:locale\" content=\"es_ES\" \/>\n<meta property=\"og:type\" content=\"article\" \/>\n<meta property=\"og:title\" content=\"El legislador Ponciano Arriaga, 1811-1863\" \/>\n<meta property=\"og:description\" content=\"EL LEGISLADOR PONCIANO ARRIAGA, 1811-1863. \/ M\u00e9xico, D.F. : C\u00e1mara de Diputados , LXI Legislatura , Consejo Editorial ; Miguel Angel Porr\u00faa, 2011.\" \/>\n<meta property=\"og:url\" content=\"https:\/\/booksfrommexico.com\/es\/producto\/el-legislador-ponciano-arriaga-1811-1863\/\" \/>\n<meta property=\"og:site_name\" content=\"Books From Mexico\" \/>\n<meta property=\"article:modified_time\" content=\"2024-04-18T22:25:17+00:00\" \/>\n<meta property=\"og:image\" content=\"http:\/\/booksfrommexico.com\/app\/uploads\/2023\/05\/161846-1-pdf.jpg\" \/>\n\t<meta property=\"og:image:width\" content=\"662\" \/>\n\t<meta property=\"og:image:height\" content=\"1025\" \/>\n\t<meta property=\"og:image:type\" content=\"image\/jpeg\" \/>\n<meta name=\"twitter:card\" content=\"summary_large_image\" \/>\n<meta name=\"twitter:label1\" content=\"Tiempo de lectura\" \/>\n\t<meta name=\"twitter:data1\" content=\"1 minuto\" \/>\n<script type=\"application\/ld+json\" class=\"yoast-schema-graph\">{\"@context\":\"https:\\\/\\\/schema.org\",\"@graph\":[{\"@type\":\"WebPage\",\"@id\":\"https:\\\/\\\/booksfrommexico.com\\\/es\\\/producto\\\/el-legislador-ponciano-arriaga-1811-1863\\\/\",\"url\":\"https:\\\/\\\/booksfrommexico.com\\\/es\\\/producto\\\/el-legislador-ponciano-arriaga-1811-1863\\\/\",\"name\":\"El legislador Ponciano Arriaga, 1811-1863\",\"isPartOf\":{\"@id\":\"https:\\\/\\\/booksfrommexico.com\\\/#website\"},\"primaryImageOfPage\":{\"@id\":\"https:\\\/\\\/booksfrommexico.com\\\/es\\\/producto\\\/el-legislador-ponciano-arriaga-1811-1863\\\/#primaryimage\"},\"image\":{\"@id\":\"https:\\\/\\\/booksfrommexico.com\\\/es\\\/producto\\\/el-legislador-ponciano-arriaga-1811-1863\\\/#primaryimage\"},\"thumbnailUrl\":\"https:\\\/\\\/booksfrommexico.com\\\/app\\\/uploads\\\/2023\\\/05\\\/161846-1-pdf.jpg\",\"datePublished\":\"2023-05-08T16:09:58+00:00\",\"dateModified\":\"2024-04-18T22:25:17+00:00\",\"description\":\"EL LEGISLADOR PONCIANO ARRIAGA, 1811-1863. \\\/ M\u00e9xico, D.F. : C\u00e1mara de Diputados , LXI Legislatura , Consejo Editorial ; Miguel Angel Porr\u00faa, 2011.\",\"breadcrumb\":{\"@id\":\"https:\\\/\\\/booksfrommexico.com\\\/es\\\/producto\\\/el-legislador-ponciano-arriaga-1811-1863\\\/#breadcrumb\"},\"inLanguage\":\"es\",\"potentialAction\":[{\"@type\":\"ReadAction\",\"target\":[\"https:\\\/\\\/booksfrommexico.com\\\/es\\\/producto\\\/el-legislador-ponciano-arriaga-1811-1863\\\/\"]}]},{\"@type\":\"ImageObject\",\"inLanguage\":\"es\",\"@id\":\"https:\\\/\\\/booksfrommexico.com\\\/es\\\/producto\\\/el-legislador-ponciano-arriaga-1811-1863\\\/#primaryimage\",\"url\":\"https:\\\/\\\/booksfrommexico.com\\\/app\\\/uploads\\\/2023\\\/05\\\/161846-1-pdf.jpg\",\"contentUrl\":\"https:\\\/\\\/booksfrommexico.com\\\/app\\\/uploads\\\/2023\\\/05\\\/161846-1-pdf.jpg\",\"width\":662,\"height\":1025,\"caption\":\"PONCIANO ARRIAGA History politics and govermment\"},{\"@type\":\"BreadcrumbList\",\"@id\":\"https:\\\/\\\/booksfrommexico.com\\\/es\\\/producto\\\/el-legislador-ponciano-arriaga-1811-1863\\\/#breadcrumb\",\"itemListElement\":[{\"@type\":\"ListItem\",\"position\":1,\"name\":\"Home\",\"item\":\"https:\\\/\\\/booksfrommexico.com\\\/es\\\/\"},{\"@type\":\"ListItem\",\"position\":2,\"name\":\"Libros\",\"item\":\"https:\\\/\\\/booksfrommexico.com\\\/es\\\/libros\\\/\"},{\"@type\":\"ListItem\",\"position\":3,\"name\":\"El legislador Ponciano Arriaga, 1811-1863\"}]},{\"@type\":\"WebSite\",\"@id\":\"https:\\\/\\\/booksfrommexico.com\\\/#website\",\"url\":\"https:\\\/\\\/booksfrommexico.com\\\/\",\"name\":\"Books From Mexico\",\"description\":\"\",\"publisher\":{\"@id\":\"https:\\\/\\\/booksfrommexico.com\\\/#organization\"},\"potentialAction\":[{\"@type\":\"SearchAction\",\"target\":{\"@type\":\"EntryPoint\",\"urlTemplate\":\"https:\\\/\\\/booksfrommexico.com\\\/?s={search_term_string}\"},\"query-input\":{\"@type\":\"PropertyValueSpecification\",\"valueRequired\":true,\"valueName\":\"search_term_string\"}}],\"inLanguage\":\"es\"},{\"@type\":\"Organization\",\"@id\":\"https:\\\/\\\/booksfrommexico.com\\\/#organization\",\"name\":\"Books From Mexico\",\"url\":\"https:\\\/\\\/booksfrommexico.com\\\/\",\"logo\":{\"@type\":\"ImageObject\",\"inLanguage\":\"es\",\"@id\":\"https:\\\/\\\/booksfrommexico.com\\\/#\\\/schema\\\/logo\\\/image\\\/\",\"url\":\"https:\\\/\\\/booksfrommexico.com\\\/app\\\/uploads\\\/2023\\\/05\\\/logo-booksfrommexico.svg\",\"contentUrl\":\"https:\\\/\\\/booksfrommexico.com\\\/app\\\/uploads\\\/2023\\\/05\\\/logo-booksfrommexico.svg\",\"width\":86,\"height\":56,\"caption\":\"Books From Mexico\"},\"image\":{\"@id\":\"https:\\\/\\\/booksfrommexico.com\\\/#\\\/schema\\\/logo\\\/image\\\/\"}}]}<\/script>\n<!-- \/ Yoast SEO plugin. -->","yoast_head_json":{"title":"El legislador Ponciano Arriaga, 1811-1863","description":"EL LEGISLADOR PONCIANO ARRIAGA, 1811-1863. \/ M\u00e9xico, D.F. : C\u00e1mara de Diputados , LXI Legislatura , Consejo Editorial ; Miguel Angel Porr\u00faa, 2011.","robots":{"index":"index","follow":"follow","max-snippet":"max-snippet:-1","max-image-preview":"max-image-preview:large","max-video-preview":"max-video-preview:-1"},"canonical":"https:\/\/booksfrommexico.com\/es\/producto\/el-legislador-ponciano-arriaga-1811-1863\/","og_locale":"es_ES","og_type":"article","og_title":"El legislador Ponciano Arriaga, 1811-1863","og_description":"EL LEGISLADOR PONCIANO ARRIAGA, 1811-1863. \/ M\u00e9xico, D.F. : C\u00e1mara de Diputados , LXI Legislatura , Consejo Editorial ; Miguel Angel Porr\u00faa, 2011.","og_url":"https:\/\/booksfrommexico.com\/es\/producto\/el-legislador-ponciano-arriaga-1811-1863\/","og_site_name":"Books From Mexico","article_modified_time":"2024-04-18T22:25:17+00:00","og_image":[{"width":662,"height":1025,"url":"http:\/\/booksfrommexico.com\/app\/uploads\/2023\/05\/161846-1-pdf.jpg","type":"image\/jpeg"}],"twitter_card":"summary_large_image","twitter_misc":{"Tiempo de lectura":"1 minuto"},"schema":{"@context":"https:\/\/schema.org","@graph":[{"@type":"WebPage","@id":"https:\/\/booksfrommexico.com\/es\/producto\/el-legislador-ponciano-arriaga-1811-1863\/","url":"https:\/\/booksfrommexico.com\/es\/producto\/el-legislador-ponciano-arriaga-1811-1863\/","name":"El legislador Ponciano Arriaga, 1811-1863","isPartOf":{"@id":"https:\/\/booksfrommexico.com\/#website"},"primaryImageOfPage":{"@id":"https:\/\/booksfrommexico.com\/es\/producto\/el-legislador-ponciano-arriaga-1811-1863\/#primaryimage"},"image":{"@id":"https:\/\/booksfrommexico.com\/es\/producto\/el-legislador-ponciano-arriaga-1811-1863\/#primaryimage"},"thumbnailUrl":"https:\/\/booksfrommexico.com\/app\/uploads\/2023\/05\/161846-1-pdf.jpg","datePublished":"2023-05-08T16:09:58+00:00","dateModified":"2024-04-18T22:25:17+00:00","description":"EL LEGISLADOR PONCIANO ARRIAGA, 1811-1863. \/ M\u00e9xico, D.F. : C\u00e1mara de Diputados , LXI Legislatura , Consejo Editorial ; Miguel Angel Porr\u00faa, 2011.","breadcrumb":{"@id":"https:\/\/booksfrommexico.com\/es\/producto\/el-legislador-ponciano-arriaga-1811-1863\/#breadcrumb"},"inLanguage":"es","potentialAction":[{"@type":"ReadAction","target":["https:\/\/booksfrommexico.com\/es\/producto\/el-legislador-ponciano-arriaga-1811-1863\/"]}]},{"@type":"ImageObject","inLanguage":"es","@id":"https:\/\/booksfrommexico.com\/es\/producto\/el-legislador-ponciano-arriaga-1811-1863\/#primaryimage","url":"https:\/\/booksfrommexico.com\/app\/uploads\/2023\/05\/161846-1-pdf.jpg","contentUrl":"https:\/\/booksfrommexico.com\/app\/uploads\/2023\/05\/161846-1-pdf.jpg","width":662,"height":1025,"caption":"PONCIANO ARRIAGA History politics and govermment"},{"@type":"BreadcrumbList","@id":"https:\/\/booksfrommexico.com\/es\/producto\/el-legislador-ponciano-arriaga-1811-1863\/#breadcrumb","itemListElement":[{"@type":"ListItem","position":1,"name":"Home","item":"https:\/\/booksfrommexico.com\/es\/"},{"@type":"ListItem","position":2,"name":"Libros","item":"https:\/\/booksfrommexico.com\/es\/libros\/"},{"@type":"ListItem","position":3,"name":"El legislador Ponciano Arriaga, 1811-1863"}]},{"@type":"WebSite","@id":"https:\/\/booksfrommexico.com\/#website","url":"https:\/\/booksfrommexico.com\/","name":"Books From Mexico","description":"","publisher":{"@id":"https:\/\/booksfrommexico.com\/#organization"},"potentialAction":[{"@type":"SearchAction","target":{"@type":"EntryPoint","urlTemplate":"https:\/\/booksfrommexico.com\/?s={search_term_string}"},"query-input":{"@type":"PropertyValueSpecification","valueRequired":true,"valueName":"search_term_string"}}],"inLanguage":"es"},{"@type":"Organization","@id":"https:\/\/booksfrommexico.com\/#organization","name":"Books From Mexico","url":"https:\/\/booksfrommexico.com\/","logo":{"@type":"ImageObject","inLanguage":"es","@id":"https:\/\/booksfrommexico.com\/#\/schema\/logo\/image\/","url":"https:\/\/booksfrommexico.com\/app\/uploads\/2023\/05\/logo-booksfrommexico.svg","contentUrl":"https:\/\/booksfrommexico.com\/app\/uploads\/2023\/05\/logo-booksfrommexico.svg","width":86,"height":56,"caption":"Books From Mexico"},"image":{"@id":"https:\/\/booksfrommexico.com\/#\/schema\/logo\/image\/"}}]}},"_links":{"self":[{"href":"https:\/\/booksfrommexico.com\/es\/wp-json\/wp\/v2\/product\/91","targetHints":{"allow":["GET"]}}],"collection":[{"href":"https:\/\/booksfrommexico.com\/es\/wp-json\/wp\/v2\/product"}],"about":[{"href":"https:\/\/booksfrommexico.com\/es\/wp-json\/wp\/v2\/types\/product"}],"wp:featuredmedia":[{"embeddable":true,"href":"https:\/\/booksfrommexico.com\/es\/wp-json\/wp\/v2\/media\/90"}],"wp:attachment":[{"href":"https:\/\/booksfrommexico.com\/es\/wp-json\/wp\/v2\/media?parent=91"}],"wp:term":[{"taxonomy":"product_brand","embeddable":true,"href":"https:\/\/booksfrommexico.com\/es\/wp-json\/wp\/v2\/product_brand?post=91"},{"taxonomy":"product_cat","embeddable":true,"href":"https:\/\/booksfrommexico.com\/es\/wp-json\/wp\/v2\/product_cat?post=91"},{"taxonomy":"product_tag","embeddable":true,"href":"https:\/\/booksfrommexico.com\/es\/wp-json\/wp\/v2\/product_tag?post=91"}],"curies":[{"name":"wp","href":"https:\/\/api.w.org\/{rel}","templated":true}]}}