{"id":912,"date":"2023-05-08T17:08:25","date_gmt":"2023-05-08T17:08:25","guid":{"rendered":"http:\/\/booksfrommexico.com\/product\/juegos-prehispanicos-expresion-de-mesoamerica\/"},"modified":"2023-11-03T15:22:19","modified_gmt":"2023-11-03T15:22:19","slug":"juegos-prehispanicos-expresion-de-mesoamerica","status":"publish","type":"product","link":"https:\/\/booksfrommexico.com\/es\/producto\/juegos-prehispanicos-expresion-de-mesoamerica\/","title":{"rendered":"Juegos prehisp\u00e1nicos. Expresi\u00f3n de Mesoam\u00e9rica"},"content":{"rendered":"","protected":false},"excerpt":{"rendered":"<p>Silvino V\u00e1zquez Paz. M\u00e9xico, D.F.: Centro de Estudios Antropol\u00f3gicos, Cient\u00edficos, Art\u00edsticos, Tradicionales y Ling\u00fc\u00edsticos \u00abCe-Acatl\u00bb, 2009. 319 pages : 27 cm.<\/p>\n","protected":false},"featured_media":911,"template":"","meta":{"_acf_changed":false,"inline_featured_image":false},"product_brand":[],"product_cat":[66,372],"product_tag":[],"class_list":{"0":"post-912","1":"product","2":"type-product","3":"status-publish","4":"has-post-thumbnail","6":"product_cat-sociocultural","7":"product_cat-tradiciones-culturales","9":"first","10":"instock","11":"taxable","12":"shipping-taxable","13":"purchasable","14":"product-type-simple"},"acf":[],"yoast_head":"<!-- This site is optimized with the Yoast SEO plugin v27.3 - https:\/\/yoast.com\/product\/yoast-seo-wordpress\/ -->\n<title>BFM: Juegos prehisp\u00e1nicos. Expresi\u00f3n de Mesoam\u00e9rica<\/title>\n<meta name=\"description\" content=\"Juegos prehisp\u00e1nicos. Expresi\u00f3n de Mesoam\u00e9rica. Silvino V\u00e1zquez Paz. M\u00e9xico, D.F.: Centro de Estudios &quot;Ce-Acatl&quot;, 2009. Books From M\u00e9xico.\" \/>\n<meta name=\"robots\" content=\"index, follow, max-snippet:-1, max-image-preview:large, max-video-preview:-1\" \/>\n<link rel=\"canonical\" href=\"https:\/\/booksfrommexico.com\/es\/producto\/juegos-prehispanicos-expresion-de-mesoamerica\/\" \/>\n<meta property=\"og:locale\" content=\"es_ES\" \/>\n<meta property=\"og:type\" content=\"article\" \/>\n<meta property=\"og:title\" content=\"BFM: Juegos prehisp\u00e1nicos. Expresi\u00f3n de Mesoam\u00e9rica\" \/>\n<meta property=\"og:description\" content=\"Juegos prehisp\u00e1nicos. Expresi\u00f3n de Mesoam\u00e9rica. Silvino V\u00e1zquez Paz. M\u00e9xico, D.F.: Centro de Estudios &quot;Ce-Acatl&quot;, 2009. Books From M\u00e9xico.\" \/>\n<meta property=\"og:url\" content=\"https:\/\/booksfrommexico.com\/es\/producto\/juegos-prehispanicos-expresion-de-mesoamerica\/\" \/>\n<meta property=\"og:site_name\" content=\"Books From Mexico\" \/>\n<meta property=\"article:modified_time\" content=\"2023-11-03T15:22:19+00:00\" \/>\n<meta property=\"og:image\" content=\"http:\/\/booksfrommexico.com\/app\/uploads\/2023\/05\/145729.jpeg\" \/>\n\t<meta property=\"og:image:width\" content=\"594\" \/>\n\t<meta property=\"og:image:height\" content=\"763\" \/>\n\t<meta property=\"og:image:type\" content=\"image\/jpeg\" \/>\n<meta name=\"twitter:card\" content=\"summary_large_image\" \/>\n<script type=\"application\/ld+json\" class=\"yoast-schema-graph\">{\"@context\":\"https:\\\/\\\/schema.org\",\"@graph\":[{\"@type\":\"WebPage\",\"@id\":\"https:\\\/\\\/booksfrommexico.com\\\/es\\\/producto\\\/juegos-prehispanicos-expresion-de-mesoamerica\\\/\",\"url\":\"https:\\\/\\\/booksfrommexico.com\\\/es\\\/producto\\\/juegos-prehispanicos-expresion-de-mesoamerica\\\/\",\"name\":\"BFM: Juegos prehisp\u00e1nicos. Expresi\u00f3n de Mesoam\u00e9rica\",\"isPartOf\":{\"@id\":\"https:\\\/\\\/booksfrommexico.com\\\/#website\"},\"primaryImageOfPage\":{\"@id\":\"https:\\\/\\\/booksfrommexico.com\\\/es\\\/producto\\\/juegos-prehispanicos-expresion-de-mesoamerica\\\/#primaryimage\"},\"image\":{\"@id\":\"https:\\\/\\\/booksfrommexico.com\\\/es\\\/producto\\\/juegos-prehispanicos-expresion-de-mesoamerica\\\/#primaryimage\"},\"thumbnailUrl\":\"https:\\\/\\\/booksfrommexico.com\\\/app\\\/uploads\\\/2023\\\/05\\\/145729.jpeg\",\"datePublished\":\"2023-05-08T17:08:25+00:00\",\"dateModified\":\"2023-11-03T15:22:19+00:00\",\"description\":\"Juegos prehisp\u00e1nicos. Expresi\u00f3n de Mesoam\u00e9rica. Silvino V\u00e1zquez Paz. M\u00e9xico, D.F.: Centro de Estudios \\\"Ce-Acatl\\\", 2009. Books From M\u00e9xico.\",\"breadcrumb\":{\"@id\":\"https:\\\/\\\/booksfrommexico.com\\\/es\\\/producto\\\/juegos-prehispanicos-expresion-de-mesoamerica\\\/#breadcrumb\"},\"inLanguage\":\"es\",\"potentialAction\":[{\"@type\":\"ReadAction\",\"target\":[\"https:\\\/\\\/booksfrommexico.com\\\/es\\\/producto\\\/juegos-prehispanicos-expresion-de-mesoamerica\\\/\"]}]},{\"@type\":\"ImageObject\",\"inLanguage\":\"es\",\"@id\":\"https:\\\/\\\/booksfrommexico.com\\\/es\\\/producto\\\/juegos-prehispanicos-expresion-de-mesoamerica\\\/#primaryimage\",\"url\":\"https:\\\/\\\/booksfrommexico.com\\\/app\\\/uploads\\\/2023\\\/05\\\/145729.jpeg\",\"contentUrl\":\"https:\\\/\\\/booksfrommexico.com\\\/app\\\/uploads\\\/2023\\\/05\\\/145729.jpeg\",\"width\":594,\"height\":763,\"caption\":\"Juegos prehisp\u00e1nicos Expresi\u00f3n de Mesoam\u00e9rica\"},{\"@type\":\"BreadcrumbList\",\"@id\":\"https:\\\/\\\/booksfrommexico.com\\\/es\\\/producto\\\/juegos-prehispanicos-expresion-de-mesoamerica\\\/#breadcrumb\",\"itemListElement\":[{\"@type\":\"ListItem\",\"position\":1,\"name\":\"Home\",\"item\":\"https:\\\/\\\/booksfrommexico.com\\\/es\\\/\"},{\"@type\":\"ListItem\",\"position\":2,\"name\":\"Libros\",\"item\":\"https:\\\/\\\/booksfrommexico.com\\\/es\\\/libros\\\/\"},{\"@type\":\"ListItem\",\"position\":3,\"name\":\"Juegos prehisp\u00e1nicos. Expresi\u00f3n de Mesoam\u00e9rica\"}]},{\"@type\":\"WebSite\",\"@id\":\"https:\\\/\\\/booksfrommexico.com\\\/#website\",\"url\":\"https:\\\/\\\/booksfrommexico.com\\\/\",\"name\":\"Books From Mexico\",\"description\":\"\",\"publisher\":{\"@id\":\"https:\\\/\\\/booksfrommexico.com\\\/#organization\"},\"potentialAction\":[{\"@type\":\"SearchAction\",\"target\":{\"@type\":\"EntryPoint\",\"urlTemplate\":\"https:\\\/\\\/booksfrommexico.com\\\/?s={search_term_string}\"},\"query-input\":{\"@type\":\"PropertyValueSpecification\",\"valueRequired\":true,\"valueName\":\"search_term_string\"}}],\"inLanguage\":\"es\"},{\"@type\":\"Organization\",\"@id\":\"https:\\\/\\\/booksfrommexico.com\\\/#organization\",\"name\":\"Books From Mexico\",\"url\":\"https:\\\/\\\/booksfrommexico.com\\\/\",\"logo\":{\"@type\":\"ImageObject\",\"inLanguage\":\"es\",\"@id\":\"https:\\\/\\\/booksfrommexico.com\\\/#\\\/schema\\\/logo\\\/image\\\/\",\"url\":\"https:\\\/\\\/booksfrommexico.com\\\/app\\\/uploads\\\/2023\\\/05\\\/logo-booksfrommexico.svg\",\"contentUrl\":\"https:\\\/\\\/booksfrommexico.com\\\/app\\\/uploads\\\/2023\\\/05\\\/logo-booksfrommexico.svg\",\"width\":86,\"height\":56,\"caption\":\"Books From Mexico\"},\"image\":{\"@id\":\"https:\\\/\\\/booksfrommexico.com\\\/#\\\/schema\\\/logo\\\/image\\\/\"}}]}<\/script>\n<!-- \/ Yoast SEO plugin. -->","yoast_head_json":{"title":"BFM: Juegos prehisp\u00e1nicos. Expresi\u00f3n de Mesoam\u00e9rica","description":"Juegos prehisp\u00e1nicos. Expresi\u00f3n de Mesoam\u00e9rica. Silvino V\u00e1zquez Paz. M\u00e9xico, D.F.: Centro de Estudios \"Ce-Acatl\", 2009. Books From M\u00e9xico.","robots":{"index":"index","follow":"follow","max-snippet":"max-snippet:-1","max-image-preview":"max-image-preview:large","max-video-preview":"max-video-preview:-1"},"canonical":"https:\/\/booksfrommexico.com\/es\/producto\/juegos-prehispanicos-expresion-de-mesoamerica\/","og_locale":"es_ES","og_type":"article","og_title":"BFM: Juegos prehisp\u00e1nicos. Expresi\u00f3n de Mesoam\u00e9rica","og_description":"Juegos prehisp\u00e1nicos. Expresi\u00f3n de Mesoam\u00e9rica. Silvino V\u00e1zquez Paz. M\u00e9xico, D.F.: Centro de Estudios \"Ce-Acatl\", 2009. Books From M\u00e9xico.","og_url":"https:\/\/booksfrommexico.com\/es\/producto\/juegos-prehispanicos-expresion-de-mesoamerica\/","og_site_name":"Books From Mexico","article_modified_time":"2023-11-03T15:22:19+00:00","og_image":[{"width":594,"height":763,"url":"http:\/\/booksfrommexico.com\/app\/uploads\/2023\/05\/145729.jpeg","type":"image\/jpeg"}],"twitter_card":"summary_large_image","schema":{"@context":"https:\/\/schema.org","@graph":[{"@type":"WebPage","@id":"https:\/\/booksfrommexico.com\/es\/producto\/juegos-prehispanicos-expresion-de-mesoamerica\/","url":"https:\/\/booksfrommexico.com\/es\/producto\/juegos-prehispanicos-expresion-de-mesoamerica\/","name":"BFM: Juegos prehisp\u00e1nicos. Expresi\u00f3n de Mesoam\u00e9rica","isPartOf":{"@id":"https:\/\/booksfrommexico.com\/#website"},"primaryImageOfPage":{"@id":"https:\/\/booksfrommexico.com\/es\/producto\/juegos-prehispanicos-expresion-de-mesoamerica\/#primaryimage"},"image":{"@id":"https:\/\/booksfrommexico.com\/es\/producto\/juegos-prehispanicos-expresion-de-mesoamerica\/#primaryimage"},"thumbnailUrl":"https:\/\/booksfrommexico.com\/app\/uploads\/2023\/05\/145729.jpeg","datePublished":"2023-05-08T17:08:25+00:00","dateModified":"2023-11-03T15:22:19+00:00","description":"Juegos prehisp\u00e1nicos. Expresi\u00f3n de Mesoam\u00e9rica. Silvino V\u00e1zquez Paz. M\u00e9xico, D.F.: Centro de Estudios \"Ce-Acatl\", 2009. Books From M\u00e9xico.","breadcrumb":{"@id":"https:\/\/booksfrommexico.com\/es\/producto\/juegos-prehispanicos-expresion-de-mesoamerica\/#breadcrumb"},"inLanguage":"es","potentialAction":[{"@type":"ReadAction","target":["https:\/\/booksfrommexico.com\/es\/producto\/juegos-prehispanicos-expresion-de-mesoamerica\/"]}]},{"@type":"ImageObject","inLanguage":"es","@id":"https:\/\/booksfrommexico.com\/es\/producto\/juegos-prehispanicos-expresion-de-mesoamerica\/#primaryimage","url":"https:\/\/booksfrommexico.com\/app\/uploads\/2023\/05\/145729.jpeg","contentUrl":"https:\/\/booksfrommexico.com\/app\/uploads\/2023\/05\/145729.jpeg","width":594,"height":763,"caption":"Juegos prehisp\u00e1nicos Expresi\u00f3n de Mesoam\u00e9rica"},{"@type":"BreadcrumbList","@id":"https:\/\/booksfrommexico.com\/es\/producto\/juegos-prehispanicos-expresion-de-mesoamerica\/#breadcrumb","itemListElement":[{"@type":"ListItem","position":1,"name":"Home","item":"https:\/\/booksfrommexico.com\/es\/"},{"@type":"ListItem","position":2,"name":"Libros","item":"https:\/\/booksfrommexico.com\/es\/libros\/"},{"@type":"ListItem","position":3,"name":"Juegos prehisp\u00e1nicos. Expresi\u00f3n de Mesoam\u00e9rica"}]},{"@type":"WebSite","@id":"https:\/\/booksfrommexico.com\/#website","url":"https:\/\/booksfrommexico.com\/","name":"Books From Mexico","description":"","publisher":{"@id":"https:\/\/booksfrommexico.com\/#organization"},"potentialAction":[{"@type":"SearchAction","target":{"@type":"EntryPoint","urlTemplate":"https:\/\/booksfrommexico.com\/?s={search_term_string}"},"query-input":{"@type":"PropertyValueSpecification","valueRequired":true,"valueName":"search_term_string"}}],"inLanguage":"es"},{"@type":"Organization","@id":"https:\/\/booksfrommexico.com\/#organization","name":"Books From Mexico","url":"https:\/\/booksfrommexico.com\/","logo":{"@type":"ImageObject","inLanguage":"es","@id":"https:\/\/booksfrommexico.com\/#\/schema\/logo\/image\/","url":"https:\/\/booksfrommexico.com\/app\/uploads\/2023\/05\/logo-booksfrommexico.svg","contentUrl":"https:\/\/booksfrommexico.com\/app\/uploads\/2023\/05\/logo-booksfrommexico.svg","width":86,"height":56,"caption":"Books From Mexico"},"image":{"@id":"https:\/\/booksfrommexico.com\/#\/schema\/logo\/image\/"}}]}},"_links":{"self":[{"href":"https:\/\/booksfrommexico.com\/es\/wp-json\/wp\/v2\/product\/912","targetHints":{"allow":["GET"]}}],"collection":[{"href":"https:\/\/booksfrommexico.com\/es\/wp-json\/wp\/v2\/product"}],"about":[{"href":"https:\/\/booksfrommexico.com\/es\/wp-json\/wp\/v2\/types\/product"}],"wp:featuredmedia":[{"embeddable":true,"href":"https:\/\/booksfrommexico.com\/es\/wp-json\/wp\/v2\/media\/911"}],"wp:attachment":[{"href":"https:\/\/booksfrommexico.com\/es\/wp-json\/wp\/v2\/media?parent=912"}],"wp:term":[{"taxonomy":"product_brand","embeddable":true,"href":"https:\/\/booksfrommexico.com\/es\/wp-json\/wp\/v2\/product_brand?post=912"},{"taxonomy":"product_cat","embeddable":true,"href":"https:\/\/booksfrommexico.com\/es\/wp-json\/wp\/v2\/product_cat?post=912"},{"taxonomy":"product_tag","embeddable":true,"href":"https:\/\/booksfrommexico.com\/es\/wp-json\/wp\/v2\/product_tag?post=912"}],"curies":[{"name":"wp","href":"https:\/\/api.w.org\/{rel}","templated":true}]}}