{"id":914,"date":"2023-05-08T17:08:26","date_gmt":"2023-05-08T17:08:26","guid":{"rendered":"http:\/\/booksfrommexico.com\/product\/javier-marin-escultura\/"},"modified":"2024-05-10T16:46:43","modified_gmt":"2024-05-10T16:46:43","slug":"javier-marin-escultura","status":"publish","type":"product","link":"https:\/\/booksfrommexico.com\/es\/producto\/javier-marin-escultura\/","title":{"rendered":"Javier Mar\u00edn Escultura"},"content":{"rendered":"<p><span style=\"font-weight: 400;\">Javier Mar\u00edn es un artista michoacano preocupado por cierto destino fatal del ser humano, lo cual intenta plasmar en su arte, el cual ha sido catalogado como de \u201cturbulenta expresividad\u201d, logrando que trascienda en el \u00e1mbito de la escultura. Su estilo est\u00e1 ligado al clasicismo y su analog\u00eda con Miguel \u00c1ngel tambi\u00e9n es llamativa; al igual que su uso de la luz, espacio, movimiento y material son de herencia rodiniana. A lo largo de estas p\u00e1ginas se pueden encontrar fotograf\u00edas de sus esculturas, estando en diversas exposiciones, tanto grupales como individuales, a lo largo de M\u00e9xico, Estados Unidos, Italia, Canad\u00e1, Jap\u00f3n, Colombia, Lituania, Francia, Guatemala y Paraguay. <\/span><\/p>\n","protected":false},"excerpt":{"rendered":"<p>JAVIER MAR\u00cdN : ESCULTURA<span style=\"font-weight: 400;\">. \/ San Luis Potos\u00ed, M\u00e9xico : Secretar\u00eda de Cultura del Gobierno del Estado de San Luis Potos\u00ed ; Museo Federico Silva ; Ciudad de M\u00e9xico, M\u00e9xico : UBS ; Terreno Bald\u00edo Arte, 2008. 41 pages : includes color photos, references ; 37 cm. <\/span><\/p>\n","protected":false},"featured_media":913,"template":"","meta":{"_acf_changed":false,"inline_featured_image":false},"product_brand":[],"product_cat":[87,400],"product_tag":[4323,3671,4043],"class_list":{"0":"post-914","1":"product","2":"type-product","3":"status-publish","4":"has-post-thumbnail","6":"product_cat-arte","7":"product_cat-catalogos-de-exposiciones-arte","8":"product_tag-escultura","9":"product_tag-exposiciones","10":"product_tag-fotografia","12":"first","13":"instock","14":"taxable","15":"shipping-taxable","16":"purchasable","17":"product-type-simple"},"acf":[],"yoast_head":"<!-- This site is optimized with the Yoast SEO plugin v27.5 - https:\/\/yoast.com\/product\/yoast-seo-wordpress\/ -->\n<title>Javier Mar\u00edn: Escultura<\/title>\n<meta name=\"description\" content=\"JAVIER MAR\u00cdN : ESCULTURA. \/ Secretar\u00eda de Cultura del Gobierno del Estado de San Luis Potos\u00ed ; Museo Federico Silva ; UBS ; Terreno Bald\u00edo Arte, 2008.\" \/>\n<meta name=\"robots\" content=\"index, follow, max-snippet:-1, max-image-preview:large, max-video-preview:-1\" \/>\n<link rel=\"canonical\" href=\"https:\/\/booksfrommexico.com\/es\/producto\/javier-marin-escultura\/\" \/>\n<meta property=\"og:locale\" content=\"es_ES\" \/>\n<meta property=\"og:type\" content=\"article\" \/>\n<meta property=\"og:title\" content=\"Javier Mar\u00edn: Escultura\" \/>\n<meta property=\"og:description\" content=\"JAVIER MAR\u00cdN : ESCULTURA. \/ Secretar\u00eda de Cultura del Gobierno del Estado de San Luis Potos\u00ed ; Museo Federico Silva ; UBS ; Terreno Bald\u00edo Arte, 2008.\" \/>\n<meta property=\"og:url\" content=\"https:\/\/booksfrommexico.com\/es\/producto\/javier-marin-escultura\/\" \/>\n<meta property=\"og:site_name\" content=\"Books From Mexico\" \/>\n<meta property=\"article:modified_time\" content=\"2024-05-10T16:46:43+00:00\" \/>\n<meta property=\"og:image\" content=\"http:\/\/booksfrommexico.com\/app\/uploads\/2023\/05\/145922.jpeg\" \/>\n\t<meta property=\"og:image:width\" content=\"615\" \/>\n\t<meta property=\"og:image:height\" content=\"849\" \/>\n\t<meta property=\"og:image:type\" content=\"image\/jpeg\" \/>\n<meta name=\"twitter:card\" content=\"summary_large_image\" \/>\n<meta name=\"twitter:label1\" content=\"Tiempo de lectura\" \/>\n\t<meta name=\"twitter:data1\" content=\"1 minuto\" \/>\n<script type=\"application\/ld+json\" class=\"yoast-schema-graph\">{\"@context\":\"https:\\\/\\\/schema.org\",\"@graph\":[{\"@type\":\"WebPage\",\"@id\":\"https:\\\/\\\/booksfrommexico.com\\\/es\\\/producto\\\/javier-marin-escultura\\\/\",\"url\":\"https:\\\/\\\/booksfrommexico.com\\\/es\\\/producto\\\/javier-marin-escultura\\\/\",\"name\":\"Javier Mar\u00edn: Escultura\",\"isPartOf\":{\"@id\":\"https:\\\/\\\/booksfrommexico.com\\\/#website\"},\"primaryImageOfPage\":{\"@id\":\"https:\\\/\\\/booksfrommexico.com\\\/es\\\/producto\\\/javier-marin-escultura\\\/#primaryimage\"},\"image\":{\"@id\":\"https:\\\/\\\/booksfrommexico.com\\\/es\\\/producto\\\/javier-marin-escultura\\\/#primaryimage\"},\"thumbnailUrl\":\"https:\\\/\\\/booksfrommexico.com\\\/app\\\/uploads\\\/2023\\\/05\\\/145922.jpeg\",\"datePublished\":\"2023-05-08T17:08:26+00:00\",\"dateModified\":\"2024-05-10T16:46:43+00:00\",\"description\":\"JAVIER MAR\u00cdN : ESCULTURA. \\\/ Secretar\u00eda de Cultura del Gobierno del Estado de San Luis Potos\u00ed ; Museo Federico Silva ; UBS ; Terreno Bald\u00edo Arte, 2008.\",\"breadcrumb\":{\"@id\":\"https:\\\/\\\/booksfrommexico.com\\\/es\\\/producto\\\/javier-marin-escultura\\\/#breadcrumb\"},\"inLanguage\":\"es\",\"potentialAction\":[{\"@type\":\"ReadAction\",\"target\":[\"https:\\\/\\\/booksfrommexico.com\\\/es\\\/producto\\\/javier-marin-escultura\\\/\"]}]},{\"@type\":\"ImageObject\",\"inLanguage\":\"es\",\"@id\":\"https:\\\/\\\/booksfrommexico.com\\\/es\\\/producto\\\/javier-marin-escultura\\\/#primaryimage\",\"url\":\"https:\\\/\\\/booksfrommexico.com\\\/app\\\/uploads\\\/2023\\\/05\\\/145922.jpeg\",\"contentUrl\":\"https:\\\/\\\/booksfrommexico.com\\\/app\\\/uploads\\\/2023\\\/05\\\/145922.jpeg\",\"width\":615,\"height\":849,\"caption\":\"Javier Mar\u00edn Escultura. Books From M\u00e9xico\"},{\"@type\":\"BreadcrumbList\",\"@id\":\"https:\\\/\\\/booksfrommexico.com\\\/es\\\/producto\\\/javier-marin-escultura\\\/#breadcrumb\",\"itemListElement\":[{\"@type\":\"ListItem\",\"position\":1,\"name\":\"Home\",\"item\":\"https:\\\/\\\/booksfrommexico.com\\\/es\\\/\"},{\"@type\":\"ListItem\",\"position\":2,\"name\":\"Libros\",\"item\":\"https:\\\/\\\/booksfrommexico.com\\\/es\\\/libros\\\/\"},{\"@type\":\"ListItem\",\"position\":3,\"name\":\"Javier Mar\u00edn Escultura\"}]},{\"@type\":\"WebSite\",\"@id\":\"https:\\\/\\\/booksfrommexico.com\\\/#website\",\"url\":\"https:\\\/\\\/booksfrommexico.com\\\/\",\"name\":\"Books From Mexico\",\"description\":\"\",\"publisher\":{\"@id\":\"https:\\\/\\\/booksfrommexico.com\\\/#organization\"},\"potentialAction\":[{\"@type\":\"SearchAction\",\"target\":{\"@type\":\"EntryPoint\",\"urlTemplate\":\"https:\\\/\\\/booksfrommexico.com\\\/?s={search_term_string}\"},\"query-input\":{\"@type\":\"PropertyValueSpecification\",\"valueRequired\":true,\"valueName\":\"search_term_string\"}}],\"inLanguage\":\"es\"},{\"@type\":\"Organization\",\"@id\":\"https:\\\/\\\/booksfrommexico.com\\\/#organization\",\"name\":\"Books From Mexico\",\"url\":\"https:\\\/\\\/booksfrommexico.com\\\/\",\"logo\":{\"@type\":\"ImageObject\",\"inLanguage\":\"es\",\"@id\":\"https:\\\/\\\/booksfrommexico.com\\\/#\\\/schema\\\/logo\\\/image\\\/\",\"url\":\"https:\\\/\\\/booksfrommexico.com\\\/app\\\/uploads\\\/2023\\\/05\\\/logo-booksfrommexico.svg\",\"contentUrl\":\"https:\\\/\\\/booksfrommexico.com\\\/app\\\/uploads\\\/2023\\\/05\\\/logo-booksfrommexico.svg\",\"width\":86,\"height\":56,\"caption\":\"Books From Mexico\"},\"image\":{\"@id\":\"https:\\\/\\\/booksfrommexico.com\\\/#\\\/schema\\\/logo\\\/image\\\/\"}}]}<\/script>\n<!-- \/ Yoast SEO plugin. -->","yoast_head_json":{"title":"Javier Mar\u00edn: Escultura","description":"JAVIER MAR\u00cdN : ESCULTURA. \/ Secretar\u00eda de Cultura del Gobierno del Estado de San Luis Potos\u00ed ; Museo Federico Silva ; UBS ; Terreno Bald\u00edo Arte, 2008.","robots":{"index":"index","follow":"follow","max-snippet":"max-snippet:-1","max-image-preview":"max-image-preview:large","max-video-preview":"max-video-preview:-1"},"canonical":"https:\/\/booksfrommexico.com\/es\/producto\/javier-marin-escultura\/","og_locale":"es_ES","og_type":"article","og_title":"Javier Mar\u00edn: Escultura","og_description":"JAVIER MAR\u00cdN : ESCULTURA. \/ Secretar\u00eda de Cultura del Gobierno del Estado de San Luis Potos\u00ed ; Museo Federico Silva ; UBS ; Terreno Bald\u00edo Arte, 2008.","og_url":"https:\/\/booksfrommexico.com\/es\/producto\/javier-marin-escultura\/","og_site_name":"Books From Mexico","article_modified_time":"2024-05-10T16:46:43+00:00","og_image":[{"width":615,"height":849,"url":"http:\/\/booksfrommexico.com\/app\/uploads\/2023\/05\/145922.jpeg","type":"image\/jpeg"}],"twitter_card":"summary_large_image","twitter_misc":{"Tiempo de lectura":"1 minuto"},"schema":{"@context":"https:\/\/schema.org","@graph":[{"@type":"WebPage","@id":"https:\/\/booksfrommexico.com\/es\/producto\/javier-marin-escultura\/","url":"https:\/\/booksfrommexico.com\/es\/producto\/javier-marin-escultura\/","name":"Javier Mar\u00edn: Escultura","isPartOf":{"@id":"https:\/\/booksfrommexico.com\/#website"},"primaryImageOfPage":{"@id":"https:\/\/booksfrommexico.com\/es\/producto\/javier-marin-escultura\/#primaryimage"},"image":{"@id":"https:\/\/booksfrommexico.com\/es\/producto\/javier-marin-escultura\/#primaryimage"},"thumbnailUrl":"https:\/\/booksfrommexico.com\/app\/uploads\/2023\/05\/145922.jpeg","datePublished":"2023-05-08T17:08:26+00:00","dateModified":"2024-05-10T16:46:43+00:00","description":"JAVIER MAR\u00cdN : ESCULTURA. \/ Secretar\u00eda de Cultura del Gobierno del Estado de San Luis Potos\u00ed ; Museo Federico Silva ; UBS ; Terreno Bald\u00edo Arte, 2008.","breadcrumb":{"@id":"https:\/\/booksfrommexico.com\/es\/producto\/javier-marin-escultura\/#breadcrumb"},"inLanguage":"es","potentialAction":[{"@type":"ReadAction","target":["https:\/\/booksfrommexico.com\/es\/producto\/javier-marin-escultura\/"]}]},{"@type":"ImageObject","inLanguage":"es","@id":"https:\/\/booksfrommexico.com\/es\/producto\/javier-marin-escultura\/#primaryimage","url":"https:\/\/booksfrommexico.com\/app\/uploads\/2023\/05\/145922.jpeg","contentUrl":"https:\/\/booksfrommexico.com\/app\/uploads\/2023\/05\/145922.jpeg","width":615,"height":849,"caption":"Javier Mar\u00edn Escultura. Books From M\u00e9xico"},{"@type":"BreadcrumbList","@id":"https:\/\/booksfrommexico.com\/es\/producto\/javier-marin-escultura\/#breadcrumb","itemListElement":[{"@type":"ListItem","position":1,"name":"Home","item":"https:\/\/booksfrommexico.com\/es\/"},{"@type":"ListItem","position":2,"name":"Libros","item":"https:\/\/booksfrommexico.com\/es\/libros\/"},{"@type":"ListItem","position":3,"name":"Javier Mar\u00edn Escultura"}]},{"@type":"WebSite","@id":"https:\/\/booksfrommexico.com\/#website","url":"https:\/\/booksfrommexico.com\/","name":"Books From Mexico","description":"","publisher":{"@id":"https:\/\/booksfrommexico.com\/#organization"},"potentialAction":[{"@type":"SearchAction","target":{"@type":"EntryPoint","urlTemplate":"https:\/\/booksfrommexico.com\/?s={search_term_string}"},"query-input":{"@type":"PropertyValueSpecification","valueRequired":true,"valueName":"search_term_string"}}],"inLanguage":"es"},{"@type":"Organization","@id":"https:\/\/booksfrommexico.com\/#organization","name":"Books From Mexico","url":"https:\/\/booksfrommexico.com\/","logo":{"@type":"ImageObject","inLanguage":"es","@id":"https:\/\/booksfrommexico.com\/#\/schema\/logo\/image\/","url":"https:\/\/booksfrommexico.com\/app\/uploads\/2023\/05\/logo-booksfrommexico.svg","contentUrl":"https:\/\/booksfrommexico.com\/app\/uploads\/2023\/05\/logo-booksfrommexico.svg","width":86,"height":56,"caption":"Books From Mexico"},"image":{"@id":"https:\/\/booksfrommexico.com\/#\/schema\/logo\/image\/"}}]}},"_links":{"self":[{"href":"https:\/\/booksfrommexico.com\/es\/wp-json\/wp\/v2\/product\/914","targetHints":{"allow":["GET"]}}],"collection":[{"href":"https:\/\/booksfrommexico.com\/es\/wp-json\/wp\/v2\/product"}],"about":[{"href":"https:\/\/booksfrommexico.com\/es\/wp-json\/wp\/v2\/types\/product"}],"wp:featuredmedia":[{"embeddable":true,"href":"https:\/\/booksfrommexico.com\/es\/wp-json\/wp\/v2\/media\/913"}],"wp:attachment":[{"href":"https:\/\/booksfrommexico.com\/es\/wp-json\/wp\/v2\/media?parent=914"}],"wp:term":[{"taxonomy":"product_brand","embeddable":true,"href":"https:\/\/booksfrommexico.com\/es\/wp-json\/wp\/v2\/product_brand?post=914"},{"taxonomy":"product_cat","embeddable":true,"href":"https:\/\/booksfrommexico.com\/es\/wp-json\/wp\/v2\/product_cat?post=914"},{"taxonomy":"product_tag","embeddable":true,"href":"https:\/\/booksfrommexico.com\/es\/wp-json\/wp\/v2\/product_tag?post=914"}],"curies":[{"name":"wp","href":"https:\/\/api.w.org\/{rel}","templated":true}]}}