{"id":924,"date":"2023-05-08T17:08:33","date_gmt":"2023-05-08T17:08:33","guid":{"rendered":"http:\/\/booksfrommexico.com\/product\/militarizacion-y-trabajo-sexual-en-san-cristobal-de-las-casas-chiapas\/"},"modified":"2023-11-03T14:58:42","modified_gmt":"2023-11-03T14:58:42","slug":"militarizacion-y-trabajo-sexual-en-san-cristobal-de-las-casas-chiapas","status":"publish","type":"product","link":"https:\/\/booksfrommexico.com\/es\/producto\/militarizacion-y-trabajo-sexual-en-san-cristobal-de-las-casas-chiapas\/","title":{"rendered":"Militarizaci\u00f3n y trabajo sexual en San Crist\u00f3bal de Las Casas, Chiapas"},"content":{"rendered":"","protected":false},"excerpt":{"rendered":"<p>Baltasar Ramos Mart\u00ednez, Mar\u00eda Patricia P\u00e9rez Moreno. San Crist\u00f3bal de las Casas, Chiapas: Sna Itzamn\u00e1-Tezcaltlipoca, SC, 2009. 274 pages : 22 cm.<\/p>\n","protected":false},"featured_media":923,"template":"","meta":{"_acf_changed":false,"inline_featured_image":false},"product_brand":[],"product_cat":[155,147],"product_tag":[],"class_list":{"0":"post-924","1":"product","2":"type-product","3":"status-publish","4":"has-post-thumbnail","6":"product_cat-estudio-de-la-sexualidad-en-ciencias-sociales-y-humanidades-estudios-de-genero","7":"product_cat-estudios-de-genero","9":"first","10":"instock","11":"taxable","12":"shipping-taxable","13":"purchasable","14":"product-type-simple"},"acf":[],"yoast_head":"<!-- This site is optimized with the Yoast SEO plugin v27.3 - https:\/\/yoast.com\/product\/yoast-seo-wordpress\/ -->\n<title>Militarizaci\u00f3n y trabajo sexual en San Crist\u00f3bal de Las Casas<\/title>\n<meta name=\"description\" content=\"Militarizaci\u00f3n y trabajo sexual en San Crist\u00f3bal de Las Casas, Chiapas. Baltasar Ramos Mart\u00ednez, Mar\u00eda Patricia P\u00e9rez Moreno.\" \/>\n<meta name=\"robots\" content=\"index, follow, max-snippet:-1, max-image-preview:large, max-video-preview:-1\" \/>\n<link rel=\"canonical\" href=\"https:\/\/booksfrommexico.com\/es\/producto\/militarizacion-y-trabajo-sexual-en-san-cristobal-de-las-casas-chiapas\/\" \/>\n<meta property=\"og:locale\" content=\"es_ES\" \/>\n<meta property=\"og:type\" content=\"article\" \/>\n<meta property=\"og:title\" content=\"Militarizaci\u00f3n y trabajo sexual en San Crist\u00f3bal de Las Casas\" \/>\n<meta property=\"og:description\" content=\"Militarizaci\u00f3n y trabajo sexual en San Crist\u00f3bal de Las Casas, Chiapas. Baltasar Ramos Mart\u00ednez, Mar\u00eda Patricia P\u00e9rez Moreno.\" \/>\n<meta property=\"og:url\" content=\"https:\/\/booksfrommexico.com\/es\/producto\/militarizacion-y-trabajo-sexual-en-san-cristobal-de-las-casas-chiapas\/\" \/>\n<meta property=\"og:site_name\" content=\"Books From Mexico\" \/>\n<meta property=\"article:modified_time\" content=\"2023-11-03T14:58:42+00:00\" \/>\n<meta property=\"og:image\" content=\"http:\/\/booksfrommexico.com\/app\/uploads\/2023\/05\/146858.jpeg\" \/>\n\t<meta property=\"og:image:width\" content=\"466\" \/>\n\t<meta property=\"og:image:height\" content=\"615\" \/>\n\t<meta property=\"og:image:type\" content=\"image\/jpeg\" \/>\n<meta name=\"twitter:card\" content=\"summary_large_image\" \/>\n<script type=\"application\/ld+json\" class=\"yoast-schema-graph\">{\"@context\":\"https:\\\/\\\/schema.org\",\"@graph\":[{\"@type\":\"WebPage\",\"@id\":\"https:\\\/\\\/booksfrommexico.com\\\/es\\\/producto\\\/militarizacion-y-trabajo-sexual-en-san-cristobal-de-las-casas-chiapas\\\/\",\"url\":\"https:\\\/\\\/booksfrommexico.com\\\/es\\\/producto\\\/militarizacion-y-trabajo-sexual-en-san-cristobal-de-las-casas-chiapas\\\/\",\"name\":\"Militarizaci\u00f3n y trabajo sexual en San Crist\u00f3bal de Las Casas\",\"isPartOf\":{\"@id\":\"https:\\\/\\\/booksfrommexico.com\\\/#website\"},\"primaryImageOfPage\":{\"@id\":\"https:\\\/\\\/booksfrommexico.com\\\/es\\\/producto\\\/militarizacion-y-trabajo-sexual-en-san-cristobal-de-las-casas-chiapas\\\/#primaryimage\"},\"image\":{\"@id\":\"https:\\\/\\\/booksfrommexico.com\\\/es\\\/producto\\\/militarizacion-y-trabajo-sexual-en-san-cristobal-de-las-casas-chiapas\\\/#primaryimage\"},\"thumbnailUrl\":\"https:\\\/\\\/booksfrommexico.com\\\/app\\\/uploads\\\/2023\\\/05\\\/146858.jpeg\",\"datePublished\":\"2023-05-08T17:08:33+00:00\",\"dateModified\":\"2023-11-03T14:58:42+00:00\",\"description\":\"Militarizaci\u00f3n y trabajo sexual en San Crist\u00f3bal de Las Casas, Chiapas. Baltasar Ramos Mart\u00ednez, Mar\u00eda Patricia P\u00e9rez Moreno.\",\"breadcrumb\":{\"@id\":\"https:\\\/\\\/booksfrommexico.com\\\/es\\\/producto\\\/militarizacion-y-trabajo-sexual-en-san-cristobal-de-las-casas-chiapas\\\/#breadcrumb\"},\"inLanguage\":\"es\",\"potentialAction\":[{\"@type\":\"ReadAction\",\"target\":[\"https:\\\/\\\/booksfrommexico.com\\\/es\\\/producto\\\/militarizacion-y-trabajo-sexual-en-san-cristobal-de-las-casas-chiapas\\\/\"]}]},{\"@type\":\"ImageObject\",\"inLanguage\":\"es\",\"@id\":\"https:\\\/\\\/booksfrommexico.com\\\/es\\\/producto\\\/militarizacion-y-trabajo-sexual-en-san-cristobal-de-las-casas-chiapas\\\/#primaryimage\",\"url\":\"https:\\\/\\\/booksfrommexico.com\\\/app\\\/uploads\\\/2023\\\/05\\\/146858.jpeg\",\"contentUrl\":\"https:\\\/\\\/booksfrommexico.com\\\/app\\\/uploads\\\/2023\\\/05\\\/146858.jpeg\",\"width\":466,\"height\":615,\"caption\":\"Militarizaci\u00f3n y trabajo sexual en San Crist\u00f3bal de Las Casas, Chiapas\"},{\"@type\":\"BreadcrumbList\",\"@id\":\"https:\\\/\\\/booksfrommexico.com\\\/es\\\/producto\\\/militarizacion-y-trabajo-sexual-en-san-cristobal-de-las-casas-chiapas\\\/#breadcrumb\",\"itemListElement\":[{\"@type\":\"ListItem\",\"position\":1,\"name\":\"Home\",\"item\":\"https:\\\/\\\/booksfrommexico.com\\\/es\\\/\"},{\"@type\":\"ListItem\",\"position\":2,\"name\":\"Libros\",\"item\":\"https:\\\/\\\/booksfrommexico.com\\\/es\\\/libros\\\/\"},{\"@type\":\"ListItem\",\"position\":3,\"name\":\"Militarizaci\u00f3n y trabajo sexual en San Crist\u00f3bal de Las Casas, Chiapas\"}]},{\"@type\":\"WebSite\",\"@id\":\"https:\\\/\\\/booksfrommexico.com\\\/#website\",\"url\":\"https:\\\/\\\/booksfrommexico.com\\\/\",\"name\":\"Books From Mexico\",\"description\":\"\",\"publisher\":{\"@id\":\"https:\\\/\\\/booksfrommexico.com\\\/#organization\"},\"potentialAction\":[{\"@type\":\"SearchAction\",\"target\":{\"@type\":\"EntryPoint\",\"urlTemplate\":\"https:\\\/\\\/booksfrommexico.com\\\/?s={search_term_string}\"},\"query-input\":{\"@type\":\"PropertyValueSpecification\",\"valueRequired\":true,\"valueName\":\"search_term_string\"}}],\"inLanguage\":\"es\"},{\"@type\":\"Organization\",\"@id\":\"https:\\\/\\\/booksfrommexico.com\\\/#organization\",\"name\":\"Books From Mexico\",\"url\":\"https:\\\/\\\/booksfrommexico.com\\\/\",\"logo\":{\"@type\":\"ImageObject\",\"inLanguage\":\"es\",\"@id\":\"https:\\\/\\\/booksfrommexico.com\\\/#\\\/schema\\\/logo\\\/image\\\/\",\"url\":\"https:\\\/\\\/booksfrommexico.com\\\/app\\\/uploads\\\/2023\\\/05\\\/logo-booksfrommexico.svg\",\"contentUrl\":\"https:\\\/\\\/booksfrommexico.com\\\/app\\\/uploads\\\/2023\\\/05\\\/logo-booksfrommexico.svg\",\"width\":86,\"height\":56,\"caption\":\"Books From Mexico\"},\"image\":{\"@id\":\"https:\\\/\\\/booksfrommexico.com\\\/#\\\/schema\\\/logo\\\/image\\\/\"}}]}<\/script>\n<!-- \/ Yoast SEO plugin. -->","yoast_head_json":{"title":"Militarizaci\u00f3n y trabajo sexual en San Crist\u00f3bal de Las Casas","description":"Militarizaci\u00f3n y trabajo sexual en San Crist\u00f3bal de Las Casas, Chiapas. Baltasar Ramos Mart\u00ednez, Mar\u00eda Patricia P\u00e9rez Moreno.","robots":{"index":"index","follow":"follow","max-snippet":"max-snippet:-1","max-image-preview":"max-image-preview:large","max-video-preview":"max-video-preview:-1"},"canonical":"https:\/\/booksfrommexico.com\/es\/producto\/militarizacion-y-trabajo-sexual-en-san-cristobal-de-las-casas-chiapas\/","og_locale":"es_ES","og_type":"article","og_title":"Militarizaci\u00f3n y trabajo sexual en San Crist\u00f3bal de Las Casas","og_description":"Militarizaci\u00f3n y trabajo sexual en San Crist\u00f3bal de Las Casas, Chiapas. Baltasar Ramos Mart\u00ednez, Mar\u00eda Patricia P\u00e9rez Moreno.","og_url":"https:\/\/booksfrommexico.com\/es\/producto\/militarizacion-y-trabajo-sexual-en-san-cristobal-de-las-casas-chiapas\/","og_site_name":"Books From Mexico","article_modified_time":"2023-11-03T14:58:42+00:00","og_image":[{"width":466,"height":615,"url":"http:\/\/booksfrommexico.com\/app\/uploads\/2023\/05\/146858.jpeg","type":"image\/jpeg"}],"twitter_card":"summary_large_image","schema":{"@context":"https:\/\/schema.org","@graph":[{"@type":"WebPage","@id":"https:\/\/booksfrommexico.com\/es\/producto\/militarizacion-y-trabajo-sexual-en-san-cristobal-de-las-casas-chiapas\/","url":"https:\/\/booksfrommexico.com\/es\/producto\/militarizacion-y-trabajo-sexual-en-san-cristobal-de-las-casas-chiapas\/","name":"Militarizaci\u00f3n y trabajo sexual en San Crist\u00f3bal de Las Casas","isPartOf":{"@id":"https:\/\/booksfrommexico.com\/#website"},"primaryImageOfPage":{"@id":"https:\/\/booksfrommexico.com\/es\/producto\/militarizacion-y-trabajo-sexual-en-san-cristobal-de-las-casas-chiapas\/#primaryimage"},"image":{"@id":"https:\/\/booksfrommexico.com\/es\/producto\/militarizacion-y-trabajo-sexual-en-san-cristobal-de-las-casas-chiapas\/#primaryimage"},"thumbnailUrl":"https:\/\/booksfrommexico.com\/app\/uploads\/2023\/05\/146858.jpeg","datePublished":"2023-05-08T17:08:33+00:00","dateModified":"2023-11-03T14:58:42+00:00","description":"Militarizaci\u00f3n y trabajo sexual en San Crist\u00f3bal de Las Casas, Chiapas. Baltasar Ramos Mart\u00ednez, Mar\u00eda Patricia P\u00e9rez Moreno.","breadcrumb":{"@id":"https:\/\/booksfrommexico.com\/es\/producto\/militarizacion-y-trabajo-sexual-en-san-cristobal-de-las-casas-chiapas\/#breadcrumb"},"inLanguage":"es","potentialAction":[{"@type":"ReadAction","target":["https:\/\/booksfrommexico.com\/es\/producto\/militarizacion-y-trabajo-sexual-en-san-cristobal-de-las-casas-chiapas\/"]}]},{"@type":"ImageObject","inLanguage":"es","@id":"https:\/\/booksfrommexico.com\/es\/producto\/militarizacion-y-trabajo-sexual-en-san-cristobal-de-las-casas-chiapas\/#primaryimage","url":"https:\/\/booksfrommexico.com\/app\/uploads\/2023\/05\/146858.jpeg","contentUrl":"https:\/\/booksfrommexico.com\/app\/uploads\/2023\/05\/146858.jpeg","width":466,"height":615,"caption":"Militarizaci\u00f3n y trabajo sexual en San Crist\u00f3bal de Las Casas, Chiapas"},{"@type":"BreadcrumbList","@id":"https:\/\/booksfrommexico.com\/es\/producto\/militarizacion-y-trabajo-sexual-en-san-cristobal-de-las-casas-chiapas\/#breadcrumb","itemListElement":[{"@type":"ListItem","position":1,"name":"Home","item":"https:\/\/booksfrommexico.com\/es\/"},{"@type":"ListItem","position":2,"name":"Libros","item":"https:\/\/booksfrommexico.com\/es\/libros\/"},{"@type":"ListItem","position":3,"name":"Militarizaci\u00f3n y trabajo sexual en San Crist\u00f3bal de Las Casas, Chiapas"}]},{"@type":"WebSite","@id":"https:\/\/booksfrommexico.com\/#website","url":"https:\/\/booksfrommexico.com\/","name":"Books From Mexico","description":"","publisher":{"@id":"https:\/\/booksfrommexico.com\/#organization"},"potentialAction":[{"@type":"SearchAction","target":{"@type":"EntryPoint","urlTemplate":"https:\/\/booksfrommexico.com\/?s={search_term_string}"},"query-input":{"@type":"PropertyValueSpecification","valueRequired":true,"valueName":"search_term_string"}}],"inLanguage":"es"},{"@type":"Organization","@id":"https:\/\/booksfrommexico.com\/#organization","name":"Books From Mexico","url":"https:\/\/booksfrommexico.com\/","logo":{"@type":"ImageObject","inLanguage":"es","@id":"https:\/\/booksfrommexico.com\/#\/schema\/logo\/image\/","url":"https:\/\/booksfrommexico.com\/app\/uploads\/2023\/05\/logo-booksfrommexico.svg","contentUrl":"https:\/\/booksfrommexico.com\/app\/uploads\/2023\/05\/logo-booksfrommexico.svg","width":86,"height":56,"caption":"Books From Mexico"},"image":{"@id":"https:\/\/booksfrommexico.com\/#\/schema\/logo\/image\/"}}]}},"_links":{"self":[{"href":"https:\/\/booksfrommexico.com\/es\/wp-json\/wp\/v2\/product\/924","targetHints":{"allow":["GET"]}}],"collection":[{"href":"https:\/\/booksfrommexico.com\/es\/wp-json\/wp\/v2\/product"}],"about":[{"href":"https:\/\/booksfrommexico.com\/es\/wp-json\/wp\/v2\/types\/product"}],"wp:featuredmedia":[{"embeddable":true,"href":"https:\/\/booksfrommexico.com\/es\/wp-json\/wp\/v2\/media\/923"}],"wp:attachment":[{"href":"https:\/\/booksfrommexico.com\/es\/wp-json\/wp\/v2\/media?parent=924"}],"wp:term":[{"taxonomy":"product_brand","embeddable":true,"href":"https:\/\/booksfrommexico.com\/es\/wp-json\/wp\/v2\/product_brand?post=924"},{"taxonomy":"product_cat","embeddable":true,"href":"https:\/\/booksfrommexico.com\/es\/wp-json\/wp\/v2\/product_cat?post=924"},{"taxonomy":"product_tag","embeddable":true,"href":"https:\/\/booksfrommexico.com\/es\/wp-json\/wp\/v2\/product_tag?post=924"}],"curies":[{"name":"wp","href":"https:\/\/api.w.org\/{rel}","templated":true}]}}