{"id":926,"date":"2023-05-08T17:08:38","date_gmt":"2023-05-08T17:08:38","guid":{"rendered":"http:\/\/booksfrommexico.com\/product\/historia-grafica-del-teatro-macedonio-alcala-centenario-1909-2009-2-volumenes\/"},"modified":"2024-10-24T23:19:55","modified_gmt":"2024-10-24T23:19:55","slug":"historia-grafica-del-teatro-macedonio-alcala-centenario-1909-2009-2-volumenes","status":"publish","type":"product","link":"https:\/\/booksfrommexico.com\/es\/producto\/historia-grafica-del-teatro-macedonio-alcala-centenario-1909-2009-2-volumenes\/","title":{"rendered":"Historia gr\u00e1fica del teatro Macedonio Alcal\u00e1: Centenario 1909-2009"},"content":{"rendered":"<p><span style=\"font-weight: 400;\">En el marco de los festejos por el centenario del Teatro Macedonio Alcal\u00e1, este t\u00edtulo recoge de forma ilustrada su historia. A lo largo de estas p\u00e1ginas se narran los antecedentes del teatro en M\u00e9xico y en Oaxaca, pasando por las vicisitudes para su edificaci\u00f3n, su inauguraci\u00f3n, los espect\u00e1culos iniciales, los efectos de la Revoluci\u00f3n en los espect\u00e1culos p\u00fablicos y su transformaci\u00f3n, as\u00ed como un an\u00e1lisis de la etapa del 2004-2008, que incluye su \u00faltima restauraci\u00f3n. Este proyecto cuenta con fuentes de archivos, bibliotecas y hemerotecas de M\u00e9xico y el extranjero, teniendo como objetivos preservar y mostrar a trav\u00e9s de im\u00e1genes la memoria de una de las joyas arquitect\u00f3nicas oaxaque\u00f1as m\u00e1s relevantes.<\/span><\/p>\n<p><br style=\"font-weight: 400;\" \/><br style=\"font-weight: 400;\" \/><\/p>\n","protected":false},"excerpt":{"rendered":"<p>HISTORIA GR\u00c1FICA DEL TEATRO MACEDONIO ALCAL\u00c1 : CENTENARIO 1909-2009, 2 VOL\u00daMENES<span style=\"font-weight: 400;\">. \/ Luis Alberto Arrioja D\u00edaz-Viruell, Leticia Gamboa Ojeda. Oaxaca, M\u00e9xico : Teatro Macedonio Alcal\u00e1, 2009. 243 pages : includes photos, color illustrations, bibliography, annex book ; 33 cm. ISBN : 9786077751014.<\/span><\/p>\n","protected":false},"featured_media":925,"template":"","meta":{"_acf_changed":false,"inline_featured_image":false},"product_brand":[],"product_cat":[976,4227],"product_tag":[3607,4541,3797,3769,4168],"class_list":{"0":"post-926","1":"product","2":"type-product","3":"status-publish","4":"has-post-thumbnail","6":"product_cat-arquitectura-urbana","7":"product_cat-teatro-mexicano","8":"product_tag-historia-local","9":"product_tag-historia-y-sociedad","10":"product_tag-oaxaca-mexico","11":"product_tag-obras-ilustradas","12":"product_tag-teatro","14":"first","15":"instock","16":"taxable","17":"shipping-taxable","18":"purchasable","19":"product-type-simple"},"acf":[],"yoast_head":"<!-- This site is optimized with the Yoast SEO plugin v27.3 - https:\/\/yoast.com\/product\/yoast-seo-wordpress\/ -->\n<title>Historia gr\u00e1fica del teatro Macedonio Alcal\u00e1: Centenario 1909-2009<\/title>\n<meta name=\"description\" content=\"HISTORIA GR\u00c1FICA DEL TEATRO MACEDONIO ALCAL\u00c1 : CENTENARIO 1909-2009, 2 VOL\u00daMENES. \/ Luis Alberto Arrioja D\u00edaz-Viruell, Leticia Gamboa Ojeda. 2009.\" \/>\n<meta name=\"robots\" content=\"index, follow, max-snippet:-1, max-image-preview:large, max-video-preview:-1\" \/>\n<link rel=\"canonical\" href=\"https:\/\/booksfrommexico.com\/es\/producto\/historia-grafica-del-teatro-macedonio-alcala-centenario-1909-2009-2-volumenes\/\" \/>\n<meta property=\"og:locale\" content=\"es_ES\" \/>\n<meta property=\"og:type\" content=\"article\" \/>\n<meta property=\"og:title\" content=\"Historia gr\u00e1fica del teatro Macedonio Alcal\u00e1: Centenario 1909-2009\" \/>\n<meta property=\"og:description\" content=\"HISTORIA GR\u00c1FICA DEL TEATRO MACEDONIO ALCAL\u00c1 : CENTENARIO 1909-2009, 2 VOL\u00daMENES. \/ Luis Alberto Arrioja D\u00edaz-Viruell, Leticia Gamboa Ojeda. 2009.\" \/>\n<meta property=\"og:url\" content=\"https:\/\/booksfrommexico.com\/es\/producto\/historia-grafica-del-teatro-macedonio-alcala-centenario-1909-2009-2-volumenes\/\" \/>\n<meta property=\"og:site_name\" content=\"Books From Mexico\" \/>\n<meta property=\"article:modified_time\" content=\"2024-10-24T23:19:55+00:00\" \/>\n<meta property=\"og:image\" content=\"http:\/\/booksfrommexico.com\/app\/uploads\/2023\/05\/146769-scaled-1.jpeg\" \/>\n\t<meta property=\"og:image:width\" content=\"1779\" \/>\n\t<meta property=\"og:image:height\" content=\"2560\" \/>\n\t<meta property=\"og:image:type\" content=\"image\/jpeg\" \/>\n<meta name=\"twitter:card\" content=\"summary_large_image\" \/>\n<meta name=\"twitter:label1\" content=\"Tiempo de lectura\" \/>\n\t<meta name=\"twitter:data1\" content=\"1 minuto\" \/>\n<script type=\"application\/ld+json\" class=\"yoast-schema-graph\">{\"@context\":\"https:\\\/\\\/schema.org\",\"@graph\":[{\"@type\":\"WebPage\",\"@id\":\"https:\\\/\\\/booksfrommexico.com\\\/es\\\/producto\\\/historia-grafica-del-teatro-macedonio-alcala-centenario-1909-2009-2-volumenes\\\/\",\"url\":\"https:\\\/\\\/booksfrommexico.com\\\/es\\\/producto\\\/historia-grafica-del-teatro-macedonio-alcala-centenario-1909-2009-2-volumenes\\\/\",\"name\":\"Historia gr\u00e1fica del teatro Macedonio Alcal\u00e1: Centenario 1909-2009\",\"isPartOf\":{\"@id\":\"https:\\\/\\\/booksfrommexico.com\\\/#website\"},\"primaryImageOfPage\":{\"@id\":\"https:\\\/\\\/booksfrommexico.com\\\/es\\\/producto\\\/historia-grafica-del-teatro-macedonio-alcala-centenario-1909-2009-2-volumenes\\\/#primaryimage\"},\"image\":{\"@id\":\"https:\\\/\\\/booksfrommexico.com\\\/es\\\/producto\\\/historia-grafica-del-teatro-macedonio-alcala-centenario-1909-2009-2-volumenes\\\/#primaryimage\"},\"thumbnailUrl\":\"https:\\\/\\\/booksfrommexico.com\\\/app\\\/uploads\\\/2023\\\/05\\\/146769-scaled-1.jpeg\",\"datePublished\":\"2023-05-08T17:08:38+00:00\",\"dateModified\":\"2024-10-24T23:19:55+00:00\",\"description\":\"HISTORIA GR\u00c1FICA DEL TEATRO MACEDONIO ALCAL\u00c1 : CENTENARIO 1909-2009, 2 VOL\u00daMENES. \\\/ Luis Alberto Arrioja D\u00edaz-Viruell, Leticia Gamboa Ojeda. 2009.\",\"breadcrumb\":{\"@id\":\"https:\\\/\\\/booksfrommexico.com\\\/es\\\/producto\\\/historia-grafica-del-teatro-macedonio-alcala-centenario-1909-2009-2-volumenes\\\/#breadcrumb\"},\"inLanguage\":\"es\",\"potentialAction\":[{\"@type\":\"ReadAction\",\"target\":[\"https:\\\/\\\/booksfrommexico.com\\\/es\\\/producto\\\/historia-grafica-del-teatro-macedonio-alcala-centenario-1909-2009-2-volumenes\\\/\"]}]},{\"@type\":\"ImageObject\",\"inLanguage\":\"es\",\"@id\":\"https:\\\/\\\/booksfrommexico.com\\\/es\\\/producto\\\/historia-grafica-del-teatro-macedonio-alcala-centenario-1909-2009-2-volumenes\\\/#primaryimage\",\"url\":\"https:\\\/\\\/booksfrommexico.com\\\/app\\\/uploads\\\/2023\\\/05\\\/146769-scaled-1.jpeg\",\"contentUrl\":\"https:\\\/\\\/booksfrommexico.com\\\/app\\\/uploads\\\/2023\\\/05\\\/146769-scaled-1.jpeg\",\"width\":1779,\"height\":2560,\"caption\":\"Historia gr\u00e1fica del teatro Macedonio Alcal\u00e1. Books From M\u00e9xico\"},{\"@type\":\"BreadcrumbList\",\"@id\":\"https:\\\/\\\/booksfrommexico.com\\\/es\\\/producto\\\/historia-grafica-del-teatro-macedonio-alcala-centenario-1909-2009-2-volumenes\\\/#breadcrumb\",\"itemListElement\":[{\"@type\":\"ListItem\",\"position\":1,\"name\":\"Home\",\"item\":\"https:\\\/\\\/booksfrommexico.com\\\/es\\\/\"},{\"@type\":\"ListItem\",\"position\":2,\"name\":\"Libros\",\"item\":\"https:\\\/\\\/booksfrommexico.com\\\/es\\\/libros\\\/\"},{\"@type\":\"ListItem\",\"position\":3,\"name\":\"Historia gr\u00e1fica del teatro Macedonio Alcal\u00e1: Centenario 1909-2009\"}]},{\"@type\":\"WebSite\",\"@id\":\"https:\\\/\\\/booksfrommexico.com\\\/#website\",\"url\":\"https:\\\/\\\/booksfrommexico.com\\\/\",\"name\":\"Books From Mexico\",\"description\":\"\",\"publisher\":{\"@id\":\"https:\\\/\\\/booksfrommexico.com\\\/#organization\"},\"potentialAction\":[{\"@type\":\"SearchAction\",\"target\":{\"@type\":\"EntryPoint\",\"urlTemplate\":\"https:\\\/\\\/booksfrommexico.com\\\/?s={search_term_string}\"},\"query-input\":{\"@type\":\"PropertyValueSpecification\",\"valueRequired\":true,\"valueName\":\"search_term_string\"}}],\"inLanguage\":\"es\"},{\"@type\":\"Organization\",\"@id\":\"https:\\\/\\\/booksfrommexico.com\\\/#organization\",\"name\":\"Books From Mexico\",\"url\":\"https:\\\/\\\/booksfrommexico.com\\\/\",\"logo\":{\"@type\":\"ImageObject\",\"inLanguage\":\"es\",\"@id\":\"https:\\\/\\\/booksfrommexico.com\\\/#\\\/schema\\\/logo\\\/image\\\/\",\"url\":\"https:\\\/\\\/booksfrommexico.com\\\/app\\\/uploads\\\/2023\\\/05\\\/logo-booksfrommexico.svg\",\"contentUrl\":\"https:\\\/\\\/booksfrommexico.com\\\/app\\\/uploads\\\/2023\\\/05\\\/logo-booksfrommexico.svg\",\"width\":86,\"height\":56,\"caption\":\"Books From Mexico\"},\"image\":{\"@id\":\"https:\\\/\\\/booksfrommexico.com\\\/#\\\/schema\\\/logo\\\/image\\\/\"}}]}<\/script>\n<!-- \/ Yoast SEO plugin. -->","yoast_head_json":{"title":"Historia gr\u00e1fica del teatro Macedonio Alcal\u00e1: Centenario 1909-2009","description":"HISTORIA GR\u00c1FICA DEL TEATRO MACEDONIO ALCAL\u00c1 : CENTENARIO 1909-2009, 2 VOL\u00daMENES. \/ Luis Alberto Arrioja D\u00edaz-Viruell, Leticia Gamboa Ojeda. 2009.","robots":{"index":"index","follow":"follow","max-snippet":"max-snippet:-1","max-image-preview":"max-image-preview:large","max-video-preview":"max-video-preview:-1"},"canonical":"https:\/\/booksfrommexico.com\/es\/producto\/historia-grafica-del-teatro-macedonio-alcala-centenario-1909-2009-2-volumenes\/","og_locale":"es_ES","og_type":"article","og_title":"Historia gr\u00e1fica del teatro Macedonio Alcal\u00e1: Centenario 1909-2009","og_description":"HISTORIA GR\u00c1FICA DEL TEATRO MACEDONIO ALCAL\u00c1 : CENTENARIO 1909-2009, 2 VOL\u00daMENES. \/ Luis Alberto Arrioja D\u00edaz-Viruell, Leticia Gamboa Ojeda. 2009.","og_url":"https:\/\/booksfrommexico.com\/es\/producto\/historia-grafica-del-teatro-macedonio-alcala-centenario-1909-2009-2-volumenes\/","og_site_name":"Books From Mexico","article_modified_time":"2024-10-24T23:19:55+00:00","og_image":[{"width":1779,"height":2560,"url":"http:\/\/booksfrommexico.com\/app\/uploads\/2023\/05\/146769-scaled-1.jpeg","type":"image\/jpeg"}],"twitter_card":"summary_large_image","twitter_misc":{"Tiempo de lectura":"1 minuto"},"schema":{"@context":"https:\/\/schema.org","@graph":[{"@type":"WebPage","@id":"https:\/\/booksfrommexico.com\/es\/producto\/historia-grafica-del-teatro-macedonio-alcala-centenario-1909-2009-2-volumenes\/","url":"https:\/\/booksfrommexico.com\/es\/producto\/historia-grafica-del-teatro-macedonio-alcala-centenario-1909-2009-2-volumenes\/","name":"Historia gr\u00e1fica del teatro Macedonio Alcal\u00e1: Centenario 1909-2009","isPartOf":{"@id":"https:\/\/booksfrommexico.com\/#website"},"primaryImageOfPage":{"@id":"https:\/\/booksfrommexico.com\/es\/producto\/historia-grafica-del-teatro-macedonio-alcala-centenario-1909-2009-2-volumenes\/#primaryimage"},"image":{"@id":"https:\/\/booksfrommexico.com\/es\/producto\/historia-grafica-del-teatro-macedonio-alcala-centenario-1909-2009-2-volumenes\/#primaryimage"},"thumbnailUrl":"https:\/\/booksfrommexico.com\/app\/uploads\/2023\/05\/146769-scaled-1.jpeg","datePublished":"2023-05-08T17:08:38+00:00","dateModified":"2024-10-24T23:19:55+00:00","description":"HISTORIA GR\u00c1FICA DEL TEATRO MACEDONIO ALCAL\u00c1 : CENTENARIO 1909-2009, 2 VOL\u00daMENES. \/ Luis Alberto Arrioja D\u00edaz-Viruell, Leticia Gamboa Ojeda. 2009.","breadcrumb":{"@id":"https:\/\/booksfrommexico.com\/es\/producto\/historia-grafica-del-teatro-macedonio-alcala-centenario-1909-2009-2-volumenes\/#breadcrumb"},"inLanguage":"es","potentialAction":[{"@type":"ReadAction","target":["https:\/\/booksfrommexico.com\/es\/producto\/historia-grafica-del-teatro-macedonio-alcala-centenario-1909-2009-2-volumenes\/"]}]},{"@type":"ImageObject","inLanguage":"es","@id":"https:\/\/booksfrommexico.com\/es\/producto\/historia-grafica-del-teatro-macedonio-alcala-centenario-1909-2009-2-volumenes\/#primaryimage","url":"https:\/\/booksfrommexico.com\/app\/uploads\/2023\/05\/146769-scaled-1.jpeg","contentUrl":"https:\/\/booksfrommexico.com\/app\/uploads\/2023\/05\/146769-scaled-1.jpeg","width":1779,"height":2560,"caption":"Historia gr\u00e1fica del teatro Macedonio Alcal\u00e1. Books From M\u00e9xico"},{"@type":"BreadcrumbList","@id":"https:\/\/booksfrommexico.com\/es\/producto\/historia-grafica-del-teatro-macedonio-alcala-centenario-1909-2009-2-volumenes\/#breadcrumb","itemListElement":[{"@type":"ListItem","position":1,"name":"Home","item":"https:\/\/booksfrommexico.com\/es\/"},{"@type":"ListItem","position":2,"name":"Libros","item":"https:\/\/booksfrommexico.com\/es\/libros\/"},{"@type":"ListItem","position":3,"name":"Historia gr\u00e1fica del teatro Macedonio Alcal\u00e1: Centenario 1909-2009"}]},{"@type":"WebSite","@id":"https:\/\/booksfrommexico.com\/#website","url":"https:\/\/booksfrommexico.com\/","name":"Books From Mexico","description":"","publisher":{"@id":"https:\/\/booksfrommexico.com\/#organization"},"potentialAction":[{"@type":"SearchAction","target":{"@type":"EntryPoint","urlTemplate":"https:\/\/booksfrommexico.com\/?s={search_term_string}"},"query-input":{"@type":"PropertyValueSpecification","valueRequired":true,"valueName":"search_term_string"}}],"inLanguage":"es"},{"@type":"Organization","@id":"https:\/\/booksfrommexico.com\/#organization","name":"Books From Mexico","url":"https:\/\/booksfrommexico.com\/","logo":{"@type":"ImageObject","inLanguage":"es","@id":"https:\/\/booksfrommexico.com\/#\/schema\/logo\/image\/","url":"https:\/\/booksfrommexico.com\/app\/uploads\/2023\/05\/logo-booksfrommexico.svg","contentUrl":"https:\/\/booksfrommexico.com\/app\/uploads\/2023\/05\/logo-booksfrommexico.svg","width":86,"height":56,"caption":"Books From Mexico"},"image":{"@id":"https:\/\/booksfrommexico.com\/#\/schema\/logo\/image\/"}}]}},"_links":{"self":[{"href":"https:\/\/booksfrommexico.com\/es\/wp-json\/wp\/v2\/product\/926","targetHints":{"allow":["GET"]}}],"collection":[{"href":"https:\/\/booksfrommexico.com\/es\/wp-json\/wp\/v2\/product"}],"about":[{"href":"https:\/\/booksfrommexico.com\/es\/wp-json\/wp\/v2\/types\/product"}],"wp:featuredmedia":[{"embeddable":true,"href":"https:\/\/booksfrommexico.com\/es\/wp-json\/wp\/v2\/media\/925"}],"wp:attachment":[{"href":"https:\/\/booksfrommexico.com\/es\/wp-json\/wp\/v2\/media?parent=926"}],"wp:term":[{"taxonomy":"product_brand","embeddable":true,"href":"https:\/\/booksfrommexico.com\/es\/wp-json\/wp\/v2\/product_brand?post=926"},{"taxonomy":"product_cat","embeddable":true,"href":"https:\/\/booksfrommexico.com\/es\/wp-json\/wp\/v2\/product_cat?post=926"},{"taxonomy":"product_tag","embeddable":true,"href":"https:\/\/booksfrommexico.com\/es\/wp-json\/wp\/v2\/product_tag?post=926"}],"curies":[{"name":"wp","href":"https:\/\/api.w.org\/{rel}","templated":true}]}}