{"id":928,"date":"2023-05-08T17:08:41","date_gmt":"2023-05-08T17:08:41","guid":{"rendered":"http:\/\/booksfrommexico.com\/product\/trajes-y-vistas-de-mexico-en-la-mirada-de-theubet-de-beauchamp-trajes-civiles-y-militares-y-de-los-pobladores-de-mexico-entre-1810-y-1827\/"},"modified":"2024-11-06T23:51:26","modified_gmt":"2024-11-06T23:51:26","slug":"trajes-y-vistas-de-mexico-en-la-mirada-de-theubet-de-beauchamp-trajes-civiles-y-militares-y-de-los-pobladores-de-mexico-entre-1810-y-1827","status":"publish","type":"product","link":"https:\/\/booksfrommexico.com\/es\/producto\/trajes-y-vistas-de-mexico-en-la-mirada-de-theubet-de-beauchamp-trajes-civiles-y-militares-y-de-los-pobladores-de-mexico-entre-1810-y-1827\/","title":{"rendered":"Trajes y vistas de M\u00e9xico en la mirada de Theubet de Beauchamp: Trajes civiles y militares y de los pobladores de M\u00e9xico entre 1810 y 1827"},"content":{"rendered":"<p style=\"text-align: left;\"><span style=\"font-weight: 400;\">Con motivo de la conmemoraci\u00f3n del Bicentenario de la Independencia de M\u00e9xico, se presenta este t\u00edtulo que contiene la versi\u00f3n pict\u00f3rica plasmada por el artista Theubet de Beauchamp, la cual capta parte de la sociedad mexicana que protagoniz\u00f3 y vivi\u00f3 la lucha armada. Aqu\u00ed se encuentra una colecci\u00f3n de pinturas an\u00f3nimas que va descubriendo, a trav\u00e9s de las mismas y con apoyo de algunos textos que las acompa\u00f1an, qui\u00e9n fue su creador y por qu\u00e9 las realiz\u00f3. En la segunda parte del libro, se muestra una colecci\u00f3n de ilustraciones a color proporcionadas por la Real Biblioteca de Madrid, las cuales permiten conocer los trajes civiles y militares de los pobladores de M\u00e9xico entre los a\u00f1os de 1810 y 1827. <\/span><\/p>\n","protected":false},"excerpt":{"rendered":"<p>TRAJES Y VISTAS DE M\u00c9XICO EN LA MIRADA DE THEUBET DE BEAUCHAMP : TRAJES CIVILES Y MILITARES Y DE LOS POBLADORES DE M\u00c9XICO ENTRE 1810 Y 1827<span style=\"font-weight: 400;\">. \/ Sonia Lombardo de Ruiz. M\u00e9xico, D.F. : Consejo Nacional para la Cultura y las Artes , Instituto Nacional de Antropolog\u00eda e Historia ; Madrid, Espa\u00f1a : Patrimonio Nacional, Madrid ; Turner Libros, 2009. 220 pages : includes color illustrations, notes, glossary, bibliography ; 44 cm. ISBN : 9788475069012.<\/span><\/p>\n","protected":false},"featured_media":927,"template":"","meta":{"_acf_changed":false,"inline_featured_image":false},"product_brand":[],"product_cat":[87,27,1118],"product_tag":[4044,4201,3657,4398,4094],"class_list":{"0":"post-928","1":"product","2":"type-product","3":"status-publish","4":"has-post-thumbnail","6":"product_cat-arte","7":"product_cat-historia","8":"product_cat-historia-militar-colonial-historia","9":"product_tag-arte","10":"product_tag-dibujo-y-pintura","11":"product_tag-historia","12":"product_tag-historia-mexico","13":"product_tag-independencia-mexicana","15":"first","16":"instock","17":"taxable","18":"shipping-taxable","19":"purchasable","20":"product-type-simple"},"acf":[],"yoast_head":"<!-- This site is optimized with the Yoast SEO plugin v27.3 - https:\/\/yoast.com\/product\/yoast-seo-wordpress\/ -->\n<title>Trajes y vistas de M\u00e9xico en la mirada de Theubet de Beauchamp<\/title>\n<meta name=\"description\" content=\"TRAJES Y VISTAS DE M\u00c9XICO EN LA MIRADA DE THEUBET DE BEAUCHAMP : TRAJES CIVILES Y MILITARES Y DE LOS POBLADORES DE M\u00c9XICO ENTRE 1810 Y 1827. \/ 2009.\" \/>\n<meta name=\"robots\" content=\"index, follow, max-snippet:-1, max-image-preview:large, max-video-preview:-1\" \/>\n<link rel=\"canonical\" href=\"https:\/\/booksfrommexico.com\/es\/producto\/trajes-y-vistas-de-mexico-en-la-mirada-de-theubet-de-beauchamp-trajes-civiles-y-militares-y-de-los-pobladores-de-mexico-entre-1810-y-1827\/\" \/>\n<meta property=\"og:locale\" content=\"es_ES\" \/>\n<meta property=\"og:type\" content=\"article\" \/>\n<meta property=\"og:title\" content=\"Trajes y vistas de M\u00e9xico en la mirada de Theubet de Beauchamp\" \/>\n<meta property=\"og:description\" content=\"TRAJES Y VISTAS DE M\u00c9XICO EN LA MIRADA DE THEUBET DE BEAUCHAMP : TRAJES CIVILES Y MILITARES Y DE LOS POBLADORES DE M\u00c9XICO ENTRE 1810 Y 1827. \/ 2009.\" \/>\n<meta property=\"og:url\" content=\"https:\/\/booksfrommexico.com\/es\/producto\/trajes-y-vistas-de-mexico-en-la-mirada-de-theubet-de-beauchamp-trajes-civiles-y-militares-y-de-los-pobladores-de-mexico-entre-1810-y-1827\/\" \/>\n<meta property=\"og:site_name\" content=\"Books From Mexico\" \/>\n<meta property=\"article:modified_time\" content=\"2024-11-06T23:51:26+00:00\" \/>\n<meta property=\"og:image\" content=\"http:\/\/booksfrommexico.com\/app\/uploads\/2023\/05\/147577.jpeg\" \/>\n\t<meta property=\"og:image:width\" content=\"1782\" \/>\n\t<meta property=\"og:image:height\" content=\"2378\" \/>\n\t<meta property=\"og:image:type\" content=\"image\/jpeg\" \/>\n<meta name=\"twitter:card\" content=\"summary_large_image\" \/>\n<meta name=\"twitter:label1\" content=\"Tiempo de lectura\" \/>\n\t<meta name=\"twitter:data1\" content=\"1 minuto\" \/>\n<script type=\"application\/ld+json\" class=\"yoast-schema-graph\">{\"@context\":\"https:\\\/\\\/schema.org\",\"@graph\":[{\"@type\":\"WebPage\",\"@id\":\"https:\\\/\\\/booksfrommexico.com\\\/es\\\/producto\\\/trajes-y-vistas-de-mexico-en-la-mirada-de-theubet-de-beauchamp-trajes-civiles-y-militares-y-de-los-pobladores-de-mexico-entre-1810-y-1827\\\/\",\"url\":\"https:\\\/\\\/booksfrommexico.com\\\/es\\\/producto\\\/trajes-y-vistas-de-mexico-en-la-mirada-de-theubet-de-beauchamp-trajes-civiles-y-militares-y-de-los-pobladores-de-mexico-entre-1810-y-1827\\\/\",\"name\":\"Trajes y vistas de M\u00e9xico en la mirada de Theubet de Beauchamp\",\"isPartOf\":{\"@id\":\"https:\\\/\\\/booksfrommexico.com\\\/#website\"},\"primaryImageOfPage\":{\"@id\":\"https:\\\/\\\/booksfrommexico.com\\\/es\\\/producto\\\/trajes-y-vistas-de-mexico-en-la-mirada-de-theubet-de-beauchamp-trajes-civiles-y-militares-y-de-los-pobladores-de-mexico-entre-1810-y-1827\\\/#primaryimage\"},\"image\":{\"@id\":\"https:\\\/\\\/booksfrommexico.com\\\/es\\\/producto\\\/trajes-y-vistas-de-mexico-en-la-mirada-de-theubet-de-beauchamp-trajes-civiles-y-militares-y-de-los-pobladores-de-mexico-entre-1810-y-1827\\\/#primaryimage\"},\"thumbnailUrl\":\"https:\\\/\\\/booksfrommexico.com\\\/app\\\/uploads\\\/2023\\\/05\\\/147577.jpeg\",\"datePublished\":\"2023-05-08T17:08:41+00:00\",\"dateModified\":\"2024-11-06T23:51:26+00:00\",\"description\":\"TRAJES Y VISTAS DE M\u00c9XICO EN LA MIRADA DE THEUBET DE BEAUCHAMP : TRAJES CIVILES Y MILITARES Y DE LOS POBLADORES DE M\u00c9XICO ENTRE 1810 Y 1827. \\\/ 2009.\",\"breadcrumb\":{\"@id\":\"https:\\\/\\\/booksfrommexico.com\\\/es\\\/producto\\\/trajes-y-vistas-de-mexico-en-la-mirada-de-theubet-de-beauchamp-trajes-civiles-y-militares-y-de-los-pobladores-de-mexico-entre-1810-y-1827\\\/#breadcrumb\"},\"inLanguage\":\"es\",\"potentialAction\":[{\"@type\":\"ReadAction\",\"target\":[\"https:\\\/\\\/booksfrommexico.com\\\/es\\\/producto\\\/trajes-y-vistas-de-mexico-en-la-mirada-de-theubet-de-beauchamp-trajes-civiles-y-militares-y-de-los-pobladores-de-mexico-entre-1810-y-1827\\\/\"]}]},{\"@type\":\"ImageObject\",\"inLanguage\":\"es\",\"@id\":\"https:\\\/\\\/booksfrommexico.com\\\/es\\\/producto\\\/trajes-y-vistas-de-mexico-en-la-mirada-de-theubet-de-beauchamp-trajes-civiles-y-militares-y-de-los-pobladores-de-mexico-entre-1810-y-1827\\\/#primaryimage\",\"url\":\"https:\\\/\\\/booksfrommexico.com\\\/app\\\/uploads\\\/2023\\\/05\\\/147577.jpeg\",\"contentUrl\":\"https:\\\/\\\/booksfrommexico.com\\\/app\\\/uploads\\\/2023\\\/05\\\/147577.jpeg\",\"width\":1782,\"height\":2378,\"caption\":\"Trajes y vistas de M\u00e9xico en la mirada de Theubet de Beauchamp\"},{\"@type\":\"BreadcrumbList\",\"@id\":\"https:\\\/\\\/booksfrommexico.com\\\/es\\\/producto\\\/trajes-y-vistas-de-mexico-en-la-mirada-de-theubet-de-beauchamp-trajes-civiles-y-militares-y-de-los-pobladores-de-mexico-entre-1810-y-1827\\\/#breadcrumb\",\"itemListElement\":[{\"@type\":\"ListItem\",\"position\":1,\"name\":\"Home\",\"item\":\"https:\\\/\\\/booksfrommexico.com\\\/es\\\/\"},{\"@type\":\"ListItem\",\"position\":2,\"name\":\"Libros\",\"item\":\"https:\\\/\\\/booksfrommexico.com\\\/es\\\/libros\\\/\"},{\"@type\":\"ListItem\",\"position\":3,\"name\":\"Trajes y vistas de M\u00e9xico en la mirada de Theubet de Beauchamp: Trajes civiles y militares y de los pobladores de M\u00e9xico entre 1810 y 1827\"}]},{\"@type\":\"WebSite\",\"@id\":\"https:\\\/\\\/booksfrommexico.com\\\/#website\",\"url\":\"https:\\\/\\\/booksfrommexico.com\\\/\",\"name\":\"Books From Mexico\",\"description\":\"\",\"publisher\":{\"@id\":\"https:\\\/\\\/booksfrommexico.com\\\/#organization\"},\"potentialAction\":[{\"@type\":\"SearchAction\",\"target\":{\"@type\":\"EntryPoint\",\"urlTemplate\":\"https:\\\/\\\/booksfrommexico.com\\\/?s={search_term_string}\"},\"query-input\":{\"@type\":\"PropertyValueSpecification\",\"valueRequired\":true,\"valueName\":\"search_term_string\"}}],\"inLanguage\":\"es\"},{\"@type\":\"Organization\",\"@id\":\"https:\\\/\\\/booksfrommexico.com\\\/#organization\",\"name\":\"Books From Mexico\",\"url\":\"https:\\\/\\\/booksfrommexico.com\\\/\",\"logo\":{\"@type\":\"ImageObject\",\"inLanguage\":\"es\",\"@id\":\"https:\\\/\\\/booksfrommexico.com\\\/#\\\/schema\\\/logo\\\/image\\\/\",\"url\":\"https:\\\/\\\/booksfrommexico.com\\\/app\\\/uploads\\\/2023\\\/05\\\/logo-booksfrommexico.svg\",\"contentUrl\":\"https:\\\/\\\/booksfrommexico.com\\\/app\\\/uploads\\\/2023\\\/05\\\/logo-booksfrommexico.svg\",\"width\":86,\"height\":56,\"caption\":\"Books From Mexico\"},\"image\":{\"@id\":\"https:\\\/\\\/booksfrommexico.com\\\/#\\\/schema\\\/logo\\\/image\\\/\"}}]}<\/script>\n<!-- \/ Yoast SEO plugin. -->","yoast_head_json":{"title":"Trajes y vistas de M\u00e9xico en la mirada de Theubet de Beauchamp","description":"TRAJES Y VISTAS DE M\u00c9XICO EN LA MIRADA DE THEUBET DE BEAUCHAMP : TRAJES CIVILES Y MILITARES Y DE LOS POBLADORES DE M\u00c9XICO ENTRE 1810 Y 1827. \/ 2009.","robots":{"index":"index","follow":"follow","max-snippet":"max-snippet:-1","max-image-preview":"max-image-preview:large","max-video-preview":"max-video-preview:-1"},"canonical":"https:\/\/booksfrommexico.com\/es\/producto\/trajes-y-vistas-de-mexico-en-la-mirada-de-theubet-de-beauchamp-trajes-civiles-y-militares-y-de-los-pobladores-de-mexico-entre-1810-y-1827\/","og_locale":"es_ES","og_type":"article","og_title":"Trajes y vistas de M\u00e9xico en la mirada de Theubet de Beauchamp","og_description":"TRAJES Y VISTAS DE M\u00c9XICO EN LA MIRADA DE THEUBET DE BEAUCHAMP : TRAJES CIVILES Y MILITARES Y DE LOS POBLADORES DE M\u00c9XICO ENTRE 1810 Y 1827. \/ 2009.","og_url":"https:\/\/booksfrommexico.com\/es\/producto\/trajes-y-vistas-de-mexico-en-la-mirada-de-theubet-de-beauchamp-trajes-civiles-y-militares-y-de-los-pobladores-de-mexico-entre-1810-y-1827\/","og_site_name":"Books From Mexico","article_modified_time":"2024-11-06T23:51:26+00:00","og_image":[{"width":1782,"height":2378,"url":"http:\/\/booksfrommexico.com\/app\/uploads\/2023\/05\/147577.jpeg","type":"image\/jpeg"}],"twitter_card":"summary_large_image","twitter_misc":{"Tiempo de lectura":"1 minuto"},"schema":{"@context":"https:\/\/schema.org","@graph":[{"@type":"WebPage","@id":"https:\/\/booksfrommexico.com\/es\/producto\/trajes-y-vistas-de-mexico-en-la-mirada-de-theubet-de-beauchamp-trajes-civiles-y-militares-y-de-los-pobladores-de-mexico-entre-1810-y-1827\/","url":"https:\/\/booksfrommexico.com\/es\/producto\/trajes-y-vistas-de-mexico-en-la-mirada-de-theubet-de-beauchamp-trajes-civiles-y-militares-y-de-los-pobladores-de-mexico-entre-1810-y-1827\/","name":"Trajes y vistas de M\u00e9xico en la mirada de Theubet de Beauchamp","isPartOf":{"@id":"https:\/\/booksfrommexico.com\/#website"},"primaryImageOfPage":{"@id":"https:\/\/booksfrommexico.com\/es\/producto\/trajes-y-vistas-de-mexico-en-la-mirada-de-theubet-de-beauchamp-trajes-civiles-y-militares-y-de-los-pobladores-de-mexico-entre-1810-y-1827\/#primaryimage"},"image":{"@id":"https:\/\/booksfrommexico.com\/es\/producto\/trajes-y-vistas-de-mexico-en-la-mirada-de-theubet-de-beauchamp-trajes-civiles-y-militares-y-de-los-pobladores-de-mexico-entre-1810-y-1827\/#primaryimage"},"thumbnailUrl":"https:\/\/booksfrommexico.com\/app\/uploads\/2023\/05\/147577.jpeg","datePublished":"2023-05-08T17:08:41+00:00","dateModified":"2024-11-06T23:51:26+00:00","description":"TRAJES Y VISTAS DE M\u00c9XICO EN LA MIRADA DE THEUBET DE BEAUCHAMP : TRAJES CIVILES Y MILITARES Y DE LOS POBLADORES DE M\u00c9XICO ENTRE 1810 Y 1827. \/ 2009.","breadcrumb":{"@id":"https:\/\/booksfrommexico.com\/es\/producto\/trajes-y-vistas-de-mexico-en-la-mirada-de-theubet-de-beauchamp-trajes-civiles-y-militares-y-de-los-pobladores-de-mexico-entre-1810-y-1827\/#breadcrumb"},"inLanguage":"es","potentialAction":[{"@type":"ReadAction","target":["https:\/\/booksfrommexico.com\/es\/producto\/trajes-y-vistas-de-mexico-en-la-mirada-de-theubet-de-beauchamp-trajes-civiles-y-militares-y-de-los-pobladores-de-mexico-entre-1810-y-1827\/"]}]},{"@type":"ImageObject","inLanguage":"es","@id":"https:\/\/booksfrommexico.com\/es\/producto\/trajes-y-vistas-de-mexico-en-la-mirada-de-theubet-de-beauchamp-trajes-civiles-y-militares-y-de-los-pobladores-de-mexico-entre-1810-y-1827\/#primaryimage","url":"https:\/\/booksfrommexico.com\/app\/uploads\/2023\/05\/147577.jpeg","contentUrl":"https:\/\/booksfrommexico.com\/app\/uploads\/2023\/05\/147577.jpeg","width":1782,"height":2378,"caption":"Trajes y vistas de M\u00e9xico en la mirada de Theubet de Beauchamp"},{"@type":"BreadcrumbList","@id":"https:\/\/booksfrommexico.com\/es\/producto\/trajes-y-vistas-de-mexico-en-la-mirada-de-theubet-de-beauchamp-trajes-civiles-y-militares-y-de-los-pobladores-de-mexico-entre-1810-y-1827\/#breadcrumb","itemListElement":[{"@type":"ListItem","position":1,"name":"Home","item":"https:\/\/booksfrommexico.com\/es\/"},{"@type":"ListItem","position":2,"name":"Libros","item":"https:\/\/booksfrommexico.com\/es\/libros\/"},{"@type":"ListItem","position":3,"name":"Trajes y vistas de M\u00e9xico en la mirada de Theubet de Beauchamp: Trajes civiles y militares y de los pobladores de M\u00e9xico entre 1810 y 1827"}]},{"@type":"WebSite","@id":"https:\/\/booksfrommexico.com\/#website","url":"https:\/\/booksfrommexico.com\/","name":"Books From Mexico","description":"","publisher":{"@id":"https:\/\/booksfrommexico.com\/#organization"},"potentialAction":[{"@type":"SearchAction","target":{"@type":"EntryPoint","urlTemplate":"https:\/\/booksfrommexico.com\/?s={search_term_string}"},"query-input":{"@type":"PropertyValueSpecification","valueRequired":true,"valueName":"search_term_string"}}],"inLanguage":"es"},{"@type":"Organization","@id":"https:\/\/booksfrommexico.com\/#organization","name":"Books From Mexico","url":"https:\/\/booksfrommexico.com\/","logo":{"@type":"ImageObject","inLanguage":"es","@id":"https:\/\/booksfrommexico.com\/#\/schema\/logo\/image\/","url":"https:\/\/booksfrommexico.com\/app\/uploads\/2023\/05\/logo-booksfrommexico.svg","contentUrl":"https:\/\/booksfrommexico.com\/app\/uploads\/2023\/05\/logo-booksfrommexico.svg","width":86,"height":56,"caption":"Books From Mexico"},"image":{"@id":"https:\/\/booksfrommexico.com\/#\/schema\/logo\/image\/"}}]}},"_links":{"self":[{"href":"https:\/\/booksfrommexico.com\/es\/wp-json\/wp\/v2\/product\/928","targetHints":{"allow":["GET"]}}],"collection":[{"href":"https:\/\/booksfrommexico.com\/es\/wp-json\/wp\/v2\/product"}],"about":[{"href":"https:\/\/booksfrommexico.com\/es\/wp-json\/wp\/v2\/types\/product"}],"wp:featuredmedia":[{"embeddable":true,"href":"https:\/\/booksfrommexico.com\/es\/wp-json\/wp\/v2\/media\/927"}],"wp:attachment":[{"href":"https:\/\/booksfrommexico.com\/es\/wp-json\/wp\/v2\/media?parent=928"}],"wp:term":[{"taxonomy":"product_brand","embeddable":true,"href":"https:\/\/booksfrommexico.com\/es\/wp-json\/wp\/v2\/product_brand?post=928"},{"taxonomy":"product_cat","embeddable":true,"href":"https:\/\/booksfrommexico.com\/es\/wp-json\/wp\/v2\/product_cat?post=928"},{"taxonomy":"product_tag","embeddable":true,"href":"https:\/\/booksfrommexico.com\/es\/wp-json\/wp\/v2\/product_tag?post=928"}],"curies":[{"name":"wp","href":"https:\/\/api.w.org\/{rel}","templated":true}]}}