{"id":930,"date":"2023-05-08T17:08:42","date_gmt":"2023-05-08T17:08:42","guid":{"rendered":"http:\/\/booksfrommexico.com\/product\/el-tratado-de-libre-comercio-en-america-del-norte-vision-retrospectiva-y-retos-a-futuro\/"},"modified":"2023-11-03T14:53:37","modified_gmt":"2023-11-03T14:53:37","slug":"el-tratado-de-libre-comercio-en-america-del-norte-vision-retrospectiva-y-retos-a-futuro","status":"publish","type":"product","link":"https:\/\/booksfrommexico.com\/es\/producto\/el-tratado-de-libre-comercio-en-america-del-norte-vision-retrospectiva-y-retos-a-futuro\/","title":{"rendered":"El Tratado de libre comercio en Am\u00e9rica del Norte. Visi\u00f3n retrospectiva y retos a futuro"},"content":{"rendered":"","protected":false},"excerpt":{"rendered":"<p>Gustavo Vega C\u00e1novas. M\u00e9xico, D.F.: El Colegio de M\u00e9xico, Centro de Estudios Internacionales, 2010. 408 pages : 21 cm. ISBN: 9786074620900<\/p>\n","protected":false},"featured_media":929,"template":"","meta":{"_acf_changed":false,"inline_featured_image":false},"product_brand":[],"product_cat":[279,47],"product_tag":[],"class_list":{"0":"post-930","1":"product","2":"type-product","3":"status-publish","4":"has-post-thumbnail","6":"product_cat-analisis-sectorial-regionales-economia","7":"product_cat-economia","9":"first","10":"instock","11":"taxable","12":"shipping-taxable","13":"purchasable","14":"product-type-simple"},"acf":[],"yoast_head":"<!-- This site is optimized with the Yoast SEO plugin v27.3 - https:\/\/yoast.com\/product\/yoast-seo-wordpress\/ -->\n<title>El Tratado de libre comercio en Am\u00e9rica del Norte.<\/title>\n<meta name=\"description\" content=\"El Tratado de libre comercio en Am\u00e9rica del Norte. Visi\u00f3n retrospectiva y retos a futuro. Gustavo Vega C\u00e1novas. M\u00e9xico, D.F.\" \/>\n<meta name=\"robots\" content=\"index, follow, max-snippet:-1, max-image-preview:large, max-video-preview:-1\" \/>\n<link rel=\"canonical\" href=\"https:\/\/booksfrommexico.com\/es\/producto\/el-tratado-de-libre-comercio-en-america-del-norte-vision-retrospectiva-y-retos-a-futuro\/\" \/>\n<meta property=\"og:locale\" content=\"es_ES\" \/>\n<meta property=\"og:type\" content=\"article\" \/>\n<meta property=\"og:title\" content=\"El Tratado de libre comercio en Am\u00e9rica del Norte.\" \/>\n<meta property=\"og:description\" content=\"El Tratado de libre comercio en Am\u00e9rica del Norte. Visi\u00f3n retrospectiva y retos a futuro. Gustavo Vega C\u00e1novas. M\u00e9xico, D.F.\" \/>\n<meta property=\"og:url\" content=\"https:\/\/booksfrommexico.com\/es\/producto\/el-tratado-de-libre-comercio-en-america-del-norte-vision-retrospectiva-y-retos-a-futuro\/\" \/>\n<meta property=\"og:site_name\" content=\"Books From Mexico\" \/>\n<meta property=\"article:modified_time\" content=\"2023-11-03T14:53:37+00:00\" \/>\n<meta property=\"og:image\" content=\"http:\/\/booksfrommexico.com\/app\/uploads\/2023\/05\/147644.jpeg\" \/>\n\t<meta property=\"og:image:width\" content=\"400\" \/>\n\t<meta property=\"og:image:height\" content=\"605\" \/>\n\t<meta property=\"og:image:type\" content=\"image\/jpeg\" \/>\n<meta name=\"twitter:card\" content=\"summary_large_image\" \/>\n<script type=\"application\/ld+json\" class=\"yoast-schema-graph\">{\"@context\":\"https:\\\/\\\/schema.org\",\"@graph\":[{\"@type\":\"WebPage\",\"@id\":\"https:\\\/\\\/booksfrommexico.com\\\/es\\\/producto\\\/el-tratado-de-libre-comercio-en-america-del-norte-vision-retrospectiva-y-retos-a-futuro\\\/\",\"url\":\"https:\\\/\\\/booksfrommexico.com\\\/es\\\/producto\\\/el-tratado-de-libre-comercio-en-america-del-norte-vision-retrospectiva-y-retos-a-futuro\\\/\",\"name\":\"El Tratado de libre comercio en Am\u00e9rica del Norte.\",\"isPartOf\":{\"@id\":\"https:\\\/\\\/booksfrommexico.com\\\/#website\"},\"primaryImageOfPage\":{\"@id\":\"https:\\\/\\\/booksfrommexico.com\\\/es\\\/producto\\\/el-tratado-de-libre-comercio-en-america-del-norte-vision-retrospectiva-y-retos-a-futuro\\\/#primaryimage\"},\"image\":{\"@id\":\"https:\\\/\\\/booksfrommexico.com\\\/es\\\/producto\\\/el-tratado-de-libre-comercio-en-america-del-norte-vision-retrospectiva-y-retos-a-futuro\\\/#primaryimage\"},\"thumbnailUrl\":\"https:\\\/\\\/booksfrommexico.com\\\/app\\\/uploads\\\/2023\\\/05\\\/147644.jpeg\",\"datePublished\":\"2023-05-08T17:08:42+00:00\",\"dateModified\":\"2023-11-03T14:53:37+00:00\",\"description\":\"El Tratado de libre comercio en Am\u00e9rica del Norte. Visi\u00f3n retrospectiva y retos a futuro. Gustavo Vega C\u00e1novas. M\u00e9xico, D.F.\",\"breadcrumb\":{\"@id\":\"https:\\\/\\\/booksfrommexico.com\\\/es\\\/producto\\\/el-tratado-de-libre-comercio-en-america-del-norte-vision-retrospectiva-y-retos-a-futuro\\\/#breadcrumb\"},\"inLanguage\":\"es\",\"potentialAction\":[{\"@type\":\"ReadAction\",\"target\":[\"https:\\\/\\\/booksfrommexico.com\\\/es\\\/producto\\\/el-tratado-de-libre-comercio-en-america-del-norte-vision-retrospectiva-y-retos-a-futuro\\\/\"]}]},{\"@type\":\"ImageObject\",\"inLanguage\":\"es\",\"@id\":\"https:\\\/\\\/booksfrommexico.com\\\/es\\\/producto\\\/el-tratado-de-libre-comercio-en-america-del-norte-vision-retrospectiva-y-retos-a-futuro\\\/#primaryimage\",\"url\":\"https:\\\/\\\/booksfrommexico.com\\\/app\\\/uploads\\\/2023\\\/05\\\/147644.jpeg\",\"contentUrl\":\"https:\\\/\\\/booksfrommexico.com\\\/app\\\/uploads\\\/2023\\\/05\\\/147644.jpeg\",\"width\":400,\"height\":605,\"caption\":\"El Tratado de libre comercio en Am\u00e9rica del Norte. Visi\u00f3n retrospectiva y retos a futuro\"},{\"@type\":\"BreadcrumbList\",\"@id\":\"https:\\\/\\\/booksfrommexico.com\\\/es\\\/producto\\\/el-tratado-de-libre-comercio-en-america-del-norte-vision-retrospectiva-y-retos-a-futuro\\\/#breadcrumb\",\"itemListElement\":[{\"@type\":\"ListItem\",\"position\":1,\"name\":\"Home\",\"item\":\"https:\\\/\\\/booksfrommexico.com\\\/es\\\/\"},{\"@type\":\"ListItem\",\"position\":2,\"name\":\"Libros\",\"item\":\"https:\\\/\\\/booksfrommexico.com\\\/es\\\/libros\\\/\"},{\"@type\":\"ListItem\",\"position\":3,\"name\":\"El Tratado de libre comercio en Am\u00e9rica del Norte. Visi\u00f3n retrospectiva y retos a futuro\"}]},{\"@type\":\"WebSite\",\"@id\":\"https:\\\/\\\/booksfrommexico.com\\\/#website\",\"url\":\"https:\\\/\\\/booksfrommexico.com\\\/\",\"name\":\"Books From Mexico\",\"description\":\"\",\"publisher\":{\"@id\":\"https:\\\/\\\/booksfrommexico.com\\\/#organization\"},\"potentialAction\":[{\"@type\":\"SearchAction\",\"target\":{\"@type\":\"EntryPoint\",\"urlTemplate\":\"https:\\\/\\\/booksfrommexico.com\\\/?s={search_term_string}\"},\"query-input\":{\"@type\":\"PropertyValueSpecification\",\"valueRequired\":true,\"valueName\":\"search_term_string\"}}],\"inLanguage\":\"es\"},{\"@type\":\"Organization\",\"@id\":\"https:\\\/\\\/booksfrommexico.com\\\/#organization\",\"name\":\"Books From Mexico\",\"url\":\"https:\\\/\\\/booksfrommexico.com\\\/\",\"logo\":{\"@type\":\"ImageObject\",\"inLanguage\":\"es\",\"@id\":\"https:\\\/\\\/booksfrommexico.com\\\/#\\\/schema\\\/logo\\\/image\\\/\",\"url\":\"https:\\\/\\\/booksfrommexico.com\\\/app\\\/uploads\\\/2023\\\/05\\\/logo-booksfrommexico.svg\",\"contentUrl\":\"https:\\\/\\\/booksfrommexico.com\\\/app\\\/uploads\\\/2023\\\/05\\\/logo-booksfrommexico.svg\",\"width\":86,\"height\":56,\"caption\":\"Books From Mexico\"},\"image\":{\"@id\":\"https:\\\/\\\/booksfrommexico.com\\\/#\\\/schema\\\/logo\\\/image\\\/\"}}]}<\/script>\n<!-- \/ Yoast SEO plugin. -->","yoast_head_json":{"title":"El Tratado de libre comercio en Am\u00e9rica del Norte.","description":"El Tratado de libre comercio en Am\u00e9rica del Norte. Visi\u00f3n retrospectiva y retos a futuro. Gustavo Vega C\u00e1novas. M\u00e9xico, D.F.","robots":{"index":"index","follow":"follow","max-snippet":"max-snippet:-1","max-image-preview":"max-image-preview:large","max-video-preview":"max-video-preview:-1"},"canonical":"https:\/\/booksfrommexico.com\/es\/producto\/el-tratado-de-libre-comercio-en-america-del-norte-vision-retrospectiva-y-retos-a-futuro\/","og_locale":"es_ES","og_type":"article","og_title":"El Tratado de libre comercio en Am\u00e9rica del Norte.","og_description":"El Tratado de libre comercio en Am\u00e9rica del Norte. Visi\u00f3n retrospectiva y retos a futuro. Gustavo Vega C\u00e1novas. M\u00e9xico, D.F.","og_url":"https:\/\/booksfrommexico.com\/es\/producto\/el-tratado-de-libre-comercio-en-america-del-norte-vision-retrospectiva-y-retos-a-futuro\/","og_site_name":"Books From Mexico","article_modified_time":"2023-11-03T14:53:37+00:00","og_image":[{"width":400,"height":605,"url":"http:\/\/booksfrommexico.com\/app\/uploads\/2023\/05\/147644.jpeg","type":"image\/jpeg"}],"twitter_card":"summary_large_image","schema":{"@context":"https:\/\/schema.org","@graph":[{"@type":"WebPage","@id":"https:\/\/booksfrommexico.com\/es\/producto\/el-tratado-de-libre-comercio-en-america-del-norte-vision-retrospectiva-y-retos-a-futuro\/","url":"https:\/\/booksfrommexico.com\/es\/producto\/el-tratado-de-libre-comercio-en-america-del-norte-vision-retrospectiva-y-retos-a-futuro\/","name":"El Tratado de libre comercio en Am\u00e9rica del Norte.","isPartOf":{"@id":"https:\/\/booksfrommexico.com\/#website"},"primaryImageOfPage":{"@id":"https:\/\/booksfrommexico.com\/es\/producto\/el-tratado-de-libre-comercio-en-america-del-norte-vision-retrospectiva-y-retos-a-futuro\/#primaryimage"},"image":{"@id":"https:\/\/booksfrommexico.com\/es\/producto\/el-tratado-de-libre-comercio-en-america-del-norte-vision-retrospectiva-y-retos-a-futuro\/#primaryimage"},"thumbnailUrl":"https:\/\/booksfrommexico.com\/app\/uploads\/2023\/05\/147644.jpeg","datePublished":"2023-05-08T17:08:42+00:00","dateModified":"2023-11-03T14:53:37+00:00","description":"El Tratado de libre comercio en Am\u00e9rica del Norte. Visi\u00f3n retrospectiva y retos a futuro. Gustavo Vega C\u00e1novas. M\u00e9xico, D.F.","breadcrumb":{"@id":"https:\/\/booksfrommexico.com\/es\/producto\/el-tratado-de-libre-comercio-en-america-del-norte-vision-retrospectiva-y-retos-a-futuro\/#breadcrumb"},"inLanguage":"es","potentialAction":[{"@type":"ReadAction","target":["https:\/\/booksfrommexico.com\/es\/producto\/el-tratado-de-libre-comercio-en-america-del-norte-vision-retrospectiva-y-retos-a-futuro\/"]}]},{"@type":"ImageObject","inLanguage":"es","@id":"https:\/\/booksfrommexico.com\/es\/producto\/el-tratado-de-libre-comercio-en-america-del-norte-vision-retrospectiva-y-retos-a-futuro\/#primaryimage","url":"https:\/\/booksfrommexico.com\/app\/uploads\/2023\/05\/147644.jpeg","contentUrl":"https:\/\/booksfrommexico.com\/app\/uploads\/2023\/05\/147644.jpeg","width":400,"height":605,"caption":"El Tratado de libre comercio en Am\u00e9rica del Norte. Visi\u00f3n retrospectiva y retos a futuro"},{"@type":"BreadcrumbList","@id":"https:\/\/booksfrommexico.com\/es\/producto\/el-tratado-de-libre-comercio-en-america-del-norte-vision-retrospectiva-y-retos-a-futuro\/#breadcrumb","itemListElement":[{"@type":"ListItem","position":1,"name":"Home","item":"https:\/\/booksfrommexico.com\/es\/"},{"@type":"ListItem","position":2,"name":"Libros","item":"https:\/\/booksfrommexico.com\/es\/libros\/"},{"@type":"ListItem","position":3,"name":"El Tratado de libre comercio en Am\u00e9rica del Norte. Visi\u00f3n retrospectiva y retos a futuro"}]},{"@type":"WebSite","@id":"https:\/\/booksfrommexico.com\/#website","url":"https:\/\/booksfrommexico.com\/","name":"Books From Mexico","description":"","publisher":{"@id":"https:\/\/booksfrommexico.com\/#organization"},"potentialAction":[{"@type":"SearchAction","target":{"@type":"EntryPoint","urlTemplate":"https:\/\/booksfrommexico.com\/?s={search_term_string}"},"query-input":{"@type":"PropertyValueSpecification","valueRequired":true,"valueName":"search_term_string"}}],"inLanguage":"es"},{"@type":"Organization","@id":"https:\/\/booksfrommexico.com\/#organization","name":"Books From Mexico","url":"https:\/\/booksfrommexico.com\/","logo":{"@type":"ImageObject","inLanguage":"es","@id":"https:\/\/booksfrommexico.com\/#\/schema\/logo\/image\/","url":"https:\/\/booksfrommexico.com\/app\/uploads\/2023\/05\/logo-booksfrommexico.svg","contentUrl":"https:\/\/booksfrommexico.com\/app\/uploads\/2023\/05\/logo-booksfrommexico.svg","width":86,"height":56,"caption":"Books From Mexico"},"image":{"@id":"https:\/\/booksfrommexico.com\/#\/schema\/logo\/image\/"}}]}},"_links":{"self":[{"href":"https:\/\/booksfrommexico.com\/es\/wp-json\/wp\/v2\/product\/930","targetHints":{"allow":["GET"]}}],"collection":[{"href":"https:\/\/booksfrommexico.com\/es\/wp-json\/wp\/v2\/product"}],"about":[{"href":"https:\/\/booksfrommexico.com\/es\/wp-json\/wp\/v2\/types\/product"}],"wp:featuredmedia":[{"embeddable":true,"href":"https:\/\/booksfrommexico.com\/es\/wp-json\/wp\/v2\/media\/929"}],"wp:attachment":[{"href":"https:\/\/booksfrommexico.com\/es\/wp-json\/wp\/v2\/media?parent=930"}],"wp:term":[{"taxonomy":"product_brand","embeddable":true,"href":"https:\/\/booksfrommexico.com\/es\/wp-json\/wp\/v2\/product_brand?post=930"},{"taxonomy":"product_cat","embeddable":true,"href":"https:\/\/booksfrommexico.com\/es\/wp-json\/wp\/v2\/product_cat?post=930"},{"taxonomy":"product_tag","embeddable":true,"href":"https:\/\/booksfrommexico.com\/es\/wp-json\/wp\/v2\/product_tag?post=930"}],"curies":[{"name":"wp","href":"https:\/\/api.w.org\/{rel}","templated":true}]}}