{"id":932,"date":"2023-05-08T17:08:44","date_gmt":"2023-05-08T17:08:44","guid":{"rendered":"http:\/\/booksfrommexico.com\/product\/huellas-del-peregrino-vistas-del-mexico-independiente-y-revolucionario\/"},"modified":"2024-04-22T22:07:29","modified_gmt":"2024-04-22T22:07:29","slug":"huellas-del-peregrino-vistas-del-mexico-independiente-y-revolucionario","status":"publish","type":"product","link":"https:\/\/booksfrommexico.com\/es\/producto\/huellas-del-peregrino-vistas-del-mexico-independiente-y-revolucionario\/","title":{"rendered":"Huellas del peregrino"},"content":{"rendered":"<p><span style=\"font-weight: 400;\">A trav\u00e9s de la reflexi\u00f3n de Octavio Paz, se da un repaso de la historia de M\u00e9xico desde la independencia hasta la revoluci\u00f3n y sus vestigios en la sociedad mexicana. En el marco del bicentenario de la independencia mexicana y el centenario de la revoluci\u00f3n mexicana, se presenta una recopilaci\u00f3n de ensayos, entrevistas y art\u00edculos formulados por el autor a lo largo de varios a\u00f1os, con un enfoque cr\u00edtico y pol\u00edtico, sin perder el lado humanista.<\/span><\/p>\n","protected":false},"excerpt":{"rendered":"<p>Paz, Octavio. HUELLAS DEL PEREGRINO: VISTAS DEL M\u00c9XICO INDEPENDIENTE Y REVOLUCIONARIO. \/ Octavio Paz; edici\u00f3n y selecci\u00f3n, Adolfo Casta\u00f1\u00f3n; pr\u00f3logo, Jean Meyer. M\u00e9xico, D.F.: Fondo de Cultura Econ\u00f3mica, 2010. xxvi,352 pages : 24 cm. Includes bibliographic references. (Serie Secci\u00f3n de Obras de Historia). ISBN 9786071602152<\/p>\n","protected":false},"featured_media":931,"template":"","meta":{"_acf_changed":false,"inline_featured_image":false},"product_brand":[],"product_cat":[27,3219],"product_tag":[3618,4094,4092],"class_list":{"0":"post-932","1":"product","2":"type-product","3":"status-publish","4":"has-post-thumbnail","6":"product_cat-historia","7":"product_cat-prehispanica","8":"product_tag-historia-y-critica","9":"product_tag-independencia-mexicana","10":"product_tag-revolucion-mexicana","12":"first","13":"instock","14":"taxable","15":"shipping-taxable","16":"purchasable","17":"product-type-simple"},"acf":[],"yoast_head":"<!-- This site is optimized with the Yoast SEO plugin v27.3 - https:\/\/yoast.com\/product\/yoast-seo-wordpress\/ -->\n<title>Huellas del peregrino. Vistas del M\u00e9xico independiente y revoluci\u00f3n<\/title>\n<meta name=\"description\" content=\"Octavio Paz; edici\u00f3n y selecci\u00f3n, Adolfo Casta\u00f1\u00f3n; pr\u00f3logo, Jean Meyer. M\u00e9xico, D.F.: Fondo de Cultura Econ\u00f3mica, 2010. 9786071602152\" \/>\n<meta name=\"robots\" content=\"index, follow, max-snippet:-1, max-image-preview:large, max-video-preview:-1\" \/>\n<link rel=\"canonical\" href=\"https:\/\/booksfrommexico.com\/es\/producto\/huellas-del-peregrino-vistas-del-mexico-independiente-y-revolucionario\/\" \/>\n<meta property=\"og:locale\" content=\"es_ES\" \/>\n<meta property=\"og:type\" content=\"article\" \/>\n<meta property=\"og:title\" content=\"Huellas del peregrino. Vistas del M\u00e9xico independiente y revoluci\u00f3n\" \/>\n<meta property=\"og:description\" content=\"Octavio Paz; edici\u00f3n y selecci\u00f3n, Adolfo Casta\u00f1\u00f3n; pr\u00f3logo, Jean Meyer. M\u00e9xico, D.F.: Fondo de Cultura Econ\u00f3mica, 2010. 9786071602152\" \/>\n<meta property=\"og:url\" content=\"https:\/\/booksfrommexico.com\/es\/producto\/huellas-del-peregrino-vistas-del-mexico-independiente-y-revolucionario\/\" \/>\n<meta property=\"og:site_name\" content=\"Books From Mexico\" \/>\n<meta property=\"article:modified_time\" content=\"2024-04-22T22:07:29+00:00\" \/>\n<meta property=\"og:image\" content=\"http:\/\/booksfrommexico.com\/app\/uploads\/2023\/05\/147675.jpeg\" \/>\n\t<meta property=\"og:image:width\" content=\"497\" \/>\n\t<meta property=\"og:image:height\" content=\"690\" \/>\n\t<meta property=\"og:image:type\" content=\"image\/jpeg\" \/>\n<meta name=\"twitter:card\" content=\"summary_large_image\" \/>\n<meta name=\"twitter:label1\" content=\"Tiempo de lectura\" \/>\n\t<meta name=\"twitter:data1\" content=\"1 minuto\" \/>\n<script type=\"application\/ld+json\" class=\"yoast-schema-graph\">{\"@context\":\"https:\\\/\\\/schema.org\",\"@graph\":[{\"@type\":\"WebPage\",\"@id\":\"https:\\\/\\\/booksfrommexico.com\\\/es\\\/producto\\\/huellas-del-peregrino-vistas-del-mexico-independiente-y-revolucionario\\\/\",\"url\":\"https:\\\/\\\/booksfrommexico.com\\\/es\\\/producto\\\/huellas-del-peregrino-vistas-del-mexico-independiente-y-revolucionario\\\/\",\"name\":\"Huellas del peregrino. Vistas del M\u00e9xico independiente y revoluci\u00f3n\",\"isPartOf\":{\"@id\":\"https:\\\/\\\/booksfrommexico.com\\\/#website\"},\"primaryImageOfPage\":{\"@id\":\"https:\\\/\\\/booksfrommexico.com\\\/es\\\/producto\\\/huellas-del-peregrino-vistas-del-mexico-independiente-y-revolucionario\\\/#primaryimage\"},\"image\":{\"@id\":\"https:\\\/\\\/booksfrommexico.com\\\/es\\\/producto\\\/huellas-del-peregrino-vistas-del-mexico-independiente-y-revolucionario\\\/#primaryimage\"},\"thumbnailUrl\":\"https:\\\/\\\/booksfrommexico.com\\\/app\\\/uploads\\\/2023\\\/05\\\/147675.jpeg\",\"datePublished\":\"2023-05-08T17:08:44+00:00\",\"dateModified\":\"2024-04-22T22:07:29+00:00\",\"description\":\"Octavio Paz; edici\u00f3n y selecci\u00f3n, Adolfo Casta\u00f1\u00f3n; pr\u00f3logo, Jean Meyer. M\u00e9xico, D.F.: Fondo de Cultura Econ\u00f3mica, 2010. 9786071602152\",\"breadcrumb\":{\"@id\":\"https:\\\/\\\/booksfrommexico.com\\\/es\\\/producto\\\/huellas-del-peregrino-vistas-del-mexico-independiente-y-revolucionario\\\/#breadcrumb\"},\"inLanguage\":\"es\",\"potentialAction\":[{\"@type\":\"ReadAction\",\"target\":[\"https:\\\/\\\/booksfrommexico.com\\\/es\\\/producto\\\/huellas-del-peregrino-vistas-del-mexico-independiente-y-revolucionario\\\/\"]}]},{\"@type\":\"ImageObject\",\"inLanguage\":\"es\",\"@id\":\"https:\\\/\\\/booksfrommexico.com\\\/es\\\/producto\\\/huellas-del-peregrino-vistas-del-mexico-independiente-y-revolucionario\\\/#primaryimage\",\"url\":\"https:\\\/\\\/booksfrommexico.com\\\/app\\\/uploads\\\/2023\\\/05\\\/147675.jpeg\",\"contentUrl\":\"https:\\\/\\\/booksfrommexico.com\\\/app\\\/uploads\\\/2023\\\/05\\\/147675.jpeg\",\"width\":497,\"height\":690,\"caption\":\"Huellas del peregrino. Vistas del M\u00e9xico\"},{\"@type\":\"BreadcrumbList\",\"@id\":\"https:\\\/\\\/booksfrommexico.com\\\/es\\\/producto\\\/huellas-del-peregrino-vistas-del-mexico-independiente-y-revolucionario\\\/#breadcrumb\",\"itemListElement\":[{\"@type\":\"ListItem\",\"position\":1,\"name\":\"Home\",\"item\":\"https:\\\/\\\/booksfrommexico.com\\\/es\\\/\"},{\"@type\":\"ListItem\",\"position\":2,\"name\":\"Libros\",\"item\":\"https:\\\/\\\/booksfrommexico.com\\\/es\\\/libros\\\/\"},{\"@type\":\"ListItem\",\"position\":3,\"name\":\"Huellas del peregrino\"}]},{\"@type\":\"WebSite\",\"@id\":\"https:\\\/\\\/booksfrommexico.com\\\/#website\",\"url\":\"https:\\\/\\\/booksfrommexico.com\\\/\",\"name\":\"Books From Mexico\",\"description\":\"\",\"publisher\":{\"@id\":\"https:\\\/\\\/booksfrommexico.com\\\/#organization\"},\"potentialAction\":[{\"@type\":\"SearchAction\",\"target\":{\"@type\":\"EntryPoint\",\"urlTemplate\":\"https:\\\/\\\/booksfrommexico.com\\\/?s={search_term_string}\"},\"query-input\":{\"@type\":\"PropertyValueSpecification\",\"valueRequired\":true,\"valueName\":\"search_term_string\"}}],\"inLanguage\":\"es\"},{\"@type\":\"Organization\",\"@id\":\"https:\\\/\\\/booksfrommexico.com\\\/#organization\",\"name\":\"Books From Mexico\",\"url\":\"https:\\\/\\\/booksfrommexico.com\\\/\",\"logo\":{\"@type\":\"ImageObject\",\"inLanguage\":\"es\",\"@id\":\"https:\\\/\\\/booksfrommexico.com\\\/#\\\/schema\\\/logo\\\/image\\\/\",\"url\":\"https:\\\/\\\/booksfrommexico.com\\\/app\\\/uploads\\\/2023\\\/05\\\/logo-booksfrommexico.svg\",\"contentUrl\":\"https:\\\/\\\/booksfrommexico.com\\\/app\\\/uploads\\\/2023\\\/05\\\/logo-booksfrommexico.svg\",\"width\":86,\"height\":56,\"caption\":\"Books From Mexico\"},\"image\":{\"@id\":\"https:\\\/\\\/booksfrommexico.com\\\/#\\\/schema\\\/logo\\\/image\\\/\"}}]}<\/script>\n<!-- \/ Yoast SEO plugin. -->","yoast_head_json":{"title":"Huellas del peregrino. Vistas del M\u00e9xico independiente y revoluci\u00f3n","description":"Octavio Paz; edici\u00f3n y selecci\u00f3n, Adolfo Casta\u00f1\u00f3n; pr\u00f3logo, Jean Meyer. M\u00e9xico, D.F.: Fondo de Cultura Econ\u00f3mica, 2010. 9786071602152","robots":{"index":"index","follow":"follow","max-snippet":"max-snippet:-1","max-image-preview":"max-image-preview:large","max-video-preview":"max-video-preview:-1"},"canonical":"https:\/\/booksfrommexico.com\/es\/producto\/huellas-del-peregrino-vistas-del-mexico-independiente-y-revolucionario\/","og_locale":"es_ES","og_type":"article","og_title":"Huellas del peregrino. Vistas del M\u00e9xico independiente y revoluci\u00f3n","og_description":"Octavio Paz; edici\u00f3n y selecci\u00f3n, Adolfo Casta\u00f1\u00f3n; pr\u00f3logo, Jean Meyer. M\u00e9xico, D.F.: Fondo de Cultura Econ\u00f3mica, 2010. 9786071602152","og_url":"https:\/\/booksfrommexico.com\/es\/producto\/huellas-del-peregrino-vistas-del-mexico-independiente-y-revolucionario\/","og_site_name":"Books From Mexico","article_modified_time":"2024-04-22T22:07:29+00:00","og_image":[{"width":497,"height":690,"url":"http:\/\/booksfrommexico.com\/app\/uploads\/2023\/05\/147675.jpeg","type":"image\/jpeg"}],"twitter_card":"summary_large_image","twitter_misc":{"Tiempo de lectura":"1 minuto"},"schema":{"@context":"https:\/\/schema.org","@graph":[{"@type":"WebPage","@id":"https:\/\/booksfrommexico.com\/es\/producto\/huellas-del-peregrino-vistas-del-mexico-independiente-y-revolucionario\/","url":"https:\/\/booksfrommexico.com\/es\/producto\/huellas-del-peregrino-vistas-del-mexico-independiente-y-revolucionario\/","name":"Huellas del peregrino. Vistas del M\u00e9xico independiente y revoluci\u00f3n","isPartOf":{"@id":"https:\/\/booksfrommexico.com\/#website"},"primaryImageOfPage":{"@id":"https:\/\/booksfrommexico.com\/es\/producto\/huellas-del-peregrino-vistas-del-mexico-independiente-y-revolucionario\/#primaryimage"},"image":{"@id":"https:\/\/booksfrommexico.com\/es\/producto\/huellas-del-peregrino-vistas-del-mexico-independiente-y-revolucionario\/#primaryimage"},"thumbnailUrl":"https:\/\/booksfrommexico.com\/app\/uploads\/2023\/05\/147675.jpeg","datePublished":"2023-05-08T17:08:44+00:00","dateModified":"2024-04-22T22:07:29+00:00","description":"Octavio Paz; edici\u00f3n y selecci\u00f3n, Adolfo Casta\u00f1\u00f3n; pr\u00f3logo, Jean Meyer. M\u00e9xico, D.F.: Fondo de Cultura Econ\u00f3mica, 2010. 9786071602152","breadcrumb":{"@id":"https:\/\/booksfrommexico.com\/es\/producto\/huellas-del-peregrino-vistas-del-mexico-independiente-y-revolucionario\/#breadcrumb"},"inLanguage":"es","potentialAction":[{"@type":"ReadAction","target":["https:\/\/booksfrommexico.com\/es\/producto\/huellas-del-peregrino-vistas-del-mexico-independiente-y-revolucionario\/"]}]},{"@type":"ImageObject","inLanguage":"es","@id":"https:\/\/booksfrommexico.com\/es\/producto\/huellas-del-peregrino-vistas-del-mexico-independiente-y-revolucionario\/#primaryimage","url":"https:\/\/booksfrommexico.com\/app\/uploads\/2023\/05\/147675.jpeg","contentUrl":"https:\/\/booksfrommexico.com\/app\/uploads\/2023\/05\/147675.jpeg","width":497,"height":690,"caption":"Huellas del peregrino. Vistas del M\u00e9xico"},{"@type":"BreadcrumbList","@id":"https:\/\/booksfrommexico.com\/es\/producto\/huellas-del-peregrino-vistas-del-mexico-independiente-y-revolucionario\/#breadcrumb","itemListElement":[{"@type":"ListItem","position":1,"name":"Home","item":"https:\/\/booksfrommexico.com\/es\/"},{"@type":"ListItem","position":2,"name":"Libros","item":"https:\/\/booksfrommexico.com\/es\/libros\/"},{"@type":"ListItem","position":3,"name":"Huellas del peregrino"}]},{"@type":"WebSite","@id":"https:\/\/booksfrommexico.com\/#website","url":"https:\/\/booksfrommexico.com\/","name":"Books From Mexico","description":"","publisher":{"@id":"https:\/\/booksfrommexico.com\/#organization"},"potentialAction":[{"@type":"SearchAction","target":{"@type":"EntryPoint","urlTemplate":"https:\/\/booksfrommexico.com\/?s={search_term_string}"},"query-input":{"@type":"PropertyValueSpecification","valueRequired":true,"valueName":"search_term_string"}}],"inLanguage":"es"},{"@type":"Organization","@id":"https:\/\/booksfrommexico.com\/#organization","name":"Books From Mexico","url":"https:\/\/booksfrommexico.com\/","logo":{"@type":"ImageObject","inLanguage":"es","@id":"https:\/\/booksfrommexico.com\/#\/schema\/logo\/image\/","url":"https:\/\/booksfrommexico.com\/app\/uploads\/2023\/05\/logo-booksfrommexico.svg","contentUrl":"https:\/\/booksfrommexico.com\/app\/uploads\/2023\/05\/logo-booksfrommexico.svg","width":86,"height":56,"caption":"Books From Mexico"},"image":{"@id":"https:\/\/booksfrommexico.com\/#\/schema\/logo\/image\/"}}]}},"_links":{"self":[{"href":"https:\/\/booksfrommexico.com\/es\/wp-json\/wp\/v2\/product\/932","targetHints":{"allow":["GET"]}}],"collection":[{"href":"https:\/\/booksfrommexico.com\/es\/wp-json\/wp\/v2\/product"}],"about":[{"href":"https:\/\/booksfrommexico.com\/es\/wp-json\/wp\/v2\/types\/product"}],"wp:featuredmedia":[{"embeddable":true,"href":"https:\/\/booksfrommexico.com\/es\/wp-json\/wp\/v2\/media\/931"}],"wp:attachment":[{"href":"https:\/\/booksfrommexico.com\/es\/wp-json\/wp\/v2\/media?parent=932"}],"wp:term":[{"taxonomy":"product_brand","embeddable":true,"href":"https:\/\/booksfrommexico.com\/es\/wp-json\/wp\/v2\/product_brand?post=932"},{"taxonomy":"product_cat","embeddable":true,"href":"https:\/\/booksfrommexico.com\/es\/wp-json\/wp\/v2\/product_cat?post=932"},{"taxonomy":"product_tag","embeddable":true,"href":"https:\/\/booksfrommexico.com\/es\/wp-json\/wp\/v2\/product_tag?post=932"}],"curies":[{"name":"wp","href":"https:\/\/api.w.org\/{rel}","templated":true}]}}