{"id":942,"date":"2023-05-08T17:08:51","date_gmt":"2023-05-08T17:08:51","guid":{"rendered":"http:\/\/booksfrommexico.com\/product\/migracion-y-creencias-pensar-las-religiones-en-tiempo-de-movilidad\/"},"modified":"2023-11-03T14:45:30","modified_gmt":"2023-11-03T14:45:30","slug":"migracion-y-creencias-pensar-las-religiones-en-tiempo-de-movilidad","status":"publish","type":"product","link":"https:\/\/booksfrommexico.com\/es\/producto\/migracion-y-creencias-pensar-las-religiones-en-tiempo-de-movilidad\/","title":{"rendered":"Migraci\u00f3n y creencias. Pensar las religiones en tiempo de movilidad"},"content":{"rendered":"","protected":false},"excerpt":{"rendered":"<p>Olga Odgers Ort\u00edz, Juan Carlos Ru\u00edz Guadalajara, coordinadores. Tijuana, Baja California: El Colegio de la Frontera Norte AC, M\u00e9xico, D.F.: El Colegio de San Luis Potos\u00ed, 2009. 565 pages : 23 cm. \u00abColecci\u00f3n Desarrollo y Migraci\u00f3n\u00bb, ISBN: 9786074011579<\/p>\n","protected":false},"featured_media":941,"template":"","meta":{"_acf_changed":false,"inline_featured_image":false},"product_brand":[],"product_cat":[42],"product_tag":[],"class_list":{"0":"post-942","1":"product","2":"type-product","3":"status-publish","4":"has-post-thumbnail","6":"product_cat-temas-de-inmigracion-y-migraciones-humanas","8":"first","9":"instock","10":"taxable","11":"shipping-taxable","12":"purchasable","13":"product-type-simple"},"acf":[],"yoast_head":"<!-- This site is optimized with the Yoast SEO plugin v27.3 - https:\/\/yoast.com\/product\/yoast-seo-wordpress\/ -->\n<title>Migraci\u00f3n y creencias Pensar las religiones en tiempo de movilidad<\/title>\n<meta name=\"description\" content=\"Migraci\u00f3n y creencias por Olga Odgers Ort\u00edz, Juan Carlos Ru\u00edz Guadalajara, coordinadores. Tijuana, Baja California: M\u00e9xico, D.F.\" \/>\n<meta name=\"robots\" content=\"index, follow, max-snippet:-1, max-image-preview:large, max-video-preview:-1\" \/>\n<link rel=\"canonical\" href=\"https:\/\/booksfrommexico.com\/es\/producto\/migracion-y-creencias-pensar-las-religiones-en-tiempo-de-movilidad\/\" \/>\n<meta property=\"og:locale\" content=\"es_ES\" \/>\n<meta property=\"og:type\" content=\"article\" \/>\n<meta property=\"og:title\" content=\"Migraci\u00f3n y creencias Pensar las religiones en tiempo de movilidad\" \/>\n<meta property=\"og:description\" content=\"Migraci\u00f3n y creencias por Olga Odgers Ort\u00edz, Juan Carlos Ru\u00edz Guadalajara, coordinadores. Tijuana, Baja California: M\u00e9xico, D.F.\" \/>\n<meta property=\"og:url\" content=\"https:\/\/booksfrommexico.com\/es\/producto\/migracion-y-creencias-pensar-las-religiones-en-tiempo-de-movilidad\/\" \/>\n<meta property=\"og:site_name\" content=\"Books From Mexico\" \/>\n<meta property=\"article:modified_time\" content=\"2023-11-03T14:45:30+00:00\" \/>\n<meta property=\"og:image\" content=\"http:\/\/booksfrommexico.com\/app\/uploads\/2023\/05\/146054.jpeg\" \/>\n\t<meta property=\"og:image:width\" content=\"483\" \/>\n\t<meta property=\"og:image:height\" content=\"656\" \/>\n\t<meta property=\"og:image:type\" content=\"image\/jpeg\" \/>\n<meta name=\"twitter:card\" content=\"summary_large_image\" \/>\n<script type=\"application\/ld+json\" class=\"yoast-schema-graph\">{\"@context\":\"https:\\\/\\\/schema.org\",\"@graph\":[{\"@type\":\"WebPage\",\"@id\":\"https:\\\/\\\/booksfrommexico.com\\\/es\\\/producto\\\/migracion-y-creencias-pensar-las-religiones-en-tiempo-de-movilidad\\\/\",\"url\":\"https:\\\/\\\/booksfrommexico.com\\\/es\\\/producto\\\/migracion-y-creencias-pensar-las-religiones-en-tiempo-de-movilidad\\\/\",\"name\":\"Migraci\u00f3n y creencias Pensar las religiones en tiempo de movilidad\",\"isPartOf\":{\"@id\":\"https:\\\/\\\/booksfrommexico.com\\\/#website\"},\"primaryImageOfPage\":{\"@id\":\"https:\\\/\\\/booksfrommexico.com\\\/es\\\/producto\\\/migracion-y-creencias-pensar-las-religiones-en-tiempo-de-movilidad\\\/#primaryimage\"},\"image\":{\"@id\":\"https:\\\/\\\/booksfrommexico.com\\\/es\\\/producto\\\/migracion-y-creencias-pensar-las-religiones-en-tiempo-de-movilidad\\\/#primaryimage\"},\"thumbnailUrl\":\"https:\\\/\\\/booksfrommexico.com\\\/app\\\/uploads\\\/2023\\\/05\\\/146054.jpeg\",\"datePublished\":\"2023-05-08T17:08:51+00:00\",\"dateModified\":\"2023-11-03T14:45:30+00:00\",\"description\":\"Migraci\u00f3n y creencias por Olga Odgers Ort\u00edz, Juan Carlos Ru\u00edz Guadalajara, coordinadores. Tijuana, Baja California: M\u00e9xico, D.F.\",\"breadcrumb\":{\"@id\":\"https:\\\/\\\/booksfrommexico.com\\\/es\\\/producto\\\/migracion-y-creencias-pensar-las-religiones-en-tiempo-de-movilidad\\\/#breadcrumb\"},\"inLanguage\":\"es\",\"potentialAction\":[{\"@type\":\"ReadAction\",\"target\":[\"https:\\\/\\\/booksfrommexico.com\\\/es\\\/producto\\\/migracion-y-creencias-pensar-las-religiones-en-tiempo-de-movilidad\\\/\"]}]},{\"@type\":\"ImageObject\",\"inLanguage\":\"es\",\"@id\":\"https:\\\/\\\/booksfrommexico.com\\\/es\\\/producto\\\/migracion-y-creencias-pensar-las-religiones-en-tiempo-de-movilidad\\\/#primaryimage\",\"url\":\"https:\\\/\\\/booksfrommexico.com\\\/app\\\/uploads\\\/2023\\\/05\\\/146054.jpeg\",\"contentUrl\":\"https:\\\/\\\/booksfrommexico.com\\\/app\\\/uploads\\\/2023\\\/05\\\/146054.jpeg\",\"width\":483,\"height\":656,\"caption\":\"Migraci\u00f3n y creencias. Pensar las religiones en tiempo de movilidad\"},{\"@type\":\"BreadcrumbList\",\"@id\":\"https:\\\/\\\/booksfrommexico.com\\\/es\\\/producto\\\/migracion-y-creencias-pensar-las-religiones-en-tiempo-de-movilidad\\\/#breadcrumb\",\"itemListElement\":[{\"@type\":\"ListItem\",\"position\":1,\"name\":\"Home\",\"item\":\"https:\\\/\\\/booksfrommexico.com\\\/es\\\/\"},{\"@type\":\"ListItem\",\"position\":2,\"name\":\"Libros\",\"item\":\"https:\\\/\\\/booksfrommexico.com\\\/es\\\/libros\\\/\"},{\"@type\":\"ListItem\",\"position\":3,\"name\":\"Migraci\u00f3n y creencias. Pensar las religiones en tiempo de movilidad\"}]},{\"@type\":\"WebSite\",\"@id\":\"https:\\\/\\\/booksfrommexico.com\\\/#website\",\"url\":\"https:\\\/\\\/booksfrommexico.com\\\/\",\"name\":\"Books From Mexico\",\"description\":\"\",\"publisher\":{\"@id\":\"https:\\\/\\\/booksfrommexico.com\\\/#organization\"},\"potentialAction\":[{\"@type\":\"SearchAction\",\"target\":{\"@type\":\"EntryPoint\",\"urlTemplate\":\"https:\\\/\\\/booksfrommexico.com\\\/?s={search_term_string}\"},\"query-input\":{\"@type\":\"PropertyValueSpecification\",\"valueRequired\":true,\"valueName\":\"search_term_string\"}}],\"inLanguage\":\"es\"},{\"@type\":\"Organization\",\"@id\":\"https:\\\/\\\/booksfrommexico.com\\\/#organization\",\"name\":\"Books From Mexico\",\"url\":\"https:\\\/\\\/booksfrommexico.com\\\/\",\"logo\":{\"@type\":\"ImageObject\",\"inLanguage\":\"es\",\"@id\":\"https:\\\/\\\/booksfrommexico.com\\\/#\\\/schema\\\/logo\\\/image\\\/\",\"url\":\"https:\\\/\\\/booksfrommexico.com\\\/app\\\/uploads\\\/2023\\\/05\\\/logo-booksfrommexico.svg\",\"contentUrl\":\"https:\\\/\\\/booksfrommexico.com\\\/app\\\/uploads\\\/2023\\\/05\\\/logo-booksfrommexico.svg\",\"width\":86,\"height\":56,\"caption\":\"Books From Mexico\"},\"image\":{\"@id\":\"https:\\\/\\\/booksfrommexico.com\\\/#\\\/schema\\\/logo\\\/image\\\/\"}}]}<\/script>\n<!-- \/ Yoast SEO plugin. -->","yoast_head_json":{"title":"Migraci\u00f3n y creencias Pensar las religiones en tiempo de movilidad","description":"Migraci\u00f3n y creencias por Olga Odgers Ort\u00edz, Juan Carlos Ru\u00edz Guadalajara, coordinadores. Tijuana, Baja California: M\u00e9xico, D.F.","robots":{"index":"index","follow":"follow","max-snippet":"max-snippet:-1","max-image-preview":"max-image-preview:large","max-video-preview":"max-video-preview:-1"},"canonical":"https:\/\/booksfrommexico.com\/es\/producto\/migracion-y-creencias-pensar-las-religiones-en-tiempo-de-movilidad\/","og_locale":"es_ES","og_type":"article","og_title":"Migraci\u00f3n y creencias Pensar las religiones en tiempo de movilidad","og_description":"Migraci\u00f3n y creencias por Olga Odgers Ort\u00edz, Juan Carlos Ru\u00edz Guadalajara, coordinadores. Tijuana, Baja California: M\u00e9xico, D.F.","og_url":"https:\/\/booksfrommexico.com\/es\/producto\/migracion-y-creencias-pensar-las-religiones-en-tiempo-de-movilidad\/","og_site_name":"Books From Mexico","article_modified_time":"2023-11-03T14:45:30+00:00","og_image":[{"width":483,"height":656,"url":"http:\/\/booksfrommexico.com\/app\/uploads\/2023\/05\/146054.jpeg","type":"image\/jpeg"}],"twitter_card":"summary_large_image","schema":{"@context":"https:\/\/schema.org","@graph":[{"@type":"WebPage","@id":"https:\/\/booksfrommexico.com\/es\/producto\/migracion-y-creencias-pensar-las-religiones-en-tiempo-de-movilidad\/","url":"https:\/\/booksfrommexico.com\/es\/producto\/migracion-y-creencias-pensar-las-religiones-en-tiempo-de-movilidad\/","name":"Migraci\u00f3n y creencias Pensar las religiones en tiempo de movilidad","isPartOf":{"@id":"https:\/\/booksfrommexico.com\/#website"},"primaryImageOfPage":{"@id":"https:\/\/booksfrommexico.com\/es\/producto\/migracion-y-creencias-pensar-las-religiones-en-tiempo-de-movilidad\/#primaryimage"},"image":{"@id":"https:\/\/booksfrommexico.com\/es\/producto\/migracion-y-creencias-pensar-las-religiones-en-tiempo-de-movilidad\/#primaryimage"},"thumbnailUrl":"https:\/\/booksfrommexico.com\/app\/uploads\/2023\/05\/146054.jpeg","datePublished":"2023-05-08T17:08:51+00:00","dateModified":"2023-11-03T14:45:30+00:00","description":"Migraci\u00f3n y creencias por Olga Odgers Ort\u00edz, Juan Carlos Ru\u00edz Guadalajara, coordinadores. Tijuana, Baja California: M\u00e9xico, D.F.","breadcrumb":{"@id":"https:\/\/booksfrommexico.com\/es\/producto\/migracion-y-creencias-pensar-las-religiones-en-tiempo-de-movilidad\/#breadcrumb"},"inLanguage":"es","potentialAction":[{"@type":"ReadAction","target":["https:\/\/booksfrommexico.com\/es\/producto\/migracion-y-creencias-pensar-las-religiones-en-tiempo-de-movilidad\/"]}]},{"@type":"ImageObject","inLanguage":"es","@id":"https:\/\/booksfrommexico.com\/es\/producto\/migracion-y-creencias-pensar-las-religiones-en-tiempo-de-movilidad\/#primaryimage","url":"https:\/\/booksfrommexico.com\/app\/uploads\/2023\/05\/146054.jpeg","contentUrl":"https:\/\/booksfrommexico.com\/app\/uploads\/2023\/05\/146054.jpeg","width":483,"height":656,"caption":"Migraci\u00f3n y creencias. Pensar las religiones en tiempo de movilidad"},{"@type":"BreadcrumbList","@id":"https:\/\/booksfrommexico.com\/es\/producto\/migracion-y-creencias-pensar-las-religiones-en-tiempo-de-movilidad\/#breadcrumb","itemListElement":[{"@type":"ListItem","position":1,"name":"Home","item":"https:\/\/booksfrommexico.com\/es\/"},{"@type":"ListItem","position":2,"name":"Libros","item":"https:\/\/booksfrommexico.com\/es\/libros\/"},{"@type":"ListItem","position":3,"name":"Migraci\u00f3n y creencias. Pensar las religiones en tiempo de movilidad"}]},{"@type":"WebSite","@id":"https:\/\/booksfrommexico.com\/#website","url":"https:\/\/booksfrommexico.com\/","name":"Books From Mexico","description":"","publisher":{"@id":"https:\/\/booksfrommexico.com\/#organization"},"potentialAction":[{"@type":"SearchAction","target":{"@type":"EntryPoint","urlTemplate":"https:\/\/booksfrommexico.com\/?s={search_term_string}"},"query-input":{"@type":"PropertyValueSpecification","valueRequired":true,"valueName":"search_term_string"}}],"inLanguage":"es"},{"@type":"Organization","@id":"https:\/\/booksfrommexico.com\/#organization","name":"Books From Mexico","url":"https:\/\/booksfrommexico.com\/","logo":{"@type":"ImageObject","inLanguage":"es","@id":"https:\/\/booksfrommexico.com\/#\/schema\/logo\/image\/","url":"https:\/\/booksfrommexico.com\/app\/uploads\/2023\/05\/logo-booksfrommexico.svg","contentUrl":"https:\/\/booksfrommexico.com\/app\/uploads\/2023\/05\/logo-booksfrommexico.svg","width":86,"height":56,"caption":"Books From Mexico"},"image":{"@id":"https:\/\/booksfrommexico.com\/#\/schema\/logo\/image\/"}}]}},"_links":{"self":[{"href":"https:\/\/booksfrommexico.com\/es\/wp-json\/wp\/v2\/product\/942","targetHints":{"allow":["GET"]}}],"collection":[{"href":"https:\/\/booksfrommexico.com\/es\/wp-json\/wp\/v2\/product"}],"about":[{"href":"https:\/\/booksfrommexico.com\/es\/wp-json\/wp\/v2\/types\/product"}],"wp:featuredmedia":[{"embeddable":true,"href":"https:\/\/booksfrommexico.com\/es\/wp-json\/wp\/v2\/media\/941"}],"wp:attachment":[{"href":"https:\/\/booksfrommexico.com\/es\/wp-json\/wp\/v2\/media?parent=942"}],"wp:term":[{"taxonomy":"product_brand","embeddable":true,"href":"https:\/\/booksfrommexico.com\/es\/wp-json\/wp\/v2\/product_brand?post=942"},{"taxonomy":"product_cat","embeddable":true,"href":"https:\/\/booksfrommexico.com\/es\/wp-json\/wp\/v2\/product_cat?post=942"},{"taxonomy":"product_tag","embeddable":true,"href":"https:\/\/booksfrommexico.com\/es\/wp-json\/wp\/v2\/product_tag?post=942"}],"curies":[{"name":"wp","href":"https:\/\/api.w.org\/{rel}","templated":true}]}}