{"id":952,"date":"2023-05-08T17:08:58","date_gmt":"2023-05-08T17:08:58","guid":{"rendered":"http:\/\/booksfrommexico.com\/product\/la-dramaturgia-femenina-y-el-corrido-mexicano-teatralizado\/"},"modified":"2023-11-08T18:48:44","modified_gmt":"2023-11-08T18:48:44","slug":"la-dramaturgia-femenina-y-el-corrido-mexicano-teatralizado","status":"publish","type":"product","link":"https:\/\/booksfrommexico.com\/es\/producto\/la-dramaturgia-femenina-y-el-corrido-mexicano-teatralizado\/","title":{"rendered":"La Dramaturgia femenina y el corrido mexicano teatralizado"},"content":{"rendered":"","protected":false},"excerpt":{"rendered":"<p>Pe\u00f1a Doria, Olga Martha. LA DRAMATURGIA FEMENINA Y EL CORRIDO MEXICANO TEATRALIZADO. \/ Olga Martha Pe\u00f1a Doria. Monterrey, Nuevo Le\u00f3n: Universidad Aut\u00f3noma de Nuevo Le\u00f3n, 2010. 151 pages : 22 cm. Bibliography: pages 48-49. (Senderos Colecci\u00f3n de los Centenarios) ISBN 9786074334432.<\/p>\n","protected":false},"featured_media":951,"template":"","meta":{"_acf_changed":false,"inline_featured_image":false},"product_brand":[],"product_cat":[3347],"product_tag":[],"class_list":{"0":"post-952","1":"product","2":"type-product","3":"status-publish","4":"has-post-thumbnail","6":"product_cat-drama-danza-y-teatro","8":"first","9":"instock","10":"taxable","11":"shipping-taxable","12":"purchasable","13":"product-type-simple"},"acf":[],"yoast_head":"<!-- This site is optimized with the Yoast SEO plugin v27.3 - https:\/\/yoast.com\/product\/yoast-seo-wordpress\/ -->\n<title>La Dramaturgia femenina y el corrido mexicano teatralizado<\/title>\n<meta name=\"description\" content=\"La Dramaturgia femenina y el corrido mexicano teatralizado. Olga Martha Pe\u00f1a Doria. Monterrey, Nuevo Le\u00f3n: Universidad Aut\u00f3noma de Nuevo Le\u00f3n, 2010.\" \/>\n<meta name=\"robots\" content=\"index, follow, max-snippet:-1, max-image-preview:large, max-video-preview:-1\" \/>\n<link rel=\"canonical\" href=\"https:\/\/booksfrommexico.com\/es\/producto\/la-dramaturgia-femenina-y-el-corrido-mexicano-teatralizado\/\" \/>\n<meta property=\"og:locale\" content=\"es_ES\" \/>\n<meta property=\"og:type\" content=\"article\" \/>\n<meta property=\"og:title\" content=\"La Dramaturgia femenina y el corrido mexicano teatralizado\" \/>\n<meta property=\"og:description\" content=\"La Dramaturgia femenina y el corrido mexicano teatralizado. Olga Martha Pe\u00f1a Doria. Monterrey, Nuevo Le\u00f3n: Universidad Aut\u00f3noma de Nuevo Le\u00f3n, 2010.\" \/>\n<meta property=\"og:url\" content=\"https:\/\/booksfrommexico.com\/es\/producto\/la-dramaturgia-femenina-y-el-corrido-mexicano-teatralizado\/\" \/>\n<meta property=\"og:site_name\" content=\"Books From Mexico\" \/>\n<meta property=\"article:modified_time\" content=\"2023-11-08T18:48:44+00:00\" \/>\n<meta property=\"og:image\" content=\"http:\/\/booksfrommexico.com\/app\/uploads\/2023\/05\/150839.jpeg\" \/>\n\t<meta property=\"og:image:width\" content=\"401\" \/>\n\t<meta property=\"og:image:height\" content=\"615\" \/>\n\t<meta property=\"og:image:type\" content=\"image\/jpeg\" \/>\n<meta name=\"twitter:card\" content=\"summary_large_image\" \/>\n<script type=\"application\/ld+json\" class=\"yoast-schema-graph\">{\"@context\":\"https:\\\/\\\/schema.org\",\"@graph\":[{\"@type\":\"WebPage\",\"@id\":\"https:\\\/\\\/booksfrommexico.com\\\/es\\\/producto\\\/la-dramaturgia-femenina-y-el-corrido-mexicano-teatralizado\\\/\",\"url\":\"https:\\\/\\\/booksfrommexico.com\\\/es\\\/producto\\\/la-dramaturgia-femenina-y-el-corrido-mexicano-teatralizado\\\/\",\"name\":\"La Dramaturgia femenina y el corrido mexicano teatralizado\",\"isPartOf\":{\"@id\":\"https:\\\/\\\/booksfrommexico.com\\\/#website\"},\"primaryImageOfPage\":{\"@id\":\"https:\\\/\\\/booksfrommexico.com\\\/es\\\/producto\\\/la-dramaturgia-femenina-y-el-corrido-mexicano-teatralizado\\\/#primaryimage\"},\"image\":{\"@id\":\"https:\\\/\\\/booksfrommexico.com\\\/es\\\/producto\\\/la-dramaturgia-femenina-y-el-corrido-mexicano-teatralizado\\\/#primaryimage\"},\"thumbnailUrl\":\"https:\\\/\\\/booksfrommexico.com\\\/app\\\/uploads\\\/2023\\\/05\\\/150839.jpeg\",\"datePublished\":\"2023-05-08T17:08:58+00:00\",\"dateModified\":\"2023-11-08T18:48:44+00:00\",\"description\":\"La Dramaturgia femenina y el corrido mexicano teatralizado. Olga Martha Pe\u00f1a Doria. Monterrey, Nuevo Le\u00f3n: Universidad Aut\u00f3noma de Nuevo Le\u00f3n, 2010.\",\"breadcrumb\":{\"@id\":\"https:\\\/\\\/booksfrommexico.com\\\/es\\\/producto\\\/la-dramaturgia-femenina-y-el-corrido-mexicano-teatralizado\\\/#breadcrumb\"},\"inLanguage\":\"es\",\"potentialAction\":[{\"@type\":\"ReadAction\",\"target\":[\"https:\\\/\\\/booksfrommexico.com\\\/es\\\/producto\\\/la-dramaturgia-femenina-y-el-corrido-mexicano-teatralizado\\\/\"]}]},{\"@type\":\"ImageObject\",\"inLanguage\":\"es\",\"@id\":\"https:\\\/\\\/booksfrommexico.com\\\/es\\\/producto\\\/la-dramaturgia-femenina-y-el-corrido-mexicano-teatralizado\\\/#primaryimage\",\"url\":\"https:\\\/\\\/booksfrommexico.com\\\/app\\\/uploads\\\/2023\\\/05\\\/150839.jpeg\",\"contentUrl\":\"https:\\\/\\\/booksfrommexico.com\\\/app\\\/uploads\\\/2023\\\/05\\\/150839.jpeg\",\"width\":401,\"height\":615,\"caption\":\"La Dramaturgia femenina y el corrido mexicano teatralizado\"},{\"@type\":\"BreadcrumbList\",\"@id\":\"https:\\\/\\\/booksfrommexico.com\\\/es\\\/producto\\\/la-dramaturgia-femenina-y-el-corrido-mexicano-teatralizado\\\/#breadcrumb\",\"itemListElement\":[{\"@type\":\"ListItem\",\"position\":1,\"name\":\"Home\",\"item\":\"https:\\\/\\\/booksfrommexico.com\\\/es\\\/\"},{\"@type\":\"ListItem\",\"position\":2,\"name\":\"Libros\",\"item\":\"https:\\\/\\\/booksfrommexico.com\\\/es\\\/libros\\\/\"},{\"@type\":\"ListItem\",\"position\":3,\"name\":\"La Dramaturgia femenina y el corrido mexicano teatralizado\"}]},{\"@type\":\"WebSite\",\"@id\":\"https:\\\/\\\/booksfrommexico.com\\\/#website\",\"url\":\"https:\\\/\\\/booksfrommexico.com\\\/\",\"name\":\"Books From Mexico\",\"description\":\"\",\"publisher\":{\"@id\":\"https:\\\/\\\/booksfrommexico.com\\\/#organization\"},\"potentialAction\":[{\"@type\":\"SearchAction\",\"target\":{\"@type\":\"EntryPoint\",\"urlTemplate\":\"https:\\\/\\\/booksfrommexico.com\\\/?s={search_term_string}\"},\"query-input\":{\"@type\":\"PropertyValueSpecification\",\"valueRequired\":true,\"valueName\":\"search_term_string\"}}],\"inLanguage\":\"es\"},{\"@type\":\"Organization\",\"@id\":\"https:\\\/\\\/booksfrommexico.com\\\/#organization\",\"name\":\"Books From Mexico\",\"url\":\"https:\\\/\\\/booksfrommexico.com\\\/\",\"logo\":{\"@type\":\"ImageObject\",\"inLanguage\":\"es\",\"@id\":\"https:\\\/\\\/booksfrommexico.com\\\/#\\\/schema\\\/logo\\\/image\\\/\",\"url\":\"https:\\\/\\\/booksfrommexico.com\\\/app\\\/uploads\\\/2023\\\/05\\\/logo-booksfrommexico.svg\",\"contentUrl\":\"https:\\\/\\\/booksfrommexico.com\\\/app\\\/uploads\\\/2023\\\/05\\\/logo-booksfrommexico.svg\",\"width\":86,\"height\":56,\"caption\":\"Books From Mexico\"},\"image\":{\"@id\":\"https:\\\/\\\/booksfrommexico.com\\\/#\\\/schema\\\/logo\\\/image\\\/\"}}]}<\/script>\n<!-- \/ Yoast SEO plugin. -->","yoast_head_json":{"title":"La Dramaturgia femenina y el corrido mexicano teatralizado","description":"La Dramaturgia femenina y el corrido mexicano teatralizado. Olga Martha Pe\u00f1a Doria. Monterrey, Nuevo Le\u00f3n: Universidad Aut\u00f3noma de Nuevo Le\u00f3n, 2010.","robots":{"index":"index","follow":"follow","max-snippet":"max-snippet:-1","max-image-preview":"max-image-preview:large","max-video-preview":"max-video-preview:-1"},"canonical":"https:\/\/booksfrommexico.com\/es\/producto\/la-dramaturgia-femenina-y-el-corrido-mexicano-teatralizado\/","og_locale":"es_ES","og_type":"article","og_title":"La Dramaturgia femenina y el corrido mexicano teatralizado","og_description":"La Dramaturgia femenina y el corrido mexicano teatralizado. Olga Martha Pe\u00f1a Doria. Monterrey, Nuevo Le\u00f3n: Universidad Aut\u00f3noma de Nuevo Le\u00f3n, 2010.","og_url":"https:\/\/booksfrommexico.com\/es\/producto\/la-dramaturgia-femenina-y-el-corrido-mexicano-teatralizado\/","og_site_name":"Books From Mexico","article_modified_time":"2023-11-08T18:48:44+00:00","og_image":[{"width":401,"height":615,"url":"http:\/\/booksfrommexico.com\/app\/uploads\/2023\/05\/150839.jpeg","type":"image\/jpeg"}],"twitter_card":"summary_large_image","schema":{"@context":"https:\/\/schema.org","@graph":[{"@type":"WebPage","@id":"https:\/\/booksfrommexico.com\/es\/producto\/la-dramaturgia-femenina-y-el-corrido-mexicano-teatralizado\/","url":"https:\/\/booksfrommexico.com\/es\/producto\/la-dramaturgia-femenina-y-el-corrido-mexicano-teatralizado\/","name":"La Dramaturgia femenina y el corrido mexicano teatralizado","isPartOf":{"@id":"https:\/\/booksfrommexico.com\/#website"},"primaryImageOfPage":{"@id":"https:\/\/booksfrommexico.com\/es\/producto\/la-dramaturgia-femenina-y-el-corrido-mexicano-teatralizado\/#primaryimage"},"image":{"@id":"https:\/\/booksfrommexico.com\/es\/producto\/la-dramaturgia-femenina-y-el-corrido-mexicano-teatralizado\/#primaryimage"},"thumbnailUrl":"https:\/\/booksfrommexico.com\/app\/uploads\/2023\/05\/150839.jpeg","datePublished":"2023-05-08T17:08:58+00:00","dateModified":"2023-11-08T18:48:44+00:00","description":"La Dramaturgia femenina y el corrido mexicano teatralizado. Olga Martha Pe\u00f1a Doria. Monterrey, Nuevo Le\u00f3n: Universidad Aut\u00f3noma de Nuevo Le\u00f3n, 2010.","breadcrumb":{"@id":"https:\/\/booksfrommexico.com\/es\/producto\/la-dramaturgia-femenina-y-el-corrido-mexicano-teatralizado\/#breadcrumb"},"inLanguage":"es","potentialAction":[{"@type":"ReadAction","target":["https:\/\/booksfrommexico.com\/es\/producto\/la-dramaturgia-femenina-y-el-corrido-mexicano-teatralizado\/"]}]},{"@type":"ImageObject","inLanguage":"es","@id":"https:\/\/booksfrommexico.com\/es\/producto\/la-dramaturgia-femenina-y-el-corrido-mexicano-teatralizado\/#primaryimage","url":"https:\/\/booksfrommexico.com\/app\/uploads\/2023\/05\/150839.jpeg","contentUrl":"https:\/\/booksfrommexico.com\/app\/uploads\/2023\/05\/150839.jpeg","width":401,"height":615,"caption":"La Dramaturgia femenina y el corrido mexicano teatralizado"},{"@type":"BreadcrumbList","@id":"https:\/\/booksfrommexico.com\/es\/producto\/la-dramaturgia-femenina-y-el-corrido-mexicano-teatralizado\/#breadcrumb","itemListElement":[{"@type":"ListItem","position":1,"name":"Home","item":"https:\/\/booksfrommexico.com\/es\/"},{"@type":"ListItem","position":2,"name":"Libros","item":"https:\/\/booksfrommexico.com\/es\/libros\/"},{"@type":"ListItem","position":3,"name":"La Dramaturgia femenina y el corrido mexicano teatralizado"}]},{"@type":"WebSite","@id":"https:\/\/booksfrommexico.com\/#website","url":"https:\/\/booksfrommexico.com\/","name":"Books From Mexico","description":"","publisher":{"@id":"https:\/\/booksfrommexico.com\/#organization"},"potentialAction":[{"@type":"SearchAction","target":{"@type":"EntryPoint","urlTemplate":"https:\/\/booksfrommexico.com\/?s={search_term_string}"},"query-input":{"@type":"PropertyValueSpecification","valueRequired":true,"valueName":"search_term_string"}}],"inLanguage":"es"},{"@type":"Organization","@id":"https:\/\/booksfrommexico.com\/#organization","name":"Books From Mexico","url":"https:\/\/booksfrommexico.com\/","logo":{"@type":"ImageObject","inLanguage":"es","@id":"https:\/\/booksfrommexico.com\/#\/schema\/logo\/image\/","url":"https:\/\/booksfrommexico.com\/app\/uploads\/2023\/05\/logo-booksfrommexico.svg","contentUrl":"https:\/\/booksfrommexico.com\/app\/uploads\/2023\/05\/logo-booksfrommexico.svg","width":86,"height":56,"caption":"Books From Mexico"},"image":{"@id":"https:\/\/booksfrommexico.com\/#\/schema\/logo\/image\/"}}]}},"_links":{"self":[{"href":"https:\/\/booksfrommexico.com\/es\/wp-json\/wp\/v2\/product\/952","targetHints":{"allow":["GET"]}}],"collection":[{"href":"https:\/\/booksfrommexico.com\/es\/wp-json\/wp\/v2\/product"}],"about":[{"href":"https:\/\/booksfrommexico.com\/es\/wp-json\/wp\/v2\/types\/product"}],"wp:featuredmedia":[{"embeddable":true,"href":"https:\/\/booksfrommexico.com\/es\/wp-json\/wp\/v2\/media\/951"}],"wp:attachment":[{"href":"https:\/\/booksfrommexico.com\/es\/wp-json\/wp\/v2\/media?parent=952"}],"wp:term":[{"taxonomy":"product_brand","embeddable":true,"href":"https:\/\/booksfrommexico.com\/es\/wp-json\/wp\/v2\/product_brand?post=952"},{"taxonomy":"product_cat","embeddable":true,"href":"https:\/\/booksfrommexico.com\/es\/wp-json\/wp\/v2\/product_cat?post=952"},{"taxonomy":"product_tag","embeddable":true,"href":"https:\/\/booksfrommexico.com\/es\/wp-json\/wp\/v2\/product_tag?post=952"}],"curies":[{"name":"wp","href":"https:\/\/api.w.org\/{rel}","templated":true}]}}