{"id":954,"date":"2023-05-08T17:09:00","date_gmt":"2023-05-08T17:09:00","guid":{"rendered":"http:\/\/booksfrommexico.com\/product\/a-mesoamerica-olmeca-la-cosmogonia-del-preclasico-medio-como-codigo-transcultural-de-comunicacion\/"},"modified":"2025-02-28T23:56:40","modified_gmt":"2025-02-28T23:56:40","slug":"a-mesoamerica-olmeca-la-cosmogonia-del-preclasico-medio-como-codigo-transcultural-de-comunicacion","status":"publish","type":"product","link":"https:\/\/booksfrommexico.com\/es\/producto\/a-mesoamerica-olmeca-la-cosmogonia-del-preclasico-medio-como-codigo-transcultural-de-comunicacion\/","title":{"rendered":"La Mesoam\u00e9rica olmeca"},"content":{"rendered":"<p style=\"text-align: center;\">La Mesoam\u00e9rica olmeca. La cosmogon\u00eda del precl\u00e1sico medio como c\u00f3digo transcultural de comunicaci\u00f3n<\/p>\n","protected":false},"excerpt":{"rendered":"<p>Francesco Panico. Xalapa, Veracruz: Editora de Gobierno del Estado de Veracruz de Ignacio de la Llave, 2010. 549 pages : 22 cm. \u00abColecci\u00f3n Investigaciones\u00bb, ISBN: 9786077527282<\/p>\n","protected":false},"featured_media":953,"template":"","meta":{"_acf_changed":false,"inline_featured_image":false},"product_brand":[],"product_cat":[321],"product_tag":[],"class_list":{"0":"post-954","1":"product","2":"type-product","3":"status-publish","4":"has-post-thumbnail","6":"product_cat-arquitectura-religiosa","8":"first","9":"outofstock","10":"taxable","11":"shipping-taxable","12":"purchasable","13":"product-type-simple"},"acf":[],"yoast_head":"<!-- This site is optimized with the Yoast SEO plugin v27.3 - https:\/\/yoast.com\/product\/yoast-seo-wordpress\/ -->\n<title>La Mesoam\u00e9rica olmeca. Francesco Panico. Books From M\u00e9xico.<\/title>\n<meta name=\"description\" content=\"La Mesoam\u00e9rica olmeca. La cosmogon\u00eda del precl\u00e1sico medio como c\u00f3digo transcultural de comunicaci\u00f3n. Francesco Panico. Xalapa, Veracruz\" \/>\n<meta name=\"robots\" content=\"index, follow, max-snippet:-1, max-image-preview:large, max-video-preview:-1\" \/>\n<link rel=\"canonical\" href=\"https:\/\/booksfrommexico.com\/es\/producto\/a-mesoamerica-olmeca-la-cosmogonia-del-preclasico-medio-como-codigo-transcultural-de-comunicacion\/\" \/>\n<meta property=\"og:locale\" content=\"es_ES\" \/>\n<meta property=\"og:type\" content=\"article\" \/>\n<meta property=\"og:title\" content=\"La Mesoam\u00e9rica olmeca. Francesco Panico. Books From M\u00e9xico.\" \/>\n<meta property=\"og:description\" content=\"La Mesoam\u00e9rica olmeca. La cosmogon\u00eda del precl\u00e1sico medio como c\u00f3digo transcultural de comunicaci\u00f3n. Francesco Panico. Xalapa, Veracruz\" \/>\n<meta property=\"og:url\" content=\"https:\/\/booksfrommexico.com\/es\/producto\/a-mesoamerica-olmeca-la-cosmogonia-del-preclasico-medio-como-codigo-transcultural-de-comunicacion\/\" \/>\n<meta property=\"og:site_name\" content=\"Books From Mexico\" \/>\n<meta property=\"article:modified_time\" content=\"2025-02-28T23:56:40+00:00\" \/>\n<meta property=\"og:image\" content=\"http:\/\/booksfrommexico.com\/app\/uploads\/2023\/05\/150766.jpeg\" \/>\n\t<meta property=\"og:image:width\" content=\"377\" \/>\n\t<meta property=\"og:image:height\" content=\"603\" \/>\n\t<meta property=\"og:image:type\" content=\"image\/jpeg\" \/>\n<meta name=\"twitter:card\" content=\"summary_large_image\" \/>\n<meta name=\"twitter:label1\" content=\"Tiempo de lectura\" \/>\n\t<meta name=\"twitter:data1\" content=\"1 minuto\" \/>\n<script type=\"application\/ld+json\" class=\"yoast-schema-graph\">{\"@context\":\"https:\\\/\\\/schema.org\",\"@graph\":[{\"@type\":\"WebPage\",\"@id\":\"https:\\\/\\\/booksfrommexico.com\\\/es\\\/producto\\\/a-mesoamerica-olmeca-la-cosmogonia-del-preclasico-medio-como-codigo-transcultural-de-comunicacion\\\/\",\"url\":\"https:\\\/\\\/booksfrommexico.com\\\/es\\\/producto\\\/a-mesoamerica-olmeca-la-cosmogonia-del-preclasico-medio-como-codigo-transcultural-de-comunicacion\\\/\",\"name\":\"La Mesoam\u00e9rica olmeca. Francesco Panico. Books From M\u00e9xico.\",\"isPartOf\":{\"@id\":\"https:\\\/\\\/booksfrommexico.com\\\/#website\"},\"primaryImageOfPage\":{\"@id\":\"https:\\\/\\\/booksfrommexico.com\\\/es\\\/producto\\\/a-mesoamerica-olmeca-la-cosmogonia-del-preclasico-medio-como-codigo-transcultural-de-comunicacion\\\/#primaryimage\"},\"image\":{\"@id\":\"https:\\\/\\\/booksfrommexico.com\\\/es\\\/producto\\\/a-mesoamerica-olmeca-la-cosmogonia-del-preclasico-medio-como-codigo-transcultural-de-comunicacion\\\/#primaryimage\"},\"thumbnailUrl\":\"https:\\\/\\\/booksfrommexico.com\\\/app\\\/uploads\\\/2023\\\/05\\\/150766.jpeg\",\"datePublished\":\"2023-05-08T17:09:00+00:00\",\"dateModified\":\"2025-02-28T23:56:40+00:00\",\"description\":\"La Mesoam\u00e9rica olmeca. La cosmogon\u00eda del precl\u00e1sico medio como c\u00f3digo transcultural de comunicaci\u00f3n. Francesco Panico. Xalapa, Veracruz\",\"breadcrumb\":{\"@id\":\"https:\\\/\\\/booksfrommexico.com\\\/es\\\/producto\\\/a-mesoamerica-olmeca-la-cosmogonia-del-preclasico-medio-como-codigo-transcultural-de-comunicacion\\\/#breadcrumb\"},\"inLanguage\":\"es\",\"potentialAction\":[{\"@type\":\"ReadAction\",\"target\":[\"https:\\\/\\\/booksfrommexico.com\\\/es\\\/producto\\\/a-mesoamerica-olmeca-la-cosmogonia-del-preclasico-medio-como-codigo-transcultural-de-comunicacion\\\/\"]}]},{\"@type\":\"ImageObject\",\"inLanguage\":\"es\",\"@id\":\"https:\\\/\\\/booksfrommexico.com\\\/es\\\/producto\\\/a-mesoamerica-olmeca-la-cosmogonia-del-preclasico-medio-como-codigo-transcultural-de-comunicacion\\\/#primaryimage\",\"url\":\"https:\\\/\\\/booksfrommexico.com\\\/app\\\/uploads\\\/2023\\\/05\\\/150766.jpeg\",\"contentUrl\":\"https:\\\/\\\/booksfrommexico.com\\\/app\\\/uploads\\\/2023\\\/05\\\/150766.jpeg\",\"width\":377,\"height\":603,\"caption\":\"La Mesoam\u00e9rica olmeca. La cosmogon\u00eda del precl\u00e1sico medio como c\u00f3digo transcultural de comunicaci\u00f3n\"},{\"@type\":\"BreadcrumbList\",\"@id\":\"https:\\\/\\\/booksfrommexico.com\\\/es\\\/producto\\\/a-mesoamerica-olmeca-la-cosmogonia-del-preclasico-medio-como-codigo-transcultural-de-comunicacion\\\/#breadcrumb\",\"itemListElement\":[{\"@type\":\"ListItem\",\"position\":1,\"name\":\"Home\",\"item\":\"https:\\\/\\\/booksfrommexico.com\\\/es\\\/\"},{\"@type\":\"ListItem\",\"position\":2,\"name\":\"Libros\",\"item\":\"https:\\\/\\\/booksfrommexico.com\\\/es\\\/libros\\\/\"},{\"@type\":\"ListItem\",\"position\":3,\"name\":\"La Mesoam\u00e9rica olmeca\"}]},{\"@type\":\"WebSite\",\"@id\":\"https:\\\/\\\/booksfrommexico.com\\\/#website\",\"url\":\"https:\\\/\\\/booksfrommexico.com\\\/\",\"name\":\"Books From Mexico\",\"description\":\"\",\"publisher\":{\"@id\":\"https:\\\/\\\/booksfrommexico.com\\\/#organization\"},\"potentialAction\":[{\"@type\":\"SearchAction\",\"target\":{\"@type\":\"EntryPoint\",\"urlTemplate\":\"https:\\\/\\\/booksfrommexico.com\\\/?s={search_term_string}\"},\"query-input\":{\"@type\":\"PropertyValueSpecification\",\"valueRequired\":true,\"valueName\":\"search_term_string\"}}],\"inLanguage\":\"es\"},{\"@type\":\"Organization\",\"@id\":\"https:\\\/\\\/booksfrommexico.com\\\/#organization\",\"name\":\"Books From Mexico\",\"url\":\"https:\\\/\\\/booksfrommexico.com\\\/\",\"logo\":{\"@type\":\"ImageObject\",\"inLanguage\":\"es\",\"@id\":\"https:\\\/\\\/booksfrommexico.com\\\/#\\\/schema\\\/logo\\\/image\\\/\",\"url\":\"https:\\\/\\\/booksfrommexico.com\\\/app\\\/uploads\\\/2023\\\/05\\\/logo-booksfrommexico.svg\",\"contentUrl\":\"https:\\\/\\\/booksfrommexico.com\\\/app\\\/uploads\\\/2023\\\/05\\\/logo-booksfrommexico.svg\",\"width\":86,\"height\":56,\"caption\":\"Books From Mexico\"},\"image\":{\"@id\":\"https:\\\/\\\/booksfrommexico.com\\\/#\\\/schema\\\/logo\\\/image\\\/\"}}]}<\/script>\n<!-- \/ Yoast SEO plugin. -->","yoast_head_json":{"title":"La Mesoam\u00e9rica olmeca. Francesco Panico. Books From M\u00e9xico.","description":"La Mesoam\u00e9rica olmeca. La cosmogon\u00eda del precl\u00e1sico medio como c\u00f3digo transcultural de comunicaci\u00f3n. Francesco Panico. Xalapa, Veracruz","robots":{"index":"index","follow":"follow","max-snippet":"max-snippet:-1","max-image-preview":"max-image-preview:large","max-video-preview":"max-video-preview:-1"},"canonical":"https:\/\/booksfrommexico.com\/es\/producto\/a-mesoamerica-olmeca-la-cosmogonia-del-preclasico-medio-como-codigo-transcultural-de-comunicacion\/","og_locale":"es_ES","og_type":"article","og_title":"La Mesoam\u00e9rica olmeca. Francesco Panico. Books From M\u00e9xico.","og_description":"La Mesoam\u00e9rica olmeca. La cosmogon\u00eda del precl\u00e1sico medio como c\u00f3digo transcultural de comunicaci\u00f3n. Francesco Panico. Xalapa, Veracruz","og_url":"https:\/\/booksfrommexico.com\/es\/producto\/a-mesoamerica-olmeca-la-cosmogonia-del-preclasico-medio-como-codigo-transcultural-de-comunicacion\/","og_site_name":"Books From Mexico","article_modified_time":"2025-02-28T23:56:40+00:00","og_image":[{"width":377,"height":603,"url":"http:\/\/booksfrommexico.com\/app\/uploads\/2023\/05\/150766.jpeg","type":"image\/jpeg"}],"twitter_card":"summary_large_image","twitter_misc":{"Tiempo de lectura":"1 minuto"},"schema":{"@context":"https:\/\/schema.org","@graph":[{"@type":"WebPage","@id":"https:\/\/booksfrommexico.com\/es\/producto\/a-mesoamerica-olmeca-la-cosmogonia-del-preclasico-medio-como-codigo-transcultural-de-comunicacion\/","url":"https:\/\/booksfrommexico.com\/es\/producto\/a-mesoamerica-olmeca-la-cosmogonia-del-preclasico-medio-como-codigo-transcultural-de-comunicacion\/","name":"La Mesoam\u00e9rica olmeca. Francesco Panico. Books From M\u00e9xico.","isPartOf":{"@id":"https:\/\/booksfrommexico.com\/#website"},"primaryImageOfPage":{"@id":"https:\/\/booksfrommexico.com\/es\/producto\/a-mesoamerica-olmeca-la-cosmogonia-del-preclasico-medio-como-codigo-transcultural-de-comunicacion\/#primaryimage"},"image":{"@id":"https:\/\/booksfrommexico.com\/es\/producto\/a-mesoamerica-olmeca-la-cosmogonia-del-preclasico-medio-como-codigo-transcultural-de-comunicacion\/#primaryimage"},"thumbnailUrl":"https:\/\/booksfrommexico.com\/app\/uploads\/2023\/05\/150766.jpeg","datePublished":"2023-05-08T17:09:00+00:00","dateModified":"2025-02-28T23:56:40+00:00","description":"La Mesoam\u00e9rica olmeca. La cosmogon\u00eda del precl\u00e1sico medio como c\u00f3digo transcultural de comunicaci\u00f3n. Francesco Panico. Xalapa, Veracruz","breadcrumb":{"@id":"https:\/\/booksfrommexico.com\/es\/producto\/a-mesoamerica-olmeca-la-cosmogonia-del-preclasico-medio-como-codigo-transcultural-de-comunicacion\/#breadcrumb"},"inLanguage":"es","potentialAction":[{"@type":"ReadAction","target":["https:\/\/booksfrommexico.com\/es\/producto\/a-mesoamerica-olmeca-la-cosmogonia-del-preclasico-medio-como-codigo-transcultural-de-comunicacion\/"]}]},{"@type":"ImageObject","inLanguage":"es","@id":"https:\/\/booksfrommexico.com\/es\/producto\/a-mesoamerica-olmeca-la-cosmogonia-del-preclasico-medio-como-codigo-transcultural-de-comunicacion\/#primaryimage","url":"https:\/\/booksfrommexico.com\/app\/uploads\/2023\/05\/150766.jpeg","contentUrl":"https:\/\/booksfrommexico.com\/app\/uploads\/2023\/05\/150766.jpeg","width":377,"height":603,"caption":"La Mesoam\u00e9rica olmeca. La cosmogon\u00eda del precl\u00e1sico medio como c\u00f3digo transcultural de comunicaci\u00f3n"},{"@type":"BreadcrumbList","@id":"https:\/\/booksfrommexico.com\/es\/producto\/a-mesoamerica-olmeca-la-cosmogonia-del-preclasico-medio-como-codigo-transcultural-de-comunicacion\/#breadcrumb","itemListElement":[{"@type":"ListItem","position":1,"name":"Home","item":"https:\/\/booksfrommexico.com\/es\/"},{"@type":"ListItem","position":2,"name":"Libros","item":"https:\/\/booksfrommexico.com\/es\/libros\/"},{"@type":"ListItem","position":3,"name":"La Mesoam\u00e9rica olmeca"}]},{"@type":"WebSite","@id":"https:\/\/booksfrommexico.com\/#website","url":"https:\/\/booksfrommexico.com\/","name":"Books From Mexico","description":"","publisher":{"@id":"https:\/\/booksfrommexico.com\/#organization"},"potentialAction":[{"@type":"SearchAction","target":{"@type":"EntryPoint","urlTemplate":"https:\/\/booksfrommexico.com\/?s={search_term_string}"},"query-input":{"@type":"PropertyValueSpecification","valueRequired":true,"valueName":"search_term_string"}}],"inLanguage":"es"},{"@type":"Organization","@id":"https:\/\/booksfrommexico.com\/#organization","name":"Books From Mexico","url":"https:\/\/booksfrommexico.com\/","logo":{"@type":"ImageObject","inLanguage":"es","@id":"https:\/\/booksfrommexico.com\/#\/schema\/logo\/image\/","url":"https:\/\/booksfrommexico.com\/app\/uploads\/2023\/05\/logo-booksfrommexico.svg","contentUrl":"https:\/\/booksfrommexico.com\/app\/uploads\/2023\/05\/logo-booksfrommexico.svg","width":86,"height":56,"caption":"Books From Mexico"},"image":{"@id":"https:\/\/booksfrommexico.com\/#\/schema\/logo\/image\/"}}]}},"_links":{"self":[{"href":"https:\/\/booksfrommexico.com\/es\/wp-json\/wp\/v2\/product\/954","targetHints":{"allow":["GET"]}}],"collection":[{"href":"https:\/\/booksfrommexico.com\/es\/wp-json\/wp\/v2\/product"}],"about":[{"href":"https:\/\/booksfrommexico.com\/es\/wp-json\/wp\/v2\/types\/product"}],"wp:featuredmedia":[{"embeddable":true,"href":"https:\/\/booksfrommexico.com\/es\/wp-json\/wp\/v2\/media\/953"}],"wp:attachment":[{"href":"https:\/\/booksfrommexico.com\/es\/wp-json\/wp\/v2\/media?parent=954"}],"wp:term":[{"taxonomy":"product_brand","embeddable":true,"href":"https:\/\/booksfrommexico.com\/es\/wp-json\/wp\/v2\/product_brand?post=954"},{"taxonomy":"product_cat","embeddable":true,"href":"https:\/\/booksfrommexico.com\/es\/wp-json\/wp\/v2\/product_cat?post=954"},{"taxonomy":"product_tag","embeddable":true,"href":"https:\/\/booksfrommexico.com\/es\/wp-json\/wp\/v2\/product_tag?post=954"}],"curies":[{"name":"wp","href":"https:\/\/api.w.org\/{rel}","templated":true}]}}