{"id":956,"date":"2023-05-08T17:09:01","date_gmt":"2023-05-08T17:09:01","guid":{"rendered":"http:\/\/booksfrommexico.com\/product\/u-tuumben-kaayiloob-x-yaaxche-los-nuevos-cantos-de-la-ceiba-the-new-songs-of-the-ceiba-u-meyaj-bejlabenoob-maaya-aj-tsiiboob-tu-u-petenil-yuucataane-antologia-de-escritores-mayas-con\/"},"modified":"2024-03-21T19:53:28","modified_gmt":"2024-03-21T19:53:28","slug":"u-tuumben-kaayiloob-x-yaaxche-los-nuevos-cantos-de-la-ceiba-the-new-songs-of-the-ceiba-u-meyaj-bejlabenoob-maaya-aj-tsiiboob-tu-u-petenil-yuucataane-antologia-de-escritores-mayas-con","status":"publish","type":"product","link":"https:\/\/booksfrommexico.com\/es\/producto\/u-tuumben-kaayiloob-x-yaaxche-los-nuevos-cantos-de-la-ceiba-the-new-songs-of-the-ceiba-u-meyaj-bejlabenoob-maaya-aj-tsiiboob-tu-u-petenil-yuucataane-antologia-de-escritores-mayas-con\/","title":{"rendered":"U T\u00faumben K&#8217;Aayilo&#8217;Ob X-Ya&#8217;Axche&#8217; \/\/ Los nuevos cantos de la ceiba \/\/ The new songs of the ceiba"},"content":{"rendered":"<p style=\"text-align: center;\">U T\u00faumben K&#8217;Aayilo&#8217;Ob X-Ya&#8217;Axche&#8217; \/\/ Los nuevos cantos de la ceiba \/\/ The new songs of the ceiba<\/p>\n<p style=\"text-align: center;\">U meyaj bejlabeno&#8217;ob maaya aj ts&#8217;\u00edibo&#8217;ob tu&#8217; u petenil Y\u00faucataane&#8217; \/\/ Antolog\u00eda de escritores mayas contempor\u00e1neos de la pen\u00ednsula de Yucat\u00e1n \/\/ Anthology of contemporary mayan writers from the Yucat\u00e1n Peninsula<\/p>\n","protected":false},"excerpt":{"rendered":"<p>Carlos Montemayor, Donald H. Frischmann, edici\u00f3n; Jorge Jackson de Llano, fotograf\u00edas. M\u00e9rida, Yucat\u00e1n: Instituto de Cultura de Yucat\u00e1n, 2010. 345 pages : 22 cm. ISBN: 6079017101, 9687871709<\/p>\n","protected":false},"featured_media":955,"template":"","meta":{"_acf_changed":false,"inline_featured_image":false},"product_brand":[],"product_cat":[25],"product_tag":[],"class_list":{"0":"post-956","1":"product","2":"type-product","3":"status-publish","4":"has-post-thumbnail","6":"product_cat-literatura","8":"first","9":"outofstock","10":"taxable","11":"shipping-taxable","12":"purchasable","13":"product-type-simple"},"acf":[],"yoast_head":"<!-- This site is optimized with the Yoast SEO plugin v27.3 - https:\/\/yoast.com\/product\/yoast-seo-wordpress\/ -->\n<title>U T\u00faumben K&#039;Aayilo&#039;Ob X-Ya&#039;Axche&#039; Los nuevos cantos de la ceiba<\/title>\n<meta name=\"description\" content=\"U T\u00faumben K&#039;Aayilo&#039;Ob X-Ya&#039;Axche&#039; \/\/ Los nuevos cantos de la ceiba \/\/ The new songs of the ceiba. Carlos Montemayor, Donald H. Frischmann. 2010.\" \/>\n<meta name=\"robots\" content=\"index, follow, max-snippet:-1, max-image-preview:large, max-video-preview:-1\" \/>\n<link rel=\"canonical\" href=\"https:\/\/booksfrommexico.com\/es\/producto\/u-tuumben-kaayiloob-x-yaaxche-los-nuevos-cantos-de-la-ceiba-the-new-songs-of-the-ceiba-u-meyaj-bejlabenoob-maaya-aj-tsiiboob-tu-u-petenil-yuucataane-antologia-de-escritores-mayas-con\/\" \/>\n<meta property=\"og:locale\" content=\"es_ES\" \/>\n<meta property=\"og:type\" content=\"article\" \/>\n<meta property=\"og:title\" content=\"U T\u00faumben K&#039;Aayilo&#039;Ob X-Ya&#039;Axche&#039; Los nuevos cantos de la ceiba\" \/>\n<meta property=\"og:description\" content=\"U T\u00faumben K&#039;Aayilo&#039;Ob X-Ya&#039;Axche&#039; \/\/ Los nuevos cantos de la ceiba \/\/ The new songs of the ceiba. Carlos Montemayor, Donald H. Frischmann. 2010.\" \/>\n<meta property=\"og:url\" content=\"https:\/\/booksfrommexico.com\/es\/producto\/u-tuumben-kaayiloob-x-yaaxche-los-nuevos-cantos-de-la-ceiba-the-new-songs-of-the-ceiba-u-meyaj-bejlabenoob-maaya-aj-tsiiboob-tu-u-petenil-yuucataane-antologia-de-escritores-mayas-con\/\" \/>\n<meta property=\"og:site_name\" content=\"Books From Mexico\" \/>\n<meta property=\"article:modified_time\" content=\"2024-03-21T19:53:28+00:00\" \/>\n<meta property=\"og:image\" content=\"http:\/\/booksfrommexico.com\/app\/uploads\/2023\/05\/150311.jpeg\" \/>\n\t<meta property=\"og:image:width\" content=\"482\" \/>\n\t<meta property=\"og:image:height\" content=\"618\" \/>\n\t<meta property=\"og:image:type\" content=\"image\/jpeg\" \/>\n<meta name=\"twitter:card\" content=\"summary_large_image\" \/>\n<meta name=\"twitter:label1\" content=\"Tiempo de lectura\" \/>\n\t<meta name=\"twitter:data1\" content=\"1 minuto\" \/>\n<script type=\"application\/ld+json\" class=\"yoast-schema-graph\">{\"@context\":\"https:\\\/\\\/schema.org\",\"@graph\":[{\"@type\":\"WebPage\",\"@id\":\"https:\\\/\\\/booksfrommexico.com\\\/es\\\/producto\\\/u-tuumben-kaayiloob-x-yaaxche-los-nuevos-cantos-de-la-ceiba-the-new-songs-of-the-ceiba-u-meyaj-bejlabenoob-maaya-aj-tsiiboob-tu-u-petenil-yuucataane-antologia-de-escritores-mayas-con\\\/\",\"url\":\"https:\\\/\\\/booksfrommexico.com\\\/es\\\/producto\\\/u-tuumben-kaayiloob-x-yaaxche-los-nuevos-cantos-de-la-ceiba-the-new-songs-of-the-ceiba-u-meyaj-bejlabenoob-maaya-aj-tsiiboob-tu-u-petenil-yuucataane-antologia-de-escritores-mayas-con\\\/\",\"name\":\"U T\u00faumben K'Aayilo'Ob X-Ya'Axche' Los nuevos cantos de la ceiba\",\"isPartOf\":{\"@id\":\"https:\\\/\\\/booksfrommexico.com\\\/#website\"},\"primaryImageOfPage\":{\"@id\":\"https:\\\/\\\/booksfrommexico.com\\\/es\\\/producto\\\/u-tuumben-kaayiloob-x-yaaxche-los-nuevos-cantos-de-la-ceiba-the-new-songs-of-the-ceiba-u-meyaj-bejlabenoob-maaya-aj-tsiiboob-tu-u-petenil-yuucataane-antologia-de-escritores-mayas-con\\\/#primaryimage\"},\"image\":{\"@id\":\"https:\\\/\\\/booksfrommexico.com\\\/es\\\/producto\\\/u-tuumben-kaayiloob-x-yaaxche-los-nuevos-cantos-de-la-ceiba-the-new-songs-of-the-ceiba-u-meyaj-bejlabenoob-maaya-aj-tsiiboob-tu-u-petenil-yuucataane-antologia-de-escritores-mayas-con\\\/#primaryimage\"},\"thumbnailUrl\":\"https:\\\/\\\/booksfrommexico.com\\\/app\\\/uploads\\\/2023\\\/05\\\/150311.jpeg\",\"datePublished\":\"2023-05-08T17:09:01+00:00\",\"dateModified\":\"2024-03-21T19:53:28+00:00\",\"description\":\"U T\u00faumben K'Aayilo'Ob X-Ya'Axche' \\\/\\\/ Los nuevos cantos de la ceiba \\\/\\\/ The new songs of the ceiba. Carlos Montemayor, Donald H. Frischmann. 2010.\",\"breadcrumb\":{\"@id\":\"https:\\\/\\\/booksfrommexico.com\\\/es\\\/producto\\\/u-tuumben-kaayiloob-x-yaaxche-los-nuevos-cantos-de-la-ceiba-the-new-songs-of-the-ceiba-u-meyaj-bejlabenoob-maaya-aj-tsiiboob-tu-u-petenil-yuucataane-antologia-de-escritores-mayas-con\\\/#breadcrumb\"},\"inLanguage\":\"es\",\"potentialAction\":[{\"@type\":\"ReadAction\",\"target\":[\"https:\\\/\\\/booksfrommexico.com\\\/es\\\/producto\\\/u-tuumben-kaayiloob-x-yaaxche-los-nuevos-cantos-de-la-ceiba-the-new-songs-of-the-ceiba-u-meyaj-bejlabenoob-maaya-aj-tsiiboob-tu-u-petenil-yuucataane-antologia-de-escritores-mayas-con\\\/\"]}]},{\"@type\":\"ImageObject\",\"inLanguage\":\"es\",\"@id\":\"https:\\\/\\\/booksfrommexico.com\\\/es\\\/producto\\\/u-tuumben-kaayiloob-x-yaaxche-los-nuevos-cantos-de-la-ceiba-the-new-songs-of-the-ceiba-u-meyaj-bejlabenoob-maaya-aj-tsiiboob-tu-u-petenil-yuucataane-antologia-de-escritores-mayas-con\\\/#primaryimage\",\"url\":\"https:\\\/\\\/booksfrommexico.com\\\/app\\\/uploads\\\/2023\\\/05\\\/150311.jpeg\",\"contentUrl\":\"https:\\\/\\\/booksfrommexico.com\\\/app\\\/uploads\\\/2023\\\/05\\\/150311.jpeg\",\"width\":482,\"height\":618,\"caption\":\"U T\u00faumben K'Aayilo'Ob X-Ya'Axche' \\\/\\\/ Los nuevos cantos de la ceiba \\\/\\\/ The new songs of the ceiba\"},{\"@type\":\"BreadcrumbList\",\"@id\":\"https:\\\/\\\/booksfrommexico.com\\\/es\\\/producto\\\/u-tuumben-kaayiloob-x-yaaxche-los-nuevos-cantos-de-la-ceiba-the-new-songs-of-the-ceiba-u-meyaj-bejlabenoob-maaya-aj-tsiiboob-tu-u-petenil-yuucataane-antologia-de-escritores-mayas-con\\\/#breadcrumb\",\"itemListElement\":[{\"@type\":\"ListItem\",\"position\":1,\"name\":\"Home\",\"item\":\"https:\\\/\\\/booksfrommexico.com\\\/es\\\/\"},{\"@type\":\"ListItem\",\"position\":2,\"name\":\"Libros\",\"item\":\"https:\\\/\\\/booksfrommexico.com\\\/es\\\/libros\\\/\"},{\"@type\":\"ListItem\",\"position\":3,\"name\":\"U T\u00faumben K&#8217;Aayilo&#8217;Ob X-Ya&#8217;Axche&#8217; \\\/\\\/ Los nuevos cantos de la ceiba \\\/\\\/ The new songs of the ceiba\"}]},{\"@type\":\"WebSite\",\"@id\":\"https:\\\/\\\/booksfrommexico.com\\\/#website\",\"url\":\"https:\\\/\\\/booksfrommexico.com\\\/\",\"name\":\"Books From Mexico\",\"description\":\"\",\"publisher\":{\"@id\":\"https:\\\/\\\/booksfrommexico.com\\\/#organization\"},\"potentialAction\":[{\"@type\":\"SearchAction\",\"target\":{\"@type\":\"EntryPoint\",\"urlTemplate\":\"https:\\\/\\\/booksfrommexico.com\\\/?s={search_term_string}\"},\"query-input\":{\"@type\":\"PropertyValueSpecification\",\"valueRequired\":true,\"valueName\":\"search_term_string\"}}],\"inLanguage\":\"es\"},{\"@type\":\"Organization\",\"@id\":\"https:\\\/\\\/booksfrommexico.com\\\/#organization\",\"name\":\"Books From Mexico\",\"url\":\"https:\\\/\\\/booksfrommexico.com\\\/\",\"logo\":{\"@type\":\"ImageObject\",\"inLanguage\":\"es\",\"@id\":\"https:\\\/\\\/booksfrommexico.com\\\/#\\\/schema\\\/logo\\\/image\\\/\",\"url\":\"https:\\\/\\\/booksfrommexico.com\\\/app\\\/uploads\\\/2023\\\/05\\\/logo-booksfrommexico.svg\",\"contentUrl\":\"https:\\\/\\\/booksfrommexico.com\\\/app\\\/uploads\\\/2023\\\/05\\\/logo-booksfrommexico.svg\",\"width\":86,\"height\":56,\"caption\":\"Books From Mexico\"},\"image\":{\"@id\":\"https:\\\/\\\/booksfrommexico.com\\\/#\\\/schema\\\/logo\\\/image\\\/\"}}]}<\/script>\n<!-- \/ Yoast SEO plugin. -->","yoast_head_json":{"title":"U T\u00faumben K'Aayilo'Ob X-Ya'Axche' Los nuevos cantos de la ceiba","description":"U T\u00faumben K'Aayilo'Ob X-Ya'Axche' \/\/ Los nuevos cantos de la ceiba \/\/ The new songs of the ceiba. Carlos Montemayor, Donald H. Frischmann. 2010.","robots":{"index":"index","follow":"follow","max-snippet":"max-snippet:-1","max-image-preview":"max-image-preview:large","max-video-preview":"max-video-preview:-1"},"canonical":"https:\/\/booksfrommexico.com\/es\/producto\/u-tuumben-kaayiloob-x-yaaxche-los-nuevos-cantos-de-la-ceiba-the-new-songs-of-the-ceiba-u-meyaj-bejlabenoob-maaya-aj-tsiiboob-tu-u-petenil-yuucataane-antologia-de-escritores-mayas-con\/","og_locale":"es_ES","og_type":"article","og_title":"U T\u00faumben K'Aayilo'Ob X-Ya'Axche' Los nuevos cantos de la ceiba","og_description":"U T\u00faumben K'Aayilo'Ob X-Ya'Axche' \/\/ Los nuevos cantos de la ceiba \/\/ The new songs of the ceiba. Carlos Montemayor, Donald H. Frischmann. 2010.","og_url":"https:\/\/booksfrommexico.com\/es\/producto\/u-tuumben-kaayiloob-x-yaaxche-los-nuevos-cantos-de-la-ceiba-the-new-songs-of-the-ceiba-u-meyaj-bejlabenoob-maaya-aj-tsiiboob-tu-u-petenil-yuucataane-antologia-de-escritores-mayas-con\/","og_site_name":"Books From Mexico","article_modified_time":"2024-03-21T19:53:28+00:00","og_image":[{"width":482,"height":618,"url":"http:\/\/booksfrommexico.com\/app\/uploads\/2023\/05\/150311.jpeg","type":"image\/jpeg"}],"twitter_card":"summary_large_image","twitter_misc":{"Tiempo de lectura":"1 minuto"},"schema":{"@context":"https:\/\/schema.org","@graph":[{"@type":"WebPage","@id":"https:\/\/booksfrommexico.com\/es\/producto\/u-tuumben-kaayiloob-x-yaaxche-los-nuevos-cantos-de-la-ceiba-the-new-songs-of-the-ceiba-u-meyaj-bejlabenoob-maaya-aj-tsiiboob-tu-u-petenil-yuucataane-antologia-de-escritores-mayas-con\/","url":"https:\/\/booksfrommexico.com\/es\/producto\/u-tuumben-kaayiloob-x-yaaxche-los-nuevos-cantos-de-la-ceiba-the-new-songs-of-the-ceiba-u-meyaj-bejlabenoob-maaya-aj-tsiiboob-tu-u-petenil-yuucataane-antologia-de-escritores-mayas-con\/","name":"U T\u00faumben K'Aayilo'Ob X-Ya'Axche' Los nuevos cantos de la ceiba","isPartOf":{"@id":"https:\/\/booksfrommexico.com\/#website"},"primaryImageOfPage":{"@id":"https:\/\/booksfrommexico.com\/es\/producto\/u-tuumben-kaayiloob-x-yaaxche-los-nuevos-cantos-de-la-ceiba-the-new-songs-of-the-ceiba-u-meyaj-bejlabenoob-maaya-aj-tsiiboob-tu-u-petenil-yuucataane-antologia-de-escritores-mayas-con\/#primaryimage"},"image":{"@id":"https:\/\/booksfrommexico.com\/es\/producto\/u-tuumben-kaayiloob-x-yaaxche-los-nuevos-cantos-de-la-ceiba-the-new-songs-of-the-ceiba-u-meyaj-bejlabenoob-maaya-aj-tsiiboob-tu-u-petenil-yuucataane-antologia-de-escritores-mayas-con\/#primaryimage"},"thumbnailUrl":"https:\/\/booksfrommexico.com\/app\/uploads\/2023\/05\/150311.jpeg","datePublished":"2023-05-08T17:09:01+00:00","dateModified":"2024-03-21T19:53:28+00:00","description":"U T\u00faumben K'Aayilo'Ob X-Ya'Axche' \/\/ Los nuevos cantos de la ceiba \/\/ The new songs of the ceiba. Carlos Montemayor, Donald H. Frischmann. 2010.","breadcrumb":{"@id":"https:\/\/booksfrommexico.com\/es\/producto\/u-tuumben-kaayiloob-x-yaaxche-los-nuevos-cantos-de-la-ceiba-the-new-songs-of-the-ceiba-u-meyaj-bejlabenoob-maaya-aj-tsiiboob-tu-u-petenil-yuucataane-antologia-de-escritores-mayas-con\/#breadcrumb"},"inLanguage":"es","potentialAction":[{"@type":"ReadAction","target":["https:\/\/booksfrommexico.com\/es\/producto\/u-tuumben-kaayiloob-x-yaaxche-los-nuevos-cantos-de-la-ceiba-the-new-songs-of-the-ceiba-u-meyaj-bejlabenoob-maaya-aj-tsiiboob-tu-u-petenil-yuucataane-antologia-de-escritores-mayas-con\/"]}]},{"@type":"ImageObject","inLanguage":"es","@id":"https:\/\/booksfrommexico.com\/es\/producto\/u-tuumben-kaayiloob-x-yaaxche-los-nuevos-cantos-de-la-ceiba-the-new-songs-of-the-ceiba-u-meyaj-bejlabenoob-maaya-aj-tsiiboob-tu-u-petenil-yuucataane-antologia-de-escritores-mayas-con\/#primaryimage","url":"https:\/\/booksfrommexico.com\/app\/uploads\/2023\/05\/150311.jpeg","contentUrl":"https:\/\/booksfrommexico.com\/app\/uploads\/2023\/05\/150311.jpeg","width":482,"height":618,"caption":"U T\u00faumben K'Aayilo'Ob X-Ya'Axche' \/\/ Los nuevos cantos de la ceiba \/\/ The new songs of the ceiba"},{"@type":"BreadcrumbList","@id":"https:\/\/booksfrommexico.com\/es\/producto\/u-tuumben-kaayiloob-x-yaaxche-los-nuevos-cantos-de-la-ceiba-the-new-songs-of-the-ceiba-u-meyaj-bejlabenoob-maaya-aj-tsiiboob-tu-u-petenil-yuucataane-antologia-de-escritores-mayas-con\/#breadcrumb","itemListElement":[{"@type":"ListItem","position":1,"name":"Home","item":"https:\/\/booksfrommexico.com\/es\/"},{"@type":"ListItem","position":2,"name":"Libros","item":"https:\/\/booksfrommexico.com\/es\/libros\/"},{"@type":"ListItem","position":3,"name":"U T\u00faumben K&#8217;Aayilo&#8217;Ob X-Ya&#8217;Axche&#8217; \/\/ Los nuevos cantos de la ceiba \/\/ The new songs of the ceiba"}]},{"@type":"WebSite","@id":"https:\/\/booksfrommexico.com\/#website","url":"https:\/\/booksfrommexico.com\/","name":"Books From Mexico","description":"","publisher":{"@id":"https:\/\/booksfrommexico.com\/#organization"},"potentialAction":[{"@type":"SearchAction","target":{"@type":"EntryPoint","urlTemplate":"https:\/\/booksfrommexico.com\/?s={search_term_string}"},"query-input":{"@type":"PropertyValueSpecification","valueRequired":true,"valueName":"search_term_string"}}],"inLanguage":"es"},{"@type":"Organization","@id":"https:\/\/booksfrommexico.com\/#organization","name":"Books From Mexico","url":"https:\/\/booksfrommexico.com\/","logo":{"@type":"ImageObject","inLanguage":"es","@id":"https:\/\/booksfrommexico.com\/#\/schema\/logo\/image\/","url":"https:\/\/booksfrommexico.com\/app\/uploads\/2023\/05\/logo-booksfrommexico.svg","contentUrl":"https:\/\/booksfrommexico.com\/app\/uploads\/2023\/05\/logo-booksfrommexico.svg","width":86,"height":56,"caption":"Books From Mexico"},"image":{"@id":"https:\/\/booksfrommexico.com\/#\/schema\/logo\/image\/"}}]}},"_links":{"self":[{"href":"https:\/\/booksfrommexico.com\/es\/wp-json\/wp\/v2\/product\/956","targetHints":{"allow":["GET"]}}],"collection":[{"href":"https:\/\/booksfrommexico.com\/es\/wp-json\/wp\/v2\/product"}],"about":[{"href":"https:\/\/booksfrommexico.com\/es\/wp-json\/wp\/v2\/types\/product"}],"wp:featuredmedia":[{"embeddable":true,"href":"https:\/\/booksfrommexico.com\/es\/wp-json\/wp\/v2\/media\/955"}],"wp:attachment":[{"href":"https:\/\/booksfrommexico.com\/es\/wp-json\/wp\/v2\/media?parent=956"}],"wp:term":[{"taxonomy":"product_brand","embeddable":true,"href":"https:\/\/booksfrommexico.com\/es\/wp-json\/wp\/v2\/product_brand?post=956"},{"taxonomy":"product_cat","embeddable":true,"href":"https:\/\/booksfrommexico.com\/es\/wp-json\/wp\/v2\/product_cat?post=956"},{"taxonomy":"product_tag","embeddable":true,"href":"https:\/\/booksfrommexico.com\/es\/wp-json\/wp\/v2\/product_tag?post=956"}],"curies":[{"name":"wp","href":"https:\/\/api.w.org\/{rel}","templated":true}]}}