{"id":962,"date":"2023-05-08T17:09:06","date_gmt":"2023-05-08T17:09:06","guid":{"rendered":"http:\/\/booksfrommexico.com\/product\/otras-espanas-antologia-sobre-literatura-del-exilio\/"},"modified":"2023-11-03T14:33:26","modified_gmt":"2023-11-03T14:33:26","slug":"otras-espanas-antologia-sobre-literatura-del-exilio","status":"publish","type":"product","link":"https:\/\/booksfrommexico.com\/es\/producto\/otras-espanas-antologia-sobre-literatura-del-exilio\/","title":{"rendered":"Otras Espa\u00f1as. Antolog\u00eda sobre literatura del exilio"},"content":{"rendered":"","protected":false},"excerpt":{"rendered":"<p>Ram\u00f3n Xirau; Adolfo Casta\u00f1\u00f3n, selecci\u00f3n y advertencia. M\u00e9xico, D.F.: El Colegio de M\u00e9xico, 2011. 395 pages : 22 cm. ISBN: 9786074622591<\/p>\n","protected":false},"featured_media":961,"template":"","meta":{"_acf_changed":false,"inline_featured_image":false},"product_brand":[],"product_cat":[25],"product_tag":[],"class_list":{"0":"post-962","1":"product","2":"type-product","3":"status-publish","4":"has-post-thumbnail","6":"product_cat-literatura","8":"first","9":"instock","10":"taxable","11":"shipping-taxable","12":"purchasable","13":"product-type-simple"},"acf":[],"yoast_head":"<!-- This site is optimized with the Yoast SEO plugin v27.3 - https:\/\/yoast.com\/product\/yoast-seo-wordpress\/ -->\n<title>Otras Espa\u00f1as. Antolog\u00eda sobre literatura del exilio.<\/title>\n<meta name=\"description\" content=\"Otras Espa\u00f1as. Antolog\u00eda sobre literatura del exilio. Ram\u00f3n Xirau; Adolfo Casta\u00f1\u00f3n, selecci\u00f3n y advertencia. M\u00e9xico, D.F. Books From M\u00e9xico.\" \/>\n<meta name=\"robots\" content=\"index, follow, max-snippet:-1, max-image-preview:large, max-video-preview:-1\" \/>\n<link rel=\"canonical\" href=\"https:\/\/booksfrommexico.com\/es\/producto\/otras-espanas-antologia-sobre-literatura-del-exilio\/\" \/>\n<meta property=\"og:locale\" content=\"es_ES\" \/>\n<meta property=\"og:type\" content=\"article\" \/>\n<meta property=\"og:title\" content=\"Otras Espa\u00f1as. Antolog\u00eda sobre literatura del exilio.\" \/>\n<meta property=\"og:description\" content=\"Otras Espa\u00f1as. Antolog\u00eda sobre literatura del exilio. Ram\u00f3n Xirau; Adolfo Casta\u00f1\u00f3n, selecci\u00f3n y advertencia. M\u00e9xico, D.F. Books From M\u00e9xico.\" \/>\n<meta property=\"og:url\" content=\"https:\/\/booksfrommexico.com\/es\/producto\/otras-espanas-antologia-sobre-literatura-del-exilio\/\" \/>\n<meta property=\"og:site_name\" content=\"Books From Mexico\" \/>\n<meta property=\"article:modified_time\" content=\"2023-11-03T14:33:26+00:00\" \/>\n<meta property=\"og:image\" content=\"http:\/\/booksfrommexico.com\/app\/uploads\/2023\/05\/160499.jpeg\" \/>\n\t<meta property=\"og:image:width\" content=\"436\" \/>\n\t<meta property=\"og:image:height\" content=\"623\" \/>\n\t<meta property=\"og:image:type\" content=\"image\/jpeg\" \/>\n<meta name=\"twitter:card\" content=\"summary_large_image\" \/>\n<script type=\"application\/ld+json\" class=\"yoast-schema-graph\">{\"@context\":\"https:\\\/\\\/schema.org\",\"@graph\":[{\"@type\":\"WebPage\",\"@id\":\"https:\\\/\\\/booksfrommexico.com\\\/es\\\/producto\\\/otras-espanas-antologia-sobre-literatura-del-exilio\\\/\",\"url\":\"https:\\\/\\\/booksfrommexico.com\\\/es\\\/producto\\\/otras-espanas-antologia-sobre-literatura-del-exilio\\\/\",\"name\":\"Otras Espa\u00f1as. Antolog\u00eda sobre literatura del exilio.\",\"isPartOf\":{\"@id\":\"https:\\\/\\\/booksfrommexico.com\\\/#website\"},\"primaryImageOfPage\":{\"@id\":\"https:\\\/\\\/booksfrommexico.com\\\/es\\\/producto\\\/otras-espanas-antologia-sobre-literatura-del-exilio\\\/#primaryimage\"},\"image\":{\"@id\":\"https:\\\/\\\/booksfrommexico.com\\\/es\\\/producto\\\/otras-espanas-antologia-sobre-literatura-del-exilio\\\/#primaryimage\"},\"thumbnailUrl\":\"https:\\\/\\\/booksfrommexico.com\\\/app\\\/uploads\\\/2023\\\/05\\\/160499.jpeg\",\"datePublished\":\"2023-05-08T17:09:06+00:00\",\"dateModified\":\"2023-11-03T14:33:26+00:00\",\"description\":\"Otras Espa\u00f1as. Antolog\u00eda sobre literatura del exilio. Ram\u00f3n Xirau; Adolfo Casta\u00f1\u00f3n, selecci\u00f3n y advertencia. M\u00e9xico, D.F. Books From M\u00e9xico.\",\"breadcrumb\":{\"@id\":\"https:\\\/\\\/booksfrommexico.com\\\/es\\\/producto\\\/otras-espanas-antologia-sobre-literatura-del-exilio\\\/#breadcrumb\"},\"inLanguage\":\"es\",\"potentialAction\":[{\"@type\":\"ReadAction\",\"target\":[\"https:\\\/\\\/booksfrommexico.com\\\/es\\\/producto\\\/otras-espanas-antologia-sobre-literatura-del-exilio\\\/\"]}]},{\"@type\":\"ImageObject\",\"inLanguage\":\"es\",\"@id\":\"https:\\\/\\\/booksfrommexico.com\\\/es\\\/producto\\\/otras-espanas-antologia-sobre-literatura-del-exilio\\\/#primaryimage\",\"url\":\"https:\\\/\\\/booksfrommexico.com\\\/app\\\/uploads\\\/2023\\\/05\\\/160499.jpeg\",\"contentUrl\":\"https:\\\/\\\/booksfrommexico.com\\\/app\\\/uploads\\\/2023\\\/05\\\/160499.jpeg\",\"width\":436,\"height\":623,\"caption\":\"Otras Espa\u00f1as. Antolog\u00eda sobre literatura del exilio\"},{\"@type\":\"BreadcrumbList\",\"@id\":\"https:\\\/\\\/booksfrommexico.com\\\/es\\\/producto\\\/otras-espanas-antologia-sobre-literatura-del-exilio\\\/#breadcrumb\",\"itemListElement\":[{\"@type\":\"ListItem\",\"position\":1,\"name\":\"Home\",\"item\":\"https:\\\/\\\/booksfrommexico.com\\\/es\\\/\"},{\"@type\":\"ListItem\",\"position\":2,\"name\":\"Libros\",\"item\":\"https:\\\/\\\/booksfrommexico.com\\\/es\\\/libros\\\/\"},{\"@type\":\"ListItem\",\"position\":3,\"name\":\"Otras Espa\u00f1as. Antolog\u00eda sobre literatura del exilio\"}]},{\"@type\":\"WebSite\",\"@id\":\"https:\\\/\\\/booksfrommexico.com\\\/#website\",\"url\":\"https:\\\/\\\/booksfrommexico.com\\\/\",\"name\":\"Books From Mexico\",\"description\":\"\",\"publisher\":{\"@id\":\"https:\\\/\\\/booksfrommexico.com\\\/#organization\"},\"potentialAction\":[{\"@type\":\"SearchAction\",\"target\":{\"@type\":\"EntryPoint\",\"urlTemplate\":\"https:\\\/\\\/booksfrommexico.com\\\/?s={search_term_string}\"},\"query-input\":{\"@type\":\"PropertyValueSpecification\",\"valueRequired\":true,\"valueName\":\"search_term_string\"}}],\"inLanguage\":\"es\"},{\"@type\":\"Organization\",\"@id\":\"https:\\\/\\\/booksfrommexico.com\\\/#organization\",\"name\":\"Books From Mexico\",\"url\":\"https:\\\/\\\/booksfrommexico.com\\\/\",\"logo\":{\"@type\":\"ImageObject\",\"inLanguage\":\"es\",\"@id\":\"https:\\\/\\\/booksfrommexico.com\\\/#\\\/schema\\\/logo\\\/image\\\/\",\"url\":\"https:\\\/\\\/booksfrommexico.com\\\/app\\\/uploads\\\/2023\\\/05\\\/logo-booksfrommexico.svg\",\"contentUrl\":\"https:\\\/\\\/booksfrommexico.com\\\/app\\\/uploads\\\/2023\\\/05\\\/logo-booksfrommexico.svg\",\"width\":86,\"height\":56,\"caption\":\"Books From Mexico\"},\"image\":{\"@id\":\"https:\\\/\\\/booksfrommexico.com\\\/#\\\/schema\\\/logo\\\/image\\\/\"}}]}<\/script>\n<!-- \/ Yoast SEO plugin. -->","yoast_head_json":{"title":"Otras Espa\u00f1as. Antolog\u00eda sobre literatura del exilio.","description":"Otras Espa\u00f1as. Antolog\u00eda sobre literatura del exilio. Ram\u00f3n Xirau; Adolfo Casta\u00f1\u00f3n, selecci\u00f3n y advertencia. M\u00e9xico, D.F. Books From M\u00e9xico.","robots":{"index":"index","follow":"follow","max-snippet":"max-snippet:-1","max-image-preview":"max-image-preview:large","max-video-preview":"max-video-preview:-1"},"canonical":"https:\/\/booksfrommexico.com\/es\/producto\/otras-espanas-antologia-sobre-literatura-del-exilio\/","og_locale":"es_ES","og_type":"article","og_title":"Otras Espa\u00f1as. Antolog\u00eda sobre literatura del exilio.","og_description":"Otras Espa\u00f1as. Antolog\u00eda sobre literatura del exilio. Ram\u00f3n Xirau; Adolfo Casta\u00f1\u00f3n, selecci\u00f3n y advertencia. M\u00e9xico, D.F. Books From M\u00e9xico.","og_url":"https:\/\/booksfrommexico.com\/es\/producto\/otras-espanas-antologia-sobre-literatura-del-exilio\/","og_site_name":"Books From Mexico","article_modified_time":"2023-11-03T14:33:26+00:00","og_image":[{"width":436,"height":623,"url":"http:\/\/booksfrommexico.com\/app\/uploads\/2023\/05\/160499.jpeg","type":"image\/jpeg"}],"twitter_card":"summary_large_image","schema":{"@context":"https:\/\/schema.org","@graph":[{"@type":"WebPage","@id":"https:\/\/booksfrommexico.com\/es\/producto\/otras-espanas-antologia-sobre-literatura-del-exilio\/","url":"https:\/\/booksfrommexico.com\/es\/producto\/otras-espanas-antologia-sobre-literatura-del-exilio\/","name":"Otras Espa\u00f1as. Antolog\u00eda sobre literatura del exilio.","isPartOf":{"@id":"https:\/\/booksfrommexico.com\/#website"},"primaryImageOfPage":{"@id":"https:\/\/booksfrommexico.com\/es\/producto\/otras-espanas-antologia-sobre-literatura-del-exilio\/#primaryimage"},"image":{"@id":"https:\/\/booksfrommexico.com\/es\/producto\/otras-espanas-antologia-sobre-literatura-del-exilio\/#primaryimage"},"thumbnailUrl":"https:\/\/booksfrommexico.com\/app\/uploads\/2023\/05\/160499.jpeg","datePublished":"2023-05-08T17:09:06+00:00","dateModified":"2023-11-03T14:33:26+00:00","description":"Otras Espa\u00f1as. Antolog\u00eda sobre literatura del exilio. Ram\u00f3n Xirau; Adolfo Casta\u00f1\u00f3n, selecci\u00f3n y advertencia. M\u00e9xico, D.F. Books From M\u00e9xico.","breadcrumb":{"@id":"https:\/\/booksfrommexico.com\/es\/producto\/otras-espanas-antologia-sobre-literatura-del-exilio\/#breadcrumb"},"inLanguage":"es","potentialAction":[{"@type":"ReadAction","target":["https:\/\/booksfrommexico.com\/es\/producto\/otras-espanas-antologia-sobre-literatura-del-exilio\/"]}]},{"@type":"ImageObject","inLanguage":"es","@id":"https:\/\/booksfrommexico.com\/es\/producto\/otras-espanas-antologia-sobre-literatura-del-exilio\/#primaryimage","url":"https:\/\/booksfrommexico.com\/app\/uploads\/2023\/05\/160499.jpeg","contentUrl":"https:\/\/booksfrommexico.com\/app\/uploads\/2023\/05\/160499.jpeg","width":436,"height":623,"caption":"Otras Espa\u00f1as. Antolog\u00eda sobre literatura del exilio"},{"@type":"BreadcrumbList","@id":"https:\/\/booksfrommexico.com\/es\/producto\/otras-espanas-antologia-sobre-literatura-del-exilio\/#breadcrumb","itemListElement":[{"@type":"ListItem","position":1,"name":"Home","item":"https:\/\/booksfrommexico.com\/es\/"},{"@type":"ListItem","position":2,"name":"Libros","item":"https:\/\/booksfrommexico.com\/es\/libros\/"},{"@type":"ListItem","position":3,"name":"Otras Espa\u00f1as. Antolog\u00eda sobre literatura del exilio"}]},{"@type":"WebSite","@id":"https:\/\/booksfrommexico.com\/#website","url":"https:\/\/booksfrommexico.com\/","name":"Books From Mexico","description":"","publisher":{"@id":"https:\/\/booksfrommexico.com\/#organization"},"potentialAction":[{"@type":"SearchAction","target":{"@type":"EntryPoint","urlTemplate":"https:\/\/booksfrommexico.com\/?s={search_term_string}"},"query-input":{"@type":"PropertyValueSpecification","valueRequired":true,"valueName":"search_term_string"}}],"inLanguage":"es"},{"@type":"Organization","@id":"https:\/\/booksfrommexico.com\/#organization","name":"Books From Mexico","url":"https:\/\/booksfrommexico.com\/","logo":{"@type":"ImageObject","inLanguage":"es","@id":"https:\/\/booksfrommexico.com\/#\/schema\/logo\/image\/","url":"https:\/\/booksfrommexico.com\/app\/uploads\/2023\/05\/logo-booksfrommexico.svg","contentUrl":"https:\/\/booksfrommexico.com\/app\/uploads\/2023\/05\/logo-booksfrommexico.svg","width":86,"height":56,"caption":"Books From Mexico"},"image":{"@id":"https:\/\/booksfrommexico.com\/#\/schema\/logo\/image\/"}}]}},"_links":{"self":[{"href":"https:\/\/booksfrommexico.com\/es\/wp-json\/wp\/v2\/product\/962","targetHints":{"allow":["GET"]}}],"collection":[{"href":"https:\/\/booksfrommexico.com\/es\/wp-json\/wp\/v2\/product"}],"about":[{"href":"https:\/\/booksfrommexico.com\/es\/wp-json\/wp\/v2\/types\/product"}],"wp:featuredmedia":[{"embeddable":true,"href":"https:\/\/booksfrommexico.com\/es\/wp-json\/wp\/v2\/media\/961"}],"wp:attachment":[{"href":"https:\/\/booksfrommexico.com\/es\/wp-json\/wp\/v2\/media?parent=962"}],"wp:term":[{"taxonomy":"product_brand","embeddable":true,"href":"https:\/\/booksfrommexico.com\/es\/wp-json\/wp\/v2\/product_brand?post=962"},{"taxonomy":"product_cat","embeddable":true,"href":"https:\/\/booksfrommexico.com\/es\/wp-json\/wp\/v2\/product_cat?post=962"},{"taxonomy":"product_tag","embeddable":true,"href":"https:\/\/booksfrommexico.com\/es\/wp-json\/wp\/v2\/product_tag?post=962"}],"curies":[{"name":"wp","href":"https:\/\/api.w.org\/{rel}","templated":true}]}}