{"id":972,"date":"2023-05-08T17:09:14","date_gmt":"2023-05-08T17:09:14","guid":{"rendered":"http:\/\/booksfrommexico.com\/product\/producto-3\/"},"modified":"2024-04-08T23:48:30","modified_gmt":"2024-04-08T23:48:30","slug":"de-las-identidades-peyorativas-a-la-identidad-gay","status":"publish","type":"product","link":"https:\/\/booksfrommexico.com\/es\/producto\/de-las-identidades-peyorativas-a-la-identidad-gay\/","title":{"rendered":"De las identidades peyorativas a la identidad gay en la ciudad de San Luis Potos\u00ed"},"content":{"rendered":"<p><span style=\"font-weight: 400;\">Dentro de la 65\u00aa edici\u00f3n del Certamen 20 de Noviembre, esta obra resulta ganadora del Premio Francisco Pe\u00f1a de investigaci\u00f3n hist\u00f3rica 2016. Esta investigaci\u00f3n documenta un fen\u00f3meno socio-hist\u00f3rico local que deriva de un contexto de car\u00e1cter global: la construcci\u00f3n de la identidad gay en la localidad. Partiendo de la hip\u00f3tesis general de que el paso de las <\/span><i><span style=\"font-weight: 400;\">identidades tradicionales-peyorativas <\/span><\/i><span style=\"font-weight: 400;\">a la <\/span><i><span style=\"font-weight: 400;\">identidad gay <\/span><\/i><span style=\"font-weight: 400;\">en la ciudad de San Luis Potos\u00ed supuso una transformaci\u00f3n social importante en la forma en que la poblaci\u00f3n homosexual de la localidad comenz\u00f3 a ocupar un lugar distinto al del estigma social, el objetivo de la investigaci\u00f3n se centr\u00f3 en documentar la emergencia de dicha identidad.\u00a0\u00a0<\/span><\/p>\n","protected":false},"excerpt":{"rendered":"<p>DE LAS IDENTIDADES PEYORATIVAS A LA IDENTIDAD GAY EN LA CIUDAD DE SAN LUIS POTOS\u00cd (1968-1989)<span style=\"font-weight: 400;\">. \/ Marco Antonio Villa Salazar. San Luis Potos\u00ed, Mexico : Gobierno de San Luis Potos\u00ed : Secretar\u00eda de Cultura , Direcci\u00f3n de Publicaciones y Literatura ; Editorial Ponciano Arriaga, 2017. 160 pages : includes illustrations, bibliography ; 22 cm. (Serie Premios Francisco Pe\u00f1a 20: Investigaci\u00f3n Hist\u00f3rica). ISBN : 9786078553006. <\/span><\/p>\n","protected":false},"featured_media":971,"template":"","meta":{"_acf_changed":false,"inline_featured_image":false},"product_brand":[],"product_cat":[3334,182,78],"product_tag":[4197,4161],"class_list":{"0":"post-972","1":"product","2":"type-product","3":"status-publish","4":"has-post-thumbnail","6":"product_cat-derechos-humanos-y-asuntos-juridicos","7":"product_cat-estudios-culturales-y-de-identidad-sociologia","8":"product_cat-sociologia","9":"product_tag-identidad-lgbt","10":"product_tag-lgbt","12":"first","13":"instock","14":"taxable","15":"shipping-taxable","16":"purchasable","17":"product-type-simple"},"acf":[],"yoast_head":"<!-- This site is optimized with the Yoast SEO plugin v27.2 - https:\/\/yoast.com\/product\/yoast-seo-wordpress\/ -->\n<title>De las identidades peyorativas a la identidad gay<\/title>\n<meta name=\"description\" content=\"DE LAS IDENTIDADES PEYORATIVAS A LA IDENTIDAD GAY EN LA CIUDAD DE SAN LUIS POTOS\u00cd (1968-1989). \/ Marco Antonio Villa Salazar. ISBN : 9786078553006\" \/>\n<meta name=\"robots\" content=\"index, follow, max-snippet:-1, max-image-preview:large, max-video-preview:-1\" \/>\n<link rel=\"canonical\" href=\"https:\/\/booksfrommexico.com\/es\/producto\/de-las-identidades-peyorativas-a-la-identidad-gay\/\" \/>\n<meta property=\"og:locale\" content=\"es_ES\" \/>\n<meta property=\"og:type\" content=\"article\" \/>\n<meta property=\"og:title\" content=\"De las identidades peyorativas a la identidad gay\" \/>\n<meta property=\"og:description\" content=\"DE LAS IDENTIDADES PEYORATIVAS A LA IDENTIDAD GAY EN LA CIUDAD DE SAN LUIS POTOS\u00cd (1968-1989). \/ Marco Antonio Villa Salazar. ISBN : 9786078553006\" \/>\n<meta property=\"og:url\" content=\"https:\/\/booksfrommexico.com\/es\/producto\/de-las-identidades-peyorativas-a-la-identidad-gay\/\" \/>\n<meta property=\"og:site_name\" content=\"Books From Mexico\" \/>\n<meta property=\"article:modified_time\" content=\"2024-04-08T23:48:30+00:00\" \/>\n<meta property=\"og:image\" content=\"http:\/\/booksfrommexico.com\/app\/uploads\/2023\/05\/183685.jpeg\" \/>\n\t<meta property=\"og:image:width\" content=\"399\" \/>\n\t<meta property=\"og:image:height\" content=\"618\" \/>\n\t<meta property=\"og:image:type\" content=\"image\/jpeg\" \/>\n<meta name=\"twitter:card\" content=\"summary_large_image\" \/>\n<meta name=\"twitter:label1\" content=\"Tiempo de lectura\" \/>\n\t<meta name=\"twitter:data1\" content=\"1 minuto\" \/>\n<script type=\"application\/ld+json\" class=\"yoast-schema-graph\">{\"@context\":\"https:\/\/schema.org\",\"@graph\":[{\"@type\":\"WebPage\",\"@id\":\"https:\/\/booksfrommexico.com\/es\/producto\/de-las-identidades-peyorativas-a-la-identidad-gay\/\",\"url\":\"https:\/\/booksfrommexico.com\/es\/producto\/de-las-identidades-peyorativas-a-la-identidad-gay\/\",\"name\":\"De las identidades peyorativas a la identidad gay\",\"isPartOf\":{\"@id\":\"https:\/\/booksfrommexico.com\/#website\"},\"primaryImageOfPage\":{\"@id\":\"https:\/\/booksfrommexico.com\/es\/producto\/de-las-identidades-peyorativas-a-la-identidad-gay\/#primaryimage\"},\"image\":{\"@id\":\"https:\/\/booksfrommexico.com\/es\/producto\/de-las-identidades-peyorativas-a-la-identidad-gay\/#primaryimage\"},\"thumbnailUrl\":\"https:\/\/booksfrommexico.com\/app\/uploads\/2023\/05\/183685.jpeg\",\"datePublished\":\"2023-05-08T17:09:14+00:00\",\"dateModified\":\"2024-04-08T23:48:30+00:00\",\"description\":\"DE LAS IDENTIDADES PEYORATIVAS A LA IDENTIDAD GAY EN LA CIUDAD DE SAN LUIS POTOS\u00cd (1968-1989). \/ Marco Antonio Villa Salazar. ISBN : 9786078553006\",\"breadcrumb\":{\"@id\":\"https:\/\/booksfrommexico.com\/es\/producto\/de-las-identidades-peyorativas-a-la-identidad-gay\/#breadcrumb\"},\"inLanguage\":\"es\",\"potentialAction\":[{\"@type\":\"ReadAction\",\"target\":[\"https:\/\/booksfrommexico.com\/es\/producto\/de-las-identidades-peyorativas-a-la-identidad-gay\/\"]}]},{\"@type\":\"ImageObject\",\"inLanguage\":\"es\",\"@id\":\"https:\/\/booksfrommexico.com\/es\/producto\/de-las-identidades-peyorativas-a-la-identidad-gay\/#primaryimage\",\"url\":\"https:\/\/booksfrommexico.com\/app\/uploads\/2023\/05\/183685.jpeg\",\"contentUrl\":\"https:\/\/booksfrommexico.com\/app\/uploads\/2023\/05\/183685.jpeg\",\"width\":399,\"height\":618,\"caption\":\"Producto por Marco Antonio Villa Salazar. Books From M\u00e9xico.\"},{\"@type\":\"BreadcrumbList\",\"@id\":\"https:\/\/booksfrommexico.com\/es\/producto\/de-las-identidades-peyorativas-a-la-identidad-gay\/#breadcrumb\",\"itemListElement\":[{\"@type\":\"ListItem\",\"position\":1,\"name\":\"Home\",\"item\":\"https:\/\/booksfrommexico.com\/es\/\"},{\"@type\":\"ListItem\",\"position\":2,\"name\":\"Libros\",\"item\":\"https:\/\/booksfrommexico.com\/es\/libros\/\"},{\"@type\":\"ListItem\",\"position\":3,\"name\":\"De las identidades peyorativas a la identidad gay en la ciudad de San Luis Potos\u00ed\"}]},{\"@type\":\"WebSite\",\"@id\":\"https:\/\/booksfrommexico.com\/#website\",\"url\":\"https:\/\/booksfrommexico.com\/\",\"name\":\"Books From Mexico\",\"description\":\"\",\"publisher\":{\"@id\":\"https:\/\/booksfrommexico.com\/#organization\"},\"potentialAction\":[{\"@type\":\"SearchAction\",\"target\":{\"@type\":\"EntryPoint\",\"urlTemplate\":\"https:\/\/booksfrommexico.com\/?s={search_term_string}\"},\"query-input\":{\"@type\":\"PropertyValueSpecification\",\"valueRequired\":true,\"valueName\":\"search_term_string\"}}],\"inLanguage\":\"es\"},{\"@type\":\"Organization\",\"@id\":\"https:\/\/booksfrommexico.com\/#organization\",\"name\":\"Books From Mexico\",\"url\":\"https:\/\/booksfrommexico.com\/\",\"logo\":{\"@type\":\"ImageObject\",\"inLanguage\":\"es\",\"@id\":\"https:\/\/booksfrommexico.com\/#\/schema\/logo\/image\/\",\"url\":\"https:\/\/booksfrommexico.com\/app\/uploads\/2023\/05\/logo-booksfrommexico.svg\",\"contentUrl\":\"https:\/\/booksfrommexico.com\/app\/uploads\/2023\/05\/logo-booksfrommexico.svg\",\"width\":86,\"height\":56,\"caption\":\"Books From Mexico\"},\"image\":{\"@id\":\"https:\/\/booksfrommexico.com\/#\/schema\/logo\/image\/\"}}]}<\/script>\n<!-- \/ Yoast SEO plugin. -->","yoast_head_json":{"title":"De las identidades peyorativas a la identidad gay","description":"DE LAS IDENTIDADES PEYORATIVAS A LA IDENTIDAD GAY EN LA CIUDAD DE SAN LUIS POTOS\u00cd (1968-1989). \/ Marco Antonio Villa Salazar. ISBN : 9786078553006","robots":{"index":"index","follow":"follow","max-snippet":"max-snippet:-1","max-image-preview":"max-image-preview:large","max-video-preview":"max-video-preview:-1"},"canonical":"https:\/\/booksfrommexico.com\/es\/producto\/de-las-identidades-peyorativas-a-la-identidad-gay\/","og_locale":"es_ES","og_type":"article","og_title":"De las identidades peyorativas a la identidad gay","og_description":"DE LAS IDENTIDADES PEYORATIVAS A LA IDENTIDAD GAY EN LA CIUDAD DE SAN LUIS POTOS\u00cd (1968-1989). \/ Marco Antonio Villa Salazar. ISBN : 9786078553006","og_url":"https:\/\/booksfrommexico.com\/es\/producto\/de-las-identidades-peyorativas-a-la-identidad-gay\/","og_site_name":"Books From Mexico","article_modified_time":"2024-04-08T23:48:30+00:00","og_image":[{"width":399,"height":618,"url":"http:\/\/booksfrommexico.com\/app\/uploads\/2023\/05\/183685.jpeg","type":"image\/jpeg"}],"twitter_card":"summary_large_image","twitter_misc":{"Tiempo de lectura":"1 minuto"},"schema":{"@context":"https:\/\/schema.org","@graph":[{"@type":"WebPage","@id":"https:\/\/booksfrommexico.com\/es\/producto\/de-las-identidades-peyorativas-a-la-identidad-gay\/","url":"https:\/\/booksfrommexico.com\/es\/producto\/de-las-identidades-peyorativas-a-la-identidad-gay\/","name":"De las identidades peyorativas a la identidad gay","isPartOf":{"@id":"https:\/\/booksfrommexico.com\/#website"},"primaryImageOfPage":{"@id":"https:\/\/booksfrommexico.com\/es\/producto\/de-las-identidades-peyorativas-a-la-identidad-gay\/#primaryimage"},"image":{"@id":"https:\/\/booksfrommexico.com\/es\/producto\/de-las-identidades-peyorativas-a-la-identidad-gay\/#primaryimage"},"thumbnailUrl":"https:\/\/booksfrommexico.com\/app\/uploads\/2023\/05\/183685.jpeg","datePublished":"2023-05-08T17:09:14+00:00","dateModified":"2024-04-08T23:48:30+00:00","description":"DE LAS IDENTIDADES PEYORATIVAS A LA IDENTIDAD GAY EN LA CIUDAD DE SAN LUIS POTOS\u00cd (1968-1989). \/ Marco Antonio Villa Salazar. ISBN : 9786078553006","breadcrumb":{"@id":"https:\/\/booksfrommexico.com\/es\/producto\/de-las-identidades-peyorativas-a-la-identidad-gay\/#breadcrumb"},"inLanguage":"es","potentialAction":[{"@type":"ReadAction","target":["https:\/\/booksfrommexico.com\/es\/producto\/de-las-identidades-peyorativas-a-la-identidad-gay\/"]}]},{"@type":"ImageObject","inLanguage":"es","@id":"https:\/\/booksfrommexico.com\/es\/producto\/de-las-identidades-peyorativas-a-la-identidad-gay\/#primaryimage","url":"https:\/\/booksfrommexico.com\/app\/uploads\/2023\/05\/183685.jpeg","contentUrl":"https:\/\/booksfrommexico.com\/app\/uploads\/2023\/05\/183685.jpeg","width":399,"height":618,"caption":"Producto por Marco Antonio Villa Salazar. Books From M\u00e9xico."},{"@type":"BreadcrumbList","@id":"https:\/\/booksfrommexico.com\/es\/producto\/de-las-identidades-peyorativas-a-la-identidad-gay\/#breadcrumb","itemListElement":[{"@type":"ListItem","position":1,"name":"Home","item":"https:\/\/booksfrommexico.com\/es\/"},{"@type":"ListItem","position":2,"name":"Libros","item":"https:\/\/booksfrommexico.com\/es\/libros\/"},{"@type":"ListItem","position":3,"name":"De las identidades peyorativas a la identidad gay en la ciudad de San Luis Potos\u00ed"}]},{"@type":"WebSite","@id":"https:\/\/booksfrommexico.com\/#website","url":"https:\/\/booksfrommexico.com\/","name":"Books From Mexico","description":"","publisher":{"@id":"https:\/\/booksfrommexico.com\/#organization"},"potentialAction":[{"@type":"SearchAction","target":{"@type":"EntryPoint","urlTemplate":"https:\/\/booksfrommexico.com\/?s={search_term_string}"},"query-input":{"@type":"PropertyValueSpecification","valueRequired":true,"valueName":"search_term_string"}}],"inLanguage":"es"},{"@type":"Organization","@id":"https:\/\/booksfrommexico.com\/#organization","name":"Books From Mexico","url":"https:\/\/booksfrommexico.com\/","logo":{"@type":"ImageObject","inLanguage":"es","@id":"https:\/\/booksfrommexico.com\/#\/schema\/logo\/image\/","url":"https:\/\/booksfrommexico.com\/app\/uploads\/2023\/05\/logo-booksfrommexico.svg","contentUrl":"https:\/\/booksfrommexico.com\/app\/uploads\/2023\/05\/logo-booksfrommexico.svg","width":86,"height":56,"caption":"Books From Mexico"},"image":{"@id":"https:\/\/booksfrommexico.com\/#\/schema\/logo\/image\/"}}]}},"_links":{"self":[{"href":"https:\/\/booksfrommexico.com\/es\/wp-json\/wp\/v2\/product\/972","targetHints":{"allow":["GET"]}}],"collection":[{"href":"https:\/\/booksfrommexico.com\/es\/wp-json\/wp\/v2\/product"}],"about":[{"href":"https:\/\/booksfrommexico.com\/es\/wp-json\/wp\/v2\/types\/product"}],"wp:featuredmedia":[{"embeddable":true,"href":"https:\/\/booksfrommexico.com\/es\/wp-json\/wp\/v2\/media\/971"}],"wp:attachment":[{"href":"https:\/\/booksfrommexico.com\/es\/wp-json\/wp\/v2\/media?parent=972"}],"wp:term":[{"taxonomy":"product_brand","embeddable":true,"href":"https:\/\/booksfrommexico.com\/es\/wp-json\/wp\/v2\/product_brand?post=972"},{"taxonomy":"product_cat","embeddable":true,"href":"https:\/\/booksfrommexico.com\/es\/wp-json\/wp\/v2\/product_cat?post=972"},{"taxonomy":"product_tag","embeddable":true,"href":"https:\/\/booksfrommexico.com\/es\/wp-json\/wp\/v2\/product_tag?post=972"}],"curies":[{"name":"wp","href":"https:\/\/api.w.org\/{rel}","templated":true}]}}