{"id":974,"date":"2023-05-08T17:09:15","date_gmt":"2023-05-08T17:09:15","guid":{"rendered":"http:\/\/booksfrommexico.com\/product\/las-calaveras-literarias-expresion-popular-y-tradicion-periodistica\/"},"modified":"2024-10-08T22:40:24","modified_gmt":"2024-10-08T22:40:24","slug":"las-calaveras-literarias-expresion-popular-y-tradicion-periodistica","status":"publish","type":"product","link":"https:\/\/booksfrommexico.com\/es\/producto\/las-calaveras-literarias-expresion-popular-y-tradicion-periodistica\/","title":{"rendered":"Las calaveras literarias: Expresi\u00f3n popular y tradici\u00f3n period\u00edstica"},"content":{"rendered":"<p><span style=\"font-weight: 400;\">Obra compuesta por m\u00e1s de 60 calaveras y caricaturas escritas por Filiberto Ju\u00e1rez C\u00f3rdoba e ilustradas por Roque. Estos trabajos tienen la virtud de trascender en el tiempo y quedar como retrato del paso de los personajes potosinos por la vida social, pol\u00edtica, acad\u00e9mica, empresarial y de los medios de comunicaci\u00f3n en estas primeras d\u00e9cadas del siglo XXI. Se invita al lector a ver este libro como un documento que habr\u00e1 de servir a los historiadores y a quienes tienen inquietudes por la investigaci\u00f3n period\u00edstica, como hoy se hace referencia obligada a los grabados de la <\/span><i><span style=\"font-weight: 400;\">calavera garbancera <\/span><\/i><span style=\"font-weight: 400;\">de Jos\u00e9 Guadalupe Posada y al mural de Diego Rivera en el que dio forma y fama la tradicional <\/span><i><span style=\"font-weight: 400;\">catrina<\/span><\/i><span style=\"font-weight: 400;\">.<\/span><\/p>\n","protected":false},"excerpt":{"rendered":"<p>LAS CALAVERAS LITERARIAS : EXPRESI\u00d3N POPULAR Y TRADICI\u00d3N PERIOD\u00cdSTICA. <span style=\"font-weight: 400;\">\/ Filiberto Ju\u00e1rez C\u00f3rdoba (text), Roque (illustrations). San Luis Potos\u00ed, M\u00e9xico : Universidad Aut\u00f3noma de San Luis Potos\u00ed, 2017. 90 pages : includes illustrations ; 22 cm. (Serie Colecci\u00f3n Ciencias Sociales y Humanidades). ISBN : 9786075350226. <\/span><\/p>\n","protected":false},"featured_media":973,"template":"","meta":{"_acf_changed":false,"inline_featured_image":false},"product_brand":[],"product_cat":[25,372],"product_tag":[4341,3920,3938,4481],"class_list":{"0":"post-974","1":"product","2":"type-product","3":"status-publish","4":"has-post-thumbnail","6":"product_cat-literatura","7":"product_cat-tradiciones-culturales","8":"product_tag-cultura","9":"product_tag-cultura-popular","10":"product_tag-literatura-mexicana","11":"product_tag-tradicion-y-costumbres","13":"first","14":"instock","15":"taxable","16":"shipping-taxable","17":"purchasable","18":"product-type-simple"},"acf":[],"yoast_head":"<!-- This site is optimized with the Yoast SEO plugin v27.3 - https:\/\/yoast.com\/product\/yoast-seo-wordpress\/ -->\n<title>Las calaveras literarias<\/title>\n<meta name=\"description\" content=\"LAS CALAVERAS LITERARIAS : EXPRESI\u00d3N POPULAR Y TRADICI\u00d3N PERIOD\u00cdSTICA. \/ Filiberto Ju\u00e1rez C\u00f3rdoba (author), Roque (illustrator). ISBN : 9786075350226.\" \/>\n<meta name=\"robots\" content=\"index, follow, max-snippet:-1, max-image-preview:large, max-video-preview:-1\" \/>\n<link rel=\"canonical\" href=\"https:\/\/booksfrommexico.com\/es\/producto\/las-calaveras-literarias-expresion-popular-y-tradicion-periodistica\/\" \/>\n<meta property=\"og:locale\" content=\"es_ES\" \/>\n<meta property=\"og:type\" content=\"article\" \/>\n<meta property=\"og:title\" content=\"Las calaveras literarias\" \/>\n<meta property=\"og:description\" content=\"LAS CALAVERAS LITERARIAS : EXPRESI\u00d3N POPULAR Y TRADICI\u00d3N PERIOD\u00cdSTICA. \/ Filiberto Ju\u00e1rez C\u00f3rdoba (author), Roque (illustrator). ISBN : 9786075350226.\" \/>\n<meta property=\"og:url\" content=\"https:\/\/booksfrommexico.com\/es\/producto\/las-calaveras-literarias-expresion-popular-y-tradicion-periodistica\/\" \/>\n<meta property=\"og:site_name\" content=\"Books From Mexico\" \/>\n<meta property=\"article:modified_time\" content=\"2024-10-08T22:40:24+00:00\" \/>\n<meta property=\"og:image\" content=\"http:\/\/booksfrommexico.com\/app\/uploads\/2023\/05\/183664.jpeg\" \/>\n\t<meta property=\"og:image:width\" content=\"405\" \/>\n\t<meta property=\"og:image:height\" content=\"625\" \/>\n\t<meta property=\"og:image:type\" content=\"image\/jpeg\" \/>\n<meta name=\"twitter:card\" content=\"summary_large_image\" \/>\n<meta name=\"twitter:label1\" content=\"Tiempo de lectura\" \/>\n\t<meta name=\"twitter:data1\" content=\"1 minuto\" \/>\n<script type=\"application\/ld+json\" class=\"yoast-schema-graph\">{\"@context\":\"https:\\\/\\\/schema.org\",\"@graph\":[{\"@type\":\"WebPage\",\"@id\":\"https:\\\/\\\/booksfrommexico.com\\\/es\\\/producto\\\/las-calaveras-literarias-expresion-popular-y-tradicion-periodistica\\\/\",\"url\":\"https:\\\/\\\/booksfrommexico.com\\\/es\\\/producto\\\/las-calaveras-literarias-expresion-popular-y-tradicion-periodistica\\\/\",\"name\":\"Las calaveras literarias\",\"isPartOf\":{\"@id\":\"https:\\\/\\\/booksfrommexico.com\\\/#website\"},\"primaryImageOfPage\":{\"@id\":\"https:\\\/\\\/booksfrommexico.com\\\/es\\\/producto\\\/las-calaveras-literarias-expresion-popular-y-tradicion-periodistica\\\/#primaryimage\"},\"image\":{\"@id\":\"https:\\\/\\\/booksfrommexico.com\\\/es\\\/producto\\\/las-calaveras-literarias-expresion-popular-y-tradicion-periodistica\\\/#primaryimage\"},\"thumbnailUrl\":\"https:\\\/\\\/booksfrommexico.com\\\/app\\\/uploads\\\/2023\\\/05\\\/183664.jpeg\",\"datePublished\":\"2023-05-08T17:09:15+00:00\",\"dateModified\":\"2024-10-08T22:40:24+00:00\",\"description\":\"LAS CALAVERAS LITERARIAS : EXPRESI\u00d3N POPULAR Y TRADICI\u00d3N PERIOD\u00cdSTICA. \\\/ Filiberto Ju\u00e1rez C\u00f3rdoba (author), Roque (illustrator). ISBN : 9786075350226.\",\"breadcrumb\":{\"@id\":\"https:\\\/\\\/booksfrommexico.com\\\/es\\\/producto\\\/las-calaveras-literarias-expresion-popular-y-tradicion-periodistica\\\/#breadcrumb\"},\"inLanguage\":\"es\",\"potentialAction\":[{\"@type\":\"ReadAction\",\"target\":[\"https:\\\/\\\/booksfrommexico.com\\\/es\\\/producto\\\/las-calaveras-literarias-expresion-popular-y-tradicion-periodistica\\\/\"]}]},{\"@type\":\"ImageObject\",\"inLanguage\":\"es\",\"@id\":\"https:\\\/\\\/booksfrommexico.com\\\/es\\\/producto\\\/las-calaveras-literarias-expresion-popular-y-tradicion-periodistica\\\/#primaryimage\",\"url\":\"https:\\\/\\\/booksfrommexico.com\\\/app\\\/uploads\\\/2023\\\/05\\\/183664.jpeg\",\"contentUrl\":\"https:\\\/\\\/booksfrommexico.com\\\/app\\\/uploads\\\/2023\\\/05\\\/183664.jpeg\",\"width\":405,\"height\":625,\"caption\":\"Las calaveras literarias. Expresi\u00f3n popular y tradici\u00f3n period\u00edstica Books From M\u00e9xico.\"},{\"@type\":\"BreadcrumbList\",\"@id\":\"https:\\\/\\\/booksfrommexico.com\\\/es\\\/producto\\\/las-calaveras-literarias-expresion-popular-y-tradicion-periodistica\\\/#breadcrumb\",\"itemListElement\":[{\"@type\":\"ListItem\",\"position\":1,\"name\":\"Home\",\"item\":\"https:\\\/\\\/booksfrommexico.com\\\/es\\\/\"},{\"@type\":\"ListItem\",\"position\":2,\"name\":\"Libros\",\"item\":\"https:\\\/\\\/booksfrommexico.com\\\/es\\\/libros\\\/\"},{\"@type\":\"ListItem\",\"position\":3,\"name\":\"Las calaveras literarias: Expresi\u00f3n popular y tradici\u00f3n period\u00edstica\"}]},{\"@type\":\"WebSite\",\"@id\":\"https:\\\/\\\/booksfrommexico.com\\\/#website\",\"url\":\"https:\\\/\\\/booksfrommexico.com\\\/\",\"name\":\"Books From Mexico\",\"description\":\"\",\"publisher\":{\"@id\":\"https:\\\/\\\/booksfrommexico.com\\\/#organization\"},\"potentialAction\":[{\"@type\":\"SearchAction\",\"target\":{\"@type\":\"EntryPoint\",\"urlTemplate\":\"https:\\\/\\\/booksfrommexico.com\\\/?s={search_term_string}\"},\"query-input\":{\"@type\":\"PropertyValueSpecification\",\"valueRequired\":true,\"valueName\":\"search_term_string\"}}],\"inLanguage\":\"es\"},{\"@type\":\"Organization\",\"@id\":\"https:\\\/\\\/booksfrommexico.com\\\/#organization\",\"name\":\"Books From Mexico\",\"url\":\"https:\\\/\\\/booksfrommexico.com\\\/\",\"logo\":{\"@type\":\"ImageObject\",\"inLanguage\":\"es\",\"@id\":\"https:\\\/\\\/booksfrommexico.com\\\/#\\\/schema\\\/logo\\\/image\\\/\",\"url\":\"https:\\\/\\\/booksfrommexico.com\\\/app\\\/uploads\\\/2023\\\/05\\\/logo-booksfrommexico.svg\",\"contentUrl\":\"https:\\\/\\\/booksfrommexico.com\\\/app\\\/uploads\\\/2023\\\/05\\\/logo-booksfrommexico.svg\",\"width\":86,\"height\":56,\"caption\":\"Books From Mexico\"},\"image\":{\"@id\":\"https:\\\/\\\/booksfrommexico.com\\\/#\\\/schema\\\/logo\\\/image\\\/\"}}]}<\/script>\n<!-- \/ Yoast SEO plugin. -->","yoast_head_json":{"title":"Las calaveras literarias","description":"LAS CALAVERAS LITERARIAS : EXPRESI\u00d3N POPULAR Y TRADICI\u00d3N PERIOD\u00cdSTICA. \/ Filiberto Ju\u00e1rez C\u00f3rdoba (author), Roque (illustrator). ISBN : 9786075350226.","robots":{"index":"index","follow":"follow","max-snippet":"max-snippet:-1","max-image-preview":"max-image-preview:large","max-video-preview":"max-video-preview:-1"},"canonical":"https:\/\/booksfrommexico.com\/es\/producto\/las-calaveras-literarias-expresion-popular-y-tradicion-periodistica\/","og_locale":"es_ES","og_type":"article","og_title":"Las calaveras literarias","og_description":"LAS CALAVERAS LITERARIAS : EXPRESI\u00d3N POPULAR Y TRADICI\u00d3N PERIOD\u00cdSTICA. \/ Filiberto Ju\u00e1rez C\u00f3rdoba (author), Roque (illustrator). ISBN : 9786075350226.","og_url":"https:\/\/booksfrommexico.com\/es\/producto\/las-calaveras-literarias-expresion-popular-y-tradicion-periodistica\/","og_site_name":"Books From Mexico","article_modified_time":"2024-10-08T22:40:24+00:00","og_image":[{"width":405,"height":625,"url":"http:\/\/booksfrommexico.com\/app\/uploads\/2023\/05\/183664.jpeg","type":"image\/jpeg"}],"twitter_card":"summary_large_image","twitter_misc":{"Tiempo de lectura":"1 minuto"},"schema":{"@context":"https:\/\/schema.org","@graph":[{"@type":"WebPage","@id":"https:\/\/booksfrommexico.com\/es\/producto\/las-calaveras-literarias-expresion-popular-y-tradicion-periodistica\/","url":"https:\/\/booksfrommexico.com\/es\/producto\/las-calaveras-literarias-expresion-popular-y-tradicion-periodistica\/","name":"Las calaveras literarias","isPartOf":{"@id":"https:\/\/booksfrommexico.com\/#website"},"primaryImageOfPage":{"@id":"https:\/\/booksfrommexico.com\/es\/producto\/las-calaveras-literarias-expresion-popular-y-tradicion-periodistica\/#primaryimage"},"image":{"@id":"https:\/\/booksfrommexico.com\/es\/producto\/las-calaveras-literarias-expresion-popular-y-tradicion-periodistica\/#primaryimage"},"thumbnailUrl":"https:\/\/booksfrommexico.com\/app\/uploads\/2023\/05\/183664.jpeg","datePublished":"2023-05-08T17:09:15+00:00","dateModified":"2024-10-08T22:40:24+00:00","description":"LAS CALAVERAS LITERARIAS : EXPRESI\u00d3N POPULAR Y TRADICI\u00d3N PERIOD\u00cdSTICA. \/ Filiberto Ju\u00e1rez C\u00f3rdoba (author), Roque (illustrator). ISBN : 9786075350226.","breadcrumb":{"@id":"https:\/\/booksfrommexico.com\/es\/producto\/las-calaveras-literarias-expresion-popular-y-tradicion-periodistica\/#breadcrumb"},"inLanguage":"es","potentialAction":[{"@type":"ReadAction","target":["https:\/\/booksfrommexico.com\/es\/producto\/las-calaveras-literarias-expresion-popular-y-tradicion-periodistica\/"]}]},{"@type":"ImageObject","inLanguage":"es","@id":"https:\/\/booksfrommexico.com\/es\/producto\/las-calaveras-literarias-expresion-popular-y-tradicion-periodistica\/#primaryimage","url":"https:\/\/booksfrommexico.com\/app\/uploads\/2023\/05\/183664.jpeg","contentUrl":"https:\/\/booksfrommexico.com\/app\/uploads\/2023\/05\/183664.jpeg","width":405,"height":625,"caption":"Las calaveras literarias. Expresi\u00f3n popular y tradici\u00f3n period\u00edstica Books From M\u00e9xico."},{"@type":"BreadcrumbList","@id":"https:\/\/booksfrommexico.com\/es\/producto\/las-calaveras-literarias-expresion-popular-y-tradicion-periodistica\/#breadcrumb","itemListElement":[{"@type":"ListItem","position":1,"name":"Home","item":"https:\/\/booksfrommexico.com\/es\/"},{"@type":"ListItem","position":2,"name":"Libros","item":"https:\/\/booksfrommexico.com\/es\/libros\/"},{"@type":"ListItem","position":3,"name":"Las calaveras literarias: Expresi\u00f3n popular y tradici\u00f3n period\u00edstica"}]},{"@type":"WebSite","@id":"https:\/\/booksfrommexico.com\/#website","url":"https:\/\/booksfrommexico.com\/","name":"Books From Mexico","description":"","publisher":{"@id":"https:\/\/booksfrommexico.com\/#organization"},"potentialAction":[{"@type":"SearchAction","target":{"@type":"EntryPoint","urlTemplate":"https:\/\/booksfrommexico.com\/?s={search_term_string}"},"query-input":{"@type":"PropertyValueSpecification","valueRequired":true,"valueName":"search_term_string"}}],"inLanguage":"es"},{"@type":"Organization","@id":"https:\/\/booksfrommexico.com\/#organization","name":"Books From Mexico","url":"https:\/\/booksfrommexico.com\/","logo":{"@type":"ImageObject","inLanguage":"es","@id":"https:\/\/booksfrommexico.com\/#\/schema\/logo\/image\/","url":"https:\/\/booksfrommexico.com\/app\/uploads\/2023\/05\/logo-booksfrommexico.svg","contentUrl":"https:\/\/booksfrommexico.com\/app\/uploads\/2023\/05\/logo-booksfrommexico.svg","width":86,"height":56,"caption":"Books From Mexico"},"image":{"@id":"https:\/\/booksfrommexico.com\/#\/schema\/logo\/image\/"}}]}},"_links":{"self":[{"href":"https:\/\/booksfrommexico.com\/es\/wp-json\/wp\/v2\/product\/974","targetHints":{"allow":["GET"]}}],"collection":[{"href":"https:\/\/booksfrommexico.com\/es\/wp-json\/wp\/v2\/product"}],"about":[{"href":"https:\/\/booksfrommexico.com\/es\/wp-json\/wp\/v2\/types\/product"}],"wp:featuredmedia":[{"embeddable":true,"href":"https:\/\/booksfrommexico.com\/es\/wp-json\/wp\/v2\/media\/973"}],"wp:attachment":[{"href":"https:\/\/booksfrommexico.com\/es\/wp-json\/wp\/v2\/media?parent=974"}],"wp:term":[{"taxonomy":"product_brand","embeddable":true,"href":"https:\/\/booksfrommexico.com\/es\/wp-json\/wp\/v2\/product_brand?post=974"},{"taxonomy":"product_cat","embeddable":true,"href":"https:\/\/booksfrommexico.com\/es\/wp-json\/wp\/v2\/product_cat?post=974"},{"taxonomy":"product_tag","embeddable":true,"href":"https:\/\/booksfrommexico.com\/es\/wp-json\/wp\/v2\/product_tag?post=974"}],"curies":[{"name":"wp","href":"https:\/\/api.w.org\/{rel}","templated":true}]}}