{"id":978,"date":"2023-05-08T17:09:18","date_gmt":"2023-05-08T17:09:18","guid":{"rendered":"http:\/\/booksfrommexico.com\/product\/programa-de-fotografia-contempranea-2011-pfc\/"},"modified":"2024-04-29T22:28:54","modified_gmt":"2024-04-29T22:28:54","slug":"programa-de-fotografia-contempranea-2011-pfc","status":"publish","type":"product","link":"https:\/\/booksfrommexico.com\/es\/producto\/programa-de-fotografia-contempranea-2011-pfc\/","title":{"rendered":"Programa de fotograf\u00eda contempor\u00e1nea 2011"},"content":{"rendered":"<p><span style=\"font-weight: 400;\">Teniendo como invitados a especialistas de distintas \u00e1reas como la historia, cr\u00edtica, curadur\u00eda y producci\u00f3n, para apoyar a los fot\u00f3grafos en las primeras etapas de su desarrollo profesional, la Fototeca de Nuevo Le\u00f3n del Centro de las Artes, inici\u00f3 en 2011 el Programa de Fotograf\u00eda Contempor\u00e1nea. Este cat\u00e1logo contiene la exposici\u00f3n de resultados mostrada en el mes de noviembre de 2011, como muestra representativa de los proyectos generados en los talleres. En su primera generaci\u00f3n se encontraron personalidades tan diversas entre ellos, como su visi\u00f3n art\u00edstica, desarrollando proyectos en los que la complejidad de propuestas lleg\u00f3 a traspasar el \u00e1mbito \u00fanicamente fotogr\u00e1fico.\u00a0<\/span><\/p>\n<p><br style=\"font-weight: 400;\" \/><br style=\"font-weight: 400;\" \/><\/p>\n","protected":false},"excerpt":{"rendered":"<p>PROGRAMA DE FOTOGRAF\u00cdA CONTEMPOR\u00c1NEA 2011<span style=\"font-weight: 400;\">. \/ Monterrey, Nuevo Le\u00f3n, M\u00e9xico : Consejo para la Cultura y las Artes de Nuevo Le\u00f3n, 2011. 119 pages : includes color photos, semblances ; 23 cm. (Serie Memoria del Futuro ; Artes Visuales). ISBN : 9786077903727.<\/span><\/p>\n","protected":false},"featured_media":977,"template":"","meta":{"_acf_changed":false,"inline_featured_image":false},"product_brand":[],"product_cat":[400,165],"product_tag":[3671,4043],"class_list":{"0":"post-978","1":"product","2":"type-product","3":"status-publish","4":"has-post-thumbnail","6":"product_cat-catalogos-de-exposiciones-arte","7":"product_cat-fotografia-arte","8":"product_tag-exposiciones","9":"product_tag-fotografia","11":"first","12":"instock","13":"taxable","14":"shipping-taxable","15":"purchasable","16":"product-type-simple"},"acf":[],"yoast_head":"<!-- This site is optimized with the Yoast SEO plugin v27.4 - https:\/\/yoast.com\/product\/yoast-seo-wordpress\/ -->\n<title>Programa de fotograf\u00eda contempor\u00e1nea 2011<\/title>\n<meta name=\"description\" content=\"PROGRAMA DE FOTOGRAF\u00cdA CONTEMPOR\u00c1NEA 2011. \/ Monterrey, Nuevo Le\u00f3n, M\u00e9xico : Consejo para la Cultura y las Artes de Nuevo Le\u00f3n, 2011.\" \/>\n<meta name=\"robots\" content=\"index, follow, max-snippet:-1, max-image-preview:large, max-video-preview:-1\" \/>\n<link rel=\"canonical\" href=\"https:\/\/booksfrommexico.com\/es\/producto\/programa-de-fotografia-contempranea-2011-pfc\/\" \/>\n<meta property=\"og:locale\" content=\"es_ES\" \/>\n<meta property=\"og:type\" content=\"article\" \/>\n<meta property=\"og:title\" content=\"Programa de fotograf\u00eda contempor\u00e1nea 2011\" \/>\n<meta property=\"og:description\" content=\"PROGRAMA DE FOTOGRAF\u00cdA CONTEMPOR\u00c1NEA 2011. \/ Monterrey, Nuevo Le\u00f3n, M\u00e9xico : Consejo para la Cultura y las Artes de Nuevo Le\u00f3n, 2011.\" \/>\n<meta property=\"og:url\" content=\"https:\/\/booksfrommexico.com\/es\/producto\/programa-de-fotografia-contempranea-2011-pfc\/\" \/>\n<meta property=\"og:site_name\" content=\"Books From Mexico\" \/>\n<meta property=\"article:modified_time\" content=\"2024-04-29T22:28:54+00:00\" \/>\n<meta property=\"og:image\" content=\"http:\/\/booksfrommexico.com\/app\/uploads\/2023\/05\/164727.jpeg\" \/>\n\t<meta property=\"og:image:width\" content=\"625\" \/>\n\t<meta property=\"og:image:height\" content=\"646\" \/>\n\t<meta property=\"og:image:type\" content=\"image\/jpeg\" \/>\n<meta name=\"twitter:card\" content=\"summary_large_image\" \/>\n<meta name=\"twitter:label1\" content=\"Tiempo de lectura\" \/>\n\t<meta name=\"twitter:data1\" content=\"1 minuto\" \/>\n<script type=\"application\/ld+json\" class=\"yoast-schema-graph\">{\"@context\":\"https:\\\/\\\/schema.org\",\"@graph\":[{\"@type\":\"WebPage\",\"@id\":\"https:\\\/\\\/booksfrommexico.com\\\/es\\\/producto\\\/programa-de-fotografia-contempranea-2011-pfc\\\/\",\"url\":\"https:\\\/\\\/booksfrommexico.com\\\/es\\\/producto\\\/programa-de-fotografia-contempranea-2011-pfc\\\/\",\"name\":\"Programa de fotograf\u00eda contempor\u00e1nea 2011\",\"isPartOf\":{\"@id\":\"https:\\\/\\\/booksfrommexico.com\\\/#website\"},\"primaryImageOfPage\":{\"@id\":\"https:\\\/\\\/booksfrommexico.com\\\/es\\\/producto\\\/programa-de-fotografia-contempranea-2011-pfc\\\/#primaryimage\"},\"image\":{\"@id\":\"https:\\\/\\\/booksfrommexico.com\\\/es\\\/producto\\\/programa-de-fotografia-contempranea-2011-pfc\\\/#primaryimage\"},\"thumbnailUrl\":\"https:\\\/\\\/booksfrommexico.com\\\/app\\\/uploads\\\/2023\\\/05\\\/164727.jpeg\",\"datePublished\":\"2023-05-08T17:09:18+00:00\",\"dateModified\":\"2024-04-29T22:28:54+00:00\",\"description\":\"PROGRAMA DE FOTOGRAF\u00cdA CONTEMPOR\u00c1NEA 2011. \\\/ Monterrey, Nuevo Le\u00f3n, M\u00e9xico : Consejo para la Cultura y las Artes de Nuevo Le\u00f3n, 2011.\",\"breadcrumb\":{\"@id\":\"https:\\\/\\\/booksfrommexico.com\\\/es\\\/producto\\\/programa-de-fotografia-contempranea-2011-pfc\\\/#breadcrumb\"},\"inLanguage\":\"es\",\"potentialAction\":[{\"@type\":\"ReadAction\",\"target\":[\"https:\\\/\\\/booksfrommexico.com\\\/es\\\/producto\\\/programa-de-fotografia-contempranea-2011-pfc\\\/\"]}]},{\"@type\":\"ImageObject\",\"inLanguage\":\"es\",\"@id\":\"https:\\\/\\\/booksfrommexico.com\\\/es\\\/producto\\\/programa-de-fotografia-contempranea-2011-pfc\\\/#primaryimage\",\"url\":\"https:\\\/\\\/booksfrommexico.com\\\/app\\\/uploads\\\/2023\\\/05\\\/164727.jpeg\",\"contentUrl\":\"https:\\\/\\\/booksfrommexico.com\\\/app\\\/uploads\\\/2023\\\/05\\\/164727.jpeg\",\"width\":625,\"height\":646,\"caption\":\"Programa de fotograf\u00eda contempor\u00e1nea 2011 PFC. Monterrey\"},{\"@type\":\"BreadcrumbList\",\"@id\":\"https:\\\/\\\/booksfrommexico.com\\\/es\\\/producto\\\/programa-de-fotografia-contempranea-2011-pfc\\\/#breadcrumb\",\"itemListElement\":[{\"@type\":\"ListItem\",\"position\":1,\"name\":\"Home\",\"item\":\"https:\\\/\\\/booksfrommexico.com\\\/es\\\/\"},{\"@type\":\"ListItem\",\"position\":2,\"name\":\"Libros\",\"item\":\"https:\\\/\\\/booksfrommexico.com\\\/es\\\/libros\\\/\"},{\"@type\":\"ListItem\",\"position\":3,\"name\":\"Programa de fotograf\u00eda contempor\u00e1nea 2011\"}]},{\"@type\":\"WebSite\",\"@id\":\"https:\\\/\\\/booksfrommexico.com\\\/#website\",\"url\":\"https:\\\/\\\/booksfrommexico.com\\\/\",\"name\":\"Books From Mexico\",\"description\":\"\",\"publisher\":{\"@id\":\"https:\\\/\\\/booksfrommexico.com\\\/#organization\"},\"potentialAction\":[{\"@type\":\"SearchAction\",\"target\":{\"@type\":\"EntryPoint\",\"urlTemplate\":\"https:\\\/\\\/booksfrommexico.com\\\/?s={search_term_string}\"},\"query-input\":{\"@type\":\"PropertyValueSpecification\",\"valueRequired\":true,\"valueName\":\"search_term_string\"}}],\"inLanguage\":\"es\"},{\"@type\":\"Organization\",\"@id\":\"https:\\\/\\\/booksfrommexico.com\\\/#organization\",\"name\":\"Books From Mexico\",\"url\":\"https:\\\/\\\/booksfrommexico.com\\\/\",\"logo\":{\"@type\":\"ImageObject\",\"inLanguage\":\"es\",\"@id\":\"https:\\\/\\\/booksfrommexico.com\\\/#\\\/schema\\\/logo\\\/image\\\/\",\"url\":\"https:\\\/\\\/booksfrommexico.com\\\/app\\\/uploads\\\/2023\\\/05\\\/logo-booksfrommexico.svg\",\"contentUrl\":\"https:\\\/\\\/booksfrommexico.com\\\/app\\\/uploads\\\/2023\\\/05\\\/logo-booksfrommexico.svg\",\"width\":86,\"height\":56,\"caption\":\"Books From Mexico\"},\"image\":{\"@id\":\"https:\\\/\\\/booksfrommexico.com\\\/#\\\/schema\\\/logo\\\/image\\\/\"}}]}<\/script>\n<!-- \/ Yoast SEO plugin. -->","yoast_head_json":{"title":"Programa de fotograf\u00eda contempor\u00e1nea 2011","description":"PROGRAMA DE FOTOGRAF\u00cdA CONTEMPOR\u00c1NEA 2011. \/ Monterrey, Nuevo Le\u00f3n, M\u00e9xico : Consejo para la Cultura y las Artes de Nuevo Le\u00f3n, 2011.","robots":{"index":"index","follow":"follow","max-snippet":"max-snippet:-1","max-image-preview":"max-image-preview:large","max-video-preview":"max-video-preview:-1"},"canonical":"https:\/\/booksfrommexico.com\/es\/producto\/programa-de-fotografia-contempranea-2011-pfc\/","og_locale":"es_ES","og_type":"article","og_title":"Programa de fotograf\u00eda contempor\u00e1nea 2011","og_description":"PROGRAMA DE FOTOGRAF\u00cdA CONTEMPOR\u00c1NEA 2011. \/ Monterrey, Nuevo Le\u00f3n, M\u00e9xico : Consejo para la Cultura y las Artes de Nuevo Le\u00f3n, 2011.","og_url":"https:\/\/booksfrommexico.com\/es\/producto\/programa-de-fotografia-contempranea-2011-pfc\/","og_site_name":"Books From Mexico","article_modified_time":"2024-04-29T22:28:54+00:00","og_image":[{"width":625,"height":646,"url":"http:\/\/booksfrommexico.com\/app\/uploads\/2023\/05\/164727.jpeg","type":"image\/jpeg"}],"twitter_card":"summary_large_image","twitter_misc":{"Tiempo de lectura":"1 minuto"},"schema":{"@context":"https:\/\/schema.org","@graph":[{"@type":"WebPage","@id":"https:\/\/booksfrommexico.com\/es\/producto\/programa-de-fotografia-contempranea-2011-pfc\/","url":"https:\/\/booksfrommexico.com\/es\/producto\/programa-de-fotografia-contempranea-2011-pfc\/","name":"Programa de fotograf\u00eda contempor\u00e1nea 2011","isPartOf":{"@id":"https:\/\/booksfrommexico.com\/#website"},"primaryImageOfPage":{"@id":"https:\/\/booksfrommexico.com\/es\/producto\/programa-de-fotografia-contempranea-2011-pfc\/#primaryimage"},"image":{"@id":"https:\/\/booksfrommexico.com\/es\/producto\/programa-de-fotografia-contempranea-2011-pfc\/#primaryimage"},"thumbnailUrl":"https:\/\/booksfrommexico.com\/app\/uploads\/2023\/05\/164727.jpeg","datePublished":"2023-05-08T17:09:18+00:00","dateModified":"2024-04-29T22:28:54+00:00","description":"PROGRAMA DE FOTOGRAF\u00cdA CONTEMPOR\u00c1NEA 2011. \/ Monterrey, Nuevo Le\u00f3n, M\u00e9xico : Consejo para la Cultura y las Artes de Nuevo Le\u00f3n, 2011.","breadcrumb":{"@id":"https:\/\/booksfrommexico.com\/es\/producto\/programa-de-fotografia-contempranea-2011-pfc\/#breadcrumb"},"inLanguage":"es","potentialAction":[{"@type":"ReadAction","target":["https:\/\/booksfrommexico.com\/es\/producto\/programa-de-fotografia-contempranea-2011-pfc\/"]}]},{"@type":"ImageObject","inLanguage":"es","@id":"https:\/\/booksfrommexico.com\/es\/producto\/programa-de-fotografia-contempranea-2011-pfc\/#primaryimage","url":"https:\/\/booksfrommexico.com\/app\/uploads\/2023\/05\/164727.jpeg","contentUrl":"https:\/\/booksfrommexico.com\/app\/uploads\/2023\/05\/164727.jpeg","width":625,"height":646,"caption":"Programa de fotograf\u00eda contempor\u00e1nea 2011 PFC. Monterrey"},{"@type":"BreadcrumbList","@id":"https:\/\/booksfrommexico.com\/es\/producto\/programa-de-fotografia-contempranea-2011-pfc\/#breadcrumb","itemListElement":[{"@type":"ListItem","position":1,"name":"Home","item":"https:\/\/booksfrommexico.com\/es\/"},{"@type":"ListItem","position":2,"name":"Libros","item":"https:\/\/booksfrommexico.com\/es\/libros\/"},{"@type":"ListItem","position":3,"name":"Programa de fotograf\u00eda contempor\u00e1nea 2011"}]},{"@type":"WebSite","@id":"https:\/\/booksfrommexico.com\/#website","url":"https:\/\/booksfrommexico.com\/","name":"Books From Mexico","description":"","publisher":{"@id":"https:\/\/booksfrommexico.com\/#organization"},"potentialAction":[{"@type":"SearchAction","target":{"@type":"EntryPoint","urlTemplate":"https:\/\/booksfrommexico.com\/?s={search_term_string}"},"query-input":{"@type":"PropertyValueSpecification","valueRequired":true,"valueName":"search_term_string"}}],"inLanguage":"es"},{"@type":"Organization","@id":"https:\/\/booksfrommexico.com\/#organization","name":"Books From Mexico","url":"https:\/\/booksfrommexico.com\/","logo":{"@type":"ImageObject","inLanguage":"es","@id":"https:\/\/booksfrommexico.com\/#\/schema\/logo\/image\/","url":"https:\/\/booksfrommexico.com\/app\/uploads\/2023\/05\/logo-booksfrommexico.svg","contentUrl":"https:\/\/booksfrommexico.com\/app\/uploads\/2023\/05\/logo-booksfrommexico.svg","width":86,"height":56,"caption":"Books From Mexico"},"image":{"@id":"https:\/\/booksfrommexico.com\/#\/schema\/logo\/image\/"}}]}},"_links":{"self":[{"href":"https:\/\/booksfrommexico.com\/es\/wp-json\/wp\/v2\/product\/978","targetHints":{"allow":["GET"]}}],"collection":[{"href":"https:\/\/booksfrommexico.com\/es\/wp-json\/wp\/v2\/product"}],"about":[{"href":"https:\/\/booksfrommexico.com\/es\/wp-json\/wp\/v2\/types\/product"}],"wp:featuredmedia":[{"embeddable":true,"href":"https:\/\/booksfrommexico.com\/es\/wp-json\/wp\/v2\/media\/977"}],"wp:attachment":[{"href":"https:\/\/booksfrommexico.com\/es\/wp-json\/wp\/v2\/media?parent=978"}],"wp:term":[{"taxonomy":"product_brand","embeddable":true,"href":"https:\/\/booksfrommexico.com\/es\/wp-json\/wp\/v2\/product_brand?post=978"},{"taxonomy":"product_cat","embeddable":true,"href":"https:\/\/booksfrommexico.com\/es\/wp-json\/wp\/v2\/product_cat?post=978"},{"taxonomy":"product_tag","embeddable":true,"href":"https:\/\/booksfrommexico.com\/es\/wp-json\/wp\/v2\/product_tag?post=978"}],"curies":[{"name":"wp","href":"https:\/\/api.w.org\/{rel}","templated":true}]}}